 
{"id":121538,"date":"2024-04-19T12:00:18","date_gmt":"2024-04-19T12:00:18","guid":{"rendered":"https:\/\/www.icscoolenergy.com\/fr\/non%20class\u00e9\/spot-cooler-8-2\/"},"modified":"2024-06-05T20:49:19","modified_gmt":"2024-06-05T20:49:19","slug":"spot-cooler-8-2","status":"publish","type":"product","link":"https:\/\/www.icscoolenergy.com\/fr\/spot-cooler-8-2\/","title":{"rendered":"Spot Cooler 8.2"},"content":{"rendered":"<p>Le Spot Cooler 8.2 (28 000 Btu\/hr) est un appareil autonome qui permet de diriger l&rsquo;air froid vers des zones sp\u00e9cifiques gr\u00e2ce \u00e0 ces conduits d&rsquo;air r\u00e9glables (6&Prime;\/150mm) situ\u00e9s \u00e0 l&rsquo;avant de l&rsquo;appareil.<\/p>\n<p>Ce refroidisseur ponctuel \u00e0 ventilateur unique avec un grand volume de mouvement d&rsquo;air de 1 500 m3\/h est id\u00e9al pour refroidir les salles de serveurs, les zones de production et les lieux de travail.<\/p>\n<p>L&rsquo;unit\u00e9 Spot Cooler 8.2 a \u00e9t\u00e9 con\u00e7ue pour une installation et une mise en service rapides. L&rsquo;unit\u00e9 fonctionne \u00e0 partir d&rsquo;une alimentation monophas\u00e9e standard de 13 amp\u00e8res et dispose d&rsquo;un seul tuyau de rejet de chaleur de 8 pouces, ainsi que d&rsquo;un r\u00e9servoir de condensats de 12 litres.<\/p>\n","protected":false},"excerpt":{"rendered":"<p>Le Spot Cooler 8.2 (28 000 Btu\/hr) est un appareil autonome qui permet de diriger l&rsquo;air froid vers des zones sp\u00e9cifiques gr\u00e2ce \u00e0 ces conduits d&rsquo;air r\u00e9glables (6&Prime;\/150mm) situ\u00e9s \u00e0 l&rsquo;avant de l&rsquo;appareil. Ce refroidisseur ponctuel \u00e0 ventilateur unique avec un grand volume de mouvement d&rsquo;air de 1 500 m3\/h est id\u00e9al pour refroidir les &#8230; <a title=\"Spot Cooler 8.2\" class=\"read-more\" href=\"https:\/\/www.icscoolenergy.com\/fr\/spot-cooler-8-2\/\" aria-label=\"En savoir plus sur Spot Cooler 8.2\">Lire la suite<\/a><\/p>\n","protected":false},"featured_media":106616,"comment_status":"closed","ping_status":"closed","template":"","meta":{"_acf_changed":false,"inline_featured_image":false,"_editorskit_title_hidden":false,"_editorskit_reading_time":0,"_editorskit_is_block_options_detached":false,"_editorskit_block_options_position":"{}","editor_plus_copied_stylings":"{}"},"product_brand":[],"product_cat":[1097,1092,1091],"product_tag":[],"class_list":{"0":"post-121538","1":"product","2":"type-product","3":"status-publish","4":"has-post-thumbnail","6":"product_cat-location-dun-systeme-de-refroidissement-ponctuel","7":"product_cat-location-de-climatiseurs","8":"product_cat-matiere-de-climatisation","10":"first","11":"instock","12":"shipping-taxable","13":"product-type-simple"},"acf":[],"yoast_head":"<!-- This site is optimized with the Yoast SEO Premium plugin v24.5 (Yoast SEO v26.9) - https:\/\/yoast.com\/product\/yoast-seo-premium-wordpress\/ -->\n<title>Spot Cooler 8.2 - French<\/title>\n<meta name=\"robots\" content=\"index, follow, max-snippet:-1, max-image-preview:large, max-video-preview:-1\" \/>\n<link rel=\"canonical\" href=\"https:\/\/www.icscoolenergy.com\/fr\/spot-cooler-8-2\/\" \/>\n<meta property=\"og:locale\" content=\"fr_FR\" \/>\n<meta property=\"og:type\" content=\"article\" \/>\n<meta property=\"og:title\" content=\"Spot Cooler 8.2\" \/>\n<meta property=\"og:description\" content=\"Le Spot Cooler 8.2 (28 000 Btu\/hr) est un appareil autonome qui permet de diriger l&rsquo;air froid vers des zones sp\u00e9cifiques gr\u00e2ce \u00e0 ces conduits d&rsquo;air r\u00e9glables (6&Prime;\/150mm) situ\u00e9s \u00e0 l&rsquo;avant de l&rsquo;appareil. Ce refroidisseur ponctuel \u00e0 ventilateur unique avec un grand volume de mouvement d&rsquo;air de 1 500 m3\/h est id\u00e9al pour refroidir les ... Lire la suite\" \/>\n<meta property=\"og:url\" content=\"https:\/\/www.icscoolenergy.com\/fr\/spot-cooler-8-2\/\" \/>\n<meta property=\"og:site_name\" content=\"French\" \/>\n<meta property=\"article:modified_time\" content=\"2024-06-05T20:49:19+00:00\" \/>\n<meta property=\"og:image\" content=\"https:\/\/www.icscoolenergy.com\/wp-content\/uploads\/sites\/2\/2024\/04\/Spot-Cooler-8.2.png\" \/>\n\t<meta property=\"og:image:width\" content=\"560\" \/>\n\t<meta property=\"og:image:height\" content=\"420\" \/>\n\t<meta property=\"og:image:type\" content=\"image\/png\" \/>\n<meta name=\"twitter:card\" content=\"summary_large_image\" \/>\n<meta name=\"twitter:label1\" content=\"Est. reading time\" \/>\n\t<meta name=\"twitter:data1\" content=\"1 minute\" \/>\n<script type=\"application\/ld+json\" class=\"yoast-schema-graph\">{\"@context\":\"https:\/\/schema.org\",\"@graph\":[{\"@type\":\"WebPage\",\"@id\":\"https:\/\/www.icscoolenergy.com\/fr\/spot-cooler-8-2\/\",\"url\":\"https:\/\/www.icscoolenergy.com\/fr\/spot-cooler-8-2\/\",\"name\":\"Spot Cooler 8.2 - French\",\"isPartOf\":{\"@id\":\"https:\/\/www.icscoolenergy.com\/fr\/#website\"},\"primaryImageOfPage\":{\"@id\":\"https:\/\/www.icscoolenergy.com\/fr\/spot-cooler-8-2\/#primaryimage\"},\"image\":{\"@id\":\"https:\/\/www.icscoolenergy.com\/fr\/spot-cooler-8-2\/#primaryimage\"},\"thumbnailUrl\":\"https:\/\/www.icscoolenergy.com\/wp-content\/uploads\/sites\/2\/2024\/04\/Spot-Cooler-8.2.png\",\"datePublished\":\"2024-04-19T12:00:18+00:00\",\"dateModified\":\"2024-06-05T20:49:19+00:00\",\"breadcrumb\":{\"@id\":\"https:\/\/www.icscoolenergy.com\/fr\/spot-cooler-8-2\/#breadcrumb\"},\"inLanguage\":\"fr-FR\",\"potentialAction\":[{\"@type\":\"ReadAction\",\"target\":[\"https:\/\/www.icscoolenergy.com\/fr\/spot-cooler-8-2\/\"]}]},{\"@type\":\"ImageObject\",\"inLanguage\":\"fr-FR\",\"@id\":\"https:\/\/www.icscoolenergy.com\/fr\/spot-cooler-8-2\/#primaryimage\",\"url\":\"https:\/\/www.icscoolenergy.com\/wp-content\/uploads\/sites\/2\/2024\/04\/Spot-Cooler-8.2.png\",\"contentUrl\":\"https:\/\/www.icscoolenergy.com\/wp-content\/uploads\/sites\/2\/2024\/04\/Spot-Cooler-8.2.png\",\"width\":560,\"height\":420,\"caption\":\"Spot Cooler 8.2\"},{\"@type\":\"BreadcrumbList\",\"@id\":\"https:\/\/www.icscoolenergy.com\/fr\/spot-cooler-8-2\/#breadcrumb\",\"itemListElement\":[{\"@type\":\"ListItem\",\"position\":1,\"name\":\"Home\",\"item\":\"https:\/\/www.icscoolenergy.com\/fr\/\"},{\"@type\":\"ListItem\",\"position\":2,\"name\":\"Boutique\",\"item\":\"https:\/\/www.icscoolenergy.com\/fr\/boutique\/\"},{\"@type\":\"ListItem\",\"position\":3,\"name\":\"Spot Cooler 8.2\"}]},{\"@type\":\"WebSite\",\"@id\":\"https:\/\/www.icscoolenergy.com\/fr\/#website\",\"url\":\"https:\/\/www.icscoolenergy.com\/fr\/\",\"name\":\"ICS Cool Energy\",\"description\":\"The Process Temperature Control Specialists\",\"publisher\":{\"@id\":\"https:\/\/www.icscoolenergy.com\/fr\/#organization\"},\"potentialAction\":[{\"@type\":\"SearchAction\",\"target\":{\"@type\":\"EntryPoint\",\"urlTemplate\":\"https:\/\/www.icscoolenergy.com\/fr\/?s={search_term_string}\"},\"query-input\":{\"@type\":\"PropertyValueSpecification\",\"valueRequired\":true,\"valueName\":\"search_term_string\"}}],\"inLanguage\":\"fr-FR\"},{\"@type\":\"Organization\",\"@id\":\"https:\/\/www.icscoolenergy.com\/fr\/#organization\",\"name\":\"ICS Cool Energy\",\"url\":\"https:\/\/www.icscoolenergy.com\/fr\/\",\"logo\":{\"@type\":\"ImageObject\",\"inLanguage\":\"fr-FR\",\"@id\":\"https:\/\/www.icscoolenergy.com\/fr\/#\/schema\/logo\/image\/\",\"url\":\"https:\/\/www.icscoolenergy.com\/wp-content\/uploads\/sites\/2\/2024\/01\/ics-cool-energy-logo.svg\",\"contentUrl\":\"https:\/\/www.icscoolenergy.com\/wp-content\/uploads\/sites\/2\/2024\/01\/ics-cool-energy-logo.svg\",\"caption\":\"ICS Cool Energy\"},\"image\":{\"@id\":\"https:\/\/www.icscoolenergy.com\/fr\/#\/schema\/logo\/image\/\"}}]}<\/script>\n<!-- \/ Yoast SEO Premium plugin. -->","yoast_head_json":{"title":"Spot Cooler 8.2 - French","robots":{"index":"index","follow":"follow","max-snippet":"max-snippet:-1","max-image-preview":"max-image-preview:large","max-video-preview":"max-video-preview:-1"},"canonical":"https:\/\/www.icscoolenergy.com\/fr\/spot-cooler-8-2\/","og_locale":"fr_FR","og_type":"article","og_title":"Spot Cooler 8.2","og_description":"Le Spot Cooler 8.2 (28 000 Btu\/hr) est un appareil autonome qui permet de diriger l&rsquo;air froid vers des zones sp\u00e9cifiques gr\u00e2ce \u00e0 ces conduits d&rsquo;air r\u00e9glables (6&Prime;\/150mm) situ\u00e9s \u00e0 l&rsquo;avant de l&rsquo;appareil. Ce refroidisseur ponctuel \u00e0 ventilateur unique avec un grand volume de mouvement d&rsquo;air de 1 500 m3\/h est id\u00e9al pour refroidir les ... Lire la suite","og_url":"https:\/\/www.icscoolenergy.com\/fr\/spot-cooler-8-2\/","og_site_name":"French","article_modified_time":"2024-06-05T20:49:19+00:00","og_image":[{"width":560,"height":420,"url":"https:\/\/www.icscoolenergy.com\/wp-content\/uploads\/sites\/2\/2024\/04\/Spot-Cooler-8.2.png","type":"image\/png"}],"twitter_card":"summary_large_image","twitter_misc":{"Est. reading time":"1 minute"},"schema":{"@context":"https:\/\/schema.org","@graph":[{"@type":"WebPage","@id":"https:\/\/www.icscoolenergy.com\/fr\/spot-cooler-8-2\/","url":"https:\/\/www.icscoolenergy.com\/fr\/spot-cooler-8-2\/","name":"Spot Cooler 8.2 - French","isPartOf":{"@id":"https:\/\/www.icscoolenergy.com\/fr\/#website"},"primaryImageOfPage":{"@id":"https:\/\/www.icscoolenergy.com\/fr\/spot-cooler-8-2\/#primaryimage"},"image":{"@id":"https:\/\/www.icscoolenergy.com\/fr\/spot-cooler-8-2\/#primaryimage"},"thumbnailUrl":"https:\/\/www.icscoolenergy.com\/wp-content\/uploads\/sites\/2\/2024\/04\/Spot-Cooler-8.2.png","datePublished":"2024-04-19T12:00:18+00:00","dateModified":"2024-06-05T20:49:19+00:00","breadcrumb":{"@id":"https:\/\/www.icscoolenergy.com\/fr\/spot-cooler-8-2\/#breadcrumb"},"inLanguage":"fr-FR","potentialAction":[{"@type":"ReadAction","target":["https:\/\/www.icscoolenergy.com\/fr\/spot-cooler-8-2\/"]}]},{"@type":"ImageObject","inLanguage":"fr-FR","@id":"https:\/\/www.icscoolenergy.com\/fr\/spot-cooler-8-2\/#primaryimage","url":"https:\/\/www.icscoolenergy.com\/wp-content\/uploads\/sites\/2\/2024\/04\/Spot-Cooler-8.2.png","contentUrl":"https:\/\/www.icscoolenergy.com\/wp-content\/uploads\/sites\/2\/2024\/04\/Spot-Cooler-8.2.png","width":560,"height":420,"caption":"Spot Cooler 8.2"},{"@type":"BreadcrumbList","@id":"https:\/\/www.icscoolenergy.com\/fr\/spot-cooler-8-2\/#breadcrumb","itemListElement":[{"@type":"ListItem","position":1,"name":"Home","item":"https:\/\/www.icscoolenergy.com\/fr\/"},{"@type":"ListItem","position":2,"name":"Boutique","item":"https:\/\/www.icscoolenergy.com\/fr\/boutique\/"},{"@type":"ListItem","position":3,"name":"Spot Cooler 8.2"}]},{"@type":"WebSite","@id":"https:\/\/www.icscoolenergy.com\/fr\/#website","url":"https:\/\/www.icscoolenergy.com\/fr\/","name":"ICS Cool Energy","description":"The Process Temperature Control Specialists","publisher":{"@id":"https:\/\/www.icscoolenergy.com\/fr\/#organization"},"potentialAction":[{"@type":"SearchAction","target":{"@type":"EntryPoint","urlTemplate":"https:\/\/www.icscoolenergy.com\/fr\/?s={search_term_string}"},"query-input":{"@type":"PropertyValueSpecification","valueRequired":true,"valueName":"search_term_string"}}],"inLanguage":"fr-FR"},{"@type":"Organization","@id":"https:\/\/www.icscoolenergy.com\/fr\/#organization","name":"ICS Cool Energy","url":"https:\/\/www.icscoolenergy.com\/fr\/","logo":{"@type":"ImageObject","inLanguage":"fr-FR","@id":"https:\/\/www.icscoolenergy.com\/fr\/#\/schema\/logo\/image\/","url":"https:\/\/www.icscoolenergy.com\/wp-content\/uploads\/sites\/2\/2024\/01\/ics-cool-energy-logo.svg","contentUrl":"https:\/\/www.icscoolenergy.com\/wp-content\/uploads\/sites\/2\/2024\/01\/ics-cool-energy-logo.svg","caption":"ICS Cool Energy"},"image":{"@id":"https:\/\/www.icscoolenergy.com\/fr\/#\/schema\/logo\/image\/"}}]}},"_links":{"self":[{"href":"https:\/\/www.icscoolenergy.com\/fr\/wp-json\/wp\/v2\/product\/121538","targetHints":{"allow":["GET"]}}],"collection":[{"href":"https:\/\/www.icscoolenergy.com\/fr\/wp-json\/wp\/v2\/product"}],"about":[{"href":"https:\/\/www.icscoolenergy.com\/fr\/wp-json\/wp\/v2\/types\/product"}],"replies":[{"embeddable":true,"href":"https:\/\/www.icscoolenergy.com\/fr\/wp-json\/wp\/v2\/comments?post=121538"}],"wp:featuredmedia":[{"embeddable":true,"href":"https:\/\/www.icscoolenergy.com\/fr\/wp-json\/wp\/v2\/media\/106616"}],"wp:attachment":[{"href":"https:\/\/www.icscoolenergy.com\/fr\/wp-json\/wp\/v2\/media?parent=121538"}],"wp:term":[{"taxonomy":"product_brand","embeddable":true,"href":"https:\/\/www.icscoolenergy.com\/fr\/wp-json\/wp\/v2\/product_brand?post=121538"},{"taxonomy":"product_cat","embeddable":true,"href":"https:\/\/www.icscoolenergy.com\/fr\/wp-json\/wp\/v2\/product_cat?post=121538"},{"taxonomy":"product_tag","embeddable":true,"href":"https:\/\/www.icscoolenergy.com\/fr\/wp-json\/wp\/v2\/product_tag?post=121538"}],"curies":[{"name":"wp","href":"https:\/\/api.w.org\/{rel}","templated":true}]}}