 
{"id":121552,"date":"2024-04-18T10:01:25","date_gmt":"2024-04-18T10:01:25","guid":{"rendered":"https:\/\/www.icscoolenergy.com\/fr\/non%20class\u00e9\/fc4tae-351\/"},"modified":"2024-06-06T11:05:00","modified_gmt":"2024-06-06T11:05:00","slug":"fc4tae-351","status":"publish","type":"product","link":"https:\/\/www.icscoolenergy.com\/fr\/fc4tae-351\/","title":{"rendered":"FC4TAE-351"},"content":{"rendered":"<p>Notre free cooler FC4TAE-351 peut \u00eatre utilis\u00e9 comme solution de refroidissement \u00e0 part enti\u00e8re, ou pour fournir un refroidissement gratuit pendant une grande partie de l&rsquo;ann\u00e9e lorsqu&rsquo;il est utilis\u00e9 en conjonction avec un refroidisseur.<\/p>\n<p>La gamme FC4TAE est disponible avec plusieurs vitesses de ventilateur fixes, une commande de vitesse par variateur et des ventilateurs EC pour les applications \u00e0 bruit variable ainsi que pour les syst\u00e8mes \u00e0 faible consommation d&rsquo;\u00e9nergie. Les panneaux de contr\u00f4le des unit\u00e9s sont con\u00e7us pour offrir une facilit\u00e9 d&rsquo;utilisation avec une solution \u00ab\u00a0plug and play\u00a0\u00bb et une connectivit\u00e9 4G.<\/p>\n","protected":false},"excerpt":{"rendered":"<p>Notre free cooler FC4TAE-351 peut \u00eatre utilis\u00e9 comme solution de refroidissement \u00e0 part enti\u00e8re, ou pour fournir un refroidissement gratuit pendant une grande partie de l&rsquo;ann\u00e9e lorsqu&rsquo;il est utilis\u00e9 en conjonction avec un refroidisseur. La gamme FC4TAE est disponible avec plusieurs vitesses de ventilateur fixes, une commande de vitesse par variateur et des ventilateurs EC &#8230; <a title=\"FC4TAE-351\" class=\"read-more\" href=\"https:\/\/www.icscoolenergy.com\/fr\/fc4tae-351\/\" aria-label=\"En savoir plus sur FC4TAE-351\">Lire la suite<\/a><\/p>\n","protected":false},"featured_media":109106,"comment_status":"closed","ping_status":"closed","template":"","meta":{"_acf_changed":false,"inline_featured_image":false,"_editorskit_title_hidden":false,"_editorskit_reading_time":0,"_editorskit_is_block_options_detached":false,"_editorskit_block_options_position":"{}","editor_plus_copied_stylings":"{}"},"product_brand":[],"product_cat":[1099,1098],"product_tag":[],"class_list":{"0":"post-121552","1":"product","2":"type-product","3":"status-publish","4":"has-post-thumbnail","6":"product_cat-location-gratuite-dun-refroidisseur","7":"product_cat-refroidissement-gratuites","9":"first","10":"instock","11":"shipping-taxable","12":"product-type-simple"},"acf":[],"yoast_head":"<!-- This site is optimized with the Yoast SEO Premium plugin v24.5 (Yoast SEO v26.9) - https:\/\/yoast.com\/product\/yoast-seo-premium-wordpress\/ -->\n<title>FC4TAE-351 - French<\/title>\n<meta name=\"robots\" content=\"index, follow, max-snippet:-1, max-image-preview:large, max-video-preview:-1\" \/>\n<link rel=\"canonical\" href=\"https:\/\/www.icscoolenergy.com\/fr\/fc4tae-351\/\" \/>\n<meta property=\"og:locale\" content=\"fr_FR\" \/>\n<meta property=\"og:type\" content=\"article\" \/>\n<meta property=\"og:title\" content=\"FC4TAE-351\" \/>\n<meta property=\"og:description\" content=\"Notre free cooler FC4TAE-351 peut \u00eatre utilis\u00e9 comme solution de refroidissement \u00e0 part enti\u00e8re, ou pour fournir un refroidissement gratuit pendant une grande partie de l&rsquo;ann\u00e9e lorsqu&rsquo;il est utilis\u00e9 en conjonction avec un refroidisseur. La gamme FC4TAE est disponible avec plusieurs vitesses de ventilateur fixes, une commande de vitesse par variateur et des ventilateurs EC ... Lire la suite\" \/>\n<meta property=\"og:url\" content=\"https:\/\/www.icscoolenergy.com\/fr\/fc4tae-351\/\" \/>\n<meta property=\"og:site_name\" content=\"French\" \/>\n<meta property=\"article:modified_time\" content=\"2024-06-06T11:05:00+00:00\" \/>\n<meta property=\"og:image\" content=\"https:\/\/www.icscoolenergy.com\/wp-content\/uploads\/sites\/2\/2024\/04\/FC4TAE-351.png\" \/>\n\t<meta property=\"og:image:width\" content=\"560\" \/>\n\t<meta property=\"og:image:height\" content=\"420\" \/>\n\t<meta property=\"og:image:type\" content=\"image\/png\" \/>\n<meta name=\"twitter:card\" content=\"summary_large_image\" \/>\n<meta name=\"twitter:label1\" content=\"Est. reading time\" \/>\n\t<meta name=\"twitter:data1\" content=\"1 minute\" \/>\n<script type=\"application\/ld+json\" class=\"yoast-schema-graph\">{\"@context\":\"https:\/\/schema.org\",\"@graph\":[{\"@type\":\"WebPage\",\"@id\":\"https:\/\/www.icscoolenergy.com\/fr\/fc4tae-351\/\",\"url\":\"https:\/\/www.icscoolenergy.com\/fr\/fc4tae-351\/\",\"name\":\"FC4TAE-351 - French\",\"isPartOf\":{\"@id\":\"https:\/\/www.icscoolenergy.com\/fr\/#website\"},\"primaryImageOfPage\":{\"@id\":\"https:\/\/www.icscoolenergy.com\/fr\/fc4tae-351\/#primaryimage\"},\"image\":{\"@id\":\"https:\/\/www.icscoolenergy.com\/fr\/fc4tae-351\/#primaryimage\"},\"thumbnailUrl\":\"https:\/\/www.icscoolenergy.com\/wp-content\/uploads\/sites\/2\/2024\/04\/FC4TAE-351.png\",\"datePublished\":\"2024-04-18T10:01:25+00:00\",\"dateModified\":\"2024-06-06T11:05:00+00:00\",\"breadcrumb\":{\"@id\":\"https:\/\/www.icscoolenergy.com\/fr\/fc4tae-351\/#breadcrumb\"},\"inLanguage\":\"fr-FR\",\"potentialAction\":[{\"@type\":\"ReadAction\",\"target\":[\"https:\/\/www.icscoolenergy.com\/fr\/fc4tae-351\/\"]}]},{\"@type\":\"ImageObject\",\"inLanguage\":\"fr-FR\",\"@id\":\"https:\/\/www.icscoolenergy.com\/fr\/fc4tae-351\/#primaryimage\",\"url\":\"https:\/\/www.icscoolenergy.com\/wp-content\/uploads\/sites\/2\/2024\/04\/FC4TAE-351.png\",\"contentUrl\":\"https:\/\/www.icscoolenergy.com\/wp-content\/uploads\/sites\/2\/2024\/04\/FC4TAE-351.png\",\"width\":560,\"height\":420,\"caption\":\"FC4TAE 351\"},{\"@type\":\"BreadcrumbList\",\"@id\":\"https:\/\/www.icscoolenergy.com\/fr\/fc4tae-351\/#breadcrumb\",\"itemListElement\":[{\"@type\":\"ListItem\",\"position\":1,\"name\":\"Home\",\"item\":\"https:\/\/www.icscoolenergy.com\/fr\/\"},{\"@type\":\"ListItem\",\"position\":2,\"name\":\"Boutique\",\"item\":\"https:\/\/www.icscoolenergy.com\/fr\/boutique\/\"},{\"@type\":\"ListItem\",\"position\":3,\"name\":\"FC4TAE-351\"}]},{\"@type\":\"WebSite\",\"@id\":\"https:\/\/www.icscoolenergy.com\/fr\/#website\",\"url\":\"https:\/\/www.icscoolenergy.com\/fr\/\",\"name\":\"ICS Cool Energy\",\"description\":\"The Process Temperature Control Specialists\",\"publisher\":{\"@id\":\"https:\/\/www.icscoolenergy.com\/fr\/#organization\"},\"potentialAction\":[{\"@type\":\"SearchAction\",\"target\":{\"@type\":\"EntryPoint\",\"urlTemplate\":\"https:\/\/www.icscoolenergy.com\/fr\/?s={search_term_string}\"},\"query-input\":{\"@type\":\"PropertyValueSpecification\",\"valueRequired\":true,\"valueName\":\"search_term_string\"}}],\"inLanguage\":\"fr-FR\"},{\"@type\":\"Organization\",\"@id\":\"https:\/\/www.icscoolenergy.com\/fr\/#organization\",\"name\":\"ICS Cool Energy\",\"url\":\"https:\/\/www.icscoolenergy.com\/fr\/\",\"logo\":{\"@type\":\"ImageObject\",\"inLanguage\":\"fr-FR\",\"@id\":\"https:\/\/www.icscoolenergy.com\/fr\/#\/schema\/logo\/image\/\",\"url\":\"https:\/\/www.icscoolenergy.com\/wp-content\/uploads\/sites\/2\/2024\/01\/ics-cool-energy-logo.svg\",\"contentUrl\":\"https:\/\/www.icscoolenergy.com\/wp-content\/uploads\/sites\/2\/2024\/01\/ics-cool-energy-logo.svg\",\"caption\":\"ICS Cool Energy\"},\"image\":{\"@id\":\"https:\/\/www.icscoolenergy.com\/fr\/#\/schema\/logo\/image\/\"}}]}<\/script>\n<!-- \/ Yoast SEO Premium plugin. -->","yoast_head_json":{"title":"FC4TAE-351 - French","robots":{"index":"index","follow":"follow","max-snippet":"max-snippet:-1","max-image-preview":"max-image-preview:large","max-video-preview":"max-video-preview:-1"},"canonical":"https:\/\/www.icscoolenergy.com\/fr\/fc4tae-351\/","og_locale":"fr_FR","og_type":"article","og_title":"FC4TAE-351","og_description":"Notre free cooler FC4TAE-351 peut \u00eatre utilis\u00e9 comme solution de refroidissement \u00e0 part enti\u00e8re, ou pour fournir un refroidissement gratuit pendant une grande partie de l&rsquo;ann\u00e9e lorsqu&rsquo;il est utilis\u00e9 en conjonction avec un refroidisseur. La gamme FC4TAE est disponible avec plusieurs vitesses de ventilateur fixes, une commande de vitesse par variateur et des ventilateurs EC ... Lire la suite","og_url":"https:\/\/www.icscoolenergy.com\/fr\/fc4tae-351\/","og_site_name":"French","article_modified_time":"2024-06-06T11:05:00+00:00","og_image":[{"width":560,"height":420,"url":"https:\/\/www.icscoolenergy.com\/wp-content\/uploads\/sites\/2\/2024\/04\/FC4TAE-351.png","type":"image\/png"}],"twitter_card":"summary_large_image","twitter_misc":{"Est. reading time":"1 minute"},"schema":{"@context":"https:\/\/schema.org","@graph":[{"@type":"WebPage","@id":"https:\/\/www.icscoolenergy.com\/fr\/fc4tae-351\/","url":"https:\/\/www.icscoolenergy.com\/fr\/fc4tae-351\/","name":"FC4TAE-351 - French","isPartOf":{"@id":"https:\/\/www.icscoolenergy.com\/fr\/#website"},"primaryImageOfPage":{"@id":"https:\/\/www.icscoolenergy.com\/fr\/fc4tae-351\/#primaryimage"},"image":{"@id":"https:\/\/www.icscoolenergy.com\/fr\/fc4tae-351\/#primaryimage"},"thumbnailUrl":"https:\/\/www.icscoolenergy.com\/wp-content\/uploads\/sites\/2\/2024\/04\/FC4TAE-351.png","datePublished":"2024-04-18T10:01:25+00:00","dateModified":"2024-06-06T11:05:00+00:00","breadcrumb":{"@id":"https:\/\/www.icscoolenergy.com\/fr\/fc4tae-351\/#breadcrumb"},"inLanguage":"fr-FR","potentialAction":[{"@type":"ReadAction","target":["https:\/\/www.icscoolenergy.com\/fr\/fc4tae-351\/"]}]},{"@type":"ImageObject","inLanguage":"fr-FR","@id":"https:\/\/www.icscoolenergy.com\/fr\/fc4tae-351\/#primaryimage","url":"https:\/\/www.icscoolenergy.com\/wp-content\/uploads\/sites\/2\/2024\/04\/FC4TAE-351.png","contentUrl":"https:\/\/www.icscoolenergy.com\/wp-content\/uploads\/sites\/2\/2024\/04\/FC4TAE-351.png","width":560,"height":420,"caption":"FC4TAE 351"},{"@type":"BreadcrumbList","@id":"https:\/\/www.icscoolenergy.com\/fr\/fc4tae-351\/#breadcrumb","itemListElement":[{"@type":"ListItem","position":1,"name":"Home","item":"https:\/\/www.icscoolenergy.com\/fr\/"},{"@type":"ListItem","position":2,"name":"Boutique","item":"https:\/\/www.icscoolenergy.com\/fr\/boutique\/"},{"@type":"ListItem","position":3,"name":"FC4TAE-351"}]},{"@type":"WebSite","@id":"https:\/\/www.icscoolenergy.com\/fr\/#website","url":"https:\/\/www.icscoolenergy.com\/fr\/","name":"ICS Cool Energy","description":"The Process Temperature Control Specialists","publisher":{"@id":"https:\/\/www.icscoolenergy.com\/fr\/#organization"},"potentialAction":[{"@type":"SearchAction","target":{"@type":"EntryPoint","urlTemplate":"https:\/\/www.icscoolenergy.com\/fr\/?s={search_term_string}"},"query-input":{"@type":"PropertyValueSpecification","valueRequired":true,"valueName":"search_term_string"}}],"inLanguage":"fr-FR"},{"@type":"Organization","@id":"https:\/\/www.icscoolenergy.com\/fr\/#organization","name":"ICS Cool Energy","url":"https:\/\/www.icscoolenergy.com\/fr\/","logo":{"@type":"ImageObject","inLanguage":"fr-FR","@id":"https:\/\/www.icscoolenergy.com\/fr\/#\/schema\/logo\/image\/","url":"https:\/\/www.icscoolenergy.com\/wp-content\/uploads\/sites\/2\/2024\/01\/ics-cool-energy-logo.svg","contentUrl":"https:\/\/www.icscoolenergy.com\/wp-content\/uploads\/sites\/2\/2024\/01\/ics-cool-energy-logo.svg","caption":"ICS Cool Energy"},"image":{"@id":"https:\/\/www.icscoolenergy.com\/fr\/#\/schema\/logo\/image\/"}}]}},"_links":{"self":[{"href":"https:\/\/www.icscoolenergy.com\/fr\/wp-json\/wp\/v2\/product\/121552","targetHints":{"allow":["GET"]}}],"collection":[{"href":"https:\/\/www.icscoolenergy.com\/fr\/wp-json\/wp\/v2\/product"}],"about":[{"href":"https:\/\/www.icscoolenergy.com\/fr\/wp-json\/wp\/v2\/types\/product"}],"replies":[{"embeddable":true,"href":"https:\/\/www.icscoolenergy.com\/fr\/wp-json\/wp\/v2\/comments?post=121552"}],"wp:featuredmedia":[{"embeddable":true,"href":"https:\/\/www.icscoolenergy.com\/fr\/wp-json\/wp\/v2\/media\/109106"}],"wp:attachment":[{"href":"https:\/\/www.icscoolenergy.com\/fr\/wp-json\/wp\/v2\/media?parent=121552"}],"wp:term":[{"taxonomy":"product_brand","embeddable":true,"href":"https:\/\/www.icscoolenergy.com\/fr\/wp-json\/wp\/v2\/product_brand?post=121552"},{"taxonomy":"product_cat","embeddable":true,"href":"https:\/\/www.icscoolenergy.com\/fr\/wp-json\/wp\/v2\/product_cat?post=121552"},{"taxonomy":"product_tag","embeddable":true,"href":"https:\/\/www.icscoolenergy.com\/fr\/wp-json\/wp\/v2\/product_tag?post=121552"}],"curies":[{"name":"wp","href":"https:\/\/api.w.org\/{rel}","templated":true}]}}