 
{"id":121561,"date":"2024-04-19T07:35:05","date_gmt":"2024-04-19T07:35:05","guid":{"rendered":"https:\/\/www.icscoolenergy.com\/fr\/non%20class\u00e9\/ventilo-convecteur-50-75\/"},"modified":"2024-06-06T08:27:59","modified_gmt":"2024-06-06T08:27:59","slug":"ventilo-convecteur-50-75","status":"publish","type":"product","link":"https:\/\/www.icscoolenergy.com\/fr\/ventilo-convecteur-50-75\/","title":{"rendered":"Ventilo-convecteur 50-75"},"content":{"rendered":"<p>Notre unit\u00e9 Fan Coil 50-75 V2 est une unit\u00e9 flexible \u00e0 double ventilateur capable d&rsquo;offrir un d\u00e9bit d&rsquo;air de 5 000 m3\/h.<\/p>\n<p>L&rsquo;unit\u00e9 n\u00e9cessite une source d&rsquo;eau pour le serpentin int\u00e9gr\u00e9 et dispose de raccords d&rsquo;eau \u00e0 d\u00e9gagement rapide, ainsi que d&rsquo;une connexion \u00e9lectrique unique de 16 amp\u00e8res.<\/p>\n<p>Le Fan Coil 50-75 V2 est situ\u00e9 \u00e0 l&rsquo;int\u00e9rieur et dispose d&rsquo;une \u00e9vacuation d&rsquo;air amovible en haut.<\/p>\n<p>Il peut \u00eatre retir\u00e9 pour r\u00e9v\u00e9ler un embout de 500 mm permettant de raccorder des gaines flexibles pour fournir l&rsquo;air de l&rsquo;unit\u00e9 \u00e0 des zones sp\u00e9cifiques et \u00e9loign\u00e9es.<\/p>\n<p>L&rsquo;unit\u00e9 est \u00e9galement fournie avec une pompe \u00e0 condensats et un r\u00e9gulateur de vitesse du ventilateur pour r\u00e9guler le flux d&rsquo;air.<\/p>\n","protected":false},"excerpt":{"rendered":"<p>Notre unit\u00e9 Fan Coil 50-75 V2 est une unit\u00e9 flexible \u00e0 double ventilateur capable d&rsquo;offrir un d\u00e9bit d&rsquo;air de 5 000 m3\/h. L&rsquo;unit\u00e9 n\u00e9cessite une source d&rsquo;eau pour le serpentin int\u00e9gr\u00e9 et dispose de raccords d&rsquo;eau \u00e0 d\u00e9gagement rapide, ainsi que d&rsquo;une connexion \u00e9lectrique unique de 16 amp\u00e8res. Le Fan Coil 50-75 V2 est situ\u00e9 &#8230; <a title=\"Ventilo-convecteur 50-75\" class=\"read-more\" href=\"https:\/\/www.icscoolenergy.com\/fr\/ventilo-convecteur-50-75\/\" aria-label=\"En savoir plus sur Ventilo-convecteur 50-75\">Lire la suite<\/a><\/p>\n","protected":false},"featured_media":108830,"comment_status":"closed","ping_status":"closed","template":"","meta":{"_acf_changed":false,"inline_featured_image":false,"_editorskit_title_hidden":false,"_editorskit_reading_time":0,"_editorskit_is_block_options_detached":false,"_editorskit_block_options_position":"{}","editor_plus_copied_stylings":"{}"},"product_brand":[],"product_cat":[1077,1086,1075],"product_tag":[],"class_list":{"0":"post-121561","1":"product","2":"type-product","3":"status-publish","4":"has-post-thumbnail","6":"product_cat-location-de-centrales-de-traitement-dair","7":"product_cat-location-de-ventilo-convecteurs","8":"product_cat-unite-de-traitement-dair","10":"first","11":"instock","12":"shipping-taxable","13":"product-type-simple"},"acf":[],"yoast_head":"<!-- This site is optimized with the Yoast SEO Premium plugin v24.5 (Yoast SEO v26.9) - https:\/\/yoast.com\/product\/yoast-seo-premium-wordpress\/ -->\n<title>Ventilo-convecteur 50-75 - French<\/title>\n<meta name=\"robots\" content=\"index, follow, max-snippet:-1, max-image-preview:large, max-video-preview:-1\" \/>\n<link rel=\"canonical\" href=\"https:\/\/www.icscoolenergy.com\/fr\/ventilo-convecteur-50-75\/\" \/>\n<meta property=\"og:locale\" content=\"fr_FR\" \/>\n<meta property=\"og:type\" content=\"article\" \/>\n<meta property=\"og:title\" content=\"Ventilo-convecteur 50-75\" \/>\n<meta property=\"og:description\" content=\"Notre unit\u00e9 Fan Coil 50-75 V2 est une unit\u00e9 flexible \u00e0 double ventilateur capable d&rsquo;offrir un d\u00e9bit d&rsquo;air de 5 000 m3\/h. L&rsquo;unit\u00e9 n\u00e9cessite une source d&rsquo;eau pour le serpentin int\u00e9gr\u00e9 et dispose de raccords d&rsquo;eau \u00e0 d\u00e9gagement rapide, ainsi que d&rsquo;une connexion \u00e9lectrique unique de 16 amp\u00e8res. Le Fan Coil 50-75 V2 est situ\u00e9 ... Lire la suite\" \/>\n<meta property=\"og:url\" content=\"https:\/\/www.icscoolenergy.com\/fr\/ventilo-convecteur-50-75\/\" \/>\n<meta property=\"og:site_name\" content=\"French\" \/>\n<meta property=\"article:modified_time\" content=\"2024-06-06T08:27:59+00:00\" \/>\n<meta property=\"og:image\" content=\"https:\/\/www.icscoolenergy.com\/wp-content\/uploads\/sites\/2\/2024\/04\/Fan-Coil-50-75-V2.png\" \/>\n\t<meta property=\"og:image:width\" content=\"560\" \/>\n\t<meta property=\"og:image:height\" content=\"420\" \/>\n\t<meta property=\"og:image:type\" content=\"image\/png\" \/>\n<meta name=\"twitter:card\" content=\"summary_large_image\" \/>\n<meta name=\"twitter:label1\" content=\"Est. reading time\" \/>\n\t<meta name=\"twitter:data1\" content=\"1 minute\" \/>\n<script type=\"application\/ld+json\" class=\"yoast-schema-graph\">{\"@context\":\"https:\/\/schema.org\",\"@graph\":[{\"@type\":\"WebPage\",\"@id\":\"https:\/\/www.icscoolenergy.com\/fr\/ventilo-convecteur-50-75\/\",\"url\":\"https:\/\/www.icscoolenergy.com\/fr\/ventilo-convecteur-50-75\/\",\"name\":\"Ventilo-convecteur 50-75 - French\",\"isPartOf\":{\"@id\":\"https:\/\/www.icscoolenergy.com\/fr\/#website\"},\"primaryImageOfPage\":{\"@id\":\"https:\/\/www.icscoolenergy.com\/fr\/ventilo-convecteur-50-75\/#primaryimage\"},\"image\":{\"@id\":\"https:\/\/www.icscoolenergy.com\/fr\/ventilo-convecteur-50-75\/#primaryimage\"},\"thumbnailUrl\":\"https:\/\/www.icscoolenergy.com\/wp-content\/uploads\/sites\/2\/2024\/04\/Fan-Coil-50-75-V2.png\",\"datePublished\":\"2024-04-19T07:35:05+00:00\",\"dateModified\":\"2024-06-06T08:27:59+00:00\",\"breadcrumb\":{\"@id\":\"https:\/\/www.icscoolenergy.com\/fr\/ventilo-convecteur-50-75\/#breadcrumb\"},\"inLanguage\":\"fr-FR\",\"potentialAction\":[{\"@type\":\"ReadAction\",\"target\":[\"https:\/\/www.icscoolenergy.com\/fr\/ventilo-convecteur-50-75\/\"]}]},{\"@type\":\"ImageObject\",\"inLanguage\":\"fr-FR\",\"@id\":\"https:\/\/www.icscoolenergy.com\/fr\/ventilo-convecteur-50-75\/#primaryimage\",\"url\":\"https:\/\/www.icscoolenergy.com\/wp-content\/uploads\/sites\/2\/2024\/04\/Fan-Coil-50-75-V2.png\",\"contentUrl\":\"https:\/\/www.icscoolenergy.com\/wp-content\/uploads\/sites\/2\/2024\/04\/Fan-Coil-50-75-V2.png\",\"width\":560,\"height\":420,\"caption\":\"Ventilo-convecteur 50-75\"},{\"@type\":\"BreadcrumbList\",\"@id\":\"https:\/\/www.icscoolenergy.com\/fr\/ventilo-convecteur-50-75\/#breadcrumb\",\"itemListElement\":[{\"@type\":\"ListItem\",\"position\":1,\"name\":\"Home\",\"item\":\"https:\/\/www.icscoolenergy.com\/fr\/\"},{\"@type\":\"ListItem\",\"position\":2,\"name\":\"Boutique\",\"item\":\"https:\/\/www.icscoolenergy.com\/fr\/boutique\/\"},{\"@type\":\"ListItem\",\"position\":3,\"name\":\"Ventilo-convecteur 50-75\"}]},{\"@type\":\"WebSite\",\"@id\":\"https:\/\/www.icscoolenergy.com\/fr\/#website\",\"url\":\"https:\/\/www.icscoolenergy.com\/fr\/\",\"name\":\"ICS Cool Energy\",\"description\":\"The Process Temperature Control Specialists\",\"publisher\":{\"@id\":\"https:\/\/www.icscoolenergy.com\/fr\/#organization\"},\"potentialAction\":[{\"@type\":\"SearchAction\",\"target\":{\"@type\":\"EntryPoint\",\"urlTemplate\":\"https:\/\/www.icscoolenergy.com\/fr\/?s={search_term_string}\"},\"query-input\":{\"@type\":\"PropertyValueSpecification\",\"valueRequired\":true,\"valueName\":\"search_term_string\"}}],\"inLanguage\":\"fr-FR\"},{\"@type\":\"Organization\",\"@id\":\"https:\/\/www.icscoolenergy.com\/fr\/#organization\",\"name\":\"ICS Cool Energy\",\"url\":\"https:\/\/www.icscoolenergy.com\/fr\/\",\"logo\":{\"@type\":\"ImageObject\",\"inLanguage\":\"fr-FR\",\"@id\":\"https:\/\/www.icscoolenergy.com\/fr\/#\/schema\/logo\/image\/\",\"url\":\"https:\/\/www.icscoolenergy.com\/wp-content\/uploads\/sites\/2\/2024\/01\/ics-cool-energy-logo.svg\",\"contentUrl\":\"https:\/\/www.icscoolenergy.com\/wp-content\/uploads\/sites\/2\/2024\/01\/ics-cool-energy-logo.svg\",\"caption\":\"ICS Cool Energy\"},\"image\":{\"@id\":\"https:\/\/www.icscoolenergy.com\/fr\/#\/schema\/logo\/image\/\"}}]}<\/script>\n<!-- \/ Yoast SEO Premium plugin. -->","yoast_head_json":{"title":"Ventilo-convecteur 50-75 - French","robots":{"index":"index","follow":"follow","max-snippet":"max-snippet:-1","max-image-preview":"max-image-preview:large","max-video-preview":"max-video-preview:-1"},"canonical":"https:\/\/www.icscoolenergy.com\/fr\/ventilo-convecteur-50-75\/","og_locale":"fr_FR","og_type":"article","og_title":"Ventilo-convecteur 50-75","og_description":"Notre unit\u00e9 Fan Coil 50-75 V2 est une unit\u00e9 flexible \u00e0 double ventilateur capable d&rsquo;offrir un d\u00e9bit d&rsquo;air de 5 000 m3\/h. L&rsquo;unit\u00e9 n\u00e9cessite une source d&rsquo;eau pour le serpentin int\u00e9gr\u00e9 et dispose de raccords d&rsquo;eau \u00e0 d\u00e9gagement rapide, ainsi que d&rsquo;une connexion \u00e9lectrique unique de 16 amp\u00e8res. Le Fan Coil 50-75 V2 est situ\u00e9 ... Lire la suite","og_url":"https:\/\/www.icscoolenergy.com\/fr\/ventilo-convecteur-50-75\/","og_site_name":"French","article_modified_time":"2024-06-06T08:27:59+00:00","og_image":[{"width":560,"height":420,"url":"https:\/\/www.icscoolenergy.com\/wp-content\/uploads\/sites\/2\/2024\/04\/Fan-Coil-50-75-V2.png","type":"image\/png"}],"twitter_card":"summary_large_image","twitter_misc":{"Est. reading time":"1 minute"},"schema":{"@context":"https:\/\/schema.org","@graph":[{"@type":"WebPage","@id":"https:\/\/www.icscoolenergy.com\/fr\/ventilo-convecteur-50-75\/","url":"https:\/\/www.icscoolenergy.com\/fr\/ventilo-convecteur-50-75\/","name":"Ventilo-convecteur 50-75 - French","isPartOf":{"@id":"https:\/\/www.icscoolenergy.com\/fr\/#website"},"primaryImageOfPage":{"@id":"https:\/\/www.icscoolenergy.com\/fr\/ventilo-convecteur-50-75\/#primaryimage"},"image":{"@id":"https:\/\/www.icscoolenergy.com\/fr\/ventilo-convecteur-50-75\/#primaryimage"},"thumbnailUrl":"https:\/\/www.icscoolenergy.com\/wp-content\/uploads\/sites\/2\/2024\/04\/Fan-Coil-50-75-V2.png","datePublished":"2024-04-19T07:35:05+00:00","dateModified":"2024-06-06T08:27:59+00:00","breadcrumb":{"@id":"https:\/\/www.icscoolenergy.com\/fr\/ventilo-convecteur-50-75\/#breadcrumb"},"inLanguage":"fr-FR","potentialAction":[{"@type":"ReadAction","target":["https:\/\/www.icscoolenergy.com\/fr\/ventilo-convecteur-50-75\/"]}]},{"@type":"ImageObject","inLanguage":"fr-FR","@id":"https:\/\/www.icscoolenergy.com\/fr\/ventilo-convecteur-50-75\/#primaryimage","url":"https:\/\/www.icscoolenergy.com\/wp-content\/uploads\/sites\/2\/2024\/04\/Fan-Coil-50-75-V2.png","contentUrl":"https:\/\/www.icscoolenergy.com\/wp-content\/uploads\/sites\/2\/2024\/04\/Fan-Coil-50-75-V2.png","width":560,"height":420,"caption":"Ventilo-convecteur 50-75"},{"@type":"BreadcrumbList","@id":"https:\/\/www.icscoolenergy.com\/fr\/ventilo-convecteur-50-75\/#breadcrumb","itemListElement":[{"@type":"ListItem","position":1,"name":"Home","item":"https:\/\/www.icscoolenergy.com\/fr\/"},{"@type":"ListItem","position":2,"name":"Boutique","item":"https:\/\/www.icscoolenergy.com\/fr\/boutique\/"},{"@type":"ListItem","position":3,"name":"Ventilo-convecteur 50-75"}]},{"@type":"WebSite","@id":"https:\/\/www.icscoolenergy.com\/fr\/#website","url":"https:\/\/www.icscoolenergy.com\/fr\/","name":"ICS Cool Energy","description":"The Process Temperature Control Specialists","publisher":{"@id":"https:\/\/www.icscoolenergy.com\/fr\/#organization"},"potentialAction":[{"@type":"SearchAction","target":{"@type":"EntryPoint","urlTemplate":"https:\/\/www.icscoolenergy.com\/fr\/?s={search_term_string}"},"query-input":{"@type":"PropertyValueSpecification","valueRequired":true,"valueName":"search_term_string"}}],"inLanguage":"fr-FR"},{"@type":"Organization","@id":"https:\/\/www.icscoolenergy.com\/fr\/#organization","name":"ICS Cool Energy","url":"https:\/\/www.icscoolenergy.com\/fr\/","logo":{"@type":"ImageObject","inLanguage":"fr-FR","@id":"https:\/\/www.icscoolenergy.com\/fr\/#\/schema\/logo\/image\/","url":"https:\/\/www.icscoolenergy.com\/wp-content\/uploads\/sites\/2\/2024\/01\/ics-cool-energy-logo.svg","contentUrl":"https:\/\/www.icscoolenergy.com\/wp-content\/uploads\/sites\/2\/2024\/01\/ics-cool-energy-logo.svg","caption":"ICS Cool Energy"},"image":{"@id":"https:\/\/www.icscoolenergy.com\/fr\/#\/schema\/logo\/image\/"}}]}},"_links":{"self":[{"href":"https:\/\/www.icscoolenergy.com\/fr\/wp-json\/wp\/v2\/product\/121561","targetHints":{"allow":["GET"]}}],"collection":[{"href":"https:\/\/www.icscoolenergy.com\/fr\/wp-json\/wp\/v2\/product"}],"about":[{"href":"https:\/\/www.icscoolenergy.com\/fr\/wp-json\/wp\/v2\/types\/product"}],"replies":[{"embeddable":true,"href":"https:\/\/www.icscoolenergy.com\/fr\/wp-json\/wp\/v2\/comments?post=121561"}],"wp:featuredmedia":[{"embeddable":true,"href":"https:\/\/www.icscoolenergy.com\/fr\/wp-json\/wp\/v2\/media\/108830"}],"wp:attachment":[{"href":"https:\/\/www.icscoolenergy.com\/fr\/wp-json\/wp\/v2\/media?parent=121561"}],"wp:term":[{"taxonomy":"product_brand","embeddable":true,"href":"https:\/\/www.icscoolenergy.com\/fr\/wp-json\/wp\/v2\/product_brand?post=121561"},{"taxonomy":"product_cat","embeddable":true,"href":"https:\/\/www.icscoolenergy.com\/fr\/wp-json\/wp\/v2\/product_cat?post=121561"},{"taxonomy":"product_tag","embeddable":true,"href":"https:\/\/www.icscoolenergy.com\/fr\/wp-json\/wp\/v2\/product_tag?post=121561"}],"curies":[{"name":"wp","href":"https:\/\/api.w.org\/{rel}","templated":true}]}}