 
{"id":121562,"date":"2024-04-17T12:09:36","date_gmt":"2024-04-17T12:09:36","guid":{"rendered":"https:\/\/www.icscoolenergy.com\/fr\/non%20class\u00e9\/refroidisseur-500\/"},"modified":"2024-06-06T13:38:42","modified_gmt":"2024-06-06T13:38:42","slug":"refroidisseur-500","status":"publish","type":"product","link":"https:\/\/www.icscoolenergy.com\/fr\/refroidisseur-500\/","title":{"rendered":"Refroidisseur 500"},"content":{"rendered":"<p>Le refroidisseur 500 est \u00e9quip\u00e9 des derniers compresseurs \u00e0 vis \u00e0 \u00e9conomie d&rsquo;\u00e9nergie (2), offrant une large plage de temp\u00e9rature de -12\u00b0C \u00e0 +20\u00b0C pour la temp\u00e9rature de sortie de l&rsquo;eau et un contr\u00f4le de la capacit\u00e9 de 30 \u00e0 %-100%.<\/p>\n<p>Ce refroidisseur de 500 kW est enti\u00e8rement certifi\u00e9 F-Gas et offre le r\u00e9frig\u00e9rant HFC R134a qui n&rsquo;appauvrit pas la couche d&rsquo;ozone. Il est fabriqu\u00e9 selon les derniers contr\u00f4les environnementaux ISO14001.<\/p>\n<p>Avec un fonctionnement peu bruyant (93dB(a)) et un encombrement r\u00e9duit, l&rsquo;unit\u00e9 Chiller 500 est actuellement le plus petit groupe d&rsquo;eau glac\u00e9e\/kW disponible au Royaume-Uni.<\/p>\n","protected":false},"excerpt":{"rendered":"<p>Le refroidisseur 500 est \u00e9quip\u00e9 des derniers compresseurs \u00e0 vis \u00e0 \u00e9conomie d&rsquo;\u00e9nergie (2), offrant une large plage de temp\u00e9rature de -12\u00b0C \u00e0 +20\u00b0C pour la temp\u00e9rature de sortie de l&rsquo;eau et un contr\u00f4le de la capacit\u00e9 de 30 \u00e0 %-100%. Ce refroidisseur de 500 kW est enti\u00e8rement certifi\u00e9 F-Gas et offre le r\u00e9frig\u00e9rant HFC &#8230; <a title=\"Refroidisseur 500\" class=\"read-more\" href=\"https:\/\/www.icscoolenergy.com\/fr\/refroidisseur-500\/\" aria-label=\"En savoir plus sur Refroidisseur 500\">Lire la suite<\/a><\/p>\n","protected":false},"featured_media":106118,"comment_status":"closed","ping_status":"closed","template":"","meta":{"_acf_changed":false,"inline_featured_image":false,"_editorskit_title_hidden":false,"_editorskit_reading_time":0,"_editorskit_is_block_options_detached":false,"_editorskit_block_options_position":"{}","editor_plus_copied_stylings":"{}"},"product_brand":[],"product_cat":[1084,1087,1082,1089,1085,1079],"product_tag":[],"class_list":{"0":"post-121562","1":"product","2":"type-product","3":"status-publish","4":"has-post-thumbnail","6":"product_cat-location-dun-refroidisseur-durgence","7":"product_cat-location-dun-systeme-de-refroidissement","8":"product_cat-location-de-refroidisseurs","9":"product_cat-location-temporaire-de-refroidisseurs","10":"product_cat-refroidissement-des-centres-de-donnees","11":"product_cat-refroidisseurs-de-processus","13":"first","14":"instock","15":"shipping-taxable","16":"product-type-simple"},"acf":[],"yoast_head":"<!-- This site is optimized with the Yoast SEO Premium plugin v24.5 (Yoast SEO v26.9) - https:\/\/yoast.com\/product\/yoast-seo-premium-wordpress\/ -->\n<title>Refroidisseur 500 - French<\/title>\n<meta name=\"robots\" content=\"index, follow, max-snippet:-1, max-image-preview:large, max-video-preview:-1\" \/>\n<link rel=\"canonical\" href=\"https:\/\/www.icscoolenergy.com\/fr\/refroidisseur-500\/\" \/>\n<meta property=\"og:locale\" content=\"fr_FR\" \/>\n<meta property=\"og:type\" content=\"article\" \/>\n<meta property=\"og:title\" content=\"Refroidisseur 500\" \/>\n<meta property=\"og:description\" content=\"Le refroidisseur 500 est \u00e9quip\u00e9 des derniers compresseurs \u00e0 vis \u00e0 \u00e9conomie d&rsquo;\u00e9nergie (2), offrant une large plage de temp\u00e9rature de -12\u00b0C \u00e0 +20\u00b0C pour la temp\u00e9rature de sortie de l&rsquo;eau et un contr\u00f4le de la capacit\u00e9 de 30 \u00e0 %-100%. Ce refroidisseur de 500 kW est enti\u00e8rement certifi\u00e9 F-Gas et offre le r\u00e9frig\u00e9rant HFC ... Lire la suite\" \/>\n<meta property=\"og:url\" content=\"https:\/\/www.icscoolenergy.com\/fr\/refroidisseur-500\/\" \/>\n<meta property=\"og:site_name\" content=\"French\" \/>\n<meta property=\"article:modified_time\" content=\"2024-06-06T13:38:42+00:00\" \/>\n<meta property=\"og:image\" content=\"https:\/\/www.icscoolenergy.com\/wp-content\/uploads\/sites\/2\/2024\/04\/Chiller-500.png\" \/>\n\t<meta property=\"og:image:width\" content=\"560\" \/>\n\t<meta property=\"og:image:height\" content=\"420\" \/>\n\t<meta property=\"og:image:type\" content=\"image\/png\" \/>\n<meta name=\"twitter:card\" content=\"summary_large_image\" \/>\n<meta name=\"twitter:label1\" content=\"Est. reading time\" \/>\n\t<meta name=\"twitter:data1\" content=\"1 minute\" \/>\n<script type=\"application\/ld+json\" class=\"yoast-schema-graph\">{\"@context\":\"https:\/\/schema.org\",\"@graph\":[{\"@type\":\"WebPage\",\"@id\":\"https:\/\/www.icscoolenergy.com\/fr\/refroidisseur-500\/\",\"url\":\"https:\/\/www.icscoolenergy.com\/fr\/refroidisseur-500\/\",\"name\":\"Refroidisseur 500 - French\",\"isPartOf\":{\"@id\":\"https:\/\/www.icscoolenergy.com\/fr\/#website\"},\"primaryImageOfPage\":{\"@id\":\"https:\/\/www.icscoolenergy.com\/fr\/refroidisseur-500\/#primaryimage\"},\"image\":{\"@id\":\"https:\/\/www.icscoolenergy.com\/fr\/refroidisseur-500\/#primaryimage\"},\"thumbnailUrl\":\"https:\/\/www.icscoolenergy.com\/wp-content\/uploads\/sites\/2\/2024\/04\/Chiller-500.png\",\"datePublished\":\"2024-04-17T12:09:36+00:00\",\"dateModified\":\"2024-06-06T13:38:42+00:00\",\"breadcrumb\":{\"@id\":\"https:\/\/www.icscoolenergy.com\/fr\/refroidisseur-500\/#breadcrumb\"},\"inLanguage\":\"fr-FR\",\"potentialAction\":[{\"@type\":\"ReadAction\",\"target\":[\"https:\/\/www.icscoolenergy.com\/fr\/refroidisseur-500\/\"]}]},{\"@type\":\"ImageObject\",\"inLanguage\":\"fr-FR\",\"@id\":\"https:\/\/www.icscoolenergy.com\/fr\/refroidisseur-500\/#primaryimage\",\"url\":\"https:\/\/www.icscoolenergy.com\/wp-content\/uploads\/sites\/2\/2024\/04\/Chiller-500.png\",\"contentUrl\":\"https:\/\/www.icscoolenergy.com\/wp-content\/uploads\/sites\/2\/2024\/04\/Chiller-500.png\",\"width\":560,\"height\":420,\"caption\":\"Refroidisseur 500\"},{\"@type\":\"BreadcrumbList\",\"@id\":\"https:\/\/www.icscoolenergy.com\/fr\/refroidisseur-500\/#breadcrumb\",\"itemListElement\":[{\"@type\":\"ListItem\",\"position\":1,\"name\":\"Home\",\"item\":\"https:\/\/www.icscoolenergy.com\/fr\/\"},{\"@type\":\"ListItem\",\"position\":2,\"name\":\"Boutique\",\"item\":\"https:\/\/www.icscoolenergy.com\/fr\/boutique\/\"},{\"@type\":\"ListItem\",\"position\":3,\"name\":\"Refroidisseur 500\"}]},{\"@type\":\"WebSite\",\"@id\":\"https:\/\/www.icscoolenergy.com\/fr\/#website\",\"url\":\"https:\/\/www.icscoolenergy.com\/fr\/\",\"name\":\"ICS Cool Energy\",\"description\":\"The Process Temperature Control Specialists\",\"publisher\":{\"@id\":\"https:\/\/www.icscoolenergy.com\/fr\/#organization\"},\"potentialAction\":[{\"@type\":\"SearchAction\",\"target\":{\"@type\":\"EntryPoint\",\"urlTemplate\":\"https:\/\/www.icscoolenergy.com\/fr\/?s={search_term_string}\"},\"query-input\":{\"@type\":\"PropertyValueSpecification\",\"valueRequired\":true,\"valueName\":\"search_term_string\"}}],\"inLanguage\":\"fr-FR\"},{\"@type\":\"Organization\",\"@id\":\"https:\/\/www.icscoolenergy.com\/fr\/#organization\",\"name\":\"ICS Cool Energy\",\"url\":\"https:\/\/www.icscoolenergy.com\/fr\/\",\"logo\":{\"@type\":\"ImageObject\",\"inLanguage\":\"fr-FR\",\"@id\":\"https:\/\/www.icscoolenergy.com\/fr\/#\/schema\/logo\/image\/\",\"url\":\"https:\/\/www.icscoolenergy.com\/wp-content\/uploads\/sites\/2\/2024\/01\/ics-cool-energy-logo.svg\",\"contentUrl\":\"https:\/\/www.icscoolenergy.com\/wp-content\/uploads\/sites\/2\/2024\/01\/ics-cool-energy-logo.svg\",\"caption\":\"ICS Cool Energy\"},\"image\":{\"@id\":\"https:\/\/www.icscoolenergy.com\/fr\/#\/schema\/logo\/image\/\"}}]}<\/script>\n<!-- \/ Yoast SEO Premium plugin. -->","yoast_head_json":{"title":"Refroidisseur 500 - French","robots":{"index":"index","follow":"follow","max-snippet":"max-snippet:-1","max-image-preview":"max-image-preview:large","max-video-preview":"max-video-preview:-1"},"canonical":"https:\/\/www.icscoolenergy.com\/fr\/refroidisseur-500\/","og_locale":"fr_FR","og_type":"article","og_title":"Refroidisseur 500","og_description":"Le refroidisseur 500 est \u00e9quip\u00e9 des derniers compresseurs \u00e0 vis \u00e0 \u00e9conomie d&rsquo;\u00e9nergie (2), offrant une large plage de temp\u00e9rature de -12\u00b0C \u00e0 +20\u00b0C pour la temp\u00e9rature de sortie de l&rsquo;eau et un contr\u00f4le de la capacit\u00e9 de 30 \u00e0 %-100%. Ce refroidisseur de 500 kW est enti\u00e8rement certifi\u00e9 F-Gas et offre le r\u00e9frig\u00e9rant HFC ... Lire la suite","og_url":"https:\/\/www.icscoolenergy.com\/fr\/refroidisseur-500\/","og_site_name":"French","article_modified_time":"2024-06-06T13:38:42+00:00","og_image":[{"width":560,"height":420,"url":"https:\/\/www.icscoolenergy.com\/wp-content\/uploads\/sites\/2\/2024\/04\/Chiller-500.png","type":"image\/png"}],"twitter_card":"summary_large_image","twitter_misc":{"Est. reading time":"1 minute"},"schema":{"@context":"https:\/\/schema.org","@graph":[{"@type":"WebPage","@id":"https:\/\/www.icscoolenergy.com\/fr\/refroidisseur-500\/","url":"https:\/\/www.icscoolenergy.com\/fr\/refroidisseur-500\/","name":"Refroidisseur 500 - French","isPartOf":{"@id":"https:\/\/www.icscoolenergy.com\/fr\/#website"},"primaryImageOfPage":{"@id":"https:\/\/www.icscoolenergy.com\/fr\/refroidisseur-500\/#primaryimage"},"image":{"@id":"https:\/\/www.icscoolenergy.com\/fr\/refroidisseur-500\/#primaryimage"},"thumbnailUrl":"https:\/\/www.icscoolenergy.com\/wp-content\/uploads\/sites\/2\/2024\/04\/Chiller-500.png","datePublished":"2024-04-17T12:09:36+00:00","dateModified":"2024-06-06T13:38:42+00:00","breadcrumb":{"@id":"https:\/\/www.icscoolenergy.com\/fr\/refroidisseur-500\/#breadcrumb"},"inLanguage":"fr-FR","potentialAction":[{"@type":"ReadAction","target":["https:\/\/www.icscoolenergy.com\/fr\/refroidisseur-500\/"]}]},{"@type":"ImageObject","inLanguage":"fr-FR","@id":"https:\/\/www.icscoolenergy.com\/fr\/refroidisseur-500\/#primaryimage","url":"https:\/\/www.icscoolenergy.com\/wp-content\/uploads\/sites\/2\/2024\/04\/Chiller-500.png","contentUrl":"https:\/\/www.icscoolenergy.com\/wp-content\/uploads\/sites\/2\/2024\/04\/Chiller-500.png","width":560,"height":420,"caption":"Refroidisseur 500"},{"@type":"BreadcrumbList","@id":"https:\/\/www.icscoolenergy.com\/fr\/refroidisseur-500\/#breadcrumb","itemListElement":[{"@type":"ListItem","position":1,"name":"Home","item":"https:\/\/www.icscoolenergy.com\/fr\/"},{"@type":"ListItem","position":2,"name":"Boutique","item":"https:\/\/www.icscoolenergy.com\/fr\/boutique\/"},{"@type":"ListItem","position":3,"name":"Refroidisseur 500"}]},{"@type":"WebSite","@id":"https:\/\/www.icscoolenergy.com\/fr\/#website","url":"https:\/\/www.icscoolenergy.com\/fr\/","name":"ICS Cool Energy","description":"The Process Temperature Control Specialists","publisher":{"@id":"https:\/\/www.icscoolenergy.com\/fr\/#organization"},"potentialAction":[{"@type":"SearchAction","target":{"@type":"EntryPoint","urlTemplate":"https:\/\/www.icscoolenergy.com\/fr\/?s={search_term_string}"},"query-input":{"@type":"PropertyValueSpecification","valueRequired":true,"valueName":"search_term_string"}}],"inLanguage":"fr-FR"},{"@type":"Organization","@id":"https:\/\/www.icscoolenergy.com\/fr\/#organization","name":"ICS Cool Energy","url":"https:\/\/www.icscoolenergy.com\/fr\/","logo":{"@type":"ImageObject","inLanguage":"fr-FR","@id":"https:\/\/www.icscoolenergy.com\/fr\/#\/schema\/logo\/image\/","url":"https:\/\/www.icscoolenergy.com\/wp-content\/uploads\/sites\/2\/2024\/01\/ics-cool-energy-logo.svg","contentUrl":"https:\/\/www.icscoolenergy.com\/wp-content\/uploads\/sites\/2\/2024\/01\/ics-cool-energy-logo.svg","caption":"ICS Cool Energy"},"image":{"@id":"https:\/\/www.icscoolenergy.com\/fr\/#\/schema\/logo\/image\/"}}]}},"_links":{"self":[{"href":"https:\/\/www.icscoolenergy.com\/fr\/wp-json\/wp\/v2\/product\/121562","targetHints":{"allow":["GET"]}}],"collection":[{"href":"https:\/\/www.icscoolenergy.com\/fr\/wp-json\/wp\/v2\/product"}],"about":[{"href":"https:\/\/www.icscoolenergy.com\/fr\/wp-json\/wp\/v2\/types\/product"}],"replies":[{"embeddable":true,"href":"https:\/\/www.icscoolenergy.com\/fr\/wp-json\/wp\/v2\/comments?post=121562"}],"wp:featuredmedia":[{"embeddable":true,"href":"https:\/\/www.icscoolenergy.com\/fr\/wp-json\/wp\/v2\/media\/106118"}],"wp:attachment":[{"href":"https:\/\/www.icscoolenergy.com\/fr\/wp-json\/wp\/v2\/media?parent=121562"}],"wp:term":[{"taxonomy":"product_brand","embeddable":true,"href":"https:\/\/www.icscoolenergy.com\/fr\/wp-json\/wp\/v2\/product_brand?post=121562"},{"taxonomy":"product_cat","embeddable":true,"href":"https:\/\/www.icscoolenergy.com\/fr\/wp-json\/wp\/v2\/product_cat?post=121562"},{"taxonomy":"product_tag","embeddable":true,"href":"https:\/\/www.icscoolenergy.com\/fr\/wp-json\/wp\/v2\/product_tag?post=121562"}],"curies":[{"name":"wp","href":"https:\/\/api.w.org\/{rel}","templated":true}]}}