 
{"id":121565,"date":"2024-04-19T13:02:35","date_gmt":"2024-04-19T13:02:35","guid":{"rendered":"https:\/\/www.icscoolenergy.com\/fr\/non%20class\u00e9\/chauffage-par-ventilateur-22\/"},"modified":"2024-06-05T20:37:17","modified_gmt":"2024-06-05T20:37:17","slug":"chauffage-par-ventilateur-22","status":"publish","type":"product","link":"https:\/\/www.icscoolenergy.com\/fr\/chauffage-par-ventilateur-22\/","title":{"rendered":"Chauffage par ventilateur 22"},"content":{"rendered":"<p>Notre gamme de chauffage est enti\u00e8rement portable et rapide \u00e0 installer, fournissant de la chaleur en quelques secondes.<\/p>\n<p>Le Fan Heater 22 est id\u00e9al pour chauffer les entrep\u00f4ts, les zones de production et les zones de stockage.<\/p>\n<p>L&rsquo;unit\u00e9 est autonome et peut diriger l&rsquo;air chaud vers des zones sp\u00e9cifiques en utilisant les conduits d&rsquo;air situ\u00e9s \u00e0 l&rsquo;avant de l&rsquo;unit\u00e9.<\/p>\n","protected":false},"excerpt":{"rendered":"<p>Notre gamme de chauffage est enti\u00e8rement portable et rapide \u00e0 installer, fournissant de la chaleur en quelques secondes. Le Fan Heater 22 est id\u00e9al pour chauffer les entrep\u00f4ts, les zones de production et les zones de stockage. L&rsquo;unit\u00e9 est autonome et peut diriger l&rsquo;air chaud vers des zones sp\u00e9cifiques en utilisant les conduits d&rsquo;air situ\u00e9s &#8230; <a title=\"Chauffage par ventilateur 22\" class=\"read-more\" href=\"https:\/\/www.icscoolenergy.com\/fr\/chauffage-par-ventilateur-22\/\" aria-label=\"En savoir plus sur Chauffage par ventilateur 22\">Lire la suite<\/a><\/p>\n","protected":false},"featured_media":106286,"comment_status":"closed","ping_status":"closed","template":"","meta":{"_acf_changed":false,"inline_featured_image":false,"_editorskit_title_hidden":false,"_editorskit_reading_time":0,"_editorskit_is_block_options_detached":false,"_editorskit_block_options_position":"{}","editor_plus_copied_stylings":"{}"},"product_brand":[],"product_cat":[1101,1105,1102,1103,1104,1100],"product_tag":[],"class_list":{"0":"post-121565","1":"product","2":"type-product","3":"status-publish","4":"has-post-thumbnail","6":"product_cat-location-de-chauffage","7":"product_cat-location-de-chauffage-dentrepot","8":"product_cat-location-de-chauffage-durgence","9":"product_cat-location-de-chauffage-pour-chapiteau","10":"product_cat-location-temporaire-dappareils-de-chauffage","11":"product_cat-chauffage","13":"first","14":"instock","15":"shipping-taxable","16":"product-type-simple"},"acf":[],"yoast_head":"<!-- This site is optimized with the Yoast SEO Premium plugin v24.5 (Yoast SEO v26.9) - https:\/\/yoast.com\/product\/yoast-seo-premium-wordpress\/ -->\n<title>Chauffage par ventilateur 22 - French<\/title>\n<meta name=\"robots\" content=\"index, follow, max-snippet:-1, max-image-preview:large, max-video-preview:-1\" \/>\n<link rel=\"canonical\" href=\"https:\/\/www.icscoolenergy.com\/fr\/chauffage-par-ventilateur-22\/\" \/>\n<meta property=\"og:locale\" content=\"fr_FR\" \/>\n<meta property=\"og:type\" content=\"article\" \/>\n<meta property=\"og:title\" content=\"Chauffage par ventilateur 22\" \/>\n<meta property=\"og:description\" content=\"Notre gamme de chauffage est enti\u00e8rement portable et rapide \u00e0 installer, fournissant de la chaleur en quelques secondes. Le Fan Heater 22 est id\u00e9al pour chauffer les entrep\u00f4ts, les zones de production et les zones de stockage. L&rsquo;unit\u00e9 est autonome et peut diriger l&rsquo;air chaud vers des zones sp\u00e9cifiques en utilisant les conduits d&rsquo;air situ\u00e9s ... Lire la suite\" \/>\n<meta property=\"og:url\" content=\"https:\/\/www.icscoolenergy.com\/fr\/chauffage-par-ventilateur-22\/\" \/>\n<meta property=\"og:site_name\" content=\"French\" \/>\n<meta property=\"article:modified_time\" content=\"2024-06-05T20:37:17+00:00\" \/>\n<meta property=\"og:image\" content=\"https:\/\/www.icscoolenergy.com\/wp-content\/uploads\/sites\/2\/2024\/04\/Fan-Heater-22.png\" \/>\n\t<meta property=\"og:image:width\" content=\"560\" \/>\n\t<meta property=\"og:image:height\" content=\"420\" \/>\n\t<meta property=\"og:image:type\" content=\"image\/png\" \/>\n<meta name=\"twitter:card\" content=\"summary_large_image\" \/>\n<meta name=\"twitter:label1\" content=\"Est. reading time\" \/>\n\t<meta name=\"twitter:data1\" content=\"1 minute\" \/>\n<script type=\"application\/ld+json\" class=\"yoast-schema-graph\">{\"@context\":\"https:\/\/schema.org\",\"@graph\":[{\"@type\":\"WebPage\",\"@id\":\"https:\/\/www.icscoolenergy.com\/fr\/chauffage-par-ventilateur-22\/\",\"url\":\"https:\/\/www.icscoolenergy.com\/fr\/chauffage-par-ventilateur-22\/\",\"name\":\"Chauffage par ventilateur 22 - French\",\"isPartOf\":{\"@id\":\"https:\/\/www.icscoolenergy.com\/fr\/#website\"},\"primaryImageOfPage\":{\"@id\":\"https:\/\/www.icscoolenergy.com\/fr\/chauffage-par-ventilateur-22\/#primaryimage\"},\"image\":{\"@id\":\"https:\/\/www.icscoolenergy.com\/fr\/chauffage-par-ventilateur-22\/#primaryimage\"},\"thumbnailUrl\":\"https:\/\/www.icscoolenergy.com\/wp-content\/uploads\/sites\/2\/2024\/04\/Fan-Heater-22.png\",\"datePublished\":\"2024-04-19T13:02:35+00:00\",\"dateModified\":\"2024-06-05T20:37:17+00:00\",\"breadcrumb\":{\"@id\":\"https:\/\/www.icscoolenergy.com\/fr\/chauffage-par-ventilateur-22\/#breadcrumb\"},\"inLanguage\":\"fr-FR\",\"potentialAction\":[{\"@type\":\"ReadAction\",\"target\":[\"https:\/\/www.icscoolenergy.com\/fr\/chauffage-par-ventilateur-22\/\"]}]},{\"@type\":\"ImageObject\",\"inLanguage\":\"fr-FR\",\"@id\":\"https:\/\/www.icscoolenergy.com\/fr\/chauffage-par-ventilateur-22\/#primaryimage\",\"url\":\"https:\/\/www.icscoolenergy.com\/wp-content\/uploads\/sites\/2\/2024\/04\/Fan-Heater-22.png\",\"contentUrl\":\"https:\/\/www.icscoolenergy.com\/wp-content\/uploads\/sites\/2\/2024\/04\/Fan-Heater-22.png\",\"width\":560,\"height\":420,\"caption\":\"Chauffage par ventilateur 22 kW\"},{\"@type\":\"BreadcrumbList\",\"@id\":\"https:\/\/www.icscoolenergy.com\/fr\/chauffage-par-ventilateur-22\/#breadcrumb\",\"itemListElement\":[{\"@type\":\"ListItem\",\"position\":1,\"name\":\"Home\",\"item\":\"https:\/\/www.icscoolenergy.com\/fr\/\"},{\"@type\":\"ListItem\",\"position\":2,\"name\":\"Boutique\",\"item\":\"https:\/\/www.icscoolenergy.com\/fr\/boutique\/\"},{\"@type\":\"ListItem\",\"position\":3,\"name\":\"Chauffage par ventilateur 22\"}]},{\"@type\":\"WebSite\",\"@id\":\"https:\/\/www.icscoolenergy.com\/fr\/#website\",\"url\":\"https:\/\/www.icscoolenergy.com\/fr\/\",\"name\":\"ICS Cool Energy\",\"description\":\"The Process Temperature Control Specialists\",\"publisher\":{\"@id\":\"https:\/\/www.icscoolenergy.com\/fr\/#organization\"},\"potentialAction\":[{\"@type\":\"SearchAction\",\"target\":{\"@type\":\"EntryPoint\",\"urlTemplate\":\"https:\/\/www.icscoolenergy.com\/fr\/?s={search_term_string}\"},\"query-input\":{\"@type\":\"PropertyValueSpecification\",\"valueRequired\":true,\"valueName\":\"search_term_string\"}}],\"inLanguage\":\"fr-FR\"},{\"@type\":\"Organization\",\"@id\":\"https:\/\/www.icscoolenergy.com\/fr\/#organization\",\"name\":\"ICS Cool Energy\",\"url\":\"https:\/\/www.icscoolenergy.com\/fr\/\",\"logo\":{\"@type\":\"ImageObject\",\"inLanguage\":\"fr-FR\",\"@id\":\"https:\/\/www.icscoolenergy.com\/fr\/#\/schema\/logo\/image\/\",\"url\":\"https:\/\/www.icscoolenergy.com\/wp-content\/uploads\/sites\/2\/2024\/01\/ics-cool-energy-logo.svg\",\"contentUrl\":\"https:\/\/www.icscoolenergy.com\/wp-content\/uploads\/sites\/2\/2024\/01\/ics-cool-energy-logo.svg\",\"caption\":\"ICS Cool Energy\"},\"image\":{\"@id\":\"https:\/\/www.icscoolenergy.com\/fr\/#\/schema\/logo\/image\/\"}}]}<\/script>\n<!-- \/ Yoast SEO Premium plugin. -->","yoast_head_json":{"title":"Chauffage par ventilateur 22 - French","robots":{"index":"index","follow":"follow","max-snippet":"max-snippet:-1","max-image-preview":"max-image-preview:large","max-video-preview":"max-video-preview:-1"},"canonical":"https:\/\/www.icscoolenergy.com\/fr\/chauffage-par-ventilateur-22\/","og_locale":"fr_FR","og_type":"article","og_title":"Chauffage par ventilateur 22","og_description":"Notre gamme de chauffage est enti\u00e8rement portable et rapide \u00e0 installer, fournissant de la chaleur en quelques secondes. Le Fan Heater 22 est id\u00e9al pour chauffer les entrep\u00f4ts, les zones de production et les zones de stockage. L&rsquo;unit\u00e9 est autonome et peut diriger l&rsquo;air chaud vers des zones sp\u00e9cifiques en utilisant les conduits d&rsquo;air situ\u00e9s ... Lire la suite","og_url":"https:\/\/www.icscoolenergy.com\/fr\/chauffage-par-ventilateur-22\/","og_site_name":"French","article_modified_time":"2024-06-05T20:37:17+00:00","og_image":[{"width":560,"height":420,"url":"https:\/\/www.icscoolenergy.com\/wp-content\/uploads\/sites\/2\/2024\/04\/Fan-Heater-22.png","type":"image\/png"}],"twitter_card":"summary_large_image","twitter_misc":{"Est. reading time":"1 minute"},"schema":{"@context":"https:\/\/schema.org","@graph":[{"@type":"WebPage","@id":"https:\/\/www.icscoolenergy.com\/fr\/chauffage-par-ventilateur-22\/","url":"https:\/\/www.icscoolenergy.com\/fr\/chauffage-par-ventilateur-22\/","name":"Chauffage par ventilateur 22 - French","isPartOf":{"@id":"https:\/\/www.icscoolenergy.com\/fr\/#website"},"primaryImageOfPage":{"@id":"https:\/\/www.icscoolenergy.com\/fr\/chauffage-par-ventilateur-22\/#primaryimage"},"image":{"@id":"https:\/\/www.icscoolenergy.com\/fr\/chauffage-par-ventilateur-22\/#primaryimage"},"thumbnailUrl":"https:\/\/www.icscoolenergy.com\/wp-content\/uploads\/sites\/2\/2024\/04\/Fan-Heater-22.png","datePublished":"2024-04-19T13:02:35+00:00","dateModified":"2024-06-05T20:37:17+00:00","breadcrumb":{"@id":"https:\/\/www.icscoolenergy.com\/fr\/chauffage-par-ventilateur-22\/#breadcrumb"},"inLanguage":"fr-FR","potentialAction":[{"@type":"ReadAction","target":["https:\/\/www.icscoolenergy.com\/fr\/chauffage-par-ventilateur-22\/"]}]},{"@type":"ImageObject","inLanguage":"fr-FR","@id":"https:\/\/www.icscoolenergy.com\/fr\/chauffage-par-ventilateur-22\/#primaryimage","url":"https:\/\/www.icscoolenergy.com\/wp-content\/uploads\/sites\/2\/2024\/04\/Fan-Heater-22.png","contentUrl":"https:\/\/www.icscoolenergy.com\/wp-content\/uploads\/sites\/2\/2024\/04\/Fan-Heater-22.png","width":560,"height":420,"caption":"Chauffage par ventilateur 22 kW"},{"@type":"BreadcrumbList","@id":"https:\/\/www.icscoolenergy.com\/fr\/chauffage-par-ventilateur-22\/#breadcrumb","itemListElement":[{"@type":"ListItem","position":1,"name":"Home","item":"https:\/\/www.icscoolenergy.com\/fr\/"},{"@type":"ListItem","position":2,"name":"Boutique","item":"https:\/\/www.icscoolenergy.com\/fr\/boutique\/"},{"@type":"ListItem","position":3,"name":"Chauffage par ventilateur 22"}]},{"@type":"WebSite","@id":"https:\/\/www.icscoolenergy.com\/fr\/#website","url":"https:\/\/www.icscoolenergy.com\/fr\/","name":"ICS Cool Energy","description":"The Process Temperature Control Specialists","publisher":{"@id":"https:\/\/www.icscoolenergy.com\/fr\/#organization"},"potentialAction":[{"@type":"SearchAction","target":{"@type":"EntryPoint","urlTemplate":"https:\/\/www.icscoolenergy.com\/fr\/?s={search_term_string}"},"query-input":{"@type":"PropertyValueSpecification","valueRequired":true,"valueName":"search_term_string"}}],"inLanguage":"fr-FR"},{"@type":"Organization","@id":"https:\/\/www.icscoolenergy.com\/fr\/#organization","name":"ICS Cool Energy","url":"https:\/\/www.icscoolenergy.com\/fr\/","logo":{"@type":"ImageObject","inLanguage":"fr-FR","@id":"https:\/\/www.icscoolenergy.com\/fr\/#\/schema\/logo\/image\/","url":"https:\/\/www.icscoolenergy.com\/wp-content\/uploads\/sites\/2\/2024\/01\/ics-cool-energy-logo.svg","contentUrl":"https:\/\/www.icscoolenergy.com\/wp-content\/uploads\/sites\/2\/2024\/01\/ics-cool-energy-logo.svg","caption":"ICS Cool Energy"},"image":{"@id":"https:\/\/www.icscoolenergy.com\/fr\/#\/schema\/logo\/image\/"}}]}},"_links":{"self":[{"href":"https:\/\/www.icscoolenergy.com\/fr\/wp-json\/wp\/v2\/product\/121565","targetHints":{"allow":["GET"]}}],"collection":[{"href":"https:\/\/www.icscoolenergy.com\/fr\/wp-json\/wp\/v2\/product"}],"about":[{"href":"https:\/\/www.icscoolenergy.com\/fr\/wp-json\/wp\/v2\/types\/product"}],"replies":[{"embeddable":true,"href":"https:\/\/www.icscoolenergy.com\/fr\/wp-json\/wp\/v2\/comments?post=121565"}],"wp:featuredmedia":[{"embeddable":true,"href":"https:\/\/www.icscoolenergy.com\/fr\/wp-json\/wp\/v2\/media\/106286"}],"wp:attachment":[{"href":"https:\/\/www.icscoolenergy.com\/fr\/wp-json\/wp\/v2\/media?parent=121565"}],"wp:term":[{"taxonomy":"product_brand","embeddable":true,"href":"https:\/\/www.icscoolenergy.com\/fr\/wp-json\/wp\/v2\/product_brand?post=121565"},{"taxonomy":"product_cat","embeddable":true,"href":"https:\/\/www.icscoolenergy.com\/fr\/wp-json\/wp\/v2\/product_cat?post=121565"},{"taxonomy":"product_tag","embeddable":true,"href":"https:\/\/www.icscoolenergy.com\/fr\/wp-json\/wp\/v2\/product_tag?post=121565"}],"curies":[{"name":"wp","href":"https:\/\/api.w.org\/{rel}","templated":true}]}}