 
{"id":121568,"date":"2024-04-22T07:27:36","date_gmt":"2024-04-22T07:27:36","guid":{"rendered":"https:\/\/www.icscoolenergy.com\/fr\/non%20class\u00e9\/entrepot-frigorifique-10\/"},"modified":"2024-06-06T11:09:57","modified_gmt":"2024-06-06T11:09:57","slug":"entrepot-frigorifique-10","status":"publish","type":"product","link":"https:\/\/www.icscoolenergy.com\/fr\/entrepot-frigorifique-10\/","title":{"rendered":"Entrep\u00f4t frigorifique 10"},"content":{"rendered":"<p>Notre conteneur frigorifique de 10 pieds a \u00e9t\u00e9 con\u00e7u et construit en pensant \u00e0 l&rsquo;utilisateur. Il offre une fiabilit\u00e9 continue, des performances optimales et de faibles co\u00fbts de fonctionnement.<\/p>\n<p>L&rsquo;entrep\u00f4t frigorifique 10 a \u00e9t\u00e9 con\u00e7u pour offrir des solutions d&rsquo;entreposage frigorifique d&rsquo;une largeur de 2 palettes avec des machines encastr\u00e9es pour \u00e9viter toute perte de capacit\u00e9 interne. Le Cold Store 10 offre un refroidissement \u00e9conomique et puissant avec un fonctionnement sans faille. Il fournit la temp\u00e9rature id\u00e9ale pour stocker vos produits, avec un mode \u00e9co pour minimiser la consommation d&rsquo;\u00e9nergie et des capacit\u00e9s d&rsquo;autodiagnostic pour une plus grande tranquillit\u00e9 d&rsquo;esprit.<\/p>\n<p>Les unit\u00e9s sont disponibles en stock et peuvent \u00eatre livr\u00e9es dans tout le pays.<\/p>\n","protected":false},"excerpt":{"rendered":"<p>Notre conteneur frigorifique de 10 pieds a \u00e9t\u00e9 con\u00e7u et construit en pensant \u00e0 l&rsquo;utilisateur. Il offre une fiabilit\u00e9 continue, des performances optimales et de faibles co\u00fbts de fonctionnement. L&rsquo;entrep\u00f4t frigorifique 10 a \u00e9t\u00e9 con\u00e7u pour offrir des solutions d&rsquo;entreposage frigorifique d&rsquo;une largeur de 2 palettes avec des machines encastr\u00e9es pour \u00e9viter toute perte de &#8230; <a title=\"Entrep\u00f4t frigorifique 10\" class=\"read-more\" href=\"https:\/\/www.icscoolenergy.com\/fr\/entrepot-frigorifique-10\/\" aria-label=\"En savoir plus sur Entrep\u00f4t frigorifique 10\">Lire la suite<\/a><\/p>\n","protected":false},"featured_media":106133,"comment_status":"closed","ping_status":"closed","template":"","meta":{"_acf_changed":false,"inline_featured_image":false,"_editorskit_title_hidden":false,"_editorskit_reading_time":0,"_editorskit_is_block_options_detached":false,"_editorskit_block_options_position":"{}","editor_plus_copied_stylings":"{}"},"product_brand":[],"product_cat":[1108,1123,1107],"product_tag":[],"class_list":{"0":"post-121568","1":"product","2":"type-product","3":"status-publish","4":"has-post-thumbnail","6":"product_cat-location-dentrepots-frigorifiques","7":"product_cat-location-de-conteneurs-frigorifiques","8":"product_cat-chambre-froide","10":"first","11":"instock","12":"shipping-taxable","13":"product-type-simple"},"acf":[],"yoast_head":"<!-- This site is optimized with the Yoast SEO Premium plugin v24.5 (Yoast SEO v26.9) - https:\/\/yoast.com\/product\/yoast-seo-premium-wordpress\/ -->\n<title>Entrep\u00f4t frigorifique 10 - French<\/title>\n<meta name=\"robots\" content=\"index, follow, max-snippet:-1, max-image-preview:large, max-video-preview:-1\" \/>\n<link rel=\"canonical\" href=\"https:\/\/www.icscoolenergy.com\/fr\/entrepot-frigorifique-10\/\" \/>\n<meta property=\"og:locale\" content=\"fr_FR\" \/>\n<meta property=\"og:type\" content=\"article\" \/>\n<meta property=\"og:title\" content=\"Entrep\u00f4t frigorifique 10\" \/>\n<meta property=\"og:description\" content=\"Notre conteneur frigorifique de 10 pieds a \u00e9t\u00e9 con\u00e7u et construit en pensant \u00e0 l&rsquo;utilisateur. Il offre une fiabilit\u00e9 continue, des performances optimales et de faibles co\u00fbts de fonctionnement. L&rsquo;entrep\u00f4t frigorifique 10 a \u00e9t\u00e9 con\u00e7u pour offrir des solutions d&rsquo;entreposage frigorifique d&rsquo;une largeur de 2 palettes avec des machines encastr\u00e9es pour \u00e9viter toute perte de ... Lire la suite\" \/>\n<meta property=\"og:url\" content=\"https:\/\/www.icscoolenergy.com\/fr\/entrepot-frigorifique-10\/\" \/>\n<meta property=\"og:site_name\" content=\"French\" \/>\n<meta property=\"article:modified_time\" content=\"2024-06-06T11:09:57+00:00\" \/>\n<meta property=\"og:image\" content=\"https:\/\/www.icscoolenergy.com\/wp-content\/uploads\/sites\/2\/2024\/04\/Cold-Store-10.png\" \/>\n\t<meta property=\"og:image:width\" content=\"560\" \/>\n\t<meta property=\"og:image:height\" content=\"420\" \/>\n\t<meta property=\"og:image:type\" content=\"image\/png\" \/>\n<meta name=\"twitter:card\" content=\"summary_large_image\" \/>\n<meta name=\"twitter:label1\" content=\"Est. reading time\" \/>\n\t<meta name=\"twitter:data1\" content=\"1 minute\" \/>\n<script type=\"application\/ld+json\" class=\"yoast-schema-graph\">{\"@context\":\"https:\/\/schema.org\",\"@graph\":[{\"@type\":\"WebPage\",\"@id\":\"https:\/\/www.icscoolenergy.com\/fr\/entrepot-frigorifique-10\/\",\"url\":\"https:\/\/www.icscoolenergy.com\/fr\/entrepot-frigorifique-10\/\",\"name\":\"Entrep\u00f4t frigorifique 10 - French\",\"isPartOf\":{\"@id\":\"https:\/\/www.icscoolenergy.com\/fr\/#website\"},\"primaryImageOfPage\":{\"@id\":\"https:\/\/www.icscoolenergy.com\/fr\/entrepot-frigorifique-10\/#primaryimage\"},\"image\":{\"@id\":\"https:\/\/www.icscoolenergy.com\/fr\/entrepot-frigorifique-10\/#primaryimage\"},\"thumbnailUrl\":\"https:\/\/www.icscoolenergy.com\/wp-content\/uploads\/sites\/2\/2024\/04\/Cold-Store-10.png\",\"datePublished\":\"2024-04-22T07:27:36+00:00\",\"dateModified\":\"2024-06-06T11:09:57+00:00\",\"breadcrumb\":{\"@id\":\"https:\/\/www.icscoolenergy.com\/fr\/entrepot-frigorifique-10\/#breadcrumb\"},\"inLanguage\":\"fr-FR\",\"potentialAction\":[{\"@type\":\"ReadAction\",\"target\":[\"https:\/\/www.icscoolenergy.com\/fr\/entrepot-frigorifique-10\/\"]}]},{\"@type\":\"ImageObject\",\"inLanguage\":\"fr-FR\",\"@id\":\"https:\/\/www.icscoolenergy.com\/fr\/entrepot-frigorifique-10\/#primaryimage\",\"url\":\"https:\/\/www.icscoolenergy.com\/wp-content\/uploads\/sites\/2\/2024\/04\/Cold-Store-10.png\",\"contentUrl\":\"https:\/\/www.icscoolenergy.com\/wp-content\/uploads\/sites\/2\/2024\/04\/Cold-Store-10.png\",\"width\":560,\"height\":420,\"caption\":\"10ft Cold Storage Refrigerated Container\"},{\"@type\":\"BreadcrumbList\",\"@id\":\"https:\/\/www.icscoolenergy.com\/fr\/entrepot-frigorifique-10\/#breadcrumb\",\"itemListElement\":[{\"@type\":\"ListItem\",\"position\":1,\"name\":\"Home\",\"item\":\"https:\/\/www.icscoolenergy.com\/fr\/\"},{\"@type\":\"ListItem\",\"position\":2,\"name\":\"Boutique\",\"item\":\"https:\/\/www.icscoolenergy.com\/fr\/boutique\/\"},{\"@type\":\"ListItem\",\"position\":3,\"name\":\"Entrep\u00f4t frigorifique 10\"}]},{\"@type\":\"WebSite\",\"@id\":\"https:\/\/www.icscoolenergy.com\/fr\/#website\",\"url\":\"https:\/\/www.icscoolenergy.com\/fr\/\",\"name\":\"ICS Cool Energy\",\"description\":\"The Process Temperature Control Specialists\",\"publisher\":{\"@id\":\"https:\/\/www.icscoolenergy.com\/fr\/#organization\"},\"potentialAction\":[{\"@type\":\"SearchAction\",\"target\":{\"@type\":\"EntryPoint\",\"urlTemplate\":\"https:\/\/www.icscoolenergy.com\/fr\/?s={search_term_string}\"},\"query-input\":{\"@type\":\"PropertyValueSpecification\",\"valueRequired\":true,\"valueName\":\"search_term_string\"}}],\"inLanguage\":\"fr-FR\"},{\"@type\":\"Organization\",\"@id\":\"https:\/\/www.icscoolenergy.com\/fr\/#organization\",\"name\":\"ICS Cool Energy\",\"url\":\"https:\/\/www.icscoolenergy.com\/fr\/\",\"logo\":{\"@type\":\"ImageObject\",\"inLanguage\":\"fr-FR\",\"@id\":\"https:\/\/www.icscoolenergy.com\/fr\/#\/schema\/logo\/image\/\",\"url\":\"https:\/\/www.icscoolenergy.com\/wp-content\/uploads\/sites\/2\/2024\/01\/ics-cool-energy-logo.svg\",\"contentUrl\":\"https:\/\/www.icscoolenergy.com\/wp-content\/uploads\/sites\/2\/2024\/01\/ics-cool-energy-logo.svg\",\"caption\":\"ICS Cool Energy\"},\"image\":{\"@id\":\"https:\/\/www.icscoolenergy.com\/fr\/#\/schema\/logo\/image\/\"}}]}<\/script>\n<!-- \/ Yoast SEO Premium plugin. -->","yoast_head_json":{"title":"Entrep\u00f4t frigorifique 10 - French","robots":{"index":"index","follow":"follow","max-snippet":"max-snippet:-1","max-image-preview":"max-image-preview:large","max-video-preview":"max-video-preview:-1"},"canonical":"https:\/\/www.icscoolenergy.com\/fr\/entrepot-frigorifique-10\/","og_locale":"fr_FR","og_type":"article","og_title":"Entrep\u00f4t frigorifique 10","og_description":"Notre conteneur frigorifique de 10 pieds a \u00e9t\u00e9 con\u00e7u et construit en pensant \u00e0 l&rsquo;utilisateur. Il offre une fiabilit\u00e9 continue, des performances optimales et de faibles co\u00fbts de fonctionnement. L&rsquo;entrep\u00f4t frigorifique 10 a \u00e9t\u00e9 con\u00e7u pour offrir des solutions d&rsquo;entreposage frigorifique d&rsquo;une largeur de 2 palettes avec des machines encastr\u00e9es pour \u00e9viter toute perte de ... Lire la suite","og_url":"https:\/\/www.icscoolenergy.com\/fr\/entrepot-frigorifique-10\/","og_site_name":"French","article_modified_time":"2024-06-06T11:09:57+00:00","og_image":[{"width":560,"height":420,"url":"https:\/\/www.icscoolenergy.com\/wp-content\/uploads\/sites\/2\/2024\/04\/Cold-Store-10.png","type":"image\/png"}],"twitter_card":"summary_large_image","twitter_misc":{"Est. reading time":"1 minute"},"schema":{"@context":"https:\/\/schema.org","@graph":[{"@type":"WebPage","@id":"https:\/\/www.icscoolenergy.com\/fr\/entrepot-frigorifique-10\/","url":"https:\/\/www.icscoolenergy.com\/fr\/entrepot-frigorifique-10\/","name":"Entrep\u00f4t frigorifique 10 - French","isPartOf":{"@id":"https:\/\/www.icscoolenergy.com\/fr\/#website"},"primaryImageOfPage":{"@id":"https:\/\/www.icscoolenergy.com\/fr\/entrepot-frigorifique-10\/#primaryimage"},"image":{"@id":"https:\/\/www.icscoolenergy.com\/fr\/entrepot-frigorifique-10\/#primaryimage"},"thumbnailUrl":"https:\/\/www.icscoolenergy.com\/wp-content\/uploads\/sites\/2\/2024\/04\/Cold-Store-10.png","datePublished":"2024-04-22T07:27:36+00:00","dateModified":"2024-06-06T11:09:57+00:00","breadcrumb":{"@id":"https:\/\/www.icscoolenergy.com\/fr\/entrepot-frigorifique-10\/#breadcrumb"},"inLanguage":"fr-FR","potentialAction":[{"@type":"ReadAction","target":["https:\/\/www.icscoolenergy.com\/fr\/entrepot-frigorifique-10\/"]}]},{"@type":"ImageObject","inLanguage":"fr-FR","@id":"https:\/\/www.icscoolenergy.com\/fr\/entrepot-frigorifique-10\/#primaryimage","url":"https:\/\/www.icscoolenergy.com\/wp-content\/uploads\/sites\/2\/2024\/04\/Cold-Store-10.png","contentUrl":"https:\/\/www.icscoolenergy.com\/wp-content\/uploads\/sites\/2\/2024\/04\/Cold-Store-10.png","width":560,"height":420,"caption":"10ft Cold Storage Refrigerated Container"},{"@type":"BreadcrumbList","@id":"https:\/\/www.icscoolenergy.com\/fr\/entrepot-frigorifique-10\/#breadcrumb","itemListElement":[{"@type":"ListItem","position":1,"name":"Home","item":"https:\/\/www.icscoolenergy.com\/fr\/"},{"@type":"ListItem","position":2,"name":"Boutique","item":"https:\/\/www.icscoolenergy.com\/fr\/boutique\/"},{"@type":"ListItem","position":3,"name":"Entrep\u00f4t frigorifique 10"}]},{"@type":"WebSite","@id":"https:\/\/www.icscoolenergy.com\/fr\/#website","url":"https:\/\/www.icscoolenergy.com\/fr\/","name":"ICS Cool Energy","description":"The Process Temperature Control Specialists","publisher":{"@id":"https:\/\/www.icscoolenergy.com\/fr\/#organization"},"potentialAction":[{"@type":"SearchAction","target":{"@type":"EntryPoint","urlTemplate":"https:\/\/www.icscoolenergy.com\/fr\/?s={search_term_string}"},"query-input":{"@type":"PropertyValueSpecification","valueRequired":true,"valueName":"search_term_string"}}],"inLanguage":"fr-FR"},{"@type":"Organization","@id":"https:\/\/www.icscoolenergy.com\/fr\/#organization","name":"ICS Cool Energy","url":"https:\/\/www.icscoolenergy.com\/fr\/","logo":{"@type":"ImageObject","inLanguage":"fr-FR","@id":"https:\/\/www.icscoolenergy.com\/fr\/#\/schema\/logo\/image\/","url":"https:\/\/www.icscoolenergy.com\/wp-content\/uploads\/sites\/2\/2024\/01\/ics-cool-energy-logo.svg","contentUrl":"https:\/\/www.icscoolenergy.com\/wp-content\/uploads\/sites\/2\/2024\/01\/ics-cool-energy-logo.svg","caption":"ICS Cool Energy"},"image":{"@id":"https:\/\/www.icscoolenergy.com\/fr\/#\/schema\/logo\/image\/"}}]}},"_links":{"self":[{"href":"https:\/\/www.icscoolenergy.com\/fr\/wp-json\/wp\/v2\/product\/121568","targetHints":{"allow":["GET"]}}],"collection":[{"href":"https:\/\/www.icscoolenergy.com\/fr\/wp-json\/wp\/v2\/product"}],"about":[{"href":"https:\/\/www.icscoolenergy.com\/fr\/wp-json\/wp\/v2\/types\/product"}],"replies":[{"embeddable":true,"href":"https:\/\/www.icscoolenergy.com\/fr\/wp-json\/wp\/v2\/comments?post=121568"}],"wp:featuredmedia":[{"embeddable":true,"href":"https:\/\/www.icscoolenergy.com\/fr\/wp-json\/wp\/v2\/media\/106133"}],"wp:attachment":[{"href":"https:\/\/www.icscoolenergy.com\/fr\/wp-json\/wp\/v2\/media?parent=121568"}],"wp:term":[{"taxonomy":"product_brand","embeddable":true,"href":"https:\/\/www.icscoolenergy.com\/fr\/wp-json\/wp\/v2\/product_brand?post=121568"},{"taxonomy":"product_cat","embeddable":true,"href":"https:\/\/www.icscoolenergy.com\/fr\/wp-json\/wp\/v2\/product_cat?post=121568"},{"taxonomy":"product_tag","embeddable":true,"href":"https:\/\/www.icscoolenergy.com\/fr\/wp-json\/wp\/v2\/product_tag?post=121568"}],"curies":[{"name":"wp","href":"https:\/\/api.w.org\/{rel}","templated":true}]}}