 
{"id":121572,"date":"2024-04-26T15:36:22","date_gmt":"2024-04-26T15:36:22","guid":{"rendered":"https:\/\/www.icscoolenergy.com\/fr\/non%20class\u00e9\/i-temp-compact-eco-line\/"},"modified":"2024-06-05T16:15:11","modified_gmt":"2024-06-05T16:15:11","slug":"i-temp-compact-eco-dot-line","status":"publish","type":"product","link":"https:\/\/www.icscoolenergy.com\/fr\/i-temp-compact-eco-dot-line\/","title":{"rendered":"i-Temp Compact eco.line"},"content":{"rendered":"<p>Notre unit\u00e9 de contr\u00f4le de la temp\u00e9rature eco.line est actuellement l&rsquo;unit\u00e9 de contr\u00f4le de la temp\u00e9rature int\u00e9gr\u00e9e la plus efficace du march\u00e9. Ils optimisent les co\u00fbts d&rsquo;exploitation et sont donc syst\u00e9matiquement con\u00e7us dans une optique de durabilit\u00e9, ce qui permet de r\u00e9duire jusqu&rsquo;\u00e0 92 % les \u00e9missions de carbone.<\/p>\n<p>Ils conviennent pour une thermor\u00e9gulation \u00e9conomique avec de l&rsquo;eau \u00e0 des temp\u00e9ratures allant jusqu&rsquo;\u00e0 180\u00b0C et des d\u00e9bits allant jusqu&rsquo;\u00e0 230 l\/min, avec une puissance de chauffage comprise entre 9 et 36 kW.<\/p>\n<p>Le module d&rsquo;efficacit\u00e9 de la pompe (PEM), qui est d\u00e9j\u00e0 inclus en standard dans la gamme eco.line, offre plusieurs options pour la sp\u00e9cification du point de consigne pour le contr\u00f4le de la vitesse.<\/p>\n<p>Les clients pr\u00e9f\u00e8rent utiliser la r\u00e9gulation en fonction de la diff\u00e9rence de temp\u00e9rature entre le flux d&rsquo;alimentation du fluide de circulation et le flux de retour du fluide de circulation. Il est \u00e9galement possible de sp\u00e9cifier le d\u00e9bit en tant que valeur absolue en L\/min ou en tant que pourcentage de la vitesse en option.<\/p>\n","protected":false},"excerpt":{"rendered":"<p>Notre unit\u00e9 de contr\u00f4le de la temp\u00e9rature eco.line est actuellement l&rsquo;unit\u00e9 de contr\u00f4le de la temp\u00e9rature int\u00e9gr\u00e9e la plus efficace du march\u00e9. Ils optimisent les co\u00fbts d&rsquo;exploitation et sont donc syst\u00e9matiquement con\u00e7us dans une optique de durabilit\u00e9, ce qui permet de r\u00e9duire jusqu&rsquo;\u00e0 92 % les \u00e9missions de carbone. Ils conviennent pour une thermor\u00e9gulation \u00e9conomique &#8230; <a title=\"i-Temp Compact eco.line\" class=\"read-more\" href=\"https:\/\/www.icscoolenergy.com\/fr\/i-temp-compact-eco-dot-line\/\" aria-label=\"En savoir plus sur i-Temp Compact eco.line\">Lire la suite<\/a><\/p>\n","protected":false},"featured_media":117948,"comment_status":"closed","ping_status":"closed","template":"","meta":{"_acf_changed":false,"inline_featured_image":false,"_editorskit_title_hidden":false,"_editorskit_reading_time":0,"_editorskit_is_block_options_detached":false,"_editorskit_block_options_position":"{}","editor_plus_copied_stylings":"{}"},"product_brand":[],"product_cat":[1119],"product_tag":[],"class_list":{"0":"post-121572","1":"product","2":"type-product","3":"status-publish","4":"has-post-thumbnail","6":"product_cat-unites-de-controle-de-la-temperature","8":"first","9":"instock","10":"shipping-taxable","11":"product-type-simple"},"acf":[],"yoast_head":"<!-- This site is optimized with the Yoast SEO Premium plugin v24.5 (Yoast SEO v26.9) - https:\/\/yoast.com\/product\/yoast-seo-premium-wordpress\/ -->\n<title>i-Temp Compact eco.line - French<\/title>\n<meta name=\"robots\" content=\"index, follow, max-snippet:-1, max-image-preview:large, max-video-preview:-1\" \/>\n<link rel=\"canonical\" href=\"https:\/\/www.icscoolenergy.com\/fr\/i-temp-compact-eco-dot-line\/\" \/>\n<meta property=\"og:locale\" content=\"fr_FR\" \/>\n<meta property=\"og:type\" content=\"article\" \/>\n<meta property=\"og:title\" content=\"i-Temp Compact eco.line\" \/>\n<meta property=\"og:description\" content=\"Notre unit\u00e9 de contr\u00f4le de la temp\u00e9rature eco.line est actuellement l&rsquo;unit\u00e9 de contr\u00f4le de la temp\u00e9rature int\u00e9gr\u00e9e la plus efficace du march\u00e9. Ils optimisent les co\u00fbts d&rsquo;exploitation et sont donc syst\u00e9matiquement con\u00e7us dans une optique de durabilit\u00e9, ce qui permet de r\u00e9duire jusqu&rsquo;\u00e0 92 % les \u00e9missions de carbone. Ils conviennent pour une thermor\u00e9gulation \u00e9conomique ... Lire la suite\" \/>\n<meta property=\"og:url\" content=\"https:\/\/www.icscoolenergy.com\/fr\/i-temp-compact-eco-dot-line\/\" \/>\n<meta property=\"og:site_name\" content=\"French\" \/>\n<meta property=\"article:modified_time\" content=\"2024-06-05T16:15:11+00:00\" \/>\n<meta property=\"og:image\" content=\"https:\/\/www.icscoolenergy.com\/wp-content\/uploads\/sites\/2\/2024\/04\/i-Temp-Compact-1.png\" \/>\n\t<meta property=\"og:image:width\" content=\"560\" \/>\n\t<meta property=\"og:image:height\" content=\"420\" \/>\n\t<meta property=\"og:image:type\" content=\"image\/png\" \/>\n<meta name=\"twitter:card\" content=\"summary_large_image\" \/>\n<meta name=\"twitter:label1\" content=\"Est. reading time\" \/>\n\t<meta name=\"twitter:data1\" content=\"1 minute\" \/>\n<script type=\"application\/ld+json\" class=\"yoast-schema-graph\">{\"@context\":\"https:\/\/schema.org\",\"@graph\":[{\"@type\":\"WebPage\",\"@id\":\"https:\/\/www.icscoolenergy.com\/fr\/i-temp-compact-eco-dot-line\/\",\"url\":\"https:\/\/www.icscoolenergy.com\/fr\/i-temp-compact-eco-dot-line\/\",\"name\":\"i-Temp Compact eco.line - French\",\"isPartOf\":{\"@id\":\"https:\/\/www.icscoolenergy.com\/fr\/#website\"},\"primaryImageOfPage\":{\"@id\":\"https:\/\/www.icscoolenergy.com\/fr\/i-temp-compact-eco-dot-line\/#primaryimage\"},\"image\":{\"@id\":\"https:\/\/www.icscoolenergy.com\/fr\/i-temp-compact-eco-dot-line\/#primaryimage\"},\"thumbnailUrl\":\"https:\/\/www.icscoolenergy.com\/wp-content\/uploads\/sites\/2\/2024\/04\/i-Temp-Compact-1.png\",\"datePublished\":\"2024-04-26T15:36:22+00:00\",\"dateModified\":\"2024-06-05T16:15:11+00:00\",\"breadcrumb\":{\"@id\":\"https:\/\/www.icscoolenergy.com\/fr\/i-temp-compact-eco-dot-line\/#breadcrumb\"},\"inLanguage\":\"fr-FR\",\"potentialAction\":[{\"@type\":\"ReadAction\",\"target\":[\"https:\/\/www.icscoolenergy.com\/fr\/i-temp-compact-eco-dot-line\/\"]}]},{\"@type\":\"ImageObject\",\"inLanguage\":\"fr-FR\",\"@id\":\"https:\/\/www.icscoolenergy.com\/fr\/i-temp-compact-eco-dot-line\/#primaryimage\",\"url\":\"https:\/\/www.icscoolenergy.com\/wp-content\/uploads\/sites\/2\/2024\/04\/i-Temp-Compact-1.png\",\"contentUrl\":\"https:\/\/www.icscoolenergy.com\/wp-content\/uploads\/sites\/2\/2024\/04\/i-Temp-Compact-1.png\",\"width\":560,\"height\":420,\"caption\":\"i-Temp Compact ecoline image du produit\"},{\"@type\":\"BreadcrumbList\",\"@id\":\"https:\/\/www.icscoolenergy.com\/fr\/i-temp-compact-eco-dot-line\/#breadcrumb\",\"itemListElement\":[{\"@type\":\"ListItem\",\"position\":1,\"name\":\"Home\",\"item\":\"https:\/\/www.icscoolenergy.com\/fr\/\"},{\"@type\":\"ListItem\",\"position\":2,\"name\":\"Boutique\",\"item\":\"https:\/\/www.icscoolenergy.com\/fr\/boutique\/\"},{\"@type\":\"ListItem\",\"position\":3,\"name\":\"i-Temp Compact eco.line\"}]},{\"@type\":\"WebSite\",\"@id\":\"https:\/\/www.icscoolenergy.com\/fr\/#website\",\"url\":\"https:\/\/www.icscoolenergy.com\/fr\/\",\"name\":\"ICS Cool Energy\",\"description\":\"The Process Temperature Control Specialists\",\"publisher\":{\"@id\":\"https:\/\/www.icscoolenergy.com\/fr\/#organization\"},\"potentialAction\":[{\"@type\":\"SearchAction\",\"target\":{\"@type\":\"EntryPoint\",\"urlTemplate\":\"https:\/\/www.icscoolenergy.com\/fr\/?s={search_term_string}\"},\"query-input\":{\"@type\":\"PropertyValueSpecification\",\"valueRequired\":true,\"valueName\":\"search_term_string\"}}],\"inLanguage\":\"fr-FR\"},{\"@type\":\"Organization\",\"@id\":\"https:\/\/www.icscoolenergy.com\/fr\/#organization\",\"name\":\"ICS Cool Energy\",\"url\":\"https:\/\/www.icscoolenergy.com\/fr\/\",\"logo\":{\"@type\":\"ImageObject\",\"inLanguage\":\"fr-FR\",\"@id\":\"https:\/\/www.icscoolenergy.com\/fr\/#\/schema\/logo\/image\/\",\"url\":\"https:\/\/www.icscoolenergy.com\/wp-content\/uploads\/sites\/2\/2024\/01\/ics-cool-energy-logo.svg\",\"contentUrl\":\"https:\/\/www.icscoolenergy.com\/wp-content\/uploads\/sites\/2\/2024\/01\/ics-cool-energy-logo.svg\",\"caption\":\"ICS Cool Energy\"},\"image\":{\"@id\":\"https:\/\/www.icscoolenergy.com\/fr\/#\/schema\/logo\/image\/\"}}]}<\/script>\n<!-- \/ Yoast SEO Premium plugin. -->","yoast_head_json":{"title":"i-Temp Compact eco.line - French","robots":{"index":"index","follow":"follow","max-snippet":"max-snippet:-1","max-image-preview":"max-image-preview:large","max-video-preview":"max-video-preview:-1"},"canonical":"https:\/\/www.icscoolenergy.com\/fr\/i-temp-compact-eco-dot-line\/","og_locale":"fr_FR","og_type":"article","og_title":"i-Temp Compact eco.line","og_description":"Notre unit\u00e9 de contr\u00f4le de la temp\u00e9rature eco.line est actuellement l&rsquo;unit\u00e9 de contr\u00f4le de la temp\u00e9rature int\u00e9gr\u00e9e la plus efficace du march\u00e9. Ils optimisent les co\u00fbts d&rsquo;exploitation et sont donc syst\u00e9matiquement con\u00e7us dans une optique de durabilit\u00e9, ce qui permet de r\u00e9duire jusqu&rsquo;\u00e0 92 % les \u00e9missions de carbone. Ils conviennent pour une thermor\u00e9gulation \u00e9conomique ... Lire la suite","og_url":"https:\/\/www.icscoolenergy.com\/fr\/i-temp-compact-eco-dot-line\/","og_site_name":"French","article_modified_time":"2024-06-05T16:15:11+00:00","og_image":[{"width":560,"height":420,"url":"https:\/\/www.icscoolenergy.com\/wp-content\/uploads\/sites\/2\/2024\/04\/i-Temp-Compact-1.png","type":"image\/png"}],"twitter_card":"summary_large_image","twitter_misc":{"Est. reading time":"1 minute"},"schema":{"@context":"https:\/\/schema.org","@graph":[{"@type":"WebPage","@id":"https:\/\/www.icscoolenergy.com\/fr\/i-temp-compact-eco-dot-line\/","url":"https:\/\/www.icscoolenergy.com\/fr\/i-temp-compact-eco-dot-line\/","name":"i-Temp Compact eco.line - French","isPartOf":{"@id":"https:\/\/www.icscoolenergy.com\/fr\/#website"},"primaryImageOfPage":{"@id":"https:\/\/www.icscoolenergy.com\/fr\/i-temp-compact-eco-dot-line\/#primaryimage"},"image":{"@id":"https:\/\/www.icscoolenergy.com\/fr\/i-temp-compact-eco-dot-line\/#primaryimage"},"thumbnailUrl":"https:\/\/www.icscoolenergy.com\/wp-content\/uploads\/sites\/2\/2024\/04\/i-Temp-Compact-1.png","datePublished":"2024-04-26T15:36:22+00:00","dateModified":"2024-06-05T16:15:11+00:00","breadcrumb":{"@id":"https:\/\/www.icscoolenergy.com\/fr\/i-temp-compact-eco-dot-line\/#breadcrumb"},"inLanguage":"fr-FR","potentialAction":[{"@type":"ReadAction","target":["https:\/\/www.icscoolenergy.com\/fr\/i-temp-compact-eco-dot-line\/"]}]},{"@type":"ImageObject","inLanguage":"fr-FR","@id":"https:\/\/www.icscoolenergy.com\/fr\/i-temp-compact-eco-dot-line\/#primaryimage","url":"https:\/\/www.icscoolenergy.com\/wp-content\/uploads\/sites\/2\/2024\/04\/i-Temp-Compact-1.png","contentUrl":"https:\/\/www.icscoolenergy.com\/wp-content\/uploads\/sites\/2\/2024\/04\/i-Temp-Compact-1.png","width":560,"height":420,"caption":"i-Temp Compact ecoline image du produit"},{"@type":"BreadcrumbList","@id":"https:\/\/www.icscoolenergy.com\/fr\/i-temp-compact-eco-dot-line\/#breadcrumb","itemListElement":[{"@type":"ListItem","position":1,"name":"Home","item":"https:\/\/www.icscoolenergy.com\/fr\/"},{"@type":"ListItem","position":2,"name":"Boutique","item":"https:\/\/www.icscoolenergy.com\/fr\/boutique\/"},{"@type":"ListItem","position":3,"name":"i-Temp Compact eco.line"}]},{"@type":"WebSite","@id":"https:\/\/www.icscoolenergy.com\/fr\/#website","url":"https:\/\/www.icscoolenergy.com\/fr\/","name":"ICS Cool Energy","description":"The Process Temperature Control Specialists","publisher":{"@id":"https:\/\/www.icscoolenergy.com\/fr\/#organization"},"potentialAction":[{"@type":"SearchAction","target":{"@type":"EntryPoint","urlTemplate":"https:\/\/www.icscoolenergy.com\/fr\/?s={search_term_string}"},"query-input":{"@type":"PropertyValueSpecification","valueRequired":true,"valueName":"search_term_string"}}],"inLanguage":"fr-FR"},{"@type":"Organization","@id":"https:\/\/www.icscoolenergy.com\/fr\/#organization","name":"ICS Cool Energy","url":"https:\/\/www.icscoolenergy.com\/fr\/","logo":{"@type":"ImageObject","inLanguage":"fr-FR","@id":"https:\/\/www.icscoolenergy.com\/fr\/#\/schema\/logo\/image\/","url":"https:\/\/www.icscoolenergy.com\/wp-content\/uploads\/sites\/2\/2024\/01\/ics-cool-energy-logo.svg","contentUrl":"https:\/\/www.icscoolenergy.com\/wp-content\/uploads\/sites\/2\/2024\/01\/ics-cool-energy-logo.svg","caption":"ICS Cool Energy"},"image":{"@id":"https:\/\/www.icscoolenergy.com\/fr\/#\/schema\/logo\/image\/"}}]}},"_links":{"self":[{"href":"https:\/\/www.icscoolenergy.com\/fr\/wp-json\/wp\/v2\/product\/121572","targetHints":{"allow":["GET"]}}],"collection":[{"href":"https:\/\/www.icscoolenergy.com\/fr\/wp-json\/wp\/v2\/product"}],"about":[{"href":"https:\/\/www.icscoolenergy.com\/fr\/wp-json\/wp\/v2\/types\/product"}],"replies":[{"embeddable":true,"href":"https:\/\/www.icscoolenergy.com\/fr\/wp-json\/wp\/v2\/comments?post=121572"}],"wp:featuredmedia":[{"embeddable":true,"href":"https:\/\/www.icscoolenergy.com\/fr\/wp-json\/wp\/v2\/media\/117948"}],"wp:attachment":[{"href":"https:\/\/www.icscoolenergy.com\/fr\/wp-json\/wp\/v2\/media?parent=121572"}],"wp:term":[{"taxonomy":"product_brand","embeddable":true,"href":"https:\/\/www.icscoolenergy.com\/fr\/wp-json\/wp\/v2\/product_brand?post=121572"},{"taxonomy":"product_cat","embeddable":true,"href":"https:\/\/www.icscoolenergy.com\/fr\/wp-json\/wp\/v2\/product_cat?post=121572"},{"taxonomy":"product_tag","embeddable":true,"href":"https:\/\/www.icscoolenergy.com\/fr\/wp-json\/wp\/v2\/product_tag?post=121572"}],"curies":[{"name":"wp","href":"https:\/\/api.w.org\/{rel}","templated":true}]}}