 
{"id":121573,"date":"2024-04-22T13:15:09","date_gmt":"2024-04-22T13:15:09","guid":{"rendered":"https:\/\/www.icscoolenergy.com\/fr\/non%20class\u00e9\/chaudiere-2000\/"},"modified":"2024-06-06T12:00:56","modified_gmt":"2024-06-06T12:00:56","slug":"chaudiere-2000","status":"publish","type":"product","link":"https:\/\/www.icscoolenergy.com\/fr\/chaudiere-2000\/","title":{"rendered":"Chaudi\u00e8re 2000"},"content":{"rendered":"<p>Notre Boiler 2000 est con\u00e7u pour un fonctionnement fiable et s\u00fbr avec des tuyaux flexibles et des temp\u00e9ratures allant jusqu&rsquo;\u00e0 90\u00b0C.<\/p>\n<p>Son conteneur en acier permet de l&rsquo;installer \u00e0 l&rsquo;ext\u00e9rieur et de le prot\u00e9ger davantage des \u00e9l\u00e9ments environnementaux. Le conteneur permet \u00e9galement de le positionner facilement \u00e0 l&rsquo;aide d&rsquo;un chariot \u00e9l\u00e9vateur et de le connecter \u00e0 votre syst\u00e8me pour une mise en place rapide de la location.<\/p>\n<p>En outre, les unit\u00e9s sont dot\u00e9es de dispositifs de s\u00e9curit\u00e9, d&rsquo;une protection du syst\u00e8me, d&rsquo;un vase d&rsquo;expansion \u00e0 membrane et d&rsquo;une protection contre le gel.<\/p>\n","protected":false},"excerpt":{"rendered":"<p>Notre Boiler 2000 est con\u00e7u pour un fonctionnement fiable et s\u00fbr avec des tuyaux flexibles et des temp\u00e9ratures allant jusqu&rsquo;\u00e0 90\u00b0C. Son conteneur en acier permet de l&rsquo;installer \u00e0 l&rsquo;ext\u00e9rieur et de le prot\u00e9ger davantage des \u00e9l\u00e9ments environnementaux. Le conteneur permet \u00e9galement de le positionner facilement \u00e0 l&rsquo;aide d&rsquo;un chariot \u00e9l\u00e9vateur et de le connecter &#8230; <a title=\"Chaudi\u00e8re 2000\" class=\"read-more\" href=\"https:\/\/www.icscoolenergy.com\/fr\/chaudiere-2000\/\" aria-label=\"En savoir plus sur Chaudi\u00e8re 2000\">Lire la suite<\/a><\/p>\n","protected":false},"featured_media":106951,"comment_status":"closed","ping_status":"closed","template":"","meta":{"_acf_changed":false,"inline_featured_image":false,"_editorskit_title_hidden":false,"_editorskit_reading_time":0,"_editorskit_is_block_options_detached":false,"_editorskit_block_options_position":"{}","editor_plus_copied_stylings":"{}"},"product_brand":[],"product_cat":[1112,1114,1116,1113,1118,1117,1115,1110],"product_tag":[],"class_list":{"0":"post-121573","1":"product","2":"type-product","3":"status-publish","4":"has-post-thumbnail","6":"product_cat-location-de-chaudieres","7":"product_cat-location-de-chaudieres-commerciales","8":"product_cat-location-de-chaudieres-en-urgence","9":"product_cat-location-de-chaudieres-industrielles","10":"product_cat-location-de-chaudieres-pour-les-ecoles","11":"product_cat-location-de-chaudieres-pour-les-hopitaux","12":"product_cat-location-de-chauffage-urbain","13":"product_cat-chaudiere","15":"first","16":"instock","17":"shipping-taxable","18":"product-type-simple"},"acf":[],"yoast_head":"<!-- This site is optimized with the Yoast SEO Premium plugin v24.5 (Yoast SEO v26.9) - https:\/\/yoast.com\/product\/yoast-seo-premium-wordpress\/ -->\n<title>Chaudi\u00e8re 2000 - French<\/title>\n<meta name=\"robots\" content=\"index, follow, max-snippet:-1, max-image-preview:large, max-video-preview:-1\" \/>\n<link rel=\"canonical\" href=\"https:\/\/www.icscoolenergy.com\/fr\/chaudiere-2000\/\" \/>\n<meta property=\"og:locale\" content=\"fr_FR\" \/>\n<meta property=\"og:type\" content=\"article\" \/>\n<meta property=\"og:title\" content=\"Chaudi\u00e8re 2000\" \/>\n<meta property=\"og:description\" content=\"Notre Boiler 2000 est con\u00e7u pour un fonctionnement fiable et s\u00fbr avec des tuyaux flexibles et des temp\u00e9ratures allant jusqu&rsquo;\u00e0 90\u00b0C. Son conteneur en acier permet de l&rsquo;installer \u00e0 l&rsquo;ext\u00e9rieur et de le prot\u00e9ger davantage des \u00e9l\u00e9ments environnementaux. Le conteneur permet \u00e9galement de le positionner facilement \u00e0 l&rsquo;aide d&rsquo;un chariot \u00e9l\u00e9vateur et de le connecter ... Lire la suite\" \/>\n<meta property=\"og:url\" content=\"https:\/\/www.icscoolenergy.com\/fr\/chaudiere-2000\/\" \/>\n<meta property=\"og:site_name\" content=\"French\" \/>\n<meta property=\"article:modified_time\" content=\"2024-06-06T12:00:56+00:00\" \/>\n<meta property=\"og:image\" content=\"https:\/\/www.icscoolenergy.com\/wp-content\/uploads\/sites\/2\/2024\/04\/Boiler-2000.png\" \/>\n\t<meta property=\"og:image:width\" content=\"560\" \/>\n\t<meta property=\"og:image:height\" content=\"420\" \/>\n\t<meta property=\"og:image:type\" content=\"image\/png\" \/>\n<meta name=\"twitter:card\" content=\"summary_large_image\" \/>\n<meta name=\"twitter:label1\" content=\"Est. reading time\" \/>\n\t<meta name=\"twitter:data1\" content=\"1 minute\" \/>\n<script type=\"application\/ld+json\" class=\"yoast-schema-graph\">{\"@context\":\"https:\/\/schema.org\",\"@graph\":[{\"@type\":\"WebPage\",\"@id\":\"https:\/\/www.icscoolenergy.com\/fr\/chaudiere-2000\/\",\"url\":\"https:\/\/www.icscoolenergy.com\/fr\/chaudiere-2000\/\",\"name\":\"Chaudi\u00e8re 2000 - French\",\"isPartOf\":{\"@id\":\"https:\/\/www.icscoolenergy.com\/fr\/#website\"},\"primaryImageOfPage\":{\"@id\":\"https:\/\/www.icscoolenergy.com\/fr\/chaudiere-2000\/#primaryimage\"},\"image\":{\"@id\":\"https:\/\/www.icscoolenergy.com\/fr\/chaudiere-2000\/#primaryimage\"},\"thumbnailUrl\":\"https:\/\/www.icscoolenergy.com\/wp-content\/uploads\/sites\/2\/2024\/04\/Boiler-2000.png\",\"datePublished\":\"2024-04-22T13:15:09+00:00\",\"dateModified\":\"2024-06-06T12:00:56+00:00\",\"breadcrumb\":{\"@id\":\"https:\/\/www.icscoolenergy.com\/fr\/chaudiere-2000\/#breadcrumb\"},\"inLanguage\":\"fr-FR\",\"potentialAction\":[{\"@type\":\"ReadAction\",\"target\":[\"https:\/\/www.icscoolenergy.com\/fr\/chaudiere-2000\/\"]}]},{\"@type\":\"ImageObject\",\"inLanguage\":\"fr-FR\",\"@id\":\"https:\/\/www.icscoolenergy.com\/fr\/chaudiere-2000\/#primaryimage\",\"url\":\"https:\/\/www.icscoolenergy.com\/wp-content\/uploads\/sites\/2\/2024\/04\/Boiler-2000.png\",\"contentUrl\":\"https:\/\/www.icscoolenergy.com\/wp-content\/uploads\/sites\/2\/2024\/04\/Boiler-2000.png\",\"width\":560,\"height\":420,\"caption\":\"2000 kW Location de chaudi\u00e8re\"},{\"@type\":\"BreadcrumbList\",\"@id\":\"https:\/\/www.icscoolenergy.com\/fr\/chaudiere-2000\/#breadcrumb\",\"itemListElement\":[{\"@type\":\"ListItem\",\"position\":1,\"name\":\"Home\",\"item\":\"https:\/\/www.icscoolenergy.com\/fr\/\"},{\"@type\":\"ListItem\",\"position\":2,\"name\":\"Boutique\",\"item\":\"https:\/\/www.icscoolenergy.com\/fr\/boutique\/\"},{\"@type\":\"ListItem\",\"position\":3,\"name\":\"Chaudi\u00e8re 2000\"}]},{\"@type\":\"WebSite\",\"@id\":\"https:\/\/www.icscoolenergy.com\/fr\/#website\",\"url\":\"https:\/\/www.icscoolenergy.com\/fr\/\",\"name\":\"ICS Cool Energy\",\"description\":\"The Process Temperature Control Specialists\",\"publisher\":{\"@id\":\"https:\/\/www.icscoolenergy.com\/fr\/#organization\"},\"potentialAction\":[{\"@type\":\"SearchAction\",\"target\":{\"@type\":\"EntryPoint\",\"urlTemplate\":\"https:\/\/www.icscoolenergy.com\/fr\/?s={search_term_string}\"},\"query-input\":{\"@type\":\"PropertyValueSpecification\",\"valueRequired\":true,\"valueName\":\"search_term_string\"}}],\"inLanguage\":\"fr-FR\"},{\"@type\":\"Organization\",\"@id\":\"https:\/\/www.icscoolenergy.com\/fr\/#organization\",\"name\":\"ICS Cool Energy\",\"url\":\"https:\/\/www.icscoolenergy.com\/fr\/\",\"logo\":{\"@type\":\"ImageObject\",\"inLanguage\":\"fr-FR\",\"@id\":\"https:\/\/www.icscoolenergy.com\/fr\/#\/schema\/logo\/image\/\",\"url\":\"https:\/\/www.icscoolenergy.com\/wp-content\/uploads\/sites\/2\/2024\/01\/ics-cool-energy-logo.svg\",\"contentUrl\":\"https:\/\/www.icscoolenergy.com\/wp-content\/uploads\/sites\/2\/2024\/01\/ics-cool-energy-logo.svg\",\"caption\":\"ICS Cool Energy\"},\"image\":{\"@id\":\"https:\/\/www.icscoolenergy.com\/fr\/#\/schema\/logo\/image\/\"}}]}<\/script>\n<!-- \/ Yoast SEO Premium plugin. -->","yoast_head_json":{"title":"Chaudi\u00e8re 2000 - French","robots":{"index":"index","follow":"follow","max-snippet":"max-snippet:-1","max-image-preview":"max-image-preview:large","max-video-preview":"max-video-preview:-1"},"canonical":"https:\/\/www.icscoolenergy.com\/fr\/chaudiere-2000\/","og_locale":"fr_FR","og_type":"article","og_title":"Chaudi\u00e8re 2000","og_description":"Notre Boiler 2000 est con\u00e7u pour un fonctionnement fiable et s\u00fbr avec des tuyaux flexibles et des temp\u00e9ratures allant jusqu&rsquo;\u00e0 90\u00b0C. Son conteneur en acier permet de l&rsquo;installer \u00e0 l&rsquo;ext\u00e9rieur et de le prot\u00e9ger davantage des \u00e9l\u00e9ments environnementaux. Le conteneur permet \u00e9galement de le positionner facilement \u00e0 l&rsquo;aide d&rsquo;un chariot \u00e9l\u00e9vateur et de le connecter ... Lire la suite","og_url":"https:\/\/www.icscoolenergy.com\/fr\/chaudiere-2000\/","og_site_name":"French","article_modified_time":"2024-06-06T12:00:56+00:00","og_image":[{"width":560,"height":420,"url":"https:\/\/www.icscoolenergy.com\/wp-content\/uploads\/sites\/2\/2024\/04\/Boiler-2000.png","type":"image\/png"}],"twitter_card":"summary_large_image","twitter_misc":{"Est. reading time":"1 minute"},"schema":{"@context":"https:\/\/schema.org","@graph":[{"@type":"WebPage","@id":"https:\/\/www.icscoolenergy.com\/fr\/chaudiere-2000\/","url":"https:\/\/www.icscoolenergy.com\/fr\/chaudiere-2000\/","name":"Chaudi\u00e8re 2000 - French","isPartOf":{"@id":"https:\/\/www.icscoolenergy.com\/fr\/#website"},"primaryImageOfPage":{"@id":"https:\/\/www.icscoolenergy.com\/fr\/chaudiere-2000\/#primaryimage"},"image":{"@id":"https:\/\/www.icscoolenergy.com\/fr\/chaudiere-2000\/#primaryimage"},"thumbnailUrl":"https:\/\/www.icscoolenergy.com\/wp-content\/uploads\/sites\/2\/2024\/04\/Boiler-2000.png","datePublished":"2024-04-22T13:15:09+00:00","dateModified":"2024-06-06T12:00:56+00:00","breadcrumb":{"@id":"https:\/\/www.icscoolenergy.com\/fr\/chaudiere-2000\/#breadcrumb"},"inLanguage":"fr-FR","potentialAction":[{"@type":"ReadAction","target":["https:\/\/www.icscoolenergy.com\/fr\/chaudiere-2000\/"]}]},{"@type":"ImageObject","inLanguage":"fr-FR","@id":"https:\/\/www.icscoolenergy.com\/fr\/chaudiere-2000\/#primaryimage","url":"https:\/\/www.icscoolenergy.com\/wp-content\/uploads\/sites\/2\/2024\/04\/Boiler-2000.png","contentUrl":"https:\/\/www.icscoolenergy.com\/wp-content\/uploads\/sites\/2\/2024\/04\/Boiler-2000.png","width":560,"height":420,"caption":"2000 kW Location de chaudi\u00e8re"},{"@type":"BreadcrumbList","@id":"https:\/\/www.icscoolenergy.com\/fr\/chaudiere-2000\/#breadcrumb","itemListElement":[{"@type":"ListItem","position":1,"name":"Home","item":"https:\/\/www.icscoolenergy.com\/fr\/"},{"@type":"ListItem","position":2,"name":"Boutique","item":"https:\/\/www.icscoolenergy.com\/fr\/boutique\/"},{"@type":"ListItem","position":3,"name":"Chaudi\u00e8re 2000"}]},{"@type":"WebSite","@id":"https:\/\/www.icscoolenergy.com\/fr\/#website","url":"https:\/\/www.icscoolenergy.com\/fr\/","name":"ICS Cool Energy","description":"The Process Temperature Control Specialists","publisher":{"@id":"https:\/\/www.icscoolenergy.com\/fr\/#organization"},"potentialAction":[{"@type":"SearchAction","target":{"@type":"EntryPoint","urlTemplate":"https:\/\/www.icscoolenergy.com\/fr\/?s={search_term_string}"},"query-input":{"@type":"PropertyValueSpecification","valueRequired":true,"valueName":"search_term_string"}}],"inLanguage":"fr-FR"},{"@type":"Organization","@id":"https:\/\/www.icscoolenergy.com\/fr\/#organization","name":"ICS Cool Energy","url":"https:\/\/www.icscoolenergy.com\/fr\/","logo":{"@type":"ImageObject","inLanguage":"fr-FR","@id":"https:\/\/www.icscoolenergy.com\/fr\/#\/schema\/logo\/image\/","url":"https:\/\/www.icscoolenergy.com\/wp-content\/uploads\/sites\/2\/2024\/01\/ics-cool-energy-logo.svg","contentUrl":"https:\/\/www.icscoolenergy.com\/wp-content\/uploads\/sites\/2\/2024\/01\/ics-cool-energy-logo.svg","caption":"ICS Cool Energy"},"image":{"@id":"https:\/\/www.icscoolenergy.com\/fr\/#\/schema\/logo\/image\/"}}]}},"_links":{"self":[{"href":"https:\/\/www.icscoolenergy.com\/fr\/wp-json\/wp\/v2\/product\/121573","targetHints":{"allow":["GET"]}}],"collection":[{"href":"https:\/\/www.icscoolenergy.com\/fr\/wp-json\/wp\/v2\/product"}],"about":[{"href":"https:\/\/www.icscoolenergy.com\/fr\/wp-json\/wp\/v2\/types\/product"}],"replies":[{"embeddable":true,"href":"https:\/\/www.icscoolenergy.com\/fr\/wp-json\/wp\/v2\/comments?post=121573"}],"wp:featuredmedia":[{"embeddable":true,"href":"https:\/\/www.icscoolenergy.com\/fr\/wp-json\/wp\/v2\/media\/106951"}],"wp:attachment":[{"href":"https:\/\/www.icscoolenergy.com\/fr\/wp-json\/wp\/v2\/media?parent=121573"}],"wp:term":[{"taxonomy":"product_brand","embeddable":true,"href":"https:\/\/www.icscoolenergy.com\/fr\/wp-json\/wp\/v2\/product_brand?post=121573"},{"taxonomy":"product_cat","embeddable":true,"href":"https:\/\/www.icscoolenergy.com\/fr\/wp-json\/wp\/v2\/product_cat?post=121573"},{"taxonomy":"product_tag","embeddable":true,"href":"https:\/\/www.icscoolenergy.com\/fr\/wp-json\/wp\/v2\/product_tag?post=121573"}],"curies":[{"name":"wp","href":"https:\/\/api.w.org\/{rel}","templated":true}]}}