 
{"id":121578,"date":"2024-04-20T08:50:30","date_gmt":"2024-04-20T08:50:30","guid":{"rendered":"https:\/\/www.icscoolenergy.com\/fr\/non%20class\u00e9\/i-chiller-20\/"},"modified":"2024-06-05T15:51:07","modified_gmt":"2024-06-05T15:51:07","slug":"i-chiller-20","status":"publish","type":"product","link":"https:\/\/www.icscoolenergy.com\/fr\/i-chiller-20\/","title":{"rendered":"i-Chiller 20"},"content":{"rendered":"<p>Notre i-Chiller 20, qui permet de r\u00e9duire l&rsquo;encombrement et la consommation d&rsquo;\u00e9nergie, fait partie d&rsquo;une gamme de 10 mod\u00e8les capables d&rsquo;offrir une puissance de refroidissement comprise entre 1 kW et 50 kW.<\/p>\n<p>Ce refroidisseur de 20 kW enti\u00e8rement conditionn\u00e9 contient une pompe de circulation et un r\u00e9servoir tampon thermique capable de recevoir des conditions de charge variables et de fournir des temp\u00e9ratures de retour stables. Les unit\u00e9s peuvent \u00eatre fournies avec un circuit ferreux ou non ferreux, ainsi qu&rsquo;une large gamme de vannes de raccordement et de tuyaux pour faciliter le raccordement aux syst\u00e8mes sp\u00e9cifiques des clients.<\/p>\n","protected":false},"excerpt":{"rendered":"<p>Notre i-Chiller 20, qui permet de r\u00e9duire l&rsquo;encombrement et la consommation d&rsquo;\u00e9nergie, fait partie d&rsquo;une gamme de 10 mod\u00e8les capables d&rsquo;offrir une puissance de refroidissement comprise entre 1 kW et 50 kW. Ce refroidisseur de 20 kW enti\u00e8rement conditionn\u00e9 contient une pompe de circulation et un r\u00e9servoir tampon thermique capable de recevoir des conditions de &#8230; <a title=\"i-Chiller 20\" class=\"read-more\" href=\"https:\/\/www.icscoolenergy.com\/fr\/i-chiller-20\/\" aria-label=\"En savoir plus sur i-Chiller 20\">Lire la suite<\/a><\/p>\n","protected":false},"featured_media":103644,"comment_status":"closed","ping_status":"closed","template":"","meta":{"_acf_changed":false,"inline_featured_image":false,"_editorskit_title_hidden":false,"_editorskit_reading_time":0,"_editorskit_is_block_options_detached":false,"_editorskit_block_options_position":"{}","editor_plus_copied_stylings":"{}"},"product_brand":[],"product_cat":[1084,1087,1082,1109,1089,1079],"product_tag":[],"class_list":{"0":"post-121578","1":"product","2":"type-product","3":"status-publish","4":"has-post-thumbnail","6":"product_cat-location-dun-refroidisseur-durgence","7":"product_cat-location-dun-systeme-de-refroidissement","8":"product_cat-location-de-refroidisseurs","9":"product_cat-location-de-refroidisseurs-pour-patinoires","10":"product_cat-location-temporaire-de-refroidisseurs","11":"product_cat-refroidisseurs-de-processus","13":"first","14":"instock","15":"shipping-taxable","16":"product-type-simple"},"acf":[],"yoast_head":"<!-- This site is optimized with the Yoast SEO Premium plugin v24.5 (Yoast SEO v26.9) - https:\/\/yoast.com\/product\/yoast-seo-premium-wordpress\/ -->\n<title>i-Chiller 20 - French<\/title>\n<meta name=\"robots\" content=\"index, follow, max-snippet:-1, max-image-preview:large, max-video-preview:-1\" \/>\n<link rel=\"canonical\" href=\"https:\/\/www.icscoolenergy.com\/fr\/i-chiller-20\/\" \/>\n<meta property=\"og:locale\" content=\"fr_FR\" \/>\n<meta property=\"og:type\" content=\"article\" \/>\n<meta property=\"og:title\" content=\"i-Chiller 20\" \/>\n<meta property=\"og:description\" content=\"Notre i-Chiller 20, qui permet de r\u00e9duire l&rsquo;encombrement et la consommation d&rsquo;\u00e9nergie, fait partie d&rsquo;une gamme de 10 mod\u00e8les capables d&rsquo;offrir une puissance de refroidissement comprise entre 1 kW et 50 kW. Ce refroidisseur de 20 kW enti\u00e8rement conditionn\u00e9 contient une pompe de circulation et un r\u00e9servoir tampon thermique capable de recevoir des conditions de ... Lire la suite\" \/>\n<meta property=\"og:url\" content=\"https:\/\/www.icscoolenergy.com\/fr\/i-chiller-20\/\" \/>\n<meta property=\"og:site_name\" content=\"French\" \/>\n<meta property=\"article:modified_time\" content=\"2024-06-05T15:51:07+00:00\" \/>\n<meta property=\"og:image\" content=\"https:\/\/www.icscoolenergy.com\/wp-content\/uploads\/sites\/2\/2024\/03\/i-Chiller-20.png\" \/>\n\t<meta property=\"og:image:width\" content=\"560\" \/>\n\t<meta property=\"og:image:height\" content=\"420\" \/>\n\t<meta property=\"og:image:type\" content=\"image\/png\" \/>\n<meta name=\"twitter:card\" content=\"summary_large_image\" \/>\n<meta name=\"twitter:label1\" content=\"Est. reading time\" \/>\n\t<meta name=\"twitter:data1\" content=\"1 minute\" \/>\n<script type=\"application\/ld+json\" class=\"yoast-schema-graph\">{\"@context\":\"https:\/\/schema.org\",\"@graph\":[{\"@type\":\"WebPage\",\"@id\":\"https:\/\/www.icscoolenergy.com\/fr\/i-chiller-20\/\",\"url\":\"https:\/\/www.icscoolenergy.com\/fr\/i-chiller-20\/\",\"name\":\"i-Chiller 20 - French\",\"isPartOf\":{\"@id\":\"https:\/\/www.icscoolenergy.com\/fr\/#website\"},\"primaryImageOfPage\":{\"@id\":\"https:\/\/www.icscoolenergy.com\/fr\/i-chiller-20\/#primaryimage\"},\"image\":{\"@id\":\"https:\/\/www.icscoolenergy.com\/fr\/i-chiller-20\/#primaryimage\"},\"thumbnailUrl\":\"https:\/\/www.icscoolenergy.com\/wp-content\/uploads\/sites\/2\/2024\/03\/i-Chiller-20.png\",\"datePublished\":\"2024-04-20T08:50:30+00:00\",\"dateModified\":\"2024-06-05T15:51:07+00:00\",\"breadcrumb\":{\"@id\":\"https:\/\/www.icscoolenergy.com\/fr\/i-chiller-20\/#breadcrumb\"},\"inLanguage\":\"fr-FR\",\"potentialAction\":[{\"@type\":\"ReadAction\",\"target\":[\"https:\/\/www.icscoolenergy.com\/fr\/i-chiller-20\/\"]}]},{\"@type\":\"ImageObject\",\"inLanguage\":\"fr-FR\",\"@id\":\"https:\/\/www.icscoolenergy.com\/fr\/i-chiller-20\/#primaryimage\",\"url\":\"https:\/\/www.icscoolenergy.com\/wp-content\/uploads\/sites\/2\/2024\/03\/i-Chiller-20.png\",\"contentUrl\":\"https:\/\/www.icscoolenergy.com\/wp-content\/uploads\/sites\/2\/2024\/03\/i-Chiller-20.png\",\"width\":560,\"height\":420,\"caption\":\"i-Chiller 20 - Location d'un refroidisseur de 20 kW\"},{\"@type\":\"BreadcrumbList\",\"@id\":\"https:\/\/www.icscoolenergy.com\/fr\/i-chiller-20\/#breadcrumb\",\"itemListElement\":[{\"@type\":\"ListItem\",\"position\":1,\"name\":\"Home\",\"item\":\"https:\/\/www.icscoolenergy.com\/fr\/\"},{\"@type\":\"ListItem\",\"position\":2,\"name\":\"Boutique\",\"item\":\"https:\/\/www.icscoolenergy.com\/fr\/boutique\/\"},{\"@type\":\"ListItem\",\"position\":3,\"name\":\"i-Chiller 20\"}]},{\"@type\":\"WebSite\",\"@id\":\"https:\/\/www.icscoolenergy.com\/fr\/#website\",\"url\":\"https:\/\/www.icscoolenergy.com\/fr\/\",\"name\":\"ICS Cool Energy\",\"description\":\"The Process Temperature Control Specialists\",\"publisher\":{\"@id\":\"https:\/\/www.icscoolenergy.com\/fr\/#organization\"},\"potentialAction\":[{\"@type\":\"SearchAction\",\"target\":{\"@type\":\"EntryPoint\",\"urlTemplate\":\"https:\/\/www.icscoolenergy.com\/fr\/?s={search_term_string}\"},\"query-input\":{\"@type\":\"PropertyValueSpecification\",\"valueRequired\":true,\"valueName\":\"search_term_string\"}}],\"inLanguage\":\"fr-FR\"},{\"@type\":\"Organization\",\"@id\":\"https:\/\/www.icscoolenergy.com\/fr\/#organization\",\"name\":\"ICS Cool Energy\",\"url\":\"https:\/\/www.icscoolenergy.com\/fr\/\",\"logo\":{\"@type\":\"ImageObject\",\"inLanguage\":\"fr-FR\",\"@id\":\"https:\/\/www.icscoolenergy.com\/fr\/#\/schema\/logo\/image\/\",\"url\":\"https:\/\/www.icscoolenergy.com\/wp-content\/uploads\/sites\/2\/2024\/01\/ics-cool-energy-logo.svg\",\"contentUrl\":\"https:\/\/www.icscoolenergy.com\/wp-content\/uploads\/sites\/2\/2024\/01\/ics-cool-energy-logo.svg\",\"caption\":\"ICS Cool Energy\"},\"image\":{\"@id\":\"https:\/\/www.icscoolenergy.com\/fr\/#\/schema\/logo\/image\/\"}}]}<\/script>\n<!-- \/ Yoast SEO Premium plugin. -->","yoast_head_json":{"title":"i-Chiller 20 - French","robots":{"index":"index","follow":"follow","max-snippet":"max-snippet:-1","max-image-preview":"max-image-preview:large","max-video-preview":"max-video-preview:-1"},"canonical":"https:\/\/www.icscoolenergy.com\/fr\/i-chiller-20\/","og_locale":"fr_FR","og_type":"article","og_title":"i-Chiller 20","og_description":"Notre i-Chiller 20, qui permet de r\u00e9duire l&rsquo;encombrement et la consommation d&rsquo;\u00e9nergie, fait partie d&rsquo;une gamme de 10 mod\u00e8les capables d&rsquo;offrir une puissance de refroidissement comprise entre 1 kW et 50 kW. Ce refroidisseur de 20 kW enti\u00e8rement conditionn\u00e9 contient une pompe de circulation et un r\u00e9servoir tampon thermique capable de recevoir des conditions de ... Lire la suite","og_url":"https:\/\/www.icscoolenergy.com\/fr\/i-chiller-20\/","og_site_name":"French","article_modified_time":"2024-06-05T15:51:07+00:00","og_image":[{"width":560,"height":420,"url":"https:\/\/www.icscoolenergy.com\/wp-content\/uploads\/sites\/2\/2024\/03\/i-Chiller-20.png","type":"image\/png"}],"twitter_card":"summary_large_image","twitter_misc":{"Est. reading time":"1 minute"},"schema":{"@context":"https:\/\/schema.org","@graph":[{"@type":"WebPage","@id":"https:\/\/www.icscoolenergy.com\/fr\/i-chiller-20\/","url":"https:\/\/www.icscoolenergy.com\/fr\/i-chiller-20\/","name":"i-Chiller 20 - French","isPartOf":{"@id":"https:\/\/www.icscoolenergy.com\/fr\/#website"},"primaryImageOfPage":{"@id":"https:\/\/www.icscoolenergy.com\/fr\/i-chiller-20\/#primaryimage"},"image":{"@id":"https:\/\/www.icscoolenergy.com\/fr\/i-chiller-20\/#primaryimage"},"thumbnailUrl":"https:\/\/www.icscoolenergy.com\/wp-content\/uploads\/sites\/2\/2024\/03\/i-Chiller-20.png","datePublished":"2024-04-20T08:50:30+00:00","dateModified":"2024-06-05T15:51:07+00:00","breadcrumb":{"@id":"https:\/\/www.icscoolenergy.com\/fr\/i-chiller-20\/#breadcrumb"},"inLanguage":"fr-FR","potentialAction":[{"@type":"ReadAction","target":["https:\/\/www.icscoolenergy.com\/fr\/i-chiller-20\/"]}]},{"@type":"ImageObject","inLanguage":"fr-FR","@id":"https:\/\/www.icscoolenergy.com\/fr\/i-chiller-20\/#primaryimage","url":"https:\/\/www.icscoolenergy.com\/wp-content\/uploads\/sites\/2\/2024\/03\/i-Chiller-20.png","contentUrl":"https:\/\/www.icscoolenergy.com\/wp-content\/uploads\/sites\/2\/2024\/03\/i-Chiller-20.png","width":560,"height":420,"caption":"i-Chiller 20 - Location d'un refroidisseur de 20 kW"},{"@type":"BreadcrumbList","@id":"https:\/\/www.icscoolenergy.com\/fr\/i-chiller-20\/#breadcrumb","itemListElement":[{"@type":"ListItem","position":1,"name":"Home","item":"https:\/\/www.icscoolenergy.com\/fr\/"},{"@type":"ListItem","position":2,"name":"Boutique","item":"https:\/\/www.icscoolenergy.com\/fr\/boutique\/"},{"@type":"ListItem","position":3,"name":"i-Chiller 20"}]},{"@type":"WebSite","@id":"https:\/\/www.icscoolenergy.com\/fr\/#website","url":"https:\/\/www.icscoolenergy.com\/fr\/","name":"ICS Cool Energy","description":"The Process Temperature Control Specialists","publisher":{"@id":"https:\/\/www.icscoolenergy.com\/fr\/#organization"},"potentialAction":[{"@type":"SearchAction","target":{"@type":"EntryPoint","urlTemplate":"https:\/\/www.icscoolenergy.com\/fr\/?s={search_term_string}"},"query-input":{"@type":"PropertyValueSpecification","valueRequired":true,"valueName":"search_term_string"}}],"inLanguage":"fr-FR"},{"@type":"Organization","@id":"https:\/\/www.icscoolenergy.com\/fr\/#organization","name":"ICS Cool Energy","url":"https:\/\/www.icscoolenergy.com\/fr\/","logo":{"@type":"ImageObject","inLanguage":"fr-FR","@id":"https:\/\/www.icscoolenergy.com\/fr\/#\/schema\/logo\/image\/","url":"https:\/\/www.icscoolenergy.com\/wp-content\/uploads\/sites\/2\/2024\/01\/ics-cool-energy-logo.svg","contentUrl":"https:\/\/www.icscoolenergy.com\/wp-content\/uploads\/sites\/2\/2024\/01\/ics-cool-energy-logo.svg","caption":"ICS Cool Energy"},"image":{"@id":"https:\/\/www.icscoolenergy.com\/fr\/#\/schema\/logo\/image\/"}}]}},"_links":{"self":[{"href":"https:\/\/www.icscoolenergy.com\/fr\/wp-json\/wp\/v2\/product\/121578","targetHints":{"allow":["GET"]}}],"collection":[{"href":"https:\/\/www.icscoolenergy.com\/fr\/wp-json\/wp\/v2\/product"}],"about":[{"href":"https:\/\/www.icscoolenergy.com\/fr\/wp-json\/wp\/v2\/types\/product"}],"replies":[{"embeddable":true,"href":"https:\/\/www.icscoolenergy.com\/fr\/wp-json\/wp\/v2\/comments?post=121578"}],"wp:featuredmedia":[{"embeddable":true,"href":"https:\/\/www.icscoolenergy.com\/fr\/wp-json\/wp\/v2\/media\/103644"}],"wp:attachment":[{"href":"https:\/\/www.icscoolenergy.com\/fr\/wp-json\/wp\/v2\/media?parent=121578"}],"wp:term":[{"taxonomy":"product_brand","embeddable":true,"href":"https:\/\/www.icscoolenergy.com\/fr\/wp-json\/wp\/v2\/product_brand?post=121578"},{"taxonomy":"product_cat","embeddable":true,"href":"https:\/\/www.icscoolenergy.com\/fr\/wp-json\/wp\/v2\/product_cat?post=121578"},{"taxonomy":"product_tag","embeddable":true,"href":"https:\/\/www.icscoolenergy.com\/fr\/wp-json\/wp\/v2\/product_tag?post=121578"}],"curies":[{"name":"wp","href":"https:\/\/api.w.org\/{rel}","templated":true}]}}