 
{"id":121581,"date":"2024-04-26T15:40:45","date_gmt":"2024-04-26T15:40:45","guid":{"rendered":"https:\/\/www.icscoolenergy.com\/fr\/non%20class\u00e9\/i-temp-compact-flex-line\/"},"modified":"2024-06-05T15:31:28","modified_gmt":"2024-06-05T15:31:28","slug":"i-temp-compact-flex-line","status":"publish","type":"product","link":"https:\/\/www.icscoolenergy.com\/fr\/i-temp-compact-flex-line\/","title":{"rendered":"i-Temp Compact flex.line"},"content":{"rendered":"<p>Dans la s\u00e9rie flex.line, le r\u00e9gulateur de temp\u00e9rature peut \u00eatre configur\u00e9 individuellement et de mani\u00e8re flexible sur demande avec des caract\u00e9ristiques \u00e9tendues et de nombreuses options. Ils conviennent pour une thermor\u00e9gulation \u00e9conomique avec de l&rsquo;eau \u00e0 des temp\u00e9ratures allant jusqu&rsquo;\u00e0 350\u00b0C et des d\u00e9bits allant jusqu&rsquo;\u00e0 350 l\/min, avec une puissance de chauffage comprise entre 0 et 72 kW.<\/p>\n<p>Sur la base d&rsquo;un syst\u00e8me modulaire \u00e9tendu et standardis\u00e9, nous pouvons r\u00e9pondre de mani\u00e8re flexible aux besoins individuels des clients avec un rapport qualit\u00e9\/prix exceptionnel. Le concept modulaire permet \u00e9galement des d\u00e9lais de livraison courts pour les thermor\u00e9gulateurs configur\u00e9s librement.<\/p>\n","protected":false},"excerpt":{"rendered":"<p>Dans la s\u00e9rie flex.line, le r\u00e9gulateur de temp\u00e9rature peut \u00eatre configur\u00e9 individuellement et de mani\u00e8re flexible sur demande avec des caract\u00e9ristiques \u00e9tendues et de nombreuses options. Ils conviennent pour une thermor\u00e9gulation \u00e9conomique avec de l&rsquo;eau \u00e0 des temp\u00e9ratures allant jusqu&rsquo;\u00e0 350\u00b0C et des d\u00e9bits allant jusqu&rsquo;\u00e0 350 l\/min, avec une puissance de chauffage comprise entre &#8230; <a title=\"i-Temp Compact flex.line\" class=\"read-more\" href=\"https:\/\/www.icscoolenergy.com\/fr\/i-temp-compact-flex-line\/\" aria-label=\"En savoir plus sur i-Temp Compact flex.line\">Lire la suite<\/a><\/p>\n","protected":false},"featured_media":117865,"comment_status":"closed","ping_status":"closed","template":"","meta":{"_acf_changed":false,"inline_featured_image":false,"_editorskit_title_hidden":false,"_editorskit_reading_time":0,"_editorskit_is_block_options_detached":false,"_editorskit_block_options_position":"{}","editor_plus_copied_stylings":"{}"},"product_brand":[],"product_cat":[1119],"product_tag":[],"class_list":{"0":"post-121581","1":"product","2":"type-product","3":"status-publish","4":"has-post-thumbnail","6":"product_cat-unites-de-controle-de-la-temperature","8":"first","9":"instock","10":"shipping-taxable","11":"product-type-simple"},"acf":[],"yoast_head":"<!-- This site is optimized with the Yoast SEO Premium plugin v24.5 (Yoast SEO v26.9) - https:\/\/yoast.com\/product\/yoast-seo-premium-wordpress\/ -->\n<title>i-Temp Compact flex.line - French<\/title>\n<meta name=\"robots\" content=\"index, follow, max-snippet:-1, max-image-preview:large, max-video-preview:-1\" \/>\n<link rel=\"canonical\" href=\"https:\/\/www.icscoolenergy.com\/fr\/i-temp-compact-flex-line\/\" \/>\n<meta property=\"og:locale\" content=\"fr_FR\" \/>\n<meta property=\"og:type\" content=\"article\" \/>\n<meta property=\"og:title\" content=\"i-Temp Compact flex.line\" \/>\n<meta property=\"og:description\" content=\"Dans la s\u00e9rie flex.line, le r\u00e9gulateur de temp\u00e9rature peut \u00eatre configur\u00e9 individuellement et de mani\u00e8re flexible sur demande avec des caract\u00e9ristiques \u00e9tendues et de nombreuses options. Ils conviennent pour une thermor\u00e9gulation \u00e9conomique avec de l&rsquo;eau \u00e0 des temp\u00e9ratures allant jusqu&rsquo;\u00e0 350\u00b0C et des d\u00e9bits allant jusqu&rsquo;\u00e0 350 l\/min, avec une puissance de chauffage comprise entre ... Lire la suite\" \/>\n<meta property=\"og:url\" content=\"https:\/\/www.icscoolenergy.com\/fr\/i-temp-compact-flex-line\/\" \/>\n<meta property=\"og:site_name\" content=\"French\" \/>\n<meta property=\"article:modified_time\" content=\"2024-06-05T15:31:28+00:00\" \/>\n<meta property=\"og:image\" content=\"https:\/\/www.icscoolenergy.com\/wp-content\/uploads\/sites\/2\/2024\/04\/i-Temp-Compact-flex-line-1.png\" \/>\n\t<meta property=\"og:image:width\" content=\"560\" \/>\n\t<meta property=\"og:image:height\" content=\"420\" \/>\n\t<meta property=\"og:image:type\" content=\"image\/png\" \/>\n<meta name=\"twitter:card\" content=\"summary_large_image\" \/>\n<meta name=\"twitter:label1\" content=\"Est. reading time\" \/>\n\t<meta name=\"twitter:data1\" content=\"1 minute\" \/>\n<script type=\"application\/ld+json\" class=\"yoast-schema-graph\">{\"@context\":\"https:\/\/schema.org\",\"@graph\":[{\"@type\":\"WebPage\",\"@id\":\"https:\/\/www.icscoolenergy.com\/fr\/i-temp-compact-flex-line\/\",\"url\":\"https:\/\/www.icscoolenergy.com\/fr\/i-temp-compact-flex-line\/\",\"name\":\"i-Temp Compact flex.line - French\",\"isPartOf\":{\"@id\":\"https:\/\/www.icscoolenergy.com\/fr\/#website\"},\"primaryImageOfPage\":{\"@id\":\"https:\/\/www.icscoolenergy.com\/fr\/i-temp-compact-flex-line\/#primaryimage\"},\"image\":{\"@id\":\"https:\/\/www.icscoolenergy.com\/fr\/i-temp-compact-flex-line\/#primaryimage\"},\"thumbnailUrl\":\"https:\/\/www.icscoolenergy.com\/wp-content\/uploads\/sites\/2\/2024\/04\/i-Temp-Compact-flex-line-1.png\",\"datePublished\":\"2024-04-26T15:40:45+00:00\",\"dateModified\":\"2024-06-05T15:31:28+00:00\",\"breadcrumb\":{\"@id\":\"https:\/\/www.icscoolenergy.com\/fr\/i-temp-compact-flex-line\/#breadcrumb\"},\"inLanguage\":\"fr-FR\",\"potentialAction\":[{\"@type\":\"ReadAction\",\"target\":[\"https:\/\/www.icscoolenergy.com\/fr\/i-temp-compact-flex-line\/\"]}]},{\"@type\":\"ImageObject\",\"inLanguage\":\"fr-FR\",\"@id\":\"https:\/\/www.icscoolenergy.com\/fr\/i-temp-compact-flex-line\/#primaryimage\",\"url\":\"https:\/\/www.icscoolenergy.com\/wp-content\/uploads\/sites\/2\/2024\/04\/i-Temp-Compact-flex-line-1.png\",\"contentUrl\":\"https:\/\/www.icscoolenergy.com\/wp-content\/uploads\/sites\/2\/2024\/04\/i-Temp-Compact-flex-line-1.png\",\"width\":560,\"height\":420,\"caption\":\"i-Temp Compact flex-line image du produit\"},{\"@type\":\"BreadcrumbList\",\"@id\":\"https:\/\/www.icscoolenergy.com\/fr\/i-temp-compact-flex-line\/#breadcrumb\",\"itemListElement\":[{\"@type\":\"ListItem\",\"position\":1,\"name\":\"Home\",\"item\":\"https:\/\/www.icscoolenergy.com\/fr\/\"},{\"@type\":\"ListItem\",\"position\":2,\"name\":\"Boutique\",\"item\":\"https:\/\/www.icscoolenergy.com\/fr\/boutique\/\"},{\"@type\":\"ListItem\",\"position\":3,\"name\":\"i-Temp Compact flex.line\"}]},{\"@type\":\"WebSite\",\"@id\":\"https:\/\/www.icscoolenergy.com\/fr\/#website\",\"url\":\"https:\/\/www.icscoolenergy.com\/fr\/\",\"name\":\"ICS Cool Energy\",\"description\":\"The Process Temperature Control Specialists\",\"publisher\":{\"@id\":\"https:\/\/www.icscoolenergy.com\/fr\/#organization\"},\"potentialAction\":[{\"@type\":\"SearchAction\",\"target\":{\"@type\":\"EntryPoint\",\"urlTemplate\":\"https:\/\/www.icscoolenergy.com\/fr\/?s={search_term_string}\"},\"query-input\":{\"@type\":\"PropertyValueSpecification\",\"valueRequired\":true,\"valueName\":\"search_term_string\"}}],\"inLanguage\":\"fr-FR\"},{\"@type\":\"Organization\",\"@id\":\"https:\/\/www.icscoolenergy.com\/fr\/#organization\",\"name\":\"ICS Cool Energy\",\"url\":\"https:\/\/www.icscoolenergy.com\/fr\/\",\"logo\":{\"@type\":\"ImageObject\",\"inLanguage\":\"fr-FR\",\"@id\":\"https:\/\/www.icscoolenergy.com\/fr\/#\/schema\/logo\/image\/\",\"url\":\"https:\/\/www.icscoolenergy.com\/wp-content\/uploads\/sites\/2\/2024\/01\/ics-cool-energy-logo.svg\",\"contentUrl\":\"https:\/\/www.icscoolenergy.com\/wp-content\/uploads\/sites\/2\/2024\/01\/ics-cool-energy-logo.svg\",\"caption\":\"ICS Cool Energy\"},\"image\":{\"@id\":\"https:\/\/www.icscoolenergy.com\/fr\/#\/schema\/logo\/image\/\"}}]}<\/script>\n<!-- \/ Yoast SEO Premium plugin. -->","yoast_head_json":{"title":"i-Temp Compact flex.line - French","robots":{"index":"index","follow":"follow","max-snippet":"max-snippet:-1","max-image-preview":"max-image-preview:large","max-video-preview":"max-video-preview:-1"},"canonical":"https:\/\/www.icscoolenergy.com\/fr\/i-temp-compact-flex-line\/","og_locale":"fr_FR","og_type":"article","og_title":"i-Temp Compact flex.line","og_description":"Dans la s\u00e9rie flex.line, le r\u00e9gulateur de temp\u00e9rature peut \u00eatre configur\u00e9 individuellement et de mani\u00e8re flexible sur demande avec des caract\u00e9ristiques \u00e9tendues et de nombreuses options. Ils conviennent pour une thermor\u00e9gulation \u00e9conomique avec de l&rsquo;eau \u00e0 des temp\u00e9ratures allant jusqu&rsquo;\u00e0 350\u00b0C et des d\u00e9bits allant jusqu&rsquo;\u00e0 350 l\/min, avec une puissance de chauffage comprise entre ... Lire la suite","og_url":"https:\/\/www.icscoolenergy.com\/fr\/i-temp-compact-flex-line\/","og_site_name":"French","article_modified_time":"2024-06-05T15:31:28+00:00","og_image":[{"width":560,"height":420,"url":"https:\/\/www.icscoolenergy.com\/wp-content\/uploads\/sites\/2\/2024\/04\/i-Temp-Compact-flex-line-1.png","type":"image\/png"}],"twitter_card":"summary_large_image","twitter_misc":{"Est. reading time":"1 minute"},"schema":{"@context":"https:\/\/schema.org","@graph":[{"@type":"WebPage","@id":"https:\/\/www.icscoolenergy.com\/fr\/i-temp-compact-flex-line\/","url":"https:\/\/www.icscoolenergy.com\/fr\/i-temp-compact-flex-line\/","name":"i-Temp Compact flex.line - French","isPartOf":{"@id":"https:\/\/www.icscoolenergy.com\/fr\/#website"},"primaryImageOfPage":{"@id":"https:\/\/www.icscoolenergy.com\/fr\/i-temp-compact-flex-line\/#primaryimage"},"image":{"@id":"https:\/\/www.icscoolenergy.com\/fr\/i-temp-compact-flex-line\/#primaryimage"},"thumbnailUrl":"https:\/\/www.icscoolenergy.com\/wp-content\/uploads\/sites\/2\/2024\/04\/i-Temp-Compact-flex-line-1.png","datePublished":"2024-04-26T15:40:45+00:00","dateModified":"2024-06-05T15:31:28+00:00","breadcrumb":{"@id":"https:\/\/www.icscoolenergy.com\/fr\/i-temp-compact-flex-line\/#breadcrumb"},"inLanguage":"fr-FR","potentialAction":[{"@type":"ReadAction","target":["https:\/\/www.icscoolenergy.com\/fr\/i-temp-compact-flex-line\/"]}]},{"@type":"ImageObject","inLanguage":"fr-FR","@id":"https:\/\/www.icscoolenergy.com\/fr\/i-temp-compact-flex-line\/#primaryimage","url":"https:\/\/www.icscoolenergy.com\/wp-content\/uploads\/sites\/2\/2024\/04\/i-Temp-Compact-flex-line-1.png","contentUrl":"https:\/\/www.icscoolenergy.com\/wp-content\/uploads\/sites\/2\/2024\/04\/i-Temp-Compact-flex-line-1.png","width":560,"height":420,"caption":"i-Temp Compact flex-line image du produit"},{"@type":"BreadcrumbList","@id":"https:\/\/www.icscoolenergy.com\/fr\/i-temp-compact-flex-line\/#breadcrumb","itemListElement":[{"@type":"ListItem","position":1,"name":"Home","item":"https:\/\/www.icscoolenergy.com\/fr\/"},{"@type":"ListItem","position":2,"name":"Boutique","item":"https:\/\/www.icscoolenergy.com\/fr\/boutique\/"},{"@type":"ListItem","position":3,"name":"i-Temp Compact flex.line"}]},{"@type":"WebSite","@id":"https:\/\/www.icscoolenergy.com\/fr\/#website","url":"https:\/\/www.icscoolenergy.com\/fr\/","name":"ICS Cool Energy","description":"The Process Temperature Control Specialists","publisher":{"@id":"https:\/\/www.icscoolenergy.com\/fr\/#organization"},"potentialAction":[{"@type":"SearchAction","target":{"@type":"EntryPoint","urlTemplate":"https:\/\/www.icscoolenergy.com\/fr\/?s={search_term_string}"},"query-input":{"@type":"PropertyValueSpecification","valueRequired":true,"valueName":"search_term_string"}}],"inLanguage":"fr-FR"},{"@type":"Organization","@id":"https:\/\/www.icscoolenergy.com\/fr\/#organization","name":"ICS Cool Energy","url":"https:\/\/www.icscoolenergy.com\/fr\/","logo":{"@type":"ImageObject","inLanguage":"fr-FR","@id":"https:\/\/www.icscoolenergy.com\/fr\/#\/schema\/logo\/image\/","url":"https:\/\/www.icscoolenergy.com\/wp-content\/uploads\/sites\/2\/2024\/01\/ics-cool-energy-logo.svg","contentUrl":"https:\/\/www.icscoolenergy.com\/wp-content\/uploads\/sites\/2\/2024\/01\/ics-cool-energy-logo.svg","caption":"ICS Cool Energy"},"image":{"@id":"https:\/\/www.icscoolenergy.com\/fr\/#\/schema\/logo\/image\/"}}]}},"_links":{"self":[{"href":"https:\/\/www.icscoolenergy.com\/fr\/wp-json\/wp\/v2\/product\/121581","targetHints":{"allow":["GET"]}}],"collection":[{"href":"https:\/\/www.icscoolenergy.com\/fr\/wp-json\/wp\/v2\/product"}],"about":[{"href":"https:\/\/www.icscoolenergy.com\/fr\/wp-json\/wp\/v2\/types\/product"}],"replies":[{"embeddable":true,"href":"https:\/\/www.icscoolenergy.com\/fr\/wp-json\/wp\/v2\/comments?post=121581"}],"wp:featuredmedia":[{"embeddable":true,"href":"https:\/\/www.icscoolenergy.com\/fr\/wp-json\/wp\/v2\/media\/117865"}],"wp:attachment":[{"href":"https:\/\/www.icscoolenergy.com\/fr\/wp-json\/wp\/v2\/media?parent=121581"}],"wp:term":[{"taxonomy":"product_brand","embeddable":true,"href":"https:\/\/www.icscoolenergy.com\/fr\/wp-json\/wp\/v2\/product_brand?post=121581"},{"taxonomy":"product_cat","embeddable":true,"href":"https:\/\/www.icscoolenergy.com\/fr\/wp-json\/wp\/v2\/product_cat?post=121581"},{"taxonomy":"product_tag","embeddable":true,"href":"https:\/\/www.icscoolenergy.com\/fr\/wp-json\/wp\/v2\/product_tag?post=121581"}],"curies":[{"name":"wp","href":"https:\/\/api.w.org\/{rel}","templated":true}]}}