 
{"id":121582,"date":"2024-04-26T07:49:47","date_gmt":"2024-04-26T07:49:47","guid":{"rendered":"https:\/\/www.icscoolenergy.com\/fr\/non%20class\u00e9\/fc4tae\/"},"modified":"2024-06-06T10:34:40","modified_gmt":"2024-06-06T10:34:40","slug":"fc4tae","status":"publish","type":"product","link":"https:\/\/www.icscoolenergy.com\/fr\/fc4tae\/","title":{"rendered":"FC4TAE"},"content":{"rendered":"<p>Le refroidisseur FC4TAE est un refroidisseur \u00e0 air de r\u00e9frig\u00e9ration industrielle pour installation ext\u00e9rieure, sp\u00e9cialement con\u00e7u pour les applications de surg\u00e9lation avec un refroidisseur \u00e0 air.<\/p>\n<p>Ce refroidisseur offre une fiabilit\u00e9 et une s\u00e9curit\u00e9 in\u00e9gal\u00e9es, en utilisant les derni\u00e8res technologies de cong\u00e9lation. Cette technologie permet d&rsquo;obtenir la charge de r\u00e9frig\u00e9rant la plus faible du march\u00e9 (70 kg), sans sacrifier la capacit\u00e9 de cong\u00e9lation ou l&rsquo;efficacit\u00e9 \u00e9nerg\u00e9tique. Il est id\u00e9al pour les processus de surg\u00e9lation n\u00e9cessitant des fluides caloporteurs entre -12\u00b0C et -30\u00b0C.<\/p>\n","protected":false},"excerpt":{"rendered":"<p>Le refroidisseur FC4TAE est un refroidisseur \u00e0 air de r\u00e9frig\u00e9ration industrielle pour installation ext\u00e9rieure, sp\u00e9cialement con\u00e7u pour les applications de surg\u00e9lation avec un refroidisseur \u00e0 air. Ce refroidisseur offre une fiabilit\u00e9 et une s\u00e9curit\u00e9 in\u00e9gal\u00e9es, en utilisant les derni\u00e8res technologies de cong\u00e9lation. Cette technologie permet d&rsquo;obtenir la charge de r\u00e9frig\u00e9rant la plus faible du march\u00e9 &#8230; <a title=\"FC4TAE\" class=\"read-more\" href=\"https:\/\/www.icscoolenergy.com\/fr\/fc4tae\/\" aria-label=\"En savoir plus sur FC4TAE\">Lire la suite<\/a><\/p>\n","protected":false},"featured_media":117451,"comment_status":"closed","ping_status":"closed","template":"","meta":{"_acf_changed":false,"inline_featured_image":false,"_editorskit_title_hidden":false,"_editorskit_reading_time":0,"_editorskit_is_block_options_detached":false,"_editorskit_block_options_position":"{}","editor_plus_copied_stylings":"{}"},"product_brand":[],"product_cat":[1122],"product_tag":[],"class_list":{"0":"post-121582","1":"product","2":"type-product","3":"status-publish","4":"has-post-thumbnail","6":"product_cat-refroidisseurs-free-cooling","8":"first","9":"instock","10":"shipping-taxable","11":"product-type-simple"},"acf":[],"yoast_head":"<!-- This site is optimized with the Yoast SEO Premium plugin v24.5 (Yoast SEO v26.9) - https:\/\/yoast.com\/product\/yoast-seo-premium-wordpress\/ -->\n<title>FC4TAE - French<\/title>\n<meta name=\"robots\" content=\"index, follow, max-snippet:-1, max-image-preview:large, max-video-preview:-1\" \/>\n<link rel=\"canonical\" href=\"https:\/\/www.icscoolenergy.com\/fr\/fc4tae\/\" \/>\n<meta property=\"og:locale\" content=\"fr_FR\" \/>\n<meta property=\"og:type\" content=\"article\" \/>\n<meta property=\"og:title\" content=\"FC4TAE\" \/>\n<meta property=\"og:description\" content=\"Le refroidisseur FC4TAE est un refroidisseur \u00e0 air de r\u00e9frig\u00e9ration industrielle pour installation ext\u00e9rieure, sp\u00e9cialement con\u00e7u pour les applications de surg\u00e9lation avec un refroidisseur \u00e0 air. Ce refroidisseur offre une fiabilit\u00e9 et une s\u00e9curit\u00e9 in\u00e9gal\u00e9es, en utilisant les derni\u00e8res technologies de cong\u00e9lation. Cette technologie permet d&rsquo;obtenir la charge de r\u00e9frig\u00e9rant la plus faible du march\u00e9 ... Lire la suite\" \/>\n<meta property=\"og:url\" content=\"https:\/\/www.icscoolenergy.com\/fr\/fc4tae\/\" \/>\n<meta property=\"og:site_name\" content=\"French\" \/>\n<meta property=\"article:modified_time\" content=\"2024-06-06T10:34:40+00:00\" \/>\n<meta property=\"og:image\" content=\"https:\/\/www.icscoolenergy.com\/wp-content\/uploads\/sites\/2\/2024\/04\/free-cooler-product-image.png\" \/>\n\t<meta property=\"og:image:width\" content=\"560\" \/>\n\t<meta property=\"og:image:height\" content=\"420\" \/>\n\t<meta property=\"og:image:type\" content=\"image\/png\" \/>\n<meta name=\"twitter:card\" content=\"summary_large_image\" \/>\n<meta name=\"twitter:label1\" content=\"Est. reading time\" \/>\n\t<meta name=\"twitter:data1\" content=\"1 minute\" \/>\n<script type=\"application\/ld+json\" class=\"yoast-schema-graph\">{\"@context\":\"https:\/\/schema.org\",\"@graph\":[{\"@type\":\"WebPage\",\"@id\":\"https:\/\/www.icscoolenergy.com\/fr\/fc4tae\/\",\"url\":\"https:\/\/www.icscoolenergy.com\/fr\/fc4tae\/\",\"name\":\"FC4TAE - French\",\"isPartOf\":{\"@id\":\"https:\/\/www.icscoolenergy.com\/fr\/#website\"},\"primaryImageOfPage\":{\"@id\":\"https:\/\/www.icscoolenergy.com\/fr\/fc4tae\/#primaryimage\"},\"image\":{\"@id\":\"https:\/\/www.icscoolenergy.com\/fr\/fc4tae\/#primaryimage\"},\"thumbnailUrl\":\"https:\/\/www.icscoolenergy.com\/wp-content\/uploads\/sites\/2\/2024\/04\/free-cooler-product-image.png\",\"datePublished\":\"2024-04-26T07:49:47+00:00\",\"dateModified\":\"2024-06-06T10:34:40+00:00\",\"breadcrumb\":{\"@id\":\"https:\/\/www.icscoolenergy.com\/fr\/fc4tae\/#breadcrumb\"},\"inLanguage\":\"fr-FR\",\"potentialAction\":[{\"@type\":\"ReadAction\",\"target\":[\"https:\/\/www.icscoolenergy.com\/fr\/fc4tae\/\"]}]},{\"@type\":\"ImageObject\",\"inLanguage\":\"fr-FR\",\"@id\":\"https:\/\/www.icscoolenergy.com\/fr\/fc4tae\/#primaryimage\",\"url\":\"https:\/\/www.icscoolenergy.com\/wp-content\/uploads\/sites\/2\/2024\/04\/free-cooler-product-image.png\",\"contentUrl\":\"https:\/\/www.icscoolenergy.com\/wp-content\/uploads\/sites\/2\/2024\/04\/free-cooler-product-image.png\",\"width\":560,\"height\":420,\"caption\":\"free cooler product image\"},{\"@type\":\"BreadcrumbList\",\"@id\":\"https:\/\/www.icscoolenergy.com\/fr\/fc4tae\/#breadcrumb\",\"itemListElement\":[{\"@type\":\"ListItem\",\"position\":1,\"name\":\"Home\",\"item\":\"https:\/\/www.icscoolenergy.com\/fr\/\"},{\"@type\":\"ListItem\",\"position\":2,\"name\":\"Boutique\",\"item\":\"https:\/\/www.icscoolenergy.com\/fr\/boutique\/\"},{\"@type\":\"ListItem\",\"position\":3,\"name\":\"FC4TAE\"}]},{\"@type\":\"WebSite\",\"@id\":\"https:\/\/www.icscoolenergy.com\/fr\/#website\",\"url\":\"https:\/\/www.icscoolenergy.com\/fr\/\",\"name\":\"ICS Cool Energy\",\"description\":\"The Process Temperature Control Specialists\",\"publisher\":{\"@id\":\"https:\/\/www.icscoolenergy.com\/fr\/#organization\"},\"potentialAction\":[{\"@type\":\"SearchAction\",\"target\":{\"@type\":\"EntryPoint\",\"urlTemplate\":\"https:\/\/www.icscoolenergy.com\/fr\/?s={search_term_string}\"},\"query-input\":{\"@type\":\"PropertyValueSpecification\",\"valueRequired\":true,\"valueName\":\"search_term_string\"}}],\"inLanguage\":\"fr-FR\"},{\"@type\":\"Organization\",\"@id\":\"https:\/\/www.icscoolenergy.com\/fr\/#organization\",\"name\":\"ICS Cool Energy\",\"url\":\"https:\/\/www.icscoolenergy.com\/fr\/\",\"logo\":{\"@type\":\"ImageObject\",\"inLanguage\":\"fr-FR\",\"@id\":\"https:\/\/www.icscoolenergy.com\/fr\/#\/schema\/logo\/image\/\",\"url\":\"https:\/\/www.icscoolenergy.com\/wp-content\/uploads\/sites\/2\/2024\/01\/ics-cool-energy-logo.svg\",\"contentUrl\":\"https:\/\/www.icscoolenergy.com\/wp-content\/uploads\/sites\/2\/2024\/01\/ics-cool-energy-logo.svg\",\"caption\":\"ICS Cool Energy\"},\"image\":{\"@id\":\"https:\/\/www.icscoolenergy.com\/fr\/#\/schema\/logo\/image\/\"}}]}<\/script>\n<!-- \/ Yoast SEO Premium plugin. -->","yoast_head_json":{"title":"FC4TAE - French","robots":{"index":"index","follow":"follow","max-snippet":"max-snippet:-1","max-image-preview":"max-image-preview:large","max-video-preview":"max-video-preview:-1"},"canonical":"https:\/\/www.icscoolenergy.com\/fr\/fc4tae\/","og_locale":"fr_FR","og_type":"article","og_title":"FC4TAE","og_description":"Le refroidisseur FC4TAE est un refroidisseur \u00e0 air de r\u00e9frig\u00e9ration industrielle pour installation ext\u00e9rieure, sp\u00e9cialement con\u00e7u pour les applications de surg\u00e9lation avec un refroidisseur \u00e0 air. Ce refroidisseur offre une fiabilit\u00e9 et une s\u00e9curit\u00e9 in\u00e9gal\u00e9es, en utilisant les derni\u00e8res technologies de cong\u00e9lation. Cette technologie permet d&rsquo;obtenir la charge de r\u00e9frig\u00e9rant la plus faible du march\u00e9 ... Lire la suite","og_url":"https:\/\/www.icscoolenergy.com\/fr\/fc4tae\/","og_site_name":"French","article_modified_time":"2024-06-06T10:34:40+00:00","og_image":[{"width":560,"height":420,"url":"https:\/\/www.icscoolenergy.com\/wp-content\/uploads\/sites\/2\/2024\/04\/free-cooler-product-image.png","type":"image\/png"}],"twitter_card":"summary_large_image","twitter_misc":{"Est. reading time":"1 minute"},"schema":{"@context":"https:\/\/schema.org","@graph":[{"@type":"WebPage","@id":"https:\/\/www.icscoolenergy.com\/fr\/fc4tae\/","url":"https:\/\/www.icscoolenergy.com\/fr\/fc4tae\/","name":"FC4TAE - French","isPartOf":{"@id":"https:\/\/www.icscoolenergy.com\/fr\/#website"},"primaryImageOfPage":{"@id":"https:\/\/www.icscoolenergy.com\/fr\/fc4tae\/#primaryimage"},"image":{"@id":"https:\/\/www.icscoolenergy.com\/fr\/fc4tae\/#primaryimage"},"thumbnailUrl":"https:\/\/www.icscoolenergy.com\/wp-content\/uploads\/sites\/2\/2024\/04\/free-cooler-product-image.png","datePublished":"2024-04-26T07:49:47+00:00","dateModified":"2024-06-06T10:34:40+00:00","breadcrumb":{"@id":"https:\/\/www.icscoolenergy.com\/fr\/fc4tae\/#breadcrumb"},"inLanguage":"fr-FR","potentialAction":[{"@type":"ReadAction","target":["https:\/\/www.icscoolenergy.com\/fr\/fc4tae\/"]}]},{"@type":"ImageObject","inLanguage":"fr-FR","@id":"https:\/\/www.icscoolenergy.com\/fr\/fc4tae\/#primaryimage","url":"https:\/\/www.icscoolenergy.com\/wp-content\/uploads\/sites\/2\/2024\/04\/free-cooler-product-image.png","contentUrl":"https:\/\/www.icscoolenergy.com\/wp-content\/uploads\/sites\/2\/2024\/04\/free-cooler-product-image.png","width":560,"height":420,"caption":"free cooler product image"},{"@type":"BreadcrumbList","@id":"https:\/\/www.icscoolenergy.com\/fr\/fc4tae\/#breadcrumb","itemListElement":[{"@type":"ListItem","position":1,"name":"Home","item":"https:\/\/www.icscoolenergy.com\/fr\/"},{"@type":"ListItem","position":2,"name":"Boutique","item":"https:\/\/www.icscoolenergy.com\/fr\/boutique\/"},{"@type":"ListItem","position":3,"name":"FC4TAE"}]},{"@type":"WebSite","@id":"https:\/\/www.icscoolenergy.com\/fr\/#website","url":"https:\/\/www.icscoolenergy.com\/fr\/","name":"ICS Cool Energy","description":"The Process Temperature Control Specialists","publisher":{"@id":"https:\/\/www.icscoolenergy.com\/fr\/#organization"},"potentialAction":[{"@type":"SearchAction","target":{"@type":"EntryPoint","urlTemplate":"https:\/\/www.icscoolenergy.com\/fr\/?s={search_term_string}"},"query-input":{"@type":"PropertyValueSpecification","valueRequired":true,"valueName":"search_term_string"}}],"inLanguage":"fr-FR"},{"@type":"Organization","@id":"https:\/\/www.icscoolenergy.com\/fr\/#organization","name":"ICS Cool Energy","url":"https:\/\/www.icscoolenergy.com\/fr\/","logo":{"@type":"ImageObject","inLanguage":"fr-FR","@id":"https:\/\/www.icscoolenergy.com\/fr\/#\/schema\/logo\/image\/","url":"https:\/\/www.icscoolenergy.com\/wp-content\/uploads\/sites\/2\/2024\/01\/ics-cool-energy-logo.svg","contentUrl":"https:\/\/www.icscoolenergy.com\/wp-content\/uploads\/sites\/2\/2024\/01\/ics-cool-energy-logo.svg","caption":"ICS Cool Energy"},"image":{"@id":"https:\/\/www.icscoolenergy.com\/fr\/#\/schema\/logo\/image\/"}}]}},"_links":{"self":[{"href":"https:\/\/www.icscoolenergy.com\/fr\/wp-json\/wp\/v2\/product\/121582","targetHints":{"allow":["GET"]}}],"collection":[{"href":"https:\/\/www.icscoolenergy.com\/fr\/wp-json\/wp\/v2\/product"}],"about":[{"href":"https:\/\/www.icscoolenergy.com\/fr\/wp-json\/wp\/v2\/types\/product"}],"replies":[{"embeddable":true,"href":"https:\/\/www.icscoolenergy.com\/fr\/wp-json\/wp\/v2\/comments?post=121582"}],"wp:featuredmedia":[{"embeddable":true,"href":"https:\/\/www.icscoolenergy.com\/fr\/wp-json\/wp\/v2\/media\/117451"}],"wp:attachment":[{"href":"https:\/\/www.icscoolenergy.com\/fr\/wp-json\/wp\/v2\/media?parent=121582"}],"wp:term":[{"taxonomy":"product_brand","embeddable":true,"href":"https:\/\/www.icscoolenergy.com\/fr\/wp-json\/wp\/v2\/product_brand?post=121582"},{"taxonomy":"product_cat","embeddable":true,"href":"https:\/\/www.icscoolenergy.com\/fr\/wp-json\/wp\/v2\/product_cat?post=121582"},{"taxonomy":"product_tag","embeddable":true,"href":"https:\/\/www.icscoolenergy.com\/fr\/wp-json\/wp\/v2\/product_tag?post=121582"}],"curies":[{"name":"wp","href":"https:\/\/api.w.org\/{rel}","templated":true}]}}