 
{"id":121585,"date":"2024-04-22T06:48:32","date_gmt":"2024-04-22T06:48:32","guid":{"rendered":"https:\/\/www.icscoolenergy.com\/fr\/non%20class\u00e9\/pompe-a-chaleur-160\/"},"modified":"2024-06-05T15:04:00","modified_gmt":"2024-06-05T15:04:00","slug":"pompe-a-chaleur-160","status":"publish","type":"product","link":"https:\/\/www.icscoolenergy.com\/fr\/pompe-a-chaleur-160\/","title":{"rendered":"Pompe \u00e0 chaleur 160"},"content":{"rendered":"<p>Notre gamme de refroidisseurs \u00e0 pompe \u00e0 chaleur r\u00e9versible est capable d&rsquo;assurer le refroidissement ou le chauffage \u00e0 partir d&rsquo;une seule source. La pompe \u00e0 chaleur 160 comprend 4 compresseurs scroll \u00e0 \u00e9conomie d&rsquo;\u00e9nergie et une pompe de circulation int\u00e9gr\u00e9e. Il permet de refroidir jusqu&rsquo;\u00e0 -10\u00b0C et de chauffer jusqu&rsquo;\u00e0 +60\u00b0C pour les temp\u00e9ratures de l&rsquo;eau de sortie.<\/p>\n","protected":false},"excerpt":{"rendered":"<p>Notre gamme de refroidisseurs \u00e0 pompe \u00e0 chaleur r\u00e9versible est capable d&rsquo;assurer le refroidissement ou le chauffage \u00e0 partir d&rsquo;une seule source. La pompe \u00e0 chaleur 160 comprend 4 compresseurs scroll \u00e0 \u00e9conomie d&rsquo;\u00e9nergie et une pompe de circulation int\u00e9gr\u00e9e. Il permet de refroidir jusqu&rsquo;\u00e0 -10\u00b0C et de chauffer jusqu&rsquo;\u00e0 +60\u00b0C pour les temp\u00e9ratures de &#8230; <a title=\"Pompe \u00e0 chaleur 160\" class=\"read-more\" href=\"https:\/\/www.icscoolenergy.com\/fr\/pompe-a-chaleur-160\/\" aria-label=\"En savoir plus sur Pompe \u00e0 chaleur 160\">Lire la suite<\/a><\/p>\n","protected":false},"featured_media":109735,"comment_status":"closed","ping_status":"closed","template":"","meta":{"_acf_changed":false,"inline_featured_image":false,"_editorskit_title_hidden":false,"_editorskit_reading_time":0,"_editorskit_is_block_options_detached":false,"_editorskit_block_options_position":"{}","editor_plus_copied_stylings":"{}"},"product_brand":[],"product_cat":[1121,1120],"product_tag":[],"class_list":{"0":"post-121585","1":"product","2":"type-product","3":"status-publish","4":"has-post-thumbnail","6":"product_cat-location-de-refroidisseurs-pour-pompes-a-chaleur","7":"product_cat-vos-options-en-matiere-de-pompes-a-chaleur","9":"first","10":"instock","11":"shipping-taxable","12":"product-type-simple"},"acf":[],"yoast_head":"<!-- This site is optimized with the Yoast SEO Premium plugin v24.5 (Yoast SEO v26.9) - https:\/\/yoast.com\/product\/yoast-seo-premium-wordpress\/ -->\n<title>Pompe \u00e0 chaleur 160 - French<\/title>\n<meta name=\"robots\" content=\"index, follow, max-snippet:-1, max-image-preview:large, max-video-preview:-1\" \/>\n<link rel=\"canonical\" href=\"https:\/\/www.icscoolenergy.com\/fr\/pompe-a-chaleur-160\/\" \/>\n<meta property=\"og:locale\" content=\"fr_FR\" \/>\n<meta property=\"og:type\" content=\"article\" \/>\n<meta property=\"og:title\" content=\"Pompe \u00e0 chaleur 160\" \/>\n<meta property=\"og:description\" content=\"Notre gamme de refroidisseurs \u00e0 pompe \u00e0 chaleur r\u00e9versible est capable d&rsquo;assurer le refroidissement ou le chauffage \u00e0 partir d&rsquo;une seule source. La pompe \u00e0 chaleur 160 comprend 4 compresseurs scroll \u00e0 \u00e9conomie d&rsquo;\u00e9nergie et une pompe de circulation int\u00e9gr\u00e9e. Il permet de refroidir jusqu&rsquo;\u00e0 -10\u00b0C et de chauffer jusqu&rsquo;\u00e0 +60\u00b0C pour les temp\u00e9ratures de ... Lire la suite\" \/>\n<meta property=\"og:url\" content=\"https:\/\/www.icscoolenergy.com\/fr\/pompe-a-chaleur-160\/\" \/>\n<meta property=\"og:site_name\" content=\"French\" \/>\n<meta property=\"article:modified_time\" content=\"2024-06-05T15:04:00+00:00\" \/>\n<meta property=\"og:image\" content=\"https:\/\/www.icscoolenergy.com\/wp-content\/uploads\/sites\/2\/2024\/04\/Heat-Pump-160.png\" \/>\n\t<meta property=\"og:image:width\" content=\"560\" \/>\n\t<meta property=\"og:image:height\" content=\"420\" \/>\n\t<meta property=\"og:image:type\" content=\"image\/png\" \/>\n<meta name=\"twitter:card\" content=\"summary_large_image\" \/>\n<meta name=\"twitter:label1\" content=\"Est. reading time\" \/>\n\t<meta name=\"twitter:data1\" content=\"1 minute\" \/>\n<script type=\"application\/ld+json\" class=\"yoast-schema-graph\">{\"@context\":\"https:\/\/schema.org\",\"@graph\":[{\"@type\":\"WebPage\",\"@id\":\"https:\/\/www.icscoolenergy.com\/fr\/pompe-a-chaleur-160\/\",\"url\":\"https:\/\/www.icscoolenergy.com\/fr\/pompe-a-chaleur-160\/\",\"name\":\"Pompe \u00e0 chaleur 160 - French\",\"isPartOf\":{\"@id\":\"https:\/\/www.icscoolenergy.com\/fr\/#website\"},\"primaryImageOfPage\":{\"@id\":\"https:\/\/www.icscoolenergy.com\/fr\/pompe-a-chaleur-160\/#primaryimage\"},\"image\":{\"@id\":\"https:\/\/www.icscoolenergy.com\/fr\/pompe-a-chaleur-160\/#primaryimage\"},\"thumbnailUrl\":\"https:\/\/www.icscoolenergy.com\/wp-content\/uploads\/sites\/2\/2024\/04\/Heat-Pump-160.png\",\"datePublished\":\"2024-04-22T06:48:32+00:00\",\"dateModified\":\"2024-06-05T15:04:00+00:00\",\"breadcrumb\":{\"@id\":\"https:\/\/www.icscoolenergy.com\/fr\/pompe-a-chaleur-160\/#breadcrumb\"},\"inLanguage\":\"fr-FR\",\"potentialAction\":[{\"@type\":\"ReadAction\",\"target\":[\"https:\/\/www.icscoolenergy.com\/fr\/pompe-a-chaleur-160\/\"]}]},{\"@type\":\"ImageObject\",\"inLanguage\":\"fr-FR\",\"@id\":\"https:\/\/www.icscoolenergy.com\/fr\/pompe-a-chaleur-160\/#primaryimage\",\"url\":\"https:\/\/www.icscoolenergy.com\/wp-content\/uploads\/sites\/2\/2024\/04\/Heat-Pump-160.png\",\"contentUrl\":\"https:\/\/www.icscoolenergy.com\/wp-content\/uploads\/sites\/2\/2024\/04\/Heat-Pump-160.png\",\"width\":560,\"height\":420,\"caption\":\"Pompe \u00e0 chaleur 160\"},{\"@type\":\"BreadcrumbList\",\"@id\":\"https:\/\/www.icscoolenergy.com\/fr\/pompe-a-chaleur-160\/#breadcrumb\",\"itemListElement\":[{\"@type\":\"ListItem\",\"position\":1,\"name\":\"Home\",\"item\":\"https:\/\/www.icscoolenergy.com\/fr\/\"},{\"@type\":\"ListItem\",\"position\":2,\"name\":\"Boutique\",\"item\":\"https:\/\/www.icscoolenergy.com\/fr\/boutique\/\"},{\"@type\":\"ListItem\",\"position\":3,\"name\":\"Pompe \u00e0 chaleur 160\"}]},{\"@type\":\"WebSite\",\"@id\":\"https:\/\/www.icscoolenergy.com\/fr\/#website\",\"url\":\"https:\/\/www.icscoolenergy.com\/fr\/\",\"name\":\"ICS Cool Energy\",\"description\":\"The Process Temperature Control Specialists\",\"publisher\":{\"@id\":\"https:\/\/www.icscoolenergy.com\/fr\/#organization\"},\"potentialAction\":[{\"@type\":\"SearchAction\",\"target\":{\"@type\":\"EntryPoint\",\"urlTemplate\":\"https:\/\/www.icscoolenergy.com\/fr\/?s={search_term_string}\"},\"query-input\":{\"@type\":\"PropertyValueSpecification\",\"valueRequired\":true,\"valueName\":\"search_term_string\"}}],\"inLanguage\":\"fr-FR\"},{\"@type\":\"Organization\",\"@id\":\"https:\/\/www.icscoolenergy.com\/fr\/#organization\",\"name\":\"ICS Cool Energy\",\"url\":\"https:\/\/www.icscoolenergy.com\/fr\/\",\"logo\":{\"@type\":\"ImageObject\",\"inLanguage\":\"fr-FR\",\"@id\":\"https:\/\/www.icscoolenergy.com\/fr\/#\/schema\/logo\/image\/\",\"url\":\"https:\/\/www.icscoolenergy.com\/wp-content\/uploads\/sites\/2\/2024\/01\/ics-cool-energy-logo.svg\",\"contentUrl\":\"https:\/\/www.icscoolenergy.com\/wp-content\/uploads\/sites\/2\/2024\/01\/ics-cool-energy-logo.svg\",\"caption\":\"ICS Cool Energy\"},\"image\":{\"@id\":\"https:\/\/www.icscoolenergy.com\/fr\/#\/schema\/logo\/image\/\"}}]}<\/script>\n<!-- \/ Yoast SEO Premium plugin. -->","yoast_head_json":{"title":"Pompe \u00e0 chaleur 160 - French","robots":{"index":"index","follow":"follow","max-snippet":"max-snippet:-1","max-image-preview":"max-image-preview:large","max-video-preview":"max-video-preview:-1"},"canonical":"https:\/\/www.icscoolenergy.com\/fr\/pompe-a-chaleur-160\/","og_locale":"fr_FR","og_type":"article","og_title":"Pompe \u00e0 chaleur 160","og_description":"Notre gamme de refroidisseurs \u00e0 pompe \u00e0 chaleur r\u00e9versible est capable d&rsquo;assurer le refroidissement ou le chauffage \u00e0 partir d&rsquo;une seule source. La pompe \u00e0 chaleur 160 comprend 4 compresseurs scroll \u00e0 \u00e9conomie d&rsquo;\u00e9nergie et une pompe de circulation int\u00e9gr\u00e9e. Il permet de refroidir jusqu&rsquo;\u00e0 -10\u00b0C et de chauffer jusqu&rsquo;\u00e0 +60\u00b0C pour les temp\u00e9ratures de ... Lire la suite","og_url":"https:\/\/www.icscoolenergy.com\/fr\/pompe-a-chaleur-160\/","og_site_name":"French","article_modified_time":"2024-06-05T15:04:00+00:00","og_image":[{"width":560,"height":420,"url":"https:\/\/www.icscoolenergy.com\/wp-content\/uploads\/sites\/2\/2024\/04\/Heat-Pump-160.png","type":"image\/png"}],"twitter_card":"summary_large_image","twitter_misc":{"Est. reading time":"1 minute"},"schema":{"@context":"https:\/\/schema.org","@graph":[{"@type":"WebPage","@id":"https:\/\/www.icscoolenergy.com\/fr\/pompe-a-chaleur-160\/","url":"https:\/\/www.icscoolenergy.com\/fr\/pompe-a-chaleur-160\/","name":"Pompe \u00e0 chaleur 160 - French","isPartOf":{"@id":"https:\/\/www.icscoolenergy.com\/fr\/#website"},"primaryImageOfPage":{"@id":"https:\/\/www.icscoolenergy.com\/fr\/pompe-a-chaleur-160\/#primaryimage"},"image":{"@id":"https:\/\/www.icscoolenergy.com\/fr\/pompe-a-chaleur-160\/#primaryimage"},"thumbnailUrl":"https:\/\/www.icscoolenergy.com\/wp-content\/uploads\/sites\/2\/2024\/04\/Heat-Pump-160.png","datePublished":"2024-04-22T06:48:32+00:00","dateModified":"2024-06-05T15:04:00+00:00","breadcrumb":{"@id":"https:\/\/www.icscoolenergy.com\/fr\/pompe-a-chaleur-160\/#breadcrumb"},"inLanguage":"fr-FR","potentialAction":[{"@type":"ReadAction","target":["https:\/\/www.icscoolenergy.com\/fr\/pompe-a-chaleur-160\/"]}]},{"@type":"ImageObject","inLanguage":"fr-FR","@id":"https:\/\/www.icscoolenergy.com\/fr\/pompe-a-chaleur-160\/#primaryimage","url":"https:\/\/www.icscoolenergy.com\/wp-content\/uploads\/sites\/2\/2024\/04\/Heat-Pump-160.png","contentUrl":"https:\/\/www.icscoolenergy.com\/wp-content\/uploads\/sites\/2\/2024\/04\/Heat-Pump-160.png","width":560,"height":420,"caption":"Pompe \u00e0 chaleur 160"},{"@type":"BreadcrumbList","@id":"https:\/\/www.icscoolenergy.com\/fr\/pompe-a-chaleur-160\/#breadcrumb","itemListElement":[{"@type":"ListItem","position":1,"name":"Home","item":"https:\/\/www.icscoolenergy.com\/fr\/"},{"@type":"ListItem","position":2,"name":"Boutique","item":"https:\/\/www.icscoolenergy.com\/fr\/boutique\/"},{"@type":"ListItem","position":3,"name":"Pompe \u00e0 chaleur 160"}]},{"@type":"WebSite","@id":"https:\/\/www.icscoolenergy.com\/fr\/#website","url":"https:\/\/www.icscoolenergy.com\/fr\/","name":"ICS Cool Energy","description":"The Process Temperature Control Specialists","publisher":{"@id":"https:\/\/www.icscoolenergy.com\/fr\/#organization"},"potentialAction":[{"@type":"SearchAction","target":{"@type":"EntryPoint","urlTemplate":"https:\/\/www.icscoolenergy.com\/fr\/?s={search_term_string}"},"query-input":{"@type":"PropertyValueSpecification","valueRequired":true,"valueName":"search_term_string"}}],"inLanguage":"fr-FR"},{"@type":"Organization","@id":"https:\/\/www.icscoolenergy.com\/fr\/#organization","name":"ICS Cool Energy","url":"https:\/\/www.icscoolenergy.com\/fr\/","logo":{"@type":"ImageObject","inLanguage":"fr-FR","@id":"https:\/\/www.icscoolenergy.com\/fr\/#\/schema\/logo\/image\/","url":"https:\/\/www.icscoolenergy.com\/wp-content\/uploads\/sites\/2\/2024\/01\/ics-cool-energy-logo.svg","contentUrl":"https:\/\/www.icscoolenergy.com\/wp-content\/uploads\/sites\/2\/2024\/01\/ics-cool-energy-logo.svg","caption":"ICS Cool Energy"},"image":{"@id":"https:\/\/www.icscoolenergy.com\/fr\/#\/schema\/logo\/image\/"}}]}},"_links":{"self":[{"href":"https:\/\/www.icscoolenergy.com\/fr\/wp-json\/wp\/v2\/product\/121585","targetHints":{"allow":["GET"]}}],"collection":[{"href":"https:\/\/www.icscoolenergy.com\/fr\/wp-json\/wp\/v2\/product"}],"about":[{"href":"https:\/\/www.icscoolenergy.com\/fr\/wp-json\/wp\/v2\/types\/product"}],"replies":[{"embeddable":true,"href":"https:\/\/www.icscoolenergy.com\/fr\/wp-json\/wp\/v2\/comments?post=121585"}],"wp:featuredmedia":[{"embeddable":true,"href":"https:\/\/www.icscoolenergy.com\/fr\/wp-json\/wp\/v2\/media\/109735"}],"wp:attachment":[{"href":"https:\/\/www.icscoolenergy.com\/fr\/wp-json\/wp\/v2\/media?parent=121585"}],"wp:term":[{"taxonomy":"product_brand","embeddable":true,"href":"https:\/\/www.icscoolenergy.com\/fr\/wp-json\/wp\/v2\/product_brand?post=121585"},{"taxonomy":"product_cat","embeddable":true,"href":"https:\/\/www.icscoolenergy.com\/fr\/wp-json\/wp\/v2\/product_cat?post=121585"},{"taxonomy":"product_tag","embeddable":true,"href":"https:\/\/www.icscoolenergy.com\/fr\/wp-json\/wp\/v2\/product_tag?post=121585"}],"curies":[{"name":"wp","href":"https:\/\/api.w.org\/{rel}","templated":true}]}}