 
{"id":121587,"date":"2024-04-29T08:24:43","date_gmt":"2024-04-29T08:24:43","guid":{"rendered":"https:\/\/www.icscoolenergy.com\/fr\/non%20class\u00e9\/i-temp-max-flex-line\/"},"modified":"2024-06-05T10:25:31","modified_gmt":"2024-06-05T10:25:31","slug":"i-temp-max-flex-line","status":"publish","type":"product","link":"https:\/\/www.icscoolenergy.com\/fr\/i-temp-max-flex-line\/","title":{"rendered":"i-Temp Max flex.line"},"content":{"rendered":"<p>La gamme i-Temp Max utilise de l&rsquo;huile caloporteuse comme fluide de circulation pour des temp\u00e9ratures allant jusqu&rsquo;\u00e0 350\u00b0C. Con\u00e7us et fabriqu\u00e9s sp\u00e9cifiquement pour ICS Cool Energy au Royaume-Uni, ils offrent une ing\u00e9nierie allemande extr\u00eamement fiable et de haute qualit\u00e9.<\/p>\n<p>Con\u00e7ue sp\u00e9cifiquement pour les applications n\u00e9cessitant des temp\u00e9ratures \u00e9lev\u00e9es, la s\u00e9rie tt\/th utilise des \u00e9l\u00e9ments chauffants de faible puissance (watts\/cm2), ce qui permet d&rsquo;obtenir des temp\u00e9ratures de film basses \u00e0 des d\u00e9bits normaux. Le syst\u00e8me int\u00e8gre un syst\u00e8me de contr\u00f4le du d\u00e9bit qui d\u00e9clenche une alarme si le d\u00e9bit devient trop faible.<\/p>\n<p>En fonction de l&rsquo;application du processus et des fluides pr\u00e9sents sur le site, le chauffage et le refroidissement peuvent \u00eatre ex\u00e9cut\u00e9s de diff\u00e9rentes mani\u00e8res. Par exemple, si un circuit primaire avec du gaz ou du mazout est d\u00e9j\u00e0 install\u00e9 ou souhait\u00e9, la gamme i-Temp Max tt\/th peut \u00eatre configur\u00e9e pour chauffer ou refroidir directement en utilisant le circuit principal sur site et les utilit\u00e9s du site selon les besoins.<\/p>\n","protected":false},"excerpt":{"rendered":"<p>La gamme i-Temp Max utilise de l&rsquo;huile caloporteuse comme fluide de circulation pour des temp\u00e9ratures allant jusqu&rsquo;\u00e0 350\u00b0C. Con\u00e7us et fabriqu\u00e9s sp\u00e9cifiquement pour ICS Cool Energy au Royaume-Uni, ils offrent une ing\u00e9nierie allemande extr\u00eamement fiable et de haute qualit\u00e9. Con\u00e7ue sp\u00e9cifiquement pour les applications n\u00e9cessitant des temp\u00e9ratures \u00e9lev\u00e9es, la s\u00e9rie tt\/th utilise des \u00e9l\u00e9ments chauffants &#8230; <a title=\"i-Temp Max flex.line\" class=\"read-more\" href=\"https:\/\/www.icscoolenergy.com\/fr\/i-temp-max-flex-line\/\" aria-label=\"En savoir plus sur i-Temp Max flex.line\">Lire la suite<\/a><\/p>\n","protected":false},"featured_media":117992,"comment_status":"closed","ping_status":"closed","template":"","meta":{"_acf_changed":false,"inline_featured_image":false,"_editorskit_title_hidden":false,"_editorskit_reading_time":0,"_editorskit_is_block_options_detached":false,"_editorskit_block_options_position":"{}","editor_plus_copied_stylings":"{}"},"product_brand":[],"product_cat":[1119],"product_tag":[],"class_list":{"0":"post-121587","1":"product","2":"type-product","3":"status-publish","4":"has-post-thumbnail","6":"product_cat-unites-de-controle-de-la-temperature","8":"first","9":"instock","10":"shipping-taxable","11":"product-type-simple"},"acf":[],"yoast_head":"<!-- This site is optimized with the Yoast SEO Premium plugin v24.5 (Yoast SEO v26.9) - https:\/\/yoast.com\/product\/yoast-seo-premium-wordpress\/ -->\n<title>i-Temp Max flex.line - French<\/title>\n<meta name=\"robots\" content=\"index, follow, max-snippet:-1, max-image-preview:large, max-video-preview:-1\" \/>\n<link rel=\"canonical\" href=\"https:\/\/www.icscoolenergy.com\/fr\/i-temp-max-flex-line\/\" \/>\n<meta property=\"og:locale\" content=\"fr_FR\" \/>\n<meta property=\"og:type\" content=\"article\" \/>\n<meta property=\"og:title\" content=\"i-Temp Max flex.line\" \/>\n<meta property=\"og:description\" content=\"La gamme i-Temp Max utilise de l&rsquo;huile caloporteuse comme fluide de circulation pour des temp\u00e9ratures allant jusqu&rsquo;\u00e0 350\u00b0C. Con\u00e7us et fabriqu\u00e9s sp\u00e9cifiquement pour ICS Cool Energy au Royaume-Uni, ils offrent une ing\u00e9nierie allemande extr\u00eamement fiable et de haute qualit\u00e9. Con\u00e7ue sp\u00e9cifiquement pour les applications n\u00e9cessitant des temp\u00e9ratures \u00e9lev\u00e9es, la s\u00e9rie tt\/th utilise des \u00e9l\u00e9ments chauffants ... Lire la suite\" \/>\n<meta property=\"og:url\" content=\"https:\/\/www.icscoolenergy.com\/fr\/i-temp-max-flex-line\/\" \/>\n<meta property=\"og:site_name\" content=\"French\" \/>\n<meta property=\"article:modified_time\" content=\"2024-06-05T10:25:31+00:00\" \/>\n<meta property=\"og:image\" content=\"https:\/\/www.icscoolenergy.com\/wp-content\/uploads\/sites\/2\/2024\/04\/i-Temp-max-1.png\" \/>\n\t<meta property=\"og:image:width\" content=\"560\" \/>\n\t<meta property=\"og:image:height\" content=\"420\" \/>\n\t<meta property=\"og:image:type\" content=\"image\/png\" \/>\n<meta name=\"twitter:card\" content=\"summary_large_image\" \/>\n<meta name=\"twitter:label1\" content=\"Est. reading time\" \/>\n\t<meta name=\"twitter:data1\" content=\"1 minute\" \/>\n<script type=\"application\/ld+json\" class=\"yoast-schema-graph\">{\"@context\":\"https:\/\/schema.org\",\"@graph\":[{\"@type\":\"WebPage\",\"@id\":\"https:\/\/www.icscoolenergy.com\/fr\/i-temp-max-flex-line\/\",\"url\":\"https:\/\/www.icscoolenergy.com\/fr\/i-temp-max-flex-line\/\",\"name\":\"i-Temp Max flex.line - French\",\"isPartOf\":{\"@id\":\"https:\/\/www.icscoolenergy.com\/fr\/#website\"},\"primaryImageOfPage\":{\"@id\":\"https:\/\/www.icscoolenergy.com\/fr\/i-temp-max-flex-line\/#primaryimage\"},\"image\":{\"@id\":\"https:\/\/www.icscoolenergy.com\/fr\/i-temp-max-flex-line\/#primaryimage\"},\"thumbnailUrl\":\"https:\/\/www.icscoolenergy.com\/wp-content\/uploads\/sites\/2\/2024\/04\/i-Temp-max-1.png\",\"datePublished\":\"2024-04-29T08:24:43+00:00\",\"dateModified\":\"2024-06-05T10:25:31+00:00\",\"breadcrumb\":{\"@id\":\"https:\/\/www.icscoolenergy.com\/fr\/i-temp-max-flex-line\/#breadcrumb\"},\"inLanguage\":\"fr-FR\",\"potentialAction\":[{\"@type\":\"ReadAction\",\"target\":[\"https:\/\/www.icscoolenergy.com\/fr\/i-temp-max-flex-line\/\"]}]},{\"@type\":\"ImageObject\",\"inLanguage\":\"fr-FR\",\"@id\":\"https:\/\/www.icscoolenergy.com\/fr\/i-temp-max-flex-line\/#primaryimage\",\"url\":\"https:\/\/www.icscoolenergy.com\/wp-content\/uploads\/sites\/2\/2024\/04\/i-Temp-max-1.png\",\"contentUrl\":\"https:\/\/www.icscoolenergy.com\/wp-content\/uploads\/sites\/2\/2024\/04\/i-Temp-max-1.png\",\"width\":560,\"height\":420,\"caption\":\"i-Temp max image du produit\"},{\"@type\":\"BreadcrumbList\",\"@id\":\"https:\/\/www.icscoolenergy.com\/fr\/i-temp-max-flex-line\/#breadcrumb\",\"itemListElement\":[{\"@type\":\"ListItem\",\"position\":1,\"name\":\"Home\",\"item\":\"https:\/\/www.icscoolenergy.com\/fr\/\"},{\"@type\":\"ListItem\",\"position\":2,\"name\":\"Boutique\",\"item\":\"https:\/\/www.icscoolenergy.com\/fr\/boutique\/\"},{\"@type\":\"ListItem\",\"position\":3,\"name\":\"i-Temp Max flex.line\"}]},{\"@type\":\"WebSite\",\"@id\":\"https:\/\/www.icscoolenergy.com\/fr\/#website\",\"url\":\"https:\/\/www.icscoolenergy.com\/fr\/\",\"name\":\"ICS Cool Energy\",\"description\":\"The Process Temperature Control Specialists\",\"publisher\":{\"@id\":\"https:\/\/www.icscoolenergy.com\/fr\/#organization\"},\"potentialAction\":[{\"@type\":\"SearchAction\",\"target\":{\"@type\":\"EntryPoint\",\"urlTemplate\":\"https:\/\/www.icscoolenergy.com\/fr\/?s={search_term_string}\"},\"query-input\":{\"@type\":\"PropertyValueSpecification\",\"valueRequired\":true,\"valueName\":\"search_term_string\"}}],\"inLanguage\":\"fr-FR\"},{\"@type\":\"Organization\",\"@id\":\"https:\/\/www.icscoolenergy.com\/fr\/#organization\",\"name\":\"ICS Cool Energy\",\"url\":\"https:\/\/www.icscoolenergy.com\/fr\/\",\"logo\":{\"@type\":\"ImageObject\",\"inLanguage\":\"fr-FR\",\"@id\":\"https:\/\/www.icscoolenergy.com\/fr\/#\/schema\/logo\/image\/\",\"url\":\"https:\/\/www.icscoolenergy.com\/wp-content\/uploads\/sites\/2\/2024\/01\/ics-cool-energy-logo.svg\",\"contentUrl\":\"https:\/\/www.icscoolenergy.com\/wp-content\/uploads\/sites\/2\/2024\/01\/ics-cool-energy-logo.svg\",\"caption\":\"ICS Cool Energy\"},\"image\":{\"@id\":\"https:\/\/www.icscoolenergy.com\/fr\/#\/schema\/logo\/image\/\"}}]}<\/script>\n<!-- \/ Yoast SEO Premium plugin. -->","yoast_head_json":{"title":"i-Temp Max flex.line - French","robots":{"index":"index","follow":"follow","max-snippet":"max-snippet:-1","max-image-preview":"max-image-preview:large","max-video-preview":"max-video-preview:-1"},"canonical":"https:\/\/www.icscoolenergy.com\/fr\/i-temp-max-flex-line\/","og_locale":"fr_FR","og_type":"article","og_title":"i-Temp Max flex.line","og_description":"La gamme i-Temp Max utilise de l&rsquo;huile caloporteuse comme fluide de circulation pour des temp\u00e9ratures allant jusqu&rsquo;\u00e0 350\u00b0C. Con\u00e7us et fabriqu\u00e9s sp\u00e9cifiquement pour ICS Cool Energy au Royaume-Uni, ils offrent une ing\u00e9nierie allemande extr\u00eamement fiable et de haute qualit\u00e9. Con\u00e7ue sp\u00e9cifiquement pour les applications n\u00e9cessitant des temp\u00e9ratures \u00e9lev\u00e9es, la s\u00e9rie tt\/th utilise des \u00e9l\u00e9ments chauffants ... Lire la suite","og_url":"https:\/\/www.icscoolenergy.com\/fr\/i-temp-max-flex-line\/","og_site_name":"French","article_modified_time":"2024-06-05T10:25:31+00:00","og_image":[{"width":560,"height":420,"url":"https:\/\/www.icscoolenergy.com\/wp-content\/uploads\/sites\/2\/2024\/04\/i-Temp-max-1.png","type":"image\/png"}],"twitter_card":"summary_large_image","twitter_misc":{"Est. reading time":"1 minute"},"schema":{"@context":"https:\/\/schema.org","@graph":[{"@type":"WebPage","@id":"https:\/\/www.icscoolenergy.com\/fr\/i-temp-max-flex-line\/","url":"https:\/\/www.icscoolenergy.com\/fr\/i-temp-max-flex-line\/","name":"i-Temp Max flex.line - French","isPartOf":{"@id":"https:\/\/www.icscoolenergy.com\/fr\/#website"},"primaryImageOfPage":{"@id":"https:\/\/www.icscoolenergy.com\/fr\/i-temp-max-flex-line\/#primaryimage"},"image":{"@id":"https:\/\/www.icscoolenergy.com\/fr\/i-temp-max-flex-line\/#primaryimage"},"thumbnailUrl":"https:\/\/www.icscoolenergy.com\/wp-content\/uploads\/sites\/2\/2024\/04\/i-Temp-max-1.png","datePublished":"2024-04-29T08:24:43+00:00","dateModified":"2024-06-05T10:25:31+00:00","breadcrumb":{"@id":"https:\/\/www.icscoolenergy.com\/fr\/i-temp-max-flex-line\/#breadcrumb"},"inLanguage":"fr-FR","potentialAction":[{"@type":"ReadAction","target":["https:\/\/www.icscoolenergy.com\/fr\/i-temp-max-flex-line\/"]}]},{"@type":"ImageObject","inLanguage":"fr-FR","@id":"https:\/\/www.icscoolenergy.com\/fr\/i-temp-max-flex-line\/#primaryimage","url":"https:\/\/www.icscoolenergy.com\/wp-content\/uploads\/sites\/2\/2024\/04\/i-Temp-max-1.png","contentUrl":"https:\/\/www.icscoolenergy.com\/wp-content\/uploads\/sites\/2\/2024\/04\/i-Temp-max-1.png","width":560,"height":420,"caption":"i-Temp max image du produit"},{"@type":"BreadcrumbList","@id":"https:\/\/www.icscoolenergy.com\/fr\/i-temp-max-flex-line\/#breadcrumb","itemListElement":[{"@type":"ListItem","position":1,"name":"Home","item":"https:\/\/www.icscoolenergy.com\/fr\/"},{"@type":"ListItem","position":2,"name":"Boutique","item":"https:\/\/www.icscoolenergy.com\/fr\/boutique\/"},{"@type":"ListItem","position":3,"name":"i-Temp Max flex.line"}]},{"@type":"WebSite","@id":"https:\/\/www.icscoolenergy.com\/fr\/#website","url":"https:\/\/www.icscoolenergy.com\/fr\/","name":"ICS Cool Energy","description":"The Process Temperature Control Specialists","publisher":{"@id":"https:\/\/www.icscoolenergy.com\/fr\/#organization"},"potentialAction":[{"@type":"SearchAction","target":{"@type":"EntryPoint","urlTemplate":"https:\/\/www.icscoolenergy.com\/fr\/?s={search_term_string}"},"query-input":{"@type":"PropertyValueSpecification","valueRequired":true,"valueName":"search_term_string"}}],"inLanguage":"fr-FR"},{"@type":"Organization","@id":"https:\/\/www.icscoolenergy.com\/fr\/#organization","name":"ICS Cool Energy","url":"https:\/\/www.icscoolenergy.com\/fr\/","logo":{"@type":"ImageObject","inLanguage":"fr-FR","@id":"https:\/\/www.icscoolenergy.com\/fr\/#\/schema\/logo\/image\/","url":"https:\/\/www.icscoolenergy.com\/wp-content\/uploads\/sites\/2\/2024\/01\/ics-cool-energy-logo.svg","contentUrl":"https:\/\/www.icscoolenergy.com\/wp-content\/uploads\/sites\/2\/2024\/01\/ics-cool-energy-logo.svg","caption":"ICS Cool Energy"},"image":{"@id":"https:\/\/www.icscoolenergy.com\/fr\/#\/schema\/logo\/image\/"}}]}},"_links":{"self":[{"href":"https:\/\/www.icscoolenergy.com\/fr\/wp-json\/wp\/v2\/product\/121587","targetHints":{"allow":["GET"]}}],"collection":[{"href":"https:\/\/www.icscoolenergy.com\/fr\/wp-json\/wp\/v2\/product"}],"about":[{"href":"https:\/\/www.icscoolenergy.com\/fr\/wp-json\/wp\/v2\/types\/product"}],"replies":[{"embeddable":true,"href":"https:\/\/www.icscoolenergy.com\/fr\/wp-json\/wp\/v2\/comments?post=121587"}],"wp:featuredmedia":[{"embeddable":true,"href":"https:\/\/www.icscoolenergy.com\/fr\/wp-json\/wp\/v2\/media\/117992"}],"wp:attachment":[{"href":"https:\/\/www.icscoolenergy.com\/fr\/wp-json\/wp\/v2\/media?parent=121587"}],"wp:term":[{"taxonomy":"product_brand","embeddable":true,"href":"https:\/\/www.icscoolenergy.com\/fr\/wp-json\/wp\/v2\/product_brand?post=121587"},{"taxonomy":"product_cat","embeddable":true,"href":"https:\/\/www.icscoolenergy.com\/fr\/wp-json\/wp\/v2\/product_cat?post=121587"},{"taxonomy":"product_tag","embeddable":true,"href":"https:\/\/www.icscoolenergy.com\/fr\/wp-json\/wp\/v2\/product_tag?post=121587"}],"curies":[{"name":"wp","href":"https:\/\/api.w.org\/{rel}","templated":true}]}}