 
{"id":121588,"date":"2024-04-26T11:19:09","date_gmt":"2024-04-26T11:19:09","guid":{"rendered":"https:\/\/www.icscoolenergy.com\/fr\/non%20class\u00e9\/i-temp-compact-base-line\/"},"modified":"2024-06-06T10:24:26","modified_gmt":"2024-06-06T10:24:26","slug":"i-temp-compact-base-dot-line","status":"publish","type":"product","link":"https:\/\/www.icscoolenergy.com\/fr\/i-temp-compact-base-dot-line\/","title":{"rendered":"i-Temp Compact base.line"},"content":{"rendered":"<p>vEn termes d&rsquo;efficacit\u00e9 et de convivialit\u00e9, la s\u00e9rie base.line est conforme \u00e0 la norme actuelle du march\u00e9 \u00ab\u00a0plus simple\u00a0\u00bb qui est bas\u00e9e sur les pompes p\u00e9riph\u00e9riques.<\/p>\n<p>Con\u00e7ue et fabriqu\u00e9e sp\u00e9cifiquement pour ICS Cool Energy au Royaume-Uni, la gamme i-Temp Compact base.line offre une ing\u00e9nierie allemande extr\u00eamement fiable et de haute qualit\u00e9. Les thermor\u00e9gulateurs de la gamme base.line sont nos appareils standard \u00e0 co\u00fbt optimis\u00e9 pour une thermor\u00e9gulation \u00e9conomique avec de l&rsquo;eau \u00e0 des temp\u00e9ratures allant jusqu&rsquo;\u00e0 180 \u00b0C et des d\u00e9bits allant jusqu&rsquo;\u00e0 200 l\/min. Ils offrent une capacit\u00e9 de chauffage comprise entre 6 et 36 kW.<\/p>\n<p>L&rsquo;unit\u00e9 de base avec son clavier simple d&rsquo;utilisation est la solution pr\u00e9f\u00e9r\u00e9e pour de nombreuses applications avec un excellent rapport prix\/performance.<\/p>\n","protected":false},"excerpt":{"rendered":"<p>vEn termes d&rsquo;efficacit\u00e9 et de convivialit\u00e9, la s\u00e9rie base.line est conforme \u00e0 la norme actuelle du march\u00e9 \u00ab\u00a0plus simple\u00a0\u00bb qui est bas\u00e9e sur les pompes p\u00e9riph\u00e9riques. Con\u00e7ue et fabriqu\u00e9e sp\u00e9cifiquement pour ICS Cool Energy au Royaume-Uni, la gamme i-Temp Compact base.line offre une ing\u00e9nierie allemande extr\u00eamement fiable et de haute qualit\u00e9. Les thermor\u00e9gulateurs de la &#8230; <a title=\"i-Temp Compact base.line\" class=\"read-more\" href=\"https:\/\/www.icscoolenergy.com\/fr\/i-temp-compact-base-dot-line\/\" aria-label=\"En savoir plus sur i-Temp Compact base.line\">Lire la suite<\/a><\/p>\n","protected":false},"featured_media":117822,"comment_status":"closed","ping_status":"closed","template":"","meta":{"_acf_changed":false,"inline_featured_image":false,"_editorskit_title_hidden":false,"_editorskit_reading_time":0,"_editorskit_is_block_options_detached":false,"_editorskit_block_options_position":"{}","editor_plus_copied_stylings":"{}"},"product_brand":[],"product_cat":[1119],"product_tag":[],"class_list":{"0":"post-121588","1":"product","2":"type-product","3":"status-publish","4":"has-post-thumbnail","6":"product_cat-unites-de-controle-de-la-temperature","8":"first","9":"instock","10":"shipping-taxable","11":"product-type-simple"},"acf":[],"yoast_head":"<!-- This site is optimized with the Yoast SEO Premium plugin v24.5 (Yoast SEO v26.9) - https:\/\/yoast.com\/product\/yoast-seo-premium-wordpress\/ -->\n<title>i-Temp Compact base.line - French<\/title>\n<meta name=\"robots\" content=\"index, follow, max-snippet:-1, max-image-preview:large, max-video-preview:-1\" \/>\n<link rel=\"canonical\" href=\"https:\/\/www.icscoolenergy.com\/fr\/i-temp-compact-base-dot-line\/\" \/>\n<meta property=\"og:locale\" content=\"fr_FR\" \/>\n<meta property=\"og:type\" content=\"article\" \/>\n<meta property=\"og:title\" content=\"i-Temp Compact base.line\" \/>\n<meta property=\"og:description\" content=\"vEn termes d&rsquo;efficacit\u00e9 et de convivialit\u00e9, la s\u00e9rie base.line est conforme \u00e0 la norme actuelle du march\u00e9 \u00ab\u00a0plus simple\u00a0\u00bb qui est bas\u00e9e sur les pompes p\u00e9riph\u00e9riques. Con\u00e7ue et fabriqu\u00e9e sp\u00e9cifiquement pour ICS Cool Energy au Royaume-Uni, la gamme i-Temp Compact base.line offre une ing\u00e9nierie allemande extr\u00eamement fiable et de haute qualit\u00e9. Les thermor\u00e9gulateurs de la ... Lire la suite\" \/>\n<meta property=\"og:url\" content=\"https:\/\/www.icscoolenergy.com\/fr\/i-temp-compact-base-dot-line\/\" \/>\n<meta property=\"og:site_name\" content=\"French\" \/>\n<meta property=\"article:modified_time\" content=\"2024-06-06T10:24:26+00:00\" \/>\n<meta property=\"og:image\" content=\"https:\/\/www.icscoolenergy.com\/wp-content\/uploads\/sites\/2\/2024\/04\/i-Temp-Compact-base-line-1.png\" \/>\n\t<meta property=\"og:image:width\" content=\"560\" \/>\n\t<meta property=\"og:image:height\" content=\"420\" \/>\n\t<meta property=\"og:image:type\" content=\"image\/png\" \/>\n<meta name=\"twitter:card\" content=\"summary_large_image\" \/>\n<meta name=\"twitter:label1\" content=\"Est. reading time\" \/>\n\t<meta name=\"twitter:data1\" content=\"1 minute\" \/>\n<script type=\"application\/ld+json\" class=\"yoast-schema-graph\">{\"@context\":\"https:\/\/schema.org\",\"@graph\":[{\"@type\":\"WebPage\",\"@id\":\"https:\/\/www.icscoolenergy.com\/fr\/i-temp-compact-base-dot-line\/\",\"url\":\"https:\/\/www.icscoolenergy.com\/fr\/i-temp-compact-base-dot-line\/\",\"name\":\"i-Temp Compact base.line - French\",\"isPartOf\":{\"@id\":\"https:\/\/www.icscoolenergy.com\/fr\/#website\"},\"primaryImageOfPage\":{\"@id\":\"https:\/\/www.icscoolenergy.com\/fr\/i-temp-compact-base-dot-line\/#primaryimage\"},\"image\":{\"@id\":\"https:\/\/www.icscoolenergy.com\/fr\/i-temp-compact-base-dot-line\/#primaryimage\"},\"thumbnailUrl\":\"https:\/\/www.icscoolenergy.com\/wp-content\/uploads\/sites\/2\/2024\/04\/i-Temp-Compact-base-line-1.png\",\"datePublished\":\"2024-04-26T11:19:09+00:00\",\"dateModified\":\"2024-06-06T10:24:26+00:00\",\"breadcrumb\":{\"@id\":\"https:\/\/www.icscoolenergy.com\/fr\/i-temp-compact-base-dot-line\/#breadcrumb\"},\"inLanguage\":\"fr-FR\",\"potentialAction\":[{\"@type\":\"ReadAction\",\"target\":[\"https:\/\/www.icscoolenergy.com\/fr\/i-temp-compact-base-dot-line\/\"]}]},{\"@type\":\"ImageObject\",\"inLanguage\":\"fr-FR\",\"@id\":\"https:\/\/www.icscoolenergy.com\/fr\/i-temp-compact-base-dot-line\/#primaryimage\",\"url\":\"https:\/\/www.icscoolenergy.com\/wp-content\/uploads\/sites\/2\/2024\/04\/i-Temp-Compact-base-line-1.png\",\"contentUrl\":\"https:\/\/www.icscoolenergy.com\/wp-content\/uploads\/sites\/2\/2024\/04\/i-Temp-Compact-base-line-1.png\",\"width\":560,\"height\":420,\"caption\":\"i-Temp Compact base-line image du produit\"},{\"@type\":\"BreadcrumbList\",\"@id\":\"https:\/\/www.icscoolenergy.com\/fr\/i-temp-compact-base-dot-line\/#breadcrumb\",\"itemListElement\":[{\"@type\":\"ListItem\",\"position\":1,\"name\":\"Home\",\"item\":\"https:\/\/www.icscoolenergy.com\/fr\/\"},{\"@type\":\"ListItem\",\"position\":2,\"name\":\"Boutique\",\"item\":\"https:\/\/www.icscoolenergy.com\/fr\/boutique\/\"},{\"@type\":\"ListItem\",\"position\":3,\"name\":\"i-Temp Compact base.line\"}]},{\"@type\":\"WebSite\",\"@id\":\"https:\/\/www.icscoolenergy.com\/fr\/#website\",\"url\":\"https:\/\/www.icscoolenergy.com\/fr\/\",\"name\":\"ICS Cool Energy\",\"description\":\"The Process Temperature Control Specialists\",\"publisher\":{\"@id\":\"https:\/\/www.icscoolenergy.com\/fr\/#organization\"},\"potentialAction\":[{\"@type\":\"SearchAction\",\"target\":{\"@type\":\"EntryPoint\",\"urlTemplate\":\"https:\/\/www.icscoolenergy.com\/fr\/?s={search_term_string}\"},\"query-input\":{\"@type\":\"PropertyValueSpecification\",\"valueRequired\":true,\"valueName\":\"search_term_string\"}}],\"inLanguage\":\"fr-FR\"},{\"@type\":\"Organization\",\"@id\":\"https:\/\/www.icscoolenergy.com\/fr\/#organization\",\"name\":\"ICS Cool Energy\",\"url\":\"https:\/\/www.icscoolenergy.com\/fr\/\",\"logo\":{\"@type\":\"ImageObject\",\"inLanguage\":\"fr-FR\",\"@id\":\"https:\/\/www.icscoolenergy.com\/fr\/#\/schema\/logo\/image\/\",\"url\":\"https:\/\/www.icscoolenergy.com\/wp-content\/uploads\/sites\/2\/2024\/01\/ics-cool-energy-logo.svg\",\"contentUrl\":\"https:\/\/www.icscoolenergy.com\/wp-content\/uploads\/sites\/2\/2024\/01\/ics-cool-energy-logo.svg\",\"caption\":\"ICS Cool Energy\"},\"image\":{\"@id\":\"https:\/\/www.icscoolenergy.com\/fr\/#\/schema\/logo\/image\/\"}}]}<\/script>\n<!-- \/ Yoast SEO Premium plugin. -->","yoast_head_json":{"title":"i-Temp Compact base.line - French","robots":{"index":"index","follow":"follow","max-snippet":"max-snippet:-1","max-image-preview":"max-image-preview:large","max-video-preview":"max-video-preview:-1"},"canonical":"https:\/\/www.icscoolenergy.com\/fr\/i-temp-compact-base-dot-line\/","og_locale":"fr_FR","og_type":"article","og_title":"i-Temp Compact base.line","og_description":"vEn termes d&rsquo;efficacit\u00e9 et de convivialit\u00e9, la s\u00e9rie base.line est conforme \u00e0 la norme actuelle du march\u00e9 \u00ab\u00a0plus simple\u00a0\u00bb qui est bas\u00e9e sur les pompes p\u00e9riph\u00e9riques. Con\u00e7ue et fabriqu\u00e9e sp\u00e9cifiquement pour ICS Cool Energy au Royaume-Uni, la gamme i-Temp Compact base.line offre une ing\u00e9nierie allemande extr\u00eamement fiable et de haute qualit\u00e9. Les thermor\u00e9gulateurs de la ... Lire la suite","og_url":"https:\/\/www.icscoolenergy.com\/fr\/i-temp-compact-base-dot-line\/","og_site_name":"French","article_modified_time":"2024-06-06T10:24:26+00:00","og_image":[{"width":560,"height":420,"url":"https:\/\/www.icscoolenergy.com\/wp-content\/uploads\/sites\/2\/2024\/04\/i-Temp-Compact-base-line-1.png","type":"image\/png"}],"twitter_card":"summary_large_image","twitter_misc":{"Est. reading time":"1 minute"},"schema":{"@context":"https:\/\/schema.org","@graph":[{"@type":"WebPage","@id":"https:\/\/www.icscoolenergy.com\/fr\/i-temp-compact-base-dot-line\/","url":"https:\/\/www.icscoolenergy.com\/fr\/i-temp-compact-base-dot-line\/","name":"i-Temp Compact base.line - French","isPartOf":{"@id":"https:\/\/www.icscoolenergy.com\/fr\/#website"},"primaryImageOfPage":{"@id":"https:\/\/www.icscoolenergy.com\/fr\/i-temp-compact-base-dot-line\/#primaryimage"},"image":{"@id":"https:\/\/www.icscoolenergy.com\/fr\/i-temp-compact-base-dot-line\/#primaryimage"},"thumbnailUrl":"https:\/\/www.icscoolenergy.com\/wp-content\/uploads\/sites\/2\/2024\/04\/i-Temp-Compact-base-line-1.png","datePublished":"2024-04-26T11:19:09+00:00","dateModified":"2024-06-06T10:24:26+00:00","breadcrumb":{"@id":"https:\/\/www.icscoolenergy.com\/fr\/i-temp-compact-base-dot-line\/#breadcrumb"},"inLanguage":"fr-FR","potentialAction":[{"@type":"ReadAction","target":["https:\/\/www.icscoolenergy.com\/fr\/i-temp-compact-base-dot-line\/"]}]},{"@type":"ImageObject","inLanguage":"fr-FR","@id":"https:\/\/www.icscoolenergy.com\/fr\/i-temp-compact-base-dot-line\/#primaryimage","url":"https:\/\/www.icscoolenergy.com\/wp-content\/uploads\/sites\/2\/2024\/04\/i-Temp-Compact-base-line-1.png","contentUrl":"https:\/\/www.icscoolenergy.com\/wp-content\/uploads\/sites\/2\/2024\/04\/i-Temp-Compact-base-line-1.png","width":560,"height":420,"caption":"i-Temp Compact base-line image du produit"},{"@type":"BreadcrumbList","@id":"https:\/\/www.icscoolenergy.com\/fr\/i-temp-compact-base-dot-line\/#breadcrumb","itemListElement":[{"@type":"ListItem","position":1,"name":"Home","item":"https:\/\/www.icscoolenergy.com\/fr\/"},{"@type":"ListItem","position":2,"name":"Boutique","item":"https:\/\/www.icscoolenergy.com\/fr\/boutique\/"},{"@type":"ListItem","position":3,"name":"i-Temp Compact base.line"}]},{"@type":"WebSite","@id":"https:\/\/www.icscoolenergy.com\/fr\/#website","url":"https:\/\/www.icscoolenergy.com\/fr\/","name":"ICS Cool Energy","description":"The Process Temperature Control Specialists","publisher":{"@id":"https:\/\/www.icscoolenergy.com\/fr\/#organization"},"potentialAction":[{"@type":"SearchAction","target":{"@type":"EntryPoint","urlTemplate":"https:\/\/www.icscoolenergy.com\/fr\/?s={search_term_string}"},"query-input":{"@type":"PropertyValueSpecification","valueRequired":true,"valueName":"search_term_string"}}],"inLanguage":"fr-FR"},{"@type":"Organization","@id":"https:\/\/www.icscoolenergy.com\/fr\/#organization","name":"ICS Cool Energy","url":"https:\/\/www.icscoolenergy.com\/fr\/","logo":{"@type":"ImageObject","inLanguage":"fr-FR","@id":"https:\/\/www.icscoolenergy.com\/fr\/#\/schema\/logo\/image\/","url":"https:\/\/www.icscoolenergy.com\/wp-content\/uploads\/sites\/2\/2024\/01\/ics-cool-energy-logo.svg","contentUrl":"https:\/\/www.icscoolenergy.com\/wp-content\/uploads\/sites\/2\/2024\/01\/ics-cool-energy-logo.svg","caption":"ICS Cool Energy"},"image":{"@id":"https:\/\/www.icscoolenergy.com\/fr\/#\/schema\/logo\/image\/"}}]}},"_links":{"self":[{"href":"https:\/\/www.icscoolenergy.com\/fr\/wp-json\/wp\/v2\/product\/121588","targetHints":{"allow":["GET"]}}],"collection":[{"href":"https:\/\/www.icscoolenergy.com\/fr\/wp-json\/wp\/v2\/product"}],"about":[{"href":"https:\/\/www.icscoolenergy.com\/fr\/wp-json\/wp\/v2\/types\/product"}],"replies":[{"embeddable":true,"href":"https:\/\/www.icscoolenergy.com\/fr\/wp-json\/wp\/v2\/comments?post=121588"}],"wp:featuredmedia":[{"embeddable":true,"href":"https:\/\/www.icscoolenergy.com\/fr\/wp-json\/wp\/v2\/media\/117822"}],"wp:attachment":[{"href":"https:\/\/www.icscoolenergy.com\/fr\/wp-json\/wp\/v2\/media?parent=121588"}],"wp:term":[{"taxonomy":"product_brand","embeddable":true,"href":"https:\/\/www.icscoolenergy.com\/fr\/wp-json\/wp\/v2\/product_brand?post=121588"},{"taxonomy":"product_cat","embeddable":true,"href":"https:\/\/www.icscoolenergy.com\/fr\/wp-json\/wp\/v2\/product_cat?post=121588"},{"taxonomy":"product_tag","embeddable":true,"href":"https:\/\/www.icscoolenergy.com\/fr\/wp-json\/wp\/v2\/product_tag?post=121588"}],"curies":[{"name":"wp","href":"https:\/\/api.w.org\/{rel}","templated":true}]}}