 
{"id":121593,"date":"2024-04-22T08:22:42","date_gmt":"2024-04-22T08:22:42","guid":{"rendered":"https:\/\/www.icscoolenergy.com\/fr\/non%20class\u00e9\/chaudiere-electrique-24\/"},"modified":"2024-06-06T10:50:33","modified_gmt":"2024-06-06T10:50:33","slug":"chaudiere-electrique-24","status":"publish","type":"product","link":"https:\/\/www.icscoolenergy.com\/fr\/chaudiere-electrique-24\/","title":{"rendered":"Chaudi\u00e8re \u00e9lectrique 24"},"content":{"rendered":"<p>Cette chaudi\u00e8re \u00e9lectrique de 24KW est de conception unique et s&rsquo;adapte aux besoins. La chaudi\u00e8re \u00e9lectrique 24 se connecte directement au syst\u00e8me de chauffage pr\u00e9existant de votre site, minimisant ainsi le temps d&rsquo;installation et restituant la chaleur avec des perturbations limit\u00e9es.<\/p>\n<p>Ces syst\u00e8mes ont \u00e9t\u00e9 utilis\u00e9s dans une gamme d&rsquo;applications allant des maisons de retraite aux bureaux. Ils ont l&rsquo;avantage suppl\u00e9mentaire d&rsquo;une fonction de s\u00e9chage de chape programmable et sont fournis sur des roues fixes de 200 mm pour faciliter la mobilit\u00e9 et permettre un positionnement discret.<\/p>\n","protected":false},"excerpt":{"rendered":"<p>Cette chaudi\u00e8re \u00e9lectrique de 24KW est de conception unique et s&rsquo;adapte aux besoins. La chaudi\u00e8re \u00e9lectrique 24 se connecte directement au syst\u00e8me de chauffage pr\u00e9existant de votre site, minimisant ainsi le temps d&rsquo;installation et restituant la chaleur avec des perturbations limit\u00e9es. Ces syst\u00e8mes ont \u00e9t\u00e9 utilis\u00e9s dans une gamme d&rsquo;applications allant des maisons de retraite &#8230; <a title=\"Chaudi\u00e8re \u00e9lectrique 24\" class=\"read-more\" href=\"https:\/\/www.icscoolenergy.com\/fr\/chaudiere-electrique-24\/\" aria-label=\"En savoir plus sur Chaudi\u00e8re \u00e9lectrique 24\">Lire la suite<\/a><\/p>\n","protected":false},"featured_media":107069,"comment_status":"closed","ping_status":"closed","template":"","meta":{"_acf_changed":false,"inline_featured_image":false,"_editorskit_title_hidden":false,"_editorskit_reading_time":0,"_editorskit_is_block_options_detached":false,"_editorskit_block_options_position":"{}","editor_plus_copied_stylings":"{}"},"product_brand":[],"product_cat":[1112,1114,1124,1116,1118,1117,1110],"product_tag":[],"class_list":{"0":"post-121593","1":"product","2":"type-product","3":"status-publish","4":"has-post-thumbnail","6":"product_cat-location-de-chaudieres","7":"product_cat-location-de-chaudieres-commerciales","8":"product_cat-location-de-chaudieres-electriques-portables","9":"product_cat-location-de-chaudieres-en-urgence","10":"product_cat-location-de-chaudieres-pour-les-ecoles","11":"product_cat-location-de-chaudieres-pour-les-hopitaux","12":"product_cat-chaudiere","14":"first","15":"instock","16":"shipping-taxable","17":"product-type-simple"},"acf":[],"yoast_head":"<!-- This site is optimized with the Yoast SEO Premium plugin v24.5 (Yoast SEO v26.9) - https:\/\/yoast.com\/product\/yoast-seo-premium-wordpress\/ -->\n<title>Chaudi\u00e8re \u00e9lectrique 24 - French<\/title>\n<meta name=\"robots\" content=\"index, follow, max-snippet:-1, max-image-preview:large, max-video-preview:-1\" \/>\n<link rel=\"canonical\" href=\"https:\/\/www.icscoolenergy.com\/fr\/chaudiere-electrique-24\/\" \/>\n<meta property=\"og:locale\" content=\"fr_FR\" \/>\n<meta property=\"og:type\" content=\"article\" \/>\n<meta property=\"og:title\" content=\"Chaudi\u00e8re \u00e9lectrique 24\" \/>\n<meta property=\"og:description\" content=\"Cette chaudi\u00e8re \u00e9lectrique de 24KW est de conception unique et s&rsquo;adapte aux besoins. La chaudi\u00e8re \u00e9lectrique 24 se connecte directement au syst\u00e8me de chauffage pr\u00e9existant de votre site, minimisant ainsi le temps d&rsquo;installation et restituant la chaleur avec des perturbations limit\u00e9es. Ces syst\u00e8mes ont \u00e9t\u00e9 utilis\u00e9s dans une gamme d&rsquo;applications allant des maisons de retraite ... Lire la suite\" \/>\n<meta property=\"og:url\" content=\"https:\/\/www.icscoolenergy.com\/fr\/chaudiere-electrique-24\/\" \/>\n<meta property=\"og:site_name\" content=\"French\" \/>\n<meta property=\"article:modified_time\" content=\"2024-06-06T10:50:33+00:00\" \/>\n<meta property=\"og:image\" content=\"https:\/\/www.icscoolenergy.com\/wp-content\/uploads\/sites\/2\/2024\/04\/Electric-Boiler-24.png\" \/>\n\t<meta property=\"og:image:width\" content=\"560\" \/>\n\t<meta property=\"og:image:height\" content=\"420\" \/>\n\t<meta property=\"og:image:type\" content=\"image\/png\" \/>\n<meta name=\"twitter:card\" content=\"summary_large_image\" \/>\n<meta name=\"twitter:label1\" content=\"Est. reading time\" \/>\n\t<meta name=\"twitter:data1\" content=\"1 minute\" \/>\n<script type=\"application\/ld+json\" class=\"yoast-schema-graph\">{\"@context\":\"https:\/\/schema.org\",\"@graph\":[{\"@type\":\"WebPage\",\"@id\":\"https:\/\/www.icscoolenergy.com\/fr\/chaudiere-electrique-24\/\",\"url\":\"https:\/\/www.icscoolenergy.com\/fr\/chaudiere-electrique-24\/\",\"name\":\"Chaudi\u00e8re \u00e9lectrique 24 - French\",\"isPartOf\":{\"@id\":\"https:\/\/www.icscoolenergy.com\/fr\/#website\"},\"primaryImageOfPage\":{\"@id\":\"https:\/\/www.icscoolenergy.com\/fr\/chaudiere-electrique-24\/#primaryimage\"},\"image\":{\"@id\":\"https:\/\/www.icscoolenergy.com\/fr\/chaudiere-electrique-24\/#primaryimage\"},\"thumbnailUrl\":\"https:\/\/www.icscoolenergy.com\/wp-content\/uploads\/sites\/2\/2024\/04\/Electric-Boiler-24.png\",\"datePublished\":\"2024-04-22T08:22:42+00:00\",\"dateModified\":\"2024-06-06T10:50:33+00:00\",\"breadcrumb\":{\"@id\":\"https:\/\/www.icscoolenergy.com\/fr\/chaudiere-electrique-24\/#breadcrumb\"},\"inLanguage\":\"fr-FR\",\"potentialAction\":[{\"@type\":\"ReadAction\",\"target\":[\"https:\/\/www.icscoolenergy.com\/fr\/chaudiere-electrique-24\/\"]}]},{\"@type\":\"ImageObject\",\"inLanguage\":\"fr-FR\",\"@id\":\"https:\/\/www.icscoolenergy.com\/fr\/chaudiere-electrique-24\/#primaryimage\",\"url\":\"https:\/\/www.icscoolenergy.com\/wp-content\/uploads\/sites\/2\/2024\/04\/Electric-Boiler-24.png\",\"contentUrl\":\"https:\/\/www.icscoolenergy.com\/wp-content\/uploads\/sites\/2\/2024\/04\/Electric-Boiler-24.png\",\"width\":560,\"height\":420,\"caption\":\"Chaudi\u00e8re \u00e9lectrique 24\"},{\"@type\":\"BreadcrumbList\",\"@id\":\"https:\/\/www.icscoolenergy.com\/fr\/chaudiere-electrique-24\/#breadcrumb\",\"itemListElement\":[{\"@type\":\"ListItem\",\"position\":1,\"name\":\"Home\",\"item\":\"https:\/\/www.icscoolenergy.com\/fr\/\"},{\"@type\":\"ListItem\",\"position\":2,\"name\":\"Boutique\",\"item\":\"https:\/\/www.icscoolenergy.com\/fr\/boutique\/\"},{\"@type\":\"ListItem\",\"position\":3,\"name\":\"Chaudi\u00e8re \u00e9lectrique 24\"}]},{\"@type\":\"WebSite\",\"@id\":\"https:\/\/www.icscoolenergy.com\/fr\/#website\",\"url\":\"https:\/\/www.icscoolenergy.com\/fr\/\",\"name\":\"ICS Cool Energy\",\"description\":\"The Process Temperature Control Specialists\",\"publisher\":{\"@id\":\"https:\/\/www.icscoolenergy.com\/fr\/#organization\"},\"potentialAction\":[{\"@type\":\"SearchAction\",\"target\":{\"@type\":\"EntryPoint\",\"urlTemplate\":\"https:\/\/www.icscoolenergy.com\/fr\/?s={search_term_string}\"},\"query-input\":{\"@type\":\"PropertyValueSpecification\",\"valueRequired\":true,\"valueName\":\"search_term_string\"}}],\"inLanguage\":\"fr-FR\"},{\"@type\":\"Organization\",\"@id\":\"https:\/\/www.icscoolenergy.com\/fr\/#organization\",\"name\":\"ICS Cool Energy\",\"url\":\"https:\/\/www.icscoolenergy.com\/fr\/\",\"logo\":{\"@type\":\"ImageObject\",\"inLanguage\":\"fr-FR\",\"@id\":\"https:\/\/www.icscoolenergy.com\/fr\/#\/schema\/logo\/image\/\",\"url\":\"https:\/\/www.icscoolenergy.com\/wp-content\/uploads\/sites\/2\/2024\/01\/ics-cool-energy-logo.svg\",\"contentUrl\":\"https:\/\/www.icscoolenergy.com\/wp-content\/uploads\/sites\/2\/2024\/01\/ics-cool-energy-logo.svg\",\"caption\":\"ICS Cool Energy\"},\"image\":{\"@id\":\"https:\/\/www.icscoolenergy.com\/fr\/#\/schema\/logo\/image\/\"}}]}<\/script>\n<!-- \/ Yoast SEO Premium plugin. -->","yoast_head_json":{"title":"Chaudi\u00e8re \u00e9lectrique 24 - French","robots":{"index":"index","follow":"follow","max-snippet":"max-snippet:-1","max-image-preview":"max-image-preview:large","max-video-preview":"max-video-preview:-1"},"canonical":"https:\/\/www.icscoolenergy.com\/fr\/chaudiere-electrique-24\/","og_locale":"fr_FR","og_type":"article","og_title":"Chaudi\u00e8re \u00e9lectrique 24","og_description":"Cette chaudi\u00e8re \u00e9lectrique de 24KW est de conception unique et s&rsquo;adapte aux besoins. La chaudi\u00e8re \u00e9lectrique 24 se connecte directement au syst\u00e8me de chauffage pr\u00e9existant de votre site, minimisant ainsi le temps d&rsquo;installation et restituant la chaleur avec des perturbations limit\u00e9es. Ces syst\u00e8mes ont \u00e9t\u00e9 utilis\u00e9s dans une gamme d&rsquo;applications allant des maisons de retraite ... Lire la suite","og_url":"https:\/\/www.icscoolenergy.com\/fr\/chaudiere-electrique-24\/","og_site_name":"French","article_modified_time":"2024-06-06T10:50:33+00:00","og_image":[{"width":560,"height":420,"url":"https:\/\/www.icscoolenergy.com\/wp-content\/uploads\/sites\/2\/2024\/04\/Electric-Boiler-24.png","type":"image\/png"}],"twitter_card":"summary_large_image","twitter_misc":{"Est. reading time":"1 minute"},"schema":{"@context":"https:\/\/schema.org","@graph":[{"@type":"WebPage","@id":"https:\/\/www.icscoolenergy.com\/fr\/chaudiere-electrique-24\/","url":"https:\/\/www.icscoolenergy.com\/fr\/chaudiere-electrique-24\/","name":"Chaudi\u00e8re \u00e9lectrique 24 - French","isPartOf":{"@id":"https:\/\/www.icscoolenergy.com\/fr\/#website"},"primaryImageOfPage":{"@id":"https:\/\/www.icscoolenergy.com\/fr\/chaudiere-electrique-24\/#primaryimage"},"image":{"@id":"https:\/\/www.icscoolenergy.com\/fr\/chaudiere-electrique-24\/#primaryimage"},"thumbnailUrl":"https:\/\/www.icscoolenergy.com\/wp-content\/uploads\/sites\/2\/2024\/04\/Electric-Boiler-24.png","datePublished":"2024-04-22T08:22:42+00:00","dateModified":"2024-06-06T10:50:33+00:00","breadcrumb":{"@id":"https:\/\/www.icscoolenergy.com\/fr\/chaudiere-electrique-24\/#breadcrumb"},"inLanguage":"fr-FR","potentialAction":[{"@type":"ReadAction","target":["https:\/\/www.icscoolenergy.com\/fr\/chaudiere-electrique-24\/"]}]},{"@type":"ImageObject","inLanguage":"fr-FR","@id":"https:\/\/www.icscoolenergy.com\/fr\/chaudiere-electrique-24\/#primaryimage","url":"https:\/\/www.icscoolenergy.com\/wp-content\/uploads\/sites\/2\/2024\/04\/Electric-Boiler-24.png","contentUrl":"https:\/\/www.icscoolenergy.com\/wp-content\/uploads\/sites\/2\/2024\/04\/Electric-Boiler-24.png","width":560,"height":420,"caption":"Chaudi\u00e8re \u00e9lectrique 24"},{"@type":"BreadcrumbList","@id":"https:\/\/www.icscoolenergy.com\/fr\/chaudiere-electrique-24\/#breadcrumb","itemListElement":[{"@type":"ListItem","position":1,"name":"Home","item":"https:\/\/www.icscoolenergy.com\/fr\/"},{"@type":"ListItem","position":2,"name":"Boutique","item":"https:\/\/www.icscoolenergy.com\/fr\/boutique\/"},{"@type":"ListItem","position":3,"name":"Chaudi\u00e8re \u00e9lectrique 24"}]},{"@type":"WebSite","@id":"https:\/\/www.icscoolenergy.com\/fr\/#website","url":"https:\/\/www.icscoolenergy.com\/fr\/","name":"ICS Cool Energy","description":"The Process Temperature Control Specialists","publisher":{"@id":"https:\/\/www.icscoolenergy.com\/fr\/#organization"},"potentialAction":[{"@type":"SearchAction","target":{"@type":"EntryPoint","urlTemplate":"https:\/\/www.icscoolenergy.com\/fr\/?s={search_term_string}"},"query-input":{"@type":"PropertyValueSpecification","valueRequired":true,"valueName":"search_term_string"}}],"inLanguage":"fr-FR"},{"@type":"Organization","@id":"https:\/\/www.icscoolenergy.com\/fr\/#organization","name":"ICS Cool Energy","url":"https:\/\/www.icscoolenergy.com\/fr\/","logo":{"@type":"ImageObject","inLanguage":"fr-FR","@id":"https:\/\/www.icscoolenergy.com\/fr\/#\/schema\/logo\/image\/","url":"https:\/\/www.icscoolenergy.com\/wp-content\/uploads\/sites\/2\/2024\/01\/ics-cool-energy-logo.svg","contentUrl":"https:\/\/www.icscoolenergy.com\/wp-content\/uploads\/sites\/2\/2024\/01\/ics-cool-energy-logo.svg","caption":"ICS Cool Energy"},"image":{"@id":"https:\/\/www.icscoolenergy.com\/fr\/#\/schema\/logo\/image\/"}}]}},"_links":{"self":[{"href":"https:\/\/www.icscoolenergy.com\/fr\/wp-json\/wp\/v2\/product\/121593","targetHints":{"allow":["GET"]}}],"collection":[{"href":"https:\/\/www.icscoolenergy.com\/fr\/wp-json\/wp\/v2\/product"}],"about":[{"href":"https:\/\/www.icscoolenergy.com\/fr\/wp-json\/wp\/v2\/types\/product"}],"replies":[{"embeddable":true,"href":"https:\/\/www.icscoolenergy.com\/fr\/wp-json\/wp\/v2\/comments?post=121593"}],"wp:featuredmedia":[{"embeddable":true,"href":"https:\/\/www.icscoolenergy.com\/fr\/wp-json\/wp\/v2\/media\/107069"}],"wp:attachment":[{"href":"https:\/\/www.icscoolenergy.com\/fr\/wp-json\/wp\/v2\/media?parent=121593"}],"wp:term":[{"taxonomy":"product_brand","embeddable":true,"href":"https:\/\/www.icscoolenergy.com\/fr\/wp-json\/wp\/v2\/product_brand?post=121593"},{"taxonomy":"product_cat","embeddable":true,"href":"https:\/\/www.icscoolenergy.com\/fr\/wp-json\/wp\/v2\/product_cat?post=121593"},{"taxonomy":"product_tag","embeddable":true,"href":"https:\/\/www.icscoolenergy.com\/fr\/wp-json\/wp\/v2\/product_tag?post=121593"}],"curies":[{"name":"wp","href":"https:\/\/api.w.org\/{rel}","templated":true}]}}