 
{"id":121596,"date":"2024-04-22T11:21:34","date_gmt":"2024-04-22T11:21:34","guid":{"rendered":"https:\/\/www.icscoolenergy.com\/fr\/non%20class\u00e9\/chaudiere-150\/"},"modified":"2024-06-06T12:37:23","modified_gmt":"2024-06-06T12:37:23","slug":"chaudiere-150","status":"publish","type":"product","link":"https:\/\/www.icscoolenergy.com\/fr\/chaudiere-150\/","title":{"rendered":"Chaudi\u00e8re 150"},"content":{"rendered":"<p>Notre chaudi\u00e8re compacte 150 est puissante dans sa conception et offre de l&rsquo;eau chaude \u00e0 basse pression pour les besoins les plus exigeants.<\/p>\n<p>La chaudi\u00e8re est log\u00e9e dans un conteneur en acier qui offre une s\u00e9curit\u00e9 accrue et une protection contre les intemp\u00e9ries. Ce conteneur facilite la portabilit\u00e9 car l&rsquo;unit\u00e9 peut \u00eatre facilement positionn\u00e9e \u00e0 l&rsquo;aide d&rsquo;un chariot \u00e9l\u00e9vateur ou d&rsquo;une grue et connect\u00e9e \u00e0 votre syst\u00e8me, ce qui garantit une mise en place rapide de la location.<\/p>\n<p>Les unit\u00e9s sont con\u00e7ues pour un fonctionnement fiable et s\u00fbr, avec des \u00e9changeurs de chaleur secondaires pour les circuits de chauffage et d&rsquo;eau chaude hygi\u00e9nique. Des connexions rapides et s\u00fbres sont r\u00e9alis\u00e9es \u00e0 l&rsquo;aide de tuyaux flexibles haute temp\u00e9rature \u00e9quip\u00e9s de brides PN16. Disponibles en versions basse et haute pression capables de fonctionner jusqu&rsquo;\u00e0 10 bar de pression et \u00e0 des temp\u00e9ratures allant jusqu&rsquo;\u00e0 95\u00b0C.<\/p>\n","protected":false},"excerpt":{"rendered":"<p>Notre chaudi\u00e8re compacte 150 est puissante dans sa conception et offre de l&rsquo;eau chaude \u00e0 basse pression pour les besoins les plus exigeants. La chaudi\u00e8re est log\u00e9e dans un conteneur en acier qui offre une s\u00e9curit\u00e9 accrue et une protection contre les intemp\u00e9ries. Ce conteneur facilite la portabilit\u00e9 car l&rsquo;unit\u00e9 peut \u00eatre facilement positionn\u00e9e \u00e0 &#8230; <a title=\"Chaudi\u00e8re 150\" class=\"read-more\" href=\"https:\/\/www.icscoolenergy.com\/fr\/chaudiere-150\/\" aria-label=\"En savoir plus sur Chaudi\u00e8re 150\">Lire la suite<\/a><\/p>\n","protected":false},"featured_media":106890,"comment_status":"closed","ping_status":"closed","template":"","meta":{"_acf_changed":false,"inline_featured_image":false,"_editorskit_title_hidden":false,"_editorskit_reading_time":0,"_editorskit_is_block_options_detached":false,"_editorskit_block_options_position":"{}","editor_plus_copied_stylings":"{}"},"product_brand":[],"product_cat":[1112,1114,1116,1113,1118,1117,1115,1110],"product_tag":[],"class_list":{"0":"post-121596","1":"product","2":"type-product","3":"status-publish","4":"has-post-thumbnail","6":"product_cat-location-de-chaudieres","7":"product_cat-location-de-chaudieres-commerciales","8":"product_cat-location-de-chaudieres-en-urgence","9":"product_cat-location-de-chaudieres-industrielles","10":"product_cat-location-de-chaudieres-pour-les-ecoles","11":"product_cat-location-de-chaudieres-pour-les-hopitaux","12":"product_cat-location-de-chauffage-urbain","13":"product_cat-chaudiere","15":"first","16":"instock","17":"shipping-taxable","18":"product-type-simple"},"acf":[],"yoast_head":"<!-- This site is optimized with the Yoast SEO Premium plugin v24.5 (Yoast SEO v26.9) - https:\/\/yoast.com\/product\/yoast-seo-premium-wordpress\/ -->\n<title>Chaudi\u00e8re 150 - French<\/title>\n<meta name=\"robots\" content=\"index, follow, max-snippet:-1, max-image-preview:large, max-video-preview:-1\" \/>\n<link rel=\"canonical\" href=\"https:\/\/www.icscoolenergy.com\/fr\/chaudiere-150\/\" \/>\n<meta property=\"og:locale\" content=\"fr_FR\" \/>\n<meta property=\"og:type\" content=\"article\" \/>\n<meta property=\"og:title\" content=\"Chaudi\u00e8re 150\" \/>\n<meta property=\"og:description\" content=\"Notre chaudi\u00e8re compacte 150 est puissante dans sa conception et offre de l&rsquo;eau chaude \u00e0 basse pression pour les besoins les plus exigeants. La chaudi\u00e8re est log\u00e9e dans un conteneur en acier qui offre une s\u00e9curit\u00e9 accrue et une protection contre les intemp\u00e9ries. Ce conteneur facilite la portabilit\u00e9 car l&rsquo;unit\u00e9 peut \u00eatre facilement positionn\u00e9e \u00e0 ... Lire la suite\" \/>\n<meta property=\"og:url\" content=\"https:\/\/www.icscoolenergy.com\/fr\/chaudiere-150\/\" \/>\n<meta property=\"og:site_name\" content=\"French\" \/>\n<meta property=\"article:modified_time\" content=\"2024-06-06T12:37:23+00:00\" \/>\n<meta property=\"og:image\" content=\"https:\/\/www.icscoolenergy.com\/wp-content\/uploads\/sites\/2\/2024\/04\/Boiler-150-1.png\" \/>\n\t<meta property=\"og:image:width\" content=\"560\" \/>\n\t<meta property=\"og:image:height\" content=\"420\" \/>\n\t<meta property=\"og:image:type\" content=\"image\/png\" \/>\n<meta name=\"twitter:card\" content=\"summary_large_image\" \/>\n<meta name=\"twitter:label1\" content=\"Est. reading time\" \/>\n\t<meta name=\"twitter:data1\" content=\"1 minute\" \/>\n<script type=\"application\/ld+json\" class=\"yoast-schema-graph\">{\"@context\":\"https:\/\/schema.org\",\"@graph\":[{\"@type\":\"WebPage\",\"@id\":\"https:\/\/www.icscoolenergy.com\/fr\/chaudiere-150\/\",\"url\":\"https:\/\/www.icscoolenergy.com\/fr\/chaudiere-150\/\",\"name\":\"Chaudi\u00e8re 150 - French\",\"isPartOf\":{\"@id\":\"https:\/\/www.icscoolenergy.com\/fr\/#website\"},\"primaryImageOfPage\":{\"@id\":\"https:\/\/www.icscoolenergy.com\/fr\/chaudiere-150\/#primaryimage\"},\"image\":{\"@id\":\"https:\/\/www.icscoolenergy.com\/fr\/chaudiere-150\/#primaryimage\"},\"thumbnailUrl\":\"https:\/\/www.icscoolenergy.com\/wp-content\/uploads\/sites\/2\/2024\/04\/Boiler-150-1.png\",\"datePublished\":\"2024-04-22T11:21:34+00:00\",\"dateModified\":\"2024-06-06T12:37:23+00:00\",\"breadcrumb\":{\"@id\":\"https:\/\/www.icscoolenergy.com\/fr\/chaudiere-150\/#breadcrumb\"},\"inLanguage\":\"fr-FR\",\"potentialAction\":[{\"@type\":\"ReadAction\",\"target\":[\"https:\/\/www.icscoolenergy.com\/fr\/chaudiere-150\/\"]}]},{\"@type\":\"ImageObject\",\"inLanguage\":\"fr-FR\",\"@id\":\"https:\/\/www.icscoolenergy.com\/fr\/chaudiere-150\/#primaryimage\",\"url\":\"https:\/\/www.icscoolenergy.com\/wp-content\/uploads\/sites\/2\/2024\/04\/Boiler-150-1.png\",\"contentUrl\":\"https:\/\/www.icscoolenergy.com\/wp-content\/uploads\/sites\/2\/2024\/04\/Boiler-150-1.png\",\"width\":560,\"height\":420},{\"@type\":\"BreadcrumbList\",\"@id\":\"https:\/\/www.icscoolenergy.com\/fr\/chaudiere-150\/#breadcrumb\",\"itemListElement\":[{\"@type\":\"ListItem\",\"position\":1,\"name\":\"Home\",\"item\":\"https:\/\/www.icscoolenergy.com\/fr\/\"},{\"@type\":\"ListItem\",\"position\":2,\"name\":\"Boutique\",\"item\":\"https:\/\/www.icscoolenergy.com\/fr\/boutique\/\"},{\"@type\":\"ListItem\",\"position\":3,\"name\":\"Chaudi\u00e8re 150\"}]},{\"@type\":\"WebSite\",\"@id\":\"https:\/\/www.icscoolenergy.com\/fr\/#website\",\"url\":\"https:\/\/www.icscoolenergy.com\/fr\/\",\"name\":\"ICS Cool Energy\",\"description\":\"The Process Temperature Control Specialists\",\"publisher\":{\"@id\":\"https:\/\/www.icscoolenergy.com\/fr\/#organization\"},\"potentialAction\":[{\"@type\":\"SearchAction\",\"target\":{\"@type\":\"EntryPoint\",\"urlTemplate\":\"https:\/\/www.icscoolenergy.com\/fr\/?s={search_term_string}\"},\"query-input\":{\"@type\":\"PropertyValueSpecification\",\"valueRequired\":true,\"valueName\":\"search_term_string\"}}],\"inLanguage\":\"fr-FR\"},{\"@type\":\"Organization\",\"@id\":\"https:\/\/www.icscoolenergy.com\/fr\/#organization\",\"name\":\"ICS Cool Energy\",\"url\":\"https:\/\/www.icscoolenergy.com\/fr\/\",\"logo\":{\"@type\":\"ImageObject\",\"inLanguage\":\"fr-FR\",\"@id\":\"https:\/\/www.icscoolenergy.com\/fr\/#\/schema\/logo\/image\/\",\"url\":\"https:\/\/www.icscoolenergy.com\/wp-content\/uploads\/sites\/2\/2024\/01\/ics-cool-energy-logo.svg\",\"contentUrl\":\"https:\/\/www.icscoolenergy.com\/wp-content\/uploads\/sites\/2\/2024\/01\/ics-cool-energy-logo.svg\",\"caption\":\"ICS Cool Energy\"},\"image\":{\"@id\":\"https:\/\/www.icscoolenergy.com\/fr\/#\/schema\/logo\/image\/\"}}]}<\/script>\n<!-- \/ Yoast SEO Premium plugin. -->","yoast_head_json":{"title":"Chaudi\u00e8re 150 - French","robots":{"index":"index","follow":"follow","max-snippet":"max-snippet:-1","max-image-preview":"max-image-preview:large","max-video-preview":"max-video-preview:-1"},"canonical":"https:\/\/www.icscoolenergy.com\/fr\/chaudiere-150\/","og_locale":"fr_FR","og_type":"article","og_title":"Chaudi\u00e8re 150","og_description":"Notre chaudi\u00e8re compacte 150 est puissante dans sa conception et offre de l&rsquo;eau chaude \u00e0 basse pression pour les besoins les plus exigeants. La chaudi\u00e8re est log\u00e9e dans un conteneur en acier qui offre une s\u00e9curit\u00e9 accrue et une protection contre les intemp\u00e9ries. Ce conteneur facilite la portabilit\u00e9 car l&rsquo;unit\u00e9 peut \u00eatre facilement positionn\u00e9e \u00e0 ... Lire la suite","og_url":"https:\/\/www.icscoolenergy.com\/fr\/chaudiere-150\/","og_site_name":"French","article_modified_time":"2024-06-06T12:37:23+00:00","og_image":[{"width":560,"height":420,"url":"https:\/\/www.icscoolenergy.com\/wp-content\/uploads\/sites\/2\/2024\/04\/Boiler-150-1.png","type":"image\/png"}],"twitter_card":"summary_large_image","twitter_misc":{"Est. reading time":"1 minute"},"schema":{"@context":"https:\/\/schema.org","@graph":[{"@type":"WebPage","@id":"https:\/\/www.icscoolenergy.com\/fr\/chaudiere-150\/","url":"https:\/\/www.icscoolenergy.com\/fr\/chaudiere-150\/","name":"Chaudi\u00e8re 150 - French","isPartOf":{"@id":"https:\/\/www.icscoolenergy.com\/fr\/#website"},"primaryImageOfPage":{"@id":"https:\/\/www.icscoolenergy.com\/fr\/chaudiere-150\/#primaryimage"},"image":{"@id":"https:\/\/www.icscoolenergy.com\/fr\/chaudiere-150\/#primaryimage"},"thumbnailUrl":"https:\/\/www.icscoolenergy.com\/wp-content\/uploads\/sites\/2\/2024\/04\/Boiler-150-1.png","datePublished":"2024-04-22T11:21:34+00:00","dateModified":"2024-06-06T12:37:23+00:00","breadcrumb":{"@id":"https:\/\/www.icscoolenergy.com\/fr\/chaudiere-150\/#breadcrumb"},"inLanguage":"fr-FR","potentialAction":[{"@type":"ReadAction","target":["https:\/\/www.icscoolenergy.com\/fr\/chaudiere-150\/"]}]},{"@type":"ImageObject","inLanguage":"fr-FR","@id":"https:\/\/www.icscoolenergy.com\/fr\/chaudiere-150\/#primaryimage","url":"https:\/\/www.icscoolenergy.com\/wp-content\/uploads\/sites\/2\/2024\/04\/Boiler-150-1.png","contentUrl":"https:\/\/www.icscoolenergy.com\/wp-content\/uploads\/sites\/2\/2024\/04\/Boiler-150-1.png","width":560,"height":420},{"@type":"BreadcrumbList","@id":"https:\/\/www.icscoolenergy.com\/fr\/chaudiere-150\/#breadcrumb","itemListElement":[{"@type":"ListItem","position":1,"name":"Home","item":"https:\/\/www.icscoolenergy.com\/fr\/"},{"@type":"ListItem","position":2,"name":"Boutique","item":"https:\/\/www.icscoolenergy.com\/fr\/boutique\/"},{"@type":"ListItem","position":3,"name":"Chaudi\u00e8re 150"}]},{"@type":"WebSite","@id":"https:\/\/www.icscoolenergy.com\/fr\/#website","url":"https:\/\/www.icscoolenergy.com\/fr\/","name":"ICS Cool Energy","description":"The Process Temperature Control Specialists","publisher":{"@id":"https:\/\/www.icscoolenergy.com\/fr\/#organization"},"potentialAction":[{"@type":"SearchAction","target":{"@type":"EntryPoint","urlTemplate":"https:\/\/www.icscoolenergy.com\/fr\/?s={search_term_string}"},"query-input":{"@type":"PropertyValueSpecification","valueRequired":true,"valueName":"search_term_string"}}],"inLanguage":"fr-FR"},{"@type":"Organization","@id":"https:\/\/www.icscoolenergy.com\/fr\/#organization","name":"ICS Cool Energy","url":"https:\/\/www.icscoolenergy.com\/fr\/","logo":{"@type":"ImageObject","inLanguage":"fr-FR","@id":"https:\/\/www.icscoolenergy.com\/fr\/#\/schema\/logo\/image\/","url":"https:\/\/www.icscoolenergy.com\/wp-content\/uploads\/sites\/2\/2024\/01\/ics-cool-energy-logo.svg","contentUrl":"https:\/\/www.icscoolenergy.com\/wp-content\/uploads\/sites\/2\/2024\/01\/ics-cool-energy-logo.svg","caption":"ICS Cool Energy"},"image":{"@id":"https:\/\/www.icscoolenergy.com\/fr\/#\/schema\/logo\/image\/"}}]}},"_links":{"self":[{"href":"https:\/\/www.icscoolenergy.com\/fr\/wp-json\/wp\/v2\/product\/121596","targetHints":{"allow":["GET"]}}],"collection":[{"href":"https:\/\/www.icscoolenergy.com\/fr\/wp-json\/wp\/v2\/product"}],"about":[{"href":"https:\/\/www.icscoolenergy.com\/fr\/wp-json\/wp\/v2\/types\/product"}],"replies":[{"embeddable":true,"href":"https:\/\/www.icscoolenergy.com\/fr\/wp-json\/wp\/v2\/comments?post=121596"}],"wp:featuredmedia":[{"embeddable":true,"href":"https:\/\/www.icscoolenergy.com\/fr\/wp-json\/wp\/v2\/media\/106890"}],"wp:attachment":[{"href":"https:\/\/www.icscoolenergy.com\/fr\/wp-json\/wp\/v2\/media?parent=121596"}],"wp:term":[{"taxonomy":"product_brand","embeddable":true,"href":"https:\/\/www.icscoolenergy.com\/fr\/wp-json\/wp\/v2\/product_brand?post=121596"},{"taxonomy":"product_cat","embeddable":true,"href":"https:\/\/www.icscoolenergy.com\/fr\/wp-json\/wp\/v2\/product_cat?post=121596"},{"taxonomy":"product_tag","embeddable":true,"href":"https:\/\/www.icscoolenergy.com\/fr\/wp-json\/wp\/v2\/product_tag?post=121596"}],"curies":[{"name":"wp","href":"https:\/\/api.w.org\/{rel}","templated":true}]}}