 
{"id":121597,"date":"2024-04-26T14:19:31","date_gmt":"2024-04-26T14:19:31","guid":{"rendered":"https:\/\/www.icscoolenergy.com\/fr\/non%20class\u00e9\/i-temp-compact-high-line\/"},"modified":"2024-06-05T16:29:42","modified_gmt":"2024-06-05T16:29:42","slug":"i-temp-compact-high-line","status":"publish","type":"product","link":"https:\/\/www.icscoolenergy.com\/fr\/i-temp-compact-high-line\/","title":{"rendered":"i-Temp Compact high.line"},"content":{"rendered":"<p>Con\u00e7us et fabriqu\u00e9s sp\u00e9cifiquement pour ICS Cool Energy au Royaume-Uni, ils offrent une ing\u00e9nierie allemande extr\u00eamement fiable et de haute qualit\u00e9. Dans un design industriel moderne, la gamme high.line est synonyme de technologie de haute qualit\u00e9 mais abordable, de grande disponibilit\u00e9, de facilit\u00e9 d&rsquo;utilisation et d&rsquo;entretien.<\/p>\n<p>Pour l&rsquo;individualisation, entre autres, diff\u00e9rentes interfaces, une coloration et un \u00e9tiquetage personnalis\u00e9s, le montage sur des tampons en caoutchouc ou des rails au lieu de rouleaux et d&rsquo;autres options utiles sont propos\u00e9s. Les s\u00e9ries high.line et eco.line avec le contr\u00f4leur innovant compactControl sont \u00e9quip\u00e9es d&rsquo;un processeur rapide de 32 bits.<\/p>\n","protected":false},"excerpt":{"rendered":"<p>Con\u00e7us et fabriqu\u00e9s sp\u00e9cifiquement pour ICS Cool Energy au Royaume-Uni, ils offrent une ing\u00e9nierie allemande extr\u00eamement fiable et de haute qualit\u00e9. Dans un design industriel moderne, la gamme high.line est synonyme de technologie de haute qualit\u00e9 mais abordable, de grande disponibilit\u00e9, de facilit\u00e9 d&rsquo;utilisation et d&rsquo;entretien. Pour l&rsquo;individualisation, entre autres, diff\u00e9rentes interfaces, une coloration et &#8230; <a title=\"i-Temp Compact high.line\" class=\"read-more\" href=\"https:\/\/www.icscoolenergy.com\/fr\/i-temp-compact-high-line\/\" aria-label=\"En savoir plus sur i-Temp Compact high.line\">Lire la suite<\/a><\/p>\n","protected":false},"featured_media":118030,"comment_status":"closed","ping_status":"closed","template":"","meta":{"_acf_changed":false,"inline_featured_image":false,"_editorskit_title_hidden":false,"_editorskit_reading_time":0,"_editorskit_is_block_options_detached":false,"_editorskit_block_options_position":"{}","editor_plus_copied_stylings":"{}"},"product_brand":[],"product_cat":[1119],"product_tag":[],"class_list":{"0":"post-121597","1":"product","2":"type-product","3":"status-publish","4":"has-post-thumbnail","6":"product_cat-unites-de-controle-de-la-temperature","8":"first","9":"instock","10":"shipping-taxable","11":"product-type-simple"},"acf":[],"yoast_head":"<!-- This site is optimized with the Yoast SEO Premium plugin v24.5 (Yoast SEO v26.9) - https:\/\/yoast.com\/product\/yoast-seo-premium-wordpress\/ -->\n<title>i-Temp Compact high.line - French<\/title>\n<meta name=\"robots\" content=\"index, follow, max-snippet:-1, max-image-preview:large, max-video-preview:-1\" \/>\n<link rel=\"canonical\" href=\"https:\/\/www.icscoolenergy.com\/fr\/i-temp-compact-high-line\/\" \/>\n<meta property=\"og:locale\" content=\"fr_FR\" \/>\n<meta property=\"og:type\" content=\"article\" \/>\n<meta property=\"og:title\" content=\"i-Temp Compact high.line\" \/>\n<meta property=\"og:description\" content=\"Con\u00e7us et fabriqu\u00e9s sp\u00e9cifiquement pour ICS Cool Energy au Royaume-Uni, ils offrent une ing\u00e9nierie allemande extr\u00eamement fiable et de haute qualit\u00e9. Dans un design industriel moderne, la gamme high.line est synonyme de technologie de haute qualit\u00e9 mais abordable, de grande disponibilit\u00e9, de facilit\u00e9 d&rsquo;utilisation et d&rsquo;entretien. Pour l&rsquo;individualisation, entre autres, diff\u00e9rentes interfaces, une coloration et ... Lire la suite\" \/>\n<meta property=\"og:url\" content=\"https:\/\/www.icscoolenergy.com\/fr\/i-temp-compact-high-line\/\" \/>\n<meta property=\"og:site_name\" content=\"French\" \/>\n<meta property=\"article:modified_time\" content=\"2024-06-05T16:29:42+00:00\" \/>\n<meta property=\"og:image\" content=\"https:\/\/www.icscoolenergy.com\/wp-content\/uploads\/sites\/2\/2024\/04\/i-Temp-Compact-2.png\" \/>\n\t<meta property=\"og:image:width\" content=\"560\" \/>\n\t<meta property=\"og:image:height\" content=\"420\" \/>\n\t<meta property=\"og:image:type\" content=\"image\/png\" \/>\n<meta name=\"twitter:card\" content=\"summary_large_image\" \/>\n<meta name=\"twitter:label1\" content=\"Est. reading time\" \/>\n\t<meta name=\"twitter:data1\" content=\"1 minute\" \/>\n<script type=\"application\/ld+json\" class=\"yoast-schema-graph\">{\"@context\":\"https:\/\/schema.org\",\"@graph\":[{\"@type\":\"WebPage\",\"@id\":\"https:\/\/www.icscoolenergy.com\/fr\/i-temp-compact-high-line\/\",\"url\":\"https:\/\/www.icscoolenergy.com\/fr\/i-temp-compact-high-line\/\",\"name\":\"i-Temp Compact high.line - French\",\"isPartOf\":{\"@id\":\"https:\/\/www.icscoolenergy.com\/fr\/#website\"},\"primaryImageOfPage\":{\"@id\":\"https:\/\/www.icscoolenergy.com\/fr\/i-temp-compact-high-line\/#primaryimage\"},\"image\":{\"@id\":\"https:\/\/www.icscoolenergy.com\/fr\/i-temp-compact-high-line\/#primaryimage\"},\"thumbnailUrl\":\"https:\/\/www.icscoolenergy.com\/wp-content\/uploads\/sites\/2\/2024\/04\/i-Temp-Compact-2.png\",\"datePublished\":\"2024-04-26T14:19:31+00:00\",\"dateModified\":\"2024-06-05T16:29:42+00:00\",\"breadcrumb\":{\"@id\":\"https:\/\/www.icscoolenergy.com\/fr\/i-temp-compact-high-line\/#breadcrumb\"},\"inLanguage\":\"fr-FR\",\"potentialAction\":[{\"@type\":\"ReadAction\",\"target\":[\"https:\/\/www.icscoolenergy.com\/fr\/i-temp-compact-high-line\/\"]}]},{\"@type\":\"ImageObject\",\"inLanguage\":\"fr-FR\",\"@id\":\"https:\/\/www.icscoolenergy.com\/fr\/i-temp-compact-high-line\/#primaryimage\",\"url\":\"https:\/\/www.icscoolenergy.com\/wp-content\/uploads\/sites\/2\/2024\/04\/i-Temp-Compact-2.png\",\"contentUrl\":\"https:\/\/www.icscoolenergy.com\/wp-content\/uploads\/sites\/2\/2024\/04\/i-Temp-Compact-2.png\",\"width\":560,\"height\":420,\"caption\":\"i-Temp Compact highline image du produit\"},{\"@type\":\"BreadcrumbList\",\"@id\":\"https:\/\/www.icscoolenergy.com\/fr\/i-temp-compact-high-line\/#breadcrumb\",\"itemListElement\":[{\"@type\":\"ListItem\",\"position\":1,\"name\":\"Home\",\"item\":\"https:\/\/www.icscoolenergy.com\/fr\/\"},{\"@type\":\"ListItem\",\"position\":2,\"name\":\"Boutique\",\"item\":\"https:\/\/www.icscoolenergy.com\/fr\/boutique\/\"},{\"@type\":\"ListItem\",\"position\":3,\"name\":\"i-Temp Compact high.line\"}]},{\"@type\":\"WebSite\",\"@id\":\"https:\/\/www.icscoolenergy.com\/fr\/#website\",\"url\":\"https:\/\/www.icscoolenergy.com\/fr\/\",\"name\":\"ICS Cool Energy\",\"description\":\"The Process Temperature Control Specialists\",\"publisher\":{\"@id\":\"https:\/\/www.icscoolenergy.com\/fr\/#organization\"},\"potentialAction\":[{\"@type\":\"SearchAction\",\"target\":{\"@type\":\"EntryPoint\",\"urlTemplate\":\"https:\/\/www.icscoolenergy.com\/fr\/?s={search_term_string}\"},\"query-input\":{\"@type\":\"PropertyValueSpecification\",\"valueRequired\":true,\"valueName\":\"search_term_string\"}}],\"inLanguage\":\"fr-FR\"},{\"@type\":\"Organization\",\"@id\":\"https:\/\/www.icscoolenergy.com\/fr\/#organization\",\"name\":\"ICS Cool Energy\",\"url\":\"https:\/\/www.icscoolenergy.com\/fr\/\",\"logo\":{\"@type\":\"ImageObject\",\"inLanguage\":\"fr-FR\",\"@id\":\"https:\/\/www.icscoolenergy.com\/fr\/#\/schema\/logo\/image\/\",\"url\":\"https:\/\/www.icscoolenergy.com\/wp-content\/uploads\/sites\/2\/2024\/01\/ics-cool-energy-logo.svg\",\"contentUrl\":\"https:\/\/www.icscoolenergy.com\/wp-content\/uploads\/sites\/2\/2024\/01\/ics-cool-energy-logo.svg\",\"caption\":\"ICS Cool Energy\"},\"image\":{\"@id\":\"https:\/\/www.icscoolenergy.com\/fr\/#\/schema\/logo\/image\/\"}}]}<\/script>\n<!-- \/ Yoast SEO Premium plugin. -->","yoast_head_json":{"title":"i-Temp Compact high.line - French","robots":{"index":"index","follow":"follow","max-snippet":"max-snippet:-1","max-image-preview":"max-image-preview:large","max-video-preview":"max-video-preview:-1"},"canonical":"https:\/\/www.icscoolenergy.com\/fr\/i-temp-compact-high-line\/","og_locale":"fr_FR","og_type":"article","og_title":"i-Temp Compact high.line","og_description":"Con\u00e7us et fabriqu\u00e9s sp\u00e9cifiquement pour ICS Cool Energy au Royaume-Uni, ils offrent une ing\u00e9nierie allemande extr\u00eamement fiable et de haute qualit\u00e9. Dans un design industriel moderne, la gamme high.line est synonyme de technologie de haute qualit\u00e9 mais abordable, de grande disponibilit\u00e9, de facilit\u00e9 d&rsquo;utilisation et d&rsquo;entretien. Pour l&rsquo;individualisation, entre autres, diff\u00e9rentes interfaces, une coloration et ... Lire la suite","og_url":"https:\/\/www.icscoolenergy.com\/fr\/i-temp-compact-high-line\/","og_site_name":"French","article_modified_time":"2024-06-05T16:29:42+00:00","og_image":[{"width":560,"height":420,"url":"https:\/\/www.icscoolenergy.com\/wp-content\/uploads\/sites\/2\/2024\/04\/i-Temp-Compact-2.png","type":"image\/png"}],"twitter_card":"summary_large_image","twitter_misc":{"Est. reading time":"1 minute"},"schema":{"@context":"https:\/\/schema.org","@graph":[{"@type":"WebPage","@id":"https:\/\/www.icscoolenergy.com\/fr\/i-temp-compact-high-line\/","url":"https:\/\/www.icscoolenergy.com\/fr\/i-temp-compact-high-line\/","name":"i-Temp Compact high.line - French","isPartOf":{"@id":"https:\/\/www.icscoolenergy.com\/fr\/#website"},"primaryImageOfPage":{"@id":"https:\/\/www.icscoolenergy.com\/fr\/i-temp-compact-high-line\/#primaryimage"},"image":{"@id":"https:\/\/www.icscoolenergy.com\/fr\/i-temp-compact-high-line\/#primaryimage"},"thumbnailUrl":"https:\/\/www.icscoolenergy.com\/wp-content\/uploads\/sites\/2\/2024\/04\/i-Temp-Compact-2.png","datePublished":"2024-04-26T14:19:31+00:00","dateModified":"2024-06-05T16:29:42+00:00","breadcrumb":{"@id":"https:\/\/www.icscoolenergy.com\/fr\/i-temp-compact-high-line\/#breadcrumb"},"inLanguage":"fr-FR","potentialAction":[{"@type":"ReadAction","target":["https:\/\/www.icscoolenergy.com\/fr\/i-temp-compact-high-line\/"]}]},{"@type":"ImageObject","inLanguage":"fr-FR","@id":"https:\/\/www.icscoolenergy.com\/fr\/i-temp-compact-high-line\/#primaryimage","url":"https:\/\/www.icscoolenergy.com\/wp-content\/uploads\/sites\/2\/2024\/04\/i-Temp-Compact-2.png","contentUrl":"https:\/\/www.icscoolenergy.com\/wp-content\/uploads\/sites\/2\/2024\/04\/i-Temp-Compact-2.png","width":560,"height":420,"caption":"i-Temp Compact highline image du produit"},{"@type":"BreadcrumbList","@id":"https:\/\/www.icscoolenergy.com\/fr\/i-temp-compact-high-line\/#breadcrumb","itemListElement":[{"@type":"ListItem","position":1,"name":"Home","item":"https:\/\/www.icscoolenergy.com\/fr\/"},{"@type":"ListItem","position":2,"name":"Boutique","item":"https:\/\/www.icscoolenergy.com\/fr\/boutique\/"},{"@type":"ListItem","position":3,"name":"i-Temp Compact high.line"}]},{"@type":"WebSite","@id":"https:\/\/www.icscoolenergy.com\/fr\/#website","url":"https:\/\/www.icscoolenergy.com\/fr\/","name":"ICS Cool Energy","description":"The Process Temperature Control Specialists","publisher":{"@id":"https:\/\/www.icscoolenergy.com\/fr\/#organization"},"potentialAction":[{"@type":"SearchAction","target":{"@type":"EntryPoint","urlTemplate":"https:\/\/www.icscoolenergy.com\/fr\/?s={search_term_string}"},"query-input":{"@type":"PropertyValueSpecification","valueRequired":true,"valueName":"search_term_string"}}],"inLanguage":"fr-FR"},{"@type":"Organization","@id":"https:\/\/www.icscoolenergy.com\/fr\/#organization","name":"ICS Cool Energy","url":"https:\/\/www.icscoolenergy.com\/fr\/","logo":{"@type":"ImageObject","inLanguage":"fr-FR","@id":"https:\/\/www.icscoolenergy.com\/fr\/#\/schema\/logo\/image\/","url":"https:\/\/www.icscoolenergy.com\/wp-content\/uploads\/sites\/2\/2024\/01\/ics-cool-energy-logo.svg","contentUrl":"https:\/\/www.icscoolenergy.com\/wp-content\/uploads\/sites\/2\/2024\/01\/ics-cool-energy-logo.svg","caption":"ICS Cool Energy"},"image":{"@id":"https:\/\/www.icscoolenergy.com\/fr\/#\/schema\/logo\/image\/"}}]}},"_links":{"self":[{"href":"https:\/\/www.icscoolenergy.com\/fr\/wp-json\/wp\/v2\/product\/121597","targetHints":{"allow":["GET"]}}],"collection":[{"href":"https:\/\/www.icscoolenergy.com\/fr\/wp-json\/wp\/v2\/product"}],"about":[{"href":"https:\/\/www.icscoolenergy.com\/fr\/wp-json\/wp\/v2\/types\/product"}],"replies":[{"embeddable":true,"href":"https:\/\/www.icscoolenergy.com\/fr\/wp-json\/wp\/v2\/comments?post=121597"}],"wp:featuredmedia":[{"embeddable":true,"href":"https:\/\/www.icscoolenergy.com\/fr\/wp-json\/wp\/v2\/media\/118030"}],"wp:attachment":[{"href":"https:\/\/www.icscoolenergy.com\/fr\/wp-json\/wp\/v2\/media?parent=121597"}],"wp:term":[{"taxonomy":"product_brand","embeddable":true,"href":"https:\/\/www.icscoolenergy.com\/fr\/wp-json\/wp\/v2\/product_brand?post=121597"},{"taxonomy":"product_cat","embeddable":true,"href":"https:\/\/www.icscoolenergy.com\/fr\/wp-json\/wp\/v2\/product_cat?post=121597"},{"taxonomy":"product_tag","embeddable":true,"href":"https:\/\/www.icscoolenergy.com\/fr\/wp-json\/wp\/v2\/product_tag?post=121597"}],"curies":[{"name":"wp","href":"https:\/\/api.w.org\/{rel}","templated":true}]}}