 
{"id":121601,"date":"2024-04-22T08:30:16","date_gmt":"2024-04-22T08:30:16","guid":{"rendered":"https:\/\/www.icscoolenergy.com\/fr\/non%20class\u00e9\/chaudiere-electrique-36\/"},"modified":"2024-06-06T10:36:21","modified_gmt":"2024-06-06T10:36:21","slug":"chaudiere-electrique-36","status":"publish","type":"product","link":"https:\/\/www.icscoolenergy.com\/fr\/chaudiere-electrique-36\/","title":{"rendered":"Chaudi\u00e8re \u00e9lectrique 36"},"content":{"rendered":"<p>Cette chaudi\u00e8re \u00e9lectrique de 36 kW est petite, flexible et convient \u00e0 tous les usages. Tous les composants tels que les pompes, le vase d&rsquo;expansion et les commandes sont enti\u00e8rement int\u00e9gr\u00e9s. Il r\u00e9pond \u00e0 tous les besoins, du s\u00e9chage des chapes au remplacement des chaudi\u00e8res, en passant par les mesures temporaires en cas de d\u00e9faillance des syst\u00e8mes de chauffage ou de l&rsquo;alimentation en eau chaude sanitaire.<\/p>\n<p>&nbsp;<\/p>\n","protected":false},"excerpt":{"rendered":"<p>Cette chaudi\u00e8re \u00e9lectrique de 36 kW est petite, flexible et convient \u00e0 tous les usages. Tous les composants tels que les pompes, le vase d&rsquo;expansion et les commandes sont enti\u00e8rement int\u00e9gr\u00e9s. Il r\u00e9pond \u00e0 tous les besoins, du s\u00e9chage des chapes au remplacement des chaudi\u00e8res, en passant par les mesures temporaires en cas de d\u00e9faillance &#8230; <a title=\"Chaudi\u00e8re \u00e9lectrique 36\" class=\"read-more\" href=\"https:\/\/www.icscoolenergy.com\/fr\/chaudiere-electrique-36\/\" aria-label=\"En savoir plus sur Chaudi\u00e8re \u00e9lectrique 36\">Lire la suite<\/a><\/p>\n","protected":false},"featured_media":106351,"comment_status":"closed","ping_status":"closed","template":"","meta":{"_acf_changed":false,"inline_featured_image":false,"_editorskit_title_hidden":false,"_editorskit_reading_time":0,"_editorskit_is_block_options_detached":false,"_editorskit_block_options_position":"{}","editor_plus_copied_stylings":"{}"},"product_brand":[],"product_cat":[1112,1114,1116,1118,1117,1110],"product_tag":[],"class_list":{"0":"post-121601","1":"product","2":"type-product","3":"status-publish","4":"has-post-thumbnail","6":"product_cat-location-de-chaudieres","7":"product_cat-location-de-chaudieres-commerciales","8":"product_cat-location-de-chaudieres-en-urgence","9":"product_cat-location-de-chaudieres-pour-les-ecoles","10":"product_cat-location-de-chaudieres-pour-les-hopitaux","11":"product_cat-chaudiere","13":"first","14":"instock","15":"shipping-taxable","16":"product-type-simple"},"acf":[],"yoast_head":"<!-- This site is optimized with the Yoast SEO Premium plugin v24.5 (Yoast SEO v26.9) - https:\/\/yoast.com\/product\/yoast-seo-premium-wordpress\/ -->\n<title>Chaudi\u00e8re \u00e9lectrique 36 - French<\/title>\n<meta name=\"robots\" content=\"index, follow, max-snippet:-1, max-image-preview:large, max-video-preview:-1\" \/>\n<link rel=\"canonical\" href=\"https:\/\/www.icscoolenergy.com\/fr\/chaudiere-electrique-36\/\" \/>\n<meta property=\"og:locale\" content=\"fr_FR\" \/>\n<meta property=\"og:type\" content=\"article\" \/>\n<meta property=\"og:title\" content=\"Chaudi\u00e8re \u00e9lectrique 36\" \/>\n<meta property=\"og:description\" content=\"Cette chaudi\u00e8re \u00e9lectrique de 36 kW est petite, flexible et convient \u00e0 tous les usages. Tous les composants tels que les pompes, le vase d&rsquo;expansion et les commandes sont enti\u00e8rement int\u00e9gr\u00e9s. Il r\u00e9pond \u00e0 tous les besoins, du s\u00e9chage des chapes au remplacement des chaudi\u00e8res, en passant par les mesures temporaires en cas de d\u00e9faillance ... Lire la suite\" \/>\n<meta property=\"og:url\" content=\"https:\/\/www.icscoolenergy.com\/fr\/chaudiere-electrique-36\/\" \/>\n<meta property=\"og:site_name\" content=\"French\" \/>\n<meta property=\"article:modified_time\" content=\"2024-06-06T10:36:21+00:00\" \/>\n<meta property=\"og:image\" content=\"https:\/\/www.icscoolenergy.com\/wp-content\/uploads\/sites\/2\/2024\/04\/Electric-Boiler-36.png\" \/>\n\t<meta property=\"og:image:width\" content=\"560\" \/>\n\t<meta property=\"og:image:height\" content=\"420\" \/>\n\t<meta property=\"og:image:type\" content=\"image\/png\" \/>\n<meta name=\"twitter:card\" content=\"summary_large_image\" \/>\n<meta name=\"twitter:label1\" content=\"Est. reading time\" \/>\n\t<meta name=\"twitter:data1\" content=\"1 minute\" \/>\n<script type=\"application\/ld+json\" class=\"yoast-schema-graph\">{\"@context\":\"https:\/\/schema.org\",\"@graph\":[{\"@type\":\"WebPage\",\"@id\":\"https:\/\/www.icscoolenergy.com\/fr\/chaudiere-electrique-36\/\",\"url\":\"https:\/\/www.icscoolenergy.com\/fr\/chaudiere-electrique-36\/\",\"name\":\"Chaudi\u00e8re \u00e9lectrique 36 - French\",\"isPartOf\":{\"@id\":\"https:\/\/www.icscoolenergy.com\/fr\/#website\"},\"primaryImageOfPage\":{\"@id\":\"https:\/\/www.icscoolenergy.com\/fr\/chaudiere-electrique-36\/#primaryimage\"},\"image\":{\"@id\":\"https:\/\/www.icscoolenergy.com\/fr\/chaudiere-electrique-36\/#primaryimage\"},\"thumbnailUrl\":\"https:\/\/www.icscoolenergy.com\/wp-content\/uploads\/sites\/2\/2024\/04\/Electric-Boiler-36.png\",\"datePublished\":\"2024-04-22T08:30:16+00:00\",\"dateModified\":\"2024-06-06T10:36:21+00:00\",\"breadcrumb\":{\"@id\":\"https:\/\/www.icscoolenergy.com\/fr\/chaudiere-electrique-36\/#breadcrumb\"},\"inLanguage\":\"fr-FR\",\"potentialAction\":[{\"@type\":\"ReadAction\",\"target\":[\"https:\/\/www.icscoolenergy.com\/fr\/chaudiere-electrique-36\/\"]}]},{\"@type\":\"ImageObject\",\"inLanguage\":\"fr-FR\",\"@id\":\"https:\/\/www.icscoolenergy.com\/fr\/chaudiere-electrique-36\/#primaryimage\",\"url\":\"https:\/\/www.icscoolenergy.com\/wp-content\/uploads\/sites\/2\/2024\/04\/Electric-Boiler-36.png\",\"contentUrl\":\"https:\/\/www.icscoolenergy.com\/wp-content\/uploads\/sites\/2\/2024\/04\/Electric-Boiler-36.png\",\"width\":560,\"height\":420},{\"@type\":\"BreadcrumbList\",\"@id\":\"https:\/\/www.icscoolenergy.com\/fr\/chaudiere-electrique-36\/#breadcrumb\",\"itemListElement\":[{\"@type\":\"ListItem\",\"position\":1,\"name\":\"Home\",\"item\":\"https:\/\/www.icscoolenergy.com\/fr\/\"},{\"@type\":\"ListItem\",\"position\":2,\"name\":\"Boutique\",\"item\":\"https:\/\/www.icscoolenergy.com\/fr\/boutique\/\"},{\"@type\":\"ListItem\",\"position\":3,\"name\":\"Chaudi\u00e8re \u00e9lectrique 36\"}]},{\"@type\":\"WebSite\",\"@id\":\"https:\/\/www.icscoolenergy.com\/fr\/#website\",\"url\":\"https:\/\/www.icscoolenergy.com\/fr\/\",\"name\":\"ICS Cool Energy\",\"description\":\"The Process Temperature Control Specialists\",\"publisher\":{\"@id\":\"https:\/\/www.icscoolenergy.com\/fr\/#organization\"},\"potentialAction\":[{\"@type\":\"SearchAction\",\"target\":{\"@type\":\"EntryPoint\",\"urlTemplate\":\"https:\/\/www.icscoolenergy.com\/fr\/?s={search_term_string}\"},\"query-input\":{\"@type\":\"PropertyValueSpecification\",\"valueRequired\":true,\"valueName\":\"search_term_string\"}}],\"inLanguage\":\"fr-FR\"},{\"@type\":\"Organization\",\"@id\":\"https:\/\/www.icscoolenergy.com\/fr\/#organization\",\"name\":\"ICS Cool Energy\",\"url\":\"https:\/\/www.icscoolenergy.com\/fr\/\",\"logo\":{\"@type\":\"ImageObject\",\"inLanguage\":\"fr-FR\",\"@id\":\"https:\/\/www.icscoolenergy.com\/fr\/#\/schema\/logo\/image\/\",\"url\":\"https:\/\/www.icscoolenergy.com\/wp-content\/uploads\/sites\/2\/2024\/01\/ics-cool-energy-logo.svg\",\"contentUrl\":\"https:\/\/www.icscoolenergy.com\/wp-content\/uploads\/sites\/2\/2024\/01\/ics-cool-energy-logo.svg\",\"caption\":\"ICS Cool Energy\"},\"image\":{\"@id\":\"https:\/\/www.icscoolenergy.com\/fr\/#\/schema\/logo\/image\/\"}}]}<\/script>\n<!-- \/ Yoast SEO Premium plugin. -->","yoast_head_json":{"title":"Chaudi\u00e8re \u00e9lectrique 36 - French","robots":{"index":"index","follow":"follow","max-snippet":"max-snippet:-1","max-image-preview":"max-image-preview:large","max-video-preview":"max-video-preview:-1"},"canonical":"https:\/\/www.icscoolenergy.com\/fr\/chaudiere-electrique-36\/","og_locale":"fr_FR","og_type":"article","og_title":"Chaudi\u00e8re \u00e9lectrique 36","og_description":"Cette chaudi\u00e8re \u00e9lectrique de 36 kW est petite, flexible et convient \u00e0 tous les usages. Tous les composants tels que les pompes, le vase d&rsquo;expansion et les commandes sont enti\u00e8rement int\u00e9gr\u00e9s. Il r\u00e9pond \u00e0 tous les besoins, du s\u00e9chage des chapes au remplacement des chaudi\u00e8res, en passant par les mesures temporaires en cas de d\u00e9faillance ... Lire la suite","og_url":"https:\/\/www.icscoolenergy.com\/fr\/chaudiere-electrique-36\/","og_site_name":"French","article_modified_time":"2024-06-06T10:36:21+00:00","og_image":[{"width":560,"height":420,"url":"https:\/\/www.icscoolenergy.com\/wp-content\/uploads\/sites\/2\/2024\/04\/Electric-Boiler-36.png","type":"image\/png"}],"twitter_card":"summary_large_image","twitter_misc":{"Est. reading time":"1 minute"},"schema":{"@context":"https:\/\/schema.org","@graph":[{"@type":"WebPage","@id":"https:\/\/www.icscoolenergy.com\/fr\/chaudiere-electrique-36\/","url":"https:\/\/www.icscoolenergy.com\/fr\/chaudiere-electrique-36\/","name":"Chaudi\u00e8re \u00e9lectrique 36 - French","isPartOf":{"@id":"https:\/\/www.icscoolenergy.com\/fr\/#website"},"primaryImageOfPage":{"@id":"https:\/\/www.icscoolenergy.com\/fr\/chaudiere-electrique-36\/#primaryimage"},"image":{"@id":"https:\/\/www.icscoolenergy.com\/fr\/chaudiere-electrique-36\/#primaryimage"},"thumbnailUrl":"https:\/\/www.icscoolenergy.com\/wp-content\/uploads\/sites\/2\/2024\/04\/Electric-Boiler-36.png","datePublished":"2024-04-22T08:30:16+00:00","dateModified":"2024-06-06T10:36:21+00:00","breadcrumb":{"@id":"https:\/\/www.icscoolenergy.com\/fr\/chaudiere-electrique-36\/#breadcrumb"},"inLanguage":"fr-FR","potentialAction":[{"@type":"ReadAction","target":["https:\/\/www.icscoolenergy.com\/fr\/chaudiere-electrique-36\/"]}]},{"@type":"ImageObject","inLanguage":"fr-FR","@id":"https:\/\/www.icscoolenergy.com\/fr\/chaudiere-electrique-36\/#primaryimage","url":"https:\/\/www.icscoolenergy.com\/wp-content\/uploads\/sites\/2\/2024\/04\/Electric-Boiler-36.png","contentUrl":"https:\/\/www.icscoolenergy.com\/wp-content\/uploads\/sites\/2\/2024\/04\/Electric-Boiler-36.png","width":560,"height":420},{"@type":"BreadcrumbList","@id":"https:\/\/www.icscoolenergy.com\/fr\/chaudiere-electrique-36\/#breadcrumb","itemListElement":[{"@type":"ListItem","position":1,"name":"Home","item":"https:\/\/www.icscoolenergy.com\/fr\/"},{"@type":"ListItem","position":2,"name":"Boutique","item":"https:\/\/www.icscoolenergy.com\/fr\/boutique\/"},{"@type":"ListItem","position":3,"name":"Chaudi\u00e8re \u00e9lectrique 36"}]},{"@type":"WebSite","@id":"https:\/\/www.icscoolenergy.com\/fr\/#website","url":"https:\/\/www.icscoolenergy.com\/fr\/","name":"ICS Cool Energy","description":"The Process Temperature Control Specialists","publisher":{"@id":"https:\/\/www.icscoolenergy.com\/fr\/#organization"},"potentialAction":[{"@type":"SearchAction","target":{"@type":"EntryPoint","urlTemplate":"https:\/\/www.icscoolenergy.com\/fr\/?s={search_term_string}"},"query-input":{"@type":"PropertyValueSpecification","valueRequired":true,"valueName":"search_term_string"}}],"inLanguage":"fr-FR"},{"@type":"Organization","@id":"https:\/\/www.icscoolenergy.com\/fr\/#organization","name":"ICS Cool Energy","url":"https:\/\/www.icscoolenergy.com\/fr\/","logo":{"@type":"ImageObject","inLanguage":"fr-FR","@id":"https:\/\/www.icscoolenergy.com\/fr\/#\/schema\/logo\/image\/","url":"https:\/\/www.icscoolenergy.com\/wp-content\/uploads\/sites\/2\/2024\/01\/ics-cool-energy-logo.svg","contentUrl":"https:\/\/www.icscoolenergy.com\/wp-content\/uploads\/sites\/2\/2024\/01\/ics-cool-energy-logo.svg","caption":"ICS Cool Energy"},"image":{"@id":"https:\/\/www.icscoolenergy.com\/fr\/#\/schema\/logo\/image\/"}}]}},"_links":{"self":[{"href":"https:\/\/www.icscoolenergy.com\/fr\/wp-json\/wp\/v2\/product\/121601","targetHints":{"allow":["GET"]}}],"collection":[{"href":"https:\/\/www.icscoolenergy.com\/fr\/wp-json\/wp\/v2\/product"}],"about":[{"href":"https:\/\/www.icscoolenergy.com\/fr\/wp-json\/wp\/v2\/types\/product"}],"replies":[{"embeddable":true,"href":"https:\/\/www.icscoolenergy.com\/fr\/wp-json\/wp\/v2\/comments?post=121601"}],"wp:featuredmedia":[{"embeddable":true,"href":"https:\/\/www.icscoolenergy.com\/fr\/wp-json\/wp\/v2\/media\/106351"}],"wp:attachment":[{"href":"https:\/\/www.icscoolenergy.com\/fr\/wp-json\/wp\/v2\/media?parent=121601"}],"wp:term":[{"taxonomy":"product_brand","embeddable":true,"href":"https:\/\/www.icscoolenergy.com\/fr\/wp-json\/wp\/v2\/product_brand?post=121601"},{"taxonomy":"product_cat","embeddable":true,"href":"https:\/\/www.icscoolenergy.com\/fr\/wp-json\/wp\/v2\/product_cat?post=121601"},{"taxonomy":"product_tag","embeddable":true,"href":"https:\/\/www.icscoolenergy.com\/fr\/wp-json\/wp\/v2\/product_tag?post=121601"}],"curies":[{"name":"wp","href":"https:\/\/api.w.org\/{rel}","templated":true}]}}