 
{"id":121604,"date":"2024-04-24T13:21:22","date_gmt":"2024-04-24T13:21:22","guid":{"rendered":"https:\/\/www.icscoolenergy.com\/fr\/non%20class\u00e9\/i-chiller-process-e\/"},"modified":"2024-06-06T11:27:52","modified_gmt":"2024-06-06T11:27:52","slug":"i-chiller-process-e","status":"publish","type":"product","link":"https:\/\/www.icscoolenergy.com\/fr\/i-chiller-process-e\/","title":{"rendered":"i-Chiller Process E"},"content":{"rendered":"<p>i-Chiller Process-e est le r\u00e9sultat de notre engagement en faveur du d\u00e9veloppement durable, combinant la fiabilit\u00e9 et la durabilit\u00e9 de nos refroidisseurs de processus avec l&rsquo;application de r\u00e9frig\u00e9rants \u00e9cologiques R513A et R454B.<\/p>\n<p>Ce refroidisseur a une configuration enti\u00e8rement packag\u00e9e et dispose d&rsquo;un r\u00e9servoir de stockage interne et d&rsquo;une pompe en standard, offrant une solution pr\u00eate \u00e0 l&#8217;emploi mondialement reconnue.<\/p>\n","protected":false},"excerpt":{"rendered":"<p>i-Chiller Process-e est le r\u00e9sultat de notre engagement en faveur du d\u00e9veloppement durable, combinant la fiabilit\u00e9 et la durabilit\u00e9 de nos refroidisseurs de processus avec l&rsquo;application de r\u00e9frig\u00e9rants \u00e9cologiques R513A et R454B. Ce refroidisseur a une configuration enti\u00e8rement packag\u00e9e et dispose d&rsquo;un r\u00e9servoir de stockage interne et d&rsquo;une pompe en standard, offrant une solution pr\u00eate &#8230; <a title=\"i-Chiller Process E\" class=\"read-more\" href=\"https:\/\/www.icscoolenergy.com\/fr\/i-chiller-process-e\/\" aria-label=\"En savoir plus sur i-Chiller Process E\">Lire la suite<\/a><\/p>\n","protected":false},"featured_media":117782,"comment_status":"closed","ping_status":"closed","template":"","meta":{"_acf_changed":false,"inline_featured_image":false,"_editorskit_title_hidden":false,"_editorskit_reading_time":0,"_editorskit_is_block_options_detached":false,"_editorskit_block_options_position":"{}","editor_plus_copied_stylings":"{}"},"product_brand":[],"product_cat":[1096],"product_tag":[],"class_list":{"0":"post-121604","1":"product","2":"type-product","3":"status-publish","4":"has-post-thumbnail","6":"product_cat-ventes-de-refroidisseurs-de-processus","8":"first","9":"instock","10":"shipping-taxable","11":"product-type-simple"},"acf":[],"yoast_head":"<!-- This site is optimized with the Yoast SEO Premium plugin v24.5 (Yoast SEO v26.9) - https:\/\/yoast.com\/product\/yoast-seo-premium-wordpress\/ -->\n<title>i-Chiller Process E - French<\/title>\n<meta name=\"robots\" content=\"index, follow, max-snippet:-1, max-image-preview:large, max-video-preview:-1\" \/>\n<link rel=\"canonical\" href=\"https:\/\/www.icscoolenergy.com\/fr\/i-chiller-process-e\/\" \/>\n<meta property=\"og:locale\" content=\"fr_FR\" \/>\n<meta property=\"og:type\" content=\"article\" \/>\n<meta property=\"og:title\" content=\"i-Chiller Process E\" \/>\n<meta property=\"og:description\" content=\"i-Chiller Process-e est le r\u00e9sultat de notre engagement en faveur du d\u00e9veloppement durable, combinant la fiabilit\u00e9 et la durabilit\u00e9 de nos refroidisseurs de processus avec l&rsquo;application de r\u00e9frig\u00e9rants \u00e9cologiques R513A et R454B. Ce refroidisseur a une configuration enti\u00e8rement packag\u00e9e et dispose d&rsquo;un r\u00e9servoir de stockage interne et d&rsquo;une pompe en standard, offrant une solution pr\u00eate ... Lire la suite\" \/>\n<meta property=\"og:url\" content=\"https:\/\/www.icscoolenergy.com\/fr\/i-chiller-process-e\/\" \/>\n<meta property=\"og:site_name\" content=\"French\" \/>\n<meta property=\"article:modified_time\" content=\"2024-06-06T11:27:52+00:00\" \/>\n<meta property=\"og:image\" content=\"https:\/\/www.icscoolenergy.com\/wp-content\/uploads\/sites\/2\/2024\/04\/ichiller-process-product-image.png\" \/>\n\t<meta property=\"og:image:width\" content=\"560\" \/>\n\t<meta property=\"og:image:height\" content=\"420\" \/>\n\t<meta property=\"og:image:type\" content=\"image\/png\" \/>\n<meta name=\"twitter:card\" content=\"summary_large_image\" \/>\n<meta name=\"twitter:label1\" content=\"Est. reading time\" \/>\n\t<meta name=\"twitter:data1\" content=\"1 minute\" \/>\n<script type=\"application\/ld+json\" class=\"yoast-schema-graph\">{\"@context\":\"https:\/\/schema.org\",\"@graph\":[{\"@type\":\"WebPage\",\"@id\":\"https:\/\/www.icscoolenergy.com\/fr\/i-chiller-process-e\/\",\"url\":\"https:\/\/www.icscoolenergy.com\/fr\/i-chiller-process-e\/\",\"name\":\"i-Chiller Process E - French\",\"isPartOf\":{\"@id\":\"https:\/\/www.icscoolenergy.com\/fr\/#website\"},\"primaryImageOfPage\":{\"@id\":\"https:\/\/www.icscoolenergy.com\/fr\/i-chiller-process-e\/#primaryimage\"},\"image\":{\"@id\":\"https:\/\/www.icscoolenergy.com\/fr\/i-chiller-process-e\/#primaryimage\"},\"thumbnailUrl\":\"https:\/\/www.icscoolenergy.com\/wp-content\/uploads\/sites\/2\/2024\/04\/ichiller-process-product-image.png\",\"datePublished\":\"2024-04-24T13:21:22+00:00\",\"dateModified\":\"2024-06-06T11:27:52+00:00\",\"breadcrumb\":{\"@id\":\"https:\/\/www.icscoolenergy.com\/fr\/i-chiller-process-e\/#breadcrumb\"},\"inLanguage\":\"fr-FR\",\"potentialAction\":[{\"@type\":\"ReadAction\",\"target\":[\"https:\/\/www.icscoolenergy.com\/fr\/i-chiller-process-e\/\"]}]},{\"@type\":\"ImageObject\",\"inLanguage\":\"fr-FR\",\"@id\":\"https:\/\/www.icscoolenergy.com\/fr\/i-chiller-process-e\/#primaryimage\",\"url\":\"https:\/\/www.icscoolenergy.com\/wp-content\/uploads\/sites\/2\/2024\/04\/ichiller-process-product-image.png\",\"contentUrl\":\"https:\/\/www.icscoolenergy.com\/wp-content\/uploads\/sites\/2\/2024\/04\/ichiller-process-product-image.png\",\"width\":560,\"height\":420,\"caption\":\"ichiller process product image\"},{\"@type\":\"BreadcrumbList\",\"@id\":\"https:\/\/www.icscoolenergy.com\/fr\/i-chiller-process-e\/#breadcrumb\",\"itemListElement\":[{\"@type\":\"ListItem\",\"position\":1,\"name\":\"Home\",\"item\":\"https:\/\/www.icscoolenergy.com\/fr\/\"},{\"@type\":\"ListItem\",\"position\":2,\"name\":\"Boutique\",\"item\":\"https:\/\/www.icscoolenergy.com\/fr\/boutique\/\"},{\"@type\":\"ListItem\",\"position\":3,\"name\":\"i-Chiller Process E\"}]},{\"@type\":\"WebSite\",\"@id\":\"https:\/\/www.icscoolenergy.com\/fr\/#website\",\"url\":\"https:\/\/www.icscoolenergy.com\/fr\/\",\"name\":\"ICS Cool Energy\",\"description\":\"The Process Temperature Control Specialists\",\"publisher\":{\"@id\":\"https:\/\/www.icscoolenergy.com\/fr\/#organization\"},\"potentialAction\":[{\"@type\":\"SearchAction\",\"target\":{\"@type\":\"EntryPoint\",\"urlTemplate\":\"https:\/\/www.icscoolenergy.com\/fr\/?s={search_term_string}\"},\"query-input\":{\"@type\":\"PropertyValueSpecification\",\"valueRequired\":true,\"valueName\":\"search_term_string\"}}],\"inLanguage\":\"fr-FR\"},{\"@type\":\"Organization\",\"@id\":\"https:\/\/www.icscoolenergy.com\/fr\/#organization\",\"name\":\"ICS Cool Energy\",\"url\":\"https:\/\/www.icscoolenergy.com\/fr\/\",\"logo\":{\"@type\":\"ImageObject\",\"inLanguage\":\"fr-FR\",\"@id\":\"https:\/\/www.icscoolenergy.com\/fr\/#\/schema\/logo\/image\/\",\"url\":\"https:\/\/www.icscoolenergy.com\/wp-content\/uploads\/sites\/2\/2024\/01\/ics-cool-energy-logo.svg\",\"contentUrl\":\"https:\/\/www.icscoolenergy.com\/wp-content\/uploads\/sites\/2\/2024\/01\/ics-cool-energy-logo.svg\",\"caption\":\"ICS Cool Energy\"},\"image\":{\"@id\":\"https:\/\/www.icscoolenergy.com\/fr\/#\/schema\/logo\/image\/\"}}]}<\/script>\n<!-- \/ Yoast SEO Premium plugin. -->","yoast_head_json":{"title":"i-Chiller Process E - French","robots":{"index":"index","follow":"follow","max-snippet":"max-snippet:-1","max-image-preview":"max-image-preview:large","max-video-preview":"max-video-preview:-1"},"canonical":"https:\/\/www.icscoolenergy.com\/fr\/i-chiller-process-e\/","og_locale":"fr_FR","og_type":"article","og_title":"i-Chiller Process E","og_description":"i-Chiller Process-e est le r\u00e9sultat de notre engagement en faveur du d\u00e9veloppement durable, combinant la fiabilit\u00e9 et la durabilit\u00e9 de nos refroidisseurs de processus avec l&rsquo;application de r\u00e9frig\u00e9rants \u00e9cologiques R513A et R454B. Ce refroidisseur a une configuration enti\u00e8rement packag\u00e9e et dispose d&rsquo;un r\u00e9servoir de stockage interne et d&rsquo;une pompe en standard, offrant une solution pr\u00eate ... Lire la suite","og_url":"https:\/\/www.icscoolenergy.com\/fr\/i-chiller-process-e\/","og_site_name":"French","article_modified_time":"2024-06-06T11:27:52+00:00","og_image":[{"width":560,"height":420,"url":"https:\/\/www.icscoolenergy.com\/wp-content\/uploads\/sites\/2\/2024\/04\/ichiller-process-product-image.png","type":"image\/png"}],"twitter_card":"summary_large_image","twitter_misc":{"Est. reading time":"1 minute"},"schema":{"@context":"https:\/\/schema.org","@graph":[{"@type":"WebPage","@id":"https:\/\/www.icscoolenergy.com\/fr\/i-chiller-process-e\/","url":"https:\/\/www.icscoolenergy.com\/fr\/i-chiller-process-e\/","name":"i-Chiller Process E - French","isPartOf":{"@id":"https:\/\/www.icscoolenergy.com\/fr\/#website"},"primaryImageOfPage":{"@id":"https:\/\/www.icscoolenergy.com\/fr\/i-chiller-process-e\/#primaryimage"},"image":{"@id":"https:\/\/www.icscoolenergy.com\/fr\/i-chiller-process-e\/#primaryimage"},"thumbnailUrl":"https:\/\/www.icscoolenergy.com\/wp-content\/uploads\/sites\/2\/2024\/04\/ichiller-process-product-image.png","datePublished":"2024-04-24T13:21:22+00:00","dateModified":"2024-06-06T11:27:52+00:00","breadcrumb":{"@id":"https:\/\/www.icscoolenergy.com\/fr\/i-chiller-process-e\/#breadcrumb"},"inLanguage":"fr-FR","potentialAction":[{"@type":"ReadAction","target":["https:\/\/www.icscoolenergy.com\/fr\/i-chiller-process-e\/"]}]},{"@type":"ImageObject","inLanguage":"fr-FR","@id":"https:\/\/www.icscoolenergy.com\/fr\/i-chiller-process-e\/#primaryimage","url":"https:\/\/www.icscoolenergy.com\/wp-content\/uploads\/sites\/2\/2024\/04\/ichiller-process-product-image.png","contentUrl":"https:\/\/www.icscoolenergy.com\/wp-content\/uploads\/sites\/2\/2024\/04\/ichiller-process-product-image.png","width":560,"height":420,"caption":"ichiller process product image"},{"@type":"BreadcrumbList","@id":"https:\/\/www.icscoolenergy.com\/fr\/i-chiller-process-e\/#breadcrumb","itemListElement":[{"@type":"ListItem","position":1,"name":"Home","item":"https:\/\/www.icscoolenergy.com\/fr\/"},{"@type":"ListItem","position":2,"name":"Boutique","item":"https:\/\/www.icscoolenergy.com\/fr\/boutique\/"},{"@type":"ListItem","position":3,"name":"i-Chiller Process E"}]},{"@type":"WebSite","@id":"https:\/\/www.icscoolenergy.com\/fr\/#website","url":"https:\/\/www.icscoolenergy.com\/fr\/","name":"ICS Cool Energy","description":"The Process Temperature Control Specialists","publisher":{"@id":"https:\/\/www.icscoolenergy.com\/fr\/#organization"},"potentialAction":[{"@type":"SearchAction","target":{"@type":"EntryPoint","urlTemplate":"https:\/\/www.icscoolenergy.com\/fr\/?s={search_term_string}"},"query-input":{"@type":"PropertyValueSpecification","valueRequired":true,"valueName":"search_term_string"}}],"inLanguage":"fr-FR"},{"@type":"Organization","@id":"https:\/\/www.icscoolenergy.com\/fr\/#organization","name":"ICS Cool Energy","url":"https:\/\/www.icscoolenergy.com\/fr\/","logo":{"@type":"ImageObject","inLanguage":"fr-FR","@id":"https:\/\/www.icscoolenergy.com\/fr\/#\/schema\/logo\/image\/","url":"https:\/\/www.icscoolenergy.com\/wp-content\/uploads\/sites\/2\/2024\/01\/ics-cool-energy-logo.svg","contentUrl":"https:\/\/www.icscoolenergy.com\/wp-content\/uploads\/sites\/2\/2024\/01\/ics-cool-energy-logo.svg","caption":"ICS Cool Energy"},"image":{"@id":"https:\/\/www.icscoolenergy.com\/fr\/#\/schema\/logo\/image\/"}}]}},"_links":{"self":[{"href":"https:\/\/www.icscoolenergy.com\/fr\/wp-json\/wp\/v2\/product\/121604","targetHints":{"allow":["GET"]}}],"collection":[{"href":"https:\/\/www.icscoolenergy.com\/fr\/wp-json\/wp\/v2\/product"}],"about":[{"href":"https:\/\/www.icscoolenergy.com\/fr\/wp-json\/wp\/v2\/types\/product"}],"replies":[{"embeddable":true,"href":"https:\/\/www.icscoolenergy.com\/fr\/wp-json\/wp\/v2\/comments?post=121604"}],"wp:featuredmedia":[{"embeddable":true,"href":"https:\/\/www.icscoolenergy.com\/fr\/wp-json\/wp\/v2\/media\/117782"}],"wp:attachment":[{"href":"https:\/\/www.icscoolenergy.com\/fr\/wp-json\/wp\/v2\/media?parent=121604"}],"wp:term":[{"taxonomy":"product_brand","embeddable":true,"href":"https:\/\/www.icscoolenergy.com\/fr\/wp-json\/wp\/v2\/product_brand?post=121604"},{"taxonomy":"product_cat","embeddable":true,"href":"https:\/\/www.icscoolenergy.com\/fr\/wp-json\/wp\/v2\/product_cat?post=121604"},{"taxonomy":"product_tag","embeddable":true,"href":"https:\/\/www.icscoolenergy.com\/fr\/wp-json\/wp\/v2\/product_tag?post=121604"}],"curies":[{"name":"wp","href":"https:\/\/api.w.org\/{rel}","templated":true}]}}