 
{"id":121609,"date":"2024-04-20T13:02:55","date_gmt":"2024-04-20T13:02:55","guid":{"rendered":"https:\/\/www.icscoolenergy.com\/fr\/non%20class\u00e9\/pompe-i-heat-90\/"},"modified":"2024-06-05T15:16:21","modified_gmt":"2024-06-05T15:16:21","slug":"pompe-i-heat-90","status":"publish","type":"product","link":"https:\/\/www.icscoolenergy.com\/fr\/pompe-i-heat-90\/","title":{"rendered":"Pompe i-Heat 90"},"content":{"rendered":"<p>Notre gamme de refroidisseurs \u00e0 pompe \u00e0 chaleur r\u00e9versible est capable d&rsquo;assurer le refroidissement ou le chauffage \u00e0 partir d&rsquo;une seule source. Notre i-Heat Pump 90 dispose d&rsquo;un r\u00e9servoir tampon thermique int\u00e9gr\u00e9 et offre une large gamme de temp\u00e9ratures allant de -10\u00b0C \u00e0 +50\u00b0C. L&rsquo;unit\u00e9 est \u00e9galement fournie avec une pompe de traitement int\u00e9gr\u00e9e et des connexions d&rsquo;eau et d&rsquo;\u00e9lectricit\u00e9 \u00e0 d\u00e9gagement rapide pour une mise en service rapide.<\/p>\n<p>Avec un fonctionnement silencieux et un encombrement r\u00e9duit, la pompe i-Heat 90 est enti\u00e8rement emball\u00e9e pour simplifier l&rsquo;installation sur site.<\/p>\n","protected":false},"excerpt":{"rendered":"<p>Notre gamme de refroidisseurs \u00e0 pompe \u00e0 chaleur r\u00e9versible est capable d&rsquo;assurer le refroidissement ou le chauffage \u00e0 partir d&rsquo;une seule source. Notre i-Heat Pump 90 dispose d&rsquo;un r\u00e9servoir tampon thermique int\u00e9gr\u00e9 et offre une large gamme de temp\u00e9ratures allant de -10\u00b0C \u00e0 +50\u00b0C. L&rsquo;unit\u00e9 est \u00e9galement fournie avec une pompe de traitement int\u00e9gr\u00e9e et &#8230; <a title=\"Pompe i-Heat 90\" class=\"read-more\" href=\"https:\/\/www.icscoolenergy.com\/fr\/pompe-i-heat-90\/\" aria-label=\"En savoir plus sur Pompe i-Heat 90\">Lire la suite<\/a><\/p>\n","protected":false},"featured_media":109539,"comment_status":"closed","ping_status":"closed","template":"","meta":{"_acf_changed":false,"inline_featured_image":false,"_editorskit_title_hidden":false,"_editorskit_reading_time":0,"_editorskit_is_block_options_detached":false,"_editorskit_block_options_position":"{}","editor_plus_copied_stylings":"{}"},"product_brand":[],"product_cat":[1121,1120],"product_tag":[],"class_list":{"0":"post-121609","1":"product","2":"type-product","3":"status-publish","4":"has-post-thumbnail","6":"product_cat-location-de-refroidisseurs-pour-pompes-a-chaleur","7":"product_cat-vos-options-en-matiere-de-pompes-a-chaleur","9":"first","10":"instock","11":"shipping-taxable","12":"product-type-simple"},"acf":[],"yoast_head":"<!-- This site is optimized with the Yoast SEO Premium plugin v24.5 (Yoast SEO v26.9) - https:\/\/yoast.com\/product\/yoast-seo-premium-wordpress\/ -->\n<title>Pompe i-Heat 90 - French<\/title>\n<meta name=\"robots\" content=\"index, follow, max-snippet:-1, max-image-preview:large, max-video-preview:-1\" \/>\n<link rel=\"canonical\" href=\"https:\/\/www.icscoolenergy.com\/fr\/pompe-i-heat-90\/\" \/>\n<meta property=\"og:locale\" content=\"fr_FR\" \/>\n<meta property=\"og:type\" content=\"article\" \/>\n<meta property=\"og:title\" content=\"Pompe i-Heat 90\" \/>\n<meta property=\"og:description\" content=\"Notre gamme de refroidisseurs \u00e0 pompe \u00e0 chaleur r\u00e9versible est capable d&rsquo;assurer le refroidissement ou le chauffage \u00e0 partir d&rsquo;une seule source. Notre i-Heat Pump 90 dispose d&rsquo;un r\u00e9servoir tampon thermique int\u00e9gr\u00e9 et offre une large gamme de temp\u00e9ratures allant de -10\u00b0C \u00e0 +50\u00b0C. L&rsquo;unit\u00e9 est \u00e9galement fournie avec une pompe de traitement int\u00e9gr\u00e9e et ... Lire la suite\" \/>\n<meta property=\"og:url\" content=\"https:\/\/www.icscoolenergy.com\/fr\/pompe-i-heat-90\/\" \/>\n<meta property=\"og:site_name\" content=\"French\" \/>\n<meta property=\"article:modified_time\" content=\"2024-06-05T15:16:21+00:00\" \/>\n<meta property=\"og:image\" content=\"https:\/\/www.icscoolenergy.com\/wp-content\/uploads\/sites\/2\/2024\/04\/i-Heat-Pump-85.png\" \/>\n\t<meta property=\"og:image:width\" content=\"560\" \/>\n\t<meta property=\"og:image:height\" content=\"420\" \/>\n\t<meta property=\"og:image:type\" content=\"image\/png\" \/>\n<meta name=\"twitter:card\" content=\"summary_large_image\" \/>\n<meta name=\"twitter:label1\" content=\"Est. reading time\" \/>\n\t<meta name=\"twitter:data1\" content=\"1 minute\" \/>\n<script type=\"application\/ld+json\" class=\"yoast-schema-graph\">{\"@context\":\"https:\/\/schema.org\",\"@graph\":[{\"@type\":\"WebPage\",\"@id\":\"https:\/\/www.icscoolenergy.com\/fr\/pompe-i-heat-90\/\",\"url\":\"https:\/\/www.icscoolenergy.com\/fr\/pompe-i-heat-90\/\",\"name\":\"Pompe i-Heat 90 - French\",\"isPartOf\":{\"@id\":\"https:\/\/www.icscoolenergy.com\/fr\/#website\"},\"primaryImageOfPage\":{\"@id\":\"https:\/\/www.icscoolenergy.com\/fr\/pompe-i-heat-90\/#primaryimage\"},\"image\":{\"@id\":\"https:\/\/www.icscoolenergy.com\/fr\/pompe-i-heat-90\/#primaryimage\"},\"thumbnailUrl\":\"https:\/\/www.icscoolenergy.com\/wp-content\/uploads\/sites\/2\/2024\/04\/i-Heat-Pump-85.png\",\"datePublished\":\"2024-04-20T13:02:55+00:00\",\"dateModified\":\"2024-06-05T15:16:21+00:00\",\"breadcrumb\":{\"@id\":\"https:\/\/www.icscoolenergy.com\/fr\/pompe-i-heat-90\/#breadcrumb\"},\"inLanguage\":\"fr-FR\",\"potentialAction\":[{\"@type\":\"ReadAction\",\"target\":[\"https:\/\/www.icscoolenergy.com\/fr\/pompe-i-heat-90\/\"]}]},{\"@type\":\"ImageObject\",\"inLanguage\":\"fr-FR\",\"@id\":\"https:\/\/www.icscoolenergy.com\/fr\/pompe-i-heat-90\/#primaryimage\",\"url\":\"https:\/\/www.icscoolenergy.com\/wp-content\/uploads\/sites\/2\/2024\/04\/i-Heat-Pump-85.png\",\"contentUrl\":\"https:\/\/www.icscoolenergy.com\/wp-content\/uploads\/sites\/2\/2024\/04\/i-Heat-Pump-85.png\",\"width\":560,\"height\":420,\"caption\":\"Pompe i-Heat 85\"},{\"@type\":\"BreadcrumbList\",\"@id\":\"https:\/\/www.icscoolenergy.com\/fr\/pompe-i-heat-90\/#breadcrumb\",\"itemListElement\":[{\"@type\":\"ListItem\",\"position\":1,\"name\":\"Home\",\"item\":\"https:\/\/www.icscoolenergy.com\/fr\/\"},{\"@type\":\"ListItem\",\"position\":2,\"name\":\"Boutique\",\"item\":\"https:\/\/www.icscoolenergy.com\/fr\/boutique\/\"},{\"@type\":\"ListItem\",\"position\":3,\"name\":\"Pompe i-Heat 90\"}]},{\"@type\":\"WebSite\",\"@id\":\"https:\/\/www.icscoolenergy.com\/fr\/#website\",\"url\":\"https:\/\/www.icscoolenergy.com\/fr\/\",\"name\":\"ICS Cool Energy\",\"description\":\"The Process Temperature Control Specialists\",\"publisher\":{\"@id\":\"https:\/\/www.icscoolenergy.com\/fr\/#organization\"},\"potentialAction\":[{\"@type\":\"SearchAction\",\"target\":{\"@type\":\"EntryPoint\",\"urlTemplate\":\"https:\/\/www.icscoolenergy.com\/fr\/?s={search_term_string}\"},\"query-input\":{\"@type\":\"PropertyValueSpecification\",\"valueRequired\":true,\"valueName\":\"search_term_string\"}}],\"inLanguage\":\"fr-FR\"},{\"@type\":\"Organization\",\"@id\":\"https:\/\/www.icscoolenergy.com\/fr\/#organization\",\"name\":\"ICS Cool Energy\",\"url\":\"https:\/\/www.icscoolenergy.com\/fr\/\",\"logo\":{\"@type\":\"ImageObject\",\"inLanguage\":\"fr-FR\",\"@id\":\"https:\/\/www.icscoolenergy.com\/fr\/#\/schema\/logo\/image\/\",\"url\":\"https:\/\/www.icscoolenergy.com\/wp-content\/uploads\/sites\/2\/2024\/01\/ics-cool-energy-logo.svg\",\"contentUrl\":\"https:\/\/www.icscoolenergy.com\/wp-content\/uploads\/sites\/2\/2024\/01\/ics-cool-energy-logo.svg\",\"caption\":\"ICS Cool Energy\"},\"image\":{\"@id\":\"https:\/\/www.icscoolenergy.com\/fr\/#\/schema\/logo\/image\/\"}}]}<\/script>\n<!-- \/ Yoast SEO Premium plugin. -->","yoast_head_json":{"title":"Pompe i-Heat 90 - French","robots":{"index":"index","follow":"follow","max-snippet":"max-snippet:-1","max-image-preview":"max-image-preview:large","max-video-preview":"max-video-preview:-1"},"canonical":"https:\/\/www.icscoolenergy.com\/fr\/pompe-i-heat-90\/","og_locale":"fr_FR","og_type":"article","og_title":"Pompe i-Heat 90","og_description":"Notre gamme de refroidisseurs \u00e0 pompe \u00e0 chaleur r\u00e9versible est capable d&rsquo;assurer le refroidissement ou le chauffage \u00e0 partir d&rsquo;une seule source. Notre i-Heat Pump 90 dispose d&rsquo;un r\u00e9servoir tampon thermique int\u00e9gr\u00e9 et offre une large gamme de temp\u00e9ratures allant de -10\u00b0C \u00e0 +50\u00b0C. L&rsquo;unit\u00e9 est \u00e9galement fournie avec une pompe de traitement int\u00e9gr\u00e9e et ... Lire la suite","og_url":"https:\/\/www.icscoolenergy.com\/fr\/pompe-i-heat-90\/","og_site_name":"French","article_modified_time":"2024-06-05T15:16:21+00:00","og_image":[{"width":560,"height":420,"url":"https:\/\/www.icscoolenergy.com\/wp-content\/uploads\/sites\/2\/2024\/04\/i-Heat-Pump-85.png","type":"image\/png"}],"twitter_card":"summary_large_image","twitter_misc":{"Est. reading time":"1 minute"},"schema":{"@context":"https:\/\/schema.org","@graph":[{"@type":"WebPage","@id":"https:\/\/www.icscoolenergy.com\/fr\/pompe-i-heat-90\/","url":"https:\/\/www.icscoolenergy.com\/fr\/pompe-i-heat-90\/","name":"Pompe i-Heat 90 - French","isPartOf":{"@id":"https:\/\/www.icscoolenergy.com\/fr\/#website"},"primaryImageOfPage":{"@id":"https:\/\/www.icscoolenergy.com\/fr\/pompe-i-heat-90\/#primaryimage"},"image":{"@id":"https:\/\/www.icscoolenergy.com\/fr\/pompe-i-heat-90\/#primaryimage"},"thumbnailUrl":"https:\/\/www.icscoolenergy.com\/wp-content\/uploads\/sites\/2\/2024\/04\/i-Heat-Pump-85.png","datePublished":"2024-04-20T13:02:55+00:00","dateModified":"2024-06-05T15:16:21+00:00","breadcrumb":{"@id":"https:\/\/www.icscoolenergy.com\/fr\/pompe-i-heat-90\/#breadcrumb"},"inLanguage":"fr-FR","potentialAction":[{"@type":"ReadAction","target":["https:\/\/www.icscoolenergy.com\/fr\/pompe-i-heat-90\/"]}]},{"@type":"ImageObject","inLanguage":"fr-FR","@id":"https:\/\/www.icscoolenergy.com\/fr\/pompe-i-heat-90\/#primaryimage","url":"https:\/\/www.icscoolenergy.com\/wp-content\/uploads\/sites\/2\/2024\/04\/i-Heat-Pump-85.png","contentUrl":"https:\/\/www.icscoolenergy.com\/wp-content\/uploads\/sites\/2\/2024\/04\/i-Heat-Pump-85.png","width":560,"height":420,"caption":"Pompe i-Heat 85"},{"@type":"BreadcrumbList","@id":"https:\/\/www.icscoolenergy.com\/fr\/pompe-i-heat-90\/#breadcrumb","itemListElement":[{"@type":"ListItem","position":1,"name":"Home","item":"https:\/\/www.icscoolenergy.com\/fr\/"},{"@type":"ListItem","position":2,"name":"Boutique","item":"https:\/\/www.icscoolenergy.com\/fr\/boutique\/"},{"@type":"ListItem","position":3,"name":"Pompe i-Heat 90"}]},{"@type":"WebSite","@id":"https:\/\/www.icscoolenergy.com\/fr\/#website","url":"https:\/\/www.icscoolenergy.com\/fr\/","name":"ICS Cool Energy","description":"The Process Temperature Control Specialists","publisher":{"@id":"https:\/\/www.icscoolenergy.com\/fr\/#organization"},"potentialAction":[{"@type":"SearchAction","target":{"@type":"EntryPoint","urlTemplate":"https:\/\/www.icscoolenergy.com\/fr\/?s={search_term_string}"},"query-input":{"@type":"PropertyValueSpecification","valueRequired":true,"valueName":"search_term_string"}}],"inLanguage":"fr-FR"},{"@type":"Organization","@id":"https:\/\/www.icscoolenergy.com\/fr\/#organization","name":"ICS Cool Energy","url":"https:\/\/www.icscoolenergy.com\/fr\/","logo":{"@type":"ImageObject","inLanguage":"fr-FR","@id":"https:\/\/www.icscoolenergy.com\/fr\/#\/schema\/logo\/image\/","url":"https:\/\/www.icscoolenergy.com\/wp-content\/uploads\/sites\/2\/2024\/01\/ics-cool-energy-logo.svg","contentUrl":"https:\/\/www.icscoolenergy.com\/wp-content\/uploads\/sites\/2\/2024\/01\/ics-cool-energy-logo.svg","caption":"ICS Cool Energy"},"image":{"@id":"https:\/\/www.icscoolenergy.com\/fr\/#\/schema\/logo\/image\/"}}]}},"_links":{"self":[{"href":"https:\/\/www.icscoolenergy.com\/fr\/wp-json\/wp\/v2\/product\/121609","targetHints":{"allow":["GET"]}}],"collection":[{"href":"https:\/\/www.icscoolenergy.com\/fr\/wp-json\/wp\/v2\/product"}],"about":[{"href":"https:\/\/www.icscoolenergy.com\/fr\/wp-json\/wp\/v2\/types\/product"}],"replies":[{"embeddable":true,"href":"https:\/\/www.icscoolenergy.com\/fr\/wp-json\/wp\/v2\/comments?post=121609"}],"wp:featuredmedia":[{"embeddable":true,"href":"https:\/\/www.icscoolenergy.com\/fr\/wp-json\/wp\/v2\/media\/109539"}],"wp:attachment":[{"href":"https:\/\/www.icscoolenergy.com\/fr\/wp-json\/wp\/v2\/media?parent=121609"}],"wp:term":[{"taxonomy":"product_brand","embeddable":true,"href":"https:\/\/www.icscoolenergy.com\/fr\/wp-json\/wp\/v2\/product_brand?post=121609"},{"taxonomy":"product_cat","embeddable":true,"href":"https:\/\/www.icscoolenergy.com\/fr\/wp-json\/wp\/v2\/product_cat?post=121609"},{"taxonomy":"product_tag","embeddable":true,"href":"https:\/\/www.icscoolenergy.com\/fr\/wp-json\/wp\/v2\/product_tag?post=121609"}],"curies":[{"name":"wp","href":"https:\/\/api.w.org\/{rel}","templated":true}]}}