 
{"id":121681,"date":"2024-04-22T08:53:50","date_gmt":"2024-04-22T08:53:50","guid":{"rendered":"https:\/\/www.icscoolenergy.com\/fr\/non%20class\u00e9\/fdi-70\/"},"modified":"2024-06-06T11:03:09","modified_gmt":"2024-06-06T11:03:09","slug":"fdi-70","status":"publish","type":"product","link":"https:\/\/www.icscoolenergy.com\/fr\/fdi-70\/","title":{"rendered":"FDI 70"},"content":{"rendered":"<p>Nous avons le plaisir de vous proposer une gamme puissante et avanc\u00e9e d&rsquo;appareils de chauffage diesel \u00e0 combustion indirecte disponibles \u00e0 la location.<\/p>\n<p>L&rsquo;IDF 70 est de conception compacte, tout en \u00e9tant extr\u00eamement flexible et durable.<\/p>\n<p>Ce chauffage est le moyen id\u00e9al, rapide et convivial de chauffer les usines, les ateliers, les produits agricoles, les entrep\u00f4ts et peut \u00e9galement fournir de la chaleur aux b\u00e2timents qui ont \u00e9t\u00e9 endommag\u00e9s par une inondation.<\/p>\n<p>Le r\u00e9chauffeur contient un \u00e9changeur de chaleur \u00e0 haute efficacit\u00e9 (91%) et offre une temp\u00e9rature de sortie fixe (delta T) autour de 40-60\u00b0C fournissant une chaleur propre et s\u00e8che.<\/p>\n<p>La s\u00e9curit\u00e9 \u00e9tant une consid\u00e9ration primordiale, tous nos chauffages diesel \u00e0 combustion indirecte sont \u00e9quip\u00e9s en standard d&rsquo;une protection contre la surchauffe et d&rsquo;un thermostat.<\/p>\n<p>L&rsquo;unit\u00e9 est fournie sur des chariots l\u00e9gers pour faciliter la mobilit\u00e9 et permettre aux unit\u00e9s d&rsquo;\u00eatre facilement et discr\u00e8tement positionn\u00e9es.<\/p>\n","protected":false},"excerpt":{"rendered":"<p>Nous avons le plaisir de vous proposer une gamme puissante et avanc\u00e9e d&rsquo;appareils de chauffage diesel \u00e0 combustion indirecte disponibles \u00e0 la location. L&rsquo;IDF 70 est de conception compacte, tout en \u00e9tant extr\u00eamement flexible et durable. Ce chauffage est le moyen id\u00e9al, rapide et convivial de chauffer les usines, les ateliers, les produits agricoles, les &#8230; <a title=\"FDI 70\" class=\"read-more\" href=\"https:\/\/www.icscoolenergy.com\/fr\/fdi-70\/\" aria-label=\"En savoir plus sur FDI 70\">Lire la suite<\/a><\/p>\n","protected":false},"featured_media":106184,"comment_status":"closed","ping_status":"closed","template":"","meta":{"_acf_changed":false,"inline_featured_image":false,"_editorskit_title_hidden":false,"_editorskit_reading_time":0,"_editorskit_is_block_options_detached":false,"_editorskit_block_options_position":"{}","editor_plus_copied_stylings":"{}"},"product_brand":[],"product_cat":[1101,1105,1102,1111,1104,1100],"product_tag":[],"class_list":{"0":"post-121681","1":"product","2":"type-product","3":"status-publish","4":"has-post-thumbnail","6":"product_cat-location-de-chauffage","7":"product_cat-location-de-chauffage-dentrepot","8":"product_cat-location-de-chauffage-durgence","9":"product_cat-location-de-chauffages-indirects-au-diesel","10":"product_cat-location-temporaire-dappareils-de-chauffage","11":"product_cat-chauffage","13":"first","14":"instock","15":"shipping-taxable","16":"product-type-simple"},"acf":[],"yoast_head":"<!-- This site is optimized with the Yoast SEO Premium plugin v24.5 (Yoast SEO v26.9) - https:\/\/yoast.com\/product\/yoast-seo-premium-wordpress\/ -->\n<title>FDI 70 - French<\/title>\n<meta name=\"robots\" content=\"index, follow, max-snippet:-1, max-image-preview:large, max-video-preview:-1\" \/>\n<link rel=\"canonical\" href=\"https:\/\/www.icscoolenergy.com\/fr\/fdi-70\/\" \/>\n<meta property=\"og:locale\" content=\"fr_FR\" \/>\n<meta property=\"og:type\" content=\"article\" \/>\n<meta property=\"og:title\" content=\"FDI 70\" \/>\n<meta property=\"og:description\" content=\"Nous avons le plaisir de vous proposer une gamme puissante et avanc\u00e9e d&rsquo;appareils de chauffage diesel \u00e0 combustion indirecte disponibles \u00e0 la location. L&rsquo;IDF 70 est de conception compacte, tout en \u00e9tant extr\u00eamement flexible et durable. Ce chauffage est le moyen id\u00e9al, rapide et convivial de chauffer les usines, les ateliers, les produits agricoles, les ... Lire la suite\" \/>\n<meta property=\"og:url\" content=\"https:\/\/www.icscoolenergy.com\/fr\/fdi-70\/\" \/>\n<meta property=\"og:site_name\" content=\"French\" \/>\n<meta property=\"article:modified_time\" content=\"2024-06-06T11:03:09+00:00\" \/>\n<meta property=\"og:image\" content=\"https:\/\/www.icscoolenergy.com\/wp-content\/uploads\/sites\/2\/2024\/04\/IDF-70.png\" \/>\n\t<meta property=\"og:image:width\" content=\"560\" \/>\n\t<meta property=\"og:image:height\" content=\"420\" \/>\n\t<meta property=\"og:image:type\" content=\"image\/png\" \/>\n<meta name=\"twitter:card\" content=\"summary_large_image\" \/>\n<meta name=\"twitter:label1\" content=\"Est. reading time\" \/>\n\t<meta name=\"twitter:data1\" content=\"1 minute\" \/>\n<script type=\"application\/ld+json\" class=\"yoast-schema-graph\">{\"@context\":\"https:\/\/schema.org\",\"@graph\":[{\"@type\":\"WebPage\",\"@id\":\"https:\/\/www.icscoolenergy.com\/fr\/fdi-70\/\",\"url\":\"https:\/\/www.icscoolenergy.com\/fr\/fdi-70\/\",\"name\":\"FDI 70 - French\",\"isPartOf\":{\"@id\":\"https:\/\/www.icscoolenergy.com\/fr\/#website\"},\"primaryImageOfPage\":{\"@id\":\"https:\/\/www.icscoolenergy.com\/fr\/fdi-70\/#primaryimage\"},\"image\":{\"@id\":\"https:\/\/www.icscoolenergy.com\/fr\/fdi-70\/#primaryimage\"},\"thumbnailUrl\":\"https:\/\/www.icscoolenergy.com\/wp-content\/uploads\/sites\/2\/2024\/04\/IDF-70.png\",\"datePublished\":\"2024-04-22T08:53:50+00:00\",\"dateModified\":\"2024-06-06T11:03:09+00:00\",\"breadcrumb\":{\"@id\":\"https:\/\/www.icscoolenergy.com\/fr\/fdi-70\/#breadcrumb\"},\"inLanguage\":\"fr-FR\",\"potentialAction\":[{\"@type\":\"ReadAction\",\"target\":[\"https:\/\/www.icscoolenergy.com\/fr\/fdi-70\/\"]}]},{\"@type\":\"ImageObject\",\"inLanguage\":\"fr-FR\",\"@id\":\"https:\/\/www.icscoolenergy.com\/fr\/fdi-70\/#primaryimage\",\"url\":\"https:\/\/www.icscoolenergy.com\/wp-content\/uploads\/sites\/2\/2024\/04\/IDF-70.png\",\"contentUrl\":\"https:\/\/www.icscoolenergy.com\/wp-content\/uploads\/sites\/2\/2024\/04\/IDF-70.png\",\"width\":560,\"height\":420,\"caption\":\"Chauffage diesel indirect de 70 kW\"},{\"@type\":\"BreadcrumbList\",\"@id\":\"https:\/\/www.icscoolenergy.com\/fr\/fdi-70\/#breadcrumb\",\"itemListElement\":[{\"@type\":\"ListItem\",\"position\":1,\"name\":\"Home\",\"item\":\"https:\/\/www.icscoolenergy.com\/fr\/\"},{\"@type\":\"ListItem\",\"position\":2,\"name\":\"Boutique\",\"item\":\"https:\/\/www.icscoolenergy.com\/fr\/boutique\/\"},{\"@type\":\"ListItem\",\"position\":3,\"name\":\"FDI 70\"}]},{\"@type\":\"WebSite\",\"@id\":\"https:\/\/www.icscoolenergy.com\/fr\/#website\",\"url\":\"https:\/\/www.icscoolenergy.com\/fr\/\",\"name\":\"ICS Cool Energy\",\"description\":\"The Process Temperature Control Specialists\",\"publisher\":{\"@id\":\"https:\/\/www.icscoolenergy.com\/fr\/#organization\"},\"potentialAction\":[{\"@type\":\"SearchAction\",\"target\":{\"@type\":\"EntryPoint\",\"urlTemplate\":\"https:\/\/www.icscoolenergy.com\/fr\/?s={search_term_string}\"},\"query-input\":{\"@type\":\"PropertyValueSpecification\",\"valueRequired\":true,\"valueName\":\"search_term_string\"}}],\"inLanguage\":\"fr-FR\"},{\"@type\":\"Organization\",\"@id\":\"https:\/\/www.icscoolenergy.com\/fr\/#organization\",\"name\":\"ICS Cool Energy\",\"url\":\"https:\/\/www.icscoolenergy.com\/fr\/\",\"logo\":{\"@type\":\"ImageObject\",\"inLanguage\":\"fr-FR\",\"@id\":\"https:\/\/www.icscoolenergy.com\/fr\/#\/schema\/logo\/image\/\",\"url\":\"https:\/\/www.icscoolenergy.com\/wp-content\/uploads\/sites\/2\/2024\/01\/ics-cool-energy-logo.svg\",\"contentUrl\":\"https:\/\/www.icscoolenergy.com\/wp-content\/uploads\/sites\/2\/2024\/01\/ics-cool-energy-logo.svg\",\"caption\":\"ICS Cool Energy\"},\"image\":{\"@id\":\"https:\/\/www.icscoolenergy.com\/fr\/#\/schema\/logo\/image\/\"}}]}<\/script>\n<!-- \/ Yoast SEO Premium plugin. -->","yoast_head_json":{"title":"FDI 70 - French","robots":{"index":"index","follow":"follow","max-snippet":"max-snippet:-1","max-image-preview":"max-image-preview:large","max-video-preview":"max-video-preview:-1"},"canonical":"https:\/\/www.icscoolenergy.com\/fr\/fdi-70\/","og_locale":"fr_FR","og_type":"article","og_title":"FDI 70","og_description":"Nous avons le plaisir de vous proposer une gamme puissante et avanc\u00e9e d&rsquo;appareils de chauffage diesel \u00e0 combustion indirecte disponibles \u00e0 la location. L&rsquo;IDF 70 est de conception compacte, tout en \u00e9tant extr\u00eamement flexible et durable. Ce chauffage est le moyen id\u00e9al, rapide et convivial de chauffer les usines, les ateliers, les produits agricoles, les ... Lire la suite","og_url":"https:\/\/www.icscoolenergy.com\/fr\/fdi-70\/","og_site_name":"French","article_modified_time":"2024-06-06T11:03:09+00:00","og_image":[{"width":560,"height":420,"url":"https:\/\/www.icscoolenergy.com\/wp-content\/uploads\/sites\/2\/2024\/04\/IDF-70.png","type":"image\/png"}],"twitter_card":"summary_large_image","twitter_misc":{"Est. reading time":"1 minute"},"schema":{"@context":"https:\/\/schema.org","@graph":[{"@type":"WebPage","@id":"https:\/\/www.icscoolenergy.com\/fr\/fdi-70\/","url":"https:\/\/www.icscoolenergy.com\/fr\/fdi-70\/","name":"FDI 70 - French","isPartOf":{"@id":"https:\/\/www.icscoolenergy.com\/fr\/#website"},"primaryImageOfPage":{"@id":"https:\/\/www.icscoolenergy.com\/fr\/fdi-70\/#primaryimage"},"image":{"@id":"https:\/\/www.icscoolenergy.com\/fr\/fdi-70\/#primaryimage"},"thumbnailUrl":"https:\/\/www.icscoolenergy.com\/wp-content\/uploads\/sites\/2\/2024\/04\/IDF-70.png","datePublished":"2024-04-22T08:53:50+00:00","dateModified":"2024-06-06T11:03:09+00:00","breadcrumb":{"@id":"https:\/\/www.icscoolenergy.com\/fr\/fdi-70\/#breadcrumb"},"inLanguage":"fr-FR","potentialAction":[{"@type":"ReadAction","target":["https:\/\/www.icscoolenergy.com\/fr\/fdi-70\/"]}]},{"@type":"ImageObject","inLanguage":"fr-FR","@id":"https:\/\/www.icscoolenergy.com\/fr\/fdi-70\/#primaryimage","url":"https:\/\/www.icscoolenergy.com\/wp-content\/uploads\/sites\/2\/2024\/04\/IDF-70.png","contentUrl":"https:\/\/www.icscoolenergy.com\/wp-content\/uploads\/sites\/2\/2024\/04\/IDF-70.png","width":560,"height":420,"caption":"Chauffage diesel indirect de 70 kW"},{"@type":"BreadcrumbList","@id":"https:\/\/www.icscoolenergy.com\/fr\/fdi-70\/#breadcrumb","itemListElement":[{"@type":"ListItem","position":1,"name":"Home","item":"https:\/\/www.icscoolenergy.com\/fr\/"},{"@type":"ListItem","position":2,"name":"Boutique","item":"https:\/\/www.icscoolenergy.com\/fr\/boutique\/"},{"@type":"ListItem","position":3,"name":"FDI 70"}]},{"@type":"WebSite","@id":"https:\/\/www.icscoolenergy.com\/fr\/#website","url":"https:\/\/www.icscoolenergy.com\/fr\/","name":"ICS Cool Energy","description":"The Process Temperature Control Specialists","publisher":{"@id":"https:\/\/www.icscoolenergy.com\/fr\/#organization"},"potentialAction":[{"@type":"SearchAction","target":{"@type":"EntryPoint","urlTemplate":"https:\/\/www.icscoolenergy.com\/fr\/?s={search_term_string}"},"query-input":{"@type":"PropertyValueSpecification","valueRequired":true,"valueName":"search_term_string"}}],"inLanguage":"fr-FR"},{"@type":"Organization","@id":"https:\/\/www.icscoolenergy.com\/fr\/#organization","name":"ICS Cool Energy","url":"https:\/\/www.icscoolenergy.com\/fr\/","logo":{"@type":"ImageObject","inLanguage":"fr-FR","@id":"https:\/\/www.icscoolenergy.com\/fr\/#\/schema\/logo\/image\/","url":"https:\/\/www.icscoolenergy.com\/wp-content\/uploads\/sites\/2\/2024\/01\/ics-cool-energy-logo.svg","contentUrl":"https:\/\/www.icscoolenergy.com\/wp-content\/uploads\/sites\/2\/2024\/01\/ics-cool-energy-logo.svg","caption":"ICS Cool Energy"},"image":{"@id":"https:\/\/www.icscoolenergy.com\/fr\/#\/schema\/logo\/image\/"}}]}},"_links":{"self":[{"href":"https:\/\/www.icscoolenergy.com\/fr\/wp-json\/wp\/v2\/product\/121681","targetHints":{"allow":["GET"]}}],"collection":[{"href":"https:\/\/www.icscoolenergy.com\/fr\/wp-json\/wp\/v2\/product"}],"about":[{"href":"https:\/\/www.icscoolenergy.com\/fr\/wp-json\/wp\/v2\/types\/product"}],"replies":[{"embeddable":true,"href":"https:\/\/www.icscoolenergy.com\/fr\/wp-json\/wp\/v2\/comments?post=121681"}],"wp:featuredmedia":[{"embeddable":true,"href":"https:\/\/www.icscoolenergy.com\/fr\/wp-json\/wp\/v2\/media\/106184"}],"wp:attachment":[{"href":"https:\/\/www.icscoolenergy.com\/fr\/wp-json\/wp\/v2\/media?parent=121681"}],"wp:term":[{"taxonomy":"product_brand","embeddable":true,"href":"https:\/\/www.icscoolenergy.com\/fr\/wp-json\/wp\/v2\/product_brand?post=121681"},{"taxonomy":"product_cat","embeddable":true,"href":"https:\/\/www.icscoolenergy.com\/fr\/wp-json\/wp\/v2\/product_cat?post=121681"},{"taxonomy":"product_tag","embeddable":true,"href":"https:\/\/www.icscoolenergy.com\/fr\/wp-json\/wp\/v2\/product_tag?post=121681"}],"curies":[{"name":"wp","href":"https:\/\/api.w.org\/{rel}","templated":true}]}}