 
{"id":86263,"date":"2024-05-21T15:42:45","date_gmt":"2024-05-21T15:42:45","guid":{"rendered":"https:\/\/www.icscoolenergy.com\/hu\/furner-romania\/"},"modified":"2024-11-30T12:04:26","modified_gmt":"2024-11-30T12:04:26","slug":"furner-romania","status":"publish","type":"page","link":"https:\/\/www.icscoolenergy.com\/hu\/furner-romania\/","title":{"rendered":"Furn\u00e9r Rom\u00e1nia"},"content":{"rendered":"<div class=\"xs:pl-12 md:pl-28 pl-28 mb-0 wp-block-cover alignfull is-light eplus-wrapper eplus-styles-uid-f4cc7d\" style=\"margin-top:0;min-height:70vh;aspect-ratio:unset;\"><span aria-hidden=\"true\" class=\"wp-block-cover__background has-background-dim-100 has-background-dim wp-block-cover__gradient-background has-background-gradient\" style=\"background-color:#FFF;background:linear-gradient(145deg,rgb(49,47,95) 0%,rgba(49,46,94,0) 100%)\"><\/span><video class=\"wp-block-cover__video-background intrinsic-ignore\" autoplay muted loop playsinline src=\"https:\/\/www.icscoolenergy.com\/hu\/wp-content\/\/uploads\/2024\/05\/ICS-Cool-Energy-Web-Banner-v3-compressed.mp4\" data-object-fit=\"cover\"><\/video><div class=\"wp-block-cover__inner-container is-layout-flow wp-block-cover-is-layout-flow\">\n<div class=\"xs:w-full sm:w-11\/12 md:w-4\/5 lg:w-3\/4 xl:w-1\/3 mb-0 wp-block-group eplus-wrapper is-layout-flow wp-block-group-is-layout-flow\">\n<h1 class=\"wp-block-heading has-text-align-left has-base-3-color has-text-color has-link-color eplus-wrapper wp-elements-fca43fc84726e595b55e5947306404bc\"><strong>SPECIALISTI IN CONTROLUL TEMPERATURII DE PROCES.<\/strong><\/h1>\n\n\n\n<h3 class=\"wp-block-heading has-white-color has-text-color has-link-color eplus-wrapper wp-elements-4e7b0ce70811d3b9d9838ee85150a676\"><strong>Bun venit la ICS Cool Energy<\/strong><\/h3>\n\n\n<p class=\"has-light-color has-text-color has-link-color eplus-wrapper wp-elements-de19a79289588740ac76977ff32021ef eplus-styles-uid-f2a92b\">Partenerul dvs. De \u00eencredere pentru procese de r\u0103cire, \u00eenc\u0103lzire \u0219i depozitare la rece de \u00eenalt\u0103 performan\u021b\u0103, eficient\u0103 energetic \u0219i fiabile. <\/p>\n\n\n<div class=\"wp-block-buttons eplus-wrapper is-layout-flex wp-block-buttons-is-layout-flex\"><div class=\"is-style-fill wp-block-button eplus-wrapper eplus-styles-uid-73aa94\"><a class=\"wp-block-button__link has-background wp-element-button\" href=\"tel:+40213086420\" style=\"background-color:#ef4138\">+40213086420<\/a><\/div><\/div>\n<\/div>\n<\/div><\/div>\n<div class=\"wp-block-group has-white-background-color has-background eplus-wrapper is-layout-constrained wp-container-core-group-is-layout-806bf311 wp-block-group-is-layout-constrained\">\n<div class=\"wp-block-group eplus-wrapper is-layout-flow wp-block-group-is-layout-flow\"><div class=\"md:px-28 xs:px-12 wp-block-columns eplus-wrapper is-layout-flex wp-container-core-columns-is-layout-9d6595d7 wp-block-columns-is-layout-flex eplus-styles-uid-200362\">\n<div class=\"wp-block-column eplus-wrapper is-layout-flow wp-block-column-is-layout-flow\">\n<div style=\"height:50px\" aria-hidden=\"true\" class=\" wp-block-spacer eplus-wrapper\"><\/div>\n\n\n\n<h2 class=\" wp-block-heading has-text-align-center eplus-wrapper\">DESPRE NOI<\/h2>\n\n\n\n<p class=\" has-text-align-center eplus-wrapper\">ICS Cool Energy este partenerul dumneavoastr\u0103 de \u00eencredere \u00een procesele de r\u0103cire, \u00eenc\u0103lzire \u0219i depozitare la rece, cu peste 40 de ani de experien\u021b\u0103 \u00een solu\u021bii de control al temperaturii<\/p>\n<\/div>\n<\/div><\/div>\n\n\n\n<div style=\"height:60px\" aria-hidden=\"true\" class=\" wp-block-spacer eplus-wrapper\"><\/div>\n\n\n\n<div class=\"wp-block-group eplus-wrapper is-layout-flow wp-block-group-is-layout-flow\"><div class=\"items-center md:flex xs:grid wp-block-columns eplus-wrapper is-layout-flex wp-container-core-columns-is-layout-9d6595d7 wp-block-columns-is-layout-flex eplus-styles-uid-381c3f\">\n<div class=\"xs:order-2 md:order-2 xs:w-full md:w-6\/12 xs:mb-12 md:mb-0 wp-block-column eplus-wrapper is-layout-flow wp-block-column-is-layout-flow\">\n<figure class=\" wp-block-image size-full is-resized eplus-wrapper\"><img loading=\"lazy\" decoding=\"async\" width=\"720\" height=\"567\" src=\"https:\/\/www.icscoolenergy.com\/hu\/wp-content\/uploads\/sites\/10\/2024\/04\/Project-management.jpg\" alt=\"Teljes k\u00f6r\u0171 projektmenedzsment\" class=\"wp-image-79826\" style=\"width:720px\" srcset=\"https:\/\/www.icscoolenergy.com\/wp-content\/uploads\/sites\/10\/2024\/04\/Project-management.jpg 720w, https:\/\/www.icscoolenergy.com\/wp-content\/uploads\/sites\/10\/2024\/04\/Project-management-300x236.jpg 300w, https:\/\/www.icscoolenergy.com\/wp-content\/uploads\/sites\/10\/2024\/04\/Project-management-50x39.jpg 50w, https:\/\/www.icscoolenergy.com\/wp-content\/uploads\/sites\/10\/2024\/04\/Project-management-600x473.jpg 600w\" sizes=\"auto, (max-width: 720px) 100vw, 720px\" \/><\/figure>\n<\/div>\n\n\n\n<div class=\"xs:order-1 md:order-1 xs:w-full md:w-6\/12 wp-block-column eplus-wrapper is-layout-flow wp-block-column-is-layout-flow\">\n<p class=\" eplus-wrapper\">Producem \u0219i men\u021binem solu\u021bii de r\u0103cire a procesului, \u00eenc\u0103lzire a procesului, control al temperaturii \u0219i r\u0103cire confortabil\u0103 pentru a \u00eembun\u0103t\u0103\u021bi produc\u021bia, a reduce costurile \u0219i impactul asupra mediului. Cu expertiza noastr\u0103 \u00een inginerie \u0219i devotamentul pentru satisfac\u021bia clien\u021bilor, proiect\u0103m toate solu\u021biile de \u00eenc\u0103lzire, r\u0103cire \u0219i \u00eentre\u021binere pentru a satisface nevoile individuale ale loca\u021biei \u0219i procesului. <\/p>\n\n\n\n<p class=\" eplus-wrapper\">De la teste mici de cercetare \u0219i dezvoltare de 1 kW, p\u00e2n\u0103 la proiecte de r\u0103cire cu mai mul\u021bi megawa\u021bi, oferim r\u0103citoare de lichid mari \u0219i mici (r\u0103cite cu aer \u0219i ap\u0103), pompe de c\u0103ldur\u0103 \u0219i unit\u0103\u021bi de temperatur\u0103 ultra-joas\u0103, cu cea mai recent\u0103 tehnologie eficient\u0103 din punct de vedere energetic.<\/p>\n<\/div>\n<\/div><\/div>\n\n\n\n<div style=\"height:60px\" aria-hidden=\"true\" class=\" wp-block-spacer eplus-wrapper\"><\/div>\n\n\n\n<div class=\"mb-20 wp-block-group eplus-wrapper is-layout-flow wp-block-group-is-layout-flow\"><div class=\"is-not-stacked-on-mobile xs:p-8 sm:p-12 rounded-2xl items-center md:flex xs:grid wp-block-columns has-background eplus-wrapper is-layout-flex wp-container-core-columns-is-layout-9d6595d7 wp-block-columns-is-layout-flex eplus-styles-uid-194b53\" style=\"background-color:#222143\">\n<div class=\"xs:order-2 md:order-1 xs:w-full md:w-6\/12 wp-block-column eplus-wrapper is-layout-flow wp-block-column-is-layout-flow\">\n<h2 class=\"wp-block-heading has-white-color has-text-color has-link-color eplus-wrapper wp-elements-9307b4bdab1ac5869466ef82c2acd957\">CONTACTA\u0162I-NE<\/h2>\n\n\n\n<p class=\"has-light-color has-text-color has-link-color eplus-wrapper wp-elements-f742e51d3773fd18372e8d0bac8e482e\">Strada C\u0103uza\u0219i<br>22B<br>Bukaresti<br>030802<\/p>\n\n\n\n<div class=\"wp-block-buttons eplus-wrapper is-layout-flex wp-block-buttons-is-layout-flex\"><div class=\"is-style-fill wp-block-button eplus-wrapper eplus-styles-uid-14b067\"><a class=\"wp-block-button__link has-background wp-element-button\" href=\"tel:+40213086420\" style=\"background-color:#ef4138\">+40213086420<\/a><\/div><\/div>\n<\/div>\n\n\n\n<div class=\"xs:order-1 md:order-2 xs:w-full md:w-6\/12 wp-block-column eplus-wrapper is-layout-flow wp-block-column-is-layout-flow\">\n<figure class=\"ek-rounded-lg wp-block-image size-full eplus-wrapper\"><img loading=\"lazy\" decoding=\"async\" width=\"2011\" height=\"1342\" src=\"https:\/\/www.icscoolenergy.com\/hu\/wp-content\/\/uploads\/2024\/05\/Chiller-Testing-1.jpg\" alt=\"\" class=\"wp-image-79310\"><\/figure>\n<\/div>\n<\/div><\/div>\n\n\n\n<div style=\"height:60px\" aria-hidden=\"true\" class=\" wp-block-spacer eplus-wrapper\"><\/div>\n<\/div>\n","protected":false},"excerpt":{"rendered":"<p>DESPRE NOI ICS Cool Energy este partenerul dumneavoastr\u0103 de \u00eencredere \u00een procesele de r\u0103cire, \u00eenc\u0103lzire \u0219i depozitare la rece, cu peste 40 de ani de experien\u021b\u0103 \u00een solu\u021bii de control al temperaturii Producem \u0219i men\u021binem solu\u021bii de r\u0103cire a procesului, \u00eenc\u0103lzire a procesului, control al temperaturii \u0219i r\u0103cire confortabil\u0103 pentru a \u00eembun\u0103t\u0103\u021bi produc\u021bia, a reduce &#8230; <a title=\"Furn\u00e9r Rom\u00e1nia\" class=\"read-more\" href=\"https:\/\/www.icscoolenergy.com\/hu\/furner-romania\/\" aria-label=\"More on Furn\u00e9r Rom\u00e1nia\">Read more<\/a><\/p>\n","protected":false},"author":8,"featured_media":0,"parent":0,"menu_order":0,"comment_status":"closed","ping_status":"closed","template":"","meta":{"_acf_changed":false,"inline_featured_image":false,"_editorskit_title_hidden":false,"_editorskit_reading_time":0,"_editorskit_is_block_options_detached":false,"_editorskit_block_options_position":"{}","editor_plus_copied_stylings":"{}","footnotes":""},"class_list":["post-86263","page","type-page","status-publish"],"acf":[],"yoast_head":"<!-- This site is optimized with the Yoast SEO Premium plugin v24.5 (Yoast SEO v26.9) - https:\/\/yoast.com\/product\/yoast-seo-premium-wordpress\/ -->\n<title>\u00dcdv\u00f6z\u00f6lj\u00fck az ICS Cool Energy oldal\u00e1n<\/title>\n<meta name=\"description\" content=\"Az \u00d6n megb\u00edzhat\u00f3 partnere a nagy teljes\u00edtm\u00e9ny\u0171, energiahat\u00e9kony \u00e9s megb\u00edzhat\u00f3 folyamath\u0171t\u00e9s, f\u0171t\u00e9s \u00e9s h\u0171t\u0151t\u00e1rol\u00e1s ter\u00e9n.\" \/>\n<meta name=\"robots\" content=\"index, follow, max-snippet:-1, max-image-preview:large, max-video-preview:-1\" \/>\n<link rel=\"canonical\" href=\"https:\/\/www.icscoolenergy.com\/hu\/furner-romania\/\" \/>\n<meta property=\"og:locale\" content=\"hu_HU\" \/>\n<meta property=\"og:type\" content=\"article\" \/>\n<meta property=\"og:title\" content=\"Furn\u00e9r Rom\u00e1nia\" \/>\n<meta property=\"og:description\" content=\"Az \u00d6n megb\u00edzhat\u00f3 partnere a nagy teljes\u00edtm\u00e9ny\u0171, energiahat\u00e9kony \u00e9s megb\u00edzhat\u00f3 folyamath\u0171t\u00e9s, f\u0171t\u00e9s \u00e9s h\u0171t\u0151t\u00e1rol\u00e1s ter\u00e9n.\" \/>\n<meta property=\"og:url\" content=\"https:\/\/www.icscoolenergy.com\/hu\/furner-romania\/\" \/>\n<meta property=\"og:site_name\" content=\"Hungary\" \/>\n<meta property=\"article:modified_time\" content=\"2024-11-30T12:04:26+00:00\" \/>\n<meta property=\"og:image\" content=\"https:\/\/www.icscoolenergy.com\/hu\/wp-content\/uploads\/sites\/10\/2024\/04\/Project-management.jpg\" \/>\n<meta name=\"twitter:card\" content=\"summary_large_image\" \/>\n<meta name=\"twitter:label1\" content=\"Est. reading time\" \/>\n\t<meta name=\"twitter:data1\" content=\"1 perc\" \/>\n<script type=\"application\/ld+json\" class=\"yoast-schema-graph\">{\"@context\":\"https:\/\/schema.org\",\"@graph\":[{\"@type\":\"WebPage\",\"@id\":\"https:\/\/www.icscoolenergy.com\/hu\/furner-romania\/\",\"url\":\"https:\/\/www.icscoolenergy.com\/hu\/furner-romania\/\",\"name\":\"\u00dcdv\u00f6z\u00f6lj\u00fck az ICS Cool Energy oldal\u00e1n\",\"isPartOf\":{\"@id\":\"https:\/\/www.icscoolenergy.com\/hu\/#website\"},\"primaryImageOfPage\":{\"@id\":\"https:\/\/www.icscoolenergy.com\/hu\/furner-romania\/#primaryimage\"},\"image\":{\"@id\":\"https:\/\/www.icscoolenergy.com\/hu\/furner-romania\/#primaryimage\"},\"thumbnailUrl\":\"https:\/\/www.icscoolenergy.com\/hu\/wp-content\/uploads\/sites\/10\/2024\/04\/Project-management.jpg\",\"datePublished\":\"2024-05-21T15:42:45+00:00\",\"dateModified\":\"2024-11-30T12:04:26+00:00\",\"description\":\"Az \u00d6n megb\u00edzhat\u00f3 partnere a nagy teljes\u00edtm\u00e9ny\u0171, energiahat\u00e9kony \u00e9s megb\u00edzhat\u00f3 folyamath\u0171t\u00e9s, f\u0171t\u00e9s \u00e9s h\u0171t\u0151t\u00e1rol\u00e1s ter\u00e9n.\",\"breadcrumb\":{\"@id\":\"https:\/\/www.icscoolenergy.com\/hu\/furner-romania\/#breadcrumb\"},\"inLanguage\":\"hu\",\"potentialAction\":[{\"@type\":\"ReadAction\",\"target\":[\"https:\/\/www.icscoolenergy.com\/hu\/furner-romania\/\"]}]},{\"@type\":\"ImageObject\",\"inLanguage\":\"hu\",\"@id\":\"https:\/\/www.icscoolenergy.com\/hu\/furner-romania\/#primaryimage\",\"url\":\"https:\/\/www.icscoolenergy.com\/wp-content\/uploads\/sites\/10\/2024\/04\/Project-management.jpg\",\"contentUrl\":\"https:\/\/www.icscoolenergy.com\/wp-content\/uploads\/sites\/10\/2024\/04\/Project-management.jpg\",\"width\":720,\"height\":567,\"caption\":\"Full project management\"},{\"@type\":\"BreadcrumbList\",\"@id\":\"https:\/\/www.icscoolenergy.com\/hu\/furner-romania\/#breadcrumb\",\"itemListElement\":[{\"@type\":\"ListItem\",\"position\":1,\"name\":\"Home\",\"item\":\"https:\/\/www.icscoolenergy.com\/hu\/\"},{\"@type\":\"ListItem\",\"position\":2,\"name\":\"Furn\u00e9r Rom\u00e1nia\"}]},{\"@type\":\"WebSite\",\"@id\":\"https:\/\/www.icscoolenergy.com\/hu\/#website\",\"url\":\"https:\/\/www.icscoolenergy.com\/hu\/\",\"name\":\"ICS Cool Energy\",\"description\":\"The Process Temperature Control Specialists\",\"publisher\":{\"@id\":\"https:\/\/www.icscoolenergy.com\/hu\/#organization\"},\"alternateName\":\"ICS\",\"potentialAction\":[{\"@type\":\"SearchAction\",\"target\":{\"@type\":\"EntryPoint\",\"urlTemplate\":\"https:\/\/www.icscoolenergy.com\/hu\/?s={search_term_string}\"},\"query-input\":{\"@type\":\"PropertyValueSpecification\",\"valueRequired\":true,\"valueName\":\"search_term_string\"}}],\"inLanguage\":\"hu\"},{\"@type\":\"Organization\",\"@id\":\"https:\/\/www.icscoolenergy.com\/hu\/#organization\",\"name\":\"ICS Cool Energy\",\"url\":\"https:\/\/www.icscoolenergy.com\/hu\/\",\"logo\":{\"@type\":\"ImageObject\",\"inLanguage\":\"hu\",\"@id\":\"https:\/\/www.icscoolenergy.com\/hu\/#\/schema\/logo\/image\/\",\"url\":\"https:\/\/www.icscoolenergy.com\/wp-content\/uploads\/sites\/10\/2024\/01\/ics-cool-energy-logo.svg\",\"contentUrl\":\"https:\/\/www.icscoolenergy.com\/wp-content\/uploads\/sites\/10\/2024\/01\/ics-cool-energy-logo.svg\",\"caption\":\"ICS Cool Energy\"},\"image\":{\"@id\":\"https:\/\/www.icscoolenergy.com\/hu\/#\/schema\/logo\/image\/\"},\"sameAs\":[\"https:\/\/www.linkedin.com\/company\/ics-temperature-control\/\",\"https:\/\/www.youtube.com\/@ICSCoolEnergyLtd\"],\"description\":\"ICS Cool Energy is a market leader for process and critical temperature control solutions that keep all types and sizes of businesses and industry running. Our headquarters are situated in Southampton, with offices throughout the UK and Europe, employing over 250 people in the UK alone.\",\"email\":\"info@icscoolenergy.com\",\"telephone\":\"0800 840 4210\",\"legalName\":\"ICS Cool Energy Limited\",\"numberOfEmployees\":{\"@type\":\"QuantitativeValue\",\"minValue\":\"201\",\"maxValue\":\"500\"}}]}<\/script>\n<!-- \/ Yoast SEO Premium plugin. -->","yoast_head_json":{"title":"\u00dcdv\u00f6z\u00f6lj\u00fck az ICS Cool Energy oldal\u00e1n","description":"Az \u00d6n megb\u00edzhat\u00f3 partnere a nagy teljes\u00edtm\u00e9ny\u0171, energiahat\u00e9kony \u00e9s megb\u00edzhat\u00f3 folyamath\u0171t\u00e9s, f\u0171t\u00e9s \u00e9s h\u0171t\u0151t\u00e1rol\u00e1s ter\u00e9n.","robots":{"index":"index","follow":"follow","max-snippet":"max-snippet:-1","max-image-preview":"max-image-preview:large","max-video-preview":"max-video-preview:-1"},"canonical":"https:\/\/www.icscoolenergy.com\/hu\/furner-romania\/","og_locale":"hu_HU","og_type":"article","og_title":"Furn\u00e9r Rom\u00e1nia","og_description":"Az \u00d6n megb\u00edzhat\u00f3 partnere a nagy teljes\u00edtm\u00e9ny\u0171, energiahat\u00e9kony \u00e9s megb\u00edzhat\u00f3 folyamath\u0171t\u00e9s, f\u0171t\u00e9s \u00e9s h\u0171t\u0151t\u00e1rol\u00e1s ter\u00e9n.","og_url":"https:\/\/www.icscoolenergy.com\/hu\/furner-romania\/","og_site_name":"Hungary","article_modified_time":"2024-11-30T12:04:26+00:00","og_image":[{"url":"https:\/\/www.icscoolenergy.com\/hu\/wp-content\/uploads\/sites\/10\/2024\/04\/Project-management.jpg","type":"","width":"","height":""}],"twitter_card":"summary_large_image","twitter_misc":{"Est. reading time":"1 perc"},"schema":{"@context":"https:\/\/schema.org","@graph":[{"@type":"WebPage","@id":"https:\/\/www.icscoolenergy.com\/hu\/furner-romania\/","url":"https:\/\/www.icscoolenergy.com\/hu\/furner-romania\/","name":"\u00dcdv\u00f6z\u00f6lj\u00fck az ICS Cool Energy oldal\u00e1n","isPartOf":{"@id":"https:\/\/www.icscoolenergy.com\/hu\/#website"},"primaryImageOfPage":{"@id":"https:\/\/www.icscoolenergy.com\/hu\/furner-romania\/#primaryimage"},"image":{"@id":"https:\/\/www.icscoolenergy.com\/hu\/furner-romania\/#primaryimage"},"thumbnailUrl":"https:\/\/www.icscoolenergy.com\/hu\/wp-content\/uploads\/sites\/10\/2024\/04\/Project-management.jpg","datePublished":"2024-05-21T15:42:45+00:00","dateModified":"2024-11-30T12:04:26+00:00","description":"Az \u00d6n megb\u00edzhat\u00f3 partnere a nagy teljes\u00edtm\u00e9ny\u0171, energiahat\u00e9kony \u00e9s megb\u00edzhat\u00f3 folyamath\u0171t\u00e9s, f\u0171t\u00e9s \u00e9s h\u0171t\u0151t\u00e1rol\u00e1s ter\u00e9n.","breadcrumb":{"@id":"https:\/\/www.icscoolenergy.com\/hu\/furner-romania\/#breadcrumb"},"inLanguage":"hu","potentialAction":[{"@type":"ReadAction","target":["https:\/\/www.icscoolenergy.com\/hu\/furner-romania\/"]}]},{"@type":"ImageObject","inLanguage":"hu","@id":"https:\/\/www.icscoolenergy.com\/hu\/furner-romania\/#primaryimage","url":"https:\/\/www.icscoolenergy.com\/wp-content\/uploads\/sites\/10\/2024\/04\/Project-management.jpg","contentUrl":"https:\/\/www.icscoolenergy.com\/wp-content\/uploads\/sites\/10\/2024\/04\/Project-management.jpg","width":720,"height":567,"caption":"Full project management"},{"@type":"BreadcrumbList","@id":"https:\/\/www.icscoolenergy.com\/hu\/furner-romania\/#breadcrumb","itemListElement":[{"@type":"ListItem","position":1,"name":"Home","item":"https:\/\/www.icscoolenergy.com\/hu\/"},{"@type":"ListItem","position":2,"name":"Furn\u00e9r Rom\u00e1nia"}]},{"@type":"WebSite","@id":"https:\/\/www.icscoolenergy.com\/hu\/#website","url":"https:\/\/www.icscoolenergy.com\/hu\/","name":"ICS Cool Energy","description":"The Process Temperature Control Specialists","publisher":{"@id":"https:\/\/www.icscoolenergy.com\/hu\/#organization"},"alternateName":"ICS","potentialAction":[{"@type":"SearchAction","target":{"@type":"EntryPoint","urlTemplate":"https:\/\/www.icscoolenergy.com\/hu\/?s={search_term_string}"},"query-input":{"@type":"PropertyValueSpecification","valueRequired":true,"valueName":"search_term_string"}}],"inLanguage":"hu"},{"@type":"Organization","@id":"https:\/\/www.icscoolenergy.com\/hu\/#organization","name":"ICS Cool Energy","url":"https:\/\/www.icscoolenergy.com\/hu\/","logo":{"@type":"ImageObject","inLanguage":"hu","@id":"https:\/\/www.icscoolenergy.com\/hu\/#\/schema\/logo\/image\/","url":"https:\/\/www.icscoolenergy.com\/wp-content\/uploads\/sites\/10\/2024\/01\/ics-cool-energy-logo.svg","contentUrl":"https:\/\/www.icscoolenergy.com\/wp-content\/uploads\/sites\/10\/2024\/01\/ics-cool-energy-logo.svg","caption":"ICS Cool Energy"},"image":{"@id":"https:\/\/www.icscoolenergy.com\/hu\/#\/schema\/logo\/image\/"},"sameAs":["https:\/\/www.linkedin.com\/company\/ics-temperature-control\/","https:\/\/www.youtube.com\/@ICSCoolEnergyLtd"],"description":"ICS Cool Energy is a market leader for process and critical temperature control solutions that keep all types and sizes of businesses and industry running. Our headquarters are situated in Southampton, with offices throughout the UK and Europe, employing over 250 people in the UK alone.","email":"info@icscoolenergy.com","telephone":"0800 840 4210","legalName":"ICS Cool Energy Limited","numberOfEmployees":{"@type":"QuantitativeValue","minValue":"201","maxValue":"500"}}]}},"_links":{"self":[{"href":"https:\/\/www.icscoolenergy.com\/hu\/wp-json\/wp\/v2\/pages\/86263","targetHints":{"allow":["GET"]}}],"collection":[{"href":"https:\/\/www.icscoolenergy.com\/hu\/wp-json\/wp\/v2\/pages"}],"about":[{"href":"https:\/\/www.icscoolenergy.com\/hu\/wp-json\/wp\/v2\/types\/page"}],"author":[{"embeddable":true,"href":"https:\/\/www.icscoolenergy.com\/hu\/wp-json\/wp\/v2\/users\/8"}],"replies":[{"embeddable":true,"href":"https:\/\/www.icscoolenergy.com\/hu\/wp-json\/wp\/v2\/comments?post=86263"}],"version-history":[{"count":0,"href":"https:\/\/www.icscoolenergy.com\/hu\/wp-json\/wp\/v2\/pages\/86263\/revisions"}],"wp:attachment":[{"href":"https:\/\/www.icscoolenergy.com\/hu\/wp-json\/wp\/v2\/media?parent=86263"}],"curies":[{"name":"wp","href":"https:\/\/api.w.org\/{rel}","templated":true}]}}