 
{"id":86265,"date":"2024-05-21T14:58:54","date_gmt":"2024-05-21T14:58:54","guid":{"rendered":"https:\/\/www.icscoolenergy.com\/hu\/furner-torokorszag\/"},"modified":"2024-11-30T12:04:23","modified_gmt":"2024-11-30T12:04:23","slug":"furner-torokorszag","status":"publish","type":"page","link":"https:\/\/www.icscoolenergy.com\/hu\/furner-torokorszag\/","title":{"rendered":"Furn\u00e9r, T\u00f6r\u00f6korsz\u00e1g"},"content":{"rendered":"<div class=\"xs:pl-12 md:pl-28 pl-28 mb-0 wp-block-cover alignfull is-light eplus-wrapper eplus-styles-uid-f4cc7d\" style=\"margin-top:0;min-height:70vh;aspect-ratio:unset;\"><span aria-hidden=\"true\" class=\"wp-block-cover__background has-background-dim-100 has-background-dim wp-block-cover__gradient-background has-background-gradient\" style=\"background-color:#FFF;background:linear-gradient(145deg,rgb(49,47,95) 0%,rgba(49,46,94,0) 100%)\"><\/span><video class=\"wp-block-cover__video-background intrinsic-ignore\" autoplay muted loop playsinline src=\"https:\/\/www.icscoolenergy.com\/hu\/wp-content\/\/uploads\/2024\/05\/ICS-Cool-Energy-Web-Banner-v3-compressed.mp4\" data-object-fit=\"cover\"><\/video><div class=\"wp-block-cover__inner-container is-layout-flow wp-block-cover-is-layout-flow\">\n<div class=\"xs:w-full sm:w-11\/12 md:w-4\/5 lg:w-3\/4 xl:w-1\/3 mb-0 wp-block-group eplus-wrapper is-layout-flow wp-block-group-is-layout-flow\">\n<h1 class=\"wp-block-heading has-text-align-left has-base-3-color has-text-color has-link-color eplus-wrapper wp-elements-f2bb2ce8d16d14d38bfbed161747fdb1\"><strong>PR\u00d3Z\u00c1K SICAKLIK KONTROL UZMANLARI.<\/strong><\/h1>\n\n\n\n<h3 class=\"wp-block-heading has-white-color has-text-color has-link-color eplus-wrapper wp-elements-6234d504074c2832f08096d9b5cc1f1a\"><strong>ICS Cool Energy&#8217;ye Ho\u015f Geldiniz<\/strong><\/h3>\n\n\n\n<p class=\"has-text-align-left has-base-3-color has-text-color has-link-color eplus-wrapper wp-elements-f9b2e4cf9ecc2d482fd523634f53148d\">Y\u00fcksek performansl\u0131, enerji tasarruflu ve g\u00fcvenilir proses so\u011futma, \u0131s\u0131tma ve so\u011fuk depolama i\u00e7in g\u00fcvenilir orta\u011f\u0131n\u0131z.<\/p>\n\n\n\n<div class=\"wp-block-buttons eplus-wrapper is-layout-flex wp-block-buttons-is-layout-flex\"><div class=\"is-style-fill wp-block-button eplus-wrapper eplus-styles-uid-5a40dd\"><a class=\"wp-block-button__link has-background wp-element-button\" href=\"tel:+902164443954\" style=\"background-color:#ef4138\">+90 216 444 39 54<\/a><\/div><\/div>\n<\/div>\n<\/div><\/div>\n<div class=\"wp-block-group has-white-background-color has-background eplus-wrapper is-layout-constrained wp-container-core-group-is-layout-806bf311 wp-block-group-is-layout-constrained\">\n<div class=\"wp-block-group eplus-wrapper is-layout-flow wp-block-group-is-layout-flow\"><div class=\"md:px-28 xs:px-12 wp-block-columns eplus-wrapper is-layout-flex wp-container-core-columns-is-layout-9d6595d7 wp-block-columns-is-layout-flex eplus-styles-uid-cb8d12\">\n<div class=\"wp-block-column eplus-wrapper is-layout-flow wp-block-column-is-layout-flow\">\n<div style=\"height:50px\" aria-hidden=\"true\" class=\" wp-block-spacer eplus-wrapper\"><\/div>\n\n\n\n<h2 class=\" wp-block-heading has-text-align-center eplus-wrapper\">HAKKIMIZDA<\/h2>\n\n\n\n<p class=\" has-text-align-center eplus-wrapper\">ICS Cool Energy, s\u0131cakl\u0131k kontrol \u00e7\u00f6z\u00fcmlerinde 40 y\u0131l\u0131 a\u015fk\u0131n deneyimiyle proses so\u011futma, \u0131s\u0131tma ve so\u011fuk depolama alan\u0131nda g\u00fcvenilir orta\u011f\u0131n\u0131zd\u0131r<\/p>\n<\/div>\n<\/div><\/div>\n\n\n\n<div style=\"height:60px\" aria-hidden=\"true\" class=\" wp-block-spacer eplus-wrapper\"><\/div>\n\n\n\n<div class=\"wp-block-group eplus-wrapper is-layout-flow wp-block-group-is-layout-flow\"><div class=\"items-center md:flex xs:grid wp-block-columns eplus-wrapper is-layout-flex wp-container-core-columns-is-layout-9d6595d7 wp-block-columns-is-layout-flex eplus-styles-uid-c318b9\">\n<div class=\"xs:order-2 md:order-2 xs:w-full md:w-6\/12 xs:mb-12 md:mb-0 wp-block-column eplus-wrapper is-layout-flow wp-block-column-is-layout-flow\">\n<figure class=\" wp-block-image size-full is-resized eplus-wrapper\"><img loading=\"lazy\" decoding=\"async\" width=\"720\" height=\"567\" src=\"https:\/\/www.icscoolenergy.com\/hu\/wp-content\/uploads\/sites\/10\/2024\/04\/Project-management.jpg\" alt=\"Teljes k\u00f6r\u0171 projektmenedzsment\" class=\"wp-image-79826\" style=\"width:720px\" srcset=\"https:\/\/www.icscoolenergy.com\/wp-content\/uploads\/sites\/10\/2024\/04\/Project-management.jpg 720w, https:\/\/www.icscoolenergy.com\/wp-content\/uploads\/sites\/10\/2024\/04\/Project-management-300x236.jpg 300w, https:\/\/www.icscoolenergy.com\/wp-content\/uploads\/sites\/10\/2024\/04\/Project-management-50x39.jpg 50w, https:\/\/www.icscoolenergy.com\/wp-content\/uploads\/sites\/10\/2024\/04\/Project-management-600x473.jpg 600w\" sizes=\"auto, (max-width: 720px) 100vw, 720px\" \/><\/figure>\n<\/div>\n\n\n\n<div class=\"xs:order-1 md:order-1 xs:w-full md:w-6\/12 wp-block-column eplus-wrapper is-layout-flow wp-block-column-is-layout-flow\">\n<p class=\" eplus-wrapper\">\u00dcretimi iyile\u015ftirmek, maliyetleri ve \u00e7evresel etkiyi azaltmak i\u00e7in proses so\u011futma, proses \u0131s\u0131tma, s\u0131cakl\u0131k kontrol\u00fc ve konfor so\u011futma \u00e7\u00f6z\u00fcmleri \u00fcretiyor ve bak\u0131m\u0131n\u0131 yap\u0131yoruz. M\u00fchendislik uzmanl\u0131\u011f\u0131m\u0131z ve m\u00fc\u015fteri memnuniyetine olan ba\u011fl\u0131l\u0131\u011f\u0131m\u0131zla, t\u00fcm \u0131s\u0131tma, so\u011futma ve bak\u0131m \u00e7\u00f6z\u00fcmlerini, bireysel saha ve proses ihtiya\u00e7lar\u0131n\u0131 kar\u015f\u0131layacak \u015fekilde tasarl\u0131yoruz. <\/p>\n\n\n\n<p class=\" eplus-wrapper\">1 kW&#8217;l\u0131k k\u00fc\u00e7\u00fck Ar-Ge denemelerinden multi megavatl\u0131k so\u011futma projelerine kadar, en son enerji verimlili\u011fi teknolojisine sahip b\u00fcy\u00fck ve k\u00fc\u00e7\u00fck paket so\u011futucular (hava ve su so\u011futmal\u0131), \u0131s\u0131 pompalar\u0131 ve ultra d\u00fc\u015f\u00fck s\u0131cakl\u0131k \u00fcniteleri sa\u011fl\u0131yoruz.<\/p>\n<\/div>\n<\/div><\/div>\n\n\n\n<div style=\"height:60px\" aria-hidden=\"true\" class=\" wp-block-spacer eplus-wrapper\"><\/div>\n\n\n\n<div class=\"mb-20 wp-block-group eplus-wrapper is-layout-flow wp-block-group-is-layout-flow\"><div class=\"is-not-stacked-on-mobile xs:p-8 sm:p-12 rounded-2xl items-center md:flex xs:grid wp-block-columns has-background eplus-wrapper is-layout-flex wp-container-core-columns-is-layout-9d6595d7 wp-block-columns-is-layout-flex eplus-styles-uid-e7d96b\" style=\"background-color:#222143\">\n<div class=\"xs:order-2 md:order-1 xs:w-full md:w-6\/12 wp-block-column eplus-wrapper is-layout-flow wp-block-column-is-layout-flow\">\n<h2 class=\"wp-block-heading has-white-color has-text-color has-link-color eplus-wrapper wp-elements-5528ec42fab7757acd0f64e226ca4002\">B\u0130ZE ULA\u015eIN<\/h2>\n\n\n<p class=\" eplus-wrapper eplus-styles-uid-099e40\">ALive Plaza<br>Barbaros Mah<br>Begonya Sok<br>No:7 K:12 Atasehir<br>Isztambul<\/p>\n\n\n<div class=\"wp-block-buttons eplus-wrapper is-layout-flex wp-block-buttons-is-layout-flex\"><div class=\"is-style-fill wp-block-button eplus-wrapper eplus-styles-uid-5a9ac0\"><a class=\"wp-block-button__link has-background wp-element-button\" href=\"tel:+43012368173\" style=\"background-color:#ef4138\">+90 216 444 39 54<\/a><\/div><\/div>\n<\/div>\n\n\n\n<div class=\"xs:order-1 md:order-2 xs:w-full md:w-6\/12 wp-block-column eplus-wrapper is-layout-flow wp-block-column-is-layout-flow\">\n<figure class=\"ek-rounded-lg wp-block-image size-full eplus-wrapper\"><img loading=\"lazy\" decoding=\"async\" width=\"2011\" height=\"1342\" src=\"https:\/\/www.icscoolenergy.com\/hu\/wp-content\/\/uploads\/2024\/05\/Chiller-Testing-1.jpg\" alt=\"\" class=\"wp-image-79310\"><\/figure>\n<\/div>\n<\/div><\/div>\n\n\n\n<div style=\"height:60px\" aria-hidden=\"true\" class=\" wp-block-spacer eplus-wrapper\"><\/div>\n<\/div>\n","protected":false},"excerpt":{"rendered":"<p>HAKKIMIZDA ICS Cool Energy, s\u0131cakl\u0131k kontrol \u00e7\u00f6z\u00fcmlerinde 40 y\u0131l\u0131 a\u015fk\u0131n deneyimiyle proses so\u011futma, \u0131s\u0131tma ve so\u011fuk depolama alan\u0131nda g\u00fcvenilir orta\u011f\u0131n\u0131zd\u0131r \u00dcretimi iyile\u015ftirmek, maliyetleri ve \u00e7evresel etkiyi azaltmak i\u00e7in proses so\u011futma, proses \u0131s\u0131tma, s\u0131cakl\u0131k kontrol\u00fc ve konfor so\u011futma \u00e7\u00f6z\u00fcmleri \u00fcretiyor ve bak\u0131m\u0131n\u0131 yap\u0131yoruz. M\u00fchendislik uzmanl\u0131\u011f\u0131m\u0131z ve m\u00fc\u015fteri memnuniyetine olan ba\u011fl\u0131l\u0131\u011f\u0131m\u0131zla, t\u00fcm \u0131s\u0131tma, so\u011futma ve bak\u0131m \u00e7\u00f6z\u00fcmlerini, &#8230; <a title=\"Furn\u00e9r, T\u00f6r\u00f6korsz\u00e1g\" class=\"read-more\" href=\"https:\/\/www.icscoolenergy.com\/hu\/furner-torokorszag\/\" aria-label=\"More on Furn\u00e9r, T\u00f6r\u00f6korsz\u00e1g\">Read more<\/a><\/p>\n","protected":false},"author":8,"featured_media":0,"parent":0,"menu_order":0,"comment_status":"closed","ping_status":"closed","template":"","meta":{"_acf_changed":false,"inline_featured_image":false,"_editorskit_title_hidden":false,"_editorskit_reading_time":0,"_editorskit_is_block_options_detached":false,"_editorskit_block_options_position":"{}","editor_plus_copied_stylings":"{}","footnotes":""},"class_list":["post-86265","page","type-page","status-publish"],"acf":[],"yoast_head":"<!-- This site is optimized with the Yoast SEO Premium plugin v24.5 (Yoast SEO v26.9) - https:\/\/yoast.com\/product\/yoast-seo-premium-wordpress\/ -->\n<title>ICS Cool Energy&#039;ye Ho\u015f Geldiniz<\/title>\n<meta name=\"description\" content=\"Die ICS Cool Energy Group geh\u00f6rt zu den f\u00fchrenden Spezialisten im Bereich industrieller K\u00e4ltetechnik und ist europaweit Marktf\u00fchrer im Verkauf, Vermietung und Service von K\u00e4lte- und Heiztechnik.\" \/>\n<meta name=\"robots\" content=\"index, follow, max-snippet:-1, max-image-preview:large, max-video-preview:-1\" \/>\n<link rel=\"canonical\" href=\"https:\/\/www.icscoolenergy.com\/hu\/furner-torokorszag\/\" \/>\n<meta property=\"og:locale\" content=\"hu_HU\" \/>\n<meta property=\"og:type\" content=\"article\" \/>\n<meta property=\"og:title\" content=\"Furn\u00e9r, T\u00f6r\u00f6korsz\u00e1g\" \/>\n<meta property=\"og:description\" content=\"Die ICS Cool Energy Group geh\u00f6rt zu den f\u00fchrenden Spezialisten im Bereich industrieller K\u00e4ltetechnik und ist europaweit Marktf\u00fchrer im Verkauf, Vermietung und Service von K\u00e4lte- und Heiztechnik.\" \/>\n<meta property=\"og:url\" content=\"https:\/\/www.icscoolenergy.com\/hu\/furner-torokorszag\/\" \/>\n<meta property=\"og:site_name\" content=\"Hungary\" \/>\n<meta property=\"article:modified_time\" content=\"2024-11-30T12:04:23+00:00\" \/>\n<meta property=\"og:image\" content=\"https:\/\/www.icscoolenergy.com\/hu\/wp-content\/uploads\/sites\/10\/2024\/04\/Project-management.jpg\" \/>\n<meta name=\"twitter:card\" content=\"summary_large_image\" \/>\n<meta name=\"twitter:label1\" content=\"Est. reading time\" \/>\n\t<meta name=\"twitter:data1\" content=\"1 perc\" \/>\n<script type=\"application\/ld+json\" class=\"yoast-schema-graph\">{\"@context\":\"https:\/\/schema.org\",\"@graph\":[{\"@type\":\"WebPage\",\"@id\":\"https:\/\/www.icscoolenergy.com\/hu\/furner-torokorszag\/\",\"url\":\"https:\/\/www.icscoolenergy.com\/hu\/furner-torokorszag\/\",\"name\":\"ICS Cool Energy'ye Ho\u015f Geldiniz\",\"isPartOf\":{\"@id\":\"https:\/\/www.icscoolenergy.com\/hu\/#website\"},\"primaryImageOfPage\":{\"@id\":\"https:\/\/www.icscoolenergy.com\/hu\/furner-torokorszag\/#primaryimage\"},\"image\":{\"@id\":\"https:\/\/www.icscoolenergy.com\/hu\/furner-torokorszag\/#primaryimage\"},\"thumbnailUrl\":\"https:\/\/www.icscoolenergy.com\/hu\/wp-content\/uploads\/sites\/10\/2024\/04\/Project-management.jpg\",\"datePublished\":\"2024-05-21T14:58:54+00:00\",\"dateModified\":\"2024-11-30T12:04:23+00:00\",\"description\":\"Die ICS Cool Energy Group geh\u00f6rt zu den f\u00fchrenden Spezialisten im Bereich industrieller K\u00e4ltetechnik und ist europaweit Marktf\u00fchrer im Verkauf, Vermietung und Service von K\u00e4lte- und Heiztechnik.\",\"breadcrumb\":{\"@id\":\"https:\/\/www.icscoolenergy.com\/hu\/furner-torokorszag\/#breadcrumb\"},\"inLanguage\":\"hu\",\"potentialAction\":[{\"@type\":\"ReadAction\",\"target\":[\"https:\/\/www.icscoolenergy.com\/hu\/furner-torokorszag\/\"]}]},{\"@type\":\"ImageObject\",\"inLanguage\":\"hu\",\"@id\":\"https:\/\/www.icscoolenergy.com\/hu\/furner-torokorszag\/#primaryimage\",\"url\":\"https:\/\/www.icscoolenergy.com\/wp-content\/uploads\/sites\/10\/2024\/04\/Project-management.jpg\",\"contentUrl\":\"https:\/\/www.icscoolenergy.com\/wp-content\/uploads\/sites\/10\/2024\/04\/Project-management.jpg\",\"width\":720,\"height\":567,\"caption\":\"Full project management\"},{\"@type\":\"BreadcrumbList\",\"@id\":\"https:\/\/www.icscoolenergy.com\/hu\/furner-torokorszag\/#breadcrumb\",\"itemListElement\":[{\"@type\":\"ListItem\",\"position\":1,\"name\":\"Home\",\"item\":\"https:\/\/www.icscoolenergy.com\/hu\/\"},{\"@type\":\"ListItem\",\"position\":2,\"name\":\"Furn\u00e9r, T\u00f6r\u00f6korsz\u00e1g\"}]},{\"@type\":\"WebSite\",\"@id\":\"https:\/\/www.icscoolenergy.com\/hu\/#website\",\"url\":\"https:\/\/www.icscoolenergy.com\/hu\/\",\"name\":\"ICS Cool Energy\",\"description\":\"The Process Temperature Control Specialists\",\"publisher\":{\"@id\":\"https:\/\/www.icscoolenergy.com\/hu\/#organization\"},\"alternateName\":\"ICS\",\"potentialAction\":[{\"@type\":\"SearchAction\",\"target\":{\"@type\":\"EntryPoint\",\"urlTemplate\":\"https:\/\/www.icscoolenergy.com\/hu\/?s={search_term_string}\"},\"query-input\":{\"@type\":\"PropertyValueSpecification\",\"valueRequired\":true,\"valueName\":\"search_term_string\"}}],\"inLanguage\":\"hu\"},{\"@type\":\"Organization\",\"@id\":\"https:\/\/www.icscoolenergy.com\/hu\/#organization\",\"name\":\"ICS Cool Energy\",\"url\":\"https:\/\/www.icscoolenergy.com\/hu\/\",\"logo\":{\"@type\":\"ImageObject\",\"inLanguage\":\"hu\",\"@id\":\"https:\/\/www.icscoolenergy.com\/hu\/#\/schema\/logo\/image\/\",\"url\":\"https:\/\/www.icscoolenergy.com\/wp-content\/uploads\/sites\/10\/2024\/01\/ics-cool-energy-logo.svg\",\"contentUrl\":\"https:\/\/www.icscoolenergy.com\/wp-content\/uploads\/sites\/10\/2024\/01\/ics-cool-energy-logo.svg\",\"caption\":\"ICS Cool Energy\"},\"image\":{\"@id\":\"https:\/\/www.icscoolenergy.com\/hu\/#\/schema\/logo\/image\/\"},\"sameAs\":[\"https:\/\/www.linkedin.com\/company\/ics-temperature-control\/\",\"https:\/\/www.youtube.com\/@ICSCoolEnergyLtd\"],\"description\":\"ICS Cool Energy is a market leader for process and critical temperature control solutions that keep all types and sizes of businesses and industry running. Our headquarters are situated in Southampton, with offices throughout the UK and Europe, employing over 250 people in the UK alone.\",\"email\":\"info@icscoolenergy.com\",\"telephone\":\"0800 840 4210\",\"legalName\":\"ICS Cool Energy Limited\",\"numberOfEmployees\":{\"@type\":\"QuantitativeValue\",\"minValue\":\"201\",\"maxValue\":\"500\"}}]}<\/script>\n<!-- \/ Yoast SEO Premium plugin. -->","yoast_head_json":{"title":"ICS Cool Energy'ye Ho\u015f Geldiniz","description":"Die ICS Cool Energy Group geh\u00f6rt zu den f\u00fchrenden Spezialisten im Bereich industrieller K\u00e4ltetechnik und ist europaweit Marktf\u00fchrer im Verkauf, Vermietung und Service von K\u00e4lte- und Heiztechnik.","robots":{"index":"index","follow":"follow","max-snippet":"max-snippet:-1","max-image-preview":"max-image-preview:large","max-video-preview":"max-video-preview:-1"},"canonical":"https:\/\/www.icscoolenergy.com\/hu\/furner-torokorszag\/","og_locale":"hu_HU","og_type":"article","og_title":"Furn\u00e9r, T\u00f6r\u00f6korsz\u00e1g","og_description":"Die ICS Cool Energy Group geh\u00f6rt zu den f\u00fchrenden Spezialisten im Bereich industrieller K\u00e4ltetechnik und ist europaweit Marktf\u00fchrer im Verkauf, Vermietung und Service von K\u00e4lte- und Heiztechnik.","og_url":"https:\/\/www.icscoolenergy.com\/hu\/furner-torokorszag\/","og_site_name":"Hungary","article_modified_time":"2024-11-30T12:04:23+00:00","og_image":[{"url":"https:\/\/www.icscoolenergy.com\/hu\/wp-content\/uploads\/sites\/10\/2024\/04\/Project-management.jpg","type":"","width":"","height":""}],"twitter_card":"summary_large_image","twitter_misc":{"Est. reading time":"1 perc"},"schema":{"@context":"https:\/\/schema.org","@graph":[{"@type":"WebPage","@id":"https:\/\/www.icscoolenergy.com\/hu\/furner-torokorszag\/","url":"https:\/\/www.icscoolenergy.com\/hu\/furner-torokorszag\/","name":"ICS Cool Energy'ye Ho\u015f Geldiniz","isPartOf":{"@id":"https:\/\/www.icscoolenergy.com\/hu\/#website"},"primaryImageOfPage":{"@id":"https:\/\/www.icscoolenergy.com\/hu\/furner-torokorszag\/#primaryimage"},"image":{"@id":"https:\/\/www.icscoolenergy.com\/hu\/furner-torokorszag\/#primaryimage"},"thumbnailUrl":"https:\/\/www.icscoolenergy.com\/hu\/wp-content\/uploads\/sites\/10\/2024\/04\/Project-management.jpg","datePublished":"2024-05-21T14:58:54+00:00","dateModified":"2024-11-30T12:04:23+00:00","description":"Die ICS Cool Energy Group geh\u00f6rt zu den f\u00fchrenden Spezialisten im Bereich industrieller K\u00e4ltetechnik und ist europaweit Marktf\u00fchrer im Verkauf, Vermietung und Service von K\u00e4lte- und Heiztechnik.","breadcrumb":{"@id":"https:\/\/www.icscoolenergy.com\/hu\/furner-torokorszag\/#breadcrumb"},"inLanguage":"hu","potentialAction":[{"@type":"ReadAction","target":["https:\/\/www.icscoolenergy.com\/hu\/furner-torokorszag\/"]}]},{"@type":"ImageObject","inLanguage":"hu","@id":"https:\/\/www.icscoolenergy.com\/hu\/furner-torokorszag\/#primaryimage","url":"https:\/\/www.icscoolenergy.com\/wp-content\/uploads\/sites\/10\/2024\/04\/Project-management.jpg","contentUrl":"https:\/\/www.icscoolenergy.com\/wp-content\/uploads\/sites\/10\/2024\/04\/Project-management.jpg","width":720,"height":567,"caption":"Full project management"},{"@type":"BreadcrumbList","@id":"https:\/\/www.icscoolenergy.com\/hu\/furner-torokorszag\/#breadcrumb","itemListElement":[{"@type":"ListItem","position":1,"name":"Home","item":"https:\/\/www.icscoolenergy.com\/hu\/"},{"@type":"ListItem","position":2,"name":"Furn\u00e9r, T\u00f6r\u00f6korsz\u00e1g"}]},{"@type":"WebSite","@id":"https:\/\/www.icscoolenergy.com\/hu\/#website","url":"https:\/\/www.icscoolenergy.com\/hu\/","name":"ICS Cool Energy","description":"The Process Temperature Control Specialists","publisher":{"@id":"https:\/\/www.icscoolenergy.com\/hu\/#organization"},"alternateName":"ICS","potentialAction":[{"@type":"SearchAction","target":{"@type":"EntryPoint","urlTemplate":"https:\/\/www.icscoolenergy.com\/hu\/?s={search_term_string}"},"query-input":{"@type":"PropertyValueSpecification","valueRequired":true,"valueName":"search_term_string"}}],"inLanguage":"hu"},{"@type":"Organization","@id":"https:\/\/www.icscoolenergy.com\/hu\/#organization","name":"ICS Cool Energy","url":"https:\/\/www.icscoolenergy.com\/hu\/","logo":{"@type":"ImageObject","inLanguage":"hu","@id":"https:\/\/www.icscoolenergy.com\/hu\/#\/schema\/logo\/image\/","url":"https:\/\/www.icscoolenergy.com\/wp-content\/uploads\/sites\/10\/2024\/01\/ics-cool-energy-logo.svg","contentUrl":"https:\/\/www.icscoolenergy.com\/wp-content\/uploads\/sites\/10\/2024\/01\/ics-cool-energy-logo.svg","caption":"ICS Cool Energy"},"image":{"@id":"https:\/\/www.icscoolenergy.com\/hu\/#\/schema\/logo\/image\/"},"sameAs":["https:\/\/www.linkedin.com\/company\/ics-temperature-control\/","https:\/\/www.youtube.com\/@ICSCoolEnergyLtd"],"description":"ICS Cool Energy is a market leader for process and critical temperature control solutions that keep all types and sizes of businesses and industry running. Our headquarters are situated in Southampton, with offices throughout the UK and Europe, employing over 250 people in the UK alone.","email":"info@icscoolenergy.com","telephone":"0800 840 4210","legalName":"ICS Cool Energy Limited","numberOfEmployees":{"@type":"QuantitativeValue","minValue":"201","maxValue":"500"}}]}},"_links":{"self":[{"href":"https:\/\/www.icscoolenergy.com\/hu\/wp-json\/wp\/v2\/pages\/86265","targetHints":{"allow":["GET"]}}],"collection":[{"href":"https:\/\/www.icscoolenergy.com\/hu\/wp-json\/wp\/v2\/pages"}],"about":[{"href":"https:\/\/www.icscoolenergy.com\/hu\/wp-json\/wp\/v2\/types\/page"}],"author":[{"embeddable":true,"href":"https:\/\/www.icscoolenergy.com\/hu\/wp-json\/wp\/v2\/users\/8"}],"replies":[{"embeddable":true,"href":"https:\/\/www.icscoolenergy.com\/hu\/wp-json\/wp\/v2\/comments?post=86265"}],"version-history":[{"count":0,"href":"https:\/\/www.icscoolenergy.com\/hu\/wp-json\/wp\/v2\/pages\/86265\/revisions"}],"wp:attachment":[{"href":"https:\/\/www.icscoolenergy.com\/hu\/wp-json\/wp\/v2\/media?parent=86265"}],"curies":[{"name":"wp","href":"https:\/\/api.w.org\/{rel}","templated":true}]}}