 
{"id":86267,"date":"2024-05-21T15:25:51","date_gmt":"2024-05-21T15:25:51","guid":{"rendered":"https:\/\/www.icscoolenergy.com\/hu\/furner-izrael\/"},"modified":"2024-11-30T12:04:23","modified_gmt":"2024-11-30T12:04:23","slug":"furner-izrael","status":"publish","type":"page","link":"https:\/\/www.icscoolenergy.com\/hu\/furner-izrael\/","title":{"rendered":"Furn\u00e9r Izrael"},"content":{"rendered":"<div class=\"xs:pl-12 md:pl-28 pl-28 mb-0 wp-block-cover alignfull is-light eplus-wrapper eplus-styles-uid-f4cc7d\" style=\"margin-top:0;min-height:70vh;aspect-ratio:unset;\"><span aria-hidden=\"true\" class=\"wp-block-cover__background has-background-dim-100 has-background-dim wp-block-cover__gradient-background has-background-gradient\" style=\"background-color:#FFF;background:linear-gradient(145deg,rgb(49,47,95) 0%,rgba(49,46,94,0) 100%)\"><\/span><video class=\"wp-block-cover__video-background intrinsic-ignore\" autoplay muted loop playsinline src=\"https:\/\/www.icscoolenergy.com\/hu\/wp-content\/\/uploads\/2024\/05\/ICS-Cool-Energy-Web-Banner-v3-compressed.mp4\" data-object-fit=\"cover\"><\/video><div class=\"wp-block-cover__inner-container is-layout-flow wp-block-cover-is-layout-flow\">\n<div class=\"xs:w-full sm:w-11\/12 md:w-4\/5 lg:w-3\/4 xl:w-1\/3 mb-0 wp-block-group eplus-wrapper is-layout-flow wp-block-group-is-layout-flow\">\n<h1 class=\"wp-block-heading has-text-align-left has-base-3-color has-text-color has-link-color eplus-wrapper wp-elements-5ac5d9aa48e764c784af7cba7605ad6e\" id=\"h-process-temperature-control-specialists\"><strong>FOLYAMATH\u0150M\u00c9RS\u00c9KLET-SZAB\u00c1LYOZ\u00d3 SZAKEMBEREK.<\/strong><\/h1>\n\n\n\n<h3 class=\"wp-block-heading has-white-color has-text-color has-link-color eplus-wrapper wp-elements-0d040362496b38b232b5c1a53a110073\" id=\"h-welcome-to-ics-cool-energy\"><strong>\u00dcdv\u00f6z\u00f6lj\u00fck az ICS Cool Energy oldal\u00e1n<\/strong><\/h3>\n\n\n<p class=\"has-light-color has-text-color has-link-color eplus-wrapper wp-elements-1395e048498230c03505b42418de8579 eplus-styles-uid-f2a92b\">Az \u00d6n megb\u00edzhat\u00f3 partnere a nagy teljes\u00edtm\u00e9ny\u0171, energiahat\u00e9kony \u00e9s megb\u00edzhat\u00f3 folyamath\u0171t\u00e9s, f\u0171t\u00e9s \u00e9s h\u0171t\u0151t\u00e1rol\u00e1s ter\u00e9n.<\/p>\n\n\n<div class=\"wp-block-buttons eplus-wrapper is-layout-flex wp-block-buttons-is-layout-flex\"><div class=\"is-style-fill wp-block-button eplus-wrapper eplus-styles-uid-ab4e3b\"><a class=\"wp-block-button__link has-background wp-element-button\" href=\"tel:+039420800\" style=\"background-color:#ef4138\">03-9420800<\/a><\/div><\/div>\n<\/div>\n<\/div><\/div>\n<div class=\"wp-block-group has-white-background-color has-background eplus-wrapper is-layout-constrained wp-container-core-group-is-layout-806bf311 wp-block-group-is-layout-constrained\">\n<div class=\"wp-block-group eplus-wrapper is-layout-flow wp-block-group-is-layout-flow\"><div class=\"md:px-28 xs:px-12 wp-block-columns eplus-wrapper is-layout-flex wp-container-core-columns-is-layout-9d6595d7 wp-block-columns-is-layout-flex eplus-styles-uid-abd9c7\">\n<div class=\"wp-block-column eplus-wrapper is-layout-flow wp-block-column-is-layout-flow\">\n<div style=\"height:50px\" aria-hidden=\"true\" class=\" wp-block-spacer eplus-wrapper\"><\/div>\n\n\n\n<h2 class=\" wp-block-heading has-text-align-center eplus-wrapper\" id=\"h-about-us\">R\u00d3LUNK<\/h2>\n\n\n\n<p class=\" has-text-align-center eplus-wrapper\">C\u00e9lunk, hogy szak\u00e9rt\u0151i konzult\u00e1ci\u00f3 r\u00e9v\u00e9n hat\u00e9kony h\u0151m\u00e9rs\u00e9klet-szab\u00e1lyoz\u00e1si megold\u00e1sokkal m\u0171k\u00f6dtess\u00fck az ipari \u00e9s kritikus folyamatokat.<\/p>\n<\/div>\n<\/div><\/div>\n\n\n\n<div style=\"height:60px\" aria-hidden=\"true\" class=\" wp-block-spacer eplus-wrapper\"><\/div>\n\n\n\n<div class=\"wp-block-group eplus-wrapper is-layout-flow wp-block-group-is-layout-flow\"><div class=\"items-center md:flex xs:grid wp-block-columns eplus-wrapper is-layout-flex wp-container-core-columns-is-layout-9d6595d7 wp-block-columns-is-layout-flex eplus-styles-uid-8a4fcc\">\n<div class=\"xs:order-2 md:order-2 xs:w-full md:w-6\/12 xs:mb-12 md:mb-0 wp-block-column eplus-wrapper is-layout-flow wp-block-column-is-layout-flow\">\n<figure class=\" wp-block-image size-full is-resized eplus-wrapper\"><img loading=\"lazy\" decoding=\"async\" width=\"720\" height=\"567\" src=\"https:\/\/www.icscoolenergy.com\/hu\/wp-content\/uploads\/sites\/10\/2024\/04\/Project-management.jpg\" alt=\"Teljes k\u00f6r\u0171 projektmenedzsment\" class=\"wp-image-79826\" style=\"width:720px\" srcset=\"https:\/\/www.icscoolenergy.com\/wp-content\/uploads\/sites\/10\/2024\/04\/Project-management.jpg 720w, https:\/\/www.icscoolenergy.com\/wp-content\/uploads\/sites\/10\/2024\/04\/Project-management-300x236.jpg 300w, https:\/\/www.icscoolenergy.com\/wp-content\/uploads\/sites\/10\/2024\/04\/Project-management-50x39.jpg 50w, https:\/\/www.icscoolenergy.com\/wp-content\/uploads\/sites\/10\/2024\/04\/Project-management-600x473.jpg 600w\" sizes=\"auto, (max-width: 720px) 100vw, 720px\" \/><\/figure>\n<\/div>\n\n\n\n<div class=\"xs:order-1 md:order-1 xs:w-full md:w-6\/12 wp-block-column eplus-wrapper is-layout-flow wp-block-column-is-layout-flow\">\n<p class=\" eplus-wrapper\">Az ICS Cool Energy az \u00d6n megb\u00edzhat\u00f3 partnere a folyamath\u0171t\u00e9s, f\u0171t\u00e9s \u00e9s h\u0171t\u0151t\u00e1rol\u00e1s ter\u00fclet\u00e9n. P\u00e1ratlan projektmenedzsment\u00fcnk \u00e9s t\u00e1mogat\u00e1sunk azt jelenti, hogy megtervezz\u00fck, gy\u00e1rtjuk, sz\u00e1ll\u00edtjuk, telep\u00edtj\u00fck \u00e9s szervizelj\u00fck h\u0151m\u00e9rs\u00e9klet-szab\u00e1lyoz\u00f3 berendez\u00e9seit. A s\u00fcrg\u0151ss\u00e9gi b\u00e9rl\u00e9st\u0151l a hossz\u00fa t\u00e1v\u00fa telep\u00edt\u00e9sekig tapasztalt m\u00e9rn\u00f6keink itt vannak, hogy seg\u00edtsenek \u00d6nnek 24\/7, az \u00e9v 365 napj\u00e1n.  <\/p>\n\n\n\n<p class=\" eplus-wrapper\">Folyamath\u0171t\u00e9si, folyamatf\u0171t\u00e9si, h\u0151m\u00e9rs\u00e9klet-szab\u00e1lyoz\u00e1si \u00e9s komforth\u0171t\u00e9si megold\u00e1sokat gy\u00e1rtunk \u00e9s tartunk karban a termel\u00e9s jav\u00edt\u00e1sa, a k\u00f6lts\u00e9gek \u00e9s a k\u00f6rnyezeti hat\u00e1s cs\u00f6kkent\u00e9se \u00e9rdek\u00e9ben. M\u00e9rn\u00f6ki szak\u00e9rtelm\u00fcnkkel \u00e9s az \u00fcgyfelek el\u00e9gedetts\u00e9ge ir\u00e1nti elk\u00f6telezetts\u00e9g\u00fcnkkel minden f\u0171t\u00e9si, h\u0171t\u00e9si \u00e9s karbantart\u00e1si megold\u00e1st \u00fagy tervez\u00fcnk meg, hogy megfeleljen az egyedi helysz\u00edni \u00e9s folyamatig\u00e9nyeknek. <\/p>\n<\/div>\n<\/div><\/div>\n\n\n\n<div style=\"height:60px\" aria-hidden=\"true\" class=\" wp-block-spacer eplus-wrapper\"><\/div>\n\n\n\n<div class=\"mb-20 wp-block-group eplus-wrapper is-layout-flow wp-block-group-is-layout-flow\"><div class=\"is-not-stacked-on-mobile xs:p-8 sm:p-12 rounded-2xl items-center md:flex xs:grid wp-block-columns has-background eplus-wrapper is-layout-flex wp-container-core-columns-is-layout-9d6595d7 wp-block-columns-is-layout-flex eplus-styles-uid-ef1eff\" style=\"background-color:#222143\">\n<div class=\"xs:order-2 md:order-1 xs:w-full md:w-6\/12 wp-block-column eplus-wrapper is-layout-flow wp-block-column-is-layout-flow\">\n<h2 class=\"wp-block-heading has-white-color has-text-color has-link-color eplus-wrapper wp-elements-1bfc18290108a96783b8865723645fcc\" id=\"h-contact-us\">KAPCSOLAT<\/h2>\n\n\n<p class=\" eplus-wrapper eplus-styles-uid-099e40\">27<br>Harokmim utca<br>Holon<br>Izrael<\/p>\n\n\n<div class=\"wp-block-buttons eplus-wrapper is-layout-flex wp-block-buttons-is-layout-flex\"><div class=\"is-style-fill wp-block-button eplus-wrapper eplus-styles-uid-7a32c2\"><a class=\"wp-block-button__link has-background wp-element-button\" href=\"tel:+039420800\" style=\"background-color:#ef4138\">03-9420800<\/a><\/div><\/div>\n<\/div>\n\n\n\n<div class=\"xs:order-1 md:order-2 xs:w-full md:w-6\/12 wp-block-column eplus-wrapper is-layout-flow wp-block-column-is-layout-flow\">\n<figure class=\"ek-rounded-lg wp-block-image size-full eplus-wrapper\"><img loading=\"lazy\" decoding=\"async\" width=\"2011\" height=\"1342\" src=\"https:\/\/www.icscoolenergy.com\/hu\/wp-content\/\/uploads\/2024\/05\/Chiller-Testing-1.jpg\" alt=\"\" class=\"wp-image-79310\"><\/figure>\n<\/div>\n<\/div><\/div>\n\n\n\n<div style=\"height:60px\" aria-hidden=\"true\" class=\" wp-block-spacer eplus-wrapper\"><\/div>\n<\/div>\n","protected":false},"excerpt":{"rendered":"<p>R\u00d3LUNK C\u00e9lunk, hogy szak\u00e9rt\u0151i konzult\u00e1ci\u00f3 r\u00e9v\u00e9n hat\u00e9kony h\u0151m\u00e9rs\u00e9klet-szab\u00e1lyoz\u00e1si megold\u00e1sokkal m\u0171k\u00f6dtess\u00fck az ipari \u00e9s kritikus folyamatokat. Az ICS Cool Energy az \u00d6n megb\u00edzhat\u00f3 partnere a folyamath\u0171t\u00e9s, f\u0171t\u00e9s \u00e9s h\u0171t\u0151t\u00e1rol\u00e1s ter\u00fclet\u00e9n. P\u00e1ratlan projektmenedzsment\u00fcnk \u00e9s t\u00e1mogat\u00e1sunk azt jelenti, hogy megtervezz\u00fck, gy\u00e1rtjuk, sz\u00e1ll\u00edtjuk, telep\u00edtj\u00fck \u00e9s szervizelj\u00fck h\u0151m\u00e9rs\u00e9klet-szab\u00e1lyoz\u00f3 berendez\u00e9seit. A s\u00fcrg\u0151ss\u00e9gi b\u00e9rl\u00e9st\u0151l a hossz\u00fa t\u00e1v\u00fa telep\u00edt\u00e9sekig tapasztalt m\u00e9rn\u00f6keink itt vannak, &#8230; <a title=\"Furn\u00e9r Izrael\" class=\"read-more\" href=\"https:\/\/www.icscoolenergy.com\/hu\/furner-izrael\/\" aria-label=\"More on Furn\u00e9r Izrael\">Read more<\/a><\/p>\n","protected":false},"author":8,"featured_media":0,"parent":0,"menu_order":0,"comment_status":"closed","ping_status":"closed","template":"","meta":{"_acf_changed":false,"inline_featured_image":false,"_editorskit_title_hidden":false,"_editorskit_reading_time":0,"_editorskit_is_block_options_detached":false,"_editorskit_block_options_position":"{}","editor_plus_copied_stylings":"{}","footnotes":""},"class_list":["post-86267","page","type-page","status-publish"],"acf":[],"yoast_head":"<!-- This site is optimized with the Yoast SEO Premium plugin v24.5 (Yoast SEO v26.9) - https:\/\/yoast.com\/product\/yoast-seo-premium-wordpress\/ -->\n<title>\u00dcdv\u00f6z\u00f6lj\u00fck az ICS Cool Energy oldal\u00e1n<\/title>\n<meta name=\"description\" content=\"Az \u00d6n megb\u00edzhat\u00f3 partnere a nagy teljes\u00edtm\u00e9ny\u0171, energiahat\u00e9kony \u00e9s megb\u00edzhat\u00f3 folyamath\u0171t\u00e9s, f\u0171t\u00e9s \u00e9s h\u0171t\u0151t\u00e1rol\u00e1s ter\u00e9n.\" \/>\n<meta name=\"robots\" content=\"index, follow, max-snippet:-1, max-image-preview:large, max-video-preview:-1\" \/>\n<link rel=\"canonical\" href=\"https:\/\/www.icscoolenergy.com\/hu\/furner-izrael\/\" \/>\n<meta property=\"og:locale\" content=\"hu_HU\" \/>\n<meta property=\"og:type\" content=\"article\" \/>\n<meta property=\"og:title\" content=\"Furn\u00e9r Izrael\" \/>\n<meta property=\"og:description\" content=\"Az \u00d6n megb\u00edzhat\u00f3 partnere a nagy teljes\u00edtm\u00e9ny\u0171, energiahat\u00e9kony \u00e9s megb\u00edzhat\u00f3 folyamath\u0171t\u00e9s, f\u0171t\u00e9s \u00e9s h\u0171t\u0151t\u00e1rol\u00e1s ter\u00e9n.\" \/>\n<meta property=\"og:url\" content=\"https:\/\/www.icscoolenergy.com\/hu\/furner-izrael\/\" \/>\n<meta property=\"og:site_name\" content=\"Hungary\" \/>\n<meta property=\"article:modified_time\" content=\"2024-11-30T12:04:23+00:00\" \/>\n<meta property=\"og:image\" content=\"https:\/\/www.icscoolenergy.com\/hu\/wp-content\/uploads\/sites\/10\/2024\/04\/Project-management.jpg\" \/>\n<meta name=\"twitter:card\" content=\"summary_large_image\" \/>\n<meta name=\"twitter:label1\" content=\"Est. reading time\" \/>\n\t<meta name=\"twitter:data1\" content=\"1 perc\" \/>\n<script type=\"application\/ld+json\" class=\"yoast-schema-graph\">{\"@context\":\"https:\/\/schema.org\",\"@graph\":[{\"@type\":\"WebPage\",\"@id\":\"https:\/\/www.icscoolenergy.com\/hu\/furner-izrael\/\",\"url\":\"https:\/\/www.icscoolenergy.com\/hu\/furner-izrael\/\",\"name\":\"\u00dcdv\u00f6z\u00f6lj\u00fck az ICS Cool Energy oldal\u00e1n\",\"isPartOf\":{\"@id\":\"https:\/\/www.icscoolenergy.com\/hu\/#website\"},\"primaryImageOfPage\":{\"@id\":\"https:\/\/www.icscoolenergy.com\/hu\/furner-izrael\/#primaryimage\"},\"image\":{\"@id\":\"https:\/\/www.icscoolenergy.com\/hu\/furner-izrael\/#primaryimage\"},\"thumbnailUrl\":\"https:\/\/www.icscoolenergy.com\/hu\/wp-content\/uploads\/sites\/10\/2024\/04\/Project-management.jpg\",\"datePublished\":\"2024-05-21T15:25:51+00:00\",\"dateModified\":\"2024-11-30T12:04:23+00:00\",\"description\":\"Az \u00d6n megb\u00edzhat\u00f3 partnere a nagy teljes\u00edtm\u00e9ny\u0171, energiahat\u00e9kony \u00e9s megb\u00edzhat\u00f3 folyamath\u0171t\u00e9s, f\u0171t\u00e9s \u00e9s h\u0171t\u0151t\u00e1rol\u00e1s ter\u00e9n.\",\"breadcrumb\":{\"@id\":\"https:\/\/www.icscoolenergy.com\/hu\/furner-izrael\/#breadcrumb\"},\"inLanguage\":\"hu\",\"potentialAction\":[{\"@type\":\"ReadAction\",\"target\":[\"https:\/\/www.icscoolenergy.com\/hu\/furner-izrael\/\"]}]},{\"@type\":\"ImageObject\",\"inLanguage\":\"hu\",\"@id\":\"https:\/\/www.icscoolenergy.com\/hu\/furner-izrael\/#primaryimage\",\"url\":\"https:\/\/www.icscoolenergy.com\/wp-content\/uploads\/sites\/10\/2024\/04\/Project-management.jpg\",\"contentUrl\":\"https:\/\/www.icscoolenergy.com\/wp-content\/uploads\/sites\/10\/2024\/04\/Project-management.jpg\",\"width\":720,\"height\":567,\"caption\":\"Full project management\"},{\"@type\":\"BreadcrumbList\",\"@id\":\"https:\/\/www.icscoolenergy.com\/hu\/furner-izrael\/#breadcrumb\",\"itemListElement\":[{\"@type\":\"ListItem\",\"position\":1,\"name\":\"Home\",\"item\":\"https:\/\/www.icscoolenergy.com\/hu\/\"},{\"@type\":\"ListItem\",\"position\":2,\"name\":\"Furn\u00e9r Izrael\"}]},{\"@type\":\"WebSite\",\"@id\":\"https:\/\/www.icscoolenergy.com\/hu\/#website\",\"url\":\"https:\/\/www.icscoolenergy.com\/hu\/\",\"name\":\"ICS Cool Energy\",\"description\":\"The Process Temperature Control Specialists\",\"publisher\":{\"@id\":\"https:\/\/www.icscoolenergy.com\/hu\/#organization\"},\"alternateName\":\"ICS\",\"potentialAction\":[{\"@type\":\"SearchAction\",\"target\":{\"@type\":\"EntryPoint\",\"urlTemplate\":\"https:\/\/www.icscoolenergy.com\/hu\/?s={search_term_string}\"},\"query-input\":{\"@type\":\"PropertyValueSpecification\",\"valueRequired\":true,\"valueName\":\"search_term_string\"}}],\"inLanguage\":\"hu\"},{\"@type\":\"Organization\",\"@id\":\"https:\/\/www.icscoolenergy.com\/hu\/#organization\",\"name\":\"ICS Cool Energy\",\"url\":\"https:\/\/www.icscoolenergy.com\/hu\/\",\"logo\":{\"@type\":\"ImageObject\",\"inLanguage\":\"hu\",\"@id\":\"https:\/\/www.icscoolenergy.com\/hu\/#\/schema\/logo\/image\/\",\"url\":\"https:\/\/www.icscoolenergy.com\/wp-content\/uploads\/sites\/10\/2024\/01\/ics-cool-energy-logo.svg\",\"contentUrl\":\"https:\/\/www.icscoolenergy.com\/wp-content\/uploads\/sites\/10\/2024\/01\/ics-cool-energy-logo.svg\",\"caption\":\"ICS Cool Energy\"},\"image\":{\"@id\":\"https:\/\/www.icscoolenergy.com\/hu\/#\/schema\/logo\/image\/\"},\"sameAs\":[\"https:\/\/www.linkedin.com\/company\/ics-temperature-control\/\",\"https:\/\/www.youtube.com\/@ICSCoolEnergyLtd\"],\"description\":\"ICS Cool Energy is a market leader for process and critical temperature control solutions that keep all types and sizes of businesses and industry running. Our headquarters are situated in Southampton, with offices throughout the UK and Europe, employing over 250 people in the UK alone.\",\"email\":\"info@icscoolenergy.com\",\"telephone\":\"0800 840 4210\",\"legalName\":\"ICS Cool Energy Limited\",\"numberOfEmployees\":{\"@type\":\"QuantitativeValue\",\"minValue\":\"201\",\"maxValue\":\"500\"}}]}<\/script>\n<!-- \/ Yoast SEO Premium plugin. -->","yoast_head_json":{"title":"\u00dcdv\u00f6z\u00f6lj\u00fck az ICS Cool Energy oldal\u00e1n","description":"Az \u00d6n megb\u00edzhat\u00f3 partnere a nagy teljes\u00edtm\u00e9ny\u0171, energiahat\u00e9kony \u00e9s megb\u00edzhat\u00f3 folyamath\u0171t\u00e9s, f\u0171t\u00e9s \u00e9s h\u0171t\u0151t\u00e1rol\u00e1s ter\u00e9n.","robots":{"index":"index","follow":"follow","max-snippet":"max-snippet:-1","max-image-preview":"max-image-preview:large","max-video-preview":"max-video-preview:-1"},"canonical":"https:\/\/www.icscoolenergy.com\/hu\/furner-izrael\/","og_locale":"hu_HU","og_type":"article","og_title":"Furn\u00e9r Izrael","og_description":"Az \u00d6n megb\u00edzhat\u00f3 partnere a nagy teljes\u00edtm\u00e9ny\u0171, energiahat\u00e9kony \u00e9s megb\u00edzhat\u00f3 folyamath\u0171t\u00e9s, f\u0171t\u00e9s \u00e9s h\u0171t\u0151t\u00e1rol\u00e1s ter\u00e9n.","og_url":"https:\/\/www.icscoolenergy.com\/hu\/furner-izrael\/","og_site_name":"Hungary","article_modified_time":"2024-11-30T12:04:23+00:00","og_image":[{"url":"https:\/\/www.icscoolenergy.com\/hu\/wp-content\/uploads\/sites\/10\/2024\/04\/Project-management.jpg","type":"","width":"","height":""}],"twitter_card":"summary_large_image","twitter_misc":{"Est. reading time":"1 perc"},"schema":{"@context":"https:\/\/schema.org","@graph":[{"@type":"WebPage","@id":"https:\/\/www.icscoolenergy.com\/hu\/furner-izrael\/","url":"https:\/\/www.icscoolenergy.com\/hu\/furner-izrael\/","name":"\u00dcdv\u00f6z\u00f6lj\u00fck az ICS Cool Energy oldal\u00e1n","isPartOf":{"@id":"https:\/\/www.icscoolenergy.com\/hu\/#website"},"primaryImageOfPage":{"@id":"https:\/\/www.icscoolenergy.com\/hu\/furner-izrael\/#primaryimage"},"image":{"@id":"https:\/\/www.icscoolenergy.com\/hu\/furner-izrael\/#primaryimage"},"thumbnailUrl":"https:\/\/www.icscoolenergy.com\/hu\/wp-content\/uploads\/sites\/10\/2024\/04\/Project-management.jpg","datePublished":"2024-05-21T15:25:51+00:00","dateModified":"2024-11-30T12:04:23+00:00","description":"Az \u00d6n megb\u00edzhat\u00f3 partnere a nagy teljes\u00edtm\u00e9ny\u0171, energiahat\u00e9kony \u00e9s megb\u00edzhat\u00f3 folyamath\u0171t\u00e9s, f\u0171t\u00e9s \u00e9s h\u0171t\u0151t\u00e1rol\u00e1s ter\u00e9n.","breadcrumb":{"@id":"https:\/\/www.icscoolenergy.com\/hu\/furner-izrael\/#breadcrumb"},"inLanguage":"hu","potentialAction":[{"@type":"ReadAction","target":["https:\/\/www.icscoolenergy.com\/hu\/furner-izrael\/"]}]},{"@type":"ImageObject","inLanguage":"hu","@id":"https:\/\/www.icscoolenergy.com\/hu\/furner-izrael\/#primaryimage","url":"https:\/\/www.icscoolenergy.com\/wp-content\/uploads\/sites\/10\/2024\/04\/Project-management.jpg","contentUrl":"https:\/\/www.icscoolenergy.com\/wp-content\/uploads\/sites\/10\/2024\/04\/Project-management.jpg","width":720,"height":567,"caption":"Full project management"},{"@type":"BreadcrumbList","@id":"https:\/\/www.icscoolenergy.com\/hu\/furner-izrael\/#breadcrumb","itemListElement":[{"@type":"ListItem","position":1,"name":"Home","item":"https:\/\/www.icscoolenergy.com\/hu\/"},{"@type":"ListItem","position":2,"name":"Furn\u00e9r Izrael"}]},{"@type":"WebSite","@id":"https:\/\/www.icscoolenergy.com\/hu\/#website","url":"https:\/\/www.icscoolenergy.com\/hu\/","name":"ICS Cool Energy","description":"The Process Temperature Control Specialists","publisher":{"@id":"https:\/\/www.icscoolenergy.com\/hu\/#organization"},"alternateName":"ICS","potentialAction":[{"@type":"SearchAction","target":{"@type":"EntryPoint","urlTemplate":"https:\/\/www.icscoolenergy.com\/hu\/?s={search_term_string}"},"query-input":{"@type":"PropertyValueSpecification","valueRequired":true,"valueName":"search_term_string"}}],"inLanguage":"hu"},{"@type":"Organization","@id":"https:\/\/www.icscoolenergy.com\/hu\/#organization","name":"ICS Cool Energy","url":"https:\/\/www.icscoolenergy.com\/hu\/","logo":{"@type":"ImageObject","inLanguage":"hu","@id":"https:\/\/www.icscoolenergy.com\/hu\/#\/schema\/logo\/image\/","url":"https:\/\/www.icscoolenergy.com\/wp-content\/uploads\/sites\/10\/2024\/01\/ics-cool-energy-logo.svg","contentUrl":"https:\/\/www.icscoolenergy.com\/wp-content\/uploads\/sites\/10\/2024\/01\/ics-cool-energy-logo.svg","caption":"ICS Cool Energy"},"image":{"@id":"https:\/\/www.icscoolenergy.com\/hu\/#\/schema\/logo\/image\/"},"sameAs":["https:\/\/www.linkedin.com\/company\/ics-temperature-control\/","https:\/\/www.youtube.com\/@ICSCoolEnergyLtd"],"description":"ICS Cool Energy is a market leader for process and critical temperature control solutions that keep all types and sizes of businesses and industry running. Our headquarters are situated in Southampton, with offices throughout the UK and Europe, employing over 250 people in the UK alone.","email":"info@icscoolenergy.com","telephone":"0800 840 4210","legalName":"ICS Cool Energy Limited","numberOfEmployees":{"@type":"QuantitativeValue","minValue":"201","maxValue":"500"}}]}},"_links":{"self":[{"href":"https:\/\/www.icscoolenergy.com\/hu\/wp-json\/wp\/v2\/pages\/86267","targetHints":{"allow":["GET"]}}],"collection":[{"href":"https:\/\/www.icscoolenergy.com\/hu\/wp-json\/wp\/v2\/pages"}],"about":[{"href":"https:\/\/www.icscoolenergy.com\/hu\/wp-json\/wp\/v2\/types\/page"}],"author":[{"embeddable":true,"href":"https:\/\/www.icscoolenergy.com\/hu\/wp-json\/wp\/v2\/users\/8"}],"replies":[{"embeddable":true,"href":"https:\/\/www.icscoolenergy.com\/hu\/wp-json\/wp\/v2\/comments?post=86267"}],"version-history":[{"count":0,"href":"https:\/\/www.icscoolenergy.com\/hu\/wp-json\/wp\/v2\/pages\/86267\/revisions"}],"wp:attachment":[{"href":"https:\/\/www.icscoolenergy.com\/hu\/wp-json\/wp\/v2\/media?parent=86267"}],"curies":[{"name":"wp","href":"https:\/\/api.w.org\/{rel}","templated":true}]}}