 
{"id":86269,"date":"2024-06-26T14:40:58","date_gmt":"2024-06-26T14:40:58","guid":{"rendered":"https:\/\/www.icscoolenergy.com\/hu\/huto-alkatreszek\/"},"modified":"2024-11-30T12:05:27","modified_gmt":"2024-11-30T12:05:27","slug":"huto-alkatreszek","status":"publish","type":"page","link":"https:\/\/www.icscoolenergy.com\/hu\/szolgaltatas\/huto-alkatreszek\/","title":{"rendered":"H\u0171t\u0151 alkatr\u00e9szek"},"content":{"rendered":"\n<div class=\"mb-8 eplus-wrapper wp-block-group is-layout-flow wp-block-group-is-layout-flow\">\n<div class=\"md:relative eplus-wrapper wp-block-group is-layout-flow wp-block-group-is-layout-flow\">\n<div class=\"eplus-wrapper wp-block-cover\" style=\"min-height:451px;aspect-ratio:unset;\"><span aria-hidden=\"true\" class=\"wp-block-cover__background has-background-dim-0 has-background-dim\" style=\"background-color:#726c66\"><\/span><img decoding=\"async\" class=\"wp-block-cover__image-background wp-image-85217\" alt=\"Chiller Spare Parts\" src=\"https:\/\/www.icscoolenergy.com\/hu\/wp-content\/\/uploads\/2024\/06\/Chiller-Spare-Parts.jpg\" data-object-fit=\"cover\"\/><div class=\"wp-block-cover__inner-container is-layout-flow wp-block-cover-is-layout-flow\">\n<p class=\" has-text-align-center has-large-font-size eplus-wrapper\"><\/p>\n<\/div><\/div>\n\n\n\n<div class=\"rounded-tr-md sm:w-full md:w-[80%] md:h-fit md:top-[80%] relative md:-mt-[10%] z-[1] md:left-0 eplus-wrapper wp-block-group has-background is-layout-constrained wp-block-group-is-layout-constrained\" style=\"background-color:#eaeaef\">\n<h1 class=\"eplus-wrapper pt-8 wp-block-heading has-text-color has-link-color wp-elements-d1a23a0762f81d768e53f560dee376f2\" id=\"h-chiller-spares\" style=\"color:#312f5f\">H\u0170T\u0150 P\u00d3TALKATR\u00c9SZEK<\/h1>\n\n\n\n<p class=\" eplus-wrapper\">Tiszt\u00e1ban vagyunk azzal, hogy a folyad\u00e9kh\u0171t\u0151k kritikus szerepet j\u00e1tszanak az \u00d6n m\u0171k\u00f6d\u00e9s\u00e9nek fenntart\u00e1s\u00e1ban.<\/p>\n\n\n\n<p class=\" eplus-wrapper\">Annak \u00e9rdek\u00e9ben, hogy rendszerei zavartalanul, megszak\u00edt\u00e1s n\u00e9lk\u00fcl m\u0171k\u00f6djenek, kiv\u00e1l\u00f3 min\u0151s\u00e9g\u0171 h\u0171t\u0151alkatr\u00e9szek \u00e1tfog\u00f3 v\u00e1laszt\u00e9k\u00e1t k\u00edn\u00e1ljuk, amelyek mind az Egyes\u00fclt Kir\u00e1lys\u00e1gban a helysz\u00ednen, mind szervizm\u00e9rn\u00f6keink furgonjain rakt\u00e1ron kaphat\u00f3k.  <\/p>\n\n\n\n<p class=\" eplus-wrapper\">Minden furgon t\u00f6bb mint 15 ezer font \u00e9rt\u00e9k\u0171 p\u00f3talkatr\u00e9sszel van felszerelve, biztos\u00edtva a gyors reakci\u00f3id\u0151t \u00e9s a hat\u00e9kony szervizszolg\u00e1ltat\u00e1st v\u00e9szhelyzet \u00e9s tervezett karbantart\u00e1s sor\u00e1n.<\/p>\n<\/div>\n<\/div>\n\n\n\n<div style=\"height:60px\" aria-hidden=\"true\" class=\"xs:hidden md:block eplus-wrapper wp-block-spacer\"><\/div>\n<\/div>\n\n<div class=\"wp-block-group eplus-wrapper is-layout-flow wp-block-group-is-layout-flow\"><div class=\"items-center md:flex xs:grid wp-block-columns eplus-wrapper is-layout-flex wp-container-core-columns-is-layout-9d6595d7 wp-block-columns-is-layout-flex eplus-styles-uid-dc7d85\">\n<div class=\"xs:order-2 md:order-2 xs:w-full md:w-6\/12 xs:mb-12 md:mb-0 wp-block-column eplus-wrapper is-layout-flow wp-block-column-is-layout-flow\">\n<figure class=\" wp-block-image size-full is-resized eplus-wrapper\"><img decoding=\"async\" src=\"https:\/\/www.icscoolenergy.com\/hu\/wp-content\/\/uploads\/2024\/06\/Chiller-Spares-Team.jpg\" alt=\"H\u0171t\u0151 alkatr\u00e9szek csapata\" class=\"wp-image-85222\" style=\"width:720px\"><\/figure>\n<\/div>\n\n\n\n<div class=\"xs:order-1 md:order-1 xs:w-full md:w-6\/12 wp-block-column eplus-wrapper is-layout-flow wp-block-column-is-layout-flow\">\n<h3 class=\" wp-block-heading eplus-wrapper\" id=\"h-extensive-inventory-for-all-makes-amp-models\">KITERJEDT K\u00c9SZLET MINDEN M\u00c1RK\u00c1HOZ \u00c9S MODELLHEZ<\/h3>\n\n\n\n<p class=\" eplus-wrapper\"><strong>150 000 l\u00e1b<sup>2<\/sup> dep\u00f3nkban az \u00f6sszes h\u0171t\u0151 gy\u00e1rtm\u00e1nyhoz \u00e9s modellhez sz\u00fcks\u00e9ges alkatr\u00e9szek sz\u00e9les k\u00f6r\u0171 k\u00e9szlete tal\u00e1lhat\u00f3.  <\/strong><\/p>\n\n\n\n<p class=\" eplus-wrapper\">Mi vagyunk az \u00d6n egyablakos \u00fcgyint\u00e9z\u00e9si pontja mindennek, amire sz\u00fcks\u00e9ge van ahhoz, hogy <a href=\"\/?product_cat=chiller-sales\" class=\"ek-link\">h\u0171t\u0151egys\u00e9gei<\/a> cs\u00facsteljes\u00edtm\u00e9nyen m\u0171k\u00f6djenek. Kapcsolataink \u00e9s a berendez\u00e9sgy\u00e1rt\u00f3k (OEM-ek) p\u00f3talkatr\u00e9szeihez val\u00f3 hozz\u00e1f\u00e9r\u00e9s\u00fcnk azt jelenti, hogy garant\u00e1lni tudjuk a megb\u00edzhat\u00f3s\u00e1got, a kompatibilit\u00e1st \u00e9s az optim\u00e1lis funkcionalit\u00e1st. <\/p>\n\n\n\n<p class=\" eplus-wrapper\">Hatalmas rakt\u00e1rk\u00e9szlet\u00fcnk mellett elk\u00f6telezett \u00e9rt\u00e9kes\u00edt\u00e9s ut\u00e1ni alkatr\u00e9szekkel foglalkoz\u00f3 csapatunk mindig k\u00e9szen \u00e1ll arra, hogy seg\u00edtsen \u00d6nnek. Ak\u00e1r gyorsan sz\u00fcks\u00e9ge van egy adott alkatr\u00e9szre, ak\u00e1r seg\u00edts\u00e9gre van sz\u00fcks\u00e9ge a megfelel\u0151 alkatr\u00e9sz megtal\u00e1l\u00e1s\u00e1hoz, szak\u00e9rt\u0151ink sz\u00edvesen seg\u00edtenek.   <\/p>\n\n\n\n<p class=\" eplus-wrapper\">Priorit\u00e1sk\u00e9nt kezelj\u00fck a gyors felad\u00e1st \u00e9s k\u00e9zbes\u00edt\u00e9st, hogy minimaliz\u00e1ljuk az \u00e1ll\u00e1sid\u0151t, \u00e9s z\u00f6kken\u0151mentes legyen a m\u0171k\u00f6d\u00e9se.<\/p>\n\n\n\n<div style=\"height:8px\" aria-hidden=\"true\" class=\" wp-block-spacer eplus-wrapper\"><\/div>\n<\/div>\n<\/div><\/div>\n\n<div style=\"height:80px\" aria-hidden=\"true\" class=\" wp-block-spacer eplus-wrapper\"><\/div>\n","protected":false},"excerpt":{"rendered":"<p>H\u0170T\u0150 P\u00d3TALKATR\u00c9SZEK Tiszt\u00e1ban vagyunk azzal, hogy a folyad\u00e9kh\u0171t\u0151k kritikus szerepet j\u00e1tszanak az \u00d6n m\u0171k\u00f6d\u00e9s\u00e9nek fenntart\u00e1s\u00e1ban. Annak \u00e9rdek\u00e9ben, hogy rendszerei zavartalanul, megszak\u00edt\u00e1s n\u00e9lk\u00fcl m\u0171k\u00f6djenek, kiv\u00e1l\u00f3 min\u0151s\u00e9g\u0171 h\u0171t\u0151alkatr\u00e9szek \u00e1tfog\u00f3 v\u00e1laszt\u00e9k\u00e1t k\u00edn\u00e1ljuk, amelyek mind az Egyes\u00fclt Kir\u00e1lys\u00e1gban a helysz\u00ednen, mind szervizm\u00e9rn\u00f6keink furgonjain rakt\u00e1ron kaphat\u00f3k. Minden furgon t\u00f6bb mint 15 ezer font \u00e9rt\u00e9k\u0171 p\u00f3talkatr\u00e9sszel van felszerelve, biztos\u00edtva a gyors &#8230; <a title=\"H\u0171t\u0151 alkatr\u00e9szek\" class=\"read-more\" href=\"https:\/\/www.icscoolenergy.com\/hu\/szolgaltatas\/huto-alkatreszek\/\" aria-label=\"More on H\u0171t\u0151 alkatr\u00e9szek\">Read more<\/a><\/p>\n","protected":false},"author":15,"featured_media":0,"parent":86355,"menu_order":0,"comment_status":"closed","ping_status":"closed","template":"","meta":{"_acf_changed":false,"inline_featured_image":false,"_editorskit_title_hidden":false,"_editorskit_reading_time":0,"_editorskit_is_block_options_detached":false,"_editorskit_block_options_position":"{}","editor_plus_copied_stylings":"{}","footnotes":""},"class_list":["post-86269","page","type-page","status-publish"],"acf":[],"yoast_head":"<!-- This site is optimized with the Yoast SEO Premium plugin v24.5 (Yoast SEO v26.9) - https:\/\/yoast.com\/product\/yoast-seo-premium-wordpress\/ -->\n<title>H\u0171t\u0151 alkatr\u00e9szek | Hungary<\/title>\n<meta name=\"robots\" content=\"index, follow, max-snippet:-1, max-image-preview:large, max-video-preview:-1\" \/>\n<link rel=\"canonical\" href=\"https:\/\/www.icscoolenergy.com\/hu\/szolgaltatas\/huto-alkatreszek\/\" \/>\n<meta property=\"og:locale\" content=\"hu_HU\" \/>\n<meta property=\"og:type\" content=\"article\" \/>\n<meta property=\"og:title\" content=\"H\u0171t\u0151 alkatr\u00e9szek\" \/>\n<meta property=\"og:description\" content=\"H\u0170T\u0150 P\u00d3TALKATR\u00c9SZEK Tiszt\u00e1ban vagyunk azzal, hogy a folyad\u00e9kh\u0171t\u0151k kritikus szerepet j\u00e1tszanak az \u00d6n m\u0171k\u00f6d\u00e9s\u00e9nek fenntart\u00e1s\u00e1ban. Annak \u00e9rdek\u00e9ben, hogy rendszerei zavartalanul, megszak\u00edt\u00e1s n\u00e9lk\u00fcl m\u0171k\u00f6djenek, kiv\u00e1l\u00f3 min\u0151s\u00e9g\u0171 h\u0171t\u0151alkatr\u00e9szek \u00e1tfog\u00f3 v\u00e1laszt\u00e9k\u00e1t k\u00edn\u00e1ljuk, amelyek mind az Egyes\u00fclt Kir\u00e1lys\u00e1gban a helysz\u00ednen, mind szervizm\u00e9rn\u00f6keink furgonjain rakt\u00e1ron kaphat\u00f3k. Minden furgon t\u00f6bb mint 15 ezer font \u00e9rt\u00e9k\u0171 p\u00f3talkatr\u00e9sszel van felszerelve, biztos\u00edtva a gyors ... Read more\" \/>\n<meta property=\"og:url\" content=\"https:\/\/www.icscoolenergy.com\/hu\/szolgaltatas\/huto-alkatreszek\/\" \/>\n<meta property=\"og:site_name\" content=\"Hungary\" \/>\n<meta property=\"article:modified_time\" content=\"2024-11-30T12:05:27+00:00\" \/>\n<meta property=\"og:image\" content=\"https:\/\/www.icscoolenergy.com\/hu\/wp-content\/\/uploads\/2024\/06\/Chiller-Spare-Parts.jpg\" \/>\n<meta name=\"twitter:card\" content=\"summary_large_image\" \/>\n<meta name=\"twitter:label1\" content=\"Est. reading time\" \/>\n\t<meta name=\"twitter:data1\" content=\"2 perc\" \/>\n<script type=\"application\/ld+json\" class=\"yoast-schema-graph\">{\"@context\":\"https:\/\/schema.org\",\"@graph\":[{\"@type\":\"WebPage\",\"@id\":\"https:\/\/www.icscoolenergy.com\/hu\/szolgaltatas\/huto-alkatreszek\/\",\"url\":\"https:\/\/www.icscoolenergy.com\/hu\/szolgaltatas\/huto-alkatreszek\/\",\"name\":\"H\u0171t\u0151 alkatr\u00e9szek | Hungary\",\"isPartOf\":{\"@id\":\"https:\/\/www.icscoolenergy.com\/hu\/#website\"},\"primaryImageOfPage\":{\"@id\":\"https:\/\/www.icscoolenergy.com\/hu\/szolgaltatas\/huto-alkatreszek\/#primaryimage\"},\"image\":{\"@id\":\"https:\/\/www.icscoolenergy.com\/hu\/szolgaltatas\/huto-alkatreszek\/#primaryimage\"},\"thumbnailUrl\":\"https:\/\/www.icscoolenergy.com\/hu\/wp-content\/\/uploads\/2024\/06\/Chiller-Spare-Parts.jpg\",\"datePublished\":\"2024-06-26T14:40:58+00:00\",\"dateModified\":\"2024-11-30T12:05:27+00:00\",\"breadcrumb\":{\"@id\":\"https:\/\/www.icscoolenergy.com\/hu\/szolgaltatas\/huto-alkatreszek\/#breadcrumb\"},\"inLanguage\":\"hu\",\"potentialAction\":[{\"@type\":\"ReadAction\",\"target\":[\"https:\/\/www.icscoolenergy.com\/hu\/szolgaltatas\/huto-alkatreszek\/\"]}]},{\"@type\":\"ImageObject\",\"inLanguage\":\"hu\",\"@id\":\"https:\/\/www.icscoolenergy.com\/hu\/szolgaltatas\/huto-alkatreszek\/#primaryimage\",\"url\":\"\",\"contentUrl\":\"\"},{\"@type\":\"BreadcrumbList\",\"@id\":\"https:\/\/www.icscoolenergy.com\/hu\/szolgaltatas\/huto-alkatreszek\/#breadcrumb\",\"itemListElement\":[{\"@type\":\"ListItem\",\"position\":1,\"name\":\"Home\",\"item\":\"https:\/\/www.icscoolenergy.com\/hu\/\"},{\"@type\":\"ListItem\",\"position\":2,\"name\":\"Szolg\u00e1ltat\u00e1s\",\"item\":\"https:\/\/www.icscoolenergy.com\/hu\/szolgaltatas\/\"},{\"@type\":\"ListItem\",\"position\":3,\"name\":\"H\u0171t\u0151 alkatr\u00e9szek\"}]},{\"@type\":\"WebSite\",\"@id\":\"https:\/\/www.icscoolenergy.com\/hu\/#website\",\"url\":\"https:\/\/www.icscoolenergy.com\/hu\/\",\"name\":\"ICS Cool Energy\",\"description\":\"The Process Temperature Control Specialists\",\"publisher\":{\"@id\":\"https:\/\/www.icscoolenergy.com\/hu\/#organization\"},\"alternateName\":\"ICS\",\"potentialAction\":[{\"@type\":\"SearchAction\",\"target\":{\"@type\":\"EntryPoint\",\"urlTemplate\":\"https:\/\/www.icscoolenergy.com\/hu\/?s={search_term_string}\"},\"query-input\":{\"@type\":\"PropertyValueSpecification\",\"valueRequired\":true,\"valueName\":\"search_term_string\"}}],\"inLanguage\":\"hu\"},{\"@type\":\"Organization\",\"@id\":\"https:\/\/www.icscoolenergy.com\/hu\/#organization\",\"name\":\"ICS Cool Energy\",\"url\":\"https:\/\/www.icscoolenergy.com\/hu\/\",\"logo\":{\"@type\":\"ImageObject\",\"inLanguage\":\"hu\",\"@id\":\"https:\/\/www.icscoolenergy.com\/hu\/#\/schema\/logo\/image\/\",\"url\":\"https:\/\/www.icscoolenergy.com\/wp-content\/uploads\/sites\/10\/2024\/01\/ics-cool-energy-logo.svg\",\"contentUrl\":\"https:\/\/www.icscoolenergy.com\/wp-content\/uploads\/sites\/10\/2024\/01\/ics-cool-energy-logo.svg\",\"caption\":\"ICS Cool Energy\"},\"image\":{\"@id\":\"https:\/\/www.icscoolenergy.com\/hu\/#\/schema\/logo\/image\/\"},\"sameAs\":[\"https:\/\/www.linkedin.com\/company\/ics-temperature-control\/\",\"https:\/\/www.youtube.com\/@ICSCoolEnergyLtd\"],\"description\":\"ICS Cool Energy is a market leader for process and critical temperature control solutions that keep all types and sizes of businesses and industry running. Our headquarters are situated in Southampton, with offices throughout the UK and Europe, employing over 250 people in the UK alone.\",\"email\":\"info@icscoolenergy.com\",\"telephone\":\"0800 840 4210\",\"legalName\":\"ICS Cool Energy Limited\",\"numberOfEmployees\":{\"@type\":\"QuantitativeValue\",\"minValue\":\"201\",\"maxValue\":\"500\"}}]}<\/script>\n<!-- \/ Yoast SEO Premium plugin. -->","yoast_head_json":{"title":"H\u0171t\u0151 alkatr\u00e9szek | Hungary","robots":{"index":"index","follow":"follow","max-snippet":"max-snippet:-1","max-image-preview":"max-image-preview:large","max-video-preview":"max-video-preview:-1"},"canonical":"https:\/\/www.icscoolenergy.com\/hu\/szolgaltatas\/huto-alkatreszek\/","og_locale":"hu_HU","og_type":"article","og_title":"H\u0171t\u0151 alkatr\u00e9szek","og_description":"H\u0170T\u0150 P\u00d3TALKATR\u00c9SZEK Tiszt\u00e1ban vagyunk azzal, hogy a folyad\u00e9kh\u0171t\u0151k kritikus szerepet j\u00e1tszanak az \u00d6n m\u0171k\u00f6d\u00e9s\u00e9nek fenntart\u00e1s\u00e1ban. Annak \u00e9rdek\u00e9ben, hogy rendszerei zavartalanul, megszak\u00edt\u00e1s n\u00e9lk\u00fcl m\u0171k\u00f6djenek, kiv\u00e1l\u00f3 min\u0151s\u00e9g\u0171 h\u0171t\u0151alkatr\u00e9szek \u00e1tfog\u00f3 v\u00e1laszt\u00e9k\u00e1t k\u00edn\u00e1ljuk, amelyek mind az Egyes\u00fclt Kir\u00e1lys\u00e1gban a helysz\u00ednen, mind szervizm\u00e9rn\u00f6keink furgonjain rakt\u00e1ron kaphat\u00f3k. Minden furgon t\u00f6bb mint 15 ezer font \u00e9rt\u00e9k\u0171 p\u00f3talkatr\u00e9sszel van felszerelve, biztos\u00edtva a gyors ... Read more","og_url":"https:\/\/www.icscoolenergy.com\/hu\/szolgaltatas\/huto-alkatreszek\/","og_site_name":"Hungary","article_modified_time":"2024-11-30T12:05:27+00:00","og_image":[{"url":"https:\/\/www.icscoolenergy.com\/hu\/wp-content\/\/uploads\/2024\/06\/Chiller-Spare-Parts.jpg","type":"","width":"","height":""}],"twitter_card":"summary_large_image","twitter_misc":{"Est. reading time":"2 perc"},"schema":{"@context":"https:\/\/schema.org","@graph":[{"@type":"WebPage","@id":"https:\/\/www.icscoolenergy.com\/hu\/szolgaltatas\/huto-alkatreszek\/","url":"https:\/\/www.icscoolenergy.com\/hu\/szolgaltatas\/huto-alkatreszek\/","name":"H\u0171t\u0151 alkatr\u00e9szek | Hungary","isPartOf":{"@id":"https:\/\/www.icscoolenergy.com\/hu\/#website"},"primaryImageOfPage":{"@id":"https:\/\/www.icscoolenergy.com\/hu\/szolgaltatas\/huto-alkatreszek\/#primaryimage"},"image":{"@id":"https:\/\/www.icscoolenergy.com\/hu\/szolgaltatas\/huto-alkatreszek\/#primaryimage"},"thumbnailUrl":"https:\/\/www.icscoolenergy.com\/hu\/wp-content\/\/uploads\/2024\/06\/Chiller-Spare-Parts.jpg","datePublished":"2024-06-26T14:40:58+00:00","dateModified":"2024-11-30T12:05:27+00:00","breadcrumb":{"@id":"https:\/\/www.icscoolenergy.com\/hu\/szolgaltatas\/huto-alkatreszek\/#breadcrumb"},"inLanguage":"hu","potentialAction":[{"@type":"ReadAction","target":["https:\/\/www.icscoolenergy.com\/hu\/szolgaltatas\/huto-alkatreszek\/"]}]},{"@type":"ImageObject","inLanguage":"hu","@id":"https:\/\/www.icscoolenergy.com\/hu\/szolgaltatas\/huto-alkatreszek\/#primaryimage","url":"","contentUrl":""},{"@type":"BreadcrumbList","@id":"https:\/\/www.icscoolenergy.com\/hu\/szolgaltatas\/huto-alkatreszek\/#breadcrumb","itemListElement":[{"@type":"ListItem","position":1,"name":"Home","item":"https:\/\/www.icscoolenergy.com\/hu\/"},{"@type":"ListItem","position":2,"name":"Szolg\u00e1ltat\u00e1s","item":"https:\/\/www.icscoolenergy.com\/hu\/szolgaltatas\/"},{"@type":"ListItem","position":3,"name":"H\u0171t\u0151 alkatr\u00e9szek"}]},{"@type":"WebSite","@id":"https:\/\/www.icscoolenergy.com\/hu\/#website","url":"https:\/\/www.icscoolenergy.com\/hu\/","name":"ICS Cool Energy","description":"The Process Temperature Control Specialists","publisher":{"@id":"https:\/\/www.icscoolenergy.com\/hu\/#organization"},"alternateName":"ICS","potentialAction":[{"@type":"SearchAction","target":{"@type":"EntryPoint","urlTemplate":"https:\/\/www.icscoolenergy.com\/hu\/?s={search_term_string}"},"query-input":{"@type":"PropertyValueSpecification","valueRequired":true,"valueName":"search_term_string"}}],"inLanguage":"hu"},{"@type":"Organization","@id":"https:\/\/www.icscoolenergy.com\/hu\/#organization","name":"ICS Cool Energy","url":"https:\/\/www.icscoolenergy.com\/hu\/","logo":{"@type":"ImageObject","inLanguage":"hu","@id":"https:\/\/www.icscoolenergy.com\/hu\/#\/schema\/logo\/image\/","url":"https:\/\/www.icscoolenergy.com\/wp-content\/uploads\/sites\/10\/2024\/01\/ics-cool-energy-logo.svg","contentUrl":"https:\/\/www.icscoolenergy.com\/wp-content\/uploads\/sites\/10\/2024\/01\/ics-cool-energy-logo.svg","caption":"ICS Cool Energy"},"image":{"@id":"https:\/\/www.icscoolenergy.com\/hu\/#\/schema\/logo\/image\/"},"sameAs":["https:\/\/www.linkedin.com\/company\/ics-temperature-control\/","https:\/\/www.youtube.com\/@ICSCoolEnergyLtd"],"description":"ICS Cool Energy is a market leader for process and critical temperature control solutions that keep all types and sizes of businesses and industry running. Our headquarters are situated in Southampton, with offices throughout the UK and Europe, employing over 250 people in the UK alone.","email":"info@icscoolenergy.com","telephone":"0800 840 4210","legalName":"ICS Cool Energy Limited","numberOfEmployees":{"@type":"QuantitativeValue","minValue":"201","maxValue":"500"}}]}},"_links":{"self":[{"href":"https:\/\/www.icscoolenergy.com\/hu\/wp-json\/wp\/v2\/pages\/86269","targetHints":{"allow":["GET"]}}],"collection":[{"href":"https:\/\/www.icscoolenergy.com\/hu\/wp-json\/wp\/v2\/pages"}],"about":[{"href":"https:\/\/www.icscoolenergy.com\/hu\/wp-json\/wp\/v2\/types\/page"}],"author":[{"embeddable":true,"href":"https:\/\/www.icscoolenergy.com\/hu\/wp-json\/wp\/v2\/users\/15"}],"replies":[{"embeddable":true,"href":"https:\/\/www.icscoolenergy.com\/hu\/wp-json\/wp\/v2\/comments?post=86269"}],"version-history":[{"count":0,"href":"https:\/\/www.icscoolenergy.com\/hu\/wp-json\/wp\/v2\/pages\/86269\/revisions"}],"up":[{"embeddable":true,"href":"https:\/\/www.icscoolenergy.com\/hu\/wp-json\/wp\/v2\/pages\/86355"}],"wp:attachment":[{"href":"https:\/\/www.icscoolenergy.com\/hu\/wp-json\/wp\/v2\/media?parent=86269"}],"curies":[{"name":"wp","href":"https:\/\/api.w.org\/{rel}","templated":true}]}}