 
{"id":86356,"date":"2024-01-08T17:28:58","date_gmt":"2024-01-08T17:28:58","guid":{"rendered":"https:\/\/www.icscoolenergy.com\/hu\/osszes-termek\/"},"modified":"2024-11-30T12:05:33","modified_gmt":"2024-11-30T12:05:33","slug":"osszes-termek","status":"publish","type":"page","link":"https:\/\/www.icscoolenergy.com\/hu\/osszes-termek\/","title":{"rendered":"\u00d6sszes term\u00e9k"},"content":{"rendered":"\n<div style=\"height:60px\" aria-hidden=\"true\" class=\" wp-block-spacer eplus-wrapper\"><\/div>\n\n<h1 class=\" wp-block-heading eplus-wrapper\" id=\"h-all-products\">\u00d6SSZES TERM\u00c9K<\/h1>\n\n<p class=\" eplus-wrapper\">Fedezze fel h\u0171t\u00e9si \u00e9s f\u0171t\u00e9si term\u00e9keink teljes v\u00e1laszt\u00e9k\u00e1t, amelyek a leg\u00fajabb, nagy teljes\u00edtm\u00e9ny\u0171, energiahat\u00e9kony technol\u00f3gi\u00e1t k\u00edn\u00e1lj\u00e1k. Ak\u00e1r b\u00e9rel, ak\u00e1r v\u00e1s\u00e1rol, h\u00e1zon bel\u00fcli tervez\u0151 \u00e9s projektmenedzsment csapatunk szorosan egy\u00fcttm\u0171k\u00f6dik \u00d6nnel annak biztos\u00edt\u00e1sa \u00e9rdek\u00e9ben, hogy folyamath\u0171t\u00e9si, f\u0171t\u00e9si vagy h\u0151m\u00e9rs\u00e9klet-szab\u00e1lyoz\u00f3 berendez\u00e9sei a telephely helyig\u00e9ny\u00e9hez, m\u0171k\u00f6d\u00e9s\u00e9hez \u00e9s gy\u00e1rt\u00e1si k\u00f6vetelm\u00e9nyeihez igazodjanak. <\/p>\n\n<div style=\"height:30px\" aria-hidden=\"true\" class=\" wp-block-spacer eplus-wrapper\"><\/div>\n\n<div class=\"tabs\">\n    <ul class=\"tab-titles\">\n                <li class=\"tab-title\" data-tab-index=\"0\">\n            Cooling products        <\/li>\n                <li class=\"tab-title\" data-tab-index=\"1\">\n            Heating products        <\/li>\n            <\/ul>\n\n    <div class=\"tab-contents\">\n                <div class=\"tab-content\" data-tab-index=\"0\">\n            <div class=\"card-container\">\n                                                <div class=\"card\">\n                                                                                <h3 class=\"no-icon\">Chillers<\/h3>\n                                                            <p>Market leading high performance process chiller for hire, sales and service.<\/p>\n                                                                                <a\n                        href=\"https:\/\/www.icscoolenergy.com\/hu\/chiller\/\">View products<\/a>\n                                    <\/div>\n                                <div class=\"card\">\n                                                                                <h3 class=\"no-icon\">Free cooling<\/h3>\n                                                            <p>Improve energy efficiency with free cooling units to hire or buy.<\/p>\n                                                                                <a\n                        href=\"https:\/\/www.icscoolenergy.com\/hu\/free-cooling\/\">View products<\/a>\n                                    <\/div>\n                                <div class=\"card\">\n                                                                                <h3 class=\"no-icon\">Cold storage hire<\/h3>\n                                                            <p>Allowing you to keep your products or components at the optimum temperature.<\/p>\n                                                                                <a\n                        href=\"https:\/\/www.icscoolenergy.com\/hu\/cold-storage\/cold-storage-hire\/\">View products<\/a>\n                                    <\/div>\n                                <div class=\"card\">\n                                                                                <h3 class=\"no-icon\">Temperature control units<\/h3>\n                                                            <p>TCU&#039;s for sale offer a huge performance range and unrivalled temperature control.<\/p>\n                                                                                <a\n                        href=\"https:\/\/www.icscoolenergy.com\/hu\/temperature-control-unit\/temperature-control-unit-sales\/\">View products<\/a>\n                                    <\/div>\n                                <div class=\"card\">\n                                                                                <h3 class=\"no-icon\">Air conditioning hire<\/h3>\n                                                            <p>Discover our range of quiet and powerful portable air conditioning units.<\/p>\n                                                                                <a\n                        href=\"https:\/\/www.icscoolenergy.com\/hu\/air-conditioning\/air-conditioning-hire\/\">View products<\/a>\n                                    <\/div>\n                                <div class=\"card\">\n                                                                                <h3 class=\"no-icon\">Heat pump chiller hire<\/h3>\n                                                            <p>Our reversible heat pump chillers are built to a robust critical process specification.<\/p>\n                                                                                <a\n                        href=\"https:\/\/www.icscoolenergy.com\/hu\/heat-pump\/heat-pump-chiller-hire\/\">View products<\/a>\n                                    <\/div>\n                                <div class=\"card\">\n                                                                                <h3 class=\"no-icon\">Fan coil hire<\/h3>\n                                                            <p>All fan coils can provide heating and cooling, and are equipped with multiple fan speeds.<\/p>\n                                                                                <a\n                        href=\"https:\/\/www.icscoolenergy.com\/hu\/fan-coil\/fan-coil-hire\/\">View products<\/a>\n                                    <\/div>\n                                <div class=\"card\">\n                                                                                <h3 class=\"no-icon\">Low temperature fan coil hire<\/h3>\n                                                            <p>For temperatures ranging from 10\u00b0C to -20\u00b0C, ideal for process and storage applications.<\/p>\n                                                                                <a\n                        href=\"https:\/\/www.icscoolenergy.com\/hu\/fan-coil\/fan-coil-hire\/low-temperature-fan-coil\/\">View products<\/a>\n                                    <\/div>\n                                <div class=\"card\">\n                                                                                <h3 class=\"no-icon\">Air handling unit hire<\/h3>\n                                                            <p>Our units are compact and high capacity to provide airflow from 2,000m3\/hr to 40,000m3\/hr.<\/p>\n                                                                                <a\n                        href=\"https:\/\/www.icscoolenergy.com\/hu\/air-handling-unit\/air-handling-unit-hire\/\">View products<\/a>\n                                    <\/div>\n                                <div class=\"card\">\n                                                                                <h3 class=\"no-icon\">Dry air cooler hire<\/h3>\n                                                            <p>Our hire fleet offers advanced level of energy saving and the highest efficiency ratings available.<\/p>\n                                                                                <a\n                        href=\"https:\/\/www.icscoolenergy.com\/hu\/adiabatic-cooler\/dry-air-cooler-hire\/\">View products<\/a>\n                                    <\/div>\n                                            <\/div>\n        <\/div>\n                <div class=\"tab-content\" data-tab-index=\"1\">\n            <div class=\"card-container\">\n                                                <div class=\"card\">\n                                                                                <h3 class=\"no-icon\">Temperature control units<\/h3>\n                                                            <p>TCU&#039;s for sale offer a huge performance range and unrivalled temperature control.<\/p>\n                                                                                <a\n                        href=\"https:\/\/www.icscoolenergy.com\/hu\/temperature-control-unit\/temperature-control-unit-sales\/\">View products<\/a>\n                                    <\/div>\n                                <div class=\"card\">\n                                                                                <h3 class=\"no-icon\">Boiler hire<\/h3>\n                                                            <p>With options for boilers up to 2MW on a temporary basis, we are the perfect boiler partner.<\/p>\n                                                                                <a\n                        href=\"https:\/\/www.icscoolenergy.com\/hu\/boiler\/boiler-hire\/\">View products<\/a>\n                                    <\/div>\n                                <div class=\"card\">\n                                                                                <h3 class=\"no-icon\">Portable electric boiler hire<\/h3>\n                                                            <p>Our electric boilers have been designed with ease of use and installation as a top priority.<\/p>\n                                                                                <a\n                        href=\"https:\/\/www.icscoolenergy.com\/hu\/boiler\/boiler-hire\/electric\/\">View products<\/a>\n                                    <\/div>\n                                <div class=\"card\">\n                                                                                <h3 class=\"no-icon\">Heater hire<\/h3>\n                                                            <p>The portable heaters are designed to be installed easily, with plug and play functionality on every unit.<\/p>\n                                                                                <a\n                        href=\"https:\/\/www.icscoolenergy.com\/hu\/heater\/heater-hire\/\">View products<\/a>\n                                    <\/div>\n                                <div class=\"card\">\n                                                                                <h3 class=\"no-icon\">Indirect diesel fired heater hire<\/h3>\n                                                            <p>Perfect for businesses looking to heat spaces that are too large for regular fan heaters.<\/p>\n                                                                                <a\n                        href=\"https:\/\/www.icscoolenergy.com\/hu\/heater\/heater-hire\/indirect-fired-heater\/\">View products<\/a>\n                                    <\/div>\n                                <div class=\"card\">\n                                                                                <h3 class=\"no-icon\">Fan coil hire<\/h3>\n                                                            <p>Heating and cooling fan coils for process and storage applications.<\/p>\n                                                                                <a\n                        href=\"https:\/\/www.icscoolenergy.com\/hu\/fan-coil\/fan-coil-hire\/\">View products<\/a>\n                                    <\/div>\n                                <div class=\"card\">\n                                                                                <h3 class=\"no-icon\">Heat pump chiller hire<\/h3>\n                                                            <p>Our reversible heat pump chillers are built to a robust critical process specification.<\/p>\n                                                                                <a\n                        href=\"https:\/\/www.icscoolenergy.com\/hu\/heat-pump\/heat-pump-chiller-hire\/\">View products<\/a>\n                                    <\/div>\n                                            <\/div>\n        <\/div>\n            <\/div>\n<\/div>\n\n\n<script defer>\ndocument.addEventListener('DOMContentLoaded', function() {\n    var tabTitles = document.querySelectorAll('.tab-title');\n    var tabContents = document.querySelectorAll('.tab-content');\n\n    function clearActiveStates() {\n        tabTitles.forEach(function(title) {\n            title.classList.remove('active');\n        });\n        tabContents.forEach(function(content) {\n            content.classList.remove('active');\n        });\n    }\n\n    tabTitles.forEach(function(title) {\n        title.addEventListener('click', function() {\n            var tabIndex = this.getAttribute('data-tab-index');\n            clearActiveStates();\n            this.classList.add('active');\n            document.querySelector('.tab-content[data-tab-index=\"' + tabIndex + '\"]').classList\n                .add('active');\n        });\n    });\n\n    \/\/ Set the first tab and content as active by default\n    if (tabTitles.length > 0 && tabContents.length > 0) {\n        tabTitles[0].classList.add('active');\n        tabContents[0].classList.add('active');\n    }\n});\n<\/script>\n\n<div style=\"height:90px\" aria-hidden=\"true\" class=\" wp-block-spacer eplus-wrapper\"><\/div>\n","protected":false},"excerpt":{"rendered":"<p>\u00d6SSZES TERM\u00c9K Fedezze fel h\u0171t\u00e9si \u00e9s f\u0171t\u00e9si term\u00e9keink teljes v\u00e1laszt\u00e9k\u00e1t, amelyek a leg\u00fajabb, nagy teljes\u00edtm\u00e9ny\u0171, energiahat\u00e9kony technol\u00f3gi\u00e1t k\u00edn\u00e1lj\u00e1k. Ak\u00e1r b\u00e9rel, ak\u00e1r v\u00e1s\u00e1rol, h\u00e1zon bel\u00fcli tervez\u0151 \u00e9s projektmenedzsment csapatunk szorosan egy\u00fcttm\u0171k\u00f6dik \u00d6nnel annak biztos\u00edt\u00e1sa \u00e9rdek\u00e9ben, hogy folyamath\u0171t\u00e9si, f\u0171t\u00e9si vagy h\u0151m\u00e9rs\u00e9klet-szab\u00e1lyoz\u00f3 berendez\u00e9sei a telephely helyig\u00e9ny\u00e9hez, m\u0171k\u00f6d\u00e9s\u00e9hez \u00e9s gy\u00e1rt\u00e1si k\u00f6vetelm\u00e9nyeihez igazodjanak.<\/p>\n","protected":false},"author":1,"featured_media":0,"parent":0,"menu_order":0,"comment_status":"closed","ping_status":"closed","template":"template-1.php","meta":{"_acf_changed":false,"inline_featured_image":false,"_editorskit_title_hidden":false,"_editorskit_reading_time":0,"_editorskit_is_block_options_detached":false,"_editorskit_block_options_position":"{}","editor_plus_copied_stylings":"{}","footnotes":""},"class_list":["post-86356","page","type-page","status-publish"],"acf":[],"yoast_head":"<!-- This site is optimized with the Yoast SEO Premium plugin v24.5 (Yoast SEO v26.9) - https:\/\/yoast.com\/product\/yoast-seo-premium-wordpress\/ -->\n<title>\u00d6sszes term\u00e9k | Hungary<\/title>\n<meta name=\"robots\" content=\"index, follow, max-snippet:-1, max-image-preview:large, max-video-preview:-1\" \/>\n<link rel=\"canonical\" href=\"https:\/\/www.icscoolenergy.com\/hu\/osszes-termek\/\" \/>\n<meta property=\"og:locale\" content=\"hu_HU\" \/>\n<meta property=\"og:type\" content=\"article\" \/>\n<meta property=\"og:title\" content=\"\u00d6sszes term\u00e9k\" \/>\n<meta property=\"og:description\" content=\"\u00d6SSZES TERM\u00c9K Fedezze fel h\u0171t\u00e9si \u00e9s f\u0171t\u00e9si term\u00e9keink teljes v\u00e1laszt\u00e9k\u00e1t, amelyek a leg\u00fajabb, nagy teljes\u00edtm\u00e9ny\u0171, energiahat\u00e9kony technol\u00f3gi\u00e1t k\u00edn\u00e1lj\u00e1k. Ak\u00e1r b\u00e9rel, ak\u00e1r v\u00e1s\u00e1rol, h\u00e1zon bel\u00fcli tervez\u0151 \u00e9s projektmenedzsment csapatunk szorosan egy\u00fcttm\u0171k\u00f6dik \u00d6nnel annak biztos\u00edt\u00e1sa \u00e9rdek\u00e9ben, hogy folyamath\u0171t\u00e9si, f\u0171t\u00e9si vagy h\u0151m\u00e9rs\u00e9klet-szab\u00e1lyoz\u00f3 berendez\u00e9sei a telephely helyig\u00e9ny\u00e9hez, m\u0171k\u00f6d\u00e9s\u00e9hez \u00e9s gy\u00e1rt\u00e1si k\u00f6vetelm\u00e9nyeihez igazodjanak.\" \/>\n<meta property=\"og:url\" content=\"https:\/\/www.icscoolenergy.com\/hu\/osszes-termek\/\" \/>\n<meta property=\"og:site_name\" content=\"Hungary\" \/>\n<meta property=\"article:modified_time\" content=\"2024-11-30T12:05:33+00:00\" \/>\n<meta property=\"og:image\" content=\"https:\/\/www.icscoolenergy.com\/wp-content\/uploads\/sites\/10\/2024\/05\/Yoast-Hero-Image.jpg\" \/>\n\t<meta property=\"og:image:width\" content=\"1200\" \/>\n\t<meta property=\"og:image:height\" content=\"675\" \/>\n\t<meta property=\"og:image:type\" content=\"image\/jpeg\" \/>\n<meta name=\"twitter:card\" content=\"summary_large_image\" \/>\n<meta name=\"twitter:label1\" content=\"Est. reading time\" \/>\n\t<meta name=\"twitter:data1\" content=\"1 perc\" \/>\n<script type=\"application\/ld+json\" class=\"yoast-schema-graph\">{\"@context\":\"https:\/\/schema.org\",\"@graph\":[{\"@type\":\"WebPage\",\"@id\":\"https:\/\/www.icscoolenergy.com\/hu\/osszes-termek\/\",\"url\":\"https:\/\/www.icscoolenergy.com\/hu\/osszes-termek\/\",\"name\":\"\u00d6sszes term\u00e9k | Hungary\",\"isPartOf\":{\"@id\":\"https:\/\/www.icscoolenergy.com\/hu\/#website\"},\"datePublished\":\"2024-01-08T17:28:58+00:00\",\"dateModified\":\"2024-11-30T12:05:33+00:00\",\"breadcrumb\":{\"@id\":\"https:\/\/www.icscoolenergy.com\/hu\/osszes-termek\/#breadcrumb\"},\"inLanguage\":\"hu\",\"potentialAction\":[{\"@type\":\"ReadAction\",\"target\":[\"https:\/\/www.icscoolenergy.com\/hu\/osszes-termek\/\"]}]},{\"@type\":\"BreadcrumbList\",\"@id\":\"https:\/\/www.icscoolenergy.com\/hu\/osszes-termek\/#breadcrumb\",\"itemListElement\":[{\"@type\":\"ListItem\",\"position\":1,\"name\":\"Home\",\"item\":\"https:\/\/www.icscoolenergy.com\/hu\/\"},{\"@type\":\"ListItem\",\"position\":2,\"name\":\"\u00d6sszes term\u00e9k\"}]},{\"@type\":\"WebSite\",\"@id\":\"https:\/\/www.icscoolenergy.com\/hu\/#website\",\"url\":\"https:\/\/www.icscoolenergy.com\/hu\/\",\"name\":\"ICS Cool Energy\",\"description\":\"The Process Temperature Control Specialists\",\"publisher\":{\"@id\":\"https:\/\/www.icscoolenergy.com\/hu\/#organization\"},\"alternateName\":\"ICS\",\"potentialAction\":[{\"@type\":\"SearchAction\",\"target\":{\"@type\":\"EntryPoint\",\"urlTemplate\":\"https:\/\/www.icscoolenergy.com\/hu\/?s={search_term_string}\"},\"query-input\":{\"@type\":\"PropertyValueSpecification\",\"valueRequired\":true,\"valueName\":\"search_term_string\"}}],\"inLanguage\":\"hu\"},{\"@type\":\"Organization\",\"@id\":\"https:\/\/www.icscoolenergy.com\/hu\/#organization\",\"name\":\"ICS Cool Energy\",\"url\":\"https:\/\/www.icscoolenergy.com\/hu\/\",\"logo\":{\"@type\":\"ImageObject\",\"inLanguage\":\"hu\",\"@id\":\"https:\/\/www.icscoolenergy.com\/hu\/#\/schema\/logo\/image\/\",\"url\":\"https:\/\/www.icscoolenergy.com\/wp-content\/uploads\/sites\/10\/2024\/01\/ics-cool-energy-logo.svg\",\"contentUrl\":\"https:\/\/www.icscoolenergy.com\/wp-content\/uploads\/sites\/10\/2024\/01\/ics-cool-energy-logo.svg\",\"caption\":\"ICS Cool Energy\"},\"image\":{\"@id\":\"https:\/\/www.icscoolenergy.com\/hu\/#\/schema\/logo\/image\/\"},\"sameAs\":[\"https:\/\/www.linkedin.com\/company\/ics-temperature-control\/\",\"https:\/\/www.youtube.com\/@ICSCoolEnergyLtd\"],\"description\":\"ICS Cool Energy is a market leader for process and critical temperature control solutions that keep all types and sizes of businesses and industry running. Our headquarters are situated in Southampton, with offices throughout the UK and Europe, employing over 250 people in the UK alone.\",\"email\":\"info@icscoolenergy.com\",\"telephone\":\"0800 840 4210\",\"legalName\":\"ICS Cool Energy Limited\",\"numberOfEmployees\":{\"@type\":\"QuantitativeValue\",\"minValue\":\"201\",\"maxValue\":\"500\"}}]}<\/script>\n<!-- \/ Yoast SEO Premium plugin. -->","yoast_head_json":{"title":"\u00d6sszes term\u00e9k | Hungary","robots":{"index":"index","follow":"follow","max-snippet":"max-snippet:-1","max-image-preview":"max-image-preview:large","max-video-preview":"max-video-preview:-1"},"canonical":"https:\/\/www.icscoolenergy.com\/hu\/osszes-termek\/","og_locale":"hu_HU","og_type":"article","og_title":"\u00d6sszes term\u00e9k","og_description":"\u00d6SSZES TERM\u00c9K Fedezze fel h\u0171t\u00e9si \u00e9s f\u0171t\u00e9si term\u00e9keink teljes v\u00e1laszt\u00e9k\u00e1t, amelyek a leg\u00fajabb, nagy teljes\u00edtm\u00e9ny\u0171, energiahat\u00e9kony technol\u00f3gi\u00e1t k\u00edn\u00e1lj\u00e1k. Ak\u00e1r b\u00e9rel, ak\u00e1r v\u00e1s\u00e1rol, h\u00e1zon bel\u00fcli tervez\u0151 \u00e9s projektmenedzsment csapatunk szorosan egy\u00fcttm\u0171k\u00f6dik \u00d6nnel annak biztos\u00edt\u00e1sa \u00e9rdek\u00e9ben, hogy folyamath\u0171t\u00e9si, f\u0171t\u00e9si vagy h\u0151m\u00e9rs\u00e9klet-szab\u00e1lyoz\u00f3 berendez\u00e9sei a telephely helyig\u00e9ny\u00e9hez, m\u0171k\u00f6d\u00e9s\u00e9hez \u00e9s gy\u00e1rt\u00e1si k\u00f6vetelm\u00e9nyeihez igazodjanak.","og_url":"https:\/\/www.icscoolenergy.com\/hu\/osszes-termek\/","og_site_name":"Hungary","article_modified_time":"2024-11-30T12:05:33+00:00","og_image":[{"width":1200,"height":675,"url":"https:\/\/www.icscoolenergy.com\/wp-content\/uploads\/sites\/10\/2024\/05\/Yoast-Hero-Image.jpg","type":"image\/jpeg"}],"twitter_card":"summary_large_image","twitter_misc":{"Est. reading time":"1 perc"},"schema":{"@context":"https:\/\/schema.org","@graph":[{"@type":"WebPage","@id":"https:\/\/www.icscoolenergy.com\/hu\/osszes-termek\/","url":"https:\/\/www.icscoolenergy.com\/hu\/osszes-termek\/","name":"\u00d6sszes term\u00e9k | Hungary","isPartOf":{"@id":"https:\/\/www.icscoolenergy.com\/hu\/#website"},"datePublished":"2024-01-08T17:28:58+00:00","dateModified":"2024-11-30T12:05:33+00:00","breadcrumb":{"@id":"https:\/\/www.icscoolenergy.com\/hu\/osszes-termek\/#breadcrumb"},"inLanguage":"hu","potentialAction":[{"@type":"ReadAction","target":["https:\/\/www.icscoolenergy.com\/hu\/osszes-termek\/"]}]},{"@type":"BreadcrumbList","@id":"https:\/\/www.icscoolenergy.com\/hu\/osszes-termek\/#breadcrumb","itemListElement":[{"@type":"ListItem","position":1,"name":"Home","item":"https:\/\/www.icscoolenergy.com\/hu\/"},{"@type":"ListItem","position":2,"name":"\u00d6sszes term\u00e9k"}]},{"@type":"WebSite","@id":"https:\/\/www.icscoolenergy.com\/hu\/#website","url":"https:\/\/www.icscoolenergy.com\/hu\/","name":"ICS Cool Energy","description":"The Process Temperature Control Specialists","publisher":{"@id":"https:\/\/www.icscoolenergy.com\/hu\/#organization"},"alternateName":"ICS","potentialAction":[{"@type":"SearchAction","target":{"@type":"EntryPoint","urlTemplate":"https:\/\/www.icscoolenergy.com\/hu\/?s={search_term_string}"},"query-input":{"@type":"PropertyValueSpecification","valueRequired":true,"valueName":"search_term_string"}}],"inLanguage":"hu"},{"@type":"Organization","@id":"https:\/\/www.icscoolenergy.com\/hu\/#organization","name":"ICS Cool Energy","url":"https:\/\/www.icscoolenergy.com\/hu\/","logo":{"@type":"ImageObject","inLanguage":"hu","@id":"https:\/\/www.icscoolenergy.com\/hu\/#\/schema\/logo\/image\/","url":"https:\/\/www.icscoolenergy.com\/wp-content\/uploads\/sites\/10\/2024\/01\/ics-cool-energy-logo.svg","contentUrl":"https:\/\/www.icscoolenergy.com\/wp-content\/uploads\/sites\/10\/2024\/01\/ics-cool-energy-logo.svg","caption":"ICS Cool Energy"},"image":{"@id":"https:\/\/www.icscoolenergy.com\/hu\/#\/schema\/logo\/image\/"},"sameAs":["https:\/\/www.linkedin.com\/company\/ics-temperature-control\/","https:\/\/www.youtube.com\/@ICSCoolEnergyLtd"],"description":"ICS Cool Energy is a market leader for process and critical temperature control solutions that keep all types and sizes of businesses and industry running. Our headquarters are situated in Southampton, with offices throughout the UK and Europe, employing over 250 people in the UK alone.","email":"info@icscoolenergy.com","telephone":"0800 840 4210","legalName":"ICS Cool Energy Limited","numberOfEmployees":{"@type":"QuantitativeValue","minValue":"201","maxValue":"500"}}]}},"_links":{"self":[{"href":"https:\/\/www.icscoolenergy.com\/hu\/wp-json\/wp\/v2\/pages\/86356","targetHints":{"allow":["GET"]}}],"collection":[{"href":"https:\/\/www.icscoolenergy.com\/hu\/wp-json\/wp\/v2\/pages"}],"about":[{"href":"https:\/\/www.icscoolenergy.com\/hu\/wp-json\/wp\/v2\/types\/page"}],"author":[{"embeddable":true,"href":"https:\/\/www.icscoolenergy.com\/hu\/wp-json\/wp\/v2\/users\/1"}],"replies":[{"embeddable":true,"href":"https:\/\/www.icscoolenergy.com\/hu\/wp-json\/wp\/v2\/comments?post=86356"}],"version-history":[{"count":0,"href":"https:\/\/www.icscoolenergy.com\/hu\/wp-json\/wp\/v2\/pages\/86356\/revisions"}],"wp:attachment":[{"href":"https:\/\/www.icscoolenergy.com\/hu\/wp-json\/wp\/v2\/media?parent=86356"}],"curies":[{"name":"wp","href":"https:\/\/api.w.org\/{rel}","templated":true}]}}