 
{"id":86370,"date":"2024-01-04T11:53:44","date_gmt":"2024-01-04T11:53:44","guid":{"rendered":"https:\/\/www.icscoolenergy.com\/hu\/megoldasok\/"},"modified":"2024-11-30T12:05:42","modified_gmt":"2024-11-30T12:05:42","slug":"megoldasok","status":"publish","type":"page","link":"https:\/\/www.icscoolenergy.com\/hu\/megoldasok\/","title":{"rendered":"Megold\u00e1sok"},"content":{"rendered":"\n<div style=\"height:40px\" aria-hidden=\"true\" class=\" wp-block-spacer eplus-wrapper\"><\/div>\n\n<div class=\"wp-block-group eplus-wrapper is-content-justification-left is-layout-constrained wp-container-core-group-is-layout-8c890d92 wp-block-group-is-layout-constrained\"><h1 class=\" wp-block-heading eplus-wrapper eplus-styles-uid-641ddf\" id=\"h-solutions\">MEGOLD\u00c1SOK<\/h1>\n\n\n<p class=\" eplus-wrapper\">B\u00fcszk\u00e9k vagyunk arra, hogy ilyen sok ipar\u00e1gban \u00e9s ilyen sokf\u00e9le m\u00f3don vesz\u00fcnk r\u00e9szt. \u00dcgyfeleink a glob\u00e1lis vezet\u0151kt\u0151l a kkv-kig \u00e9s butikgy\u00e1rt\u00f3kig terjednek. Sz\u00e1munkra nincs &#8222;tipikus \u00fcgyf\u00e9l&#8221; \u2013 mindegyik nagyon k\u00fcl\u00f6nb\u00f6z\u0151.  <\/p>\n\n\n\n<p class=\" eplus-wrapper\">B\u00fcszk\u00e9k vagyunk arra, hogy \u00fcgyfeleink \u00fajra \u00e9s \u00fajra visszat\u00e9rnek hozz\u00e1nk, \u00e9s sz\u00e1mos kapcsolatunk van, amelyek legal\u00e1bb 20 \u00e9ve alakultak ki. De tudjuk, hogy csak annyira vagyunk j\u00f3k, mint az el\u0151z\u0151 munkahelyen \u2013 \u00e9s pontosan ez\u00e9rt vannak ipar\u00e1gvezet\u0151 min\u0151s\u00e9gellen\u0151rz\u00e9si rendszereink, folyamatos befektet\u00e9seink az emberekbe, hogy minden alkalommal a legjobbak legy\u00fcnk. <\/p>\n<\/div>\n\n<div style=\"height:40px\" aria-hidden=\"true\" class=\" wp-block-spacer eplus-wrapper\"><\/div>\n\n<div class=\"wp-block-group eplus-wrapper is-layout-flow wp-block-group-is-layout-flow\"><div class=\"wp-block-columns eplus-wrapper is-layout-flex wp-container-core-columns-is-layout-9d6595d7 wp-block-columns-is-layout-flex eplus-styles-uid-21df7c\">\n<div class=\"card-hover-grey shadow rounded-md cat-card  wp-block-column has-white-background-color has-background ek-linked-block eplus-wrapper is-layout-flow wp-block-column-is-layout-flow\">\n<div class=\"wp-block-group eplus-wrapper is-layout-constrained wp-block-group-is-layout-constrained\">\n<figure class=\"rounded-t-lg is-style-default h-fit wp-block-image size-full eplus-wrapper\"><img decoding=\"async\" width=\"550\" height=\"303\" src=\"https:\/\/www.icscoolenergy.com\/hu\/wp-content\/uploads\/sites\/10\/2024\/04\/Automotive-Industry-Thumb.jpg\" alt=\"Aut\u00f3ipari h\u00fcvelykujj\" class=\"wp-image-83838\" style=\"object-fit:cover\" srcset=\"https:\/\/www.icscoolenergy.com\/wp-content\/uploads\/sites\/10\/2024\/04\/Automotive-Industry-Thumb.jpg 550w, https:\/\/www.icscoolenergy.com\/wp-content\/uploads\/sites\/10\/2024\/04\/Automotive-Industry-Thumb-300x165.jpg 300w, https:\/\/www.icscoolenergy.com\/wp-content\/uploads\/sites\/10\/2024\/04\/Automotive-Industry-Thumb-50x28.jpg 50w\" sizes=\"(max-width: 550px) 100vw, 550px\" \/><\/figure>\n\n\n\n<div class=\"px-8 pt-4 pb-8 wp-block-group eplus-wrapper is-layout-constrained wp-block-group-is-layout-constrained\">\n<h5 class=\"wp-block-heading has-text-align-left has-text-color has-link-color eplus-wrapper wp-elements-4e4159ee478966f9715a69c704dda343\" id=\"h-industries\" style=\"color:#323130\">Ipar\u00e1gak<\/h5>\n\n\n\n<p class=\" eplus-wrapper\">Fedezze fel, hogyan seg\u00edt\u00fcnk sz\u00e1mos ipar\u00e1gnak h\u0151m\u00e9rs\u00e9klet-szab\u00e1lyoz\u00f3 berendez\u00e9seikkel.<\/p>\n\n\n\n<div class=\"w-full wp-block-buttons eplus-wrapper is-content-justification-center is-layout-flex wp-container-core-buttons-is-layout-16018d1d wp-block-buttons-is-layout-flex\"><div class=\"hover-btn-light-blue w-full is-style-outline card-btn  wp-block-button has-custom-width wp-block-button__width-100 eplus-wrapper is-style-outline--1 eplus-styles-uid-f425b4\"><a class=\"wp-block-button__link has-primary-color has-text-color has-background has-link-color wp-element-button\" style=\"border-radius:100px;background-color:#ffffff00\">Tudj meg t\u00f6bbet<\/a><\/div><\/div>\n<\/div>\n<\/div>\n<a href=\"\/solutions\/industry\/\" class=\"editorskit-block-link\" rel=\"\"><\/a><\/div>\n\n\n\n<div class=\"card-hover-grey shadow rounded-md cat-card  wp-block-column has-white-background-color has-background ek-linked-block eplus-wrapper is-layout-flow wp-block-column-is-layout-flow\">\n<div class=\"wp-block-group eplus-wrapper is-layout-constrained wp-block-group-is-layout-constrained\">\n<figure class=\"rounded-t-lg is-style-default h-fit wp-block-image size-full eplus-wrapper\"><img decoding=\"async\" width=\"550\" height=\"303\" src=\"https:\/\/www.icscoolenergy.com\/hu\/wp-content\/uploads\/sites\/10\/2024\/05\/Trade-thumbnail.jpg\" alt=\"\" class=\"wp-image-84255\" style=\"object-fit:cover\" srcset=\"https:\/\/www.icscoolenergy.com\/wp-content\/uploads\/sites\/10\/2024\/05\/Trade-thumbnail.jpg 550w, https:\/\/www.icscoolenergy.com\/wp-content\/uploads\/sites\/10\/2024\/05\/Trade-thumbnail-300x165.jpg 300w, https:\/\/www.icscoolenergy.com\/wp-content\/uploads\/sites\/10\/2024\/05\/Trade-thumbnail-50x28.jpg 50w\" sizes=\"(max-width: 550px) 100vw, 550px\" \/><\/figure>\n\n\n\n<div class=\"px-8 pt-4 pb-8 wp-block-group eplus-wrapper is-layout-constrained wp-block-group-is-layout-constrained\">\n<h5 class=\"wp-block-heading has-text-align-left has-text-color has-link-color eplus-wrapper wp-elements-c91b41ffa0b54044ce2e020a3b022972\" id=\"h-trade\" style=\"color:#323130\">Kereskedelem<\/h5>\n\n\n\n<p class=\" eplus-wrapper\">\u00c1tfog\u00f3 folyamath\u0151m\u00e9rs\u00e9klet-szab\u00e1lyoz\u00f3 term\u00e9kv\u00e1laszt\u00e9kunkat \u00fagy alak\u00edtottuk ki, hogy b\u0151v\u00edtse portf\u00f3li\u00f3j\u00e1t.<\/p>\n\n\n\n<div class=\"w-full wp-block-buttons eplus-wrapper is-content-justification-center is-layout-flex wp-container-core-buttons-is-layout-16018d1d wp-block-buttons-is-layout-flex\"><div class=\"hover-btn-light-blue w-full is-style-outline card-btn  wp-block-button has-custom-width wp-block-button__width-100 eplus-wrapper is-style-outline--2 eplus-styles-uid-aab74a\"><a class=\"wp-block-button__link has-primary-color has-text-color has-background has-link-color wp-element-button\" style=\"border-radius:100px;background-color:#ffffff00\">Tudj meg t\u00f6bbet<\/a><\/div><\/div>\n<\/div>\n<\/div>\n<a href=\"\/solutions\/trade\/\" class=\"editorskit-block-link\" rel=\"\"><\/a><\/div>\n\n\n\n<div class=\"card-hover-grey shadow rounded-md cat-card  wp-block-column has-white-background-color has-background ek-linked-block eplus-wrapper is-layout-flow wp-block-column-is-layout-flow\">\n<div class=\"wp-block-group eplus-wrapper is-layout-constrained wp-block-group-is-layout-constrained\">\n<figure class=\"rounded-t-lg is-style-default h-fit wp-block-image size-full eplus-wrapper\"><img decoding=\"async\" width=\"550\" height=\"303\" src=\"https:\/\/www.icscoolenergy.com\/hu\/wp-content\/uploads\/sites\/10\/2024\/05\/OEMs.jpg\" alt=\"\" class=\"wp-image-84250\" style=\"object-fit:cover\" srcset=\"https:\/\/www.icscoolenergy.com\/wp-content\/uploads\/sites\/10\/2024\/05\/OEMs.jpg 550w, https:\/\/www.icscoolenergy.com\/wp-content\/uploads\/sites\/10\/2024\/05\/OEMs-300x165.jpg 300w, https:\/\/www.icscoolenergy.com\/wp-content\/uploads\/sites\/10\/2024\/05\/OEMs-50x28.jpg 50w\" sizes=\"(max-width: 550px) 100vw, 550px\" \/><\/figure>\n\n\n\n<div class=\"px-8 pt-4 pb-8 wp-block-group eplus-wrapper is-layout-constrained wp-block-group-is-layout-constrained\">\n<h5 class=\"wp-block-heading has-text-align-left has-text-color has-link-color eplus-wrapper wp-elements-59768dcc8e26b2a3784f57978b43ee78\" id=\"h-oem-s\" style=\"color:#323130\">OEM-ek<\/h5>\n\n\n\n<p class=\" eplus-wrapper\">A gy\u00e1rt\u00f3k biztosak lehetnek abban, hogy term\u00e9keik optim\u00e1lis teljes\u00edtm\u00e9nyh\u0151m\u00e9rs\u00e9kleten m\u0171k\u00f6dnek.<\/p>\n\n\n\n<div class=\"w-full wp-block-buttons eplus-wrapper is-content-justification-center is-layout-flex wp-container-core-buttons-is-layout-16018d1d wp-block-buttons-is-layout-flex\"><div class=\"hover-btn-light-blue w-full is-style-outline card-btn  wp-block-button has-custom-width wp-block-button__width-100 eplus-wrapper is-style-outline--3 eplus-styles-uid-85d857\"><a class=\"wp-block-button__link has-primary-color has-text-color has-background has-link-color wp-element-button\" style=\"border-radius:100px;background-color:#ffffff00\">Tudj meg t\u00f6bbet<\/a><\/div><\/div>\n<\/div>\n<\/div>\n<a href=\"\/solutions\/oem\/\" class=\"editorskit-block-link\" rel=\"\"><\/a><\/div>\n\n\n\n<div class=\"card-hover-grey shadow rounded-md cat-card  wp-block-column has-white-background-color has-background ek-linked-block eplus-wrapper is-layout-flow wp-block-column-is-layout-flow\">\n<div class=\"wp-block-group eplus-wrapper is-layout-constrained wp-block-group-is-layout-constrained\">\n<figure class=\"rounded-t-lg is-style-default h-fit wp-block-image size-full eplus-wrapper\"><img decoding=\"async\" width=\"550\" height=\"303\" src=\"https:\/\/www.icscoolenergy.com\/hu\/wp-content\/uploads\/sites\/10\/2024\/05\/Energy-enhancements-thumbnail.jpg\" alt=\"\" class=\"wp-image-84240\" style=\"object-fit:cover\" srcset=\"https:\/\/www.icscoolenergy.com\/wp-content\/uploads\/sites\/10\/2024\/05\/Energy-enhancements-thumbnail.jpg 550w, https:\/\/www.icscoolenergy.com\/wp-content\/uploads\/sites\/10\/2024\/05\/Energy-enhancements-thumbnail-300x165.jpg 300w, https:\/\/www.icscoolenergy.com\/wp-content\/uploads\/sites\/10\/2024\/05\/Energy-enhancements-thumbnail-50x28.jpg 50w\" sizes=\"(max-width: 550px) 100vw, 550px\" \/><\/figure>\n\n\n\n<div class=\"px-8 pt-4 pb-8 wp-block-group eplus-wrapper is-layout-constrained wp-block-group-is-layout-constrained\">\n<h5 class=\"wp-block-heading has-text-align-left has-text-color has-link-color eplus-wrapper wp-elements-ac1cd759b2e28836d97e3fbe30fc890f\" id=\"h-energy-enhancements\" style=\"color:#323130\">Energiafejleszt\u00e9sek<\/h5>\n\n\n\n<p class=\" eplus-wrapper\">Jav\u00edtsa berendez\u00e9seit az energiak\u00f6lts\u00e9gek \u00e9s a k\u00e1rosanyag-kibocs\u00e1t\u00e1s cs\u00f6kkent\u00e9se, az \u00fczem \u00e9lettartam\u00e1nak meghosszabb\u00edt\u00e1sa \u00e9s a meghib\u00e1sod\u00e1si kock\u00e1zat cs\u00f6kkent\u00e9se \u00e9rdek\u00e9ben.<\/p>\n\n\n\n<div class=\"w-full wp-block-buttons eplus-wrapper is-content-justification-center is-layout-flex wp-container-core-buttons-is-layout-16018d1d wp-block-buttons-is-layout-flex\"><div class=\"hover-btn-light-blue w-full is-style-outline card-btn  wp-block-button has-custom-width wp-block-button__width-100 eplus-wrapper is-style-outline--4 eplus-styles-uid-17ee02\"><a class=\"wp-block-button__link has-primary-color has-text-color has-background has-link-color wp-element-button\" style=\"border-radius:100px;background-color:#ffffff00\">Tudj meg t\u00f6bbet<\/a><\/div><\/div>\n<\/div>\n<\/div>\n<a href=\"\/solutions\/energy-enhancements\/\" class=\"editorskit-block-link\" rel=\"\"><\/a><\/div>\n\n\n\n<div class=\"card-hover-grey shadow rounded-md cat-card  wp-block-column has-white-background-color has-background ek-linked-block eplus-wrapper is-layout-flow wp-block-column-is-layout-flow\">\n<div class=\"wp-block-group eplus-wrapper is-layout-constrained wp-block-group-is-layout-constrained\">\n<figure class=\"rounded-t-lg is-style-default h-fit wp-block-image size-full eplus-wrapper\"><img decoding=\"async\" width=\"550\" height=\"303\" src=\"https:\/\/www.icscoolenergy.com\/hu\/wp-content\/uploads\/sites\/10\/2024\/05\/Flex-CTA-thumbnail.jpg\" alt=\"\" class=\"wp-image-84245\" style=\"object-fit:cover\" srcset=\"https:\/\/www.icscoolenergy.com\/wp-content\/uploads\/sites\/10\/2024\/05\/Flex-CTA-thumbnail.jpg 550w, https:\/\/www.icscoolenergy.com\/wp-content\/uploads\/sites\/10\/2024\/05\/Flex-CTA-thumbnail-300x165.jpg 300w, https:\/\/www.icscoolenergy.com\/wp-content\/uploads\/sites\/10\/2024\/05\/Flex-CTA-thumbnail-50x28.jpg 50w\" sizes=\"(max-width: 550px) 100vw, 550px\" \/><\/figure>\n\n\n\n<div class=\"px-8 pt-4 pb-8 wp-block-group eplus-wrapper is-layout-constrained wp-block-group-is-layout-constrained\">\n<h5 class=\"wp-block-heading has-text-align-left has-text-color has-link-color eplus-wrapper wp-elements-d957ba01b0ce61dc8ba781f87575c0c9\" id=\"h-flex-subscriptions\" style=\"color:#323130\">Flex-el\u0151fizet\u00e9sek<\/h5>\n\n\n\n<p class=\" eplus-wrapper\">Flex tags\u00e1gunk lehet\u0151v\u00e9 teszi, hogy t\u0151kebefektet\u00e9s n\u00e9lk\u00fcl rendelkezzen a leg\u00fajabb h\u0171t\u00e9si technol\u00f3gi\u00e1val.<\/p>\n\n\n\n<div class=\"w-full wp-block-buttons eplus-wrapper is-content-justification-center is-layout-flex wp-container-core-buttons-is-layout-16018d1d wp-block-buttons-is-layout-flex\"><div class=\"hover-btn-light-blue w-full is-style-outline card-btn  wp-block-button has-custom-width wp-block-button__width-100 eplus-wrapper is-style-outline--5 eplus-styles-uid-626417\"><a class=\"wp-block-button__link has-primary-color has-text-color has-background has-link-color wp-element-button\" style=\"border-radius:100px;background-color:#ffffff00\">Tudj meg t\u00f6bbet<\/a><\/div><\/div>\n<\/div>\n<\/div>\n<a href=\"\/solutions\/flex\/\" class=\"editorskit-block-link\" rel=\"\"><\/a><\/div>\n<\/div><\/div>\n\n<div style=\"height:40px\" aria-hidden=\"true\" class=\" wp-block-spacer eplus-wrapper\"><\/div>\n","protected":false},"excerpt":{"rendered":"<p>MEGOLD\u00c1SOK B\u00fcszk\u00e9k vagyunk arra, hogy ilyen sok ipar\u00e1gban \u00e9s ilyen sokf\u00e9le m\u00f3don vesz\u00fcnk r\u00e9szt. \u00dcgyfeleink a glob\u00e1lis vezet\u0151kt\u0151l a kkv-kig \u00e9s butikgy\u00e1rt\u00f3kig terjednek. Sz\u00e1munkra nincs &#8222;tipikus \u00fcgyf\u00e9l&#8221; \u2013 mindegyik nagyon k\u00fcl\u00f6nb\u00f6z\u0151. B\u00fcszk\u00e9k vagyunk arra, hogy \u00fcgyfeleink \u00fajra \u00e9s \u00fajra visszat\u00e9rnek hozz\u00e1nk, \u00e9s sz\u00e1mos kapcsolatunk van, amelyek legal\u00e1bb 20 \u00e9ve alakultak ki. De tudjuk, hogy csak &#8230; <a title=\"Megold\u00e1sok\" class=\"read-more\" href=\"https:\/\/www.icscoolenergy.com\/hu\/megoldasok\/\" aria-label=\"More on Megold\u00e1sok\">Read more<\/a><\/p>\n","protected":false},"author":1,"featured_media":0,"parent":0,"menu_order":0,"comment_status":"closed","ping_status":"closed","template":"template-1.php","meta":{"_acf_changed":false,"inline_featured_image":false,"_editorskit_title_hidden":false,"_editorskit_reading_time":0,"_editorskit_is_block_options_detached":false,"_editorskit_block_options_position":"{}","editor_plus_copied_stylings":"{}","footnotes":""},"class_list":["post-86370","page","type-page","status-publish"],"acf":[],"yoast_head":"<!-- This site is optimized with the Yoast SEO Premium plugin v24.5 (Yoast SEO v26.9) - https:\/\/yoast.com\/product\/yoast-seo-premium-wordpress\/ -->\n<title>Megold\u00e1sok | Hungary<\/title>\n<meta name=\"robots\" content=\"index, follow, max-snippet:-1, max-image-preview:large, max-video-preview:-1\" \/>\n<link rel=\"canonical\" href=\"https:\/\/www.icscoolenergy.com\/hu\/megoldasok\/\" \/>\n<meta property=\"og:locale\" content=\"hu_HU\" \/>\n<meta property=\"og:type\" content=\"article\" \/>\n<meta property=\"og:title\" content=\"Megold\u00e1sok\" \/>\n<meta property=\"og:description\" content=\"MEGOLD\u00c1SOK B\u00fcszk\u00e9k vagyunk arra, hogy ilyen sok ipar\u00e1gban \u00e9s ilyen sokf\u00e9le m\u00f3don vesz\u00fcnk r\u00e9szt. \u00dcgyfeleink a glob\u00e1lis vezet\u0151kt\u0151l a kkv-kig \u00e9s butikgy\u00e1rt\u00f3kig terjednek. Sz\u00e1munkra nincs &#8222;tipikus \u00fcgyf\u00e9l&#8221; \u2013 mindegyik nagyon k\u00fcl\u00f6nb\u00f6z\u0151. B\u00fcszk\u00e9k vagyunk arra, hogy \u00fcgyfeleink \u00fajra \u00e9s \u00fajra visszat\u00e9rnek hozz\u00e1nk, \u00e9s sz\u00e1mos kapcsolatunk van, amelyek legal\u00e1bb 20 \u00e9ve alakultak ki. De tudjuk, hogy csak ... Read more\" \/>\n<meta property=\"og:url\" content=\"https:\/\/www.icscoolenergy.com\/hu\/megoldasok\/\" \/>\n<meta property=\"og:site_name\" content=\"Hungary\" \/>\n<meta property=\"article:modified_time\" content=\"2024-11-30T12:05:42+00:00\" \/>\n<meta property=\"og:image\" content=\"https:\/\/www.icscoolenergy.com\/hu\/wp-content\/uploads\/sites\/10\/2024\/04\/Automotive-Industry-Thumb.jpg\" \/>\n<meta name=\"twitter:card\" content=\"summary_large_image\" \/>\n<meta name=\"twitter:label1\" content=\"Est. reading time\" \/>\n\t<meta name=\"twitter:data1\" content=\"1 perc\" \/>\n<script type=\"application\/ld+json\" class=\"yoast-schema-graph\">{\"@context\":\"https:\/\/schema.org\",\"@graph\":[{\"@type\":\"WebPage\",\"@id\":\"https:\/\/www.icscoolenergy.com\/hu\/megoldasok\/\",\"url\":\"https:\/\/www.icscoolenergy.com\/hu\/megoldasok\/\",\"name\":\"Megold\u00e1sok | Hungary\",\"isPartOf\":{\"@id\":\"https:\/\/www.icscoolenergy.com\/hu\/#website\"},\"primaryImageOfPage\":{\"@id\":\"https:\/\/www.icscoolenergy.com\/hu\/megoldasok\/#primaryimage\"},\"image\":{\"@id\":\"https:\/\/www.icscoolenergy.com\/hu\/megoldasok\/#primaryimage\"},\"thumbnailUrl\":\"https:\/\/www.icscoolenergy.com\/hu\/wp-content\/uploads\/sites\/10\/2024\/04\/Automotive-Industry-Thumb.jpg\",\"datePublished\":\"2024-01-04T11:53:44+00:00\",\"dateModified\":\"2024-11-30T12:05:42+00:00\",\"breadcrumb\":{\"@id\":\"https:\/\/www.icscoolenergy.com\/hu\/megoldasok\/#breadcrumb\"},\"inLanguage\":\"hu\",\"potentialAction\":[{\"@type\":\"ReadAction\",\"target\":[\"https:\/\/www.icscoolenergy.com\/hu\/megoldasok\/\"]}]},{\"@type\":\"ImageObject\",\"inLanguage\":\"hu\",\"@id\":\"https:\/\/www.icscoolenergy.com\/hu\/megoldasok\/#primaryimage\",\"url\":\"https:\/\/www.icscoolenergy.com\/wp-content\/uploads\/sites\/10\/2024\/04\/Automotive-Industry-Thumb.jpg\",\"contentUrl\":\"https:\/\/www.icscoolenergy.com\/wp-content\/uploads\/sites\/10\/2024\/04\/Automotive-Industry-Thumb.jpg\",\"width\":550,\"height\":303,\"caption\":\"Automotive Industry Thumb\"},{\"@type\":\"BreadcrumbList\",\"@id\":\"https:\/\/www.icscoolenergy.com\/hu\/megoldasok\/#breadcrumb\",\"itemListElement\":[{\"@type\":\"ListItem\",\"position\":1,\"name\":\"Home\",\"item\":\"https:\/\/www.icscoolenergy.com\/hu\/\"},{\"@type\":\"ListItem\",\"position\":2,\"name\":\"Megold\u00e1sok\"}]},{\"@type\":\"WebSite\",\"@id\":\"https:\/\/www.icscoolenergy.com\/hu\/#website\",\"url\":\"https:\/\/www.icscoolenergy.com\/hu\/\",\"name\":\"ICS Cool Energy\",\"description\":\"The Process Temperature Control Specialists\",\"publisher\":{\"@id\":\"https:\/\/www.icscoolenergy.com\/hu\/#organization\"},\"alternateName\":\"ICS\",\"potentialAction\":[{\"@type\":\"SearchAction\",\"target\":{\"@type\":\"EntryPoint\",\"urlTemplate\":\"https:\/\/www.icscoolenergy.com\/hu\/?s={search_term_string}\"},\"query-input\":{\"@type\":\"PropertyValueSpecification\",\"valueRequired\":true,\"valueName\":\"search_term_string\"}}],\"inLanguage\":\"hu\"},{\"@type\":\"Organization\",\"@id\":\"https:\/\/www.icscoolenergy.com\/hu\/#organization\",\"name\":\"ICS Cool Energy\",\"url\":\"https:\/\/www.icscoolenergy.com\/hu\/\",\"logo\":{\"@type\":\"ImageObject\",\"inLanguage\":\"hu\",\"@id\":\"https:\/\/www.icscoolenergy.com\/hu\/#\/schema\/logo\/image\/\",\"url\":\"https:\/\/www.icscoolenergy.com\/wp-content\/uploads\/sites\/10\/2024\/01\/ics-cool-energy-logo.svg\",\"contentUrl\":\"https:\/\/www.icscoolenergy.com\/wp-content\/uploads\/sites\/10\/2024\/01\/ics-cool-energy-logo.svg\",\"caption\":\"ICS Cool Energy\"},\"image\":{\"@id\":\"https:\/\/www.icscoolenergy.com\/hu\/#\/schema\/logo\/image\/\"},\"sameAs\":[\"https:\/\/www.linkedin.com\/company\/ics-temperature-control\/\",\"https:\/\/www.youtube.com\/@ICSCoolEnergyLtd\"],\"description\":\"ICS Cool Energy is a market leader for process and critical temperature control solutions that keep all types and sizes of businesses and industry running. Our headquarters are situated in Southampton, with offices throughout the UK and Europe, employing over 250 people in the UK alone.\",\"email\":\"info@icscoolenergy.com\",\"telephone\":\"0800 840 4210\",\"legalName\":\"ICS Cool Energy Limited\",\"numberOfEmployees\":{\"@type\":\"QuantitativeValue\",\"minValue\":\"201\",\"maxValue\":\"500\"}}]}<\/script>\n<!-- \/ Yoast SEO Premium plugin. -->","yoast_head_json":{"title":"Megold\u00e1sok | Hungary","robots":{"index":"index","follow":"follow","max-snippet":"max-snippet:-1","max-image-preview":"max-image-preview:large","max-video-preview":"max-video-preview:-1"},"canonical":"https:\/\/www.icscoolenergy.com\/hu\/megoldasok\/","og_locale":"hu_HU","og_type":"article","og_title":"Megold\u00e1sok","og_description":"MEGOLD\u00c1SOK B\u00fcszk\u00e9k vagyunk arra, hogy ilyen sok ipar\u00e1gban \u00e9s ilyen sokf\u00e9le m\u00f3don vesz\u00fcnk r\u00e9szt. \u00dcgyfeleink a glob\u00e1lis vezet\u0151kt\u0151l a kkv-kig \u00e9s butikgy\u00e1rt\u00f3kig terjednek. Sz\u00e1munkra nincs &#8222;tipikus \u00fcgyf\u00e9l&#8221; \u2013 mindegyik nagyon k\u00fcl\u00f6nb\u00f6z\u0151. B\u00fcszk\u00e9k vagyunk arra, hogy \u00fcgyfeleink \u00fajra \u00e9s \u00fajra visszat\u00e9rnek hozz\u00e1nk, \u00e9s sz\u00e1mos kapcsolatunk van, amelyek legal\u00e1bb 20 \u00e9ve alakultak ki. De tudjuk, hogy csak ... Read more","og_url":"https:\/\/www.icscoolenergy.com\/hu\/megoldasok\/","og_site_name":"Hungary","article_modified_time":"2024-11-30T12:05:42+00:00","og_image":[{"url":"https:\/\/www.icscoolenergy.com\/hu\/wp-content\/uploads\/sites\/10\/2024\/04\/Automotive-Industry-Thumb.jpg","type":"","width":"","height":""}],"twitter_card":"summary_large_image","twitter_misc":{"Est. reading time":"1 perc"},"schema":{"@context":"https:\/\/schema.org","@graph":[{"@type":"WebPage","@id":"https:\/\/www.icscoolenergy.com\/hu\/megoldasok\/","url":"https:\/\/www.icscoolenergy.com\/hu\/megoldasok\/","name":"Megold\u00e1sok | Hungary","isPartOf":{"@id":"https:\/\/www.icscoolenergy.com\/hu\/#website"},"primaryImageOfPage":{"@id":"https:\/\/www.icscoolenergy.com\/hu\/megoldasok\/#primaryimage"},"image":{"@id":"https:\/\/www.icscoolenergy.com\/hu\/megoldasok\/#primaryimage"},"thumbnailUrl":"https:\/\/www.icscoolenergy.com\/hu\/wp-content\/uploads\/sites\/10\/2024\/04\/Automotive-Industry-Thumb.jpg","datePublished":"2024-01-04T11:53:44+00:00","dateModified":"2024-11-30T12:05:42+00:00","breadcrumb":{"@id":"https:\/\/www.icscoolenergy.com\/hu\/megoldasok\/#breadcrumb"},"inLanguage":"hu","potentialAction":[{"@type":"ReadAction","target":["https:\/\/www.icscoolenergy.com\/hu\/megoldasok\/"]}]},{"@type":"ImageObject","inLanguage":"hu","@id":"https:\/\/www.icscoolenergy.com\/hu\/megoldasok\/#primaryimage","url":"https:\/\/www.icscoolenergy.com\/wp-content\/uploads\/sites\/10\/2024\/04\/Automotive-Industry-Thumb.jpg","contentUrl":"https:\/\/www.icscoolenergy.com\/wp-content\/uploads\/sites\/10\/2024\/04\/Automotive-Industry-Thumb.jpg","width":550,"height":303,"caption":"Automotive Industry Thumb"},{"@type":"BreadcrumbList","@id":"https:\/\/www.icscoolenergy.com\/hu\/megoldasok\/#breadcrumb","itemListElement":[{"@type":"ListItem","position":1,"name":"Home","item":"https:\/\/www.icscoolenergy.com\/hu\/"},{"@type":"ListItem","position":2,"name":"Megold\u00e1sok"}]},{"@type":"WebSite","@id":"https:\/\/www.icscoolenergy.com\/hu\/#website","url":"https:\/\/www.icscoolenergy.com\/hu\/","name":"ICS Cool Energy","description":"The Process Temperature Control Specialists","publisher":{"@id":"https:\/\/www.icscoolenergy.com\/hu\/#organization"},"alternateName":"ICS","potentialAction":[{"@type":"SearchAction","target":{"@type":"EntryPoint","urlTemplate":"https:\/\/www.icscoolenergy.com\/hu\/?s={search_term_string}"},"query-input":{"@type":"PropertyValueSpecification","valueRequired":true,"valueName":"search_term_string"}}],"inLanguage":"hu"},{"@type":"Organization","@id":"https:\/\/www.icscoolenergy.com\/hu\/#organization","name":"ICS Cool Energy","url":"https:\/\/www.icscoolenergy.com\/hu\/","logo":{"@type":"ImageObject","inLanguage":"hu","@id":"https:\/\/www.icscoolenergy.com\/hu\/#\/schema\/logo\/image\/","url":"https:\/\/www.icscoolenergy.com\/wp-content\/uploads\/sites\/10\/2024\/01\/ics-cool-energy-logo.svg","contentUrl":"https:\/\/www.icscoolenergy.com\/wp-content\/uploads\/sites\/10\/2024\/01\/ics-cool-energy-logo.svg","caption":"ICS Cool Energy"},"image":{"@id":"https:\/\/www.icscoolenergy.com\/hu\/#\/schema\/logo\/image\/"},"sameAs":["https:\/\/www.linkedin.com\/company\/ics-temperature-control\/","https:\/\/www.youtube.com\/@ICSCoolEnergyLtd"],"description":"ICS Cool Energy is a market leader for process and critical temperature control solutions that keep all types and sizes of businesses and industry running. Our headquarters are situated in Southampton, with offices throughout the UK and Europe, employing over 250 people in the UK alone.","email":"info@icscoolenergy.com","telephone":"0800 840 4210","legalName":"ICS Cool Energy Limited","numberOfEmployees":{"@type":"QuantitativeValue","minValue":"201","maxValue":"500"}}]}},"_links":{"self":[{"href":"https:\/\/www.icscoolenergy.com\/hu\/wp-json\/wp\/v2\/pages\/86370","targetHints":{"allow":["GET"]}}],"collection":[{"href":"https:\/\/www.icscoolenergy.com\/hu\/wp-json\/wp\/v2\/pages"}],"about":[{"href":"https:\/\/www.icscoolenergy.com\/hu\/wp-json\/wp\/v2\/types\/page"}],"author":[{"embeddable":true,"href":"https:\/\/www.icscoolenergy.com\/hu\/wp-json\/wp\/v2\/users\/1"}],"replies":[{"embeddable":true,"href":"https:\/\/www.icscoolenergy.com\/hu\/wp-json\/wp\/v2\/comments?post=86370"}],"version-history":[{"count":0,"href":"https:\/\/www.icscoolenergy.com\/hu\/wp-json\/wp\/v2\/pages\/86370\/revisions"}],"wp:attachment":[{"href":"https:\/\/www.icscoolenergy.com\/hu\/wp-json\/wp\/v2\/media?parent=86370"}],"curies":[{"name":"wp","href":"https:\/\/api.w.org\/{rel}","templated":true}]}}