 
{"id":86393,"date":"2024-04-02T15:14:35","date_gmt":"2024-04-02T15:14:35","guid":{"rendered":"https:\/\/www.icscoolenergy.com\/hu\/szolgaltatas\/kulcsrakesz-projektmenedzsment\/"},"modified":"2024-11-30T12:06:19","modified_gmt":"2024-11-30T12:06:19","slug":"kulcsrakesz-projektmenedzsment","status":"publish","type":"page","link":"https:\/\/www.icscoolenergy.com\/hu\/szolgaltatas\/kulcsrakesz-projektmenedzsment\/","title":{"rendered":"Kulcsrak\u00e9sz projektmenedzsment"},"content":{"rendered":"\n<div class=\"mb-8 eplus-wrapper wp-block-group is-layout-flow wp-block-group-is-layout-flow\">\n<div class=\"md:relative eplus-wrapper wp-block-group is-layout-flow wp-block-group-is-layout-flow\">\n<div class=\"eplus-wrapper wp-block-cover\" style=\"min-height:451px;aspect-ratio:unset;\"><span aria-hidden=\"true\" class=\"wp-block-cover__background has-background-dim-0 has-background-dim\"><\/span><img loading=\"lazy\" decoding=\"async\" width=\"1980\" height=\"813\" class=\"wp-block-cover__image-background wp-image-84087\" alt=\"Chiller Project Management\" src=\"https:\/\/www.icscoolenergy.com\/hu\/wp-content\/uploads\/sites\/10\/2024\/04\/Chiller-Project-Management.jpg\" data-object-fit=\"cover\" srcset=\"https:\/\/www.icscoolenergy.com\/wp-content\/uploads\/sites\/10\/2024\/04\/Chiller-Project-Management.jpg 1980w, https:\/\/www.icscoolenergy.com\/wp-content\/uploads\/sites\/10\/2024\/04\/Chiller-Project-Management-300x123.jpg 300w, https:\/\/www.icscoolenergy.com\/wp-content\/uploads\/sites\/10\/2024\/04\/Chiller-Project-Management-1024x420.jpg 1024w, https:\/\/www.icscoolenergy.com\/wp-content\/uploads\/sites\/10\/2024\/04\/Chiller-Project-Management-768x315.jpg 768w, https:\/\/www.icscoolenergy.com\/wp-content\/uploads\/sites\/10\/2024\/04\/Chiller-Project-Management-50x21.jpg 50w, https:\/\/www.icscoolenergy.com\/wp-content\/uploads\/sites\/10\/2024\/04\/Chiller-Project-Management-1600x657.jpg 1600w, https:\/\/www.icscoolenergy.com\/wp-content\/uploads\/sites\/10\/2024\/04\/Chiller-Project-Management-1536x631.jpg 1536w, https:\/\/www.icscoolenergy.com\/wp-content\/uploads\/sites\/10\/2024\/04\/Chiller-Project-Management-600x246.jpg 600w\" sizes=\"auto, (max-width: 1980px) 100vw, 1980px\" \/><div class=\"wp-block-cover__inner-container is-layout-flow wp-block-cover-is-layout-flow\">\n<p class=\" has-text-align-center has-large-font-size eplus-wrapper\"><\/p>\n<\/div><\/div>\n\n\n\n<div class=\"rounded-tr-md sm:w-full md:w-[80%] md:h-fit md:top-[80%] relative md:-mt-[10%] z-[1] md:left-0 eplus-wrapper wp-block-group has-background is-layout-constrained wp-block-group-is-layout-constrained\" style=\"background-color:#eaeaef\">\n<h1 class=\"eplus-wrapper pt-8 wp-block-heading has-text-color has-link-color wp-elements-ccf390b286255638384408db26a97d1f\" id=\"h-turnkey-project-management\" style=\"color:#312f5f\">KULCSRAK\u00c9SZ PROJEKTMENEDZSMENT<\/h1>\n\n\n\n<p class=\" eplus-wrapper\">Fedezze fel teljes k\u00f6r\u0171 projektmenedzsment t\u00e1mogat\u00e1sunkat, amelyet az \u00d6n m\u0171veleteihez tervezt\u00fcnk.<\/p>\n\n\n\n<p class=\" eplus-wrapper\">H\u00e1zon bel\u00fcli tervez\u00e9si \u00e9s projektmenedzsment csapatunk szorosan egy\u00fcttm\u0171k\u00f6dik \u00d6nnel annak biztos\u00edt\u00e1sa \u00e9rdek\u00e9ben, hogy folyamath\u0171t\u0151, f\u0171t\u0151 vagy h\u0151m\u00e9rs\u00e9klet-szab\u00e1lyoz\u00f3 berendez\u00e9sei a telephely helyig\u00e9ny\u00e9hez, m\u0171k\u00f6d\u00e9s\u00e9hez \u00e9s gy\u00e1rt\u00e1si k\u00f6vetelm\u00e9nyeihez igazodjanak.<\/p>\n\n\n\n<p class=\" eplus-wrapper\">Ahol csak tudunk, javaslatokat tesz\u00fcnk, hogy energi\u00e1t \u00e9s k\u00f6lts\u00e9gvet\u00e9st takar\u00edtsunk meg \u00d6nnek an\u00e9lk\u00fcl, hogy vesz\u00e9lyeztetn\u00e9nk a kimenet min\u0151s\u00e9g\u00e9t.<\/p>\n\n\n\n<p class=\" eplus-wrapper\">Az Egyes\u00fclt Kir\u00e1lys\u00e1g vezet\u0151 folyad\u00e9kh\u0171t\u0151-telep\u00edt\u0151 v\u00e1llalatak\u00e9nt, a rendelkez\u00e9sre \u00e1ll\u00f3 legnagyobb berendez\u00e9sflott\u00e1val ideiglenes megold\u00e1sokat tudunk ny\u00fajtani, am\u00edg befejezz\u00fck a telep\u00edt\u00e9st.<\/p>\n\n\n\n<p class=\" eplus-wrapper\">Meg\u00e9rtj\u00fck, hogy berendez\u00e9sei mennyire fontosak a termel\u00e9shez, \u00e9s minden telep\u00edt\u00e9sn\u00e9l biztos\u00edtjuk, hogy k\u00f6nnyen hozz\u00e1f\u00e9rhet\u0151k legyenek a folyamatos karbantart\u00e1shoz, \u00e9s err\u0151l \u00d6n is gondoskodunk.<\/p>\n\n\n\n<p class=\" eplus-wrapper\">Minden projekt befejezhet\u0151, \u00edgy gond n\u00e9lk\u00fcl meg\u00e9rkezhet a helysz\u00ednre, \u00e9s a termel\u00e9sre koncentr\u00e1lhat.<\/p>\n<\/div>\n<\/div>\n\n\n\n<div style=\"height:60px\" aria-hidden=\"true\" class=\"xs:hidden md:block eplus-wrapper wp-block-spacer\"><\/div>\n<\/div>\n\n<div class=\"wp-block-group eplus-wrapper is-layout-flow wp-block-group-is-layout-flow\"><div class=\"items-center md:flex xs:grid wp-block-columns eplus-wrapper is-layout-flex wp-container-core-columns-is-layout-9d6595d7 wp-block-columns-is-layout-flex eplus-styles-uid-2aee3b\">\n<div class=\"xs:order-2 md:order-2 xs:w-full md:w-6\/12 xs:mb-12 md:mb-0 wp-block-column eplus-wrapper is-layout-flow wp-block-column-is-layout-flow\">\n<figure class=\" wp-block-image size-full is-resized eplus-wrapper\"><img loading=\"lazy\" decoding=\"async\" width=\"720\" height=\"567\" src=\"https:\/\/www.icscoolenergy.com\/hu\/wp-content\/uploads\/sites\/10\/2024\/04\/Chiller-Turnkey-Project-Management.jpg\" alt=\"H\u0171t\u0151 kulcsrak\u00e9sz projektmenedzsment\" class=\"wp-image-84093\" style=\"width:720px\" srcset=\"https:\/\/www.icscoolenergy.com\/wp-content\/uploads\/sites\/10\/2024\/04\/Chiller-Turnkey-Project-Management.jpg 720w, https:\/\/www.icscoolenergy.com\/wp-content\/uploads\/sites\/10\/2024\/04\/Chiller-Turnkey-Project-Management-300x236.jpg 300w, https:\/\/www.icscoolenergy.com\/wp-content\/uploads\/sites\/10\/2024\/04\/Chiller-Turnkey-Project-Management-50x39.jpg 50w, https:\/\/www.icscoolenergy.com\/wp-content\/uploads\/sites\/10\/2024\/04\/Chiller-Turnkey-Project-Management-600x473.jpg 600w\" sizes=\"auto, (max-width: 720px) 100vw, 720px\" \/><\/figure>\n<\/div>\n\n\n\n<div class=\"xs:order-1 md:order-1 xs:w-full md:w-6\/12 wp-block-column eplus-wrapper is-layout-flow wp-block-column-is-layout-flow\">\n<h3 class=\" wp-block-heading eplus-wrapper\" id=\"h-our-team-will-project-manage\"><strong>CSAPATUNK PROJEKTMENEDZSMENTET V\u00c9GEZ<\/strong><\/h3>\n\n\n\n<div class=\"wp-block-group eplus-wrapper is-content-justification-left is-nowrap is-layout-flex wp-container-core-group-is-layout-f56a869c wp-block-group-is-layout-flex\">\n<figure class=\" wp-block-image size-large is-resized eplus-wrapper\"><img loading=\"lazy\" decoding=\"async\" width=\"87\" height=\"100\" src=\"https:\/\/www.icscoolenergy.com\/hu\/wp-content\/uploads\/sites\/10\/2024\/04\/Icons-2024_compliance.svg\" alt=\"\" class=\"wp-image-79453\" style=\"width:28px;height:auto\"><\/figure>\n\n\n\n<p class=\"has-text-align-left has-text-color has-link-color eplus-wrapper wp-elements-7fcabf8c0e0886662f34eef41f9e3085\" style=\"color:#323130\">Sz\u00e1ll\u00edt\u00e1s a helysz\u00ednre<\/p>\n<\/div>\n\n\n\n<div style=\"height:8px\" aria-hidden=\"true\" class=\" wp-block-spacer eplus-wrapper\"><\/div>\n\n\n\n<div class=\"wp-block-group eplus-wrapper is-content-justification-left is-nowrap is-layout-flex wp-container-core-group-is-layout-f56a869c wp-block-group-is-layout-flex\">\n<figure class=\" wp-block-image size-large is-resized eplus-wrapper\"><img loading=\"lazy\" decoding=\"async\" width=\"87\" height=\"100\" src=\"https:\/\/www.icscoolenergy.com\/hu\/wp-content\/uploads\/sites\/10\/2024\/04\/Icons-2024_compliance.svg\" alt=\"\" class=\"wp-image-79453\" style=\"width:28px;height:auto\"><\/figure>\n\n\n\n<p class=\"has-text-align-left has-text-color has-link-color eplus-wrapper wp-elements-6996a780ef4f72211310524f4da78ced\" style=\"color:#323130\">A felesleges berendez\u00e9sek elt\u00e1vol\u00edt\u00e1sa, leszerel\u00e9s \u00e9s etikus \u00e1rtalmatlan\u00edt\u00e1s.<\/p>\n<\/div>\n\n\n\n<div style=\"height:8px\" aria-hidden=\"true\" class=\" wp-block-spacer eplus-wrapper\"><\/div>\n\n\n\n<div class=\"wp-block-group eplus-wrapper is-content-justification-left is-nowrap is-layout-flex wp-container-core-group-is-layout-f56a869c wp-block-group-is-layout-flex\">\n<figure class=\" wp-block-image size-large is-resized eplus-wrapper\"><img loading=\"lazy\" decoding=\"async\" width=\"87\" height=\"100\" src=\"https:\/\/www.icscoolenergy.com\/hu\/wp-content\/uploads\/sites\/10\/2024\/04\/Icons-2024_compliance.svg\" alt=\"\" class=\"wp-image-79453\" style=\"width:28px;height:auto\"><\/figure>\n\n\n\n<p class=\"has-text-align-left has-text-color has-link-color eplus-wrapper wp-elements-02def0ff5a051cb0faa82b51f0ee1f71\" style=\"color:#323130\">Teljesen hegesztett \/ press-fit \/ ABS cs\u0151vezet\u00e9k \u00e9s h\u0151szigetel\u00e9s, valamint mezzanine padl\u00f3szerkezet.<\/p>\n<\/div>\n\n\n\n<div style=\"height:8px\" aria-hidden=\"true\" class=\" wp-block-spacer eplus-wrapper\"><\/div>\n\n\n\n<div class=\"wp-block-group eplus-wrapper is-content-justification-left is-nowrap is-layout-flex wp-container-core-group-is-layout-f56a869c wp-block-group-is-layout-flex\">\n<figure class=\" wp-block-image size-large is-resized eplus-wrapper\"><img loading=\"lazy\" decoding=\"async\" width=\"87\" height=\"100\" src=\"https:\/\/www.icscoolenergy.com\/hu\/wp-content\/uploads\/sites\/10\/2024\/04\/Icons-2024_compliance.svg\" alt=\"\" class=\"wp-image-79453\" style=\"width:28px;height:auto\"><\/figure>\n\n\n\n<p class=\"has-text-align-left has-text-color has-link-color eplus-wrapper wp-elements-dec2a370a31e463dbd2c5bfdf6d8452f\" style=\"color:#323130\">Tart\u00e1lyok, szivatty\u00fak, h\u0151cser\u00e9l\u0151k \u00e9s csatorn\u00e1k.<\/p>\n<\/div>\n\n\n\n<div style=\"height:8px\" aria-hidden=\"true\" class=\" wp-block-spacer eplus-wrapper\"><\/div>\n\n\n\n<div class=\"wp-block-group eplus-wrapper is-content-justification-left is-nowrap is-layout-flex wp-container-core-group-is-layout-f56a869c wp-block-group-is-layout-flex\">\n<figure class=\" wp-block-image size-large is-resized eplus-wrapper\"><img loading=\"lazy\" decoding=\"async\" width=\"87\" height=\"100\" src=\"https:\/\/www.icscoolenergy.com\/hu\/wp-content\/uploads\/sites\/10\/2024\/04\/Icons-2024_compliance.svg\" alt=\"\" class=\"wp-image-79453\" style=\"width:28px;height:auto\"><\/figure>\n\n\n\n<p class=\"has-text-align-left has-text-color has-link-color eplus-wrapper wp-elements-d4228a0d9b01a98a452c6c408ab04498\" style=\"color:#323130\">Teljes szerz\u0151d\u00e9ses daru emel\u0151 h\u0171t\u0151kh\u00f6z \u00e9s perif\u00e9ri\u00e1khoz.<\/p>\n<\/div>\n\n\n\n<div style=\"height:8px\" aria-hidden=\"true\" class=\" wp-block-spacer eplus-wrapper\"><\/div>\n\n\n\n<div class=\"wp-block-group eplus-wrapper is-content-justification-left is-nowrap is-layout-flex wp-container-core-group-is-layout-f56a869c wp-block-group-is-layout-flex\">\n<figure class=\" wp-block-image size-large is-resized eplus-wrapper\"><img loading=\"lazy\" decoding=\"async\" width=\"87\" height=\"100\" src=\"https:\/\/www.icscoolenergy.com\/hu\/wp-content\/uploads\/sites\/10\/2024\/04\/Icons-2024_compliance.svg\" alt=\"\" class=\"wp-image-79453\" style=\"width:28px;height:auto\"><\/figure>\n\n\n\n<p class=\"has-text-align-left has-text-color has-link-color eplus-wrapper wp-elements-f3511c3d3d4a7c8579921cde7a0e23db\" style=\"color:#323130\">Villanyszerel\u00e9s, BMS integr\u00e1ci\u00f3 \u00e9s egyedi vez\u00e9rl\u0151panel gy\u00e1rt\u00e1s.<\/p>\n<\/div>\n<\/div>\n<\/div><\/div>\n\n<div style=\"height:80px\" aria-hidden=\"true\" class=\" wp-block-spacer eplus-wrapper\"><\/div>\n\n<div class=\" wp-block-cover alignfull is-light eplus-wrapper\" style=\"min-height:756px;aspect-ratio:unset;\"><span aria-hidden=\"true\" class=\"wp-block-cover__background has-white-background-color has-background-dim-100 has-background-dim\"><\/span><div class=\"wp-block-cover__inner-container is-layout-constrained wp-block-cover-is-layout-constrained\">\n<div style=\"height:80px\" aria-hidden=\"true\" class=\" wp-block-spacer eplus-wrapper\"><\/div>\n\n\n\n<div class=\"wp-block-group eplus-wrapper is-layout-constrained wp-block-group-is-layout-constrained\">\n<h3 class=\"wp-block-heading has-text-align-center has-text-color has-link-color eplus-wrapper wp-elements-672e931d4f05ba38d4b9c3e0fbb96c02\" id=\"h-free-cooling-installation\" style=\"color:#312f5f;text-transform:uppercase\"><strong>SZABAD H\u0170T\u00c9S<\/strong><\/h3>\n\n\n\n<p class=\" has-text-align-center eplus-wrapper\">Nem sz\u00e1m\u00edt, milyen h\u0151m\u00e9rs\u00e9klet-szab\u00e1lyoz\u00e1si kih\u00edv\u00e1st jelent, mi seg\u00edthet\u00fcnk \u00d6nnek abban, hogy &#8222;m\u0171k\u00f6dj\u00f6n&#8221;.<\/p>\n<\/div>\n\n\n\n<figure class=\"wp-embed-aspect-16-9 wp-has-aspect-ratio wp-block-embed is-type-video is-provider-youtube wp-block-embed-youtube eplus-wrapper\"><div class=\"wp-block-embed__wrapper\">\n<iframe loading=\"lazy\" title=\"Free Cooling &amp; Chiller Installation\" width=\"1200\" height=\"675\" src=\"https:\/\/www.youtube.com\/embed\/uPrOtIRH4hk?feature=oembed\" frameborder=\"0\" allow=\"accelerometer; autoplay; clipboard-write; encrypted-media; gyroscope; picture-in-picture; web-share\" referrerpolicy=\"strict-origin-when-cross-origin\" allowfullscreen><\/iframe>\n<\/div><\/figure>\n\n\n\n<div style=\"height:30px\" aria-hidden=\"true\" class=\" wp-block-spacer eplus-wrapper\"><\/div>\n<\/div><\/div>\n","protected":false},"excerpt":{"rendered":"<p>KULCSRAK\u00c9SZ PROJEKTMENEDZSMENT Fedezze fel teljes k\u00f6r\u0171 projektmenedzsment t\u00e1mogat\u00e1sunkat, amelyet az \u00d6n m\u0171veleteihez tervezt\u00fcnk. H\u00e1zon bel\u00fcli tervez\u00e9si \u00e9s projektmenedzsment csapatunk szorosan egy\u00fcttm\u0171k\u00f6dik \u00d6nnel annak biztos\u00edt\u00e1sa \u00e9rdek\u00e9ben, hogy folyamath\u0171t\u0151, f\u0171t\u0151 vagy h\u0151m\u00e9rs\u00e9klet-szab\u00e1lyoz\u00f3 berendez\u00e9sei a telephely helyig\u00e9ny\u00e9hez, m\u0171k\u00f6d\u00e9s\u00e9hez \u00e9s gy\u00e1rt\u00e1si k\u00f6vetelm\u00e9nyeihez igazodjanak. Ahol csak tudunk, javaslatokat tesz\u00fcnk, hogy energi\u00e1t \u00e9s k\u00f6lts\u00e9gvet\u00e9st takar\u00edtsunk meg \u00d6nnek an\u00e9lk\u00fcl, hogy vesz\u00e9lyeztetn\u00e9nk a &#8230; <a title=\"Kulcsrak\u00e9sz projektmenedzsment\" class=\"read-more\" href=\"https:\/\/www.icscoolenergy.com\/hu\/szolgaltatas\/kulcsrakesz-projektmenedzsment\/\" aria-label=\"More on Kulcsrak\u00e9sz projektmenedzsment\">Read more<\/a><\/p>\n","protected":false},"author":1,"featured_media":0,"parent":86355,"menu_order":0,"comment_status":"closed","ping_status":"closed","template":"template-1.php","meta":{"_acf_changed":false,"inline_featured_image":false,"_editorskit_title_hidden":false,"_editorskit_reading_time":0,"_editorskit_is_block_options_detached":false,"_editorskit_block_options_position":"{}","editor_plus_copied_stylings":"{}","footnotes":""},"class_list":["post-86393","page","type-page","status-publish"],"acf":[],"yoast_head":"<!-- This site is optimized with the Yoast SEO Premium plugin v24.5 (Yoast SEO v26.9) - https:\/\/yoast.com\/product\/yoast-seo-premium-wordpress\/ -->\n<title>Kulcsrak\u00e9sz projektmenedzsment | Hungary<\/title>\n<meta name=\"robots\" content=\"index, follow, max-snippet:-1, max-image-preview:large, max-video-preview:-1\" \/>\n<link rel=\"canonical\" href=\"https:\/\/www.icscoolenergy.com\/hu\/szolgaltatas\/kulcsrakesz-projektmenedzsment\/\" \/>\n<meta property=\"og:locale\" content=\"hu_HU\" \/>\n<meta property=\"og:type\" content=\"article\" \/>\n<meta property=\"og:title\" content=\"Kulcsrak\u00e9sz projektmenedzsment\" \/>\n<meta property=\"og:description\" content=\"KULCSRAK\u00c9SZ PROJEKTMENEDZSMENT Fedezze fel teljes k\u00f6r\u0171 projektmenedzsment t\u00e1mogat\u00e1sunkat, amelyet az \u00d6n m\u0171veleteihez tervezt\u00fcnk. H\u00e1zon bel\u00fcli tervez\u00e9si \u00e9s projektmenedzsment csapatunk szorosan egy\u00fcttm\u0171k\u00f6dik \u00d6nnel annak biztos\u00edt\u00e1sa \u00e9rdek\u00e9ben, hogy folyamath\u0171t\u0151, f\u0171t\u0151 vagy h\u0151m\u00e9rs\u00e9klet-szab\u00e1lyoz\u00f3 berendez\u00e9sei a telephely helyig\u00e9ny\u00e9hez, m\u0171k\u00f6d\u00e9s\u00e9hez \u00e9s gy\u00e1rt\u00e1si k\u00f6vetelm\u00e9nyeihez igazodjanak. Ahol csak tudunk, javaslatokat tesz\u00fcnk, hogy energi\u00e1t \u00e9s k\u00f6lts\u00e9gvet\u00e9st takar\u00edtsunk meg \u00d6nnek an\u00e9lk\u00fcl, hogy vesz\u00e9lyeztetn\u00e9nk a ... Read more\" \/>\n<meta property=\"og:url\" content=\"https:\/\/www.icscoolenergy.com\/hu\/szolgaltatas\/kulcsrakesz-projektmenedzsment\/\" \/>\n<meta property=\"og:site_name\" content=\"Hungary\" \/>\n<meta property=\"article:modified_time\" content=\"2024-11-30T12:06:19+00:00\" \/>\n<meta property=\"og:image\" content=\"https:\/\/www.icscoolenergy.com\/hu\/wp-content\/uploads\/sites\/10\/2024\/04\/Chiller-Project-Management.jpg\" \/>\n<meta name=\"twitter:card\" content=\"summary_large_image\" \/>\n<meta name=\"twitter:label1\" content=\"Est. reading time\" \/>\n\t<meta name=\"twitter:data1\" content=\"2 perc\" \/>\n<script type=\"application\/ld+json\" class=\"yoast-schema-graph\">{\"@context\":\"https:\/\/schema.org\",\"@graph\":[{\"@type\":\"WebPage\",\"@id\":\"https:\/\/www.icscoolenergy.com\/hu\/szolgaltatas\/kulcsrakesz-projektmenedzsment\/\",\"url\":\"https:\/\/www.icscoolenergy.com\/hu\/szolgaltatas\/kulcsrakesz-projektmenedzsment\/\",\"name\":\"Kulcsrak\u00e9sz projektmenedzsment | Hungary\",\"isPartOf\":{\"@id\":\"https:\/\/www.icscoolenergy.com\/hu\/#website\"},\"primaryImageOfPage\":{\"@id\":\"https:\/\/www.icscoolenergy.com\/hu\/szolgaltatas\/kulcsrakesz-projektmenedzsment\/#primaryimage\"},\"image\":{\"@id\":\"https:\/\/www.icscoolenergy.com\/hu\/szolgaltatas\/kulcsrakesz-projektmenedzsment\/#primaryimage\"},\"thumbnailUrl\":\"https:\/\/www.icscoolenergy.com\/hu\/wp-content\/uploads\/sites\/10\/2024\/04\/Chiller-Project-Management.jpg\",\"datePublished\":\"2024-04-02T15:14:35+00:00\",\"dateModified\":\"2024-11-30T12:06:19+00:00\",\"breadcrumb\":{\"@id\":\"https:\/\/www.icscoolenergy.com\/hu\/szolgaltatas\/kulcsrakesz-projektmenedzsment\/#breadcrumb\"},\"inLanguage\":\"hu\",\"potentialAction\":[{\"@type\":\"ReadAction\",\"target\":[\"https:\/\/www.icscoolenergy.com\/hu\/szolgaltatas\/kulcsrakesz-projektmenedzsment\/\"]}]},{\"@type\":\"ImageObject\",\"inLanguage\":\"hu\",\"@id\":\"https:\/\/www.icscoolenergy.com\/hu\/szolgaltatas\/kulcsrakesz-projektmenedzsment\/#primaryimage\",\"url\":\"https:\/\/www.icscoolenergy.com\/wp-content\/uploads\/sites\/10\/2024\/04\/Chiller-Project-Management.jpg\",\"contentUrl\":\"https:\/\/www.icscoolenergy.com\/wp-content\/uploads\/sites\/10\/2024\/04\/Chiller-Project-Management.jpg\",\"width\":1980,\"height\":813,\"caption\":\"Chiller Project Management\"},{\"@type\":\"BreadcrumbList\",\"@id\":\"https:\/\/www.icscoolenergy.com\/hu\/szolgaltatas\/kulcsrakesz-projektmenedzsment\/#breadcrumb\",\"itemListElement\":[{\"@type\":\"ListItem\",\"position\":1,\"name\":\"Home\",\"item\":\"https:\/\/www.icscoolenergy.com\/hu\/\"},{\"@type\":\"ListItem\",\"position\":2,\"name\":\"Szolg\u00e1ltat\u00e1s\",\"item\":\"https:\/\/www.icscoolenergy.com\/hu\/szolgaltatas\/\"},{\"@type\":\"ListItem\",\"position\":3,\"name\":\"Kulcsrak\u00e9sz projektmenedzsment\"}]},{\"@type\":\"WebSite\",\"@id\":\"https:\/\/www.icscoolenergy.com\/hu\/#website\",\"url\":\"https:\/\/www.icscoolenergy.com\/hu\/\",\"name\":\"ICS Cool Energy\",\"description\":\"The Process Temperature Control Specialists\",\"publisher\":{\"@id\":\"https:\/\/www.icscoolenergy.com\/hu\/#organization\"},\"alternateName\":\"ICS\",\"potentialAction\":[{\"@type\":\"SearchAction\",\"target\":{\"@type\":\"EntryPoint\",\"urlTemplate\":\"https:\/\/www.icscoolenergy.com\/hu\/?s={search_term_string}\"},\"query-input\":{\"@type\":\"PropertyValueSpecification\",\"valueRequired\":true,\"valueName\":\"search_term_string\"}}],\"inLanguage\":\"hu\"},{\"@type\":\"Organization\",\"@id\":\"https:\/\/www.icscoolenergy.com\/hu\/#organization\",\"name\":\"ICS Cool Energy\",\"url\":\"https:\/\/www.icscoolenergy.com\/hu\/\",\"logo\":{\"@type\":\"ImageObject\",\"inLanguage\":\"hu\",\"@id\":\"https:\/\/www.icscoolenergy.com\/hu\/#\/schema\/logo\/image\/\",\"url\":\"https:\/\/www.icscoolenergy.com\/wp-content\/uploads\/sites\/10\/2024\/01\/ics-cool-energy-logo.svg\",\"contentUrl\":\"https:\/\/www.icscoolenergy.com\/wp-content\/uploads\/sites\/10\/2024\/01\/ics-cool-energy-logo.svg\",\"caption\":\"ICS Cool Energy\"},\"image\":{\"@id\":\"https:\/\/www.icscoolenergy.com\/hu\/#\/schema\/logo\/image\/\"},\"sameAs\":[\"https:\/\/www.linkedin.com\/company\/ics-temperature-control\/\",\"https:\/\/www.youtube.com\/@ICSCoolEnergyLtd\"],\"description\":\"ICS Cool Energy is a market leader for process and critical temperature control solutions that keep all types and sizes of businesses and industry running. Our headquarters are situated in Southampton, with offices throughout the UK and Europe, employing over 250 people in the UK alone.\",\"email\":\"info@icscoolenergy.com\",\"telephone\":\"0800 840 4210\",\"legalName\":\"ICS Cool Energy Limited\",\"numberOfEmployees\":{\"@type\":\"QuantitativeValue\",\"minValue\":\"201\",\"maxValue\":\"500\"}}]}<\/script>\n<!-- \/ Yoast SEO Premium plugin. -->","yoast_head_json":{"title":"Kulcsrak\u00e9sz projektmenedzsment | Hungary","robots":{"index":"index","follow":"follow","max-snippet":"max-snippet:-1","max-image-preview":"max-image-preview:large","max-video-preview":"max-video-preview:-1"},"canonical":"https:\/\/www.icscoolenergy.com\/hu\/szolgaltatas\/kulcsrakesz-projektmenedzsment\/","og_locale":"hu_HU","og_type":"article","og_title":"Kulcsrak\u00e9sz projektmenedzsment","og_description":"KULCSRAK\u00c9SZ PROJEKTMENEDZSMENT Fedezze fel teljes k\u00f6r\u0171 projektmenedzsment t\u00e1mogat\u00e1sunkat, amelyet az \u00d6n m\u0171veleteihez tervezt\u00fcnk. H\u00e1zon bel\u00fcli tervez\u00e9si \u00e9s projektmenedzsment csapatunk szorosan egy\u00fcttm\u0171k\u00f6dik \u00d6nnel annak biztos\u00edt\u00e1sa \u00e9rdek\u00e9ben, hogy folyamath\u0171t\u0151, f\u0171t\u0151 vagy h\u0151m\u00e9rs\u00e9klet-szab\u00e1lyoz\u00f3 berendez\u00e9sei a telephely helyig\u00e9ny\u00e9hez, m\u0171k\u00f6d\u00e9s\u00e9hez \u00e9s gy\u00e1rt\u00e1si k\u00f6vetelm\u00e9nyeihez igazodjanak. Ahol csak tudunk, javaslatokat tesz\u00fcnk, hogy energi\u00e1t \u00e9s k\u00f6lts\u00e9gvet\u00e9st takar\u00edtsunk meg \u00d6nnek an\u00e9lk\u00fcl, hogy vesz\u00e9lyeztetn\u00e9nk a ... Read more","og_url":"https:\/\/www.icscoolenergy.com\/hu\/szolgaltatas\/kulcsrakesz-projektmenedzsment\/","og_site_name":"Hungary","article_modified_time":"2024-11-30T12:06:19+00:00","og_image":[{"url":"https:\/\/www.icscoolenergy.com\/hu\/wp-content\/uploads\/sites\/10\/2024\/04\/Chiller-Project-Management.jpg","type":"","width":"","height":""}],"twitter_card":"summary_large_image","twitter_misc":{"Est. reading time":"2 perc"},"schema":{"@context":"https:\/\/schema.org","@graph":[{"@type":"WebPage","@id":"https:\/\/www.icscoolenergy.com\/hu\/szolgaltatas\/kulcsrakesz-projektmenedzsment\/","url":"https:\/\/www.icscoolenergy.com\/hu\/szolgaltatas\/kulcsrakesz-projektmenedzsment\/","name":"Kulcsrak\u00e9sz projektmenedzsment | Hungary","isPartOf":{"@id":"https:\/\/www.icscoolenergy.com\/hu\/#website"},"primaryImageOfPage":{"@id":"https:\/\/www.icscoolenergy.com\/hu\/szolgaltatas\/kulcsrakesz-projektmenedzsment\/#primaryimage"},"image":{"@id":"https:\/\/www.icscoolenergy.com\/hu\/szolgaltatas\/kulcsrakesz-projektmenedzsment\/#primaryimage"},"thumbnailUrl":"https:\/\/www.icscoolenergy.com\/hu\/wp-content\/uploads\/sites\/10\/2024\/04\/Chiller-Project-Management.jpg","datePublished":"2024-04-02T15:14:35+00:00","dateModified":"2024-11-30T12:06:19+00:00","breadcrumb":{"@id":"https:\/\/www.icscoolenergy.com\/hu\/szolgaltatas\/kulcsrakesz-projektmenedzsment\/#breadcrumb"},"inLanguage":"hu","potentialAction":[{"@type":"ReadAction","target":["https:\/\/www.icscoolenergy.com\/hu\/szolgaltatas\/kulcsrakesz-projektmenedzsment\/"]}]},{"@type":"ImageObject","inLanguage":"hu","@id":"https:\/\/www.icscoolenergy.com\/hu\/szolgaltatas\/kulcsrakesz-projektmenedzsment\/#primaryimage","url":"https:\/\/www.icscoolenergy.com\/wp-content\/uploads\/sites\/10\/2024\/04\/Chiller-Project-Management.jpg","contentUrl":"https:\/\/www.icscoolenergy.com\/wp-content\/uploads\/sites\/10\/2024\/04\/Chiller-Project-Management.jpg","width":1980,"height":813,"caption":"Chiller Project Management"},{"@type":"BreadcrumbList","@id":"https:\/\/www.icscoolenergy.com\/hu\/szolgaltatas\/kulcsrakesz-projektmenedzsment\/#breadcrumb","itemListElement":[{"@type":"ListItem","position":1,"name":"Home","item":"https:\/\/www.icscoolenergy.com\/hu\/"},{"@type":"ListItem","position":2,"name":"Szolg\u00e1ltat\u00e1s","item":"https:\/\/www.icscoolenergy.com\/hu\/szolgaltatas\/"},{"@type":"ListItem","position":3,"name":"Kulcsrak\u00e9sz projektmenedzsment"}]},{"@type":"WebSite","@id":"https:\/\/www.icscoolenergy.com\/hu\/#website","url":"https:\/\/www.icscoolenergy.com\/hu\/","name":"ICS Cool Energy","description":"The Process Temperature Control Specialists","publisher":{"@id":"https:\/\/www.icscoolenergy.com\/hu\/#organization"},"alternateName":"ICS","potentialAction":[{"@type":"SearchAction","target":{"@type":"EntryPoint","urlTemplate":"https:\/\/www.icscoolenergy.com\/hu\/?s={search_term_string}"},"query-input":{"@type":"PropertyValueSpecification","valueRequired":true,"valueName":"search_term_string"}}],"inLanguage":"hu"},{"@type":"Organization","@id":"https:\/\/www.icscoolenergy.com\/hu\/#organization","name":"ICS Cool Energy","url":"https:\/\/www.icscoolenergy.com\/hu\/","logo":{"@type":"ImageObject","inLanguage":"hu","@id":"https:\/\/www.icscoolenergy.com\/hu\/#\/schema\/logo\/image\/","url":"https:\/\/www.icscoolenergy.com\/wp-content\/uploads\/sites\/10\/2024\/01\/ics-cool-energy-logo.svg","contentUrl":"https:\/\/www.icscoolenergy.com\/wp-content\/uploads\/sites\/10\/2024\/01\/ics-cool-energy-logo.svg","caption":"ICS Cool Energy"},"image":{"@id":"https:\/\/www.icscoolenergy.com\/hu\/#\/schema\/logo\/image\/"},"sameAs":["https:\/\/www.linkedin.com\/company\/ics-temperature-control\/","https:\/\/www.youtube.com\/@ICSCoolEnergyLtd"],"description":"ICS Cool Energy is a market leader for process and critical temperature control solutions that keep all types and sizes of businesses and industry running. Our headquarters are situated in Southampton, with offices throughout the UK and Europe, employing over 250 people in the UK alone.","email":"info@icscoolenergy.com","telephone":"0800 840 4210","legalName":"ICS Cool Energy Limited","numberOfEmployees":{"@type":"QuantitativeValue","minValue":"201","maxValue":"500"}}]}},"_links":{"self":[{"href":"https:\/\/www.icscoolenergy.com\/hu\/wp-json\/wp\/v2\/pages\/86393","targetHints":{"allow":["GET"]}}],"collection":[{"href":"https:\/\/www.icscoolenergy.com\/hu\/wp-json\/wp\/v2\/pages"}],"about":[{"href":"https:\/\/www.icscoolenergy.com\/hu\/wp-json\/wp\/v2\/types\/page"}],"author":[{"embeddable":true,"href":"https:\/\/www.icscoolenergy.com\/hu\/wp-json\/wp\/v2\/users\/1"}],"replies":[{"embeddable":true,"href":"https:\/\/www.icscoolenergy.com\/hu\/wp-json\/wp\/v2\/comments?post=86393"}],"version-history":[{"count":0,"href":"https:\/\/www.icscoolenergy.com\/hu\/wp-json\/wp\/v2\/pages\/86393\/revisions"}],"up":[{"embeddable":true,"href":"https:\/\/www.icscoolenergy.com\/hu\/wp-json\/wp\/v2\/pages\/86355"}],"wp:attachment":[{"href":"https:\/\/www.icscoolenergy.com\/hu\/wp-json\/wp\/v2\/media?parent=86393"}],"curies":[{"name":"wp","href":"https:\/\/api.w.org\/{rel}","templated":true}]}}