 
{"id":86421,"date":"2024-04-05T09:38:03","date_gmt":"2024-04-05T09:38:03","guid":{"rendered":"https:\/\/www.icscoolenergy.com\/hu\/szolgaltatas\/huto-javitas\/"},"modified":"2024-11-30T12:06:46","modified_gmt":"2024-11-30T12:06:46","slug":"huto-javitas","status":"publish","type":"page","link":"https:\/\/www.icscoolenergy.com\/hu\/szolgaltatas\/huto-javitas\/","title":{"rendered":"H\u0171t\u0151 jav\u00edt\u00e1s"},"content":{"rendered":"<div class=\" wp-block-cover alignfull eplus-wrapper eplus-styles-uid-98e0ba\" style=\"margin-top:0;min-height:650px;aspect-ratio:unset;\"><span aria-hidden=\"true\" class=\"wp-block-cover__background has-background-dim wp-block-cover__gradient-background has-background-gradient\" style=\"background:linear-gradient(145deg,rgb(49,47,95) 0%,rgba(49,46,94,0) 100%)\"><\/span><img loading=\"lazy\" decoding=\"async\" width=\"1980\" height=\"1559\" class=\"wp-block-cover__image-background wp-image-84077\" alt=\"Chiller Repairs Support\" src=\"https:\/\/www.icscoolenergy.com\/hu\/wp-content\/uploads\/sites\/10\/2024\/04\/Chiller-Repairs-Support.jpg\" data-object-fit=\"cover\" srcset=\"https:\/\/www.icscoolenergy.com\/wp-content\/uploads\/sites\/10\/2024\/04\/Chiller-Repairs-Support.jpg 1980w, https:\/\/www.icscoolenergy.com\/wp-content\/uploads\/sites\/10\/2024\/04\/Chiller-Repairs-Support-300x236.jpg 300w, https:\/\/www.icscoolenergy.com\/wp-content\/uploads\/sites\/10\/2024\/04\/Chiller-Repairs-Support-1024x806.jpg 1024w, https:\/\/www.icscoolenergy.com\/wp-content\/uploads\/sites\/10\/2024\/04\/Chiller-Repairs-Support-768x605.jpg 768w, https:\/\/www.icscoolenergy.com\/wp-content\/uploads\/sites\/10\/2024\/04\/Chiller-Repairs-Support-50x39.jpg 50w, https:\/\/www.icscoolenergy.com\/wp-content\/uploads\/sites\/10\/2024\/04\/Chiller-Repairs-Support-1600x1260.jpg 1600w, https:\/\/www.icscoolenergy.com\/wp-content\/uploads\/sites\/10\/2024\/04\/Chiller-Repairs-Support-1536x1209.jpg 1536w, https:\/\/www.icscoolenergy.com\/wp-content\/uploads\/sites\/10\/2024\/04\/Chiller-Repairs-Support-600x472.jpg 600w\" sizes=\"auto, (max-width: 1980px) 100vw, 1980px\" \/><div class=\"wp-block-cover__inner-container is-layout-flow wp-block-cover-is-layout-flow\">\n<div class=\"px-[28px] 2xl:max-w-[1632px] lg:px-[144px] md:px-[77px] sm:px-[77px] mb:px-[56px] xs:px-[28px] mx-auto wp-block-group eplus-wrapper is-layout-flow wp-block-group-is-layout-flow\"><div class=\"md:py-28 xs:py-12 xs:block lg:flex wp-block-columns are-vertically-aligned-top eplus-wrapper is-layout-flex wp-container-core-columns-is-layout-9d6595d7 wp-block-columns-is-layout-flex eplus-styles-uid-92aa8d\">\n<div class=\"wp-block-column is-vertically-aligned-top eplus-wrapper is-layout-flow wp-block-column-is-layout-flow\"><h1 class=\" wp-block-heading eplus-wrapper eplus-styles-uid-f3860c\" id=\"h-book-your-chiller-breakdown-repair\">FOGLALJA LE A H\u0170T\u0150BERENDEZ\u00c9S MEGHIB\u00c1SOD\u00c1S\u00c1NAK JAV\u00cdT\u00c1S\u00c1T  <\/h1>\n\n\n<p class=\" eplus-wrapper\">Ak\u00e1r h\u0151m\u00e9rs\u00e9klet-szab\u00e1lyoz\u00f3 berendez\u00e9s\u00e9nek teljes meghib\u00e1sod\u00e1s\u00e1val szembes\u00fcl, ak\u00e1r s\u00fcrg\u0151s m\u0171szaki t\u00e1mogat\u00e1sra van sz\u00fcks\u00e9ge, mivel nem m\u0171k\u00f6dik megfelel\u0151en, csak egy telefonh\u00edv\u00e1snyira vagyunk.<\/p>\n\n\n\n<div class=\"wp-block-buttons eplus-wrapper is-layout-flex wp-block-buttons-is-layout-flex\"><div class=\" ep-custom-buttons-icon wp-block-button eplus-wrapper eplus-styles-uid-f3840e\"><a class=\"wp-block-button__link has-background wp-element-button\" href=\"tel:08008404210\" style=\"background-color:#ef4138\">  0800 840 4210<\/a><\/div><\/div>\n<\/div>\n\n\n\n<div class=\"wp-block-column is-vertically-aligned-top eplus-wrapper is-layout-flow wp-block-column-is-layout-flow\">\n<div class=\"bg-product_background  w-[100%] lg:mx-8 mx-0 lg:mt-0 mt-20 m-0 rounded-md shadow-md pt-12 xl:px-12 lg:px-8 md:px-8 px-6 wp-block-group eplus-wrapper is-layout-flow wp-block-group-is-layout-flow\"><div data-form-id=\"b2e020c9-6514-ef11-9f89-000d3abc67d8\" data-form-api-url=\"https:\/\/public-eur.mkt.dynamics.com\/api\/v1.0\/orgs\/5bfd347f-4992-488b-8666-9c00ffc24675\/landingpageforms\" data-cached-form-url=\"https:\/\/assets-eur.mkt.dynamics.com\/5bfd347f-4992-488b-8666-9c00ffc24675\/digitalassets\/forms\/b2e020c9-6514-ef11-9f89-000d3abc67d8\"><\/div>\n<p>        <script src=\"https:\/\/cxppusa1formui01cdnsa01-endpoint.azureedge.net\/eur\/FormLoader\/FormLoader.bundle.js\"><\/script><\/p>\n<\/div>\n<\/div>\n<\/div><\/div>\n<\/div><\/div>\n<div style=\"height:60px\" aria-hidden=\"true\" class=\" wp-block-spacer eplus-wrapper\"><\/div>\n\n<div class=\"flex flex-row flex-wrap md:flex-nowrap sm:justify-center sm:items-center wp-block-group eplus-wrapper is-layout-constrained wp-block-group-is-layout-constrained\">\n<div class=\"w-full p-2 m-2 wp-block-group eplus-wrapper is-vertical is-layout-flex wp-container-core-group-is-layout-8cf370e7 wp-block-group-is-layout-flex\">\n<h2 class=\" wp-block-heading eplus-wrapper\" id=\"h-chiller-repairs\">H\u0170T\u0150 JAV\u00cdT\u00c1SOK<\/h2>\n\n\n\n<div style=\"height:8px\" aria-hidden=\"true\" class=\"wp-block-spacer eplus-wrapper wp-container-content-7d115344\"><\/div>\n\n\n\n<p class=\"has-text-color has-link-color eplus-wrapper wp-elements-dfc70f26e6c71bb2f5a0564ebbfc2ae0\" style=\"color:#323130\">Ak\u00e1r h\u0151m\u00e9rs\u00e9klet-szab\u00e1lyoz\u00f3 berendez\u00e9s\u00e9nek teljes meghib\u00e1sod\u00e1s\u00e1val szembes\u00fcl, ak\u00e1r s\u00fcrg\u0151s m\u0171szaki t\u00e1mogat\u00e1sra van sz\u00fcks\u00e9ge, mivel nem m\u0171k\u00f6dik megfelel\u0151en, csak egy telefonh\u00edv\u00e1snyira vagyunk. Szak\u00e9rt\u0151 h\u0171t\u0151jav\u00edt\u00f3 szervizcsapatunk k\u00e9szen \u00e1ll arra, hogy t\u00e1mogassa \u00d6nt \u00e9s m\u0171k\u00f6d\u00e9s\u00e9t a nap 24 \u00f3r\u00e1j\u00e1ban, a h\u00e9t 7 napj\u00e1n, az \u00e9v 365 napj\u00e1n.<\/p>\n\n\n\n<p class=\"has-text-color has-link-color eplus-wrapper wp-elements-214e89dec107d6541a7419549e93972e\" style=\"color:#323130\">C\u00e9lunk, hogy h\u0171t\u0151rendszereit t\u00e1volr\u00f3l vagy a 70+ helyi szervizm\u00e9rn\u00f6k\u00fcnk egyik\u00e9nek v\u00e9szhelyzeti helysz\u00edni l\u00e1togat\u00e1s\u00e1val a lehet\u0151 leggyorsabban vissza\u00e1ll\u00edtsuk m\u0171k\u00f6d\u00e9sbe.<\/p>\n\n\n\n<p class=\"has-text-color has-link-color eplus-wrapper wp-elements-b9b52f1efd12d2043a986e2aa37b3a9a\" style=\"color:#323130\">Tapasztalatunk van az \u00f6sszes f\u0151bb h\u0171t\u0151g\u00e9pm\u00e1rk\u00e1val, valamint a saj\u00e1tunkkal, \u00e9s nagy sz\u00e1zal\u00e9kban van az els\u0151 jav\u00edt\u00e1s, mivel minden furgonunkhoz p\u00f3talkatr\u00e9szeket sz\u00e1ll\u00edtunk, automatikus k\u00e9szletfelt\u00f6lt\u00e9ssel.<\/p>\n\n\n\n<p class=\"has-text-color has-link-color eplus-wrapper wp-elements-b6821d3e4d3c9e84d1baaeb031ffeabe\" style=\"color:#323130\">M\u00e9rn\u00f6keinket h\u00e1zon bel\u00fcli jav\u00edt\u00e1si \u00e1raj\u00e1nlati csapatok, m\u0171szaki t\u00e1mogat\u00f3 csapatok \u00e9s \u00fcgyf\u00e9lszolg\u00e1lati szakemberek t\u00e1mogatj\u00e1k. Ezek a csapatok region\u00e1lis irod\u00e1inkban \u00e9s k\u00f6zponti irod\u00e1inkban tal\u00e1lhat\u00f3k. Ez azt jelenti, hogy gyorsan alkalmazhatunk egy m\u00e9rn\u00f6k\u00f6t, v\u00e1laszolhatunk a m\u0171szaki megkeres\u00e9sekre vagy sz\u00e1ll\u00edthatjuk a sz\u00fcks\u00e9ges alkatr\u00e9szeket, mik\u00f6zben teljes k\u00f6r\u0171 t\u00e1j\u00e9koztat\u00e1st ny\u00fajtunk \u00d6nnek. Az \u00e1tfog\u00f3 furgonk\u00e9szletek mellett nagy mennyis\u00e9g\u0171 rakt\u00e1rral rendelkez\u00fcnk rakt\u00e1rainkban, hogy sz\u00fcks\u00e9g eset\u00e9n k\u00f6zvetlen\u00fcl a helysz\u00ednre sz\u00e1ll\u00edthassuk az alkatr\u00e9szeket.   <\/p>\n<\/div>\n<\/div>\n\n<div style=\"height:60px\" aria-hidden=\"true\" class=\" wp-block-spacer eplus-wrapper\"><\/div>\n\n<div class=\"mb-20 wp-block-group eplus-wrapper is-layout-flow wp-block-group-is-layout-flow\"><div class=\"is-not-stacked-on-mobile xs:p-8 sm:p-12 rounded-2xl items-center md:flex xs:grid wp-block-columns has-background eplus-wrapper is-layout-flex wp-container-core-columns-is-layout-9d6595d7 wp-block-columns-is-layout-flex eplus-styles-uid-88ea83\" style=\"background-color:#222143\">\n<div class=\"xs:order-2 md:order-1 xs:w-full md:w-6\/12 wp-block-column eplus-wrapper is-layout-flow wp-block-column-is-layout-flow\">\n<h3 class=\"wp-block-heading has-white-color has-text-color has-link-color eplus-wrapper wp-elements-fc151f361d772962470e4531c1d1a622\" id=\"h-need-a-service-plan\">SZERVIZCSOMAGRA VAN SZ\u00dcKS\u00c9GE?<\/h3>\n\n\n\n<p class=\"has-white-color has-text-color has-link-color eplus-wrapper wp-elements-74ba4b8e797b8e277847a5e6c2caf4a8\">A rendszeres, \u00fctemezett karbantart\u00e1s a leghat\u00e9konyabb m\u00f3dja annak, hogy h\u0151m\u00e9rs\u00e9klet-szab\u00e1lyoz\u00f3 berendez\u00e9se m\u0171k\u00f6d\u0151k\u00e9pes \u00e9s hat\u00e9kony maradjon teljes maxim\u00e1lis \u00e9lettartama alatt.<\/p>\n\n\n\n<div class=\"wp-block-buttons eplus-wrapper is-layout-flex wp-block-buttons-is-layout-flex\"><div class=\"is-style-fill wp-block-button eplus-wrapper eplus-styles-uid-6ae445\"><a class=\"wp-block-button__link has-primary-background-color has-background wp-element-button\" href=\"\/?page_id=79503\">Tudj meg t\u00f6bbet<\/a><\/div><\/div>\n<\/div>\n\n\n\n<div class=\"xs:order-1 md:order-2 xs:w-full md:w-6\/12 wp-block-column eplus-wrapper is-layout-flow wp-block-column-is-layout-flow\">\n<figure class=\"ek-rounded-lg wp-block-image size-full eplus-wrapper\"><img loading=\"lazy\" decoding=\"async\" width=\"2048\" height=\"864\" src=\"https:\/\/www.icscoolenergy.com\/hu\/wp-content\/uploads\/sites\/10\/2024\/04\/Contingency-Assets-Hero-scaled-1.jpg\" alt=\"\" class=\"wp-image-79512\" srcset=\"https:\/\/www.icscoolenergy.com\/wp-content\/uploads\/sites\/10\/2024\/04\/Contingency-Assets-Hero-scaled-1.jpg 2048w, https:\/\/www.icscoolenergy.com\/wp-content\/uploads\/sites\/10\/2024\/04\/Contingency-Assets-Hero-scaled-1-300x127.jpg 300w, https:\/\/www.icscoolenergy.com\/wp-content\/uploads\/sites\/10\/2024\/04\/Contingency-Assets-Hero-scaled-1-1024x432.jpg 1024w, https:\/\/www.icscoolenergy.com\/wp-content\/uploads\/sites\/10\/2024\/04\/Contingency-Assets-Hero-scaled-1-768x324.jpg 768w, https:\/\/www.icscoolenergy.com\/wp-content\/uploads\/sites\/10\/2024\/04\/Contingency-Assets-Hero-scaled-1-50x21.jpg 50w, https:\/\/www.icscoolenergy.com\/wp-content\/uploads\/sites\/10\/2024\/04\/Contingency-Assets-Hero-scaled-1-1600x675.jpg 1600w, https:\/\/www.icscoolenergy.com\/wp-content\/uploads\/sites\/10\/2024\/04\/Contingency-Assets-Hero-scaled-1-1536x648.jpg 1536w, https:\/\/www.icscoolenergy.com\/wp-content\/uploads\/sites\/10\/2024\/04\/Contingency-Assets-Hero-scaled-1-600x253.jpg 600w\" sizes=\"auto, (max-width: 2048px) 100vw, 2048px\" \/><\/figure>\n<\/div>\n<\/div><\/div>\n\n<div style=\"height:60px\" aria-hidden=\"true\" class=\" wp-block-spacer eplus-wrapper\"><\/div>\n","protected":false},"excerpt":{"rendered":"<p>H\u0170T\u0150 JAV\u00cdT\u00c1SOK Ak\u00e1r h\u0151m\u00e9rs\u00e9klet-szab\u00e1lyoz\u00f3 berendez\u00e9s\u00e9nek teljes meghib\u00e1sod\u00e1s\u00e1val szembes\u00fcl, ak\u00e1r s\u00fcrg\u0151s m\u0171szaki t\u00e1mogat\u00e1sra van sz\u00fcks\u00e9ge, mivel nem m\u0171k\u00f6dik megfelel\u0151en, csak egy telefonh\u00edv\u00e1snyira vagyunk. Szak\u00e9rt\u0151 h\u0171t\u0151jav\u00edt\u00f3 szervizcsapatunk k\u00e9szen \u00e1ll arra, hogy t\u00e1mogassa \u00d6nt \u00e9s m\u0171k\u00f6d\u00e9s\u00e9t a nap 24 \u00f3r\u00e1j\u00e1ban, a h\u00e9t 7 napj\u00e1n, az \u00e9v 365 napj\u00e1n. C\u00e9lunk, hogy h\u0171t\u0151rendszereit t\u00e1volr\u00f3l vagy a 70+ helyi szervizm\u00e9rn\u00f6k\u00fcnk egyik\u00e9nek &#8230; <a title=\"H\u0171t\u0151 jav\u00edt\u00e1s\" class=\"read-more\" href=\"https:\/\/www.icscoolenergy.com\/hu\/szolgaltatas\/huto-javitas\/\" aria-label=\"More on H\u0171t\u0151 jav\u00edt\u00e1s\">Read more<\/a><\/p>\n","protected":false},"author":1,"featured_media":0,"parent":86355,"menu_order":0,"comment_status":"closed","ping_status":"closed","template":"template-with-hero.php","meta":{"_acf_changed":false,"inline_featured_image":false,"_editorskit_title_hidden":false,"_editorskit_reading_time":0,"_editorskit_is_block_options_detached":false,"_editorskit_block_options_position":"{}","editor_plus_copied_stylings":"{}","footnotes":""},"class_list":["post-86421","page","type-page","status-publish"],"acf":[],"yoast_head":"<!-- This site is optimized with the Yoast SEO Premium plugin v24.5 (Yoast SEO v26.9) - https:\/\/yoast.com\/product\/yoast-seo-premium-wordpress\/ -->\n<title>H\u0171t\u0151 jav\u00edt\u00e1s | Hungary<\/title>\n<meta name=\"robots\" content=\"index, follow, max-snippet:-1, max-image-preview:large, max-video-preview:-1\" \/>\n<link rel=\"canonical\" href=\"https:\/\/www.icscoolenergy.com\/hu\/szolgaltatas\/huto-javitas\/\" \/>\n<meta property=\"og:locale\" content=\"hu_HU\" \/>\n<meta property=\"og:type\" content=\"article\" \/>\n<meta property=\"og:title\" content=\"H\u0171t\u0151 jav\u00edt\u00e1s\" \/>\n<meta property=\"og:description\" content=\"H\u0170T\u0150 JAV\u00cdT\u00c1SOK Ak\u00e1r h\u0151m\u00e9rs\u00e9klet-szab\u00e1lyoz\u00f3 berendez\u00e9s\u00e9nek teljes meghib\u00e1sod\u00e1s\u00e1val szembes\u00fcl, ak\u00e1r s\u00fcrg\u0151s m\u0171szaki t\u00e1mogat\u00e1sra van sz\u00fcks\u00e9ge, mivel nem m\u0171k\u00f6dik megfelel\u0151en, csak egy telefonh\u00edv\u00e1snyira vagyunk. Szak\u00e9rt\u0151 h\u0171t\u0151jav\u00edt\u00f3 szervizcsapatunk k\u00e9szen \u00e1ll arra, hogy t\u00e1mogassa \u00d6nt \u00e9s m\u0171k\u00f6d\u00e9s\u00e9t a nap 24 \u00f3r\u00e1j\u00e1ban, a h\u00e9t 7 napj\u00e1n, az \u00e9v 365 napj\u00e1n. C\u00e9lunk, hogy h\u0171t\u0151rendszereit t\u00e1volr\u00f3l vagy a 70+ helyi szervizm\u00e9rn\u00f6k\u00fcnk egyik\u00e9nek ... Read more\" \/>\n<meta property=\"og:url\" content=\"https:\/\/www.icscoolenergy.com\/hu\/szolgaltatas\/huto-javitas\/\" \/>\n<meta property=\"og:site_name\" content=\"Hungary\" \/>\n<meta property=\"article:modified_time\" content=\"2024-11-30T12:06:46+00:00\" \/>\n<meta property=\"og:image\" content=\"https:\/\/www.icscoolenergy.com\/hu\/wp-content\/uploads\/sites\/10\/2024\/04\/Chiller-Repairs-Support.jpg\" \/>\n<meta name=\"twitter:card\" content=\"summary_large_image\" \/>\n<meta name=\"twitter:label1\" content=\"Est. reading time\" \/>\n\t<meta name=\"twitter:data1\" content=\"2 perc\" \/>\n<script type=\"application\/ld+json\" class=\"yoast-schema-graph\">{\"@context\":\"https:\/\/schema.org\",\"@graph\":[{\"@type\":\"WebPage\",\"@id\":\"https:\/\/www.icscoolenergy.com\/hu\/szolgaltatas\/huto-javitas\/\",\"url\":\"https:\/\/www.icscoolenergy.com\/hu\/szolgaltatas\/huto-javitas\/\",\"name\":\"H\u0171t\u0151 jav\u00edt\u00e1s | Hungary\",\"isPartOf\":{\"@id\":\"https:\/\/www.icscoolenergy.com\/hu\/#website\"},\"primaryImageOfPage\":{\"@id\":\"https:\/\/www.icscoolenergy.com\/hu\/szolgaltatas\/huto-javitas\/#primaryimage\"},\"image\":{\"@id\":\"https:\/\/www.icscoolenergy.com\/hu\/szolgaltatas\/huto-javitas\/#primaryimage\"},\"thumbnailUrl\":\"https:\/\/www.icscoolenergy.com\/hu\/wp-content\/uploads\/sites\/10\/2024\/04\/Chiller-Repairs-Support.jpg\",\"datePublished\":\"2024-04-05T09:38:03+00:00\",\"dateModified\":\"2024-11-30T12:06:46+00:00\",\"breadcrumb\":{\"@id\":\"https:\/\/www.icscoolenergy.com\/hu\/szolgaltatas\/huto-javitas\/#breadcrumb\"},\"inLanguage\":\"hu\",\"potentialAction\":[{\"@type\":\"ReadAction\",\"target\":[\"https:\/\/www.icscoolenergy.com\/hu\/szolgaltatas\/huto-javitas\/\"]}]},{\"@type\":\"ImageObject\",\"inLanguage\":\"hu\",\"@id\":\"https:\/\/www.icscoolenergy.com\/hu\/szolgaltatas\/huto-javitas\/#primaryimage\",\"url\":\"https:\/\/www.icscoolenergy.com\/wp-content\/uploads\/sites\/10\/2024\/04\/Chiller-Repairs-Support.jpg\",\"contentUrl\":\"https:\/\/www.icscoolenergy.com\/wp-content\/uploads\/sites\/10\/2024\/04\/Chiller-Repairs-Support.jpg\",\"width\":1980,\"height\":1559,\"caption\":\"Chiller Repairs Support\"},{\"@type\":\"BreadcrumbList\",\"@id\":\"https:\/\/www.icscoolenergy.com\/hu\/szolgaltatas\/huto-javitas\/#breadcrumb\",\"itemListElement\":[{\"@type\":\"ListItem\",\"position\":1,\"name\":\"Home\",\"item\":\"https:\/\/www.icscoolenergy.com\/hu\/\"},{\"@type\":\"ListItem\",\"position\":2,\"name\":\"Szolg\u00e1ltat\u00e1s\",\"item\":\"https:\/\/www.icscoolenergy.com\/hu\/szolgaltatas\/\"},{\"@type\":\"ListItem\",\"position\":3,\"name\":\"H\u0171t\u0151 jav\u00edt\u00e1s\"}]},{\"@type\":\"WebSite\",\"@id\":\"https:\/\/www.icscoolenergy.com\/hu\/#website\",\"url\":\"https:\/\/www.icscoolenergy.com\/hu\/\",\"name\":\"ICS Cool Energy\",\"description\":\"The Process Temperature Control Specialists\",\"publisher\":{\"@id\":\"https:\/\/www.icscoolenergy.com\/hu\/#organization\"},\"alternateName\":\"ICS\",\"potentialAction\":[{\"@type\":\"SearchAction\",\"target\":{\"@type\":\"EntryPoint\",\"urlTemplate\":\"https:\/\/www.icscoolenergy.com\/hu\/?s={search_term_string}\"},\"query-input\":{\"@type\":\"PropertyValueSpecification\",\"valueRequired\":true,\"valueName\":\"search_term_string\"}}],\"inLanguage\":\"hu\"},{\"@type\":\"Organization\",\"@id\":\"https:\/\/www.icscoolenergy.com\/hu\/#organization\",\"name\":\"ICS Cool Energy\",\"url\":\"https:\/\/www.icscoolenergy.com\/hu\/\",\"logo\":{\"@type\":\"ImageObject\",\"inLanguage\":\"hu\",\"@id\":\"https:\/\/www.icscoolenergy.com\/hu\/#\/schema\/logo\/image\/\",\"url\":\"https:\/\/www.icscoolenergy.com\/wp-content\/uploads\/sites\/10\/2024\/01\/ics-cool-energy-logo.svg\",\"contentUrl\":\"https:\/\/www.icscoolenergy.com\/wp-content\/uploads\/sites\/10\/2024\/01\/ics-cool-energy-logo.svg\",\"caption\":\"ICS Cool Energy\"},\"image\":{\"@id\":\"https:\/\/www.icscoolenergy.com\/hu\/#\/schema\/logo\/image\/\"},\"sameAs\":[\"https:\/\/www.linkedin.com\/company\/ics-temperature-control\/\",\"https:\/\/www.youtube.com\/@ICSCoolEnergyLtd\"],\"description\":\"ICS Cool Energy is a market leader for process and critical temperature control solutions that keep all types and sizes of businesses and industry running. Our headquarters are situated in Southampton, with offices throughout the UK and Europe, employing over 250 people in the UK alone.\",\"email\":\"info@icscoolenergy.com\",\"telephone\":\"0800 840 4210\",\"legalName\":\"ICS Cool Energy Limited\",\"numberOfEmployees\":{\"@type\":\"QuantitativeValue\",\"minValue\":\"201\",\"maxValue\":\"500\"}}]}<\/script>\n<!-- \/ Yoast SEO Premium plugin. -->","yoast_head_json":{"title":"H\u0171t\u0151 jav\u00edt\u00e1s | Hungary","robots":{"index":"index","follow":"follow","max-snippet":"max-snippet:-1","max-image-preview":"max-image-preview:large","max-video-preview":"max-video-preview:-1"},"canonical":"https:\/\/www.icscoolenergy.com\/hu\/szolgaltatas\/huto-javitas\/","og_locale":"hu_HU","og_type":"article","og_title":"H\u0171t\u0151 jav\u00edt\u00e1s","og_description":"H\u0170T\u0150 JAV\u00cdT\u00c1SOK Ak\u00e1r h\u0151m\u00e9rs\u00e9klet-szab\u00e1lyoz\u00f3 berendez\u00e9s\u00e9nek teljes meghib\u00e1sod\u00e1s\u00e1val szembes\u00fcl, ak\u00e1r s\u00fcrg\u0151s m\u0171szaki t\u00e1mogat\u00e1sra van sz\u00fcks\u00e9ge, mivel nem m\u0171k\u00f6dik megfelel\u0151en, csak egy telefonh\u00edv\u00e1snyira vagyunk. Szak\u00e9rt\u0151 h\u0171t\u0151jav\u00edt\u00f3 szervizcsapatunk k\u00e9szen \u00e1ll arra, hogy t\u00e1mogassa \u00d6nt \u00e9s m\u0171k\u00f6d\u00e9s\u00e9t a nap 24 \u00f3r\u00e1j\u00e1ban, a h\u00e9t 7 napj\u00e1n, az \u00e9v 365 napj\u00e1n. C\u00e9lunk, hogy h\u0171t\u0151rendszereit t\u00e1volr\u00f3l vagy a 70+ helyi szervizm\u00e9rn\u00f6k\u00fcnk egyik\u00e9nek ... Read more","og_url":"https:\/\/www.icscoolenergy.com\/hu\/szolgaltatas\/huto-javitas\/","og_site_name":"Hungary","article_modified_time":"2024-11-30T12:06:46+00:00","og_image":[{"url":"https:\/\/www.icscoolenergy.com\/hu\/wp-content\/uploads\/sites\/10\/2024\/04\/Chiller-Repairs-Support.jpg","type":"","width":"","height":""}],"twitter_card":"summary_large_image","twitter_misc":{"Est. reading time":"2 perc"},"schema":{"@context":"https:\/\/schema.org","@graph":[{"@type":"WebPage","@id":"https:\/\/www.icscoolenergy.com\/hu\/szolgaltatas\/huto-javitas\/","url":"https:\/\/www.icscoolenergy.com\/hu\/szolgaltatas\/huto-javitas\/","name":"H\u0171t\u0151 jav\u00edt\u00e1s | Hungary","isPartOf":{"@id":"https:\/\/www.icscoolenergy.com\/hu\/#website"},"primaryImageOfPage":{"@id":"https:\/\/www.icscoolenergy.com\/hu\/szolgaltatas\/huto-javitas\/#primaryimage"},"image":{"@id":"https:\/\/www.icscoolenergy.com\/hu\/szolgaltatas\/huto-javitas\/#primaryimage"},"thumbnailUrl":"https:\/\/www.icscoolenergy.com\/hu\/wp-content\/uploads\/sites\/10\/2024\/04\/Chiller-Repairs-Support.jpg","datePublished":"2024-04-05T09:38:03+00:00","dateModified":"2024-11-30T12:06:46+00:00","breadcrumb":{"@id":"https:\/\/www.icscoolenergy.com\/hu\/szolgaltatas\/huto-javitas\/#breadcrumb"},"inLanguage":"hu","potentialAction":[{"@type":"ReadAction","target":["https:\/\/www.icscoolenergy.com\/hu\/szolgaltatas\/huto-javitas\/"]}]},{"@type":"ImageObject","inLanguage":"hu","@id":"https:\/\/www.icscoolenergy.com\/hu\/szolgaltatas\/huto-javitas\/#primaryimage","url":"https:\/\/www.icscoolenergy.com\/wp-content\/uploads\/sites\/10\/2024\/04\/Chiller-Repairs-Support.jpg","contentUrl":"https:\/\/www.icscoolenergy.com\/wp-content\/uploads\/sites\/10\/2024\/04\/Chiller-Repairs-Support.jpg","width":1980,"height":1559,"caption":"Chiller Repairs Support"},{"@type":"BreadcrumbList","@id":"https:\/\/www.icscoolenergy.com\/hu\/szolgaltatas\/huto-javitas\/#breadcrumb","itemListElement":[{"@type":"ListItem","position":1,"name":"Home","item":"https:\/\/www.icscoolenergy.com\/hu\/"},{"@type":"ListItem","position":2,"name":"Szolg\u00e1ltat\u00e1s","item":"https:\/\/www.icscoolenergy.com\/hu\/szolgaltatas\/"},{"@type":"ListItem","position":3,"name":"H\u0171t\u0151 jav\u00edt\u00e1s"}]},{"@type":"WebSite","@id":"https:\/\/www.icscoolenergy.com\/hu\/#website","url":"https:\/\/www.icscoolenergy.com\/hu\/","name":"ICS Cool Energy","description":"The Process Temperature Control Specialists","publisher":{"@id":"https:\/\/www.icscoolenergy.com\/hu\/#organization"},"alternateName":"ICS","potentialAction":[{"@type":"SearchAction","target":{"@type":"EntryPoint","urlTemplate":"https:\/\/www.icscoolenergy.com\/hu\/?s={search_term_string}"},"query-input":{"@type":"PropertyValueSpecification","valueRequired":true,"valueName":"search_term_string"}}],"inLanguage":"hu"},{"@type":"Organization","@id":"https:\/\/www.icscoolenergy.com\/hu\/#organization","name":"ICS Cool Energy","url":"https:\/\/www.icscoolenergy.com\/hu\/","logo":{"@type":"ImageObject","inLanguage":"hu","@id":"https:\/\/www.icscoolenergy.com\/hu\/#\/schema\/logo\/image\/","url":"https:\/\/www.icscoolenergy.com\/wp-content\/uploads\/sites\/10\/2024\/01\/ics-cool-energy-logo.svg","contentUrl":"https:\/\/www.icscoolenergy.com\/wp-content\/uploads\/sites\/10\/2024\/01\/ics-cool-energy-logo.svg","caption":"ICS Cool Energy"},"image":{"@id":"https:\/\/www.icscoolenergy.com\/hu\/#\/schema\/logo\/image\/"},"sameAs":["https:\/\/www.linkedin.com\/company\/ics-temperature-control\/","https:\/\/www.youtube.com\/@ICSCoolEnergyLtd"],"description":"ICS Cool Energy is a market leader for process and critical temperature control solutions that keep all types and sizes of businesses and industry running. Our headquarters are situated in Southampton, with offices throughout the UK and Europe, employing over 250 people in the UK alone.","email":"info@icscoolenergy.com","telephone":"0800 840 4210","legalName":"ICS Cool Energy Limited","numberOfEmployees":{"@type":"QuantitativeValue","minValue":"201","maxValue":"500"}}]}},"_links":{"self":[{"href":"https:\/\/www.icscoolenergy.com\/hu\/wp-json\/wp\/v2\/pages\/86421","targetHints":{"allow":["GET"]}}],"collection":[{"href":"https:\/\/www.icscoolenergy.com\/hu\/wp-json\/wp\/v2\/pages"}],"about":[{"href":"https:\/\/www.icscoolenergy.com\/hu\/wp-json\/wp\/v2\/types\/page"}],"author":[{"embeddable":true,"href":"https:\/\/www.icscoolenergy.com\/hu\/wp-json\/wp\/v2\/users\/1"}],"replies":[{"embeddable":true,"href":"https:\/\/www.icscoolenergy.com\/hu\/wp-json\/wp\/v2\/comments?post=86421"}],"version-history":[{"count":0,"href":"https:\/\/www.icscoolenergy.com\/hu\/wp-json\/wp\/v2\/pages\/86421\/revisions"}],"up":[{"embeddable":true,"href":"https:\/\/www.icscoolenergy.com\/hu\/wp-json\/wp\/v2\/pages\/86355"}],"wp:attachment":[{"href":"https:\/\/www.icscoolenergy.com\/hu\/wp-json\/wp\/v2\/media?parent=86421"}],"curies":[{"name":"wp","href":"https:\/\/api.w.org\/{rel}","templated":true}]}}