 
{"id":86439,"date":"2024-04-05T16:26:18","date_gmt":"2024-04-05T16:26:18","guid":{"rendered":"https:\/\/www.icscoolenergy.com\/hu\/szolgaltatas\/valtoztathato-fordulatszamu-hajtasok\/"},"modified":"2024-11-30T12:06:47","modified_gmt":"2024-11-30T12:06:47","slug":"valtoztathato-fordulatszamu-hajtasok","status":"publish","type":"page","link":"https:\/\/www.icscoolenergy.com\/hu\/szolgaltatas\/valtoztathato-fordulatszamu-hajtasok\/","title":{"rendered":"V\u00e1ltoztathat\u00f3 fordulatsz\u00e1m\u00fa hajt\u00e1sok"},"content":{"rendered":"\n<div class=\"mb-8 eplus-wrapper wp-block-group is-layout-flow wp-block-group-is-layout-flow\">\n<div class=\"md:relative eplus-wrapper wp-block-group is-layout-flow wp-block-group-is-layout-flow\">\n<div class=\"eplus-wrapper wp-block-cover is-light\" style=\"min-height:451px;aspect-ratio:unset;\"><span aria-hidden=\"true\" class=\"wp-block-cover__background has-background-dim-0 has-background-dim\" style=\"background-color:#9d998d\"><\/span><img loading=\"lazy\" decoding=\"async\" width=\"1500\" height=\"736\" class=\"wp-block-cover__image-background wp-image-80180\" alt=\"\" src=\"https:\/\/www.icscoolenergy.com\/hu\/wp-content\/\/uploads\/2024\/04\/Variable-Speed-Drives-For-Chillers.jpg\" style=\"object-position:31% 58%\" data-object-fit=\"cover\" data-object-position=\"31% 58%\" srcset=\"https:\/\/www.icscoolenergy.com\/wp-content\/uploads\/sites\/10\/2024\/04\/Variable-Speed-Drives-For-Chillers.jpg 1500w, https:\/\/www.icscoolenergy.com\/wp-content\/uploads\/sites\/10\/2024\/04\/Variable-Speed-Drives-For-Chillers-300x147.jpg 300w, https:\/\/www.icscoolenergy.com\/wp-content\/uploads\/sites\/10\/2024\/04\/Variable-Speed-Drives-For-Chillers-1024x502.jpg 1024w, https:\/\/www.icscoolenergy.com\/wp-content\/uploads\/sites\/10\/2024\/04\/Variable-Speed-Drives-For-Chillers-768x377.jpg 768w, https:\/\/www.icscoolenergy.com\/wp-content\/uploads\/sites\/10\/2024\/04\/Variable-Speed-Drives-For-Chillers-50x25.jpg 50w, https:\/\/www.icscoolenergy.com\/wp-content\/uploads\/sites\/10\/2024\/04\/Variable-Speed-Drives-For-Chillers-600x294.jpg 600w\" sizes=\"auto, (max-width: 1500px) 100vw, 1500px\" \/><div class=\"wp-block-cover__inner-container is-layout-flow wp-block-cover-is-layout-flow\">\n<p class=\" has-text-align-center has-large-font-size eplus-wrapper\"><\/p>\n<\/div><\/div>\n\n\n\n<div class=\"rounded-tr-md sm:w-full md:w-[80%] md:h-fit md:top-[80%] relative md:-mt-[10%] z-[1] md:left-0 eplus-wrapper wp-block-group has-background is-layout-constrained wp-block-group-is-layout-constrained\" style=\"background-color:#eaeaef\">\n<h1 class=\"eplus-wrapper pt-8 wp-block-heading has-text-color has-link-color wp-elements-eaa555042788eba8158c7b48eecff37f\" id=\"h-variable-speed-drives\" style=\"color:#312f5f\">V\u00c1LTOZTATHAT\u00d3 FORDULATSZ\u00c1M\u00da HAJT\u00c1SOK<\/h1>\n\n\n\n<p class=\" eplus-wrapper\">A leveg\u0151 \u00e9s a v\u00edz \u00e1raml\u00e1s\u00e1nak szab\u00e1lyoz\u00e1sa a technol\u00f3giai h\u0151m\u00e9rs\u00e9klet-szab\u00e1lyoz\u00f3 rendszerekben hat\u00e9kony, \u00e1lland\u00f3 m\u00f3dja annak, hogy megfeleljen a rendszerrel szemben t\u00e1masztott folyamatosan v\u00e1ltoz\u00f3 k\u00f6vetelm\u00e9nyeknek \u00e9s n\u00f6velje hat\u00e9konys\u00e1g\u00e1t.<\/p>\n\n\n\n<p class=\" eplus-wrapper\">Telep\u00edthet\u00fcnk egy v\u00e1ltoz\u00f3 fordulatsz\u00e1m\u00fa hajt\u00e1st vagy VSD-t (elektromos \/ elektronikus rendszer, amely fokozatmentesen v\u00e1ltoztathat\u00f3 fordulatsz\u00e1m-szab\u00e1lyoz\u00e1st biztos\u00edt a v\u00e1ltakoz\u00f3 \u00e1ram\u00fa indukci\u00f3s motorok sz\u00e1m\u00e1ra).<\/p>\n\n\n\n<p class=\" eplus-wrapper\">A VSD-k telep\u00edthet\u0151k a rendszer v\u00e1ltoz\u00f3 \u00e1raml\u00e1si k\u00f6vetelm\u00e9nyeinek kiel\u00e9g\u00edt\u00e9s\u00e9re vagy csak az energiahat\u00e9konys\u00e1g n\u00f6vel\u00e9s\u00e9re. A telep\u00edtett rendszer megt\u00e9r\u00fcl\u00e9se ak\u00e1r 6 h\u00f3nap is lehet. <\/p>\n\n\n\n<div class=\"wp-block-buttons eplus-wrapper is-layout-flex wp-block-buttons-is-layout-flex\"><div class=\" ep-custom-buttons-icon wp-block-button eplus-wrapper eplus-styles-uid-d7fab7\"><a class=\"wp-block-button__link has-background wp-element-button\" href=\"tel:08008404210\" style=\"background-color:#ef4138\">\u00c9rdekl\u0151dj\u00f6n most: 0800 840 4210<\/a><\/div><\/div>\n<\/div>\n<\/div>\n\n\n\n<div style=\"height:60px\" aria-hidden=\"true\" class=\"xs:hidden md:block eplus-wrapper wp-block-spacer\"><\/div>\n<\/div>\n\n<div class=\"flex flex-row flex-wrap md:flex-nowrap sm:justify-center sm:items-center wp-block-group eplus-wrapper is-layout-constrained wp-block-group-is-layout-constrained\">\n<div class=\"w-full p-2 m-2 wp-block-group eplus-wrapper is-vertical is-layout-flex wp-container-core-group-is-layout-8cf370e7 wp-block-group-is-layout-flex\">\n<p class=\" eplus-wrapper\">A v\u00e1ltoz\u00f3 fordulatsz\u00e1m\u00fa hajt\u00e1s (VSD) telep\u00edt\u00e9s\u00e9vel \u2013 egy elektromos\/elektronikus rendszer, amely fokozatmentesen szab\u00e1lyozhat\u00f3 fordulatsz\u00e1mot biztos\u00edt a v\u00e1ltakoz\u00f3 \u00e1ram\u00fa indukci\u00f3s motorok sz\u00e1m\u00e1ra \u2013 megfelelhet a rendszer k\u00fcl\u00f6nb\u00f6z\u0151 \u00e1raml\u00e1si k\u00f6vetelm\u00e9nyeinek, vagy csak n\u00f6velheti az energiahat\u00e9konys\u00e1got.<\/p>\n\n\n\n<p class=\" eplus-wrapper\">A v\u00e1ltoztathat\u00f3 sebess\u00e9g\u0171 technol\u00f3gi\u00e1kat a <a href=\"\/?product_cat=chiller-sales\" class=\"ek-link\">folyad\u00e9kh\u0171t\u0151k <\/a>minden term\u00e9kportf\u00f3li\u00f3ban alkalmazz\u00e1k, de a VSD technol\u00f3gia ut\u00f3lag is felszerelhet\u0151 a megl\u00e9v\u0151 folyad\u00e9kh\u0171t\u0151kre, \u00edgy kiv\u00e1l\u00f3 lehet\u0151s\u00e9g azoknak a v\u00e1llalkoz\u00e1soknak, amelyek jav\u00edtani szeretn\u00e9k a hat\u00e9konys\u00e1got \u00e9s cs\u00f6kkenteni szeretn\u00e9k h\u0171t\u0151rendszereik energiafogyaszt\u00e1s\u00e1t.<\/p>\n\n\n\n<p class=\" eplus-wrapper\">A VSD technol\u00f3gia megl\u00e9v\u0151 folyad\u00e9kh\u0171t\u0151re t\u00f6rt\u00e9n\u0151 ut\u00f3lagos felszerel\u00e9se mag\u00e1ban foglalja egy VSD-meghajt\u00f3 telep\u00edt\u00e9s\u00e9t a motor \u00e9s az \u00e1ramell\u00e1t\u00e1s k\u00f6z\u00e9. A VSD-hajt\u00e1s a motor fordulatsz\u00e1m\u00e1t a h\u0171t\u00e9si terhel\u00e9shez igaz\u00edtja, cs\u00f6kkentve az energiafogyaszt\u00e1st \u00e9s a k\u00f6lts\u00e9geket. <\/p>\n\n\n\n<p class=\" eplus-wrapper\">A telep\u00edtett VSD rendszer megt\u00e9r\u00fcl\u00e9se ak\u00e1r 4-6 h\u00f3nap is lehet.<\/p>\n\n\n\n<div style=\"height:8px\" aria-hidden=\"true\" class=\"wp-block-spacer eplus-wrapper wp-container-content-7d115344\"><\/div>\n<\/div>\n<\/div>\n\n<div style=\"height:60px\" aria-hidden=\"true\" class=\" wp-block-spacer eplus-wrapper\"><\/div>\n\n<figure class=\" wp-block-image aligncenter size-large eplus-wrapper\"><img loading=\"lazy\" decoding=\"async\" width=\"1024\" height=\"460\" src=\"https:\/\/www.icscoolenergy.com\/hu\/wp-content\/uploads\/sites\/10\/2024\/04\/VSD-Payback-1024x460.jpg\" alt=\"\" class=\"wp-image-80185\" srcset=\"https:\/\/www.icscoolenergy.com\/wp-content\/uploads\/sites\/10\/2024\/04\/VSD-Payback-1024x460.jpg 1024w, https:\/\/www.icscoolenergy.com\/wp-content\/uploads\/sites\/10\/2024\/04\/VSD-Payback-300x135.jpg 300w, https:\/\/www.icscoolenergy.com\/wp-content\/uploads\/sites\/10\/2024\/04\/VSD-Payback-768x345.jpg 768w, https:\/\/www.icscoolenergy.com\/wp-content\/uploads\/sites\/10\/2024\/04\/VSD-Payback-50x22.jpg 50w, https:\/\/www.icscoolenergy.com\/wp-content\/uploads\/sites\/10\/2024\/04\/VSD-Payback-600x270.jpg 600w, https:\/\/www.icscoolenergy.com\/wp-content\/uploads\/sites\/10\/2024\/04\/VSD-Payback.jpg 1519w\" sizes=\"auto, (max-width: 1024px) 100vw, 1024px\" \/><\/figure>\n\n<div style=\"height:60px\" aria-hidden=\"true\" class=\" wp-block-spacer eplus-wrapper\"><\/div>\n","protected":false},"excerpt":{"rendered":"<p>V\u00c1LTOZTATHAT\u00d3 FORDULATSZ\u00c1M\u00da HAJT\u00c1SOK A leveg\u0151 \u00e9s a v\u00edz \u00e1raml\u00e1s\u00e1nak szab\u00e1lyoz\u00e1sa a technol\u00f3giai h\u0151m\u00e9rs\u00e9klet-szab\u00e1lyoz\u00f3 rendszerekben hat\u00e9kony, \u00e1lland\u00f3 m\u00f3dja annak, hogy megfeleljen a rendszerrel szemben t\u00e1masztott folyamatosan v\u00e1ltoz\u00f3 k\u00f6vetelm\u00e9nyeknek \u00e9s n\u00f6velje hat\u00e9konys\u00e1g\u00e1t. Telep\u00edthet\u00fcnk egy v\u00e1ltoz\u00f3 fordulatsz\u00e1m\u00fa hajt\u00e1st vagy VSD-t (elektromos \/ elektronikus rendszer, amely fokozatmentesen v\u00e1ltoztathat\u00f3 fordulatsz\u00e1m-szab\u00e1lyoz\u00e1st biztos\u00edt a v\u00e1ltakoz\u00f3 \u00e1ram\u00fa indukci\u00f3s motorok sz\u00e1m\u00e1ra). A VSD-k telep\u00edthet\u0151k &#8230; <a title=\"V\u00e1ltoztathat\u00f3 fordulatsz\u00e1m\u00fa hajt\u00e1sok\" class=\"read-more\" href=\"https:\/\/www.icscoolenergy.com\/hu\/szolgaltatas\/valtoztathato-fordulatszamu-hajtasok\/\" aria-label=\"More on V\u00e1ltoztathat\u00f3 fordulatsz\u00e1m\u00fa hajt\u00e1sok\">Read more<\/a><\/p>\n","protected":false},"author":1,"featured_media":0,"parent":86355,"menu_order":0,"comment_status":"closed","ping_status":"closed","template":"template-1.php","meta":{"_acf_changed":false,"inline_featured_image":false,"_editorskit_title_hidden":false,"_editorskit_reading_time":0,"_editorskit_is_block_options_detached":false,"_editorskit_block_options_position":"{}","editor_plus_copied_stylings":"{}","footnotes":""},"class_list":["post-86439","page","type-page","status-publish"],"acf":[],"yoast_head":"<!-- This site is optimized with the Yoast SEO Premium plugin v24.5 (Yoast SEO v26.9) - https:\/\/yoast.com\/product\/yoast-seo-premium-wordpress\/ -->\n<title>V\u00e1ltoztathat\u00f3 fordulatsz\u00e1m\u00fa hajt\u00e1sok | Hungary<\/title>\n<meta name=\"robots\" content=\"index, follow, max-snippet:-1, max-image-preview:large, max-video-preview:-1\" \/>\n<link rel=\"canonical\" href=\"https:\/\/www.icscoolenergy.com\/hu\/szolgaltatas\/valtoztathato-fordulatszamu-hajtasok\/\" \/>\n<meta property=\"og:locale\" content=\"hu_HU\" \/>\n<meta property=\"og:type\" content=\"article\" \/>\n<meta property=\"og:title\" content=\"V\u00e1ltoztathat\u00f3 fordulatsz\u00e1m\u00fa hajt\u00e1sok\" \/>\n<meta property=\"og:description\" content=\"V\u00c1LTOZTATHAT\u00d3 FORDULATSZ\u00c1M\u00da HAJT\u00c1SOK A leveg\u0151 \u00e9s a v\u00edz \u00e1raml\u00e1s\u00e1nak szab\u00e1lyoz\u00e1sa a technol\u00f3giai h\u0151m\u00e9rs\u00e9klet-szab\u00e1lyoz\u00f3 rendszerekben hat\u00e9kony, \u00e1lland\u00f3 m\u00f3dja annak, hogy megfeleljen a rendszerrel szemben t\u00e1masztott folyamatosan v\u00e1ltoz\u00f3 k\u00f6vetelm\u00e9nyeknek \u00e9s n\u00f6velje hat\u00e9konys\u00e1g\u00e1t. Telep\u00edthet\u00fcnk egy v\u00e1ltoz\u00f3 fordulatsz\u00e1m\u00fa hajt\u00e1st vagy VSD-t (elektromos \/ elektronikus rendszer, amely fokozatmentesen v\u00e1ltoztathat\u00f3 fordulatsz\u00e1m-szab\u00e1lyoz\u00e1st biztos\u00edt a v\u00e1ltakoz\u00f3 \u00e1ram\u00fa indukci\u00f3s motorok sz\u00e1m\u00e1ra). A VSD-k telep\u00edthet\u0151k ... Read more\" \/>\n<meta property=\"og:url\" content=\"https:\/\/www.icscoolenergy.com\/hu\/szolgaltatas\/valtoztathato-fordulatszamu-hajtasok\/\" \/>\n<meta property=\"og:site_name\" content=\"Hungary\" \/>\n<meta property=\"article:modified_time\" content=\"2024-11-30T12:06:47+00:00\" \/>\n<meta property=\"og:image\" content=\"https:\/\/www.icscoolenergy.com\/hu\/wp-content\/\/uploads\/2024\/04\/Variable-Speed-Drives-For-Chillers.jpg\" \/>\n<meta name=\"twitter:card\" content=\"summary_large_image\" \/>\n<meta name=\"twitter:label1\" content=\"Est. reading time\" \/>\n\t<meta name=\"twitter:data1\" content=\"2 perc\" \/>\n<script type=\"application\/ld+json\" class=\"yoast-schema-graph\">{\"@context\":\"https:\/\/schema.org\",\"@graph\":[{\"@type\":\"WebPage\",\"@id\":\"https:\/\/www.icscoolenergy.com\/hu\/szolgaltatas\/valtoztathato-fordulatszamu-hajtasok\/\",\"url\":\"https:\/\/www.icscoolenergy.com\/hu\/szolgaltatas\/valtoztathato-fordulatszamu-hajtasok\/\",\"name\":\"V\u00e1ltoztathat\u00f3 fordulatsz\u00e1m\u00fa hajt\u00e1sok | Hungary\",\"isPartOf\":{\"@id\":\"https:\/\/www.icscoolenergy.com\/hu\/#website\"},\"primaryImageOfPage\":{\"@id\":\"https:\/\/www.icscoolenergy.com\/hu\/szolgaltatas\/valtoztathato-fordulatszamu-hajtasok\/#primaryimage\"},\"image\":{\"@id\":\"https:\/\/www.icscoolenergy.com\/hu\/szolgaltatas\/valtoztathato-fordulatszamu-hajtasok\/#primaryimage\"},\"thumbnailUrl\":\"https:\/\/www.icscoolenergy.com\/hu\/wp-content\/\/uploads\/2024\/04\/Variable-Speed-Drives-For-Chillers.jpg\",\"datePublished\":\"2024-04-05T16:26:18+00:00\",\"dateModified\":\"2024-11-30T12:06:47+00:00\",\"breadcrumb\":{\"@id\":\"https:\/\/www.icscoolenergy.com\/hu\/szolgaltatas\/valtoztathato-fordulatszamu-hajtasok\/#breadcrumb\"},\"inLanguage\":\"hu\",\"potentialAction\":[{\"@type\":\"ReadAction\",\"target\":[\"https:\/\/www.icscoolenergy.com\/hu\/szolgaltatas\/valtoztathato-fordulatszamu-hajtasok\/\"]}]},{\"@type\":\"ImageObject\",\"inLanguage\":\"hu\",\"@id\":\"https:\/\/www.icscoolenergy.com\/hu\/szolgaltatas\/valtoztathato-fordulatszamu-hajtasok\/#primaryimage\",\"url\":\"https:\/\/www.icscoolenergy.com\/wp-content\/uploads\/sites\/10\/2024\/04\/Variable-Speed-Drives-For-Chillers.jpg\",\"contentUrl\":\"https:\/\/www.icscoolenergy.com\/wp-content\/uploads\/sites\/10\/2024\/04\/Variable-Speed-Drives-For-Chillers.jpg\",\"width\":1500,\"height\":736},{\"@type\":\"BreadcrumbList\",\"@id\":\"https:\/\/www.icscoolenergy.com\/hu\/szolgaltatas\/valtoztathato-fordulatszamu-hajtasok\/#breadcrumb\",\"itemListElement\":[{\"@type\":\"ListItem\",\"position\":1,\"name\":\"Home\",\"item\":\"https:\/\/www.icscoolenergy.com\/hu\/\"},{\"@type\":\"ListItem\",\"position\":2,\"name\":\"Szolg\u00e1ltat\u00e1s\",\"item\":\"https:\/\/www.icscoolenergy.com\/hu\/szolgaltatas\/\"},{\"@type\":\"ListItem\",\"position\":3,\"name\":\"V\u00e1ltoztathat\u00f3 fordulatsz\u00e1m\u00fa hajt\u00e1sok\"}]},{\"@type\":\"WebSite\",\"@id\":\"https:\/\/www.icscoolenergy.com\/hu\/#website\",\"url\":\"https:\/\/www.icscoolenergy.com\/hu\/\",\"name\":\"ICS Cool Energy\",\"description\":\"The Process Temperature Control Specialists\",\"publisher\":{\"@id\":\"https:\/\/www.icscoolenergy.com\/hu\/#organization\"},\"alternateName\":\"ICS\",\"potentialAction\":[{\"@type\":\"SearchAction\",\"target\":{\"@type\":\"EntryPoint\",\"urlTemplate\":\"https:\/\/www.icscoolenergy.com\/hu\/?s={search_term_string}\"},\"query-input\":{\"@type\":\"PropertyValueSpecification\",\"valueRequired\":true,\"valueName\":\"search_term_string\"}}],\"inLanguage\":\"hu\"},{\"@type\":\"Organization\",\"@id\":\"https:\/\/www.icscoolenergy.com\/hu\/#organization\",\"name\":\"ICS Cool Energy\",\"url\":\"https:\/\/www.icscoolenergy.com\/hu\/\",\"logo\":{\"@type\":\"ImageObject\",\"inLanguage\":\"hu\",\"@id\":\"https:\/\/www.icscoolenergy.com\/hu\/#\/schema\/logo\/image\/\",\"url\":\"https:\/\/www.icscoolenergy.com\/wp-content\/uploads\/sites\/10\/2024\/01\/ics-cool-energy-logo.svg\",\"contentUrl\":\"https:\/\/www.icscoolenergy.com\/wp-content\/uploads\/sites\/10\/2024\/01\/ics-cool-energy-logo.svg\",\"caption\":\"ICS Cool Energy\"},\"image\":{\"@id\":\"https:\/\/www.icscoolenergy.com\/hu\/#\/schema\/logo\/image\/\"},\"sameAs\":[\"https:\/\/www.linkedin.com\/company\/ics-temperature-control\/\",\"https:\/\/www.youtube.com\/@ICSCoolEnergyLtd\"],\"description\":\"ICS Cool Energy is a market leader for process and critical temperature control solutions that keep all types and sizes of businesses and industry running. Our headquarters are situated in Southampton, with offices throughout the UK and Europe, employing over 250 people in the UK alone.\",\"email\":\"info@icscoolenergy.com\",\"telephone\":\"0800 840 4210\",\"legalName\":\"ICS Cool Energy Limited\",\"numberOfEmployees\":{\"@type\":\"QuantitativeValue\",\"minValue\":\"201\",\"maxValue\":\"500\"}}]}<\/script>\n<!-- \/ Yoast SEO Premium plugin. -->","yoast_head_json":{"title":"V\u00e1ltoztathat\u00f3 fordulatsz\u00e1m\u00fa hajt\u00e1sok | Hungary","robots":{"index":"index","follow":"follow","max-snippet":"max-snippet:-1","max-image-preview":"max-image-preview:large","max-video-preview":"max-video-preview:-1"},"canonical":"https:\/\/www.icscoolenergy.com\/hu\/szolgaltatas\/valtoztathato-fordulatszamu-hajtasok\/","og_locale":"hu_HU","og_type":"article","og_title":"V\u00e1ltoztathat\u00f3 fordulatsz\u00e1m\u00fa hajt\u00e1sok","og_description":"V\u00c1LTOZTATHAT\u00d3 FORDULATSZ\u00c1M\u00da HAJT\u00c1SOK A leveg\u0151 \u00e9s a v\u00edz \u00e1raml\u00e1s\u00e1nak szab\u00e1lyoz\u00e1sa a technol\u00f3giai h\u0151m\u00e9rs\u00e9klet-szab\u00e1lyoz\u00f3 rendszerekben hat\u00e9kony, \u00e1lland\u00f3 m\u00f3dja annak, hogy megfeleljen a rendszerrel szemben t\u00e1masztott folyamatosan v\u00e1ltoz\u00f3 k\u00f6vetelm\u00e9nyeknek \u00e9s n\u00f6velje hat\u00e9konys\u00e1g\u00e1t. Telep\u00edthet\u00fcnk egy v\u00e1ltoz\u00f3 fordulatsz\u00e1m\u00fa hajt\u00e1st vagy VSD-t (elektromos \/ elektronikus rendszer, amely fokozatmentesen v\u00e1ltoztathat\u00f3 fordulatsz\u00e1m-szab\u00e1lyoz\u00e1st biztos\u00edt a v\u00e1ltakoz\u00f3 \u00e1ram\u00fa indukci\u00f3s motorok sz\u00e1m\u00e1ra). A VSD-k telep\u00edthet\u0151k ... Read more","og_url":"https:\/\/www.icscoolenergy.com\/hu\/szolgaltatas\/valtoztathato-fordulatszamu-hajtasok\/","og_site_name":"Hungary","article_modified_time":"2024-11-30T12:06:47+00:00","og_image":[{"url":"https:\/\/www.icscoolenergy.com\/hu\/wp-content\/\/uploads\/2024\/04\/Variable-Speed-Drives-For-Chillers.jpg","type":"","width":"","height":""}],"twitter_card":"summary_large_image","twitter_misc":{"Est. reading time":"2 perc"},"schema":{"@context":"https:\/\/schema.org","@graph":[{"@type":"WebPage","@id":"https:\/\/www.icscoolenergy.com\/hu\/szolgaltatas\/valtoztathato-fordulatszamu-hajtasok\/","url":"https:\/\/www.icscoolenergy.com\/hu\/szolgaltatas\/valtoztathato-fordulatszamu-hajtasok\/","name":"V\u00e1ltoztathat\u00f3 fordulatsz\u00e1m\u00fa hajt\u00e1sok | Hungary","isPartOf":{"@id":"https:\/\/www.icscoolenergy.com\/hu\/#website"},"primaryImageOfPage":{"@id":"https:\/\/www.icscoolenergy.com\/hu\/szolgaltatas\/valtoztathato-fordulatszamu-hajtasok\/#primaryimage"},"image":{"@id":"https:\/\/www.icscoolenergy.com\/hu\/szolgaltatas\/valtoztathato-fordulatszamu-hajtasok\/#primaryimage"},"thumbnailUrl":"https:\/\/www.icscoolenergy.com\/hu\/wp-content\/\/uploads\/2024\/04\/Variable-Speed-Drives-For-Chillers.jpg","datePublished":"2024-04-05T16:26:18+00:00","dateModified":"2024-11-30T12:06:47+00:00","breadcrumb":{"@id":"https:\/\/www.icscoolenergy.com\/hu\/szolgaltatas\/valtoztathato-fordulatszamu-hajtasok\/#breadcrumb"},"inLanguage":"hu","potentialAction":[{"@type":"ReadAction","target":["https:\/\/www.icscoolenergy.com\/hu\/szolgaltatas\/valtoztathato-fordulatszamu-hajtasok\/"]}]},{"@type":"ImageObject","inLanguage":"hu","@id":"https:\/\/www.icscoolenergy.com\/hu\/szolgaltatas\/valtoztathato-fordulatszamu-hajtasok\/#primaryimage","url":"https:\/\/www.icscoolenergy.com\/wp-content\/uploads\/sites\/10\/2024\/04\/Variable-Speed-Drives-For-Chillers.jpg","contentUrl":"https:\/\/www.icscoolenergy.com\/wp-content\/uploads\/sites\/10\/2024\/04\/Variable-Speed-Drives-For-Chillers.jpg","width":1500,"height":736},{"@type":"BreadcrumbList","@id":"https:\/\/www.icscoolenergy.com\/hu\/szolgaltatas\/valtoztathato-fordulatszamu-hajtasok\/#breadcrumb","itemListElement":[{"@type":"ListItem","position":1,"name":"Home","item":"https:\/\/www.icscoolenergy.com\/hu\/"},{"@type":"ListItem","position":2,"name":"Szolg\u00e1ltat\u00e1s","item":"https:\/\/www.icscoolenergy.com\/hu\/szolgaltatas\/"},{"@type":"ListItem","position":3,"name":"V\u00e1ltoztathat\u00f3 fordulatsz\u00e1m\u00fa hajt\u00e1sok"}]},{"@type":"WebSite","@id":"https:\/\/www.icscoolenergy.com\/hu\/#website","url":"https:\/\/www.icscoolenergy.com\/hu\/","name":"ICS Cool Energy","description":"The Process Temperature Control Specialists","publisher":{"@id":"https:\/\/www.icscoolenergy.com\/hu\/#organization"},"alternateName":"ICS","potentialAction":[{"@type":"SearchAction","target":{"@type":"EntryPoint","urlTemplate":"https:\/\/www.icscoolenergy.com\/hu\/?s={search_term_string}"},"query-input":{"@type":"PropertyValueSpecification","valueRequired":true,"valueName":"search_term_string"}}],"inLanguage":"hu"},{"@type":"Organization","@id":"https:\/\/www.icscoolenergy.com\/hu\/#organization","name":"ICS Cool Energy","url":"https:\/\/www.icscoolenergy.com\/hu\/","logo":{"@type":"ImageObject","inLanguage":"hu","@id":"https:\/\/www.icscoolenergy.com\/hu\/#\/schema\/logo\/image\/","url":"https:\/\/www.icscoolenergy.com\/wp-content\/uploads\/sites\/10\/2024\/01\/ics-cool-energy-logo.svg","contentUrl":"https:\/\/www.icscoolenergy.com\/wp-content\/uploads\/sites\/10\/2024\/01\/ics-cool-energy-logo.svg","caption":"ICS Cool Energy"},"image":{"@id":"https:\/\/www.icscoolenergy.com\/hu\/#\/schema\/logo\/image\/"},"sameAs":["https:\/\/www.linkedin.com\/company\/ics-temperature-control\/","https:\/\/www.youtube.com\/@ICSCoolEnergyLtd"],"description":"ICS Cool Energy is a market leader for process and critical temperature control solutions that keep all types and sizes of businesses and industry running. Our headquarters are situated in Southampton, with offices throughout the UK and Europe, employing over 250 people in the UK alone.","email":"info@icscoolenergy.com","telephone":"0800 840 4210","legalName":"ICS Cool Energy Limited","numberOfEmployees":{"@type":"QuantitativeValue","minValue":"201","maxValue":"500"}}]}},"_links":{"self":[{"href":"https:\/\/www.icscoolenergy.com\/hu\/wp-json\/wp\/v2\/pages\/86439","targetHints":{"allow":["GET"]}}],"collection":[{"href":"https:\/\/www.icscoolenergy.com\/hu\/wp-json\/wp\/v2\/pages"}],"about":[{"href":"https:\/\/www.icscoolenergy.com\/hu\/wp-json\/wp\/v2\/types\/page"}],"author":[{"embeddable":true,"href":"https:\/\/www.icscoolenergy.com\/hu\/wp-json\/wp\/v2\/users\/1"}],"replies":[{"embeddable":true,"href":"https:\/\/www.icscoolenergy.com\/hu\/wp-json\/wp\/v2\/comments?post=86439"}],"version-history":[{"count":0,"href":"https:\/\/www.icscoolenergy.com\/hu\/wp-json\/wp\/v2\/pages\/86439\/revisions"}],"up":[{"embeddable":true,"href":"https:\/\/www.icscoolenergy.com\/hu\/wp-json\/wp\/v2\/pages\/86355"}],"wp:attachment":[{"href":"https:\/\/www.icscoolenergy.com\/hu\/wp-json\/wp\/v2\/media?parent=86439"}],"curies":[{"name":"wp","href":"https:\/\/api.w.org\/{rel}","templated":true}]}}