 
{"id":86445,"date":"2024-04-08T09:34:48","date_gmt":"2024-04-08T09:34:48","guid":{"rendered":"https:\/\/www.icscoolenergy.com\/hu\/szolgaltatas\/hutorendszerek-vizkezelese\/"},"modified":"2024-11-30T12:06:47","modified_gmt":"2024-11-30T12:06:47","slug":"hutorendszerek-vizkezelese","status":"publish","type":"page","link":"https:\/\/www.icscoolenergy.com\/hu\/szolgaltatas\/hutorendszerek-vizkezelese\/","title":{"rendered":"H\u0171t\u0151rendszerek v\u00edzkezel\u00e9se"},"content":{"rendered":"\n<div class=\"mb-8 eplus-wrapper wp-block-group is-layout-flow wp-block-group-is-layout-flow\">\n<div class=\"md:relative eplus-wrapper wp-block-group is-layout-flow wp-block-group-is-layout-flow\">\n<div class=\"eplus-wrapper wp-block-cover is-light\" style=\"min-height:451px;aspect-ratio:unset;\"><span aria-hidden=\"true\" class=\"wp-block-cover__background has-background-dim-0 has-background-dim\"><\/span><img loading=\"lazy\" decoding=\"async\" width=\"1980\" height=\"900\" class=\"wp-block-cover__image-background wp-image-84169\" alt=\"Chiller Water Treatment\" src=\"https:\/\/www.icscoolenergy.com\/hu\/wp-content\/uploads\/sites\/10\/2024\/05\/Water-Treatment.jpg\" data-object-fit=\"cover\" srcset=\"https:\/\/www.icscoolenergy.com\/wp-content\/uploads\/sites\/10\/2024\/05\/Water-Treatment.jpg 1980w, https:\/\/www.icscoolenergy.com\/wp-content\/uploads\/sites\/10\/2024\/05\/Water-Treatment-300x136.jpg 300w, https:\/\/www.icscoolenergy.com\/wp-content\/uploads\/sites\/10\/2024\/05\/Water-Treatment-1024x465.jpg 1024w, https:\/\/www.icscoolenergy.com\/wp-content\/uploads\/sites\/10\/2024\/05\/Water-Treatment-768x349.jpg 768w, https:\/\/www.icscoolenergy.com\/wp-content\/uploads\/sites\/10\/2024\/05\/Water-Treatment-50x23.jpg 50w, https:\/\/www.icscoolenergy.com\/wp-content\/uploads\/sites\/10\/2024\/05\/Water-Treatment-1600x727.jpg 1600w, https:\/\/www.icscoolenergy.com\/wp-content\/uploads\/sites\/10\/2024\/05\/Water-Treatment-1536x698.jpg 1536w, https:\/\/www.icscoolenergy.com\/wp-content\/uploads\/sites\/10\/2024\/05\/Water-Treatment-600x273.jpg 600w\" sizes=\"auto, (max-width: 1980px) 100vw, 1980px\" \/><div class=\"wp-block-cover__inner-container is-layout-flow wp-block-cover-is-layout-flow\">\n<p class=\" has-text-align-center has-large-font-size eplus-wrapper\"><\/p>\n<\/div><\/div>\n\n\n\n<div class=\"rounded-tr-md sm:w-full md:w-[80%] md:h-fit md:top-[80%] relative md:-mt-[10%] z-[1] md:left-0 eplus-wrapper wp-block-group has-background is-layout-constrained wp-block-group-is-layout-constrained\" style=\"background-color:#eaeaef\">\n<h1 class=\"eplus-wrapper pt-8 wp-block-heading has-text-color has-link-color wp-elements-c1ef9836231e552e1aa6ee7c2661d7c6\" id=\"h-water-treatment-for-chiller-systems\" style=\"color:#312f5f\">H\u0170T\u0150RENDSZEREK V\u00cdZKEZEL\u00c9SE<\/h1>\n\n\n\n<p class=\" eplus-wrapper\">V\u00e9dje meg termel\u00e9s\u00e9t az \u00e1ll\u00e1sid\u0151t\u0151l.<\/p>\n\n\n\n<p class=\" eplus-wrapper\">A h\u0171t\u0151berendez\u00e9sen \u00e9s a hozz\u00e1 kapcsol\u00f3d\u00f3 rendszeren \u00e1t\u00e1raml\u00f3 vizet vagy folyad\u00e9kot gyakran figyelmen k\u00edv\u00fcl hagyj\u00e1k, pedig sz\u00e1mos t\u00e9nyez\u0151 befoly\u00e1solhatja, mint p\u00e9ld\u00e1ul az oldott oxig\u00e9n, a pH-egyens\u00falyhi\u00e1ny \u00e9s a bakt\u00e9riumok vagy a biol\u00f3giai szennyez\u0151d\u00e9s.<\/p>\n\n\n\n<p class=\" eplus-wrapper\">A rendszer v\u00edzmin\u0151s\u00e9ge befoly\u00e1solja a technol\u00f3giai berendez\u00e9sek, alkatr\u00e9szek \u00e9s alkatr\u00e9szek \u00e9lettartam\u00e1t. Amint a v\u00edz elkezd folyni a rendszeren, megv\u00e1ltoztatja a bels\u0151 tulajdons\u00e1gokat, ez\u00e9rt elengedhetetlen, hogy rendszeresen ellen\u0151rizz\u00e9k \u00e9s megfelel\u0151en kezelj\u00e9k. <\/p>\n<\/div>\n<\/div>\n<\/div>\n\n<div class=\"flex flex-row flex-wrap md:flex-nowrap sm:justify-center sm:items-center wp-block-group eplus-wrapper is-layout-constrained wp-block-group-is-layout-constrained\">\n<div class=\"w-full p-2 m-2 wp-block-group eplus-wrapper is-vertical is-layout-flex wp-container-core-group-is-layout-8cf370e7 wp-block-group-is-layout-flex\">\n<p class=\"has-text-color has-link-color eplus-wrapper wp-elements-7fe8bc692f13bc8d6ef88a14f09de02f\" style=\"color:#323130\">L\u00e1thatja felszerel\u00e9s\u00e9t; ott \u00e1ll el\u0151tted. Amit nem l\u00e1t, az a berendez\u00e9sben kering\u0151 folyad\u00e9k. <\/p>\n\n\n\n<p class=\"has-text-color has-link-color eplus-wrapper wp-elements-106412fffc5b52de1e94444a77ff65da\" style=\"color:#323130\">H\u00e1zon bel\u00fcli v\u00edzkezel\u00e9s\u00fcnket \u00fagy alak\u00edtottuk ki, hogy a folyamat m\u0171k\u00f6d\u0151k\u00e9pes maradjon, \u00e9s az ipar\u00e1g hat\u00e9konyan \u00e9s megb\u00edzhat\u00f3an m\u0171k\u00f6dj\u00f6n. Nagyon j\u00f3l tudjuk, hogy a v\u00edznek t\u0171n\u0151 dolgok k\u00e9miai \u00f6sszet\u00e9tel\u00e9nek meg\u00e9rt\u00e9se bonyolult. <\/p>\n\n\n\n<p class=\"has-text-color has-link-color eplus-wrapper wp-elements-c242026b133763fd1202d6c999a6814e\" style=\"color:#323130\">Ezt leegyszer\u0171s\u00edtj\u00fck az \u00d6n sz\u00e1m\u00e1ra, mint\u00e1t vesz\u00fcnk \u00e9s v\u00edzkezel\u0151 szakember\u00fcnk, \u00e9s jelent\u00e9st adunk ki vil\u00e1gos v\u00e9grehajt\u00e1si tervvel a berendez\u00e9s karbantart\u00e1sa vagy a jav\u00edt\u00e1s elv\u00e9gz\u00e9se \u00e9rdek\u00e9ben. Mindezt h\u00e1zon bel\u00fcl v\u00e9gezz\u00fck, legyen az glikol, inhibitor, biocid vagy teljes \u00f6bl\u00edt\u00e9s <\/p>\n\n\n\n<p class=\"has-text-color has-link-color eplus-wrapper wp-elements-406794cd7157a3b5a3ed93faa73d1195\" style=\"color:#323130\">A v\u00edzmin\u0151s\u00e9g befoly\u00e1solja a technol\u00f3giai berendez\u00e9sek \u00e9lettartam\u00e1t, hat\u00e9konys\u00e1g\u00e1t \u00e9s megb\u00edzhat\u00f3s\u00e1g\u00e1t.<\/p>\n\n\n\n<p class=\"has-text-color has-link-color eplus-wrapper wp-elements-44e5211c48c7895821b7fbc514b31c39\" style=\"color:#323130\">Alapvet\u0151 fontoss\u00e1g\u00fa, hogy a rendszerfolyad\u00e9kot rendszeresen ellen\u0151rizz\u00e9k, karbantarts\u00e1k \u00e9s kezelj\u00e9k, hogy elker\u00fclj\u00e9k az olyan probl\u00e9m\u00e1kat, mint a korr\u00f3zi\u00f3, a bakt\u00e9riumok \u00e9s a rendszer elszennyez\u0151d\u00e9se, amelyek v\u00e9gs\u0151 soron a berendez\u00e9s \u00e9s a folyamat rendszer\u00e9nek meghib\u00e1sod\u00e1s\u00e1hoz, k\u00e9nyelmetlens\u00e9ghez \u00e9s k\u00f6lts\u00e9gekhez vezetnek.<\/p>\n\n\n\n<p class=\"has-text-color has-link-color eplus-wrapper wp-elements-2aba0f63a6ef6df22a6526f48f356fa9\" style=\"color:#323130\">A j\u00f3 min\u0151s\u00e9g\u0171 v\u00edz els\u0151 l\u00e9p\u00e9se a v\u00edzkezel\u00e9si terv v\u00e9grehajt\u00e1sa. Tervezett megel\u0151z\u0151 karbantart\u00e1si szerz\u0151d\u00e9seink r\u00e9szek\u00e9nt most m\u00e1r alapfelszerelts\u00e9gk\u00e9nt mintav\u00e9telt \u00e9s f\u00fcggetlen laborat\u00f3riumi elemz\u00e9st v\u00e9gz\u00fcnk. <\/p>\n\n\n\n<p class=\"has-text-color has-link-color eplus-wrapper wp-elements-13e93d7fa27daa5a7c6dd7d829f859f0\" style=\"color:#323130\">K\u00f6nnyen olvashat\u00f3 jelent\u00e9st adnak ki, amely jelzi az aj\u00e1nlott param\u00e9tereken k\u00edv\u00fcl es\u0151 hib\u00e1kat.<\/p>\n\n\n\n<p class=\"has-text-color has-link-color eplus-wrapper wp-elements-f96db3fa660c064079a7d706181d26d8\" style=\"color:#323130\">Ezut\u00e1n r\u00e9szletes cselekv\u00e9si tervet k\u00e9sz\u00edtenek, amelyet v\u00e9grehajthatnak az \u00d6n sz\u00e1m\u00e1ra \u2013 a v\u00edz min\u0151s\u00e9g\u00e9nek helyre\u00e1ll\u00edt\u00e1sa \u00e9s fenntart\u00e1sa a legjobb gyakorlat szabv\u00e1nyainak megfelel\u0151en.<\/p>\n<\/div>\n<\/div>\n\n<div style=\"height:60px\" aria-hidden=\"true\" class=\" wp-block-spacer eplus-wrapper\"><\/div>\n\n<div class=\"wp-block-group eplus-wrapper is-layout-flow wp-block-group-is-layout-flow\"><div class=\"items-center md:flex xs:grid wp-block-columns eplus-wrapper is-layout-flex wp-container-core-columns-is-layout-9d6595d7 wp-block-columns-is-layout-flex eplus-styles-uid-e0cdff\">\n<div class=\"xs:order-2 md:order-1 xs:w-full md:w-6\/12 xs:mb-12 md:mb-0 wp-block-column eplus-wrapper is-layout-flow wp-block-column-is-layout-flow\">\n<figure class=\" wp-block-image size-full is-resized eplus-wrapper\"><img loading=\"lazy\" decoding=\"async\" width=\"900\" height=\"544\" src=\"https:\/\/www.icscoolenergy.com\/hu\/wp-content\/uploads\/sites\/10\/2024\/04\/Water-Treatment-For-Chillers.jpg\" alt=\"\" class=\"wp-image-80217\" style=\"width:720px\" srcset=\"https:\/\/www.icscoolenergy.com\/wp-content\/uploads\/sites\/10\/2024\/04\/Water-Treatment-For-Chillers.jpg 900w, https:\/\/www.icscoolenergy.com\/wp-content\/uploads\/sites\/10\/2024\/04\/Water-Treatment-For-Chillers-300x181.jpg 300w, https:\/\/www.icscoolenergy.com\/wp-content\/uploads\/sites\/10\/2024\/04\/Water-Treatment-For-Chillers-768x464.jpg 768w, https:\/\/www.icscoolenergy.com\/wp-content\/uploads\/sites\/10\/2024\/04\/Water-Treatment-For-Chillers-50x30.jpg 50w, https:\/\/www.icscoolenergy.com\/wp-content\/uploads\/sites\/10\/2024\/04\/Water-Treatment-For-Chillers-600x363.jpg 600w\" sizes=\"auto, (max-width: 900px) 100vw, 900px\" \/><\/figure>\n<\/div>\n\n\n\n<div class=\"xs:order-1 md:order-2 xs:w-full md:w-6\/12 wp-block-column eplus-wrapper is-layout-flow wp-block-column-is-layout-flow\">\n<h2 class=\" wp-block-heading eplus-wrapper\" id=\"h-benefits\"><strong>EL\u0150NY\u00d6K<\/strong><\/h2>\n\n\n<ul class=\"eplus-wrapper wp-block-list eplus-styles-uid-5e964c\">\n<li class=\" eplus-wrapper\">A rendszer roml\u00e1s\u00e1nak megel\u0151z\u00e9se rendszeres ellen\u0151rz\u00e9ssel \u00e9s kezel\u00e9ssel<\/li>\n\n\n\n<li class=\" eplus-wrapper\">N\u00f6velje a rendszer hat\u00e9konys\u00e1g\u00e1t<\/li>\n\n\n<li class=\" eplus-wrapper eplus-styles-uid-d57e6b\">N\u00f6velje rendszere \u00e9s berendez\u00e9sei \u00e9lettartam\u00e1t<\/li>\n\n\n<li class=\" eplus-wrapper\">Cs\u00f6kkentse a karbantart\u00e1si \u00e9s jav\u00edt\u00e1si k\u00f6lts\u00e9geket<\/li>\n\n\n\n<li class=\" eplus-wrapper\">V\u00e9dje folyamatrendszere min\u0151s\u00e9g\u00e9t<\/li>\n<\/ul><\/div>\n<\/div><\/div>\n\n<div style=\"height:60px\" aria-hidden=\"true\" class=\" wp-block-spacer eplus-wrapper\"><\/div>\n\n<div class=\"flex flex-row flex-wrap md:flex-nowrap sm:justify-center sm:items-center wp-block-group eplus-wrapper is-layout-constrained wp-block-group-is-layout-constrained\">\n<div class=\"w-full p-2 m-2 wp-block-group eplus-wrapper is-vertical is-layout-flex wp-container-core-group-is-layout-8cf370e7 wp-block-group-is-layout-flex\">\n<h3 class=\" wp-block-heading eplus-wrapper\" id=\"h-side-stream-filtration\">OLDAL\u00c1RAM\u00da SZ\u0170R\u00c9S<\/h3>\n\n\n\n<div style=\"height:8px\" aria-hidden=\"true\" class=\"wp-block-spacer eplus-wrapper wp-container-content-7d115344\"><\/div>\n\n\n\n<p class=\"has-text-color has-link-color eplus-wrapper wp-elements-6ae5c3d2391c09b5b42d7cba50ee3d06\" style=\"color:#323130\">Ha rendszerei megn\u00f6vekedett szuszpend\u00e1lt szil\u00e1rd anyagok, korr\u00f3zi\u00f3 vagy egy\u00e9b t\u00f6rmel\u00e9k jeleit mutatj\u00e1k, sz\u00e1mos eszk\u00f6z haszn\u00e1lhat\u00f3 az ilyen szennyez\u0151d\u00e9sek elt\u00e1vol\u00edt\u00e1s\u00e1ra.<\/p>\n\n\n\n<p class=\"has-text-color has-link-color eplus-wrapper wp-elements-88524fcf0647d6f3addef7b3d3920570\" style=\"color:#323130\">Ez mag\u00e1ban foglalja a sz\u0171r\u0151ket, sz\u0171r\u0151ket, m\u00e1gneses sz\u0171r\u0151ket, szennyez\u0151d\u00e9slev\u00e1laszt\u00f3kat, kombin\u00e1lt leveg\u0151- \u00e9s szennyez\u0151d\u00e9slev\u00e1laszt\u00f3kat, valamint az olyan gyakran el\u0151fordul\u00f3 oldal\u00e1ram\u00fa sz\u0171r\u00e9st. Mindezeknek szerep\u00fck van, \u00e9s ha helyesen alkalmazz\u00e1k, pozit\u00edv hat\u00e1ssal lehetnek a z\u00e1rt \u00e1ramk\u00f6r\u00f6k tiszt\u00edt\u00e1s\u00e1ra \u00e9s folyamatos v\u00e9delm\u00e9re. <\/p>\n\n\n\n<p class=\"has-text-color has-link-color eplus-wrapper wp-elements-15307bca656406bc0d1c90704282647b\" style=\"color:#323130\">Sz\u00e1mos rendszer rendelkezik oldals\u00f3 sz\u0171r\u00e9ssel a tervez\u00e9si szakaszban, hogy megv\u00e9dj\u00fck a fent kiemelt n\u00e9h\u00e1ny k\u00e9rd\u00e9st. Az ilyen berendez\u00e9seket egyszer\u0171, k\u00f6nnyen telep\u00edthet\u0151 \u00e9s a szil\u00e1rd anyagok elt\u00e1vol\u00edt\u00e1sa egyszer\u0171 folyamat. Az oldal\u00e1ram\u00fa sz\u0171r\u0151ket \u00fagy tervezt\u00e9k, hogy a keringtetett v\u00edz 5-15%-\u00e1t folyamatosan \u00e1tengedj\u00e9k a sz\u0171r\u0151h\u00e1zon, ami azt eredm\u00e9nyezi, hogy a rendszer teljes t\u00e9rfogat\u00e1t 24 \u00f3r\u00e1nk\u00e9nt 2-3 alkalommal sz\u0171rik meg.<\/p>\n\n\n\n<p class=\"has-text-color has-link-color eplus-wrapper wp-elements-025b0de6a3cfe76f014f292aef4e132b\" style=\"color:#323130\">Tudjon meg t\u00f6bbet az <a href=\"\/?p=77332\">oldalir\u00e1ny\u00fa sz\u0171r\u00e9sr\u0151l a blogunkon<\/a>.<\/p>\n<\/div>\n<\/div>\n\n<div style=\"height:60px\" aria-hidden=\"true\" class=\" wp-block-spacer eplus-wrapper\"><\/div>\n","protected":false},"excerpt":{"rendered":"<p>H\u0170T\u0150RENDSZEREK V\u00cdZKEZEL\u00c9SE V\u00e9dje meg termel\u00e9s\u00e9t az \u00e1ll\u00e1sid\u0151t\u0151l. A h\u0171t\u0151berendez\u00e9sen \u00e9s a hozz\u00e1 kapcsol\u00f3d\u00f3 rendszeren \u00e1t\u00e1raml\u00f3 vizet vagy folyad\u00e9kot gyakran figyelmen k\u00edv\u00fcl hagyj\u00e1k, pedig sz\u00e1mos t\u00e9nyez\u0151 befoly\u00e1solhatja, mint p\u00e9ld\u00e1ul az oldott oxig\u00e9n, a pH-egyens\u00falyhi\u00e1ny \u00e9s a bakt\u00e9riumok vagy a biol\u00f3giai szennyez\u0151d\u00e9s. A rendszer v\u00edzmin\u0151s\u00e9ge befoly\u00e1solja a technol\u00f3giai berendez\u00e9sek, alkatr\u00e9szek \u00e9s alkatr\u00e9szek \u00e9lettartam\u00e1t. Amint a v\u00edz elkezd &#8230; <a title=\"H\u0171t\u0151rendszerek v\u00edzkezel\u00e9se\" class=\"read-more\" href=\"https:\/\/www.icscoolenergy.com\/hu\/szolgaltatas\/hutorendszerek-vizkezelese\/\" aria-label=\"More on H\u0171t\u0151rendszerek v\u00edzkezel\u00e9se\">Read more<\/a><\/p>\n","protected":false},"author":1,"featured_media":0,"parent":86355,"menu_order":0,"comment_status":"closed","ping_status":"closed","template":"template-1.php","meta":{"_acf_changed":false,"inline_featured_image":false,"_editorskit_title_hidden":false,"_editorskit_reading_time":0,"_editorskit_is_block_options_detached":false,"_editorskit_block_options_position":"{}","editor_plus_copied_stylings":"{}","footnotes":""},"class_list":["post-86445","page","type-page","status-publish"],"acf":[],"yoast_head":"<!-- This site is optimized with the Yoast SEO Premium plugin v24.5 (Yoast SEO v26.9) - https:\/\/yoast.com\/product\/yoast-seo-premium-wordpress\/ -->\n<title>H\u0171t\u0151rendszerek v\u00edzkezel\u00e9se | Hungary<\/title>\n<meta name=\"robots\" content=\"index, follow, max-snippet:-1, max-image-preview:large, max-video-preview:-1\" \/>\n<link rel=\"canonical\" href=\"https:\/\/www.icscoolenergy.com\/hu\/szolgaltatas\/hutorendszerek-vizkezelese\/\" \/>\n<meta property=\"og:locale\" content=\"hu_HU\" \/>\n<meta property=\"og:type\" content=\"article\" \/>\n<meta property=\"og:title\" content=\"H\u0171t\u0151rendszerek v\u00edzkezel\u00e9se\" \/>\n<meta property=\"og:description\" content=\"H\u0170T\u0150RENDSZEREK V\u00cdZKEZEL\u00c9SE V\u00e9dje meg termel\u00e9s\u00e9t az \u00e1ll\u00e1sid\u0151t\u0151l. A h\u0171t\u0151berendez\u00e9sen \u00e9s a hozz\u00e1 kapcsol\u00f3d\u00f3 rendszeren \u00e1t\u00e1raml\u00f3 vizet vagy folyad\u00e9kot gyakran figyelmen k\u00edv\u00fcl hagyj\u00e1k, pedig sz\u00e1mos t\u00e9nyez\u0151 befoly\u00e1solhatja, mint p\u00e9ld\u00e1ul az oldott oxig\u00e9n, a pH-egyens\u00falyhi\u00e1ny \u00e9s a bakt\u00e9riumok vagy a biol\u00f3giai szennyez\u0151d\u00e9s. A rendszer v\u00edzmin\u0151s\u00e9ge befoly\u00e1solja a technol\u00f3giai berendez\u00e9sek, alkatr\u00e9szek \u00e9s alkatr\u00e9szek \u00e9lettartam\u00e1t. Amint a v\u00edz elkezd ... Read more\" \/>\n<meta property=\"og:url\" content=\"https:\/\/www.icscoolenergy.com\/hu\/szolgaltatas\/hutorendszerek-vizkezelese\/\" \/>\n<meta property=\"og:site_name\" content=\"Hungary\" \/>\n<meta property=\"article:modified_time\" content=\"2024-11-30T12:06:47+00:00\" \/>\n<meta property=\"og:image\" content=\"https:\/\/www.icscoolenergy.com\/hu\/wp-content\/uploads\/sites\/10\/2024\/05\/Water-Treatment.jpg\" \/>\n<meta name=\"twitter:card\" content=\"summary_large_image\" \/>\n<meta name=\"twitter:label1\" content=\"Est. reading time\" \/>\n\t<meta name=\"twitter:data1\" content=\"4 perc\" \/>\n<script type=\"application\/ld+json\" class=\"yoast-schema-graph\">{\"@context\":\"https:\/\/schema.org\",\"@graph\":[{\"@type\":\"WebPage\",\"@id\":\"https:\/\/www.icscoolenergy.com\/hu\/szolgaltatas\/hutorendszerek-vizkezelese\/\",\"url\":\"https:\/\/www.icscoolenergy.com\/hu\/szolgaltatas\/hutorendszerek-vizkezelese\/\",\"name\":\"H\u0171t\u0151rendszerek v\u00edzkezel\u00e9se | Hungary\",\"isPartOf\":{\"@id\":\"https:\/\/www.icscoolenergy.com\/hu\/#website\"},\"primaryImageOfPage\":{\"@id\":\"https:\/\/www.icscoolenergy.com\/hu\/szolgaltatas\/hutorendszerek-vizkezelese\/#primaryimage\"},\"image\":{\"@id\":\"https:\/\/www.icscoolenergy.com\/hu\/szolgaltatas\/hutorendszerek-vizkezelese\/#primaryimage\"},\"thumbnailUrl\":\"https:\/\/www.icscoolenergy.com\/hu\/wp-content\/uploads\/sites\/10\/2024\/05\/Water-Treatment.jpg\",\"datePublished\":\"2024-04-08T09:34:48+00:00\",\"dateModified\":\"2024-11-30T12:06:47+00:00\",\"breadcrumb\":{\"@id\":\"https:\/\/www.icscoolenergy.com\/hu\/szolgaltatas\/hutorendszerek-vizkezelese\/#breadcrumb\"},\"inLanguage\":\"hu\",\"potentialAction\":[{\"@type\":\"ReadAction\",\"target\":[\"https:\/\/www.icscoolenergy.com\/hu\/szolgaltatas\/hutorendszerek-vizkezelese\/\"]}]},{\"@type\":\"ImageObject\",\"inLanguage\":\"hu\",\"@id\":\"https:\/\/www.icscoolenergy.com\/hu\/szolgaltatas\/hutorendszerek-vizkezelese\/#primaryimage\",\"url\":\"https:\/\/www.icscoolenergy.com\/wp-content\/uploads\/sites\/10\/2024\/05\/Water-Treatment.jpg\",\"contentUrl\":\"https:\/\/www.icscoolenergy.com\/wp-content\/uploads\/sites\/10\/2024\/05\/Water-Treatment.jpg\",\"width\":1980,\"height\":900,\"caption\":\"Chiller Water Treatment\"},{\"@type\":\"BreadcrumbList\",\"@id\":\"https:\/\/www.icscoolenergy.com\/hu\/szolgaltatas\/hutorendszerek-vizkezelese\/#breadcrumb\",\"itemListElement\":[{\"@type\":\"ListItem\",\"position\":1,\"name\":\"Home\",\"item\":\"https:\/\/www.icscoolenergy.com\/hu\/\"},{\"@type\":\"ListItem\",\"position\":2,\"name\":\"Szolg\u00e1ltat\u00e1s\",\"item\":\"https:\/\/www.icscoolenergy.com\/hu\/szolgaltatas\/\"},{\"@type\":\"ListItem\",\"position\":3,\"name\":\"H\u0171t\u0151rendszerek v\u00edzkezel\u00e9se\"}]},{\"@type\":\"WebSite\",\"@id\":\"https:\/\/www.icscoolenergy.com\/hu\/#website\",\"url\":\"https:\/\/www.icscoolenergy.com\/hu\/\",\"name\":\"ICS Cool Energy\",\"description\":\"The Process Temperature Control Specialists\",\"publisher\":{\"@id\":\"https:\/\/www.icscoolenergy.com\/hu\/#organization\"},\"alternateName\":\"ICS\",\"potentialAction\":[{\"@type\":\"SearchAction\",\"target\":{\"@type\":\"EntryPoint\",\"urlTemplate\":\"https:\/\/www.icscoolenergy.com\/hu\/?s={search_term_string}\"},\"query-input\":{\"@type\":\"PropertyValueSpecification\",\"valueRequired\":true,\"valueName\":\"search_term_string\"}}],\"inLanguage\":\"hu\"},{\"@type\":\"Organization\",\"@id\":\"https:\/\/www.icscoolenergy.com\/hu\/#organization\",\"name\":\"ICS Cool Energy\",\"url\":\"https:\/\/www.icscoolenergy.com\/hu\/\",\"logo\":{\"@type\":\"ImageObject\",\"inLanguage\":\"hu\",\"@id\":\"https:\/\/www.icscoolenergy.com\/hu\/#\/schema\/logo\/image\/\",\"url\":\"https:\/\/www.icscoolenergy.com\/wp-content\/uploads\/sites\/10\/2024\/01\/ics-cool-energy-logo.svg\",\"contentUrl\":\"https:\/\/www.icscoolenergy.com\/wp-content\/uploads\/sites\/10\/2024\/01\/ics-cool-energy-logo.svg\",\"caption\":\"ICS Cool Energy\"},\"image\":{\"@id\":\"https:\/\/www.icscoolenergy.com\/hu\/#\/schema\/logo\/image\/\"},\"sameAs\":[\"https:\/\/www.linkedin.com\/company\/ics-temperature-control\/\",\"https:\/\/www.youtube.com\/@ICSCoolEnergyLtd\"],\"description\":\"ICS Cool Energy is a market leader for process and critical temperature control solutions that keep all types and sizes of businesses and industry running. Our headquarters are situated in Southampton, with offices throughout the UK and Europe, employing over 250 people in the UK alone.\",\"email\":\"info@icscoolenergy.com\",\"telephone\":\"0800 840 4210\",\"legalName\":\"ICS Cool Energy Limited\",\"numberOfEmployees\":{\"@type\":\"QuantitativeValue\",\"minValue\":\"201\",\"maxValue\":\"500\"}}]}<\/script>\n<!-- \/ Yoast SEO Premium plugin. -->","yoast_head_json":{"title":"H\u0171t\u0151rendszerek v\u00edzkezel\u00e9se | Hungary","robots":{"index":"index","follow":"follow","max-snippet":"max-snippet:-1","max-image-preview":"max-image-preview:large","max-video-preview":"max-video-preview:-1"},"canonical":"https:\/\/www.icscoolenergy.com\/hu\/szolgaltatas\/hutorendszerek-vizkezelese\/","og_locale":"hu_HU","og_type":"article","og_title":"H\u0171t\u0151rendszerek v\u00edzkezel\u00e9se","og_description":"H\u0170T\u0150RENDSZEREK V\u00cdZKEZEL\u00c9SE V\u00e9dje meg termel\u00e9s\u00e9t az \u00e1ll\u00e1sid\u0151t\u0151l. A h\u0171t\u0151berendez\u00e9sen \u00e9s a hozz\u00e1 kapcsol\u00f3d\u00f3 rendszeren \u00e1t\u00e1raml\u00f3 vizet vagy folyad\u00e9kot gyakran figyelmen k\u00edv\u00fcl hagyj\u00e1k, pedig sz\u00e1mos t\u00e9nyez\u0151 befoly\u00e1solhatja, mint p\u00e9ld\u00e1ul az oldott oxig\u00e9n, a pH-egyens\u00falyhi\u00e1ny \u00e9s a bakt\u00e9riumok vagy a biol\u00f3giai szennyez\u0151d\u00e9s. A rendszer v\u00edzmin\u0151s\u00e9ge befoly\u00e1solja a technol\u00f3giai berendez\u00e9sek, alkatr\u00e9szek \u00e9s alkatr\u00e9szek \u00e9lettartam\u00e1t. Amint a v\u00edz elkezd ... Read more","og_url":"https:\/\/www.icscoolenergy.com\/hu\/szolgaltatas\/hutorendszerek-vizkezelese\/","og_site_name":"Hungary","article_modified_time":"2024-11-30T12:06:47+00:00","og_image":[{"url":"https:\/\/www.icscoolenergy.com\/hu\/wp-content\/uploads\/sites\/10\/2024\/05\/Water-Treatment.jpg","type":"","width":"","height":""}],"twitter_card":"summary_large_image","twitter_misc":{"Est. reading time":"4 perc"},"schema":{"@context":"https:\/\/schema.org","@graph":[{"@type":"WebPage","@id":"https:\/\/www.icscoolenergy.com\/hu\/szolgaltatas\/hutorendszerek-vizkezelese\/","url":"https:\/\/www.icscoolenergy.com\/hu\/szolgaltatas\/hutorendszerek-vizkezelese\/","name":"H\u0171t\u0151rendszerek v\u00edzkezel\u00e9se | Hungary","isPartOf":{"@id":"https:\/\/www.icscoolenergy.com\/hu\/#website"},"primaryImageOfPage":{"@id":"https:\/\/www.icscoolenergy.com\/hu\/szolgaltatas\/hutorendszerek-vizkezelese\/#primaryimage"},"image":{"@id":"https:\/\/www.icscoolenergy.com\/hu\/szolgaltatas\/hutorendszerek-vizkezelese\/#primaryimage"},"thumbnailUrl":"https:\/\/www.icscoolenergy.com\/hu\/wp-content\/uploads\/sites\/10\/2024\/05\/Water-Treatment.jpg","datePublished":"2024-04-08T09:34:48+00:00","dateModified":"2024-11-30T12:06:47+00:00","breadcrumb":{"@id":"https:\/\/www.icscoolenergy.com\/hu\/szolgaltatas\/hutorendszerek-vizkezelese\/#breadcrumb"},"inLanguage":"hu","potentialAction":[{"@type":"ReadAction","target":["https:\/\/www.icscoolenergy.com\/hu\/szolgaltatas\/hutorendszerek-vizkezelese\/"]}]},{"@type":"ImageObject","inLanguage":"hu","@id":"https:\/\/www.icscoolenergy.com\/hu\/szolgaltatas\/hutorendszerek-vizkezelese\/#primaryimage","url":"https:\/\/www.icscoolenergy.com\/wp-content\/uploads\/sites\/10\/2024\/05\/Water-Treatment.jpg","contentUrl":"https:\/\/www.icscoolenergy.com\/wp-content\/uploads\/sites\/10\/2024\/05\/Water-Treatment.jpg","width":1980,"height":900,"caption":"Chiller Water Treatment"},{"@type":"BreadcrumbList","@id":"https:\/\/www.icscoolenergy.com\/hu\/szolgaltatas\/hutorendszerek-vizkezelese\/#breadcrumb","itemListElement":[{"@type":"ListItem","position":1,"name":"Home","item":"https:\/\/www.icscoolenergy.com\/hu\/"},{"@type":"ListItem","position":2,"name":"Szolg\u00e1ltat\u00e1s","item":"https:\/\/www.icscoolenergy.com\/hu\/szolgaltatas\/"},{"@type":"ListItem","position":3,"name":"H\u0171t\u0151rendszerek v\u00edzkezel\u00e9se"}]},{"@type":"WebSite","@id":"https:\/\/www.icscoolenergy.com\/hu\/#website","url":"https:\/\/www.icscoolenergy.com\/hu\/","name":"ICS Cool Energy","description":"The Process Temperature Control Specialists","publisher":{"@id":"https:\/\/www.icscoolenergy.com\/hu\/#organization"},"alternateName":"ICS","potentialAction":[{"@type":"SearchAction","target":{"@type":"EntryPoint","urlTemplate":"https:\/\/www.icscoolenergy.com\/hu\/?s={search_term_string}"},"query-input":{"@type":"PropertyValueSpecification","valueRequired":true,"valueName":"search_term_string"}}],"inLanguage":"hu"},{"@type":"Organization","@id":"https:\/\/www.icscoolenergy.com\/hu\/#organization","name":"ICS Cool Energy","url":"https:\/\/www.icscoolenergy.com\/hu\/","logo":{"@type":"ImageObject","inLanguage":"hu","@id":"https:\/\/www.icscoolenergy.com\/hu\/#\/schema\/logo\/image\/","url":"https:\/\/www.icscoolenergy.com\/wp-content\/uploads\/sites\/10\/2024\/01\/ics-cool-energy-logo.svg","contentUrl":"https:\/\/www.icscoolenergy.com\/wp-content\/uploads\/sites\/10\/2024\/01\/ics-cool-energy-logo.svg","caption":"ICS Cool Energy"},"image":{"@id":"https:\/\/www.icscoolenergy.com\/hu\/#\/schema\/logo\/image\/"},"sameAs":["https:\/\/www.linkedin.com\/company\/ics-temperature-control\/","https:\/\/www.youtube.com\/@ICSCoolEnergyLtd"],"description":"ICS Cool Energy is a market leader for process and critical temperature control solutions that keep all types and sizes of businesses and industry running. Our headquarters are situated in Southampton, with offices throughout the UK and Europe, employing over 250 people in the UK alone.","email":"info@icscoolenergy.com","telephone":"0800 840 4210","legalName":"ICS Cool Energy Limited","numberOfEmployees":{"@type":"QuantitativeValue","minValue":"201","maxValue":"500"}}]}},"_links":{"self":[{"href":"https:\/\/www.icscoolenergy.com\/hu\/wp-json\/wp\/v2\/pages\/86445","targetHints":{"allow":["GET"]}}],"collection":[{"href":"https:\/\/www.icscoolenergy.com\/hu\/wp-json\/wp\/v2\/pages"}],"about":[{"href":"https:\/\/www.icscoolenergy.com\/hu\/wp-json\/wp\/v2\/types\/page"}],"author":[{"embeddable":true,"href":"https:\/\/www.icscoolenergy.com\/hu\/wp-json\/wp\/v2\/users\/1"}],"replies":[{"embeddable":true,"href":"https:\/\/www.icscoolenergy.com\/hu\/wp-json\/wp\/v2\/comments?post=86445"}],"version-history":[{"count":0,"href":"https:\/\/www.icscoolenergy.com\/hu\/wp-json\/wp\/v2\/pages\/86445\/revisions"}],"up":[{"embeddable":true,"href":"https:\/\/www.icscoolenergy.com\/hu\/wp-json\/wp\/v2\/pages\/86355"}],"wp:attachment":[{"href":"https:\/\/www.icscoolenergy.com\/hu\/wp-json\/wp\/v2\/media?parent=86445"}],"curies":[{"name":"wp","href":"https:\/\/api.w.org\/{rel}","templated":true}]}}