 
{"id":86450,"date":"2024-04-08T12:03:23","date_gmt":"2024-04-08T12:03:23","guid":{"rendered":"https:\/\/www.icscoolenergy.com\/hu\/szolgaltatas\/flowcool-glikol\/"},"modified":"2024-11-30T12:06:47","modified_gmt":"2024-11-30T12:06:47","slug":"flowcool-glikol","status":"publish","type":"page","link":"https:\/\/www.icscoolenergy.com\/hu\/szolgaltatas\/flowcool-glikol\/","title":{"rendered":"FlowCool glikol"},"content":{"rendered":"\n<div class=\"mb-8 eplus-wrapper wp-block-group is-layout-flow wp-block-group-is-layout-flow\">\n<div class=\"md:relative eplus-wrapper wp-block-group is-layout-flow wp-block-group-is-layout-flow\">\n<div class=\"eplus-wrapper wp-block-cover is-light\" style=\"min-height:451px;aspect-ratio:unset;\"><span aria-hidden=\"true\" class=\"wp-block-cover__background has-background-dim-0 has-background-dim\"><\/span><img decoding=\"async\" width=\"1980\" height=\"845\" class=\"wp-block-cover__image-background wp-image-84150\" alt=\"Glycol Flowcool\" src=\"https:\/\/www.icscoolenergy.com\/hu\/wp-content\/uploads\/sites\/10\/2024\/05\/Glycol-Flowcool.jpg\" style=\"object-position:50% 33%\" data-object-fit=\"cover\" data-object-position=\"50% 33%\" srcset=\"https:\/\/www.icscoolenergy.com\/wp-content\/uploads\/sites\/10\/2024\/05\/Glycol-Flowcool.jpg 1980w, https:\/\/www.icscoolenergy.com\/wp-content\/uploads\/sites\/10\/2024\/05\/Glycol-Flowcool-300x128.jpg 300w, https:\/\/www.icscoolenergy.com\/wp-content\/uploads\/sites\/10\/2024\/05\/Glycol-Flowcool-1024x437.jpg 1024w, https:\/\/www.icscoolenergy.com\/wp-content\/uploads\/sites\/10\/2024\/05\/Glycol-Flowcool-768x328.jpg 768w, https:\/\/www.icscoolenergy.com\/wp-content\/uploads\/sites\/10\/2024\/05\/Glycol-Flowcool-50x21.jpg 50w, https:\/\/www.icscoolenergy.com\/wp-content\/uploads\/sites\/10\/2024\/05\/Glycol-Flowcool-1600x683.jpg 1600w, https:\/\/www.icscoolenergy.com\/wp-content\/uploads\/sites\/10\/2024\/05\/Glycol-Flowcool-1536x656.jpg 1536w, https:\/\/www.icscoolenergy.com\/wp-content\/uploads\/sites\/10\/2024\/05\/Glycol-Flowcool-600x256.jpg 600w\" sizes=\"(max-width: 1980px) 100vw, 1980px\" \/><div class=\"wp-block-cover__inner-container is-layout-flow wp-block-cover-is-layout-flow\">\n<p class=\" has-text-align-center has-large-font-size eplus-wrapper\"><\/p>\n<\/div><\/div>\n\n\n\n<div class=\"rounded-tr-md sm:w-full md:w-[80%] md:h-fit md:top-[80%] relative md:-mt-[10%] z-[1] md:left-0 eplus-wrapper wp-block-group has-background is-layout-constrained wp-block-group-is-layout-constrained\" style=\"background-color:#eaeaef\">\n<h1 class=\"eplus-wrapper pt-8 wp-block-heading has-text-color has-link-color wp-elements-1724394c2b675092440b25ecec68db4b\" id=\"h-flowcool-glycol\" style=\"color:#312f5f\">FLOWCOOL GLIKOL<\/h1>\n\n\n\n<p class=\" eplus-wrapper\">A glikol c\u00e9lja, hogy megakad\u00e1lyozza a rendszerek \u00e9s berendez\u00e9sek fagy\u00e1s\u00e1t \u00e9s k\u00e1rosod\u00e1s\u00e1t, amely termel\u00e9si le\u00e1ll\u00e1st okozhat. Ez az el\u0151nyben r\u00e9szes\u00edtett alternat\u00edva a h\u00e1l\u00f3zati v\u00edz f\u0171t\u00e9si vagy h\u0171t\u00e9si rendszerekben t\u00f6rt\u00e9n\u0151 haszn\u00e1lat\u00e1val szemben. <\/p>\n\n\n\n<p class=\" eplus-wrapper\">Speci\u00e1lisan kialak\u00edtott glikol alap\u00fa FlowCool term\u00e9kcsal\u00e1dot k\u00edn\u00e1lunk, amely fontos szerves inhibitorokat tartalmaz (nem minden glikol term\u00e9k tartalmaz inhibitorokat, de elengedhetetlenek a rendszer korr\u00f3zi\u00f3j\u00e1nak elker\u00fcl\u00e9s\u00e9hez). Az ipar \u00e1ltal aj\u00e1nlottak, \u00e9s megfelelnek a BS5117 szabv\u00e1nynak a k\u00e9tutas h\u0171t\u00e9si \u00e9s f\u0171t\u00e9si folyamatokban val\u00f3 haszn\u00e1latra. A teljes v\u00e1laszt\u00e9k mag\u00e1ban foglalja az ipari min\u0151s\u00e9g\u0171 glikolt, amely alkalmas \u00e9lelmiszeripari alkalmaz\u00e1sokhoz \u00e9s biol\u00f3giailag leboml\u00f3 glikolhoz.  <\/p>\n\n\n\n<p class=\" eplus-wrapper\">Minden el\u00e9rhet\u0151 m\u00e1snapi sz\u00e1ll\u00edt\u00e1sra 5l, 25l \u00e9s 1,000l lBC-ben.<\/p>\n<\/div>\n<\/div>\n\n\n\n<div style=\"height:60px\" aria-hidden=\"true\" class=\"xs:hidden md:block eplus-wrapper wp-block-spacer\"><\/div>\n<\/div>\n<figure class=\"wp-embed-aspect-16-9 wp-has-aspect-ratio wp-block-embed aligncenter is-type-video is-provider-youtube wp-block-embed-youtube eplus-wrapper eplus-styles-uid-c899e1\"><div class=\"wp-block-embed__wrapper\"> \n<iframe title=\"Uninhibited Glycol - Time lapse video\" width=\"1200\" height=\"675\" src=\"https:\/\/www.youtube.com\/embed\/Z61uUV_7OpU?feature=oembed\" frameborder=\"0\" allow=\"accelerometer; autoplay; clipboard-write; encrypted-media; gyroscope; picture-in-picture; web-share\" referrerpolicy=\"strict-origin-when-cross-origin\" allowfullscreen><\/iframe>\n <\/div><\/figure>\n<div class=\"px-0 pt-12 pb-8 wp-block-group eplus-wrapper is-layout-flow wp-block-group-is-layout-flow\"><div class=\"p-0 is-not-stacked-on-mbile has-background rounded-2xl items-center lg:flex xs:grid wp-block-columns eplus-wrapper is-layout-flex wp-container-core-columns-is-layout-9d6595d7 wp-block-columns-is-layout-flex eplus-styles-uid-cd22ef\" style=\"background-color:#eaeaef\">\n<div class=\"wp-block-column eplus-wrapper is-layout-flow wp-block-column-is-layout-flow\">\n<h3 class=\"mb-12 wp-block-heading has-text-align-left eplus-wrapper\" id=\"h-downloads\">LET\u00d6LT\u00c9SEK<\/h3>\n\n\n\n<div class=\"gap-x-8 md:grid md:grid-rows-auto md:auto md:grid-cols-2 xs:block justify-between wp-block-group eplus-wrapper is-layout-flow wp-block-group-is-layout-flow\"><div class=\"download_div flex justify-between w-full py-6 sm:px-10 xs:px-6  rounded wp-block-file has-white-background-color has-background eplus-wrapper eplus-styles-uid-87c690\"><a id=\"wp-block-file--media-114be661-f6b3-4620-ab0b-d3a626bd490a\" href=\"https:\/\/www.icscoolenergy.com\/hu\/wp-content\/uploads\/sites\/10\/2024\/04\/FLOWCOOL-IG-2015-1.pdf\" target=\"_blank\" rel=\"noreferrer noopener\"><strong>FlowCool-IG (ipari min\u0151s\u00e9g\u0171 glikol)<\/strong><br>PDF<\/a><a href=\"https:\/\/www.icscoolenergy.com\/hu\/wp-content\/uploads\/sites\/10\/2024\/04\/FLOWCOOL-IG-2015-1.pdf\" class=\"wp-block-file__button wp-element-button\" download=\"\" aria-describedby=\"wp-block-file--media-114be661-f6b3-4620-ab0b-d3a626bd490a\"><img decoding=\"async\" class=\"wp-image-79903\" style=\"width: 26px;\" src=\"https:\/\/icsdevelopment.wpenginepowered.com\/wp-content\/uploads\/sites\/10\/2024\/03\/Group.svg\" alt=\"\"><span class=\"eplus-icon\"><span data-style=\"{\" enabled=\"\" style=\"border-radius:0px;\" class=\"eplus-icon\"><\/span><\/span> <\/a><\/div>\n\n<div class=\"download_div flex justify-between w-full py-6 sm:px-10 xs:px-6  rounded wp-block-file has-white-background-color has-background eplus-wrapper eplus-styles-uid-87c690\"><a id=\"wp-block-file--media-114be661-f6b3-4620-ab0b-d3a626bd490a\" href=\"https:\/\/www.icscoolenergy.com\/hu\/wp-content\/uploads\/sites\/10\/2024\/04\/FLOWCOOL-PLUS-2015.pdf\" target=\"_blank\" rel=\"noreferrer noopener\"><strong>FlowCool-Plus (monopropil\u00e9nglikol)<\/strong><br>PDF<\/a><a href=\"https:\/\/www.icscoolenergy.com\/hu\/wp-content\/uploads\/sites\/10\/2024\/04\/FLOWCOOL-PLUS-2015.pdf\" class=\"wp-block-file__button wp-element-button\" download=\"\" aria-describedby=\"wp-block-file--media-114be661-f6b3-4620-ab0b-d3a626bd490a\"><img decoding=\"async\" class=\"wp-image-79903\" style=\"width: 26px;\" src=\"https:\/\/icsdevelopment.wpenginepowered.com\/wp-content\/uploads\/sites\/10\/2024\/03\/Group.svg\" alt=\"\"><span class=\"eplus-icon\"><span data-style=\"{\" enabled=\"\" style=\"border-radius:0px;\" class=\"eplus-icon\"><\/span><\/span> <\/a><\/div>\n\n<div class=\"download_div flex justify-between w-full py-6 sm:px-10 xs:px-6  rounded wp-block-file has-white-background-color has-background eplus-wrapper eplus-styles-uid-87c690\"><a id=\"wp-block-file--media-114be661-f6b3-4620-ab0b-d3a626bd490a\" href=\"https:\/\/www.icscoolenergy.com\/hu\/wp-content\/uploads\/sites\/10\/2024\/04\/FLOWCOOL-FS-2015-copy.pdf\" target=\"_blank\" rel=\"noreferrer noopener\"><strong>FlowCool-FS (monopropil\u00e9nglikol)<\/strong><br>PDF<\/a><a href=\"https:\/\/www.icscoolenergy.com\/hu\/wp-content\/uploads\/sites\/10\/2024\/04\/FLOWCOOL-FS-2015-copy.pdf\" class=\"wp-block-file__button wp-element-button\" download=\"\" aria-describedby=\"wp-block-file--media-114be661-f6b3-4620-ab0b-d3a626bd490a\"><img decoding=\"async\" class=\"wp-image-79903\" style=\"width: 26px;\" src=\"https:\/\/icsdevelopment.wpenginepowered.com\/wp-content\/uploads\/sites\/10\/2024\/03\/Group.svg\" alt=\"\"><span class=\"eplus-icon\"><span data-style=\"{\" enabled=\"\" style=\"border-radius:0px;\" class=\"eplus-icon\"><\/span><\/span> <\/a><\/div><\/div>\n<\/div>\n<\/div><\/div>\n\n<div style=\"height:100px\" aria-hidden=\"true\" class=\" wp-block-spacer eplus-wrapper\"><\/div>\n","protected":false},"excerpt":{"rendered":"<p>FLOWCOOL GLIKOL A glikol c\u00e9lja, hogy megakad\u00e1lyozza a rendszerek \u00e9s berendez\u00e9sek fagy\u00e1s\u00e1t \u00e9s k\u00e1rosod\u00e1s\u00e1t, amely termel\u00e9si le\u00e1ll\u00e1st okozhat. Ez az el\u0151nyben r\u00e9szes\u00edtett alternat\u00edva a h\u00e1l\u00f3zati v\u00edz f\u0171t\u00e9si vagy h\u0171t\u00e9si rendszerekben t\u00f6rt\u00e9n\u0151 haszn\u00e1lat\u00e1val szemben. Speci\u00e1lisan kialak\u00edtott glikol alap\u00fa FlowCool term\u00e9kcsal\u00e1dot k\u00edn\u00e1lunk, amely fontos szerves inhibitorokat tartalmaz (nem minden glikol term\u00e9k tartalmaz inhibitorokat, de elengedhetetlenek a rendszer &#8230; <a title=\"FlowCool glikol\" class=\"read-more\" href=\"https:\/\/www.icscoolenergy.com\/hu\/szolgaltatas\/flowcool-glikol\/\" aria-label=\"More on FlowCool glikol\">Read more<\/a><\/p>\n","protected":false},"author":1,"featured_media":0,"parent":86355,"menu_order":0,"comment_status":"closed","ping_status":"closed","template":"template-1.php","meta":{"_acf_changed":false,"inline_featured_image":false,"_editorskit_title_hidden":false,"_editorskit_reading_time":0,"_editorskit_is_block_options_detached":false,"_editorskit_block_options_position":"{}","editor_plus_copied_stylings":"{}","footnotes":""},"class_list":["post-86450","page","type-page","status-publish"],"acf":[],"yoast_head":"<!-- This site is optimized with the Yoast SEO Premium plugin v24.5 (Yoast SEO v26.9) - https:\/\/yoast.com\/product\/yoast-seo-premium-wordpress\/ -->\n<title>FlowCool glikol | Hungary<\/title>\n<meta name=\"robots\" content=\"index, follow, max-snippet:-1, max-image-preview:large, max-video-preview:-1\" \/>\n<link rel=\"canonical\" href=\"https:\/\/www.icscoolenergy.com\/hu\/szolgaltatas\/flowcool-glikol\/\" \/>\n<meta property=\"og:locale\" content=\"hu_HU\" \/>\n<meta property=\"og:type\" content=\"article\" \/>\n<meta property=\"og:title\" content=\"FlowCool glikol\" \/>\n<meta property=\"og:description\" content=\"FLOWCOOL GLIKOL A glikol c\u00e9lja, hogy megakad\u00e1lyozza a rendszerek \u00e9s berendez\u00e9sek fagy\u00e1s\u00e1t \u00e9s k\u00e1rosod\u00e1s\u00e1t, amely termel\u00e9si le\u00e1ll\u00e1st okozhat. Ez az el\u0151nyben r\u00e9szes\u00edtett alternat\u00edva a h\u00e1l\u00f3zati v\u00edz f\u0171t\u00e9si vagy h\u0171t\u00e9si rendszerekben t\u00f6rt\u00e9n\u0151 haszn\u00e1lat\u00e1val szemben. Speci\u00e1lisan kialak\u00edtott glikol alap\u00fa FlowCool term\u00e9kcsal\u00e1dot k\u00edn\u00e1lunk, amely fontos szerves inhibitorokat tartalmaz (nem minden glikol term\u00e9k tartalmaz inhibitorokat, de elengedhetetlenek a rendszer ... Read more\" \/>\n<meta property=\"og:url\" content=\"https:\/\/www.icscoolenergy.com\/hu\/szolgaltatas\/flowcool-glikol\/\" \/>\n<meta property=\"og:site_name\" content=\"Hungary\" \/>\n<meta property=\"article:modified_time\" content=\"2024-11-30T12:06:47+00:00\" \/>\n<meta property=\"og:image\" content=\"https:\/\/www.icscoolenergy.com\/hu\/wp-content\/uploads\/sites\/10\/2024\/05\/Glycol-Flowcool.jpg\" \/>\n<meta name=\"twitter:card\" content=\"summary_large_image\" \/>\n<meta name=\"twitter:label1\" content=\"Est. reading time\" \/>\n\t<meta name=\"twitter:data1\" content=\"1 perc\" \/>\n<script type=\"application\/ld+json\" class=\"yoast-schema-graph\">{\"@context\":\"https:\/\/schema.org\",\"@graph\":[{\"@type\":\"WebPage\",\"@id\":\"https:\/\/www.icscoolenergy.com\/hu\/szolgaltatas\/flowcool-glikol\/\",\"url\":\"https:\/\/www.icscoolenergy.com\/hu\/szolgaltatas\/flowcool-glikol\/\",\"name\":\"FlowCool glikol | Hungary\",\"isPartOf\":{\"@id\":\"https:\/\/www.icscoolenergy.com\/hu\/#website\"},\"primaryImageOfPage\":{\"@id\":\"https:\/\/www.icscoolenergy.com\/hu\/szolgaltatas\/flowcool-glikol\/#primaryimage\"},\"image\":{\"@id\":\"https:\/\/www.icscoolenergy.com\/hu\/szolgaltatas\/flowcool-glikol\/#primaryimage\"},\"thumbnailUrl\":\"https:\/\/www.icscoolenergy.com\/hu\/wp-content\/uploads\/sites\/10\/2024\/05\/Glycol-Flowcool.jpg\",\"datePublished\":\"2024-04-08T12:03:23+00:00\",\"dateModified\":\"2024-11-30T12:06:47+00:00\",\"breadcrumb\":{\"@id\":\"https:\/\/www.icscoolenergy.com\/hu\/szolgaltatas\/flowcool-glikol\/#breadcrumb\"},\"inLanguage\":\"hu\",\"potentialAction\":[{\"@type\":\"ReadAction\",\"target\":[\"https:\/\/www.icscoolenergy.com\/hu\/szolgaltatas\/flowcool-glikol\/\"]}]},{\"@type\":\"ImageObject\",\"inLanguage\":\"hu\",\"@id\":\"https:\/\/www.icscoolenergy.com\/hu\/szolgaltatas\/flowcool-glikol\/#primaryimage\",\"url\":\"https:\/\/www.icscoolenergy.com\/wp-content\/uploads\/sites\/10\/2024\/05\/Glycol-Flowcool.jpg\",\"contentUrl\":\"https:\/\/www.icscoolenergy.com\/wp-content\/uploads\/sites\/10\/2024\/05\/Glycol-Flowcool.jpg\",\"width\":1980,\"height\":845,\"caption\":\"Glycol Flowcool\"},{\"@type\":\"BreadcrumbList\",\"@id\":\"https:\/\/www.icscoolenergy.com\/hu\/szolgaltatas\/flowcool-glikol\/#breadcrumb\",\"itemListElement\":[{\"@type\":\"ListItem\",\"position\":1,\"name\":\"Home\",\"item\":\"https:\/\/www.icscoolenergy.com\/hu\/\"},{\"@type\":\"ListItem\",\"position\":2,\"name\":\"Szolg\u00e1ltat\u00e1s\",\"item\":\"https:\/\/www.icscoolenergy.com\/hu\/szolgaltatas\/\"},{\"@type\":\"ListItem\",\"position\":3,\"name\":\"FlowCool glikol\"}]},{\"@type\":\"WebSite\",\"@id\":\"https:\/\/www.icscoolenergy.com\/hu\/#website\",\"url\":\"https:\/\/www.icscoolenergy.com\/hu\/\",\"name\":\"ICS Cool Energy\",\"description\":\"The Process Temperature Control Specialists\",\"publisher\":{\"@id\":\"https:\/\/www.icscoolenergy.com\/hu\/#organization\"},\"alternateName\":\"ICS\",\"potentialAction\":[{\"@type\":\"SearchAction\",\"target\":{\"@type\":\"EntryPoint\",\"urlTemplate\":\"https:\/\/www.icscoolenergy.com\/hu\/?s={search_term_string}\"},\"query-input\":{\"@type\":\"PropertyValueSpecification\",\"valueRequired\":true,\"valueName\":\"search_term_string\"}}],\"inLanguage\":\"hu\"},{\"@type\":\"Organization\",\"@id\":\"https:\/\/www.icscoolenergy.com\/hu\/#organization\",\"name\":\"ICS Cool Energy\",\"url\":\"https:\/\/www.icscoolenergy.com\/hu\/\",\"logo\":{\"@type\":\"ImageObject\",\"inLanguage\":\"hu\",\"@id\":\"https:\/\/www.icscoolenergy.com\/hu\/#\/schema\/logo\/image\/\",\"url\":\"https:\/\/www.icscoolenergy.com\/wp-content\/uploads\/sites\/10\/2024\/01\/ics-cool-energy-logo.svg\",\"contentUrl\":\"https:\/\/www.icscoolenergy.com\/wp-content\/uploads\/sites\/10\/2024\/01\/ics-cool-energy-logo.svg\",\"caption\":\"ICS Cool Energy\"},\"image\":{\"@id\":\"https:\/\/www.icscoolenergy.com\/hu\/#\/schema\/logo\/image\/\"},\"sameAs\":[\"https:\/\/www.linkedin.com\/company\/ics-temperature-control\/\",\"https:\/\/www.youtube.com\/@ICSCoolEnergyLtd\"],\"description\":\"ICS Cool Energy is a market leader for process and critical temperature control solutions that keep all types and sizes of businesses and industry running. Our headquarters are situated in Southampton, with offices throughout the UK and Europe, employing over 250 people in the UK alone.\",\"email\":\"info@icscoolenergy.com\",\"telephone\":\"0800 840 4210\",\"legalName\":\"ICS Cool Energy Limited\",\"numberOfEmployees\":{\"@type\":\"QuantitativeValue\",\"minValue\":\"201\",\"maxValue\":\"500\"}}]}<\/script>\n<!-- \/ Yoast SEO Premium plugin. -->","yoast_head_json":{"title":"FlowCool glikol | Hungary","robots":{"index":"index","follow":"follow","max-snippet":"max-snippet:-1","max-image-preview":"max-image-preview:large","max-video-preview":"max-video-preview:-1"},"canonical":"https:\/\/www.icscoolenergy.com\/hu\/szolgaltatas\/flowcool-glikol\/","og_locale":"hu_HU","og_type":"article","og_title":"FlowCool glikol","og_description":"FLOWCOOL GLIKOL A glikol c\u00e9lja, hogy megakad\u00e1lyozza a rendszerek \u00e9s berendez\u00e9sek fagy\u00e1s\u00e1t \u00e9s k\u00e1rosod\u00e1s\u00e1t, amely termel\u00e9si le\u00e1ll\u00e1st okozhat. Ez az el\u0151nyben r\u00e9szes\u00edtett alternat\u00edva a h\u00e1l\u00f3zati v\u00edz f\u0171t\u00e9si vagy h\u0171t\u00e9si rendszerekben t\u00f6rt\u00e9n\u0151 haszn\u00e1lat\u00e1val szemben. Speci\u00e1lisan kialak\u00edtott glikol alap\u00fa FlowCool term\u00e9kcsal\u00e1dot k\u00edn\u00e1lunk, amely fontos szerves inhibitorokat tartalmaz (nem minden glikol term\u00e9k tartalmaz inhibitorokat, de elengedhetetlenek a rendszer ... Read more","og_url":"https:\/\/www.icscoolenergy.com\/hu\/szolgaltatas\/flowcool-glikol\/","og_site_name":"Hungary","article_modified_time":"2024-11-30T12:06:47+00:00","og_image":[{"url":"https:\/\/www.icscoolenergy.com\/hu\/wp-content\/uploads\/sites\/10\/2024\/05\/Glycol-Flowcool.jpg","type":"","width":"","height":""}],"twitter_card":"summary_large_image","twitter_misc":{"Est. reading time":"1 perc"},"schema":{"@context":"https:\/\/schema.org","@graph":[{"@type":"WebPage","@id":"https:\/\/www.icscoolenergy.com\/hu\/szolgaltatas\/flowcool-glikol\/","url":"https:\/\/www.icscoolenergy.com\/hu\/szolgaltatas\/flowcool-glikol\/","name":"FlowCool glikol | Hungary","isPartOf":{"@id":"https:\/\/www.icscoolenergy.com\/hu\/#website"},"primaryImageOfPage":{"@id":"https:\/\/www.icscoolenergy.com\/hu\/szolgaltatas\/flowcool-glikol\/#primaryimage"},"image":{"@id":"https:\/\/www.icscoolenergy.com\/hu\/szolgaltatas\/flowcool-glikol\/#primaryimage"},"thumbnailUrl":"https:\/\/www.icscoolenergy.com\/hu\/wp-content\/uploads\/sites\/10\/2024\/05\/Glycol-Flowcool.jpg","datePublished":"2024-04-08T12:03:23+00:00","dateModified":"2024-11-30T12:06:47+00:00","breadcrumb":{"@id":"https:\/\/www.icscoolenergy.com\/hu\/szolgaltatas\/flowcool-glikol\/#breadcrumb"},"inLanguage":"hu","potentialAction":[{"@type":"ReadAction","target":["https:\/\/www.icscoolenergy.com\/hu\/szolgaltatas\/flowcool-glikol\/"]}]},{"@type":"ImageObject","inLanguage":"hu","@id":"https:\/\/www.icscoolenergy.com\/hu\/szolgaltatas\/flowcool-glikol\/#primaryimage","url":"https:\/\/www.icscoolenergy.com\/wp-content\/uploads\/sites\/10\/2024\/05\/Glycol-Flowcool.jpg","contentUrl":"https:\/\/www.icscoolenergy.com\/wp-content\/uploads\/sites\/10\/2024\/05\/Glycol-Flowcool.jpg","width":1980,"height":845,"caption":"Glycol Flowcool"},{"@type":"BreadcrumbList","@id":"https:\/\/www.icscoolenergy.com\/hu\/szolgaltatas\/flowcool-glikol\/#breadcrumb","itemListElement":[{"@type":"ListItem","position":1,"name":"Home","item":"https:\/\/www.icscoolenergy.com\/hu\/"},{"@type":"ListItem","position":2,"name":"Szolg\u00e1ltat\u00e1s","item":"https:\/\/www.icscoolenergy.com\/hu\/szolgaltatas\/"},{"@type":"ListItem","position":3,"name":"FlowCool glikol"}]},{"@type":"WebSite","@id":"https:\/\/www.icscoolenergy.com\/hu\/#website","url":"https:\/\/www.icscoolenergy.com\/hu\/","name":"ICS Cool Energy","description":"The Process Temperature Control Specialists","publisher":{"@id":"https:\/\/www.icscoolenergy.com\/hu\/#organization"},"alternateName":"ICS","potentialAction":[{"@type":"SearchAction","target":{"@type":"EntryPoint","urlTemplate":"https:\/\/www.icscoolenergy.com\/hu\/?s={search_term_string}"},"query-input":{"@type":"PropertyValueSpecification","valueRequired":true,"valueName":"search_term_string"}}],"inLanguage":"hu"},{"@type":"Organization","@id":"https:\/\/www.icscoolenergy.com\/hu\/#organization","name":"ICS Cool Energy","url":"https:\/\/www.icscoolenergy.com\/hu\/","logo":{"@type":"ImageObject","inLanguage":"hu","@id":"https:\/\/www.icscoolenergy.com\/hu\/#\/schema\/logo\/image\/","url":"https:\/\/www.icscoolenergy.com\/wp-content\/uploads\/sites\/10\/2024\/01\/ics-cool-energy-logo.svg","contentUrl":"https:\/\/www.icscoolenergy.com\/wp-content\/uploads\/sites\/10\/2024\/01\/ics-cool-energy-logo.svg","caption":"ICS Cool Energy"},"image":{"@id":"https:\/\/www.icscoolenergy.com\/hu\/#\/schema\/logo\/image\/"},"sameAs":["https:\/\/www.linkedin.com\/company\/ics-temperature-control\/","https:\/\/www.youtube.com\/@ICSCoolEnergyLtd"],"description":"ICS Cool Energy is a market leader for process and critical temperature control solutions that keep all types and sizes of businesses and industry running. Our headquarters are situated in Southampton, with offices throughout the UK and Europe, employing over 250 people in the UK alone.","email":"info@icscoolenergy.com","telephone":"0800 840 4210","legalName":"ICS Cool Energy Limited","numberOfEmployees":{"@type":"QuantitativeValue","minValue":"201","maxValue":"500"}}]}},"_links":{"self":[{"href":"https:\/\/www.icscoolenergy.com\/hu\/wp-json\/wp\/v2\/pages\/86450","targetHints":{"allow":["GET"]}}],"collection":[{"href":"https:\/\/www.icscoolenergy.com\/hu\/wp-json\/wp\/v2\/pages"}],"about":[{"href":"https:\/\/www.icscoolenergy.com\/hu\/wp-json\/wp\/v2\/types\/page"}],"author":[{"embeddable":true,"href":"https:\/\/www.icscoolenergy.com\/hu\/wp-json\/wp\/v2\/users\/1"}],"replies":[{"embeddable":true,"href":"https:\/\/www.icscoolenergy.com\/hu\/wp-json\/wp\/v2\/comments?post=86450"}],"version-history":[{"count":0,"href":"https:\/\/www.icscoolenergy.com\/hu\/wp-json\/wp\/v2\/pages\/86450\/revisions"}],"up":[{"embeddable":true,"href":"https:\/\/www.icscoolenergy.com\/hu\/wp-json\/wp\/v2\/pages\/86355"}],"wp:attachment":[{"href":"https:\/\/www.icscoolenergy.com\/hu\/wp-json\/wp\/v2\/media?parent=86450"}],"curies":[{"name":"wp","href":"https:\/\/api.w.org\/{rel}","templated":true}]}}