 
{"id":86467,"date":"2024-04-10T14:52:07","date_gmt":"2024-04-10T14:52:07","guid":{"rendered":"https:\/\/www.icscoolenergy.com\/hu\/rolunk\/kornyezetvedelmi-politikak\/"},"modified":"2024-11-30T12:07:14","modified_gmt":"2024-11-30T12:07:14","slug":"kornyezetvedelmi-politikak","status":"publish","type":"page","link":"https:\/\/www.icscoolenergy.com\/hu\/rolunk\/kornyezetvedelmi-politikak\/","title":{"rendered":"K\u00f6rnyezetv\u00e9delmi politik\u00e1k"},"content":{"rendered":"\n<div class=\"mb-8 eplus-wrapper wp-block-group is-layout-flow wp-block-group-is-layout-flow\">\n<div class=\"md:relative eplus-wrapper wp-block-group is-layout-flow wp-block-group-is-layout-flow\">\n<div class=\"eplus-wrapper wp-block-cover is-light\" style=\"min-height:451px;aspect-ratio:unset;\"><span aria-hidden=\"true\" class=\"wp-block-cover__background has-background-dim-0 has-background-dim\"><\/span><img loading=\"lazy\" decoding=\"async\" width=\"1980\" height=\"990\" class=\"wp-block-cover__image-background wp-image-84298\" alt=\"Environmental policies\" src=\"https:\/\/www.icscoolenergy.com\/hu\/wp-content\/uploads\/sites\/10\/2024\/05\/Environmental-policies-hero.jpg\" data-object-fit=\"cover\" srcset=\"https:\/\/www.icscoolenergy.com\/wp-content\/uploads\/sites\/10\/2024\/05\/Environmental-policies-hero.jpg 1980w, https:\/\/www.icscoolenergy.com\/wp-content\/uploads\/sites\/10\/2024\/05\/Environmental-policies-hero-300x150.jpg 300w, https:\/\/www.icscoolenergy.com\/wp-content\/uploads\/sites\/10\/2024\/05\/Environmental-policies-hero-1024x512.jpg 1024w, https:\/\/www.icscoolenergy.com\/wp-content\/uploads\/sites\/10\/2024\/05\/Environmental-policies-hero-768x384.jpg 768w, https:\/\/www.icscoolenergy.com\/wp-content\/uploads\/sites\/10\/2024\/05\/Environmental-policies-hero-50x25.jpg 50w, https:\/\/www.icscoolenergy.com\/wp-content\/uploads\/sites\/10\/2024\/05\/Environmental-policies-hero-1600x800.jpg 1600w, https:\/\/www.icscoolenergy.com\/wp-content\/uploads\/sites\/10\/2024\/05\/Environmental-policies-hero-1536x768.jpg 1536w, https:\/\/www.icscoolenergy.com\/wp-content\/uploads\/sites\/10\/2024\/05\/Environmental-policies-hero-600x300.jpg 600w\" sizes=\"auto, (max-width: 1980px) 100vw, 1980px\" \/><div class=\"wp-block-cover__inner-container is-layout-flow wp-block-cover-is-layout-flow\">\n<p class=\" has-text-align-center has-large-font-size eplus-wrapper\"><\/p>\n<\/div><\/div>\n\n\n\n<div class=\"rounded-tr-md sm:w-full md:w-[80%] md:h-fit md:top-[80%] relative md:-mt-[10%] z-[1] md:left-0 eplus-wrapper wp-block-group has-background is-layout-constrained wp-block-group-is-layout-constrained\" style=\"background-color:#eaeaef\">\n<h1 class=\"eplus-wrapper pt-8 wp-block-heading has-text-color has-link-color wp-elements-395a37435ea62e0e90e2e88fe739eca6\" id=\"h-environmental-policies\" style=\"color:#312f5f\">K\u00d6RNYEZETV\u00c9DELMI POLITIK\u00c1K<\/h1>\n\n\n\n<p class=\" eplus-wrapper\">A fenntarthat\u00f3s\u00e1g \u00e9s a k\u00f6rnyezeti felel\u0151ss\u00e9gv\u00e1llal\u00e1s \u00fczleti tev\u00e9kenys\u00e9g\u00fcnk k\u00f6zponti eleme, \u00e9s nem csak az\u00e9rt, mert \u00fcgyfeleink ezt ig\u00e9nylik.<\/p>\n\n\n\n<p class=\" eplus-wrapper\">A ISO9001, 14001 \u00e9s OHSAS18001 \u00fczemeltet\u00e9se bizony\u00edtja az ICS Cool Energy elk\u00f6telezetts\u00e9g\u00e9t.<\/p>\n\n\n\n<div style=\"height:16px\" aria-hidden=\"true\" class=\" wp-block-spacer eplus-wrapper\"><\/div>\n\n\n\n<p class=\" eplus-wrapper\">A gyakorlatban ez a k\u00f6vetkez\u0151ket jelenti:<\/p>\n\n\n<ul class=\"eplus-wrapper wp-block-list eplus-styles-uid-a89fd1\">\n<li class=\" eplus-wrapper\">Az anyagok cs\u00f6kkent\u00e9se \u00e9s \u00fajrafelhaszn\u00e1l\u00e1sa<\/li>\n\n\n\n<li class=\" eplus-wrapper\">Hasznos\u00edt\u00e1s \u00e9s \u00fajrafeldolgoz\u00e1s<\/li>\n\n\n\n<li class=\" eplus-wrapper\">A k\u00f6rnyezetv\u00e9delmi jogszab\u00e1lyok betart\u00e1sa \u00e9s az el\u00e9rhet\u0151 legjobb technik\u00e1k alkalmaz\u00e1sa a probl\u00e9m\u00e1s ter\u00fcletek felsz\u00e1mol\u00e1s\u00e1ra a szennyez\u00e9s megel\u0151z\u00e9se c\u00e9lj\u00e1b\u00f3l<\/li>\n<\/ul>\n\n\n<div style=\"height:16px\" aria-hidden=\"true\" class=\" wp-block-spacer eplus-wrapper\"><\/div>\n\n\n\n<p class=\" eplus-wrapper\">Hogyan \u00e9rj\u00fck ezt el?<\/p>\n\n\n\n<p class=\" eplus-wrapper\">Folyamatosan fel\u00fclvizsg\u00e1ljuk \u00e9s jav\u00edtjuk er\u0151forr\u00e1s-felhaszn\u00e1l\u00e1sunkat, folyamatainkat \u00e9s kibocs\u00e1t\u00e1sainkat.<\/p>\n<\/div>\n<\/div>\n\n\n\n<div style=\"height:60px\" aria-hidden=\"true\" class=\"xs:hidden md:block eplus-wrapper wp-block-spacer\"><\/div>\n<\/div>\n\n<div style=\"height:51px\" aria-hidden=\"true\" class=\" wp-block-spacer eplus-wrapper\"><\/div>\n","protected":false},"excerpt":{"rendered":"<p>K\u00d6RNYEZETV\u00c9DELMI POLITIK\u00c1K A fenntarthat\u00f3s\u00e1g \u00e9s a k\u00f6rnyezeti felel\u0151ss\u00e9gv\u00e1llal\u00e1s \u00fczleti tev\u00e9kenys\u00e9g\u00fcnk k\u00f6zponti eleme, \u00e9s nem csak az\u00e9rt, mert \u00fcgyfeleink ezt ig\u00e9nylik. A ISO9001, 14001 \u00e9s OHSAS18001 \u00fczemeltet\u00e9se bizony\u00edtja az ICS Cool Energy elk\u00f6telezetts\u00e9g\u00e9t. A gyakorlatban ez a k\u00f6vetkez\u0151ket jelenti: Hogyan \u00e9rj\u00fck ezt el? Folyamatosan fel\u00fclvizsg\u00e1ljuk \u00e9s jav\u00edtjuk er\u0151forr\u00e1s-felhaszn\u00e1l\u00e1sunkat, folyamatainkat \u00e9s kibocs\u00e1t\u00e1sainkat.<\/p>\n","protected":false},"author":1,"featured_media":0,"parent":86313,"menu_order":0,"comment_status":"closed","ping_status":"closed","template":"template-1.php","meta":{"_acf_changed":false,"inline_featured_image":false,"_editorskit_title_hidden":false,"_editorskit_reading_time":0,"_editorskit_is_block_options_detached":false,"_editorskit_block_options_position":"{}","editor_plus_copied_stylings":"{}","footnotes":""},"class_list":["post-86467","page","type-page","status-publish"],"acf":[],"yoast_head":"<!-- This site is optimized with the Yoast SEO Premium plugin v24.5 (Yoast SEO v26.9) - https:\/\/yoast.com\/product\/yoast-seo-premium-wordpress\/ -->\n<title>K\u00f6rnyezetv\u00e9delmi politik\u00e1k | Hungary<\/title>\n<meta name=\"robots\" content=\"index, follow, max-snippet:-1, max-image-preview:large, max-video-preview:-1\" \/>\n<link rel=\"canonical\" href=\"https:\/\/www.icscoolenergy.com\/hu\/rolunk\/kornyezetvedelmi-politikak\/\" \/>\n<meta property=\"og:locale\" content=\"hu_HU\" \/>\n<meta property=\"og:type\" content=\"article\" \/>\n<meta property=\"og:title\" content=\"K\u00f6rnyezetv\u00e9delmi politik\u00e1k\" \/>\n<meta property=\"og:description\" content=\"K\u00d6RNYEZETV\u00c9DELMI POLITIK\u00c1K A fenntarthat\u00f3s\u00e1g \u00e9s a k\u00f6rnyezeti felel\u0151ss\u00e9gv\u00e1llal\u00e1s \u00fczleti tev\u00e9kenys\u00e9g\u00fcnk k\u00f6zponti eleme, \u00e9s nem csak az\u00e9rt, mert \u00fcgyfeleink ezt ig\u00e9nylik. A ISO9001, 14001 \u00e9s OHSAS18001 \u00fczemeltet\u00e9se bizony\u00edtja az ICS Cool Energy elk\u00f6telezetts\u00e9g\u00e9t. A gyakorlatban ez a k\u00f6vetkez\u0151ket jelenti: Hogyan \u00e9rj\u00fck ezt el? Folyamatosan fel\u00fclvizsg\u00e1ljuk \u00e9s jav\u00edtjuk er\u0151forr\u00e1s-felhaszn\u00e1l\u00e1sunkat, folyamatainkat \u00e9s kibocs\u00e1t\u00e1sainkat.\" \/>\n<meta property=\"og:url\" content=\"https:\/\/www.icscoolenergy.com\/hu\/rolunk\/kornyezetvedelmi-politikak\/\" \/>\n<meta property=\"og:site_name\" content=\"Hungary\" \/>\n<meta property=\"article:modified_time\" content=\"2024-11-30T12:07:14+00:00\" \/>\n<meta property=\"og:image\" content=\"https:\/\/www.icscoolenergy.com\/hu\/wp-content\/uploads\/sites\/10\/2024\/05\/Environmental-policies-hero.jpg\" \/>\n<meta name=\"twitter:card\" content=\"summary_large_image\" \/>\n<meta name=\"twitter:label1\" content=\"Est. reading time\" \/>\n\t<meta name=\"twitter:data1\" content=\"1 perc\" \/>\n<script type=\"application\/ld+json\" class=\"yoast-schema-graph\">{\"@context\":\"https:\/\/schema.org\",\"@graph\":[{\"@type\":\"WebPage\",\"@id\":\"https:\/\/www.icscoolenergy.com\/hu\/rolunk\/kornyezetvedelmi-politikak\/\",\"url\":\"https:\/\/www.icscoolenergy.com\/hu\/rolunk\/kornyezetvedelmi-politikak\/\",\"name\":\"K\u00f6rnyezetv\u00e9delmi politik\u00e1k | Hungary\",\"isPartOf\":{\"@id\":\"https:\/\/www.icscoolenergy.com\/hu\/#website\"},\"primaryImageOfPage\":{\"@id\":\"https:\/\/www.icscoolenergy.com\/hu\/rolunk\/kornyezetvedelmi-politikak\/#primaryimage\"},\"image\":{\"@id\":\"https:\/\/www.icscoolenergy.com\/hu\/rolunk\/kornyezetvedelmi-politikak\/#primaryimage\"},\"thumbnailUrl\":\"https:\/\/www.icscoolenergy.com\/hu\/wp-content\/uploads\/sites\/10\/2024\/05\/Environmental-policies-hero.jpg\",\"datePublished\":\"2024-04-10T14:52:07+00:00\",\"dateModified\":\"2024-11-30T12:07:14+00:00\",\"breadcrumb\":{\"@id\":\"https:\/\/www.icscoolenergy.com\/hu\/rolunk\/kornyezetvedelmi-politikak\/#breadcrumb\"},\"inLanguage\":\"hu\",\"potentialAction\":[{\"@type\":\"ReadAction\",\"target\":[\"https:\/\/www.icscoolenergy.com\/hu\/rolunk\/kornyezetvedelmi-politikak\/\"]}]},{\"@type\":\"ImageObject\",\"inLanguage\":\"hu\",\"@id\":\"https:\/\/www.icscoolenergy.com\/hu\/rolunk\/kornyezetvedelmi-politikak\/#primaryimage\",\"url\":\"https:\/\/www.icscoolenergy.com\/wp-content\/uploads\/sites\/10\/2024\/05\/Environmental-policies-hero.jpg\",\"contentUrl\":\"https:\/\/www.icscoolenergy.com\/wp-content\/uploads\/sites\/10\/2024\/05\/Environmental-policies-hero.jpg\",\"width\":1980,\"height\":990,\"caption\":\"Environmental policies\"},{\"@type\":\"BreadcrumbList\",\"@id\":\"https:\/\/www.icscoolenergy.com\/hu\/rolunk\/kornyezetvedelmi-politikak\/#breadcrumb\",\"itemListElement\":[{\"@type\":\"ListItem\",\"position\":1,\"name\":\"Home\",\"item\":\"https:\/\/www.icscoolenergy.com\/hu\/\"},{\"@type\":\"ListItem\",\"position\":2,\"name\":\"R\u00f3lunk\",\"item\":\"https:\/\/www.icscoolenergy.com\/hu\/rolunk\/\"},{\"@type\":\"ListItem\",\"position\":3,\"name\":\"K\u00f6rnyezetv\u00e9delmi politik\u00e1k\"}]},{\"@type\":\"WebSite\",\"@id\":\"https:\/\/www.icscoolenergy.com\/hu\/#website\",\"url\":\"https:\/\/www.icscoolenergy.com\/hu\/\",\"name\":\"ICS Cool Energy\",\"description\":\"The Process Temperature Control Specialists\",\"publisher\":{\"@id\":\"https:\/\/www.icscoolenergy.com\/hu\/#organization\"},\"alternateName\":\"ICS\",\"potentialAction\":[{\"@type\":\"SearchAction\",\"target\":{\"@type\":\"EntryPoint\",\"urlTemplate\":\"https:\/\/www.icscoolenergy.com\/hu\/?s={search_term_string}\"},\"query-input\":{\"@type\":\"PropertyValueSpecification\",\"valueRequired\":true,\"valueName\":\"search_term_string\"}}],\"inLanguage\":\"hu\"},{\"@type\":\"Organization\",\"@id\":\"https:\/\/www.icscoolenergy.com\/hu\/#organization\",\"name\":\"ICS Cool Energy\",\"url\":\"https:\/\/www.icscoolenergy.com\/hu\/\",\"logo\":{\"@type\":\"ImageObject\",\"inLanguage\":\"hu\",\"@id\":\"https:\/\/www.icscoolenergy.com\/hu\/#\/schema\/logo\/image\/\",\"url\":\"https:\/\/www.icscoolenergy.com\/wp-content\/uploads\/sites\/10\/2024\/01\/ics-cool-energy-logo.svg\",\"contentUrl\":\"https:\/\/www.icscoolenergy.com\/wp-content\/uploads\/sites\/10\/2024\/01\/ics-cool-energy-logo.svg\",\"caption\":\"ICS Cool Energy\"},\"image\":{\"@id\":\"https:\/\/www.icscoolenergy.com\/hu\/#\/schema\/logo\/image\/\"},\"sameAs\":[\"https:\/\/www.linkedin.com\/company\/ics-temperature-control\/\",\"https:\/\/www.youtube.com\/@ICSCoolEnergyLtd\"],\"description\":\"ICS Cool Energy is a market leader for process and critical temperature control solutions that keep all types and sizes of businesses and industry running. Our headquarters are situated in Southampton, with offices throughout the UK and Europe, employing over 250 people in the UK alone.\",\"email\":\"info@icscoolenergy.com\",\"telephone\":\"0800 840 4210\",\"legalName\":\"ICS Cool Energy Limited\",\"numberOfEmployees\":{\"@type\":\"QuantitativeValue\",\"minValue\":\"201\",\"maxValue\":\"500\"}}]}<\/script>\n<!-- \/ Yoast SEO Premium plugin. -->","yoast_head_json":{"title":"K\u00f6rnyezetv\u00e9delmi politik\u00e1k | Hungary","robots":{"index":"index","follow":"follow","max-snippet":"max-snippet:-1","max-image-preview":"max-image-preview:large","max-video-preview":"max-video-preview:-1"},"canonical":"https:\/\/www.icscoolenergy.com\/hu\/rolunk\/kornyezetvedelmi-politikak\/","og_locale":"hu_HU","og_type":"article","og_title":"K\u00f6rnyezetv\u00e9delmi politik\u00e1k","og_description":"K\u00d6RNYEZETV\u00c9DELMI POLITIK\u00c1K A fenntarthat\u00f3s\u00e1g \u00e9s a k\u00f6rnyezeti felel\u0151ss\u00e9gv\u00e1llal\u00e1s \u00fczleti tev\u00e9kenys\u00e9g\u00fcnk k\u00f6zponti eleme, \u00e9s nem csak az\u00e9rt, mert \u00fcgyfeleink ezt ig\u00e9nylik. A ISO9001, 14001 \u00e9s OHSAS18001 \u00fczemeltet\u00e9se bizony\u00edtja az ICS Cool Energy elk\u00f6telezetts\u00e9g\u00e9t. A gyakorlatban ez a k\u00f6vetkez\u0151ket jelenti: Hogyan \u00e9rj\u00fck ezt el? Folyamatosan fel\u00fclvizsg\u00e1ljuk \u00e9s jav\u00edtjuk er\u0151forr\u00e1s-felhaszn\u00e1l\u00e1sunkat, folyamatainkat \u00e9s kibocs\u00e1t\u00e1sainkat.","og_url":"https:\/\/www.icscoolenergy.com\/hu\/rolunk\/kornyezetvedelmi-politikak\/","og_site_name":"Hungary","article_modified_time":"2024-11-30T12:07:14+00:00","og_image":[{"url":"https:\/\/www.icscoolenergy.com\/hu\/wp-content\/uploads\/sites\/10\/2024\/05\/Environmental-policies-hero.jpg","type":"","width":"","height":""}],"twitter_card":"summary_large_image","twitter_misc":{"Est. reading time":"1 perc"},"schema":{"@context":"https:\/\/schema.org","@graph":[{"@type":"WebPage","@id":"https:\/\/www.icscoolenergy.com\/hu\/rolunk\/kornyezetvedelmi-politikak\/","url":"https:\/\/www.icscoolenergy.com\/hu\/rolunk\/kornyezetvedelmi-politikak\/","name":"K\u00f6rnyezetv\u00e9delmi politik\u00e1k | Hungary","isPartOf":{"@id":"https:\/\/www.icscoolenergy.com\/hu\/#website"},"primaryImageOfPage":{"@id":"https:\/\/www.icscoolenergy.com\/hu\/rolunk\/kornyezetvedelmi-politikak\/#primaryimage"},"image":{"@id":"https:\/\/www.icscoolenergy.com\/hu\/rolunk\/kornyezetvedelmi-politikak\/#primaryimage"},"thumbnailUrl":"https:\/\/www.icscoolenergy.com\/hu\/wp-content\/uploads\/sites\/10\/2024\/05\/Environmental-policies-hero.jpg","datePublished":"2024-04-10T14:52:07+00:00","dateModified":"2024-11-30T12:07:14+00:00","breadcrumb":{"@id":"https:\/\/www.icscoolenergy.com\/hu\/rolunk\/kornyezetvedelmi-politikak\/#breadcrumb"},"inLanguage":"hu","potentialAction":[{"@type":"ReadAction","target":["https:\/\/www.icscoolenergy.com\/hu\/rolunk\/kornyezetvedelmi-politikak\/"]}]},{"@type":"ImageObject","inLanguage":"hu","@id":"https:\/\/www.icscoolenergy.com\/hu\/rolunk\/kornyezetvedelmi-politikak\/#primaryimage","url":"https:\/\/www.icscoolenergy.com\/wp-content\/uploads\/sites\/10\/2024\/05\/Environmental-policies-hero.jpg","contentUrl":"https:\/\/www.icscoolenergy.com\/wp-content\/uploads\/sites\/10\/2024\/05\/Environmental-policies-hero.jpg","width":1980,"height":990,"caption":"Environmental policies"},{"@type":"BreadcrumbList","@id":"https:\/\/www.icscoolenergy.com\/hu\/rolunk\/kornyezetvedelmi-politikak\/#breadcrumb","itemListElement":[{"@type":"ListItem","position":1,"name":"Home","item":"https:\/\/www.icscoolenergy.com\/hu\/"},{"@type":"ListItem","position":2,"name":"R\u00f3lunk","item":"https:\/\/www.icscoolenergy.com\/hu\/rolunk\/"},{"@type":"ListItem","position":3,"name":"K\u00f6rnyezetv\u00e9delmi politik\u00e1k"}]},{"@type":"WebSite","@id":"https:\/\/www.icscoolenergy.com\/hu\/#website","url":"https:\/\/www.icscoolenergy.com\/hu\/","name":"ICS Cool Energy","description":"The Process Temperature Control Specialists","publisher":{"@id":"https:\/\/www.icscoolenergy.com\/hu\/#organization"},"alternateName":"ICS","potentialAction":[{"@type":"SearchAction","target":{"@type":"EntryPoint","urlTemplate":"https:\/\/www.icscoolenergy.com\/hu\/?s={search_term_string}"},"query-input":{"@type":"PropertyValueSpecification","valueRequired":true,"valueName":"search_term_string"}}],"inLanguage":"hu"},{"@type":"Organization","@id":"https:\/\/www.icscoolenergy.com\/hu\/#organization","name":"ICS Cool Energy","url":"https:\/\/www.icscoolenergy.com\/hu\/","logo":{"@type":"ImageObject","inLanguage":"hu","@id":"https:\/\/www.icscoolenergy.com\/hu\/#\/schema\/logo\/image\/","url":"https:\/\/www.icscoolenergy.com\/wp-content\/uploads\/sites\/10\/2024\/01\/ics-cool-energy-logo.svg","contentUrl":"https:\/\/www.icscoolenergy.com\/wp-content\/uploads\/sites\/10\/2024\/01\/ics-cool-energy-logo.svg","caption":"ICS Cool Energy"},"image":{"@id":"https:\/\/www.icscoolenergy.com\/hu\/#\/schema\/logo\/image\/"},"sameAs":["https:\/\/www.linkedin.com\/company\/ics-temperature-control\/","https:\/\/www.youtube.com\/@ICSCoolEnergyLtd"],"description":"ICS Cool Energy is a market leader for process and critical temperature control solutions that keep all types and sizes of businesses and industry running. Our headquarters are situated in Southampton, with offices throughout the UK and Europe, employing over 250 people in the UK alone.","email":"info@icscoolenergy.com","telephone":"0800 840 4210","legalName":"ICS Cool Energy Limited","numberOfEmployees":{"@type":"QuantitativeValue","minValue":"201","maxValue":"500"}}]}},"_links":{"self":[{"href":"https:\/\/www.icscoolenergy.com\/hu\/wp-json\/wp\/v2\/pages\/86467","targetHints":{"allow":["GET"]}}],"collection":[{"href":"https:\/\/www.icscoolenergy.com\/hu\/wp-json\/wp\/v2\/pages"}],"about":[{"href":"https:\/\/www.icscoolenergy.com\/hu\/wp-json\/wp\/v2\/types\/page"}],"author":[{"embeddable":true,"href":"https:\/\/www.icscoolenergy.com\/hu\/wp-json\/wp\/v2\/users\/1"}],"replies":[{"embeddable":true,"href":"https:\/\/www.icscoolenergy.com\/hu\/wp-json\/wp\/v2\/comments?post=86467"}],"version-history":[{"count":0,"href":"https:\/\/www.icscoolenergy.com\/hu\/wp-json\/wp\/v2\/pages\/86467\/revisions"}],"up":[{"embeddable":true,"href":"https:\/\/www.icscoolenergy.com\/hu\/wp-json\/wp\/v2\/pages\/86313"}],"wp:attachment":[{"href":"https:\/\/www.icscoolenergy.com\/hu\/wp-json\/wp\/v2\/media?parent=86467"}],"curies":[{"name":"wp","href":"https:\/\/api.w.org\/{rel}","templated":true}]}}