 
{"id":86493,"date":"2024-07-16T13:00:56","date_gmt":"2024-07-16T13:00:56","guid":{"rendered":"https:\/\/www.icscoolenergy.com\/hu\/szolgaltatas\/kezi-keres\/"},"modified":"2024-11-30T12:07:45","modified_gmt":"2024-11-30T12:07:45","slug":"kezi-keres","status":"publish","type":"page","link":"https:\/\/www.icscoolenergy.com\/hu\/szolgaltatas\/kezi-keres\/","title":{"rendered":"K\u00e9zi k\u00e9r\u00e9s"},"content":{"rendered":"<div class=\" wp-block-cover alignfull eplus-wrapper eplus-styles-uid-98e0ba\" style=\"margin-top:0;min-height:650px;aspect-ratio:unset;\"><span aria-hidden=\"true\" class=\"wp-block-cover__background has-background-dim-90 has-background-dim wp-block-cover__gradient-background has-background-gradient\" style=\"background-color:#737170;background:linear-gradient(145deg,rgb(49,47,95) 0%,rgba(49,46,94,0) 100%)\"><\/span><img decoding=\"async\" class=\"wp-block-cover__image-background wp-image-85375\" alt=\"Chiller Manual\" src=\"https:\/\/www.icscoolenergy.com\/hu\/wp-content\/\/uploads\/2024\/07\/Chiller-Manual.jpg\" style=\"object-position:25% 71%\" data-object-fit=\"cover\" data-object-position=\"25% 71%\"><div class=\"wp-block-cover__inner-container is-layout-flow wp-block-cover-is-layout-flow\">\n<div class=\"px-[28px] 2xl:max-w-[1632px] lg:px-[144px] md:px-[77px] sm:px-[77px] mb:px-[56px] xs:px-[28px] mx-auto wp-block-group eplus-wrapper is-layout-flow wp-block-group-is-layout-flow\"><div class=\"md:py-28 xs:py-12 xs:block lg:flex wp-block-columns are-vertically-aligned-top eplus-wrapper is-layout-flex wp-container-core-columns-is-layout-9d6595d7 wp-block-columns-is-layout-flex eplus-styles-uid-325be1\">\n<div class=\"wp-block-column is-vertically-aligned-top eplus-wrapper is-layout-flow wp-block-column-is-layout-flow\"><h1 class=\" wp-block-heading eplus-wrapper eplus-styles-uid-f3860c\" id=\"h-request-a-chiller-manual\">K\u00c9RJEN H\u0170T\u0150 K\u00c9ZIK\u00d6NYVET<\/h1>\n\n\n<p class=\" eplus-wrapper\">A h\u0171t\u0151 \u00fczemeltet\u00e9si \u00e9s karbantart\u00e1si k\u00e9zik\u00f6nyveihez t\u00f6ltse ki az ezen az oldalon tal\u00e1lhat\u00f3 \u0171rlapot el\u00e9rhet\u0151s\u00e9g\u00e9vel \u00e9s a h\u0171t\u0151 adataival.<\/p>\n\n\n\n<p class=\" eplus-wrapper\">Miut\u00e1n elk\u00fcldte k\u00e9r\u00e9s\u00e9t, csapatunk ellen\u0151rzi az inform\u00e1ci\u00f3kat, \u00e9s e-mailben elk\u00fcldi \u00d6nnek a megfelel\u0151 h\u0171t\u0151 k\u00e9zik\u00f6nyvet. Ha tov\u00e1bbi inform\u00e1ci\u00f3ra van sz\u00fcks\u00e9g\u00fcnk, k\u00f6zvetlen\u00fcl felvessz\u00fck \u00d6nnel a kapcsolatot. <\/p>\n\n\n\n<p class=\" eplus-wrapper\">Erny\u0151nk alatt sz\u00e1mos m\u00e1rk\u00e1hoz k\u00edn\u00e1lunk h\u0171t\u0151 k\u00e9zik\u00f6nyveket, t\u00f6bbek k\u00f6z\u00f6tt:<\/p>\n\n\n<ul class=\"eplus-wrapper wp-block-list eplus-styles-uid-06c8d5\">\n<li class=\" eplus-wrapper\"><strong>ICS Cool Energy h\u0171t\u0151 k\u00e9zik\u00f6nyv<\/strong>s<\/li>\n\n\n\n<li class=\" eplus-wrapper\"><strong>i-Chiller k\u00e9zik\u00f6nyvek<\/strong><\/li>\n\n\n\n<li class=\" eplus-wrapper\"><strong>TAEevo Tech h\u0171t\u0151 k\u00e9zik\u00f6nyv<\/strong>s<\/li>\n\n\n\n<li class=\" eplus-wrapper\"><strong>MTA Chiller k\u00e9zik\u00f6nyv<\/strong>s<\/li>\n\n\n\n<li class=\" eplus-wrapper\"><strong>Tricool h\u0171t\u0151 k\u00e9zik\u00f6nyv<\/strong>s<\/li>\n<\/ul>\n\n\n<p class=\" eplus-wrapper\"><strong>A h\u0171t\u0151modell azonos\u00edt\u00e1sa:<\/strong> Az egys\u00e9g modellsz\u00e1ma \u00e9s sorozatsz\u00e1ma \u00e1ltal\u00e1ban az adatt\u00e1bl\u00e1n vagy a v\u00e1s\u00e1rl\u00e1si dokument\u00e1ci\u00f3ban tal\u00e1lhat\u00f3.<\/p>\n<\/div>\n\n\n\n<div class=\"wp-block-column is-vertically-aligned-top eplus-wrapper is-layout-flow wp-block-column-is-layout-flow\">\n<div class=\"bg-product_background  w-[100%] lg:mx-8 mx-0 lg:mt-0 mt-20 m-0 rounded-md shadow-md pt-12 xl:px-12 lg:px-8 md:px-8 px-6 wp-block-group eplus-wrapper is-layout-flow wp-block-group-is-layout-flow\"><div data-form-id=\"8bea53ba-f244-ef11-a317-6045bd9d1108\" data-form-api-url=\"\nhttps:\/\/public-eur.mkt.dynamics.com\/api\/v1.0\/orgs\/5bfd347f-4992-488b-8666-9c00ffc24675\/landingpageforms\" data-cached-form-url=\"\nhttps:\/\/assets-eur.mkt.dynamics.com\/5bfd347f-4992-488b-8666-9c00ffc24675\/digitalassets\/forms\/8bea53ba-f244-ef11-a317-6045bd9d1108\"><\/div>\n<p><script src=\"https:\/\/cxppusa1formui01cdnsa01-endpoint.azureedge.net\/eur\/FormLoader\/FormLoader.bundle.js\"><\/script><\/p>\n<\/div>\n<\/div>\n<\/div><\/div>\n<\/div><\/div>\n<div style=\"height:60px\" aria-hidden=\"true\" class=\" wp-block-spacer eplus-wrapper\"><\/div>\n\n<div class=\"flex flex-row flex-wrap md:flex-nowrap sm:justify-center sm:items-center wp-block-group eplus-wrapper is-layout-constrained wp-block-group-is-layout-constrained\">\n<div class=\"w-full p-2 m-2 wp-block-group eplus-wrapper is-vertical is-layout-flex wp-container-core-group-is-layout-8cf370e7 wp-block-group-is-layout-flex\">\n<h2 class=\" wp-block-heading eplus-wrapper\" id=\"h-manual-request-notification\">\u00c9rtes\u00edt\u00e9s k\u00e9r\u00e9se manu\u00e1lisan<\/h2>\n\n\n\n<p class=\" eplus-wrapper\">Meg\u00e9rtj\u00fck annak fontoss\u00e1g\u00e1t, hogy a megfelel\u0151 inform\u00e1ci\u00f3k k\u00e9zn\u00e9l legyenek a folyad\u00e9kh\u0171t\u0151 egys\u00e9gek optim\u00e1lis teljes\u00edtm\u00e9ny\u00e9nek \u00e9s karbantart\u00e1s\u00e1nak biztos\u00edt\u00e1s\u00e1hoz.  <\/p>\n\n\n\n<p class=\" eplus-wrapper\">Az egys\u00e9gek \u00fczemeltet\u00e9se \u00e9s karbantart\u00e1sa sor\u00e1n bek\u00f6vetkez\u0151 sz\u00e1mos balesetet azonban az alapvet\u0151 biztons\u00e1gi szab\u00e1lyok \u00e9s \u00f3vint\u00e9zked\u00e9sek be nem tart\u00e1sa okozza. K\u00e9zik\u00f6nyveink a felhaszn\u00e1l\u00f3knak, telep\u00edt\u0151knek \u00e9s szervizszem\u00e9lyzetnek sz\u00f3lnak, hogy biztos\u00edts\u00e1k az egys\u00e9g telep\u00edt\u00e9s\u00e9hez \u00e9s haszn\u00e1lat\u00e1hoz sz\u00fcks\u00e9ges \u00f6sszes m\u0171szaki inform\u00e1ci\u00f3t, valamint elv\u00e9gezz\u00e9k az \u00e9lettartam maximaliz\u00e1l\u00e1s\u00e1hoz sz\u00fcks\u00e9ges rutin karbantart\u00e1si m\u0171veleteket.   <\/p>\n\n\n\n<p class=\" eplus-wrapper\">Ha h\u0171t\u0151 hibak\u00f3dokat jelent, \u00e9s nem a telep\u00edt\u0151 vagy a m\u00e9rn\u00f6k, k\u00e9rj\u00fck, azonnal l\u00e9pjen kapcsolatba vel\u00fcnk.  <\/p>\n\n\n\n<p class=\" eplus-wrapper\">A rutinszer\u0171 karbantart\u00e1s vagy jav\u00edt\u00e1s sor\u00e1n csak eredeti alkatr\u00e9szeket haszn\u00e1ljon.<\/p>\n<\/div>\n<\/div>\n\n<div style=\"height:60px\" aria-hidden=\"true\" class=\" wp-block-spacer eplus-wrapper\"><\/div>\n\n<div class=\"mb-20 wp-block-group eplus-wrapper is-layout-flow wp-block-group-is-layout-flow\"><div class=\"is-not-stacked-on-mobile grid p-8 sm:p-12 rounded-2xl items-center md:flex wp-block-columns has-background eplus-wrapper is-layout-flex wp-container-core-columns-is-layout-9d6595d7 wp-block-columns-is-layout-flex eplus-styles-uid-221a69\" style=\"background-color:#222143\">\n<div class=\"w-full order-2 md:order-1 md:w-6\/12 wp-block-column eplus-wrapper is-layout-flow wp-block-column-is-layout-flow\">\n<h2 class=\"wp-block-heading has-white-color has-text-color has-link-color eplus-wrapper wp-elements-2940666277e32b765d2210b16d88b801\" id=\"h-spares-amp-parts-stock\">P\u00d3TALKATR\u00c9SZEK \u00c9S ALKATR\u00c9SZK\u00c9SZLET<\/h2>\n\n\n\n<p class=\"has-white-color has-text-color has-link-color eplus-wrapper wp-elements-9e1671688d73a0ac6988ffffb6ebb65a\">Alkatr\u00e9szek \u00e9s p\u00f3talkatr\u00e9szek sz\u00e9les v\u00e1laszt\u00e9k\u00e1t rakt\u00e1rozzuk az Egyes\u00fclt Kir\u00e1lys\u00e1gban \u00e9s szervizm\u00e9rn\u00f6keink furgonjain (minden furgon 15 ezer font + \u00e9rt\u00e9k\u0171 p\u00f3talkatr\u00e9szt sz\u00e1ll\u00edt) mind a saj\u00e1t, mind m\u00e1s gy\u00e1rt\u00f3i egys\u00e9gek sz\u00e1m\u00e1ra, ami azt jelenti, hogy gyorsan elk\u00fcldhet\u0151k az \u00d6n telephely\u00e9re, vagy v\u00e9szhelyzet vagy tervezett karbantart\u00e1s sor\u00e1n cser\u00e9lhet\u0151k, seg\u00edtve a m\u0171k\u00f6d\u00e9s fenntart\u00e1s\u00e1t.<\/p>\n\n\n\n<div class=\"wp-block-buttons eplus-wrapper is-layout-flex wp-block-buttons-is-layout-flex\"><div class=\"is-style-fill wp-block-button eplus-wrapper eplus-styles-uid-1165e4\"><a class=\"wp-block-button__link has-primary-background-color has-background wp-element-button\" href=\"\/?page_id=85216\">Tudj meg t\u00f6bbet<\/a><\/div><\/div>\n<\/div>\n\n\n\n<div class=\"w-full order-1 md:order-2 md:w-6\/12 wp-block-column eplus-wrapper is-layout-flow wp-block-column-is-layout-flow\">\n<figure class=\"ek-rounded-lg wp-block-image size-full eplus-wrapper\"><img loading=\"lazy\" decoding=\"async\" width=\"989\" height=\"497\" src=\"https:\/\/www.icscoolenergy.com\/hu\/wp-content\/\/uploads\/2024\/05\/spare-parts.png\" alt=\"\" class=\"wp-image-84942\" srcset=\"https:\/\/www.icscoolenergy.com\/wp-content\/uploads\/sites\/10\/2024\/05\/spare-parts.png 989w, https:\/\/www.icscoolenergy.com\/wp-content\/uploads\/sites\/10\/2024\/05\/spare-parts-300x151.png 300w, https:\/\/www.icscoolenergy.com\/wp-content\/uploads\/sites\/10\/2024\/05\/spare-parts-768x386.png 768w, https:\/\/www.icscoolenergy.com\/wp-content\/uploads\/sites\/10\/2024\/05\/spare-parts-50x25.png 50w, https:\/\/www.icscoolenergy.com\/wp-content\/uploads\/sites\/10\/2024\/05\/spare-parts-600x302.png 600w\" sizes=\"auto, (max-width: 989px) 100vw, 989px\" \/><\/figure>\n<\/div>\n<\/div><\/div>\n\n<div style=\"height:60px\" aria-hidden=\"true\" class=\" wp-block-spacer eplus-wrapper\"><\/div>\n","protected":false},"excerpt":{"rendered":"<p>\u00c9rtes\u00edt\u00e9s k\u00e9r\u00e9se manu\u00e1lisan Meg\u00e9rtj\u00fck annak fontoss\u00e1g\u00e1t, hogy a megfelel\u0151 inform\u00e1ci\u00f3k k\u00e9zn\u00e9l legyenek a folyad\u00e9kh\u0171t\u0151 egys\u00e9gek optim\u00e1lis teljes\u00edtm\u00e9ny\u00e9nek \u00e9s karbantart\u00e1s\u00e1nak biztos\u00edt\u00e1s\u00e1hoz. Az egys\u00e9gek \u00fczemeltet\u00e9se \u00e9s karbantart\u00e1sa sor\u00e1n bek\u00f6vetkez\u0151 sz\u00e1mos balesetet azonban az alapvet\u0151 biztons\u00e1gi szab\u00e1lyok \u00e9s \u00f3vint\u00e9zked\u00e9sek be nem tart\u00e1sa okozza. K\u00e9zik\u00f6nyveink a felhaszn\u00e1l\u00f3knak, telep\u00edt\u0151knek \u00e9s szervizszem\u00e9lyzetnek sz\u00f3lnak, hogy biztos\u00edts\u00e1k az egys\u00e9g telep\u00edt\u00e9s\u00e9hez \u00e9s haszn\u00e1lat\u00e1hoz sz\u00fcks\u00e9ges &#8230; <a title=\"K\u00e9zi k\u00e9r\u00e9s\" class=\"read-more\" href=\"https:\/\/www.icscoolenergy.com\/hu\/szolgaltatas\/kezi-keres\/\" aria-label=\"More on K\u00e9zi k\u00e9r\u00e9s\">Read more<\/a><\/p>\n","protected":false},"author":15,"featured_media":0,"parent":86355,"menu_order":0,"comment_status":"closed","ping_status":"closed","template":"","meta":{"_acf_changed":false,"inline_featured_image":false,"_editorskit_title_hidden":false,"_editorskit_reading_time":0,"_editorskit_is_block_options_detached":false,"_editorskit_block_options_position":"{}","editor_plus_copied_stylings":"{}","footnotes":""},"class_list":["post-86493","page","type-page","status-publish"],"acf":[],"yoast_head":"<!-- This site is optimized with the Yoast SEO Premium plugin v24.5 (Yoast SEO v26.9) - https:\/\/yoast.com\/product\/yoast-seo-premium-wordpress\/ -->\n<title>K\u00e9zi k\u00e9r\u00e9s | Hungary<\/title>\n<meta name=\"robots\" content=\"index, follow, max-snippet:-1, max-image-preview:large, max-video-preview:-1\" \/>\n<link rel=\"canonical\" href=\"https:\/\/www.icscoolenergy.com\/hu\/szolgaltatas\/kezi-keres\/\" \/>\n<meta property=\"og:locale\" content=\"hu_HU\" \/>\n<meta property=\"og:type\" content=\"article\" \/>\n<meta property=\"og:title\" content=\"K\u00e9zi k\u00e9r\u00e9s\" \/>\n<meta property=\"og:description\" content=\"\u00c9rtes\u00edt\u00e9s k\u00e9r\u00e9se manu\u00e1lisan Meg\u00e9rtj\u00fck annak fontoss\u00e1g\u00e1t, hogy a megfelel\u0151 inform\u00e1ci\u00f3k k\u00e9zn\u00e9l legyenek a folyad\u00e9kh\u0171t\u0151 egys\u00e9gek optim\u00e1lis teljes\u00edtm\u00e9ny\u00e9nek \u00e9s karbantart\u00e1s\u00e1nak biztos\u00edt\u00e1s\u00e1hoz. Az egys\u00e9gek \u00fczemeltet\u00e9se \u00e9s karbantart\u00e1sa sor\u00e1n bek\u00f6vetkez\u0151 sz\u00e1mos balesetet azonban az alapvet\u0151 biztons\u00e1gi szab\u00e1lyok \u00e9s \u00f3vint\u00e9zked\u00e9sek be nem tart\u00e1sa okozza. K\u00e9zik\u00f6nyveink a felhaszn\u00e1l\u00f3knak, telep\u00edt\u0151knek \u00e9s szervizszem\u00e9lyzetnek sz\u00f3lnak, hogy biztos\u00edts\u00e1k az egys\u00e9g telep\u00edt\u00e9s\u00e9hez \u00e9s haszn\u00e1lat\u00e1hoz sz\u00fcks\u00e9ges ... Read more\" \/>\n<meta property=\"og:url\" content=\"https:\/\/www.icscoolenergy.com\/hu\/szolgaltatas\/kezi-keres\/\" \/>\n<meta property=\"og:site_name\" content=\"Hungary\" \/>\n<meta property=\"article:modified_time\" content=\"2024-11-30T12:07:45+00:00\" \/>\n<meta property=\"og:image\" content=\"https:\/\/www.icscoolenergy.com\/hu\/wp-content\/\/uploads\/2024\/07\/Chiller-Manual.jpg\" \/>\n<meta name=\"twitter:card\" content=\"summary_large_image\" \/>\n<meta name=\"twitter:label1\" content=\"Est. reading time\" \/>\n\t<meta name=\"twitter:data1\" content=\"2 perc\" \/>\n<script type=\"application\/ld+json\" class=\"yoast-schema-graph\">{\"@context\":\"https:\/\/schema.org\",\"@graph\":[{\"@type\":\"WebPage\",\"@id\":\"https:\/\/www.icscoolenergy.com\/hu\/szolgaltatas\/kezi-keres\/\",\"url\":\"https:\/\/www.icscoolenergy.com\/hu\/szolgaltatas\/kezi-keres\/\",\"name\":\"K\u00e9zi k\u00e9r\u00e9s | Hungary\",\"isPartOf\":{\"@id\":\"https:\/\/www.icscoolenergy.com\/hu\/#website\"},\"primaryImageOfPage\":{\"@id\":\"https:\/\/www.icscoolenergy.com\/hu\/szolgaltatas\/kezi-keres\/#primaryimage\"},\"image\":{\"@id\":\"https:\/\/www.icscoolenergy.com\/hu\/szolgaltatas\/kezi-keres\/#primaryimage\"},\"thumbnailUrl\":\"https:\/\/www.icscoolenergy.com\/hu\/wp-content\/\/uploads\/2024\/07\/Chiller-Manual.jpg\",\"datePublished\":\"2024-07-16T13:00:56+00:00\",\"dateModified\":\"2024-11-30T12:07:45+00:00\",\"breadcrumb\":{\"@id\":\"https:\/\/www.icscoolenergy.com\/hu\/szolgaltatas\/kezi-keres\/#breadcrumb\"},\"inLanguage\":\"hu\",\"potentialAction\":[{\"@type\":\"ReadAction\",\"target\":[\"https:\/\/www.icscoolenergy.com\/hu\/szolgaltatas\/kezi-keres\/\"]}]},{\"@type\":\"ImageObject\",\"inLanguage\":\"hu\",\"@id\":\"https:\/\/www.icscoolenergy.com\/hu\/szolgaltatas\/kezi-keres\/#primaryimage\",\"url\":\"\",\"contentUrl\":\"\"},{\"@type\":\"BreadcrumbList\",\"@id\":\"https:\/\/www.icscoolenergy.com\/hu\/szolgaltatas\/kezi-keres\/#breadcrumb\",\"itemListElement\":[{\"@type\":\"ListItem\",\"position\":1,\"name\":\"Home\",\"item\":\"https:\/\/www.icscoolenergy.com\/hu\/\"},{\"@type\":\"ListItem\",\"position\":2,\"name\":\"Szolg\u00e1ltat\u00e1s\",\"item\":\"https:\/\/www.icscoolenergy.com\/hu\/szolgaltatas\/\"},{\"@type\":\"ListItem\",\"position\":3,\"name\":\"K\u00e9zi k\u00e9r\u00e9s\"}]},{\"@type\":\"WebSite\",\"@id\":\"https:\/\/www.icscoolenergy.com\/hu\/#website\",\"url\":\"https:\/\/www.icscoolenergy.com\/hu\/\",\"name\":\"ICS Cool Energy\",\"description\":\"The Process Temperature Control Specialists\",\"publisher\":{\"@id\":\"https:\/\/www.icscoolenergy.com\/hu\/#organization\"},\"alternateName\":\"ICS\",\"potentialAction\":[{\"@type\":\"SearchAction\",\"target\":{\"@type\":\"EntryPoint\",\"urlTemplate\":\"https:\/\/www.icscoolenergy.com\/hu\/?s={search_term_string}\"},\"query-input\":{\"@type\":\"PropertyValueSpecification\",\"valueRequired\":true,\"valueName\":\"search_term_string\"}}],\"inLanguage\":\"hu\"},{\"@type\":\"Organization\",\"@id\":\"https:\/\/www.icscoolenergy.com\/hu\/#organization\",\"name\":\"ICS Cool Energy\",\"url\":\"https:\/\/www.icscoolenergy.com\/hu\/\",\"logo\":{\"@type\":\"ImageObject\",\"inLanguage\":\"hu\",\"@id\":\"https:\/\/www.icscoolenergy.com\/hu\/#\/schema\/logo\/image\/\",\"url\":\"https:\/\/www.icscoolenergy.com\/wp-content\/uploads\/sites\/10\/2024\/01\/ics-cool-energy-logo.svg\",\"contentUrl\":\"https:\/\/www.icscoolenergy.com\/wp-content\/uploads\/sites\/10\/2024\/01\/ics-cool-energy-logo.svg\",\"caption\":\"ICS Cool Energy\"},\"image\":{\"@id\":\"https:\/\/www.icscoolenergy.com\/hu\/#\/schema\/logo\/image\/\"},\"sameAs\":[\"https:\/\/www.linkedin.com\/company\/ics-temperature-control\/\",\"https:\/\/www.youtube.com\/@ICSCoolEnergyLtd\"],\"description\":\"ICS Cool Energy is a market leader for process and critical temperature control solutions that keep all types and sizes of businesses and industry running. Our headquarters are situated in Southampton, with offices throughout the UK and Europe, employing over 250 people in the UK alone.\",\"email\":\"info@icscoolenergy.com\",\"telephone\":\"0800 840 4210\",\"legalName\":\"ICS Cool Energy Limited\",\"numberOfEmployees\":{\"@type\":\"QuantitativeValue\",\"minValue\":\"201\",\"maxValue\":\"500\"}}]}<\/script>\n<!-- \/ Yoast SEO Premium plugin. -->","yoast_head_json":{"title":"K\u00e9zi k\u00e9r\u00e9s | Hungary","robots":{"index":"index","follow":"follow","max-snippet":"max-snippet:-1","max-image-preview":"max-image-preview:large","max-video-preview":"max-video-preview:-1"},"canonical":"https:\/\/www.icscoolenergy.com\/hu\/szolgaltatas\/kezi-keres\/","og_locale":"hu_HU","og_type":"article","og_title":"K\u00e9zi k\u00e9r\u00e9s","og_description":"\u00c9rtes\u00edt\u00e9s k\u00e9r\u00e9se manu\u00e1lisan Meg\u00e9rtj\u00fck annak fontoss\u00e1g\u00e1t, hogy a megfelel\u0151 inform\u00e1ci\u00f3k k\u00e9zn\u00e9l legyenek a folyad\u00e9kh\u0171t\u0151 egys\u00e9gek optim\u00e1lis teljes\u00edtm\u00e9ny\u00e9nek \u00e9s karbantart\u00e1s\u00e1nak biztos\u00edt\u00e1s\u00e1hoz. Az egys\u00e9gek \u00fczemeltet\u00e9se \u00e9s karbantart\u00e1sa sor\u00e1n bek\u00f6vetkez\u0151 sz\u00e1mos balesetet azonban az alapvet\u0151 biztons\u00e1gi szab\u00e1lyok \u00e9s \u00f3vint\u00e9zked\u00e9sek be nem tart\u00e1sa okozza. K\u00e9zik\u00f6nyveink a felhaszn\u00e1l\u00f3knak, telep\u00edt\u0151knek \u00e9s szervizszem\u00e9lyzetnek sz\u00f3lnak, hogy biztos\u00edts\u00e1k az egys\u00e9g telep\u00edt\u00e9s\u00e9hez \u00e9s haszn\u00e1lat\u00e1hoz sz\u00fcks\u00e9ges ... Read more","og_url":"https:\/\/www.icscoolenergy.com\/hu\/szolgaltatas\/kezi-keres\/","og_site_name":"Hungary","article_modified_time":"2024-11-30T12:07:45+00:00","og_image":[{"url":"https:\/\/www.icscoolenergy.com\/hu\/wp-content\/\/uploads\/2024\/07\/Chiller-Manual.jpg","type":"","width":"","height":""}],"twitter_card":"summary_large_image","twitter_misc":{"Est. reading time":"2 perc"},"schema":{"@context":"https:\/\/schema.org","@graph":[{"@type":"WebPage","@id":"https:\/\/www.icscoolenergy.com\/hu\/szolgaltatas\/kezi-keres\/","url":"https:\/\/www.icscoolenergy.com\/hu\/szolgaltatas\/kezi-keres\/","name":"K\u00e9zi k\u00e9r\u00e9s | Hungary","isPartOf":{"@id":"https:\/\/www.icscoolenergy.com\/hu\/#website"},"primaryImageOfPage":{"@id":"https:\/\/www.icscoolenergy.com\/hu\/szolgaltatas\/kezi-keres\/#primaryimage"},"image":{"@id":"https:\/\/www.icscoolenergy.com\/hu\/szolgaltatas\/kezi-keres\/#primaryimage"},"thumbnailUrl":"https:\/\/www.icscoolenergy.com\/hu\/wp-content\/\/uploads\/2024\/07\/Chiller-Manual.jpg","datePublished":"2024-07-16T13:00:56+00:00","dateModified":"2024-11-30T12:07:45+00:00","breadcrumb":{"@id":"https:\/\/www.icscoolenergy.com\/hu\/szolgaltatas\/kezi-keres\/#breadcrumb"},"inLanguage":"hu","potentialAction":[{"@type":"ReadAction","target":["https:\/\/www.icscoolenergy.com\/hu\/szolgaltatas\/kezi-keres\/"]}]},{"@type":"ImageObject","inLanguage":"hu","@id":"https:\/\/www.icscoolenergy.com\/hu\/szolgaltatas\/kezi-keres\/#primaryimage","url":"","contentUrl":""},{"@type":"BreadcrumbList","@id":"https:\/\/www.icscoolenergy.com\/hu\/szolgaltatas\/kezi-keres\/#breadcrumb","itemListElement":[{"@type":"ListItem","position":1,"name":"Home","item":"https:\/\/www.icscoolenergy.com\/hu\/"},{"@type":"ListItem","position":2,"name":"Szolg\u00e1ltat\u00e1s","item":"https:\/\/www.icscoolenergy.com\/hu\/szolgaltatas\/"},{"@type":"ListItem","position":3,"name":"K\u00e9zi k\u00e9r\u00e9s"}]},{"@type":"WebSite","@id":"https:\/\/www.icscoolenergy.com\/hu\/#website","url":"https:\/\/www.icscoolenergy.com\/hu\/","name":"ICS Cool Energy","description":"The Process Temperature Control Specialists","publisher":{"@id":"https:\/\/www.icscoolenergy.com\/hu\/#organization"},"alternateName":"ICS","potentialAction":[{"@type":"SearchAction","target":{"@type":"EntryPoint","urlTemplate":"https:\/\/www.icscoolenergy.com\/hu\/?s={search_term_string}"},"query-input":{"@type":"PropertyValueSpecification","valueRequired":true,"valueName":"search_term_string"}}],"inLanguage":"hu"},{"@type":"Organization","@id":"https:\/\/www.icscoolenergy.com\/hu\/#organization","name":"ICS Cool Energy","url":"https:\/\/www.icscoolenergy.com\/hu\/","logo":{"@type":"ImageObject","inLanguage":"hu","@id":"https:\/\/www.icscoolenergy.com\/hu\/#\/schema\/logo\/image\/","url":"https:\/\/www.icscoolenergy.com\/wp-content\/uploads\/sites\/10\/2024\/01\/ics-cool-energy-logo.svg","contentUrl":"https:\/\/www.icscoolenergy.com\/wp-content\/uploads\/sites\/10\/2024\/01\/ics-cool-energy-logo.svg","caption":"ICS Cool Energy"},"image":{"@id":"https:\/\/www.icscoolenergy.com\/hu\/#\/schema\/logo\/image\/"},"sameAs":["https:\/\/www.linkedin.com\/company\/ics-temperature-control\/","https:\/\/www.youtube.com\/@ICSCoolEnergyLtd"],"description":"ICS Cool Energy is a market leader for process and critical temperature control solutions that keep all types and sizes of businesses and industry running. Our headquarters are situated in Southampton, with offices throughout the UK and Europe, employing over 250 people in the UK alone.","email":"info@icscoolenergy.com","telephone":"0800 840 4210","legalName":"ICS Cool Energy Limited","numberOfEmployees":{"@type":"QuantitativeValue","minValue":"201","maxValue":"500"}}]}},"_links":{"self":[{"href":"https:\/\/www.icscoolenergy.com\/hu\/wp-json\/wp\/v2\/pages\/86493","targetHints":{"allow":["GET"]}}],"collection":[{"href":"https:\/\/www.icscoolenergy.com\/hu\/wp-json\/wp\/v2\/pages"}],"about":[{"href":"https:\/\/www.icscoolenergy.com\/hu\/wp-json\/wp\/v2\/types\/page"}],"author":[{"embeddable":true,"href":"https:\/\/www.icscoolenergy.com\/hu\/wp-json\/wp\/v2\/users\/15"}],"replies":[{"embeddable":true,"href":"https:\/\/www.icscoolenergy.com\/hu\/wp-json\/wp\/v2\/comments?post=86493"}],"version-history":[{"count":0,"href":"https:\/\/www.icscoolenergy.com\/hu\/wp-json\/wp\/v2\/pages\/86493\/revisions"}],"up":[{"embeddable":true,"href":"https:\/\/www.icscoolenergy.com\/hu\/wp-json\/wp\/v2\/pages\/86355"}],"wp:attachment":[{"href":"https:\/\/www.icscoolenergy.com\/hu\/wp-json\/wp\/v2\/media?parent=86493"}],"curies":[{"name":"wp","href":"https:\/\/api.w.org\/{rel}","templated":true}]}}