 
{"id":86527,"date":"2024-04-09T11:39:36","date_gmt":"2024-04-09T11:39:36","guid":{"rendered":"https:\/\/www.icscoolenergy.com\/hu\/rolunk\/alapertekek\/"},"modified":"2024-11-30T12:08:23","modified_gmt":"2024-11-30T12:08:23","slug":"alapertekek","status":"publish","type":"page","link":"https:\/\/www.icscoolenergy.com\/hu\/rolunk\/alapertekek\/","title":{"rendered":"Alap\u00e9rt\u00e9kek"},"content":{"rendered":"\n<div class=\"mb-8 eplus-wrapper wp-block-group is-layout-flow wp-block-group-is-layout-flow\">\n<div class=\"md:relative eplus-wrapper wp-block-group is-layout-flow wp-block-group-is-layout-flow\">\n<div class=\"eplus-wrapper wp-block-cover is-light\" style=\"min-height:451px;aspect-ratio:unset;\"><span aria-hidden=\"true\" class=\"wp-block-cover__background has-background-dim-0 has-background-dim\"><\/span><img decoding=\"async\" width=\"2000\" height=\"530\" class=\"wp-block-cover__image-background wp-image-80328\" alt=\"\" src=\"https:\/\/www.icscoolenergy.com\/hu\/wp-content\/uploads\/sites\/10\/2024\/04\/Repairs-Hero-2000x530-1.jpg\" data-object-fit=\"cover\" srcset=\"https:\/\/www.icscoolenergy.com\/wp-content\/uploads\/sites\/10\/2024\/04\/Repairs-Hero-2000x530-1.jpg 2000w, https:\/\/www.icscoolenergy.com\/wp-content\/uploads\/sites\/10\/2024\/04\/Repairs-Hero-2000x530-1-300x80.jpg 300w, https:\/\/www.icscoolenergy.com\/wp-content\/uploads\/sites\/10\/2024\/04\/Repairs-Hero-2000x530-1-1024x271.jpg 1024w, https:\/\/www.icscoolenergy.com\/wp-content\/uploads\/sites\/10\/2024\/04\/Repairs-Hero-2000x530-1-768x204.jpg 768w, https:\/\/www.icscoolenergy.com\/wp-content\/uploads\/sites\/10\/2024\/04\/Repairs-Hero-2000x530-1-50x13.jpg 50w, https:\/\/www.icscoolenergy.com\/wp-content\/uploads\/sites\/10\/2024\/04\/Repairs-Hero-2000x530-1-1600x424.jpg 1600w, https:\/\/www.icscoolenergy.com\/wp-content\/uploads\/sites\/10\/2024\/04\/Repairs-Hero-2000x530-1-1536x407.jpg 1536w, https:\/\/www.icscoolenergy.com\/wp-content\/uploads\/sites\/10\/2024\/04\/Repairs-Hero-2000x530-1-600x159.jpg 600w\" sizes=\"(max-width: 2000px) 100vw, 2000px\" \/><div class=\"wp-block-cover__inner-container is-layout-flow wp-block-cover-is-layout-flow\">\n<p class=\" has-text-align-center has-large-font-size eplus-wrapper\"><\/p>\n<\/div><\/div>\n\n\n\n<div class=\"rounded-tr-md sm:w-full md:w-[80%] md:h-fit md:top-[80%] relative md:-mt-[10%] z-[1] md:left-0 eplus-wrapper wp-block-group has-background is-layout-constrained wp-block-group-is-layout-constrained\" style=\"background-color:#eaeaef\">\n<h1 class=\"eplus-wrapper pt-8 wp-block-heading has-text-color has-link-color wp-elements-b7c8c6d4414f25bf5d481fb64ca0a379\" style=\"color:#312f5f\">ALAP\u00c9RT\u00c9KEK<\/h1>\n\n\n\n<p class=\" eplus-wrapper\">Mi\u00e9rt csin\u00e1ljuk, amit csin\u00e1lunk?<\/p>\n<\/div>\n<\/div>\n\n\n\n<div style=\"height:60px\" aria-hidden=\"true\" class=\"xs:hidden md:block eplus-wrapper wp-block-spacer\"><\/div>\n<\/div>\n\n<div class=\"flex flex-row flex-wrap md:flex-nowrap sm:justify-center sm:items-center wp-block-group eplus-wrapper is-layout-constrained wp-block-group-is-layout-constrained\">\n<div class=\"w-full p-2 m-2 wp-block-group eplus-wrapper is-vertical is-layout-flex wp-container-core-group-is-layout-8cf370e7 wp-block-group-is-layout-flex\">\n<h2 class=\" wp-block-heading eplus-wrapper\">KOMOLYAN VESZI A FELEL\u0150SS\u00c9GET<br\/><\/h2>\n\n\n\n<p class=\"has-text-color has-link-color eplus-wrapper wp-elements-74d480ffe9be4e919326c4a91055a6fe\" style=\"color:#323130\">Komolyan vessz\u00fck \u00fczleti tev\u00e9kenys\u00e9g\u00fcnket, \u00e9s ez azt jelenti, hogy <strong>felel\u0151ss\u00e9gteljes \u00e9s etikus m\u00f3don viselked\u00fcnk<\/strong> , amely megv\u00e9di munkat\u00e1rsainkat, \u00fcgyfeleinket \u00e9s a vil\u00e1got, amelyben \u00e9l\u00fcnk \u00e9s dolgozunk.<\/p>\n\n\n\n<p class=\"has-text-color has-link-color eplus-wrapper wp-elements-ffa29ed1feee5612dd95eb4db3899b7f\" style=\"color:#323130\">Felel\u0151ss\u00e9g\u00fcnket <strong>minden szinten elsz\u00e1moltathat\u00f3s\u00e1g<\/strong> t\u00e1masztja al\u00e1 \u2013 a hullad\u00e9kkezel\u00e9st\u0151l kezdve annak biztos\u00edt\u00e1s\u00e1ig, hogy <strong>a legfenntarthat\u00f3bb \u00e9s leggazdas\u00e1gosabb megold\u00e1sokat ny\u00fajtsuk<\/strong> \u00fcgyfeleinknek.<\/p>\n\n\n\n<p class=\"has-text-color has-link-color eplus-wrapper wp-elements-4963e4538f096ecf80dd2866f635a04a\" style=\"color:#323130\">V\u00e1llalatk\u00e9nt meg\u00e9rtj\u00fck \u00e9s felismerj\u00fck, hogy nem csak term\u00e9keket \u00e9s szolg\u00e1ltat\u00e1sokat k\u00e9pvisel\u00fcnk, hanem szerepet j\u00e1tszunk az emberek, a k\u00f6z\u00f6ss\u00e9gek \u00e9s a k\u00f6r\u00fcl\u00f6tt\u00fcnk l\u00e9v\u0151 vil\u00e1g \u00e9let\u00e9ben.<\/p>\n\n\n\n<p class=\"has-text-color has-link-color eplus-wrapper wp-elements-8b168bcbb9af20487ea040c8c1542d18\" style=\"color:#323130\">Ez a szellemis\u00e9g jellemzi \u00fczleti tev\u00e9kenys\u00e9g\u00fcnket, \u00e9s minden tev\u00e9kenys\u00e9g\u00fcnk k\u00f6z\u00e9ppontj\u00e1ban az \u0151szinte \u00e9s etikus magatart\u00e1s \u00e1ll. Ez a r\u00f6vid \u00e9s folyamatos hossz\u00fa t\u00e1v\u00fa siker kulcsa minden \u00e9rdekelt f\u00e9l sz\u00e1m\u00e1ra. <\/p>\n\n\n\n<p class=\"has-text-color has-link-color eplus-wrapper wp-elements-8c533b0821701b853e040bee7ef2a7e3\" style=\"color:#323130\">Munkat\u00e1rsaink l\u00e9tfontoss\u00e1g\u00faak a sikerhez, \u00e9s itt jelent\u0151s \u00e9s <strong>pozit\u00edv befektet\u00e9seket hajtunk v\u00e9gre csapataink j\u00f3l\u00e9t\u00e9nek biztos\u00edt\u00e1sa<\/strong> \u00e9rdek\u00e9ben k\u00e9pz\u00e9sek, biztons\u00e1gos munkak\u00f6rnyezet \u00e9s biztons\u00e1gos munkarendszerek biztos\u00edt\u00e1s\u00e1val.<\/p>\n<\/div>\n<\/div>\n\n<div style=\"height:60px\" aria-hidden=\"true\" class=\" wp-block-spacer eplus-wrapper\"><\/div>\n\n<div class=\"mb-20 wp-block-group eplus-wrapper is-layout-flow wp-block-group-is-layout-flow\"><div class=\"items-center md:flex xs:grid wp-block-columns eplus-wrapper is-layout-flex wp-container-core-columns-is-layout-9d6595d7 wp-block-columns-is-layout-flex eplus-styles-uid-7efc7c\">\n<div class=\"xs:order-1 md:order-2 xs:w-full md:w-6\/12 xs:mb-12 md:mb-0 wp-block-column eplus-wrapper is-layout-flow wp-block-column-is-layout-flow\">\n<figure class=\" wp-block-image size-full eplus-wrapper\"><img decoding=\"async\" width=\"500\" height=\"500\" src=\"https:\/\/www.icscoolenergy.com\/hu\/wp-content\/uploads\/sites\/10\/2024\/04\/Emission-Critical.jpg\" alt=\"\" class=\"wp-image-80418\" srcset=\"https:\/\/www.icscoolenergy.com\/wp-content\/uploads\/sites\/10\/2024\/04\/Emission-Critical.jpg 500w, https:\/\/www.icscoolenergy.com\/wp-content\/uploads\/sites\/10\/2024\/04\/Emission-Critical-300x300.jpg 300w, https:\/\/www.icscoolenergy.com\/wp-content\/uploads\/sites\/10\/2024\/04\/Emission-Critical-150x150.jpg 150w, https:\/\/www.icscoolenergy.com\/wp-content\/uploads\/sites\/10\/2024\/04\/Emission-Critical-50x50.jpg 50w, https:\/\/www.icscoolenergy.com\/wp-content\/uploads\/sites\/10\/2024\/04\/Emission-Critical-100x100.jpg 100w\" sizes=\"(max-width: 500px) 100vw, 500px\" \/><\/figure>\n<\/div>\n\n\n\n<div class=\"xs:order-2 md:order-1 xs:w-full md:w-6\/12 wp-block-column eplus-wrapper is-layout-flow wp-block-column-is-layout-flow\">\n<h2 class=\" wp-block-heading eplus-wrapper\">E-K\u00dcLDET\u00c9S KRITIKUS<\/h2>\n\n\n\n<p class=\"has-text-color has-link-color eplus-wrapper wp-elements-cc6b53fd6856ba416c735bf98fba5dcc\" style=\"color:#323130\">Ambici\u00f3zus terveket fogalmaztunk meg a sz\u00e9n-dioxid-kibocs\u00e1t\u00e1s egymilli\u00e1rd tonn\u00e1val t\u00f6rt\u00e9n\u0151 cs\u00f6kkent\u00e9s\u00e9re 2030-ig, anyav\u00e1llalatunkkal egy\u00fcttm\u0171k\u00f6dve. Ez \u00f6sszef\u00fcgg term\u00e9keink haszn\u00e1lat\u00e1val \u00fcgyfeleink m\u0171k\u00f6d\u00e9si l\u00e1bnyom\u00e1b\u00f3l, \u00e9s egyenl\u0151 lenne Olaszorsz\u00e1g, Franciaorsz\u00e1g \u00e9s az Egyes\u00fclt Kir\u00e1lys\u00e1g \u00e9ves CO2-kibocs\u00e1t\u00e1s\u00e1val egy\u00fcttv\u00e9ve! <\/p>\n\n\n\n<p class=\"has-text-color has-link-color eplus-wrapper wp-elements-27ca1b1b6b19e32b460e7c83778a8795\" style=\"color:#323130\">Ezt a k\u00f6vetkez\u0151k r\u00e9v\u00e9n fogjuk el\u00e9rni:<\/p>\n\n\n<ul class=\"eplus-wrapper wp-block-list eplus-styles-uid-3990a8\"><li class=\" eplus-wrapper eplus-styles-uid-d57e6b\">\u00daj gener\u00e1ci\u00f3s h\u0171t\u0151k\u00f6zegek<\/li>\n\n<li class=\" eplus-wrapper eplus-styles-uid-d57e6b\">Technol\u00f3giai fejleszt\u00e9sek<\/li>\n\n<li class=\" eplus-wrapper eplus-styles-uid-d57e6b\">Fel\u00fcgyelet \u00e9s karbantart\u00e1s<\/li>\n\n<li class=\" eplus-wrapper eplus-styles-uid-d57e6b\">Folyamatosan megjelen\u0151 \u00faj kezdem\u00e9nyez\u00e9sek<\/li><\/ul>\n\n\n<div style=\"height:16px\" aria-hidden=\"true\" class=\" wp-block-spacer eplus-wrapper\"><\/div>\n\n\n\n<div class=\"wp-block-buttons eplus-wrapper is-content-justification-left is-layout-flex wp-container-core-buttons-is-layout-fdcfc74e wp-block-buttons-is-layout-flex\"><div class=\" wp-block-button eplus-wrapper eplus-styles-uid-96c645\"><a class=\"wp-block-button__link has-white-color has-text-color has-background has-link-color wp-element-button\" href=\"\/solutions\/emisson-critical\/\" style=\"border-radius:100px;background-color:#0698e7\">Olvass tov\u00e1bb<\/a><\/div><\/div>\n<\/div>\n<\/div><\/div>\n\n<div style=\"height:120px\" aria-hidden=\"true\" class=\" wp-block-spacer eplus-wrapper\"><\/div>\n","protected":false},"excerpt":{"rendered":"<p>ALAP\u00c9RT\u00c9KEK Mi\u00e9rt csin\u00e1ljuk, amit csin\u00e1lunk? KOMOLYAN VESZI A FELEL\u0150SS\u00c9GET Komolyan vessz\u00fck \u00fczleti tev\u00e9kenys\u00e9g\u00fcnket, \u00e9s ez azt jelenti, hogy felel\u0151ss\u00e9gteljes \u00e9s etikus m\u00f3don viselked\u00fcnk , amely megv\u00e9di munkat\u00e1rsainkat, \u00fcgyfeleinket \u00e9s a vil\u00e1got, amelyben \u00e9l\u00fcnk \u00e9s dolgozunk. Felel\u0151ss\u00e9g\u00fcnket minden szinten elsz\u00e1moltathat\u00f3s\u00e1g t\u00e1masztja al\u00e1 \u2013 a hullad\u00e9kkezel\u00e9st\u0151l kezdve annak biztos\u00edt\u00e1s\u00e1ig, hogy a legfenntarthat\u00f3bb \u00e9s leggazdas\u00e1gosabb megold\u00e1sokat ny\u00fajtsuk \u00fcgyfeleinknek. &#8230; <a title=\"Alap\u00e9rt\u00e9kek\" class=\"read-more\" href=\"https:\/\/www.icscoolenergy.com\/hu\/rolunk\/alapertekek\/\" aria-label=\"More on Alap\u00e9rt\u00e9kek\">Read more<\/a><\/p>\n","protected":false},"author":1,"featured_media":0,"parent":86313,"menu_order":0,"comment_status":"closed","ping_status":"closed","template":"template-1.php","meta":{"_acf_changed":false,"inline_featured_image":false,"_editorskit_title_hidden":false,"_editorskit_reading_time":0,"_editorskit_is_block_options_detached":false,"_editorskit_block_options_position":"{}","editor_plus_copied_stylings":"{}","footnotes":""},"class_list":["post-86527","page","type-page","status-publish"],"acf":[],"yoast_head":"<!-- This site is optimized with the Yoast SEO Premium plugin v24.5 (Yoast SEO v26.9) - https:\/\/yoast.com\/product\/yoast-seo-premium-wordpress\/ -->\n<title>Alap\u00e9rt\u00e9kek | Hungary<\/title>\n<meta name=\"robots\" content=\"index, follow, max-snippet:-1, max-image-preview:large, max-video-preview:-1\" \/>\n<link rel=\"canonical\" href=\"https:\/\/www.icscoolenergy.com\/hu\/rolunk\/alapertekek\/\" \/>\n<meta property=\"og:locale\" content=\"hu_HU\" \/>\n<meta property=\"og:type\" content=\"article\" \/>\n<meta property=\"og:title\" content=\"Alap\u00e9rt\u00e9kek\" \/>\n<meta property=\"og:description\" content=\"ALAP\u00c9RT\u00c9KEK Mi\u00e9rt csin\u00e1ljuk, amit csin\u00e1lunk? KOMOLYAN VESZI A FELEL\u0150SS\u00c9GET Komolyan vessz\u00fck \u00fczleti tev\u00e9kenys\u00e9g\u00fcnket, \u00e9s ez azt jelenti, hogy felel\u0151ss\u00e9gteljes \u00e9s etikus m\u00f3don viselked\u00fcnk , amely megv\u00e9di munkat\u00e1rsainkat, \u00fcgyfeleinket \u00e9s a vil\u00e1got, amelyben \u00e9l\u00fcnk \u00e9s dolgozunk. Felel\u0151ss\u00e9g\u00fcnket minden szinten elsz\u00e1moltathat\u00f3s\u00e1g t\u00e1masztja al\u00e1 \u2013 a hullad\u00e9kkezel\u00e9st\u0151l kezdve annak biztos\u00edt\u00e1s\u00e1ig, hogy a legfenntarthat\u00f3bb \u00e9s leggazdas\u00e1gosabb megold\u00e1sokat ny\u00fajtsuk \u00fcgyfeleinknek. ... Read more\" \/>\n<meta property=\"og:url\" content=\"https:\/\/www.icscoolenergy.com\/hu\/rolunk\/alapertekek\/\" \/>\n<meta property=\"og:site_name\" content=\"Hungary\" \/>\n<meta property=\"article:modified_time\" content=\"2024-11-30T12:08:23+00:00\" \/>\n<meta property=\"og:image\" content=\"https:\/\/www.icscoolenergy.com\/hu\/wp-content\/uploads\/sites\/10\/2024\/04\/Repairs-Hero-2000x530-1.jpg\" \/>\n<meta name=\"twitter:card\" content=\"summary_large_image\" \/>\n<meta name=\"twitter:label1\" content=\"Est. reading time\" \/>\n\t<meta name=\"twitter:data1\" content=\"2 perc\" \/>\n<script type=\"application\/ld+json\" class=\"yoast-schema-graph\">{\"@context\":\"https:\/\/schema.org\",\"@graph\":[{\"@type\":\"WebPage\",\"@id\":\"https:\/\/www.icscoolenergy.com\/hu\/rolunk\/alapertekek\/\",\"url\":\"https:\/\/www.icscoolenergy.com\/hu\/rolunk\/alapertekek\/\",\"name\":\"Alap\u00e9rt\u00e9kek | Hungary\",\"isPartOf\":{\"@id\":\"https:\/\/www.icscoolenergy.com\/hu\/#website\"},\"primaryImageOfPage\":{\"@id\":\"https:\/\/www.icscoolenergy.com\/hu\/rolunk\/alapertekek\/#primaryimage\"},\"image\":{\"@id\":\"https:\/\/www.icscoolenergy.com\/hu\/rolunk\/alapertekek\/#primaryimage\"},\"thumbnailUrl\":\"https:\/\/www.icscoolenergy.com\/hu\/wp-content\/uploads\/sites\/10\/2024\/04\/Repairs-Hero-2000x530-1.jpg\",\"datePublished\":\"2024-04-09T11:39:36+00:00\",\"dateModified\":\"2024-11-30T12:08:23+00:00\",\"breadcrumb\":{\"@id\":\"https:\/\/www.icscoolenergy.com\/hu\/rolunk\/alapertekek\/#breadcrumb\"},\"inLanguage\":\"hu\",\"potentialAction\":[{\"@type\":\"ReadAction\",\"target\":[\"https:\/\/www.icscoolenergy.com\/hu\/rolunk\/alapertekek\/\"]}]},{\"@type\":\"ImageObject\",\"inLanguage\":\"hu\",\"@id\":\"https:\/\/www.icscoolenergy.com\/hu\/rolunk\/alapertekek\/#primaryimage\",\"url\":\"https:\/\/www.icscoolenergy.com\/wp-content\/uploads\/sites\/10\/2024\/04\/Repairs-Hero-2000x530-1.jpg\",\"contentUrl\":\"https:\/\/www.icscoolenergy.com\/wp-content\/uploads\/sites\/10\/2024\/04\/Repairs-Hero-2000x530-1.jpg\",\"width\":2000,\"height\":530},{\"@type\":\"BreadcrumbList\",\"@id\":\"https:\/\/www.icscoolenergy.com\/hu\/rolunk\/alapertekek\/#breadcrumb\",\"itemListElement\":[{\"@type\":\"ListItem\",\"position\":1,\"name\":\"Home\",\"item\":\"https:\/\/www.icscoolenergy.com\/hu\/\"},{\"@type\":\"ListItem\",\"position\":2,\"name\":\"R\u00f3lunk\",\"item\":\"https:\/\/www.icscoolenergy.com\/hu\/rolunk\/\"},{\"@type\":\"ListItem\",\"position\":3,\"name\":\"Alap\u00e9rt\u00e9kek\"}]},{\"@type\":\"WebSite\",\"@id\":\"https:\/\/www.icscoolenergy.com\/hu\/#website\",\"url\":\"https:\/\/www.icscoolenergy.com\/hu\/\",\"name\":\"ICS Cool Energy\",\"description\":\"The Process Temperature Control Specialists\",\"publisher\":{\"@id\":\"https:\/\/www.icscoolenergy.com\/hu\/#organization\"},\"alternateName\":\"ICS\",\"potentialAction\":[{\"@type\":\"SearchAction\",\"target\":{\"@type\":\"EntryPoint\",\"urlTemplate\":\"https:\/\/www.icscoolenergy.com\/hu\/?s={search_term_string}\"},\"query-input\":{\"@type\":\"PropertyValueSpecification\",\"valueRequired\":true,\"valueName\":\"search_term_string\"}}],\"inLanguage\":\"hu\"},{\"@type\":\"Organization\",\"@id\":\"https:\/\/www.icscoolenergy.com\/hu\/#organization\",\"name\":\"ICS Cool Energy\",\"url\":\"https:\/\/www.icscoolenergy.com\/hu\/\",\"logo\":{\"@type\":\"ImageObject\",\"inLanguage\":\"hu\",\"@id\":\"https:\/\/www.icscoolenergy.com\/hu\/#\/schema\/logo\/image\/\",\"url\":\"https:\/\/www.icscoolenergy.com\/wp-content\/uploads\/sites\/10\/2024\/01\/ics-cool-energy-logo.svg\",\"contentUrl\":\"https:\/\/www.icscoolenergy.com\/wp-content\/uploads\/sites\/10\/2024\/01\/ics-cool-energy-logo.svg\",\"caption\":\"ICS Cool Energy\"},\"image\":{\"@id\":\"https:\/\/www.icscoolenergy.com\/hu\/#\/schema\/logo\/image\/\"},\"sameAs\":[\"https:\/\/www.linkedin.com\/company\/ics-temperature-control\/\",\"https:\/\/www.youtube.com\/@ICSCoolEnergyLtd\"],\"description\":\"ICS Cool Energy is a market leader for process and critical temperature control solutions that keep all types and sizes of businesses and industry running. Our headquarters are situated in Southampton, with offices throughout the UK and Europe, employing over 250 people in the UK alone.\",\"email\":\"info@icscoolenergy.com\",\"telephone\":\"0800 840 4210\",\"legalName\":\"ICS Cool Energy Limited\",\"numberOfEmployees\":{\"@type\":\"QuantitativeValue\",\"minValue\":\"201\",\"maxValue\":\"500\"}}]}<\/script>\n<!-- \/ Yoast SEO Premium plugin. -->","yoast_head_json":{"title":"Alap\u00e9rt\u00e9kek | Hungary","robots":{"index":"index","follow":"follow","max-snippet":"max-snippet:-1","max-image-preview":"max-image-preview:large","max-video-preview":"max-video-preview:-1"},"canonical":"https:\/\/www.icscoolenergy.com\/hu\/rolunk\/alapertekek\/","og_locale":"hu_HU","og_type":"article","og_title":"Alap\u00e9rt\u00e9kek","og_description":"ALAP\u00c9RT\u00c9KEK Mi\u00e9rt csin\u00e1ljuk, amit csin\u00e1lunk? KOMOLYAN VESZI A FELEL\u0150SS\u00c9GET Komolyan vessz\u00fck \u00fczleti tev\u00e9kenys\u00e9g\u00fcnket, \u00e9s ez azt jelenti, hogy felel\u0151ss\u00e9gteljes \u00e9s etikus m\u00f3don viselked\u00fcnk , amely megv\u00e9di munkat\u00e1rsainkat, \u00fcgyfeleinket \u00e9s a vil\u00e1got, amelyben \u00e9l\u00fcnk \u00e9s dolgozunk. Felel\u0151ss\u00e9g\u00fcnket minden szinten elsz\u00e1moltathat\u00f3s\u00e1g t\u00e1masztja al\u00e1 \u2013 a hullad\u00e9kkezel\u00e9st\u0151l kezdve annak biztos\u00edt\u00e1s\u00e1ig, hogy a legfenntarthat\u00f3bb \u00e9s leggazdas\u00e1gosabb megold\u00e1sokat ny\u00fajtsuk \u00fcgyfeleinknek. ... Read more","og_url":"https:\/\/www.icscoolenergy.com\/hu\/rolunk\/alapertekek\/","og_site_name":"Hungary","article_modified_time":"2024-11-30T12:08:23+00:00","og_image":[{"url":"https:\/\/www.icscoolenergy.com\/hu\/wp-content\/uploads\/sites\/10\/2024\/04\/Repairs-Hero-2000x530-1.jpg","type":"","width":"","height":""}],"twitter_card":"summary_large_image","twitter_misc":{"Est. reading time":"2 perc"},"schema":{"@context":"https:\/\/schema.org","@graph":[{"@type":"WebPage","@id":"https:\/\/www.icscoolenergy.com\/hu\/rolunk\/alapertekek\/","url":"https:\/\/www.icscoolenergy.com\/hu\/rolunk\/alapertekek\/","name":"Alap\u00e9rt\u00e9kek | Hungary","isPartOf":{"@id":"https:\/\/www.icscoolenergy.com\/hu\/#website"},"primaryImageOfPage":{"@id":"https:\/\/www.icscoolenergy.com\/hu\/rolunk\/alapertekek\/#primaryimage"},"image":{"@id":"https:\/\/www.icscoolenergy.com\/hu\/rolunk\/alapertekek\/#primaryimage"},"thumbnailUrl":"https:\/\/www.icscoolenergy.com\/hu\/wp-content\/uploads\/sites\/10\/2024\/04\/Repairs-Hero-2000x530-1.jpg","datePublished":"2024-04-09T11:39:36+00:00","dateModified":"2024-11-30T12:08:23+00:00","breadcrumb":{"@id":"https:\/\/www.icscoolenergy.com\/hu\/rolunk\/alapertekek\/#breadcrumb"},"inLanguage":"hu","potentialAction":[{"@type":"ReadAction","target":["https:\/\/www.icscoolenergy.com\/hu\/rolunk\/alapertekek\/"]}]},{"@type":"ImageObject","inLanguage":"hu","@id":"https:\/\/www.icscoolenergy.com\/hu\/rolunk\/alapertekek\/#primaryimage","url":"https:\/\/www.icscoolenergy.com\/wp-content\/uploads\/sites\/10\/2024\/04\/Repairs-Hero-2000x530-1.jpg","contentUrl":"https:\/\/www.icscoolenergy.com\/wp-content\/uploads\/sites\/10\/2024\/04\/Repairs-Hero-2000x530-1.jpg","width":2000,"height":530},{"@type":"BreadcrumbList","@id":"https:\/\/www.icscoolenergy.com\/hu\/rolunk\/alapertekek\/#breadcrumb","itemListElement":[{"@type":"ListItem","position":1,"name":"Home","item":"https:\/\/www.icscoolenergy.com\/hu\/"},{"@type":"ListItem","position":2,"name":"R\u00f3lunk","item":"https:\/\/www.icscoolenergy.com\/hu\/rolunk\/"},{"@type":"ListItem","position":3,"name":"Alap\u00e9rt\u00e9kek"}]},{"@type":"WebSite","@id":"https:\/\/www.icscoolenergy.com\/hu\/#website","url":"https:\/\/www.icscoolenergy.com\/hu\/","name":"ICS Cool Energy","description":"The Process Temperature Control Specialists","publisher":{"@id":"https:\/\/www.icscoolenergy.com\/hu\/#organization"},"alternateName":"ICS","potentialAction":[{"@type":"SearchAction","target":{"@type":"EntryPoint","urlTemplate":"https:\/\/www.icscoolenergy.com\/hu\/?s={search_term_string}"},"query-input":{"@type":"PropertyValueSpecification","valueRequired":true,"valueName":"search_term_string"}}],"inLanguage":"hu"},{"@type":"Organization","@id":"https:\/\/www.icscoolenergy.com\/hu\/#organization","name":"ICS Cool Energy","url":"https:\/\/www.icscoolenergy.com\/hu\/","logo":{"@type":"ImageObject","inLanguage":"hu","@id":"https:\/\/www.icscoolenergy.com\/hu\/#\/schema\/logo\/image\/","url":"https:\/\/www.icscoolenergy.com\/wp-content\/uploads\/sites\/10\/2024\/01\/ics-cool-energy-logo.svg","contentUrl":"https:\/\/www.icscoolenergy.com\/wp-content\/uploads\/sites\/10\/2024\/01\/ics-cool-energy-logo.svg","caption":"ICS Cool Energy"},"image":{"@id":"https:\/\/www.icscoolenergy.com\/hu\/#\/schema\/logo\/image\/"},"sameAs":["https:\/\/www.linkedin.com\/company\/ics-temperature-control\/","https:\/\/www.youtube.com\/@ICSCoolEnergyLtd"],"description":"ICS Cool Energy is a market leader for process and critical temperature control solutions that keep all types and sizes of businesses and industry running. Our headquarters are situated in Southampton, with offices throughout the UK and Europe, employing over 250 people in the UK alone.","email":"info@icscoolenergy.com","telephone":"0800 840 4210","legalName":"ICS Cool Energy Limited","numberOfEmployees":{"@type":"QuantitativeValue","minValue":"201","maxValue":"500"}}]}},"_links":{"self":[{"href":"https:\/\/www.icscoolenergy.com\/hu\/wp-json\/wp\/v2\/pages\/86527","targetHints":{"allow":["GET"]}}],"collection":[{"href":"https:\/\/www.icscoolenergy.com\/hu\/wp-json\/wp\/v2\/pages"}],"about":[{"href":"https:\/\/www.icscoolenergy.com\/hu\/wp-json\/wp\/v2\/types\/page"}],"author":[{"embeddable":true,"href":"https:\/\/www.icscoolenergy.com\/hu\/wp-json\/wp\/v2\/users\/1"}],"replies":[{"embeddable":true,"href":"https:\/\/www.icscoolenergy.com\/hu\/wp-json\/wp\/v2\/comments?post=86527"}],"version-history":[{"count":0,"href":"https:\/\/www.icscoolenergy.com\/hu\/wp-json\/wp\/v2\/pages\/86527\/revisions"}],"up":[{"embeddable":true,"href":"https:\/\/www.icscoolenergy.com\/hu\/wp-json\/wp\/v2\/pages\/86313"}],"wp:attachment":[{"href":"https:\/\/www.icscoolenergy.com\/hu\/wp-json\/wp\/v2\/media?parent=86527"}],"curies":[{"name":"wp","href":"https:\/\/api.w.org\/{rel}","templated":true}]}}