 
{"id":86530,"date":"2024-04-12T15:00:05","date_gmt":"2024-04-12T15:00:05","guid":{"rendered":"https:\/\/www.icscoolenergy.com\/hu\/rolunk\/karrier\/"},"modified":"2024-11-30T12:08:30","modified_gmt":"2024-11-30T12:08:30","slug":"karrier","status":"publish","type":"page","link":"https:\/\/www.icscoolenergy.com\/hu\/rolunk\/karrier\/","title":{"rendered":"Karrier"},"content":{"rendered":"\n<div class=\"mb-8 eplus-wrapper wp-block-group is-layout-flow wp-block-group-is-layout-flow\">\n<div class=\"md:relative eplus-wrapper wp-block-group is-layout-flow wp-block-group-is-layout-flow\">\n<div class=\"eplus-wrapper min-h-[150px] mb:min-h-[200px] sm:min-h-[250px] md:min-h-[430px] wp-block-cover\" style=\"min-height:430px;aspect-ratio:unset;\"><span aria-hidden=\"true\" class=\"wp-block-cover__background has-background-dim-0 has-background-dim\" style=\"background-color:#908e8b\"><\/span><img decoding=\"async\" width=\"2028\" height=\"938\" class=\"wp-block-cover__image-background wp-image-81247\" alt=\"\" src=\"https:\/\/www.icscoolenergy.com\/hu\/wp-content\/\/uploads\/2024\/04\/Warehouse-Team-1-1.jpg\" data-object-fit=\"cover\" srcset=\"https:\/\/www.icscoolenergy.com\/wp-content\/uploads\/sites\/10\/2024\/04\/Warehouse-Team-1-1.jpg 2028w, https:\/\/www.icscoolenergy.com\/wp-content\/uploads\/sites\/10\/2024\/04\/Warehouse-Team-1-1-300x139.jpg 300w, https:\/\/www.icscoolenergy.com\/wp-content\/uploads\/sites\/10\/2024\/04\/Warehouse-Team-1-1-1024x474.jpg 1024w, https:\/\/www.icscoolenergy.com\/wp-content\/uploads\/sites\/10\/2024\/04\/Warehouse-Team-1-1-768x355.jpg 768w, https:\/\/www.icscoolenergy.com\/wp-content\/uploads\/sites\/10\/2024\/04\/Warehouse-Team-1-1-50x23.jpg 50w, https:\/\/www.icscoolenergy.com\/wp-content\/uploads\/sites\/10\/2024\/04\/Warehouse-Team-1-1-1600x740.jpg 1600w, https:\/\/www.icscoolenergy.com\/wp-content\/uploads\/sites\/10\/2024\/04\/Warehouse-Team-1-1-1536x710.jpg 1536w, https:\/\/www.icscoolenergy.com\/wp-content\/uploads\/sites\/10\/2024\/04\/Warehouse-Team-1-1-600x278.jpg 600w\" sizes=\"(max-width: 2028px) 100vw, 2028px\" \/><div class=\"wp-block-cover__inner-container is-layout-flow wp-block-cover-is-layout-flow\">\n<p class=\" has-text-align-center has-large-font-size eplus-wrapper\"><\/p>\n<\/div><\/div>\n\n\n\n<div class=\"rounded-tr-md sm:w-full md:w-[80%] md:h-fit md:top-[80%] relative md:-mt-[10%] z-[1] md:left-0 eplus-wrapper wp-block-group has-background is-layout-constrained wp-block-group-is-layout-constrained\" style=\"background-color:#eaeaef\">\n<h1 class=\"eplus-wrapper pt-8 wp-block-heading has-text-color has-link-color wp-elements-24a136eccab5a3c3fca2da2e56e341fa\" id=\"h-careers-at-ics-cool-energy\" style=\"color:#312f5f\">KARRIER AZ ICS-N\u00c9L COOL ENERGY<\/h1>\n\n\n\n<p class=\" eplus-wrapper\">Piacvezet\u0151k vagyunk a folyamat- \u00e9s kritikus h\u0151m\u00e9rs\u00e9klet-szab\u00e1lyoz\u00e1si megold\u00e1sok ter\u00e9n, amelyek minden t\u00edpus\u00fa \u00e9s m\u00e9ret\u0171 v\u00e1llalkoz\u00e1st \u00e9s ipar\u00e1gat m\u0171k\u00f6d\u00e9sben tartanak.<\/p>\n\n\n\n<p class=\"has-text-color has-link-color eplus-wrapper wp-elements-2c9bbd2eaa38f6cd0d4e7c9e38a1ea67\" style=\"color:#323130\">K\u00f6zpontunk Southamptonban tal\u00e1lhat\u00f3, irod\u00e1ink az Egyes\u00fclt Kir\u00e1lys\u00e1gban \u00e9s Eur\u00f3p\u00e1ban vannak, \u00e9s t\u00f6bb mint 250 embert foglalkoztatnak.<\/p>\n\n\n\n<p class=\"has-text-color has-link-color eplus-wrapper wp-elements-89ff80a96264e743234a63765b76eab8\" style=\"color:#323130\">\u00dczleti tev\u00e9kenys\u00e9g\u00fcnk minden ter\u00fclet\u00e9t ambici\u00f3zus n\u00f6veked\u00e9si terveink megval\u00f3s\u00edt\u00e1s\u00e1ra t\u00f6reksz\u00fcnk. A n\u00f6veked\u00e9s el\u00e9r\u00e9se az\u00e1ltal, hogy seg\u00edt\u00fcnk \u00fcgyfeleinknek energi\u00e1t megtakar\u00edtani \u00e9s cs\u00f6kkenteni a k\u00f6lts\u00e9geket, lehet\u0151v\u00e9 teszi sz\u00e1munkra a kritikus fenntarthat\u00f3s\u00e1gi k\u00e9rd\u00e9sek megold\u00e1s\u00e1t is. <\/p>\n\n\n\n<p class=\"has-text-color has-link-color eplus-wrapper wp-elements-329397ac621e7a034cfd9b2f278b9277\" style=\"color:#323130\">Hisz\u00fcnk abban, hogy megv\u00e1ltoztathatjuk a vil\u00e1got, ha seg\u00edt\u00fcnk a f\u0171t\u00e9si \u00e9s h\u0171t\u00e9si ipar sz\u00e9n-dioxid-mentes\u00edt\u00e9s\u00e9ben. Anyav\u00e1llalatunkkal, a Trane Technologies-szal egy\u00fcttm\u0171k\u00f6dve arra t\u00f6reksz\u00fcnk, hogy 2030-ra egymilli\u00e1rd tonn\u00e1val cs\u00f6kkents\u00fck a sz\u00e9n-dioxid-kibocs\u00e1t\u00e1st. <\/p>\n\n\n\n<p class=\"has-text-color has-link-color eplus-wrapper wp-elements-21108850d871258d03c21edb8f5eeb43\" style=\"color:#323130\">Ami mindezt lehet\u0151v\u00e9 teszi, az egy szenved\u00e9lyes \u00e9s elk\u00f6telezett emberekb\u0151l \u00e1ll\u00f3 csapat.<\/p>\n\n\n\n<p class=\"has-text-color has-link-color eplus-wrapper wp-elements-fc068f4934efc697187adc8a04af9489\" style=\"color:#323130\">Ha val\u00f3di hat\u00e1st szeretne el\u00e9rni, amely nemcsak az \u00fczletnek, hanem a bolyg\u00f3nak is j\u00f3, akkor j\u00f3 helyen j\u00e1r.<\/p>\n<\/div>\n<\/div>\n\n\n\n<div style=\"height:100px\" aria-hidden=\"true\" class=\"xs:hidden md:block eplus-wrapper wp-block-spacer\"><\/div>\n<\/div>\n\n<div class=\"flex flex-row flex-wrap md:flex-nowrap sm:justify-center sm:items-center  wp-block-group eplus-wrapper is-layout-constrained wp-block-group-is-layout-constrained\">\n<div class=\"w-full p-2 m-2 wp-block-group eplus-wrapper is-vertical is-layout-flex wp-container-core-group-is-layout-8cf370e7 wp-block-group-is-layout-flex\">\n<h3 class=\" wp-block-heading eplus-wrapper\" id=\"h-current-vacancies\">AKTU\u00c1LIS \u00c1LL\u00c1SAJ\u00c1NLATOK<\/h3>\n\n\n\n<div style=\"height:8px\" aria-hidden=\"true\" class=\"wp-block-spacer eplus-wrapper wp-container-content-7d115344\"><\/div>\n\n\n\n<p class=\" eplus-wrapper\">A Trane Technologies, egy glob\u00e1lis kl\u00edma\u00faj\u00edt\u00f3 r\u00e9sze vagyunk, \u00e9s \u00e1ll\u00e1sainkat a <a href=\"https:\/\/www.tranetechnologies.com\/en\/index\/careers.html\" class=\"ek-link\">Trane Technologies karrierweboldal\u00e1n<\/a> t\u00e1roljuk. Felh\u00edvjuk figyelm\u00e9t, hogy c\u00e9g\u00fcnk politik\u00e1ja a k\u00f6zvetlen toborz\u00e1s, \u00e9s sajnos \u00fcgyn\u00f6ks\u00e9geken kereszt\u00fcl nem fogadhatunk el jelentkez\u00e9seket. <\/p>\n\n\n\n<div style=\"height:16px\" aria-hidden=\"true\" class=\"wp-block-spacer eplus-wrapper wp-container-content-f9bd05ee\"><\/div>\n\n\n\n<div class=\"wp-block-buttons eplus-wrapper is-layout-flex wp-block-buttons-is-layout-flex\"><div class=\"is-style-fill wp-block-button eplus-wrapper eplus-styles-uid-b4446d\"><a class=\"wp-block-button__link has-background wp-element-button\" href=\"https:\/\/www.tranetechnologies.com\/en\/index\/careers.html\" style=\"background-color:#0698e7\">\u00c1ll\u00e1slehet\u0151s\u00e9gek keres\u00e9se a Trane Technologies-n\u00e1l<\/a><\/div><\/div>\n<\/div>\n<\/div>\n\n<div style=\"height:120px\" aria-hidden=\"true\" class=\" wp-block-spacer eplus-wrapper\"><\/div>\n\n<div class=\"wp-block-group eplus-wrapper is-layout-flow wp-block-group-is-layout-flow\"><div class=\"items-center md:flex xs:grid wp-block-columns eplus-wrapper is-layout-flex wp-container-core-columns-is-layout-9d6595d7 wp-block-columns-is-layout-flex eplus-styles-uid-572b1d\">\n<div class=\"xs:order-2 md:order-2 xs:w-full md:w-6\/12 xs:mb-12 md:mb-0 wp-block-column eplus-wrapper is-layout-flow wp-block-column-is-layout-flow\">\n<figure class=\" wp-block-image size-full is-resized eplus-wrapper\"><img decoding=\"async\" width=\"500\" height=\"349\" src=\"https:\/\/www.icscoolenergy.com\/hu\/wp-content\/uploads\/sites\/10\/2024\/04\/Our-benefits-1.jpg\" alt=\"\" class=\"wp-image-81228\" style=\"width:720px\" srcset=\"https:\/\/www.icscoolenergy.com\/wp-content\/uploads\/sites\/10\/2024\/04\/Our-benefits-1.jpg 500w, https:\/\/www.icscoolenergy.com\/wp-content\/uploads\/sites\/10\/2024\/04\/Our-benefits-1-300x209.jpg 300w, https:\/\/www.icscoolenergy.com\/wp-content\/uploads\/sites\/10\/2024\/04\/Our-benefits-1-50x35.jpg 50w\" sizes=\"(max-width: 500px) 100vw, 500px\" \/><\/figure>\n<\/div>\n\n\n\n<div class=\"xs:order-1 md:order-1 xs:w-full md:w-6\/12 wp-block-column eplus-wrapper is-layout-flow wp-block-column-is-layout-flow\">\n<h3 class=\" wp-block-heading eplus-wrapper\" id=\"h-our-promise\">\u00cdG\u00c9RET\u00dcNK<\/h3>\n\n\n\n<p class=\" eplus-wrapper\">Elk\u00f6telezettek vagyunk amellett, hogy egy csod\u00e1latos munkahelyet \u00e9p\u00edts\u00fcnk, ahol az embereket elismerik \u00e9s jutalmazz\u00e1k. Legal\u00e1bb sz\u00e1m\u00edthat; <\/p>\n\n\n<ul class=\"eplus-wrapper wp-block-list eplus-styles-uid-a301cc\">\n<li class=\" eplus-wrapper\">Versenyk\u00e9pes fizet\u00e9s<\/li>\n\n\n\n<li class=\" eplus-wrapper\">A v\u00e1llalat teljes\u00edtm\u00e9ny\u00e9n alapul\u00f3 b\u00f3nusz<\/li>\n\n\n\n<li class=\" eplus-wrapper\">\u00c9vente 25 nap fizetett szabads\u00e1g (kiv\u00e9ve a munkasz\u00fcneti napokat), plusz tov\u00e1bbi 5 nap v\u00e1s\u00e1rl\u00e1s\u00e1nak lehet\u0151s\u00e9ge<\/li>\n\n\n\n<li class=\" eplus-wrapper\">\u00c9vente 1 nap \u00f6nk\u00e9ntes munka<\/li>\n\n\n\n<li class=\" eplus-wrapper\">Rugalmas munkafelt\u00e9telek<\/li>\n\n\n\n<li class=\" eplus-wrapper\">Mag\u00e1n eg\u00e9szs\u00e9gbiztos\u00edt\u00e1s<\/li>\n\n\n\n<li class=\" eplus-wrapper\">Csal\u00e1dbar\u00e1t \u00f6r\u00f6kbefogad\u00e1si\/apas\u00e1gi szab\u00e1lyzatok, ha vannak ilyenek a csal\u00e1di \u00e9letm\u00f3ddal kapcsolatos esem\u00e9nyen<\/li>\n\n\n\n<li class=\" eplus-wrapper\">Ciklus a munk\u00e1ba rendszer<\/li>\n\n\n\n<li class=\" eplus-wrapper\">Folyamatos tanul\u00e1s \u00e9s \u00f6nfejleszt\u00e9s<\/li>\n<\/ul><\/div>\n<\/div><\/div>\n\n<div style=\"height:60px\" aria-hidden=\"true\" class=\" wp-block-spacer eplus-wrapper\"><\/div>\n\n<div class=\"mb-20 wp-block-group eplus-wrapper is-layout-flow wp-block-group-is-layout-flow\"><div class=\"is-not-stacked-on-mobile has-background xs:p-8 sm:p-12 rounded-2xl items-center lg:flex xs:grid wp-block-columns eplus-wrapper is-layout-flex wp-container-core-columns-is-layout-9d6595d7 wp-block-columns-is-layout-flex eplus-styles-uid-162e62\" style=\"background-color:#222143\">\n<div class=\"xs:order-1 lg:order-2 xs:w-full lg:w-6\/12 wp-block-column eplus-wrapper is-layout-flow wp-block-column-is-layout-flow\">\n<h3 class=\"wp-block-heading has-white-color has-text-color has-link-color eplus-wrapper wp-elements-280ed4768468a40414a2cbb66a4fabd6\" id=\"h-we-can-t-wait-to-meet-you\">ALIG V\u00c1RJUK, HOGY TAL\u00c1LKOZZUNK<\/h3>\n\n\n\n<p class=\"has-white-color has-text-color has-link-color eplus-wrapper wp-elements-e36598bd553052e17536530c14c10835\">Tudjon meg t\u00f6bbet arr\u00f3l, hogy mire k\u00e9sz\u00fcl\u00fcnk az ICS Cool Energy k\u00fcl\u00f6nb\u00f6z\u0151 r\u00e9szlegein \u00e9s csapataiban.<\/p>\n\n\n\n<div class=\"wp-block-buttons eplus-wrapper is-layout-flex wp-block-buttons-is-layout-flex\"><div class=\"is-style-fill wp-block-button eplus-wrapper eplus-styles-uid-1af7aa\"><a class=\"wp-block-button__link has-background wp-element-button\" href=\"\/?page_id=84347\" style=\"background-color:#0698e7\">Csapataink<\/a><\/div><\/div>\n<\/div>\n\n\n\n<div class=\"xs:order-1 lg:order-2 xs:w-full lg:w-6\/12 wp-block-column eplus-wrapper is-layout-flow wp-block-column-is-layout-flow\">\n<figure class=\" wp-block-image size-full eplus-wrapper\"><img decoding=\"async\" width=\"919\" height=\"590\" src=\"https:\/\/www.icscoolenergy.com\/hu\/wp-content\/uploads\/sites\/10\/2024\/04\/careers-cta-banner.jpg\" alt=\"\" class=\"wp-image-81234\" srcset=\"https:\/\/www.icscoolenergy.com\/wp-content\/uploads\/sites\/10\/2024\/04\/careers-cta-banner.jpg 919w, https:\/\/www.icscoolenergy.com\/wp-content\/uploads\/sites\/10\/2024\/04\/careers-cta-banner-300x193.jpg 300w, https:\/\/www.icscoolenergy.com\/wp-content\/uploads\/sites\/10\/2024\/04\/careers-cta-banner-768x493.jpg 768w, https:\/\/www.icscoolenergy.com\/wp-content\/uploads\/sites\/10\/2024\/04\/careers-cta-banner-50x32.jpg 50w, https:\/\/www.icscoolenergy.com\/wp-content\/uploads\/sites\/10\/2024\/04\/careers-cta-banner-600x385.jpg 600w\" sizes=\"(max-width: 919px) 100vw, 919px\" \/><\/figure>\n<\/div>\n<\/div><\/div>\n\n<div style=\"height:60px\" aria-hidden=\"true\" class=\" wp-block-spacer eplus-wrapper\"><\/div>\n","protected":false},"excerpt":{"rendered":"<p>KARRIER AZ ICS-N\u00c9L COOL ENERGY Piacvezet\u0151k vagyunk a folyamat- \u00e9s kritikus h\u0151m\u00e9rs\u00e9klet-szab\u00e1lyoz\u00e1si megold\u00e1sok ter\u00e9n, amelyek minden t\u00edpus\u00fa \u00e9s m\u00e9ret\u0171 v\u00e1llalkoz\u00e1st \u00e9s ipar\u00e1gat m\u0171k\u00f6d\u00e9sben tartanak. K\u00f6zpontunk Southamptonban tal\u00e1lhat\u00f3, irod\u00e1ink az Egyes\u00fclt Kir\u00e1lys\u00e1gban \u00e9s Eur\u00f3p\u00e1ban vannak, \u00e9s t\u00f6bb mint 250 embert foglalkoztatnak. \u00dczleti tev\u00e9kenys\u00e9g\u00fcnk minden ter\u00fclet\u00e9t ambici\u00f3zus n\u00f6veked\u00e9si terveink megval\u00f3s\u00edt\u00e1s\u00e1ra t\u00f6reksz\u00fcnk. A n\u00f6veked\u00e9s el\u00e9r\u00e9se az\u00e1ltal, hogy seg\u00edt\u00fcnk &#8230; <a title=\"Karrier\" class=\"read-more\" href=\"https:\/\/www.icscoolenergy.com\/hu\/rolunk\/karrier\/\" aria-label=\"More on Karrier\">Read more<\/a><\/p>\n","protected":false},"author":1,"featured_media":0,"parent":86313,"menu_order":0,"comment_status":"closed","ping_status":"closed","template":"template-1.php","meta":{"_acf_changed":false,"inline_featured_image":false,"_editorskit_title_hidden":false,"_editorskit_reading_time":0,"_editorskit_is_block_options_detached":false,"_editorskit_block_options_position":"{}","editor_plus_copied_stylings":"{}","footnotes":""},"class_list":["post-86530","page","type-page","status-publish"],"acf":[],"yoast_head":"<!-- This site is optimized with the Yoast SEO Premium plugin v24.5 (Yoast SEO v26.9) - https:\/\/yoast.com\/product\/yoast-seo-premium-wordpress\/ -->\n<title>Karrier | Hungary<\/title>\n<meta name=\"robots\" content=\"index, follow, max-snippet:-1, max-image-preview:large, max-video-preview:-1\" \/>\n<link rel=\"canonical\" href=\"https:\/\/www.icscoolenergy.com\/hu\/rolunk\/karrier\/\" \/>\n<meta property=\"og:locale\" content=\"hu_HU\" \/>\n<meta property=\"og:type\" content=\"article\" \/>\n<meta property=\"og:title\" content=\"Karrier\" \/>\n<meta property=\"og:description\" content=\"KARRIER AZ ICS-N\u00c9L COOL ENERGY Piacvezet\u0151k vagyunk a folyamat- \u00e9s kritikus h\u0151m\u00e9rs\u00e9klet-szab\u00e1lyoz\u00e1si megold\u00e1sok ter\u00e9n, amelyek minden t\u00edpus\u00fa \u00e9s m\u00e9ret\u0171 v\u00e1llalkoz\u00e1st \u00e9s ipar\u00e1gat m\u0171k\u00f6d\u00e9sben tartanak. K\u00f6zpontunk Southamptonban tal\u00e1lhat\u00f3, irod\u00e1ink az Egyes\u00fclt Kir\u00e1lys\u00e1gban \u00e9s Eur\u00f3p\u00e1ban vannak, \u00e9s t\u00f6bb mint 250 embert foglalkoztatnak. \u00dczleti tev\u00e9kenys\u00e9g\u00fcnk minden ter\u00fclet\u00e9t ambici\u00f3zus n\u00f6veked\u00e9si terveink megval\u00f3s\u00edt\u00e1s\u00e1ra t\u00f6reksz\u00fcnk. A n\u00f6veked\u00e9s el\u00e9r\u00e9se az\u00e1ltal, hogy seg\u00edt\u00fcnk ... Read more\" \/>\n<meta property=\"og:url\" content=\"https:\/\/www.icscoolenergy.com\/hu\/rolunk\/karrier\/\" \/>\n<meta property=\"og:site_name\" content=\"Hungary\" \/>\n<meta property=\"article:modified_time\" content=\"2024-11-30T12:08:30+00:00\" \/>\n<meta property=\"og:image\" content=\"https:\/\/www.icscoolenergy.com\/hu\/wp-content\/\/uploads\/2024\/04\/Warehouse-Team-1-1.jpg\" \/>\n<meta name=\"twitter:card\" content=\"summary_large_image\" \/>\n<meta name=\"twitter:label1\" content=\"Est. reading time\" \/>\n\t<meta name=\"twitter:data1\" content=\"2 perc\" \/>\n<script type=\"application\/ld+json\" class=\"yoast-schema-graph\">{\"@context\":\"https:\/\/schema.org\",\"@graph\":[{\"@type\":\"WebPage\",\"@id\":\"https:\/\/www.icscoolenergy.com\/hu\/rolunk\/karrier\/\",\"url\":\"https:\/\/www.icscoolenergy.com\/hu\/rolunk\/karrier\/\",\"name\":\"Karrier | Hungary\",\"isPartOf\":{\"@id\":\"https:\/\/www.icscoolenergy.com\/hu\/#website\"},\"primaryImageOfPage\":{\"@id\":\"https:\/\/www.icscoolenergy.com\/hu\/rolunk\/karrier\/#primaryimage\"},\"image\":{\"@id\":\"https:\/\/www.icscoolenergy.com\/hu\/rolunk\/karrier\/#primaryimage\"},\"thumbnailUrl\":\"https:\/\/www.icscoolenergy.com\/hu\/wp-content\/\/uploads\/2024\/04\/Warehouse-Team-1-1.jpg\",\"datePublished\":\"2024-04-12T15:00:05+00:00\",\"dateModified\":\"2024-11-30T12:08:30+00:00\",\"breadcrumb\":{\"@id\":\"https:\/\/www.icscoolenergy.com\/hu\/rolunk\/karrier\/#breadcrumb\"},\"inLanguage\":\"hu\",\"potentialAction\":[{\"@type\":\"ReadAction\",\"target\":[\"https:\/\/www.icscoolenergy.com\/hu\/rolunk\/karrier\/\"]}]},{\"@type\":\"ImageObject\",\"inLanguage\":\"hu\",\"@id\":\"https:\/\/www.icscoolenergy.com\/hu\/rolunk\/karrier\/#primaryimage\",\"url\":\"https:\/\/www.icscoolenergy.com\/wp-content\/uploads\/sites\/10\/2024\/04\/Warehouse-Team-1-1.jpg\",\"contentUrl\":\"https:\/\/www.icscoolenergy.com\/wp-content\/uploads\/sites\/10\/2024\/04\/Warehouse-Team-1-1.jpg\",\"width\":2028,\"height\":938},{\"@type\":\"BreadcrumbList\",\"@id\":\"https:\/\/www.icscoolenergy.com\/hu\/rolunk\/karrier\/#breadcrumb\",\"itemListElement\":[{\"@type\":\"ListItem\",\"position\":1,\"name\":\"Home\",\"item\":\"https:\/\/www.icscoolenergy.com\/hu\/\"},{\"@type\":\"ListItem\",\"position\":2,\"name\":\"R\u00f3lunk\",\"item\":\"https:\/\/www.icscoolenergy.com\/hu\/rolunk\/\"},{\"@type\":\"ListItem\",\"position\":3,\"name\":\"Karrier\"}]},{\"@type\":\"WebSite\",\"@id\":\"https:\/\/www.icscoolenergy.com\/hu\/#website\",\"url\":\"https:\/\/www.icscoolenergy.com\/hu\/\",\"name\":\"ICS Cool Energy\",\"description\":\"The Process Temperature Control Specialists\",\"publisher\":{\"@id\":\"https:\/\/www.icscoolenergy.com\/hu\/#organization\"},\"alternateName\":\"ICS\",\"potentialAction\":[{\"@type\":\"SearchAction\",\"target\":{\"@type\":\"EntryPoint\",\"urlTemplate\":\"https:\/\/www.icscoolenergy.com\/hu\/?s={search_term_string}\"},\"query-input\":{\"@type\":\"PropertyValueSpecification\",\"valueRequired\":true,\"valueName\":\"search_term_string\"}}],\"inLanguage\":\"hu\"},{\"@type\":\"Organization\",\"@id\":\"https:\/\/www.icscoolenergy.com\/hu\/#organization\",\"name\":\"ICS Cool Energy\",\"url\":\"https:\/\/www.icscoolenergy.com\/hu\/\",\"logo\":{\"@type\":\"ImageObject\",\"inLanguage\":\"hu\",\"@id\":\"https:\/\/www.icscoolenergy.com\/hu\/#\/schema\/logo\/image\/\",\"url\":\"https:\/\/www.icscoolenergy.com\/wp-content\/uploads\/sites\/10\/2024\/01\/ics-cool-energy-logo.svg\",\"contentUrl\":\"https:\/\/www.icscoolenergy.com\/wp-content\/uploads\/sites\/10\/2024\/01\/ics-cool-energy-logo.svg\",\"caption\":\"ICS Cool Energy\"},\"image\":{\"@id\":\"https:\/\/www.icscoolenergy.com\/hu\/#\/schema\/logo\/image\/\"},\"sameAs\":[\"https:\/\/www.linkedin.com\/company\/ics-temperature-control\/\",\"https:\/\/www.youtube.com\/@ICSCoolEnergyLtd\"],\"description\":\"ICS Cool Energy is a market leader for process and critical temperature control solutions that keep all types and sizes of businesses and industry running. Our headquarters are situated in Southampton, with offices throughout the UK and Europe, employing over 250 people in the UK alone.\",\"email\":\"info@icscoolenergy.com\",\"telephone\":\"0800 840 4210\",\"legalName\":\"ICS Cool Energy Limited\",\"numberOfEmployees\":{\"@type\":\"QuantitativeValue\",\"minValue\":\"201\",\"maxValue\":\"500\"}}]}<\/script>\n<!-- \/ Yoast SEO Premium plugin. -->","yoast_head_json":{"title":"Karrier | Hungary","robots":{"index":"index","follow":"follow","max-snippet":"max-snippet:-1","max-image-preview":"max-image-preview:large","max-video-preview":"max-video-preview:-1"},"canonical":"https:\/\/www.icscoolenergy.com\/hu\/rolunk\/karrier\/","og_locale":"hu_HU","og_type":"article","og_title":"Karrier","og_description":"KARRIER AZ ICS-N\u00c9L COOL ENERGY Piacvezet\u0151k vagyunk a folyamat- \u00e9s kritikus h\u0151m\u00e9rs\u00e9klet-szab\u00e1lyoz\u00e1si megold\u00e1sok ter\u00e9n, amelyek minden t\u00edpus\u00fa \u00e9s m\u00e9ret\u0171 v\u00e1llalkoz\u00e1st \u00e9s ipar\u00e1gat m\u0171k\u00f6d\u00e9sben tartanak. K\u00f6zpontunk Southamptonban tal\u00e1lhat\u00f3, irod\u00e1ink az Egyes\u00fclt Kir\u00e1lys\u00e1gban \u00e9s Eur\u00f3p\u00e1ban vannak, \u00e9s t\u00f6bb mint 250 embert foglalkoztatnak. \u00dczleti tev\u00e9kenys\u00e9g\u00fcnk minden ter\u00fclet\u00e9t ambici\u00f3zus n\u00f6veked\u00e9si terveink megval\u00f3s\u00edt\u00e1s\u00e1ra t\u00f6reksz\u00fcnk. A n\u00f6veked\u00e9s el\u00e9r\u00e9se az\u00e1ltal, hogy seg\u00edt\u00fcnk ... Read more","og_url":"https:\/\/www.icscoolenergy.com\/hu\/rolunk\/karrier\/","og_site_name":"Hungary","article_modified_time":"2024-11-30T12:08:30+00:00","og_image":[{"url":"https:\/\/www.icscoolenergy.com\/hu\/wp-content\/\/uploads\/2024\/04\/Warehouse-Team-1-1.jpg","type":"","width":"","height":""}],"twitter_card":"summary_large_image","twitter_misc":{"Est. reading time":"2 perc"},"schema":{"@context":"https:\/\/schema.org","@graph":[{"@type":"WebPage","@id":"https:\/\/www.icscoolenergy.com\/hu\/rolunk\/karrier\/","url":"https:\/\/www.icscoolenergy.com\/hu\/rolunk\/karrier\/","name":"Karrier | Hungary","isPartOf":{"@id":"https:\/\/www.icscoolenergy.com\/hu\/#website"},"primaryImageOfPage":{"@id":"https:\/\/www.icscoolenergy.com\/hu\/rolunk\/karrier\/#primaryimage"},"image":{"@id":"https:\/\/www.icscoolenergy.com\/hu\/rolunk\/karrier\/#primaryimage"},"thumbnailUrl":"https:\/\/www.icscoolenergy.com\/hu\/wp-content\/\/uploads\/2024\/04\/Warehouse-Team-1-1.jpg","datePublished":"2024-04-12T15:00:05+00:00","dateModified":"2024-11-30T12:08:30+00:00","breadcrumb":{"@id":"https:\/\/www.icscoolenergy.com\/hu\/rolunk\/karrier\/#breadcrumb"},"inLanguage":"hu","potentialAction":[{"@type":"ReadAction","target":["https:\/\/www.icscoolenergy.com\/hu\/rolunk\/karrier\/"]}]},{"@type":"ImageObject","inLanguage":"hu","@id":"https:\/\/www.icscoolenergy.com\/hu\/rolunk\/karrier\/#primaryimage","url":"https:\/\/www.icscoolenergy.com\/wp-content\/uploads\/sites\/10\/2024\/04\/Warehouse-Team-1-1.jpg","contentUrl":"https:\/\/www.icscoolenergy.com\/wp-content\/uploads\/sites\/10\/2024\/04\/Warehouse-Team-1-1.jpg","width":2028,"height":938},{"@type":"BreadcrumbList","@id":"https:\/\/www.icscoolenergy.com\/hu\/rolunk\/karrier\/#breadcrumb","itemListElement":[{"@type":"ListItem","position":1,"name":"Home","item":"https:\/\/www.icscoolenergy.com\/hu\/"},{"@type":"ListItem","position":2,"name":"R\u00f3lunk","item":"https:\/\/www.icscoolenergy.com\/hu\/rolunk\/"},{"@type":"ListItem","position":3,"name":"Karrier"}]},{"@type":"WebSite","@id":"https:\/\/www.icscoolenergy.com\/hu\/#website","url":"https:\/\/www.icscoolenergy.com\/hu\/","name":"ICS Cool Energy","description":"The Process Temperature Control Specialists","publisher":{"@id":"https:\/\/www.icscoolenergy.com\/hu\/#organization"},"alternateName":"ICS","potentialAction":[{"@type":"SearchAction","target":{"@type":"EntryPoint","urlTemplate":"https:\/\/www.icscoolenergy.com\/hu\/?s={search_term_string}"},"query-input":{"@type":"PropertyValueSpecification","valueRequired":true,"valueName":"search_term_string"}}],"inLanguage":"hu"},{"@type":"Organization","@id":"https:\/\/www.icscoolenergy.com\/hu\/#organization","name":"ICS Cool Energy","url":"https:\/\/www.icscoolenergy.com\/hu\/","logo":{"@type":"ImageObject","inLanguage":"hu","@id":"https:\/\/www.icscoolenergy.com\/hu\/#\/schema\/logo\/image\/","url":"https:\/\/www.icscoolenergy.com\/wp-content\/uploads\/sites\/10\/2024\/01\/ics-cool-energy-logo.svg","contentUrl":"https:\/\/www.icscoolenergy.com\/wp-content\/uploads\/sites\/10\/2024\/01\/ics-cool-energy-logo.svg","caption":"ICS Cool Energy"},"image":{"@id":"https:\/\/www.icscoolenergy.com\/hu\/#\/schema\/logo\/image\/"},"sameAs":["https:\/\/www.linkedin.com\/company\/ics-temperature-control\/","https:\/\/www.youtube.com\/@ICSCoolEnergyLtd"],"description":"ICS Cool Energy is a market leader for process and critical temperature control solutions that keep all types and sizes of businesses and industry running. Our headquarters are situated in Southampton, with offices throughout the UK and Europe, employing over 250 people in the UK alone.","email":"info@icscoolenergy.com","telephone":"0800 840 4210","legalName":"ICS Cool Energy Limited","numberOfEmployees":{"@type":"QuantitativeValue","minValue":"201","maxValue":"500"}}]}},"_links":{"self":[{"href":"https:\/\/www.icscoolenergy.com\/hu\/wp-json\/wp\/v2\/pages\/86530","targetHints":{"allow":["GET"]}}],"collection":[{"href":"https:\/\/www.icscoolenergy.com\/hu\/wp-json\/wp\/v2\/pages"}],"about":[{"href":"https:\/\/www.icscoolenergy.com\/hu\/wp-json\/wp\/v2\/types\/page"}],"author":[{"embeddable":true,"href":"https:\/\/www.icscoolenergy.com\/hu\/wp-json\/wp\/v2\/users\/1"}],"replies":[{"embeddable":true,"href":"https:\/\/www.icscoolenergy.com\/hu\/wp-json\/wp\/v2\/comments?post=86530"}],"version-history":[{"count":0,"href":"https:\/\/www.icscoolenergy.com\/hu\/wp-json\/wp\/v2\/pages\/86530\/revisions"}],"up":[{"embeddable":true,"href":"https:\/\/www.icscoolenergy.com\/hu\/wp-json\/wp\/v2\/pages\/86313"}],"wp:attachment":[{"href":"https:\/\/www.icscoolenergy.com\/hu\/wp-json\/wp\/v2\/media?parent=86530"}],"curies":[{"name":"wp","href":"https:\/\/api.w.org\/{rel}","templated":true}]}}