 
{"id":86531,"date":"2024-04-09T13:31:15","date_gmt":"2024-04-09T13:31:15","guid":{"rendered":"https:\/\/www.icscoolenergy.com\/hu\/rolunk\/tortenelem\/"},"modified":"2024-11-30T12:08:23","modified_gmt":"2024-11-30T12:08:23","slug":"tortenelem","status":"publish","type":"page","link":"https:\/\/www.icscoolenergy.com\/hu\/rolunk\/tortenelem\/","title":{"rendered":"T\u00f6rt\u00e9nelem"},"content":{"rendered":"\n<div class=\"mb-8 eplus-wrapper wp-block-group is-layout-flow wp-block-group-is-layout-flow\">\n<div class=\"md:relative eplus-wrapper wp-block-group is-layout-flow wp-block-group-is-layout-flow\">\n<div class=\"eplus-wrapper wp-block-cover is-light\" style=\"min-height:451px;aspect-ratio:unset;\"><span aria-hidden=\"true\" class=\"wp-block-cover__background has-background-dim-0 has-background-dim\"><\/span><img decoding=\"async\" width=\"1980\" height=\"990\" class=\"wp-block-cover__image-background wp-image-84318\" alt=\"A brief history\" src=\"https:\/\/www.icscoolenergy.com\/hu\/wp-content\/uploads\/sites\/10\/2024\/05\/A-breif-history.jpg\" style=\"object-position:21% 85%\" data-object-fit=\"cover\" data-object-position=\"21% 85%\" srcset=\"https:\/\/www.icscoolenergy.com\/wp-content\/uploads\/sites\/10\/2024\/05\/A-breif-history.jpg 1980w, https:\/\/www.icscoolenergy.com\/wp-content\/uploads\/sites\/10\/2024\/05\/A-breif-history-300x150.jpg 300w, https:\/\/www.icscoolenergy.com\/wp-content\/uploads\/sites\/10\/2024\/05\/A-breif-history-1024x512.jpg 1024w, https:\/\/www.icscoolenergy.com\/wp-content\/uploads\/sites\/10\/2024\/05\/A-breif-history-768x384.jpg 768w, https:\/\/www.icscoolenergy.com\/wp-content\/uploads\/sites\/10\/2024\/05\/A-breif-history-50x25.jpg 50w, https:\/\/www.icscoolenergy.com\/wp-content\/uploads\/sites\/10\/2024\/05\/A-breif-history-1600x800.jpg 1600w, https:\/\/www.icscoolenergy.com\/wp-content\/uploads\/sites\/10\/2024\/05\/A-breif-history-1536x768.jpg 1536w, https:\/\/www.icscoolenergy.com\/wp-content\/uploads\/sites\/10\/2024\/05\/A-breif-history-600x300.jpg 600w\" sizes=\"(max-width: 1980px) 100vw, 1980px\" \/><div class=\"wp-block-cover__inner-container is-layout-flow wp-block-cover-is-layout-flow\">\n<p class=\" has-text-align-center has-large-font-size eplus-wrapper\"><\/p>\n<\/div><\/div>\n\n\n\n<div class=\"rounded-tr-md sm:w-full md:w-[80%] md:h-fit md:top-[80%] relative md:-mt-[10%] z-[1] md:left-0 eplus-wrapper wp-block-group has-background is-layout-constrained wp-block-group-is-layout-constrained\" style=\"background-color:#eaeaef\">\n<h1 class=\"eplus-wrapper pt-8 wp-block-heading has-text-color has-link-color wp-elements-26ac6aab2f0aed31ad97f362e3e60066\" style=\"color:#312f5f\">FEDEZZE FEL, HOGYAN KEZD\u0150D\u00d6TT A H\u0150M\u00c9RS\u00c9KLET-SZAB\u00c1LYOZ\u00c1S VEZET\u0150JE<\/h1>\n\n\n\n<p class=\" eplus-wrapper\">A kis kezdetekt\u0151l a nemzetk\u00f6zi h\u0151m\u00e9rs\u00e9klet-szab\u00e1lyoz\u00e1s vezet\u0151j\u00e9ig.<\/p>\n<\/div>\n<\/div>\n\n\n\n<div style=\"height:60px\" aria-hidden=\"true\" class=\"xs:hidden md:block eplus-wrapper wp-block-spacer\"><\/div>\n<\/div>\n\n<div class=\"flex flex-row flex-wrap md:flex-nowrap sm:justify-center sm:items-center wp-block-group eplus-wrapper is-layout-constrained wp-block-group-is-layout-constrained\">\n<div class=\"w-full p-2 m-2 wp-block-group eplus-wrapper is-vertical is-layout-flex wp-container-core-group-is-layout-8cf370e7 wp-block-group-is-layout-flex\">\n<p class=\"has-text-color has-link-color eplus-wrapper wp-elements-2840bd7709dca11d4de2c237f7a48dc4\" style=\"color:#323130\">Az ICS Cool Energy eredetileg 1989-ben alakult Industrial Cooling Systems n\u00e9ven, Bradfordban \u00e9s Southamptonban tal\u00e1lhat\u00f3 rakt\u00e1rakkal. A terjeszked\u00e9s a kilencvenes \u00e9vek k\u00f6zep\u00e9n folytat\u00f3dott, a v\u00e1llalat \u00faj irod\u00e1kat nyitott az Egyes\u00fclt Kir\u00e1lys\u00e1gban. <\/p>\n\n\n\n<p class=\"has-text-color has-link-color eplus-wrapper wp-elements-ccad774724481bca356af3baebdfe2be\" style=\"color:#323130\">2003-ban megalakult a Cool Energy, egy speci\u00e1lis h\u0151m\u00e9rs\u00e9klet-k\u00f6lcs\u00f6nz\u0151 c\u00e9g, amely 2005-ben egyes\u00fclt az Industrial Cooling Systems-szel, l\u00e9trehozva az ICS Cool Energy-t Ltd. ICS a Cool Energy N\u00e9metorsz\u00e1gba, Sv\u00e1jcba, a Benelux \u00e1llamokba \u00e9s Franciaorsz\u00e1gba terjeszkedett, \u00e9s 2013 \u00e9s 2018 k\u00f6z\u00f6tt t\u00f6bb mint 20% -os CAGR-rel n\u00f6velte bev\u00e9teleit.   <\/p>\n\n\n\n<p class=\"has-text-color has-link-color eplus-wrapper wp-elements-8c789ca2d36a1879179c81f4cb6e27c0\" style=\"color:#323130\">2018 janu\u00e1rj\u00e1ban az ICS Cool Energy Ltd-t felv\u00e1s\u00e1rolta az Ingersoll-Rand PLC, amely vil\u00e1gels\u0151 a k\u00e9nyelmes, fenntarthat\u00f3 \u00e9s hat\u00e9kony k\u00f6rnyezet megteremt\u00e9s\u00e9ben.<\/p>\n\n\n\n<p class=\"has-text-color has-link-color eplus-wrapper wp-elements-c5d7650cf095dbe23433821b843c39a5\" style=\"color:#323130\">2020-ban a <a href=\"https:\/\/www.tranetechnologies.com\/en\/index.html\">Trane Technologies<\/a> a Thermo King 1997-es \u00e9s a Trane 2008-as Ingersoll-Rand felv\u00e1s\u00e1rl\u00e1s\u00e1b\u00f3l j\u00f6tt l\u00e9tre. Az ipar\u00e1g vezet\u0151 v\u00e1llalatainak soksz\u00edn\u0171 portf\u00f3li\u00f3j\u00e1val egy\u00fctt a Trane Technologies bolyg\u00f3nk fenntarthat\u00f3 j\u00f6v\u0151j\u00e9nek megteremt\u00e9s\u00e9t t\u0171zi ki c\u00e9lul. <\/p>\n\n\n\n<p class=\"has-text-color has-link-color eplus-wrapper wp-elements-d8afc8cd051aaacbc778c16c7213c28b\" style=\"color:#323130\">Ma az ICS Cool Energy a h\u0151m\u00e9rs\u00e9klet-szab\u00e1lyoz\u00e1si megold\u00e1sok p\u00e1ratlan v\u00e1laszt\u00e9k\u00e1t k\u00edn\u00e1lja a kritikus \u00e9s gy\u00e1rt\u00e1si folyamatokhoz, bele\u00e9rtve a b\u00e9rl\u00e9st, a t\u0151keberendez\u00e9sek \u00e9rt\u00e9kes\u00edt\u00e9s\u00e9t, a tervezett megel\u0151z\u0151 karbantart\u00e1st \u00e9s a v\u00e9szhelyzeti meghib\u00e1sod\u00e1sok t\u00e1mogat\u00e1s\u00e1t minden ipar\u00e1gban Eur\u00f3pa-szerte.<\/p>\n<\/div>\n<\/div>\n\n<div style=\"height:43px\" aria-hidden=\"true\" class=\" wp-block-spacer eplus-wrapper\"><\/div>\n\n<div class=\"flex flex-row flex-wrap md:flex-nowrap sm:justify-center sm:items-center wp-block-group eplus-wrapper is-layout-constrained wp-block-group-is-layout-constrained\">\n<div class=\"w-full p-2 m-2 wp-block-group eplus-wrapper is-vertical is-layout-flex wp-container-core-group-is-layout-8cf370e7 wp-block-group-is-layout-flex\">\n<h2 class=\" wp-block-heading eplus-wrapper\">EL\u0150ZM\u00c9NYEK ID\u0150VONALA<\/h2>\n\n\n\n<div style=\"height:16px\" aria-hidden=\"true\" class=\"wp-block-spacer eplus-wrapper wp-container-content-f9bd05ee\"><\/div>\n\n\n\n<figure class=\" wp-block-image size-large eplus-wrapper\"><img decoding=\"async\" width=\"1024\" height=\"621\" src=\"https:\/\/www.icscoolenergy.com\/hu\/wp-content\/uploads\/sites\/10\/2024\/04\/ICSCE-Timeline2020-1024x621.jpg\" alt=\"\" class=\"wp-image-80464\" srcset=\"https:\/\/www.icscoolenergy.com\/wp-content\/uploads\/sites\/10\/2024\/04\/ICSCE-Timeline2020-1024x621.jpg 1024w, https:\/\/www.icscoolenergy.com\/wp-content\/uploads\/sites\/10\/2024\/04\/ICSCE-Timeline2020-300x182.jpg 300w, https:\/\/www.icscoolenergy.com\/wp-content\/uploads\/sites\/10\/2024\/04\/ICSCE-Timeline2020-768x465.jpg 768w, https:\/\/www.icscoolenergy.com\/wp-content\/uploads\/sites\/10\/2024\/04\/ICSCE-Timeline2020-50x30.jpg 50w, https:\/\/www.icscoolenergy.com\/wp-content\/uploads\/sites\/10\/2024\/04\/ICSCE-Timeline2020-1600x970.jpg 1600w, https:\/\/www.icscoolenergy.com\/wp-content\/uploads\/sites\/10\/2024\/04\/ICSCE-Timeline2020-1536x931.jpg 1536w, https:\/\/www.icscoolenergy.com\/wp-content\/uploads\/sites\/10\/2024\/04\/ICSCE-Timeline2020-600x364.jpg 600w, https:\/\/www.icscoolenergy.com\/wp-content\/uploads\/sites\/10\/2024\/04\/ICSCE-Timeline2020.jpg 1754w\" sizes=\"(max-width: 1024px) 100vw, 1024px\" \/><\/figure>\n<\/div>\n<\/div>\n\n<div style=\"height:160px\" aria-hidden=\"true\" class=\" wp-block-spacer eplus-wrapper\"><\/div>\n","protected":false},"excerpt":{"rendered":"<p>FEDEZZE FEL, HOGYAN KEZD\u0150D\u00d6TT A H\u0150M\u00c9RS\u00c9KLET-SZAB\u00c1LYOZ\u00c1S VEZET\u0150JE A kis kezdetekt\u0151l a nemzetk\u00f6zi h\u0151m\u00e9rs\u00e9klet-szab\u00e1lyoz\u00e1s vezet\u0151j\u00e9ig. Az ICS Cool Energy eredetileg 1989-ben alakult Industrial Cooling Systems n\u00e9ven, Bradfordban \u00e9s Southamptonban tal\u00e1lhat\u00f3 rakt\u00e1rakkal. A terjeszked\u00e9s a kilencvenes \u00e9vek k\u00f6zep\u00e9n folytat\u00f3dott, a v\u00e1llalat \u00faj irod\u00e1kat nyitott az Egyes\u00fclt Kir\u00e1lys\u00e1gban. 2003-ban megalakult a Cool Energy, egy speci\u00e1lis h\u0151m\u00e9rs\u00e9klet-k\u00f6lcs\u00f6nz\u0151 c\u00e9g, amely &#8230; <a title=\"T\u00f6rt\u00e9nelem\" class=\"read-more\" href=\"https:\/\/www.icscoolenergy.com\/hu\/rolunk\/tortenelem\/\" aria-label=\"More on T\u00f6rt\u00e9nelem\">Read more<\/a><\/p>\n","protected":false},"author":1,"featured_media":0,"parent":86313,"menu_order":0,"comment_status":"closed","ping_status":"closed","template":"template-1.php","meta":{"_acf_changed":false,"inline_featured_image":false,"_editorskit_title_hidden":false,"_editorskit_reading_time":0,"_editorskit_is_block_options_detached":false,"_editorskit_block_options_position":"{}","editor_plus_copied_stylings":"{}","footnotes":""},"class_list":["post-86531","page","type-page","status-publish"],"acf":[],"yoast_head":"<!-- This site is optimized with the Yoast SEO Premium plugin v24.5 (Yoast SEO v26.9) - https:\/\/yoast.com\/product\/yoast-seo-premium-wordpress\/ -->\n<title>T\u00f6rt\u00e9nelem | Hungary<\/title>\n<meta name=\"robots\" content=\"index, follow, max-snippet:-1, max-image-preview:large, max-video-preview:-1\" \/>\n<link rel=\"canonical\" href=\"https:\/\/www.icscoolenergy.com\/hu\/rolunk\/tortenelem\/\" \/>\n<meta property=\"og:locale\" content=\"hu_HU\" \/>\n<meta property=\"og:type\" content=\"article\" \/>\n<meta property=\"og:title\" content=\"T\u00f6rt\u00e9nelem\" \/>\n<meta property=\"og:description\" content=\"FEDEZZE FEL, HOGYAN KEZD\u0150D\u00d6TT A H\u0150M\u00c9RS\u00c9KLET-SZAB\u00c1LYOZ\u00c1S VEZET\u0150JE A kis kezdetekt\u0151l a nemzetk\u00f6zi h\u0151m\u00e9rs\u00e9klet-szab\u00e1lyoz\u00e1s vezet\u0151j\u00e9ig. Az ICS Cool Energy eredetileg 1989-ben alakult Industrial Cooling Systems n\u00e9ven, Bradfordban \u00e9s Southamptonban tal\u00e1lhat\u00f3 rakt\u00e1rakkal. A terjeszked\u00e9s a kilencvenes \u00e9vek k\u00f6zep\u00e9n folytat\u00f3dott, a v\u00e1llalat \u00faj irod\u00e1kat nyitott az Egyes\u00fclt Kir\u00e1lys\u00e1gban. 2003-ban megalakult a Cool Energy, egy speci\u00e1lis h\u0151m\u00e9rs\u00e9klet-k\u00f6lcs\u00f6nz\u0151 c\u00e9g, amely ... Read more\" \/>\n<meta property=\"og:url\" content=\"https:\/\/www.icscoolenergy.com\/hu\/rolunk\/tortenelem\/\" \/>\n<meta property=\"og:site_name\" content=\"Hungary\" \/>\n<meta property=\"article:modified_time\" content=\"2024-11-30T12:08:23+00:00\" \/>\n<meta property=\"og:image\" content=\"https:\/\/www.icscoolenergy.com\/hu\/wp-content\/uploads\/sites\/10\/2024\/05\/A-breif-history.jpg\" \/>\n<meta name=\"twitter:card\" content=\"summary_large_image\" \/>\n<meta name=\"twitter:label1\" content=\"Est. reading time\" \/>\n\t<meta name=\"twitter:data1\" content=\"1 perc\" \/>\n<script type=\"application\/ld+json\" class=\"yoast-schema-graph\">{\"@context\":\"https:\/\/schema.org\",\"@graph\":[{\"@type\":\"WebPage\",\"@id\":\"https:\/\/www.icscoolenergy.com\/hu\/rolunk\/tortenelem\/\",\"url\":\"https:\/\/www.icscoolenergy.com\/hu\/rolunk\/tortenelem\/\",\"name\":\"T\u00f6rt\u00e9nelem | Hungary\",\"isPartOf\":{\"@id\":\"https:\/\/www.icscoolenergy.com\/hu\/#website\"},\"primaryImageOfPage\":{\"@id\":\"https:\/\/www.icscoolenergy.com\/hu\/rolunk\/tortenelem\/#primaryimage\"},\"image\":{\"@id\":\"https:\/\/www.icscoolenergy.com\/hu\/rolunk\/tortenelem\/#primaryimage\"},\"thumbnailUrl\":\"https:\/\/www.icscoolenergy.com\/hu\/wp-content\/uploads\/sites\/10\/2024\/05\/A-breif-history.jpg\",\"datePublished\":\"2024-04-09T13:31:15+00:00\",\"dateModified\":\"2024-11-30T12:08:23+00:00\",\"breadcrumb\":{\"@id\":\"https:\/\/www.icscoolenergy.com\/hu\/rolunk\/tortenelem\/#breadcrumb\"},\"inLanguage\":\"hu\",\"potentialAction\":[{\"@type\":\"ReadAction\",\"target\":[\"https:\/\/www.icscoolenergy.com\/hu\/rolunk\/tortenelem\/\"]}]},{\"@type\":\"ImageObject\",\"inLanguage\":\"hu\",\"@id\":\"https:\/\/www.icscoolenergy.com\/hu\/rolunk\/tortenelem\/#primaryimage\",\"url\":\"https:\/\/www.icscoolenergy.com\/wp-content\/uploads\/sites\/10\/2024\/05\/A-breif-history.jpg\",\"contentUrl\":\"https:\/\/www.icscoolenergy.com\/wp-content\/uploads\/sites\/10\/2024\/05\/A-breif-history.jpg\",\"width\":1980,\"height\":990,\"caption\":\"A brief history\"},{\"@type\":\"BreadcrumbList\",\"@id\":\"https:\/\/www.icscoolenergy.com\/hu\/rolunk\/tortenelem\/#breadcrumb\",\"itemListElement\":[{\"@type\":\"ListItem\",\"position\":1,\"name\":\"Home\",\"item\":\"https:\/\/www.icscoolenergy.com\/hu\/\"},{\"@type\":\"ListItem\",\"position\":2,\"name\":\"R\u00f3lunk\",\"item\":\"https:\/\/www.icscoolenergy.com\/hu\/rolunk\/\"},{\"@type\":\"ListItem\",\"position\":3,\"name\":\"T\u00f6rt\u00e9nelem\"}]},{\"@type\":\"WebSite\",\"@id\":\"https:\/\/www.icscoolenergy.com\/hu\/#website\",\"url\":\"https:\/\/www.icscoolenergy.com\/hu\/\",\"name\":\"ICS Cool Energy\",\"description\":\"The Process Temperature Control Specialists\",\"publisher\":{\"@id\":\"https:\/\/www.icscoolenergy.com\/hu\/#organization\"},\"alternateName\":\"ICS\",\"potentialAction\":[{\"@type\":\"SearchAction\",\"target\":{\"@type\":\"EntryPoint\",\"urlTemplate\":\"https:\/\/www.icscoolenergy.com\/hu\/?s={search_term_string}\"},\"query-input\":{\"@type\":\"PropertyValueSpecification\",\"valueRequired\":true,\"valueName\":\"search_term_string\"}}],\"inLanguage\":\"hu\"},{\"@type\":\"Organization\",\"@id\":\"https:\/\/www.icscoolenergy.com\/hu\/#organization\",\"name\":\"ICS Cool Energy\",\"url\":\"https:\/\/www.icscoolenergy.com\/hu\/\",\"logo\":{\"@type\":\"ImageObject\",\"inLanguage\":\"hu\",\"@id\":\"https:\/\/www.icscoolenergy.com\/hu\/#\/schema\/logo\/image\/\",\"url\":\"https:\/\/www.icscoolenergy.com\/wp-content\/uploads\/sites\/10\/2024\/01\/ics-cool-energy-logo.svg\",\"contentUrl\":\"https:\/\/www.icscoolenergy.com\/wp-content\/uploads\/sites\/10\/2024\/01\/ics-cool-energy-logo.svg\",\"caption\":\"ICS Cool Energy\"},\"image\":{\"@id\":\"https:\/\/www.icscoolenergy.com\/hu\/#\/schema\/logo\/image\/\"},\"sameAs\":[\"https:\/\/www.linkedin.com\/company\/ics-temperature-control\/\",\"https:\/\/www.youtube.com\/@ICSCoolEnergyLtd\"],\"description\":\"ICS Cool Energy is a market leader for process and critical temperature control solutions that keep all types and sizes of businesses and industry running. Our headquarters are situated in Southampton, with offices throughout the UK and Europe, employing over 250 people in the UK alone.\",\"email\":\"info@icscoolenergy.com\",\"telephone\":\"0800 840 4210\",\"legalName\":\"ICS Cool Energy Limited\",\"numberOfEmployees\":{\"@type\":\"QuantitativeValue\",\"minValue\":\"201\",\"maxValue\":\"500\"}}]}<\/script>\n<!-- \/ Yoast SEO Premium plugin. -->","yoast_head_json":{"title":"T\u00f6rt\u00e9nelem | Hungary","robots":{"index":"index","follow":"follow","max-snippet":"max-snippet:-1","max-image-preview":"max-image-preview:large","max-video-preview":"max-video-preview:-1"},"canonical":"https:\/\/www.icscoolenergy.com\/hu\/rolunk\/tortenelem\/","og_locale":"hu_HU","og_type":"article","og_title":"T\u00f6rt\u00e9nelem","og_description":"FEDEZZE FEL, HOGYAN KEZD\u0150D\u00d6TT A H\u0150M\u00c9RS\u00c9KLET-SZAB\u00c1LYOZ\u00c1S VEZET\u0150JE A kis kezdetekt\u0151l a nemzetk\u00f6zi h\u0151m\u00e9rs\u00e9klet-szab\u00e1lyoz\u00e1s vezet\u0151j\u00e9ig. Az ICS Cool Energy eredetileg 1989-ben alakult Industrial Cooling Systems n\u00e9ven, Bradfordban \u00e9s Southamptonban tal\u00e1lhat\u00f3 rakt\u00e1rakkal. A terjeszked\u00e9s a kilencvenes \u00e9vek k\u00f6zep\u00e9n folytat\u00f3dott, a v\u00e1llalat \u00faj irod\u00e1kat nyitott az Egyes\u00fclt Kir\u00e1lys\u00e1gban. 2003-ban megalakult a Cool Energy, egy speci\u00e1lis h\u0151m\u00e9rs\u00e9klet-k\u00f6lcs\u00f6nz\u0151 c\u00e9g, amely ... Read more","og_url":"https:\/\/www.icscoolenergy.com\/hu\/rolunk\/tortenelem\/","og_site_name":"Hungary","article_modified_time":"2024-11-30T12:08:23+00:00","og_image":[{"url":"https:\/\/www.icscoolenergy.com\/hu\/wp-content\/uploads\/sites\/10\/2024\/05\/A-breif-history.jpg","type":"","width":"","height":""}],"twitter_card":"summary_large_image","twitter_misc":{"Est. reading time":"1 perc"},"schema":{"@context":"https:\/\/schema.org","@graph":[{"@type":"WebPage","@id":"https:\/\/www.icscoolenergy.com\/hu\/rolunk\/tortenelem\/","url":"https:\/\/www.icscoolenergy.com\/hu\/rolunk\/tortenelem\/","name":"T\u00f6rt\u00e9nelem | Hungary","isPartOf":{"@id":"https:\/\/www.icscoolenergy.com\/hu\/#website"},"primaryImageOfPage":{"@id":"https:\/\/www.icscoolenergy.com\/hu\/rolunk\/tortenelem\/#primaryimage"},"image":{"@id":"https:\/\/www.icscoolenergy.com\/hu\/rolunk\/tortenelem\/#primaryimage"},"thumbnailUrl":"https:\/\/www.icscoolenergy.com\/hu\/wp-content\/uploads\/sites\/10\/2024\/05\/A-breif-history.jpg","datePublished":"2024-04-09T13:31:15+00:00","dateModified":"2024-11-30T12:08:23+00:00","breadcrumb":{"@id":"https:\/\/www.icscoolenergy.com\/hu\/rolunk\/tortenelem\/#breadcrumb"},"inLanguage":"hu","potentialAction":[{"@type":"ReadAction","target":["https:\/\/www.icscoolenergy.com\/hu\/rolunk\/tortenelem\/"]}]},{"@type":"ImageObject","inLanguage":"hu","@id":"https:\/\/www.icscoolenergy.com\/hu\/rolunk\/tortenelem\/#primaryimage","url":"https:\/\/www.icscoolenergy.com\/wp-content\/uploads\/sites\/10\/2024\/05\/A-breif-history.jpg","contentUrl":"https:\/\/www.icscoolenergy.com\/wp-content\/uploads\/sites\/10\/2024\/05\/A-breif-history.jpg","width":1980,"height":990,"caption":"A brief history"},{"@type":"BreadcrumbList","@id":"https:\/\/www.icscoolenergy.com\/hu\/rolunk\/tortenelem\/#breadcrumb","itemListElement":[{"@type":"ListItem","position":1,"name":"Home","item":"https:\/\/www.icscoolenergy.com\/hu\/"},{"@type":"ListItem","position":2,"name":"R\u00f3lunk","item":"https:\/\/www.icscoolenergy.com\/hu\/rolunk\/"},{"@type":"ListItem","position":3,"name":"T\u00f6rt\u00e9nelem"}]},{"@type":"WebSite","@id":"https:\/\/www.icscoolenergy.com\/hu\/#website","url":"https:\/\/www.icscoolenergy.com\/hu\/","name":"ICS Cool Energy","description":"The Process Temperature Control Specialists","publisher":{"@id":"https:\/\/www.icscoolenergy.com\/hu\/#organization"},"alternateName":"ICS","potentialAction":[{"@type":"SearchAction","target":{"@type":"EntryPoint","urlTemplate":"https:\/\/www.icscoolenergy.com\/hu\/?s={search_term_string}"},"query-input":{"@type":"PropertyValueSpecification","valueRequired":true,"valueName":"search_term_string"}}],"inLanguage":"hu"},{"@type":"Organization","@id":"https:\/\/www.icscoolenergy.com\/hu\/#organization","name":"ICS Cool Energy","url":"https:\/\/www.icscoolenergy.com\/hu\/","logo":{"@type":"ImageObject","inLanguage":"hu","@id":"https:\/\/www.icscoolenergy.com\/hu\/#\/schema\/logo\/image\/","url":"https:\/\/www.icscoolenergy.com\/wp-content\/uploads\/sites\/10\/2024\/01\/ics-cool-energy-logo.svg","contentUrl":"https:\/\/www.icscoolenergy.com\/wp-content\/uploads\/sites\/10\/2024\/01\/ics-cool-energy-logo.svg","caption":"ICS Cool Energy"},"image":{"@id":"https:\/\/www.icscoolenergy.com\/hu\/#\/schema\/logo\/image\/"},"sameAs":["https:\/\/www.linkedin.com\/company\/ics-temperature-control\/","https:\/\/www.youtube.com\/@ICSCoolEnergyLtd"],"description":"ICS Cool Energy is a market leader for process and critical temperature control solutions that keep all types and sizes of businesses and industry running. Our headquarters are situated in Southampton, with offices throughout the UK and Europe, employing over 250 people in the UK alone.","email":"info@icscoolenergy.com","telephone":"0800 840 4210","legalName":"ICS Cool Energy Limited","numberOfEmployees":{"@type":"QuantitativeValue","minValue":"201","maxValue":"500"}}]}},"_links":{"self":[{"href":"https:\/\/www.icscoolenergy.com\/hu\/wp-json\/wp\/v2\/pages\/86531","targetHints":{"allow":["GET"]}}],"collection":[{"href":"https:\/\/www.icscoolenergy.com\/hu\/wp-json\/wp\/v2\/pages"}],"about":[{"href":"https:\/\/www.icscoolenergy.com\/hu\/wp-json\/wp\/v2\/types\/page"}],"author":[{"embeddable":true,"href":"https:\/\/www.icscoolenergy.com\/hu\/wp-json\/wp\/v2\/users\/1"}],"replies":[{"embeddable":true,"href":"https:\/\/www.icscoolenergy.com\/hu\/wp-json\/wp\/v2\/comments?post=86531"}],"version-history":[{"count":0,"href":"https:\/\/www.icscoolenergy.com\/hu\/wp-json\/wp\/v2\/pages\/86531\/revisions"}],"up":[{"embeddable":true,"href":"https:\/\/www.icscoolenergy.com\/hu\/wp-json\/wp\/v2\/pages\/86313"}],"wp:attachment":[{"href":"https:\/\/www.icscoolenergy.com\/hu\/wp-json\/wp\/v2\/media?parent=86531"}],"curies":[{"name":"wp","href":"https:\/\/api.w.org\/{rel}","templated":true}]}}