 
{"id":86539,"date":"2024-04-09T14:34:29","date_gmt":"2024-04-09T14:34:29","guid":{"rendered":"https:\/\/www.icscoolenergy.com\/hu\/rolunk\/altalanos-szerzodesi-feltetelek\/"},"modified":"2024-11-30T12:08:24","modified_gmt":"2024-11-30T12:08:24","slug":"altalanos-szerzodesi-feltetelek","status":"publish","type":"page","link":"https:\/\/www.icscoolenergy.com\/hu\/rolunk\/altalanos-szerzodesi-feltetelek\/","title":{"rendered":"\u00c1ltal\u00e1nos Szerz\u0151d\u00e9si Felt\u00e9telek"},"content":{"rendered":"\n<div class=\"mb-8 eplus-wrapper wp-block-group is-layout-flow wp-block-group-is-layout-flow\">\n<div style=\"height:43px\" aria-hidden=\"true\" class=\"xs:hidden md:block eplus-wrapper wp-block-spacer\"><\/div>\n<\/div>\n\n<div class=\"flex flex-row flex-wrap md:flex-nowrap sm:justify-center sm:items-center wp-block-group eplus-wrapper is-layout-constrained wp-block-group-is-layout-constrained\">\n<div class=\"w-full p-2 m-2 wp-block-group eplus-wrapper is-vertical is-layout-flex wp-container-core-group-is-layout-8cf370e7 wp-block-group-is-layout-flex\">\n<h1 class=\" wp-block-heading eplus-wrapper\" id=\"h-terms-and-conditions-for-website-usage\">A WEBOLDAL HASZN\u00c1LAT\u00c1NAK FELT\u00c9TELEI<\/h1>\n\n\n\n<div style=\"height:8px\" aria-hidden=\"true\" class=\"wp-block-spacer eplus-wrapper wp-container-content-7d115344\"><\/div>\n\n\n\n<p class=\"has-text-color has-link-color eplus-wrapper wp-elements-8119cb0dbacc30455922f6c7a9c73855\" style=\"color:#323130\">\u00dcdv\u00f6z\u00f6lj\u00fck az ICS Cool Energy weboldal\u00e1n.<\/p>\n\n\n\n<p class=\"has-text-color has-link-color eplus-wrapper wp-elements-3da62c2571aa1ae17133f45bae37fd2c\" style=\"color:#323130\">Ha tov\u00e1bbra is b\u00f6ng\u00e9szi \u00e9s haszn\u00e1lja ezt a weboldalt, akkor beleegyezik abba, hogy betartja \u00e9s mag\u00e1ra n\u00e9zve k\u00f6telez\u0151nek ismeri el az al\u00e1bbi felhaszn\u00e1l\u00e1si felt\u00e9teleket, amelyek az adatv\u00e9delmi szab\u00e1lyzatunkkal egy\u00fctt szab\u00e1lyozz\u00e1k az ICS Cool Energy \u00e9s \u00d6nnel val\u00f3 kapcsolat\u00e1t a weboldallal kapcsolatban. Ha nem \u00e9rt egyet a jelen felt\u00e9telek b\u00e1rmely r\u00e9sz\u00e9vel, k\u00e9rj\u00fck, ne haszn\u00e1lja weboldalunkat. <\/p>\n\n\n\n<p class=\"has-text-color has-link-color eplus-wrapper wp-elements-805be3c37d87e018a69b7b4fb383a3e7\" style=\"color:#323130\">Az &#8222;ICS Cool Energy&#8221; vagy &#8222;minket&#8221; vagy &#8222;mi&#8221; kifejez\u00e9s a weboldal tulajdonos\u00e1ra utal, amelynek bejegyzett sz\u00e9khelye ICS House, Stephenson Road, Calmore Industrial Estate, Totton, Southampton SO40 3SA. C\u00e9gjegyz\u00e9ksz\u00e1munk 05509182. Az &#8222;\u00d6n&#8221; kifejez\u00e9s weboldalunk felhaszn\u00e1l\u00f3j\u00e1ra vagy n\u00e9z\u0151j\u00e9re vonatkozik.  <\/p>\n\n\n\n<p class=\"has-text-color has-link-color eplus-wrapper wp-elements-b90be14b97a5158ce95909f8544480ee\" style=\"color:#323130\">A weboldal haszn\u00e1lat\u00e1ra a k\u00f6vetkez\u0151 felhaszn\u00e1l\u00e1si felt\u00e9telek vonatkoznak:<\/p>\n\n\n<ul class=\"eplus-wrapper wp-block-list eplus-styles-uid-0709b7\"><li class=\" eplus-wrapper eplus-styles-uid-d57e6b\">A weboldal oldalainak tartalma csak \u00e1ltal\u00e1nos t\u00e1j\u00e9koztat\u00e1sra \u00e9s haszn\u00e1latra szolg\u00e1l. Ez el\u0151zetes \u00e9rtes\u00edt\u00e9s n\u00e9lk\u00fcl megv\u00e1ltozhat. <\/li>\n\n<li class=\" eplus-wrapper eplus-styles-uid-d57e6b\"><a href=\"\/?page_id=80546\" class=\"ek-link\">Ez a weboldal cookie-kat haszn\u00e1l<\/a> a b\u00f6ng\u00e9sz\u00e9si preferenci\u00e1k figyelemmel k\u00eds\u00e9r\u00e9s\u00e9re. Ha enged\u00e9lyezi a cookie-k haszn\u00e1lat\u00e1t, a szem\u00e9lyes adatokat t\u00e1rolhatjuk felhaszn\u00e1l\u00e1s c\u00e9lj\u00e1b\u00f3l. <\/li>\n\n<li class=\" eplus-wrapper eplus-styles-uid-d57e6b\">Nem v\u00e1llalunk garanci\u00e1t vagy garanci\u00e1t az ezen a weboldalon tal\u00e1lhat\u00f3 vagy k\u00edn\u00e1lt inform\u00e1ci\u00f3k \u00e9s anyagok pontoss\u00e1g\u00e1ra, id\u0151szer\u0171s\u00e9g\u00e9re, teljes\u00edtm\u00e9ny\u00e9re, teljess\u00e9g\u00e9re vagy alkalmass\u00e1g\u00e1ra vonatkoz\u00f3an. \u00d6n tudom\u00e1sul veszi, hogy az ilyen inform\u00e1ci\u00f3k \u00e9s anyagok pontatlans\u00e1gokat vagy hib\u00e1kat tartalmazhatnak, \u00e9s a t\u00f6rv\u00e9ny \u00e1ltal megengedett legteljesebb m\u00e9rt\u00e9kben kifejezetten kiz\u00e1rjuk a felel\u0151ss\u00e9get az ilyen pontatlans\u00e1gok\u00e9rt vagy hib\u00e1k\u00e9rt. <\/li>\n\n<li class=\" eplus-wrapper eplus-styles-uid-d57e6b\">A weboldalon tal\u00e1lhat\u00f3 b\u00e1rmely inform\u00e1ci\u00f3 vagy anyag haszn\u00e1lata teljes m\u00e9rt\u00e9kben a saj\u00e1t felel\u0151ss\u00e9g\u00e9re t\u00f6rt\u00e9nik, amely\u00e9rt nem v\u00e1llalunk felel\u0151ss\u00e9get. Az \u00d6n felel\u0151ss\u00e9ge annak biztos\u00edt\u00e1sa, hogy a weboldalon kereszt\u00fcl el\u00e9rhet\u0151 term\u00e9kek, szolg\u00e1ltat\u00e1sok vagy inform\u00e1ci\u00f3k megfeleljenek az \u00d6n egyedi ig\u00e9nyeinek. <\/li>\n\n<li class=\" eplus-wrapper eplus-styles-uid-d57e6b\">Ez a weboldal olyan anyagokat tartalmaz, amelyek a mi tulajdonunkban vannak, vagy amelyeket licencel\u00fcnk. Ez az anyag mag\u00e1ban foglalja, de nem kiz\u00e1r\u00f3lagosan, a tervez\u00e9st, az elrendez\u00e9st, a megjelen\u00e9st, a megjelen\u00e9st \u00e9s a grafik\u00e1t. A sokszoros\u00edt\u00e1s tilos, kiv\u00e9ve a szerz\u0151i jogi nyilatkozatban foglaltakat, amelyek a jelen felt\u00e9telek r\u00e9sz\u00e9t k\u00e9pezik.  <\/li>\n\n<li class=\" eplus-wrapper eplus-styles-uid-d57e6b\">Az ezen a weboldalon reproduk\u00e1lt \u00f6sszes v\u00e9djegy, amely nem az \u00fczemeltet\u0151 tulajdona vagy enged\u00e9lye, a weboldalon elismer\u00e9sre ker\u00fcl.<\/li>\n\n<li class=\" eplus-wrapper eplus-styles-uid-d57e6b\">A weboldal jogosulatlan haszn\u00e1lata k\u00e1rt\u00e9r\u00edt\u00e9si ig\u00e9nyt \u00e9s\/vagy b\u0171ncselekm\u00e9nyt vonhat maga ut\u00e1n.<\/li>\n\n<li class=\" eplus-wrapper eplus-styles-uid-d57e6b\">Id\u0151r\u0151l id\u0151re ez a weboldal m\u00e1s weboldalakra mutat\u00f3 linkeket is tartalmazhat. Ezek a linkek az \u00d6n k\u00e9nyelm\u00e9t szolg\u00e1lj\u00e1k, hogy tov\u00e1bbi inform\u00e1ci\u00f3kat ny\u00fajtsanak. Nem jelentik azt, hogy t\u00e1mogatjuk a weboldal(ak)at. Nem v\u00e1llalunk felel\u0151ss\u00e9get a hivatkozott weboldal(ak) tartalm\u00e1\u00e9rt.   <\/li>\n\n<li class=\" eplus-wrapper eplus-styles-uid-d57e6b\">A weboldal \u00d6n \u00e1ltali haszn\u00e1lat\u00e1ra \u00e9s a weboldal ilyen haszn\u00e1lat\u00e1b\u00f3l ered\u0151 b\u00e1rmely vit\u00e1ra Anglia, \u00c9szak-\u00cdrorsz\u00e1g, Sk\u00f3cia \u00e9s Wales t\u00f6rv\u00e9nyei vonatkoznak.<\/li><\/ul><\/div>\n<\/div>\n\n<div style=\"height:60px\" aria-hidden=\"true\" class=\" wp-block-spacer eplus-wrapper\"><\/div>\n\n<div class=\"px-0 pt-12 pb-8 wp-block-group eplus-wrapper is-layout-flow wp-block-group-is-layout-flow\"><div class=\"p-0 is-not-stacked-on-mbile has-background rounded-2xl items-center lg:flex xs:grid wp-block-columns eplus-wrapper is-layout-flex wp-container-core-columns-is-layout-9d6595d7 wp-block-columns-is-layout-flex eplus-styles-uid-6f38af\" style=\"background-color:#eaeaef\">\n<div class=\"wp-block-column eplus-wrapper is-layout-flow wp-block-column-is-layout-flow\">\n<h2 class=\"mb-12 wp-block-heading has-text-align-left eplus-wrapper\" id=\"h-terms-amp-conditions-downloads\">\u00c1LTAL\u00c1NOS SZERZ\u0150D\u00c9SI FELT\u00c9TELEK &#8211; LET\u00d6LT\u00c9SEK<\/h2>\n\n\n\n<div class=\"gap-x-8 md:grid md:grid-rows-auto md:auto md:grid-cols-2 xs:block justify-between wp-block-group eplus-wrapper is-layout-flow wp-block-group-is-layout-flow\"><div class=\"download_div flex justify-between w-full py-6 sm:px-10 xs:px-6  rounded wp-block-file has-white-background-color has-background eplus-wrapper eplus-styles-uid-87c690\"><a id=\"wp-block-file--media-114be661-f6b3-4620-ab0b-d3a626bd490a\" href=\"https:\/\/www.icscoolenergy.com\/hu\/wp-content\/uploads\/sites\/10\/2024\/04\/Terms-Conditions-for-Goods-Services-017-formatted-for-CRM.pdf\" target=\"_blank\" rel=\"noreferrer noopener\"><strong>Az \u00e1rukra \u00e9s szolg\u00e1ltat\u00e1sokra vonatkoz\u00f3 felt\u00e9telek<\/strong><br>PDF<\/a><a href=\"https:\/\/www.icscoolenergy.com\/hu\/wp-content\/uploads\/sites\/10\/2024\/04\/Terms-Conditions-for-Goods-Services-017-formatted-for-CRM.pdf\" class=\"wp-block-file__button wp-element-button\" download=\"\" aria-describedby=\"wp-block-file--media-114be661-f6b3-4620-ab0b-d3a626bd490a\"><img decoding=\"async\" class=\"wp-image-79903\" style=\"width: 26px;\" src=\"https:\/\/icsdevelopment.wpenginepowered.com\/wp-content\/uploads\/sites\/10\/2024\/03\/Group.svg\" alt=\"\"><span class=\"eplus-icon\"><span data-style=\"{\" enabled=\"\" style=\"border-radius:0px;\" class=\"eplus-icon\"><\/span><\/span> <\/a><\/div>\n\n<div class=\"download_div flex justify-between w-full py-6 sm:px-10 xs:px-6  rounded wp-block-file has-white-background-color has-background eplus-wrapper eplus-styles-uid-87c690\"><a id=\"wp-block-file--media-114be661-f6b3-4620-ab0b-d3a626bd490a\" href=\"https:\/\/www.icscoolenergy.com\/hu\/wp-content\/uploads\/sites\/10\/2024\/04\/UK-ICS-Cool-Energy-Hire-TCs-2022-11.pdf\" target=\"_blank\" rel=\"noreferrer noopener\"><strong>B\u00e9rl\u00e9si felt\u00e9telek<\/strong><br>PDF<\/a><a href=\"https:\/\/www.icscoolenergy.com\/hu\/wp-content\/uploads\/sites\/10\/2024\/04\/UK-ICS-Cool-Energy-Hire-TCs-2022-11.pdf\" class=\"wp-block-file__button wp-element-button\" download=\"\" aria-describedby=\"wp-block-file--media-114be661-f6b3-4620-ab0b-d3a626bd490a\"><img decoding=\"async\" class=\"wp-image-79903\" style=\"width: 26px;\" src=\"https:\/\/icsdevelopment.wpenginepowered.com\/wp-content\/uploads\/sites\/10\/2024\/03\/Group.svg\" alt=\"\"><span class=\"eplus-icon\"><span data-style=\"{\" enabled=\"\" style=\"border-radius:0px;\" class=\"eplus-icon\"><\/span><\/span> <\/a><\/div>\n\n<div class=\"download_div flex justify-between w-full py-6 sm:px-10 xs:px-6  rounded wp-block-file has-white-background-color has-background eplus-wrapper eplus-styles-uid-87c690\"><a id=\"wp-block-file--media-114be661-f6b3-4620-ab0b-d3a626bd490a\" href=\"https:\/\/www.icscoolenergy.com\/hu\/wp-content\/uploads\/sites\/10\/2024\/04\/Terms-and-Conditions-for-Purchase-of-Goods-and-Services-1.pdf\" target=\"_blank\" rel=\"noreferrer noopener\"><strong>\u00c1SZF \u00e1ruk \u00e9s szolg\u00e1ltat\u00e1sok v\u00e1s\u00e1rl\u00e1s\u00e1ra<\/strong><br>PDF<\/a><a href=\"https:\/\/www.icscoolenergy.com\/hu\/wp-content\/uploads\/sites\/10\/2024\/04\/Terms-and-Conditions-for-Purchase-of-Goods-and-Services-1.pdf\" class=\"wp-block-file__button wp-element-button\" download=\"\" aria-describedby=\"wp-block-file--media-114be661-f6b3-4620-ab0b-d3a626bd490a\"><img decoding=\"async\" class=\"wp-image-79903\" style=\"width: 26px;\" src=\"https:\/\/icsdevelopment.wpenginepowered.com\/wp-content\/uploads\/sites\/10\/2024\/03\/Group.svg\" alt=\"\"><span class=\"eplus-icon\"><span data-style=\"{\" enabled=\"\" style=\"border-radius:0px;\" class=\"eplus-icon\"><\/span><\/span> <\/a><\/div><\/div>\n<\/div>\n<\/div><\/div>\n\n<div style=\"height:120px\" aria-hidden=\"true\" class=\" wp-block-spacer eplus-wrapper\"><\/div>\n","protected":false},"excerpt":{"rendered":"<p>A WEBOLDAL HASZN\u00c1LAT\u00c1NAK FELT\u00c9TELEI \u00dcdv\u00f6z\u00f6lj\u00fck az ICS Cool Energy weboldal\u00e1n. Ha tov\u00e1bbra is b\u00f6ng\u00e9szi \u00e9s haszn\u00e1lja ezt a weboldalt, akkor beleegyezik abba, hogy betartja \u00e9s mag\u00e1ra n\u00e9zve k\u00f6telez\u0151nek ismeri el az al\u00e1bbi felhaszn\u00e1l\u00e1si felt\u00e9teleket, amelyek az adatv\u00e9delmi szab\u00e1lyzatunkkal egy\u00fctt szab\u00e1lyozz\u00e1k az ICS Cool Energy \u00e9s \u00d6nnel val\u00f3 kapcsolat\u00e1t a weboldallal kapcsolatban. Ha nem \u00e9rt egyet &#8230; <a title=\"\u00c1ltal\u00e1nos Szerz\u0151d\u00e9si Felt\u00e9telek\" class=\"read-more\" href=\"https:\/\/www.icscoolenergy.com\/hu\/rolunk\/altalanos-szerzodesi-feltetelek\/\" aria-label=\"More on \u00c1ltal\u00e1nos Szerz\u0151d\u00e9si Felt\u00e9telek\">Read more<\/a><\/p>\n","protected":false},"author":1,"featured_media":0,"parent":86313,"menu_order":0,"comment_status":"closed","ping_status":"closed","template":"template-1.php","meta":{"_acf_changed":false,"inline_featured_image":false,"_editorskit_title_hidden":false,"_editorskit_reading_time":0,"_editorskit_is_block_options_detached":false,"_editorskit_block_options_position":"{}","editor_plus_copied_stylings":"{}","footnotes":""},"class_list":["post-86539","page","type-page","status-publish"],"acf":[],"yoast_head":"<!-- This site is optimized with the Yoast SEO Premium plugin v24.5 (Yoast SEO v26.9) - https:\/\/yoast.com\/product\/yoast-seo-premium-wordpress\/ -->\n<title>\u00c1ltal\u00e1nos Szerz\u0151d\u00e9si Felt\u00e9telek | Hungary<\/title>\n<meta name=\"robots\" content=\"index, follow, max-snippet:-1, max-image-preview:large, max-video-preview:-1\" \/>\n<link rel=\"canonical\" href=\"https:\/\/www.icscoolenergy.com\/hu\/rolunk\/altalanos-szerzodesi-feltetelek\/\" \/>\n<meta property=\"og:locale\" content=\"hu_HU\" \/>\n<meta property=\"og:type\" content=\"article\" \/>\n<meta property=\"og:title\" content=\"\u00c1ltal\u00e1nos Szerz\u0151d\u00e9si Felt\u00e9telek\" \/>\n<meta property=\"og:description\" content=\"A WEBOLDAL HASZN\u00c1LAT\u00c1NAK FELT\u00c9TELEI \u00dcdv\u00f6z\u00f6lj\u00fck az ICS Cool Energy weboldal\u00e1n. Ha tov\u00e1bbra is b\u00f6ng\u00e9szi \u00e9s haszn\u00e1lja ezt a weboldalt, akkor beleegyezik abba, hogy betartja \u00e9s mag\u00e1ra n\u00e9zve k\u00f6telez\u0151nek ismeri el az al\u00e1bbi felhaszn\u00e1l\u00e1si felt\u00e9teleket, amelyek az adatv\u00e9delmi szab\u00e1lyzatunkkal egy\u00fctt szab\u00e1lyozz\u00e1k az ICS Cool Energy \u00e9s \u00d6nnel val\u00f3 kapcsolat\u00e1t a weboldallal kapcsolatban. Ha nem \u00e9rt egyet ... Read more\" \/>\n<meta property=\"og:url\" content=\"https:\/\/www.icscoolenergy.com\/hu\/rolunk\/altalanos-szerzodesi-feltetelek\/\" \/>\n<meta property=\"og:site_name\" content=\"Hungary\" \/>\n<meta property=\"article:modified_time\" content=\"2024-11-30T12:08:24+00:00\" \/>\n<meta property=\"og:image\" content=\"https:\/\/icsdevelopment.wpenginepowered.com\/wp-content\/uploads\/sites\/10\/2024\/03\/Group.svg\" \/>\n<meta name=\"twitter:card\" content=\"summary_large_image\" \/>\n<meta name=\"twitter:label1\" content=\"Est. reading time\" \/>\n\t<meta name=\"twitter:data1\" content=\"3 perc\" \/>\n<script type=\"application\/ld+json\" class=\"yoast-schema-graph\">{\"@context\":\"https:\/\/schema.org\",\"@graph\":[{\"@type\":\"WebPage\",\"@id\":\"https:\/\/www.icscoolenergy.com\/hu\/rolunk\/altalanos-szerzodesi-feltetelek\/\",\"url\":\"https:\/\/www.icscoolenergy.com\/hu\/rolunk\/altalanos-szerzodesi-feltetelek\/\",\"name\":\"\u00c1ltal\u00e1nos Szerz\u0151d\u00e9si Felt\u00e9telek | Hungary\",\"isPartOf\":{\"@id\":\"https:\/\/www.icscoolenergy.com\/hu\/#website\"},\"primaryImageOfPage\":{\"@id\":\"https:\/\/www.icscoolenergy.com\/hu\/rolunk\/altalanos-szerzodesi-feltetelek\/#primaryimage\"},\"image\":{\"@id\":\"https:\/\/www.icscoolenergy.com\/hu\/rolunk\/altalanos-szerzodesi-feltetelek\/#primaryimage\"},\"thumbnailUrl\":\"https:\/\/icsdevelopment.wpenginepowered.com\/wp-content\/uploads\/sites\/10\/2024\/03\/Group.svg\",\"datePublished\":\"2024-04-09T14:34:29+00:00\",\"dateModified\":\"2024-11-30T12:08:24+00:00\",\"breadcrumb\":{\"@id\":\"https:\/\/www.icscoolenergy.com\/hu\/rolunk\/altalanos-szerzodesi-feltetelek\/#breadcrumb\"},\"inLanguage\":\"hu\",\"potentialAction\":[{\"@type\":\"ReadAction\",\"target\":[\"https:\/\/www.icscoolenergy.com\/hu\/rolunk\/altalanos-szerzodesi-feltetelek\/\"]}]},{\"@type\":\"ImageObject\",\"inLanguage\":\"hu\",\"@id\":\"https:\/\/www.icscoolenergy.com\/hu\/rolunk\/altalanos-szerzodesi-feltetelek\/#primaryimage\",\"url\":\"https:\/\/icsdevelopment.wpenginepowered.com\/wp-content\/uploads\/sites\/10\/2024\/03\/Group.svg\",\"contentUrl\":\"https:\/\/icsdevelopment.wpenginepowered.com\/wp-content\/uploads\/sites\/10\/2024\/03\/Group.svg\"},{\"@type\":\"BreadcrumbList\",\"@id\":\"https:\/\/www.icscoolenergy.com\/hu\/rolunk\/altalanos-szerzodesi-feltetelek\/#breadcrumb\",\"itemListElement\":[{\"@type\":\"ListItem\",\"position\":1,\"name\":\"Home\",\"item\":\"https:\/\/www.icscoolenergy.com\/hu\/\"},{\"@type\":\"ListItem\",\"position\":2,\"name\":\"R\u00f3lunk\",\"item\":\"https:\/\/www.icscoolenergy.com\/hu\/rolunk\/\"},{\"@type\":\"ListItem\",\"position\":3,\"name\":\"\u00c1ltal\u00e1nos Szerz\u0151d\u00e9si Felt\u00e9telek\"}]},{\"@type\":\"WebSite\",\"@id\":\"https:\/\/www.icscoolenergy.com\/hu\/#website\",\"url\":\"https:\/\/www.icscoolenergy.com\/hu\/\",\"name\":\"ICS Cool Energy\",\"description\":\"The Process Temperature Control Specialists\",\"publisher\":{\"@id\":\"https:\/\/www.icscoolenergy.com\/hu\/#organization\"},\"alternateName\":\"ICS\",\"potentialAction\":[{\"@type\":\"SearchAction\",\"target\":{\"@type\":\"EntryPoint\",\"urlTemplate\":\"https:\/\/www.icscoolenergy.com\/hu\/?s={search_term_string}\"},\"query-input\":{\"@type\":\"PropertyValueSpecification\",\"valueRequired\":true,\"valueName\":\"search_term_string\"}}],\"inLanguage\":\"hu\"},{\"@type\":\"Organization\",\"@id\":\"https:\/\/www.icscoolenergy.com\/hu\/#organization\",\"name\":\"ICS Cool Energy\",\"url\":\"https:\/\/www.icscoolenergy.com\/hu\/\",\"logo\":{\"@type\":\"ImageObject\",\"inLanguage\":\"hu\",\"@id\":\"https:\/\/www.icscoolenergy.com\/hu\/#\/schema\/logo\/image\/\",\"url\":\"https:\/\/www.icscoolenergy.com\/wp-content\/uploads\/sites\/10\/2024\/01\/ics-cool-energy-logo.svg\",\"contentUrl\":\"https:\/\/www.icscoolenergy.com\/wp-content\/uploads\/sites\/10\/2024\/01\/ics-cool-energy-logo.svg\",\"caption\":\"ICS Cool Energy\"},\"image\":{\"@id\":\"https:\/\/www.icscoolenergy.com\/hu\/#\/schema\/logo\/image\/\"},\"sameAs\":[\"https:\/\/www.linkedin.com\/company\/ics-temperature-control\/\",\"https:\/\/www.youtube.com\/@ICSCoolEnergyLtd\"],\"description\":\"ICS Cool Energy is a market leader for process and critical temperature control solutions that keep all types and sizes of businesses and industry running. Our headquarters are situated in Southampton, with offices throughout the UK and Europe, employing over 250 people in the UK alone.\",\"email\":\"info@icscoolenergy.com\",\"telephone\":\"0800 840 4210\",\"legalName\":\"ICS Cool Energy Limited\",\"numberOfEmployees\":{\"@type\":\"QuantitativeValue\",\"minValue\":\"201\",\"maxValue\":\"500\"}}]}<\/script>\n<!-- \/ Yoast SEO Premium plugin. -->","yoast_head_json":{"title":"\u00c1ltal\u00e1nos Szerz\u0151d\u00e9si Felt\u00e9telek | Hungary","robots":{"index":"index","follow":"follow","max-snippet":"max-snippet:-1","max-image-preview":"max-image-preview:large","max-video-preview":"max-video-preview:-1"},"canonical":"https:\/\/www.icscoolenergy.com\/hu\/rolunk\/altalanos-szerzodesi-feltetelek\/","og_locale":"hu_HU","og_type":"article","og_title":"\u00c1ltal\u00e1nos Szerz\u0151d\u00e9si Felt\u00e9telek","og_description":"A WEBOLDAL HASZN\u00c1LAT\u00c1NAK FELT\u00c9TELEI \u00dcdv\u00f6z\u00f6lj\u00fck az ICS Cool Energy weboldal\u00e1n. Ha tov\u00e1bbra is b\u00f6ng\u00e9szi \u00e9s haszn\u00e1lja ezt a weboldalt, akkor beleegyezik abba, hogy betartja \u00e9s mag\u00e1ra n\u00e9zve k\u00f6telez\u0151nek ismeri el az al\u00e1bbi felhaszn\u00e1l\u00e1si felt\u00e9teleket, amelyek az adatv\u00e9delmi szab\u00e1lyzatunkkal egy\u00fctt szab\u00e1lyozz\u00e1k az ICS Cool Energy \u00e9s \u00d6nnel val\u00f3 kapcsolat\u00e1t a weboldallal kapcsolatban. Ha nem \u00e9rt egyet ... Read more","og_url":"https:\/\/www.icscoolenergy.com\/hu\/rolunk\/altalanos-szerzodesi-feltetelek\/","og_site_name":"Hungary","article_modified_time":"2024-11-30T12:08:24+00:00","og_image":[{"url":"https:\/\/icsdevelopment.wpenginepowered.com\/wp-content\/uploads\/sites\/10\/2024\/03\/Group.svg","type":"","width":"","height":""}],"twitter_card":"summary_large_image","twitter_misc":{"Est. reading time":"3 perc"},"schema":{"@context":"https:\/\/schema.org","@graph":[{"@type":"WebPage","@id":"https:\/\/www.icscoolenergy.com\/hu\/rolunk\/altalanos-szerzodesi-feltetelek\/","url":"https:\/\/www.icscoolenergy.com\/hu\/rolunk\/altalanos-szerzodesi-feltetelek\/","name":"\u00c1ltal\u00e1nos Szerz\u0151d\u00e9si Felt\u00e9telek | Hungary","isPartOf":{"@id":"https:\/\/www.icscoolenergy.com\/hu\/#website"},"primaryImageOfPage":{"@id":"https:\/\/www.icscoolenergy.com\/hu\/rolunk\/altalanos-szerzodesi-feltetelek\/#primaryimage"},"image":{"@id":"https:\/\/www.icscoolenergy.com\/hu\/rolunk\/altalanos-szerzodesi-feltetelek\/#primaryimage"},"thumbnailUrl":"https:\/\/icsdevelopment.wpenginepowered.com\/wp-content\/uploads\/sites\/10\/2024\/03\/Group.svg","datePublished":"2024-04-09T14:34:29+00:00","dateModified":"2024-11-30T12:08:24+00:00","breadcrumb":{"@id":"https:\/\/www.icscoolenergy.com\/hu\/rolunk\/altalanos-szerzodesi-feltetelek\/#breadcrumb"},"inLanguage":"hu","potentialAction":[{"@type":"ReadAction","target":["https:\/\/www.icscoolenergy.com\/hu\/rolunk\/altalanos-szerzodesi-feltetelek\/"]}]},{"@type":"ImageObject","inLanguage":"hu","@id":"https:\/\/www.icscoolenergy.com\/hu\/rolunk\/altalanos-szerzodesi-feltetelek\/#primaryimage","url":"https:\/\/icsdevelopment.wpenginepowered.com\/wp-content\/uploads\/sites\/10\/2024\/03\/Group.svg","contentUrl":"https:\/\/icsdevelopment.wpenginepowered.com\/wp-content\/uploads\/sites\/10\/2024\/03\/Group.svg"},{"@type":"BreadcrumbList","@id":"https:\/\/www.icscoolenergy.com\/hu\/rolunk\/altalanos-szerzodesi-feltetelek\/#breadcrumb","itemListElement":[{"@type":"ListItem","position":1,"name":"Home","item":"https:\/\/www.icscoolenergy.com\/hu\/"},{"@type":"ListItem","position":2,"name":"R\u00f3lunk","item":"https:\/\/www.icscoolenergy.com\/hu\/rolunk\/"},{"@type":"ListItem","position":3,"name":"\u00c1ltal\u00e1nos Szerz\u0151d\u00e9si Felt\u00e9telek"}]},{"@type":"WebSite","@id":"https:\/\/www.icscoolenergy.com\/hu\/#website","url":"https:\/\/www.icscoolenergy.com\/hu\/","name":"ICS Cool Energy","description":"The Process Temperature Control Specialists","publisher":{"@id":"https:\/\/www.icscoolenergy.com\/hu\/#organization"},"alternateName":"ICS","potentialAction":[{"@type":"SearchAction","target":{"@type":"EntryPoint","urlTemplate":"https:\/\/www.icscoolenergy.com\/hu\/?s={search_term_string}"},"query-input":{"@type":"PropertyValueSpecification","valueRequired":true,"valueName":"search_term_string"}}],"inLanguage":"hu"},{"@type":"Organization","@id":"https:\/\/www.icscoolenergy.com\/hu\/#organization","name":"ICS Cool Energy","url":"https:\/\/www.icscoolenergy.com\/hu\/","logo":{"@type":"ImageObject","inLanguage":"hu","@id":"https:\/\/www.icscoolenergy.com\/hu\/#\/schema\/logo\/image\/","url":"https:\/\/www.icscoolenergy.com\/wp-content\/uploads\/sites\/10\/2024\/01\/ics-cool-energy-logo.svg","contentUrl":"https:\/\/www.icscoolenergy.com\/wp-content\/uploads\/sites\/10\/2024\/01\/ics-cool-energy-logo.svg","caption":"ICS Cool Energy"},"image":{"@id":"https:\/\/www.icscoolenergy.com\/hu\/#\/schema\/logo\/image\/"},"sameAs":["https:\/\/www.linkedin.com\/company\/ics-temperature-control\/","https:\/\/www.youtube.com\/@ICSCoolEnergyLtd"],"description":"ICS Cool Energy is a market leader for process and critical temperature control solutions that keep all types and sizes of businesses and industry running. Our headquarters are situated in Southampton, with offices throughout the UK and Europe, employing over 250 people in the UK alone.","email":"info@icscoolenergy.com","telephone":"0800 840 4210","legalName":"ICS Cool Energy Limited","numberOfEmployees":{"@type":"QuantitativeValue","minValue":"201","maxValue":"500"}}]}},"_links":{"self":[{"href":"https:\/\/www.icscoolenergy.com\/hu\/wp-json\/wp\/v2\/pages\/86539","targetHints":{"allow":["GET"]}}],"collection":[{"href":"https:\/\/www.icscoolenergy.com\/hu\/wp-json\/wp\/v2\/pages"}],"about":[{"href":"https:\/\/www.icscoolenergy.com\/hu\/wp-json\/wp\/v2\/types\/page"}],"author":[{"embeddable":true,"href":"https:\/\/www.icscoolenergy.com\/hu\/wp-json\/wp\/v2\/users\/1"}],"replies":[{"embeddable":true,"href":"https:\/\/www.icscoolenergy.com\/hu\/wp-json\/wp\/v2\/comments?post=86539"}],"version-history":[{"count":0,"href":"https:\/\/www.icscoolenergy.com\/hu\/wp-json\/wp\/v2\/pages\/86539\/revisions"}],"up":[{"embeddable":true,"href":"https:\/\/www.icscoolenergy.com\/hu\/wp-json\/wp\/v2\/pages\/86313"}],"wp:attachment":[{"href":"https:\/\/www.icscoolenergy.com\/hu\/wp-json\/wp\/v2\/media?parent=86539"}],"curies":[{"name":"wp","href":"https:\/\/api.w.org\/{rel}","templated":true}]}}