 
{"id":86569,"date":"2024-04-09T15:22:32","date_gmt":"2024-04-09T15:22:32","guid":{"rendered":"https:\/\/www.icscoolenergy.com\/hu\/rolunk\/altalanos-szerzodesi-feltetelek\/cookie-szabalyzat\/"},"modified":"2024-11-30T12:08:24","modified_gmt":"2024-11-30T12:08:24","slug":"cookie-szabalyzat","status":"publish","type":"page","link":"https:\/\/www.icscoolenergy.com\/hu\/rolunk\/altalanos-szerzodesi-feltetelek\/cookie-szabalyzat\/","title":{"rendered":"Cookie szab\u00e1lyzat"},"content":{"rendered":"\n<div class=\"flex flex-row flex-wrap md:flex-nowrap sm:justify-center sm:items-center wp-block-group eplus-wrapper is-layout-constrained wp-block-group-is-layout-constrained\">\n<div class=\"w-full p-2 m-2 wp-block-group eplus-wrapper is-vertical is-layout-flex wp-container-core-group-is-layout-8cf370e7 wp-block-group-is-layout-flex\">\n<div style=\"height:8px\" aria-hidden=\"true\" class=\"wp-block-spacer eplus-wrapper wp-container-content-7d115344\"><\/div>\n\n\n\n<h1 class=\"eplus-wrapper pt-8 wp-block-heading has-text-color has-link-color wp-elements-1638c658b01301c6abdfc8bfe7af6288\" id=\"h-cookie-policy\" style=\"color:#312f5f\">COOKIE SZAB\u00c1LYZAT<\/h1>\n\n\n\n<div style=\"height:8px\" aria-hidden=\"true\" class=\"wp-block-spacer eplus-wrapper wp-container-content-7d115344\"><\/div>\n\n\n\n<p class=\"has-text-color has-link-color eplus-wrapper wp-elements-4af53402f4c8a1ed2db991d8711a9458\" style=\"color:#323130\">Ez az ICS Cool Energy Ltd cookie-szab\u00e1lyzata, amely el\u00e9rhet\u0151 <a href=\"https:\/\/www.icscoolenergy.com\/hu\/hu\/\" class=\"ek-link\">a www.icscoolenergy.co.uk<\/a><\/p>\n\n\n\n<p class=\"has-text-color has-link-color eplus-wrapper wp-elements-5cb41ea64d89f30b8aaf302a3b569fa0\" style=\"color:#323130\">Ez a weboldal az ICS Cool Energy tulajdona, egy Angli\u00e1ban 05509182 c\u00e9gjegyz\u00e9ksz\u00e1m alatt bejegyzett korl\u00e1tolt felel\u0151ss\u00e9g\u0171 t\u00e1rsas\u00e1g<\/p>\n\n\n\n<div style=\"height:16px\" aria-hidden=\"true\" class=\"wp-block-spacer eplus-wrapper wp-container-content-f9bd05ee\"><\/div>\n\n\n\n<h4 class=\"wp-block-heading has-text-color has-link-color eplus-wrapper wp-elements-2933d7545db5ab10be90a70c47716b3b\" id=\"h-what-are-cookies\" style=\"color:#323130\"><strong>Mik azok a cookie-k?<\/strong><\/h4>\n\n\n\n<p class=\"has-text-color has-link-color eplus-wrapper wp-elements-0f60f4d8f9058f6010759d8f5dd1da46\" style=\"color:#323130\">Mint szinte minden professzion\u00e1lis weboldal eset\u00e9ben, ez az oldal cookie-kat haszn\u00e1l, amelyek apr\u00f3 f\u00e1jlok, amelyeket a sz\u00e1m\u00edt\u00f3g\u00e9pre t\u00f6ltenek le a felhaszn\u00e1l\u00f3i \u00e9lm\u00e9ny jav\u00edt\u00e1sa \u00e9rdek\u00e9ben. Ez az oldal le\u00edrja, hogy milyen inform\u00e1ci\u00f3kat gy\u0171jtenek, hogyan haszn\u00e1ljuk fel \u0151ket, \u00e9s mi\u00e9rt kell n\u00e9ha t\u00e1rolnunk ezeket a s\u00fctiket. Azt is megosztjuk \u00d6nnel, hogyan akad\u00e1lyozhatja meg ezeknek a s\u00fctiknek a t\u00e1rol\u00e1s\u00e1t, azonban ez lemin\u0151s\u00edtheti vagy &#8222;megszak\u00edthatja&#8221; a webhely funkci\u00f3inak bizonyos elemeit.  <\/p>\n\n\n\n<p class=\"has-text-color has-link-color eplus-wrapper wp-elements-f6533b265049320e498244aeb089e056\" style=\"color:#323130\">A s\u00fctikkel kapcsolatos \u00e1ltal\u00e1nosabb inform\u00e1ci\u00f3k\u00e9rt k\u00e9rj\u00fck, olvassa el <a href=\"https:\/\/www.cookieconsent.com\/what-are-cookies\/\" target=\"_blank\" rel=\"noreferrer noopener\" class=\"ek-link\">a &#8222;Mik azok a s\u00fctik&#8221;<\/a> c\u00edm\u0171 r\u00e9szt.<\/p>\n\n\n\n<div style=\"height:16px\" aria-hidden=\"true\" class=\"wp-block-spacer eplus-wrapper wp-container-content-f9bd05ee\"><\/div>\n\n\n\n<h4 class=\"wp-block-heading has-text-color has-link-color eplus-wrapper wp-elements-61723ce342c6027641834fb4353c1f8e\" id=\"h-how-we-use-cookies\" style=\"color:#323130\"><strong>Hogyan haszn\u00e1ljuk a cookie-kat?<\/strong><\/h4>\n\n\n\n<p class=\"has-text-color has-link-color eplus-wrapper wp-elements-366d8fe4524bb6bae9bb858f72a49b41\" style=\"color:#323130\">A cookie-kat az al\u00e1bbiakban r\u00e9szletezett k\u00fcl\u00f6nb\u00f6z\u0151 okokb\u00f3l haszn\u00e1ljuk. Sajnos a legt\u00f6bb esetben nincsenek ipar\u00e1gi szabv\u00e1nyos lehet\u0151s\u00e9gek a cookie-k letilt\u00e1s\u00e1ra an\u00e9lk\u00fcl, hogy teljesen letiltan\u00e1k a webhelyhez hozz\u00e1adott funkci\u00f3kat \u00e9s szolg\u00e1ltat\u00e1sokat. Javasoljuk, hogy hagyja az \u00f6sszes cookie-t, ha nem biztos benne, hogy sz\u00fcks\u00e9ge van-e r\u00e1juk vagy sem, ha az \u00d6n \u00e1ltal haszn\u00e1lt szolg\u00e1ltat\u00e1s ny\u00fajt\u00e1s\u00e1hoz haszn\u00e1lj\u00e1k \u0151ket.  <\/p>\n\n\n\n<div style=\"height:16px\" aria-hidden=\"true\" class=\"wp-block-spacer eplus-wrapper wp-container-content-f9bd05ee\"><\/div>\n\n\n\n<h4 class=\"wp-block-heading has-text-color has-link-color eplus-wrapper wp-elements-e7e38a17059295917d927b994a69e484\" id=\"h-the-cookies-we-set\" style=\"color:#323130\"><strong>Az \u00e1ltalunk be\u00e1ll\u00edtott cookie-k<\/strong><\/h4>\n\n\n\n<p class=\"has-text-color has-link-color eplus-wrapper wp-elements-d3e5dc7c5e6a26fe33bcc6c9666826a8\" style=\"color:#323130\">\u0170rlapokhoz kapcsol\u00f3d\u00f3 cookie-k. Amikor adatokat k\u00fcld egy \u0171rlapon kereszt\u00fcl, p\u00e9ld\u00e1ul a kapcsolatfelv\u00e9teli oldalakon vagy a megjegyz\u00e9si \u0171rlapokon tal\u00e1lhat\u00f3 \u0171rlapokon kereszt\u00fcl, cookie-k \u00e1ll\u00edthat\u00f3k be, hogy eml\u00e9kezzenek a felhaszn\u00e1l\u00f3i adataira a j\u00f6v\u0151beli levelez\u00e9shez. A CookieYes nev\u0171 WordPress b\u0151v\u00edtm\u00e9nyt haszn\u00e1ljuk, amely azonos\u00edtja \u00e9s felsorolja a weboldalunkon haszn\u00e1lt \u00f6sszes cookie-t:    <\/p>\n\n\n\n<div class=\"cky-audit-table-element\"><\/div>\n\n\n\n<div style=\"height:16px\" aria-hidden=\"true\" class=\"wp-block-spacer eplus-wrapper wp-container-content-f9bd05ee\"><\/div>\n\n\n\n<h4 class=\"wp-block-heading has-text-color has-link-color eplus-wrapper wp-elements-4b58fd007d8aeb74638dd4f113b8ed59\" id=\"h-manage-cookie-preferences\" style=\"color:#323130\"><strong>Cookie-be\u00e1ll\u00edt\u00e1sok kezel\u00e9se<\/strong><\/h4>\n\n\n\n<p class=\" eplus-wrapper\"><\/p>\n\n\n\n<a class=\"cky-banner-element\">S\u00fcti be\u00e1ll\u00edt\u00e1sok<\/a>\n\n\n\n<p class=\" eplus-wrapper\">A cookie-be\u00e1ll\u00edt\u00e1sokat b\u00e1rmikor megv\u00e1ltoztathatja a fenti gombra kattintva. Ez lehet\u0151v\u00e9 teszi, hogy \u00fajra megn\u00e9zze a cookie-beleegyez\u00e9si szalaghirdet\u00e9st, \u00e9s azonnal m\u00f3dos\u00edtsa preferenci\u00e1it, vagy visszavonja hozz\u00e1j\u00e1rul\u00e1s\u00e1t. <\/p>\n\n\n\n<p class=\" eplus-wrapper\">Ezenk\u00edv\u00fcl a k\u00fcl\u00f6nb\u00f6z\u0151 b\u00f6ng\u00e9sz\u0151k k\u00fcl\u00f6nb\u00f6z\u0151 m\u00f3dszereket k\u00edn\u00e1lnak a webhelyek \u00e1ltal haszn\u00e1lt cookie-k blokkol\u00e1s\u00e1ra \u00e9s t\u00f6rl\u00e9s\u00e9re. Megv\u00e1ltoztathatja b\u00f6ng\u00e9sz\u0151je be\u00e1ll\u00edt\u00e1sait a cookie-k blokkol\u00e1s\u00e1hoz\/t\u00f6rl\u00e9s\u00e9hez. Az al\u00e1bbiakban felsoroljuk a cookie-k kezel\u00e9s\u00e9vel \u00e9s t\u00f6rl\u00e9s\u00e9vel kapcsolatos t\u00e1mogat\u00e1si dokumentumokra mutat\u00f3 hivatkoz\u00e1sokat a f\u0151bb webb\u00f6ng\u00e9sz\u0151kb\u0151l.  <\/p>\n\n\n\n<p class=\" eplus-wrapper\">Kr\u00f3m: <a href=\"https:\/\/support.google.com\/accounts\/answer\/32050\" target=\"_blank\" rel=\"noreferrer noopener\" class=\"ek-link\">https:\/\/support.google.com\/accounts\/answer\/32050<\/a><\/p>\n\n\n\n<p class=\" eplus-wrapper\">Szafari: <a target=\"_blank\" rel=\"noreferrer noopener\" href=\"https:\/\/support.apple.com\/en-in\/guide\/safari\/sfri11471\/mac\">https:\/\/support.apple.com\/en-in\/guide\/safari\/sfri11471\/mac<\/a><\/p>\n\n\n\n<p class=\" eplus-wrapper\">Firefox: <a href=\"https:\/\/support.mozilla.org\/en-US\/kb\/clear-cookies-and-site-data-firefox?redirectslug=delete-cookies-remove-info-websites-stored&amp;redirectlocale=en-US\" target=\"_blank\" rel=\"noreferrer noopener\" class=\"ek-link\">https:\/\/support.mozilla.org\/en-US\/kb\/clear-cookies-and-site-data-firefox?redirectslug=delete-cookies-remove-info-websites-stored&amp;redirectlocale=en-US<\/a><\/p>\n\n\n\n<p class=\" eplus-wrapper\">Internet Explorer: <a target=\"_blank\" rel=\"noreferrer noopener\" href=\"https:\/\/support.microsoft.com\/en-us\/topic\/how-to-delete-cookie-files-in-internet-explorer-bca9446f-d873-78de-77ba-d42645fa52fc\">https:\/\/support.microsoft.com\/en-us\/topic\/how-to-delete-cookie-files-in-internet-explorer-bca9446f-d873-78de-77ba-d42645fa52fc<\/a><\/p>\n\n\n\n<p class=\" eplus-wrapper\">Ha b\u00e1rmilyen m\u00e1s webb\u00f6ng\u00e9sz\u0151t haszn\u00e1l, k\u00e9rj\u00fck, keresse fel b\u00f6ng\u00e9sz\u0151je hivatalos t\u00e1mogat\u00e1si dokumentumait.<\/p>\n\n\n\n<div style=\"height:16px\" aria-hidden=\"true\" class=\"wp-block-spacer eplus-wrapper wp-container-content-f9bd05ee\"><\/div>\n\n\n\n<h4 class=\"wp-block-heading has-text-color has-link-color eplus-wrapper wp-elements-ddb79b36b23dae2e106e56944f6b90ed\" id=\"h-more-information\" style=\"color:#323130\"><strong>Tov\u00e1bbi inform\u00e1ci\u00f3k<\/strong><\/h4>\n\n\n\n<p class=\"has-text-color has-link-color eplus-wrapper wp-elements-5990b5c0d71b6e87d9371caf67d73fd0\" style=\"color:#323130\">Rem\u00e9lhet\u0151leg ez tiszt\u00e1zta a dolgokat az \u00d6n sz\u00e1m\u00e1ra, \u00e9s amint azt kor\u00e1bban eml\u00edtett\u00fck, ha van valami, amiben nem biztos benne, hogy sz\u00fcks\u00e9ge van-e r\u00e1 vagy sem, \u00e1ltal\u00e1ban biztons\u00e1gosabb a cookie-kat enged\u00e9lyezve hagyni, ha k\u00f6lcs\u00f6nhat\u00e1sba l\u00e9p a webhely\u00fcnk\u00f6n haszn\u00e1lt funkci\u00f3k egyik\u00e9vel.<\/p>\n\n\n\n<p class=\"has-text-color has-link-color eplus-wrapper wp-elements-dfa4fe316f2f66fbdf2132014d9bde3a\" style=\"color:#323130\">Ha azonban tov\u00e1bbra is tov\u00e1bbi inform\u00e1ci\u00f3kat keres, vegye fel vel\u00fcnk a kapcsolatot <a href=\"mailto:info@icscoolenergy.com\">a info@icscoolenergy.com<\/a><\/p>\n<\/div>\n<\/div>\n\n<div style=\"height:60px\" aria-hidden=\"true\" class=\" wp-block-spacer eplus-wrapper\"><\/div>\n\n<div style=\"height:120px\" aria-hidden=\"true\" class=\" wp-block-spacer eplus-wrapper\"><\/div>\n","protected":false},"excerpt":{"rendered":"<p>COOKIE SZAB\u00c1LYZAT Ez az ICS Cool Energy Ltd cookie-szab\u00e1lyzata, amely el\u00e9rhet\u0151 a www.icscoolenergy.co.uk Ez a weboldal az ICS Cool Energy tulajdona, egy Angli\u00e1ban 05509182 c\u00e9gjegyz\u00e9ksz\u00e1m alatt bejegyzett korl\u00e1tolt felel\u0151ss\u00e9g\u0171 t\u00e1rsas\u00e1g Mik azok a cookie-k? Mint szinte minden professzion\u00e1lis weboldal eset\u00e9ben, ez az oldal cookie-kat haszn\u00e1l, amelyek apr\u00f3 f\u00e1jlok, amelyeket a sz\u00e1m\u00edt\u00f3g\u00e9pre t\u00f6ltenek le a felhaszn\u00e1l\u00f3i &#8230; <a title=\"Cookie szab\u00e1lyzat\" class=\"read-more\" href=\"https:\/\/www.icscoolenergy.com\/hu\/rolunk\/altalanos-szerzodesi-feltetelek\/cookie-szabalyzat\/\" aria-label=\"More on Cookie szab\u00e1lyzat\">Read more<\/a><\/p>\n","protected":false},"author":1,"featured_media":0,"parent":86539,"menu_order":0,"comment_status":"closed","ping_status":"closed","template":"template-1.php","meta":{"_acf_changed":false,"inline_featured_image":false,"_editorskit_title_hidden":false,"_editorskit_reading_time":0,"_editorskit_is_block_options_detached":false,"_editorskit_block_options_position":"{}","editor_plus_copied_stylings":"{}","footnotes":""},"class_list":["post-86569","page","type-page","status-publish"],"acf":[],"yoast_head":"<!-- This site is optimized with the Yoast SEO Premium plugin v24.5 (Yoast SEO v26.9) - https:\/\/yoast.com\/product\/yoast-seo-premium-wordpress\/ -->\n<title>Cookie szab\u00e1lyzat | Hungary<\/title>\n<meta name=\"robots\" content=\"index, follow, max-snippet:-1, max-image-preview:large, max-video-preview:-1\" \/>\n<link rel=\"canonical\" href=\"https:\/\/www.icscoolenergy.com\/hu\/rolunk\/altalanos-szerzodesi-feltetelek\/cookie-szabalyzat\/\" \/>\n<meta property=\"og:locale\" content=\"hu_HU\" \/>\n<meta property=\"og:type\" content=\"article\" \/>\n<meta property=\"og:title\" content=\"Cookie szab\u00e1lyzat\" \/>\n<meta property=\"og:description\" content=\"COOKIE SZAB\u00c1LYZAT Ez az ICS Cool Energy Ltd cookie-szab\u00e1lyzata, amely el\u00e9rhet\u0151 a www.icscoolenergy.co.uk Ez a weboldal az ICS Cool Energy tulajdona, egy Angli\u00e1ban 05509182 c\u00e9gjegyz\u00e9ksz\u00e1m alatt bejegyzett korl\u00e1tolt felel\u0151ss\u00e9g\u0171 t\u00e1rsas\u00e1g Mik azok a cookie-k? Mint szinte minden professzion\u00e1lis weboldal eset\u00e9ben, ez az oldal cookie-kat haszn\u00e1l, amelyek apr\u00f3 f\u00e1jlok, amelyeket a sz\u00e1m\u00edt\u00f3g\u00e9pre t\u00f6ltenek le a felhaszn\u00e1l\u00f3i ... Read more\" \/>\n<meta property=\"og:url\" content=\"https:\/\/www.icscoolenergy.com\/hu\/rolunk\/altalanos-szerzodesi-feltetelek\/cookie-szabalyzat\/\" \/>\n<meta property=\"og:site_name\" content=\"Hungary\" \/>\n<meta property=\"article:modified_time\" content=\"2024-11-30T12:08:24+00:00\" \/>\n<meta property=\"og:image\" content=\"https:\/\/www.icscoolenergy.com\/wp-content\/uploads\/sites\/10\/2024\/05\/Yoast-Hero-Image.jpg\" \/>\n\t<meta property=\"og:image:width\" content=\"1200\" \/>\n\t<meta property=\"og:image:height\" content=\"675\" \/>\n\t<meta property=\"og:image:type\" content=\"image\/jpeg\" \/>\n<meta name=\"twitter:card\" content=\"summary_large_image\" \/>\n<meta name=\"twitter:label1\" content=\"Est. reading time\" \/>\n\t<meta name=\"twitter:data1\" content=\"3 perc\" \/>\n<script type=\"application\/ld+json\" class=\"yoast-schema-graph\">{\"@context\":\"https:\/\/schema.org\",\"@graph\":[{\"@type\":\"WebPage\",\"@id\":\"https:\/\/www.icscoolenergy.com\/hu\/rolunk\/altalanos-szerzodesi-feltetelek\/cookie-szabalyzat\/\",\"url\":\"https:\/\/www.icscoolenergy.com\/hu\/rolunk\/altalanos-szerzodesi-feltetelek\/cookie-szabalyzat\/\",\"name\":\"Cookie szab\u00e1lyzat | Hungary\",\"isPartOf\":{\"@id\":\"https:\/\/www.icscoolenergy.com\/hu\/#website\"},\"datePublished\":\"2024-04-09T15:22:32+00:00\",\"dateModified\":\"2024-11-30T12:08:24+00:00\",\"breadcrumb\":{\"@id\":\"https:\/\/www.icscoolenergy.com\/hu\/rolunk\/altalanos-szerzodesi-feltetelek\/cookie-szabalyzat\/#breadcrumb\"},\"inLanguage\":\"hu\",\"potentialAction\":[{\"@type\":\"ReadAction\",\"target\":[\"https:\/\/www.icscoolenergy.com\/hu\/rolunk\/altalanos-szerzodesi-feltetelek\/cookie-szabalyzat\/\"]}]},{\"@type\":\"BreadcrumbList\",\"@id\":\"https:\/\/www.icscoolenergy.com\/hu\/rolunk\/altalanos-szerzodesi-feltetelek\/cookie-szabalyzat\/#breadcrumb\",\"itemListElement\":[{\"@type\":\"ListItem\",\"position\":1,\"name\":\"Home\",\"item\":\"https:\/\/www.icscoolenergy.com\/hu\/\"},{\"@type\":\"ListItem\",\"position\":2,\"name\":\"R\u00f3lunk\",\"item\":\"https:\/\/www.icscoolenergy.com\/hu\/rolunk\/\"},{\"@type\":\"ListItem\",\"position\":3,\"name\":\"\u00c1ltal\u00e1nos Szerz\u0151d\u00e9si Felt\u00e9telek\",\"item\":\"https:\/\/www.icscoolenergy.com\/hu\/rolunk\/altalanos-szerzodesi-feltetelek\/\"},{\"@type\":\"ListItem\",\"position\":4,\"name\":\"Cookie szab\u00e1lyzat\"}]},{\"@type\":\"WebSite\",\"@id\":\"https:\/\/www.icscoolenergy.com\/hu\/#website\",\"url\":\"https:\/\/www.icscoolenergy.com\/hu\/\",\"name\":\"ICS Cool Energy\",\"description\":\"The Process Temperature Control Specialists\",\"publisher\":{\"@id\":\"https:\/\/www.icscoolenergy.com\/hu\/#organization\"},\"alternateName\":\"ICS\",\"potentialAction\":[{\"@type\":\"SearchAction\",\"target\":{\"@type\":\"EntryPoint\",\"urlTemplate\":\"https:\/\/www.icscoolenergy.com\/hu\/?s={search_term_string}\"},\"query-input\":{\"@type\":\"PropertyValueSpecification\",\"valueRequired\":true,\"valueName\":\"search_term_string\"}}],\"inLanguage\":\"hu\"},{\"@type\":\"Organization\",\"@id\":\"https:\/\/www.icscoolenergy.com\/hu\/#organization\",\"name\":\"ICS Cool Energy\",\"url\":\"https:\/\/www.icscoolenergy.com\/hu\/\",\"logo\":{\"@type\":\"ImageObject\",\"inLanguage\":\"hu\",\"@id\":\"https:\/\/www.icscoolenergy.com\/hu\/#\/schema\/logo\/image\/\",\"url\":\"https:\/\/www.icscoolenergy.com\/wp-content\/uploads\/sites\/10\/2024\/01\/ics-cool-energy-logo.svg\",\"contentUrl\":\"https:\/\/www.icscoolenergy.com\/wp-content\/uploads\/sites\/10\/2024\/01\/ics-cool-energy-logo.svg\",\"caption\":\"ICS Cool Energy\"},\"image\":{\"@id\":\"https:\/\/www.icscoolenergy.com\/hu\/#\/schema\/logo\/image\/\"},\"sameAs\":[\"https:\/\/www.linkedin.com\/company\/ics-temperature-control\/\",\"https:\/\/www.youtube.com\/@ICSCoolEnergyLtd\"],\"description\":\"ICS Cool Energy is a market leader for process and critical temperature control solutions that keep all types and sizes of businesses and industry running. Our headquarters are situated in Southampton, with offices throughout the UK and Europe, employing over 250 people in the UK alone.\",\"email\":\"info@icscoolenergy.com\",\"telephone\":\"0800 840 4210\",\"legalName\":\"ICS Cool Energy Limited\",\"numberOfEmployees\":{\"@type\":\"QuantitativeValue\",\"minValue\":\"201\",\"maxValue\":\"500\"}}]}<\/script>\n<!-- \/ Yoast SEO Premium plugin. -->","yoast_head_json":{"title":"Cookie szab\u00e1lyzat | Hungary","robots":{"index":"index","follow":"follow","max-snippet":"max-snippet:-1","max-image-preview":"max-image-preview:large","max-video-preview":"max-video-preview:-1"},"canonical":"https:\/\/www.icscoolenergy.com\/hu\/rolunk\/altalanos-szerzodesi-feltetelek\/cookie-szabalyzat\/","og_locale":"hu_HU","og_type":"article","og_title":"Cookie szab\u00e1lyzat","og_description":"COOKIE SZAB\u00c1LYZAT Ez az ICS Cool Energy Ltd cookie-szab\u00e1lyzata, amely el\u00e9rhet\u0151 a www.icscoolenergy.co.uk Ez a weboldal az ICS Cool Energy tulajdona, egy Angli\u00e1ban 05509182 c\u00e9gjegyz\u00e9ksz\u00e1m alatt bejegyzett korl\u00e1tolt felel\u0151ss\u00e9g\u0171 t\u00e1rsas\u00e1g Mik azok a cookie-k? Mint szinte minden professzion\u00e1lis weboldal eset\u00e9ben, ez az oldal cookie-kat haszn\u00e1l, amelyek apr\u00f3 f\u00e1jlok, amelyeket a sz\u00e1m\u00edt\u00f3g\u00e9pre t\u00f6ltenek le a felhaszn\u00e1l\u00f3i ... Read more","og_url":"https:\/\/www.icscoolenergy.com\/hu\/rolunk\/altalanos-szerzodesi-feltetelek\/cookie-szabalyzat\/","og_site_name":"Hungary","article_modified_time":"2024-11-30T12:08:24+00:00","og_image":[{"width":1200,"height":675,"url":"https:\/\/www.icscoolenergy.com\/wp-content\/uploads\/sites\/10\/2024\/05\/Yoast-Hero-Image.jpg","type":"image\/jpeg"}],"twitter_card":"summary_large_image","twitter_misc":{"Est. reading time":"3 perc"},"schema":{"@context":"https:\/\/schema.org","@graph":[{"@type":"WebPage","@id":"https:\/\/www.icscoolenergy.com\/hu\/rolunk\/altalanos-szerzodesi-feltetelek\/cookie-szabalyzat\/","url":"https:\/\/www.icscoolenergy.com\/hu\/rolunk\/altalanos-szerzodesi-feltetelek\/cookie-szabalyzat\/","name":"Cookie szab\u00e1lyzat | Hungary","isPartOf":{"@id":"https:\/\/www.icscoolenergy.com\/hu\/#website"},"datePublished":"2024-04-09T15:22:32+00:00","dateModified":"2024-11-30T12:08:24+00:00","breadcrumb":{"@id":"https:\/\/www.icscoolenergy.com\/hu\/rolunk\/altalanos-szerzodesi-feltetelek\/cookie-szabalyzat\/#breadcrumb"},"inLanguage":"hu","potentialAction":[{"@type":"ReadAction","target":["https:\/\/www.icscoolenergy.com\/hu\/rolunk\/altalanos-szerzodesi-feltetelek\/cookie-szabalyzat\/"]}]},{"@type":"BreadcrumbList","@id":"https:\/\/www.icscoolenergy.com\/hu\/rolunk\/altalanos-szerzodesi-feltetelek\/cookie-szabalyzat\/#breadcrumb","itemListElement":[{"@type":"ListItem","position":1,"name":"Home","item":"https:\/\/www.icscoolenergy.com\/hu\/"},{"@type":"ListItem","position":2,"name":"R\u00f3lunk","item":"https:\/\/www.icscoolenergy.com\/hu\/rolunk\/"},{"@type":"ListItem","position":3,"name":"\u00c1ltal\u00e1nos Szerz\u0151d\u00e9si Felt\u00e9telek","item":"https:\/\/www.icscoolenergy.com\/hu\/rolunk\/altalanos-szerzodesi-feltetelek\/"},{"@type":"ListItem","position":4,"name":"Cookie szab\u00e1lyzat"}]},{"@type":"WebSite","@id":"https:\/\/www.icscoolenergy.com\/hu\/#website","url":"https:\/\/www.icscoolenergy.com\/hu\/","name":"ICS Cool Energy","description":"The Process Temperature Control Specialists","publisher":{"@id":"https:\/\/www.icscoolenergy.com\/hu\/#organization"},"alternateName":"ICS","potentialAction":[{"@type":"SearchAction","target":{"@type":"EntryPoint","urlTemplate":"https:\/\/www.icscoolenergy.com\/hu\/?s={search_term_string}"},"query-input":{"@type":"PropertyValueSpecification","valueRequired":true,"valueName":"search_term_string"}}],"inLanguage":"hu"},{"@type":"Organization","@id":"https:\/\/www.icscoolenergy.com\/hu\/#organization","name":"ICS Cool Energy","url":"https:\/\/www.icscoolenergy.com\/hu\/","logo":{"@type":"ImageObject","inLanguage":"hu","@id":"https:\/\/www.icscoolenergy.com\/hu\/#\/schema\/logo\/image\/","url":"https:\/\/www.icscoolenergy.com\/wp-content\/uploads\/sites\/10\/2024\/01\/ics-cool-energy-logo.svg","contentUrl":"https:\/\/www.icscoolenergy.com\/wp-content\/uploads\/sites\/10\/2024\/01\/ics-cool-energy-logo.svg","caption":"ICS Cool Energy"},"image":{"@id":"https:\/\/www.icscoolenergy.com\/hu\/#\/schema\/logo\/image\/"},"sameAs":["https:\/\/www.linkedin.com\/company\/ics-temperature-control\/","https:\/\/www.youtube.com\/@ICSCoolEnergyLtd"],"description":"ICS Cool Energy is a market leader for process and critical temperature control solutions that keep all types and sizes of businesses and industry running. Our headquarters are situated in Southampton, with offices throughout the UK and Europe, employing over 250 people in the UK alone.","email":"info@icscoolenergy.com","telephone":"0800 840 4210","legalName":"ICS Cool Energy Limited","numberOfEmployees":{"@type":"QuantitativeValue","minValue":"201","maxValue":"500"}}]}},"_links":{"self":[{"href":"https:\/\/www.icscoolenergy.com\/hu\/wp-json\/wp\/v2\/pages\/86569","targetHints":{"allow":["GET"]}}],"collection":[{"href":"https:\/\/www.icscoolenergy.com\/hu\/wp-json\/wp\/v2\/pages"}],"about":[{"href":"https:\/\/www.icscoolenergy.com\/hu\/wp-json\/wp\/v2\/types\/page"}],"author":[{"embeddable":true,"href":"https:\/\/www.icscoolenergy.com\/hu\/wp-json\/wp\/v2\/users\/1"}],"replies":[{"embeddable":true,"href":"https:\/\/www.icscoolenergy.com\/hu\/wp-json\/wp\/v2\/comments?post=86569"}],"version-history":[{"count":0,"href":"https:\/\/www.icscoolenergy.com\/hu\/wp-json\/wp\/v2\/pages\/86569\/revisions"}],"up":[{"embeddable":true,"href":"https:\/\/www.icscoolenergy.com\/hu\/wp-json\/wp\/v2\/pages\/86539"}],"wp:attachment":[{"href":"https:\/\/www.icscoolenergy.com\/hu\/wp-json\/wp\/v2\/media?parent=86569"}],"curies":[{"name":"wp","href":"https:\/\/api.w.org\/{rel}","templated":true}]}}