 
{"id":86570,"date":"2024-04-18T13:38:25","date_gmt":"2024-04-18T13:38:25","guid":{"rendered":"https:\/\/www.icscoolenergy.com\/hu\/gyakran-ismetelt-kerdesek\/"},"modified":"2024-11-30T12:08:31","modified_gmt":"2024-11-30T12:08:31","slug":"gyakran-ismetelt-kerdesek","status":"publish","type":"page","link":"https:\/\/www.icscoolenergy.com\/hu\/gyakran-ismetelt-kerdesek\/","title":{"rendered":"Gyakran Ism\u00e9telt K\u00e9rd\u00e9sek"},"content":{"rendered":"\n<div style=\"height:40px\" aria-hidden=\"true\" class=\" wp-block-spacer eplus-wrapper\"><\/div>\n\n<div class=\"wp-block-ep-toggles ep_toggles_wrapper__71ab825e-e6b8-4cca-a48b-f3e7e36f4800 undefined\"><div data-isaccordion=\"false\" data-open_first=\"true\" class=\"ep_toggles_wrapper \">\n<div class=\"wp-block-ep-toggle-item ep_toggle_item_wrapper__c31eea2e-a8a3-4f60-8afe-329423cff86d undefined\"><div class=\"ep_toggle_item_wrapper\"><div class=\"ep_toggle_item_title\"><span>I need help and am unsure where to start, what do I do?<\/span><span class=\"ep_toggles_icon eplusicon-plus1\" data-icon=\"eplusicon-plus1\" data-activeicon=\"eplusicon-minus1\"><\/span><\/div><div class=\"ep_toggle_item_content\">\n<p class=\" eplus-wrapper\">A kapcsolatfelv\u00e9tel legjobb m\u00f3dja a telefon, de besz\u00e9lget\u00e9st is kezdem\u00e9nyezhet a LiveChat-en, vagy kit\u00f6ltheti <a href=\"\/?page_id=73875\" class=\"ek-link\">webes \u0171rlapunkat<\/a>. Itt vagyunk 24\/7 365, hogy seg\u00edts\u00fcnk &#8211; H\u00edvjon minket a 0800 840 4210 telefonsz\u00e1mon. <\/p>\n<\/div><\/div><\/div>\n\n\n\n<div class=\"wp-block-ep-toggle-item ep_toggle_item_wrapper__57a2e41b-cc0f-4f98-8c1d-3bebb6035f79 undefined\"><div class=\"ep_toggle_item_wrapper\"><div class=\"ep_toggle_item_title\"><span>What does ICS Cool Energy do?<\/span><span class=\"ep_toggles_icon eplusicon-plus1\" data-icon=\"eplusicon-plus1\" data-activeicon=\"eplusicon-minus1\"><\/span><\/div><div class=\"ep_toggle_item_content\">\n<p class=\" eplus-wrapper\">A folyamath\u0151m\u00e9rs\u00e9klet szab\u00e1lyoz\u00e1s\u00e1nak szakemberei vagyunk. Minden m\u00e9ret\u0171 v\u00e1llalat nagy teljes\u00edtm\u00e9ny\u0171 folyamath\u0171t\u0151 \u00e9s f\u0171t\u0151berendez\u00e9sekkel fordul hozz\u00e1nk. A teljes kulcsrak\u00e9sz szolg\u00e1ltat\u00e1s azt jelenti, hogy gy\u00e1rtjuk, megtervezz\u00fck, sz\u00e1ll\u00edtjuk, telep\u00edtj\u00fck \u00e9s karbantartjuk berendez\u00e9seinket \u00fcgyfeleink sz\u00e1m\u00e1ra.  <\/p>\n<\/div><\/div><\/div>\n\n\n\n<div class=\"wp-block-ep-toggle-item ep_toggle_item_wrapper__871995a7-372e-42cb-8cb1-712d10d69748 undefined\"><div class=\"ep_toggle_item_wrapper\"><div class=\"ep_toggle_item_title\"><span>Where are you based?<\/span><span class=\"ep_toggles_icon eplusicon-plus1\" data-icon=\"eplusicon-plus1\" data-activeicon=\"eplusicon-minus1\"><\/span><\/div><div class=\"ep_toggle_item_content\">\n<p class=\" eplus-wrapper\">Sz\u00e9khely\u00fcnk c\u00edme: ICS House, Stephenson Road, Calmore Industrial Estate, Totton, Southampton SO40 3SA<\/p>\n<\/div><\/div><\/div>\n\n\n\n<div class=\"wp-block-ep-toggle-item ep_toggle_item_wrapper__8eb9d6b5-44ef-48e8-aade-a8c8c636da0d undefined\"><div class=\"ep_toggle_item_wrapper\"><div class=\"ep_toggle_item_title\"><span>What products do you sell?<\/span><span class=\"ep_toggles_icon eplusicon-plus1\" data-icon=\"eplusicon-plus1\" data-activeicon=\"eplusicon-minus1\"><\/span><\/div><div class=\"ep_toggle_item_content\">\n<p class=\" eplus-wrapper\">Term\u00e9kpalett\u00e1nk csomagolt h\u0171t\u0151berendez\u00e9seket, h\u0151m\u00e9rs\u00e9klet-szab\u00e1lyoz\u00f3 egys\u00e9geket, szabad h\u0171t\u0151egys\u00e9geket, h\u0171t\u0151h\u00e1zakat, kaz\u00e1nokat \u00e9s f\u0171t\u0151testeket tartalmaz. B\u00e9relheti, megv\u00e1s\u00e1rolhatja vagy el\u0151fizethet term\u00e9keinkre. <\/p>\n<\/div><\/div><\/div>\n\n\n\n<div class=\"wp-block-ep-toggle-item ep_toggle_item_wrapper__20864c19-2953-40c7-b5a0-22045438c0c2 undefined\"><div class=\"ep_toggle_item_wrapper\"><div class=\"ep_toggle_item_title\"><span>Do you lease equipment?<\/span><span class=\"ep_toggles_icon eplusicon-plus1\" data-icon=\"eplusicon-plus1\" data-activeicon=\"eplusicon-minus1\"><\/span><\/div><div class=\"ep_toggle_item_content\">\n<p class=\" eplus-wrapper\">Nem, minden b\u00e9rleti k\u00e9szlet\u00fcnk a mi tulajdonunkban van.<\/p>\n<\/div><\/div><\/div>\n\n\n\n<div class=\"wp-block-ep-toggle-item ep_toggle_item_wrapper__19ba7ac7-0c8d-4e2f-97d5-cf0b2d2fdcbf undefined\"><div class=\"ep_toggle_item_wrapper\"><div class=\"ep_toggle_item_title\"><span>Are you the manufacturer?<\/span><span class=\"ep_toggles_icon eplusicon-plus1\" data-icon=\"eplusicon-plus1\" data-activeicon=\"eplusicon-minus1\"><\/span><\/div><div class=\"ep_toggle_item_content\">\n<p class=\" eplus-wrapper\">B\u00fcszk\u00e9k vagyunk arra, hogy mi vagyunk az i-Chiller gy\u00e1rt\u00f3ja, \u00e9s egyike azon kev\u00e9s v\u00e1llalatoknak, amelyek a teljes folyamatot fel\u00fcgyelik, a gy\u00e1rt\u00e1st\u00f3l a m\u00f3dos\u00edt\u00e1sokig, a sz\u00e1ll\u00edt\u00e1sig, a telep\u00edt\u00e9sig \u00e9s a karbantart\u00e1sig.<\/p>\n<\/div><\/div><\/div>\n\n\n\n<div class=\"wp-block-ep-toggle-item ep_toggle_item_wrapper__56ca1e11-5e73-45f3-99b1-f52b1ca0bce5 undefined\"><div class=\"ep_toggle_item_wrapper\"><div class=\"ep_toggle_item_title\"><span>Can I see your accreditations?<\/span><span class=\"ep_toggles_icon eplusicon-plus1\" data-icon=\"eplusicon-plus1\" data-activeicon=\"eplusicon-minus1\"><\/span><\/div><div class=\"ep_toggle_item_content\">\n<p class=\" eplus-wrapper\">Term\u00e9szetesen akkredit\u00e1ci\u00f3inkat <a href=\"\/?page_id=81317\" class=\"ek-link\">ezen az oldalon<\/a> tal\u00e1lja, vagy ha tov\u00e1bbi r\u00e9szletekre k\u00edv\u00e1ncsi, <a href=\"\/?page_id=73875\" class=\"ek-link\">k\u00e9rj\u00fck, vegye fel vel\u00fcnk a kapcsolatot<\/a>.<\/p>\n<\/div><\/div><\/div>\n\n\n\n<div class=\"wp-block-ep-toggle-item ep_toggle_item_wrapper__1dfecf76-5464-4052-9d64-d55650e2042a undefined\"><div class=\"ep_toggle_item_wrapper\"><div class=\"ep_toggle_item_title\"><span>What industries does ICS Cool Energy cater for?<\/span><span class=\"ep_toggles_icon eplusicon-plus1\" data-icon=\"eplusicon-plus1\" data-activeicon=\"eplusicon-minus1\"><\/span><\/div><div class=\"ep_toggle_item_content\">\n<p class=\" eplus-wrapper\">Sz\u00edvesen l\u00e1tjuk b\u00e1rmelyik l\u00e9tes\u00edtm\u00e9ny\u00fcnket, \u00e9s Southamptonban tal\u00e1lhat\u00f3 gy\u00e1runk nagyszer\u0171 helysz\u00edn, hogy megn\u00e9zze, mit csin\u00e1lunk. K\u00e9rj\u00fck, vegye fel vel\u00fcnk a kapcsolatot, \u00e9s megbesz\u00e9lj\u00fck a gy\u00e1rl\u00e1togat\u00e1s id\u0151pontj\u00e1t. <\/p>\n<\/div><\/div><\/div>\n\n\n\n<div class=\"wp-block-ep-toggle-item ep_toggle_item_wrapper__73a47252-797a-43a1-a6aa-e673d726e33c undefined\"><div class=\"ep_toggle_item_wrapper\"><div class=\"ep_toggle_item_title\"><span>Do you provide training for your products?<\/span><span class=\"ep_toggles_icon eplusicon-plus1\" data-icon=\"eplusicon-plus1\" data-activeicon=\"eplusicon-minus1\"><\/span><\/div><div class=\"ep_toggle_item_content\">\n<p class=\" eplus-wrapper\">2024 elej\u00e9n megnyitottuk egyed\u00fcl\u00e1ll\u00f3 k\u00e9pz\u00e9si l\u00e9tes\u00edtm\u00e9ny\u00fcnket Southamptonban, ahol munkat\u00e1rsainkat \u00e9s \u00fcgyfeleinket k\u00e9pezz\u00fck, akik t\u00f6bbet szeretn\u00e9nek megtudni term\u00e9keinkr\u0151l.<\/p>\n<\/div><\/div><\/div>\n\n\n\n<div class=\"wp-block-ep-toggle-item ep_toggle_item_wrapper__9b878299-dbfa-4ea7-ac0e-6546e9d4415b undefined\"><div class=\"ep_toggle_item_wrapper\"><div class=\"ep_toggle_item_title\"><span>Are your engineers cleared to work in sensitive locations?<\/span><span class=\"ep_toggles_icon eplusicon-plus1\" data-icon=\"eplusicon-plus1\" data-activeicon=\"eplusicon-minus1\"><\/span><\/div><div class=\"ep_toggle_item_content\">\n<p class=\" eplus-wrapper\">A biztons\u00e1g el\u0151t\u00e9rbe helyez\u00e9se \u00e9rdek\u00e9ben minden munkat\u00e1rsunk alapos v\u00e1mkezel\u00e9si folyamaton megy kereszt\u00fcl, \u00e9s az \u00faj munkat\u00e1rsakat hetente ellen\u0151rzik.<\/p>\n<\/div><\/div><\/div>\n\n\n\n<div class=\"wp-block-ep-toggle-item ep_toggle_item_wrapper__db64e026-a939-4b5d-bd61-9c449f86a687 undefined\"><div class=\"ep_toggle_item_wrapper\"><div class=\"ep_toggle_item_title\"><span>What is FLEX?<\/span><span class=\"ep_toggles_icon eplusicon-plus1\" data-icon=\"eplusicon-plus1\" data-activeicon=\"eplusicon-minus1\"><\/span><\/div><div class=\"ep_toggle_item_content\">\n<p class=\" eplus-wrapper\"><a href=\"\/?page_id=80918\" class=\"ek-link\">A FLEX egy tags\u00e1gi csomag<\/a> , amely lehet\u0151v\u00e9 teszi, hogy a leg\u00fajabb \u00e9s legenergiatakar\u00e9kosabb folyad\u00e9kh\u0171t\u0151kkel rendelkezzen, karbantart\u00e1si \u00e9s meghib\u00e1sod\u00e1si fedezettel, havi el\u0151fizet\u00e9ssel, t\u0151ker\u00e1ford\u00edt\u00e1s n\u00e9lk\u00fcl<\/p>\n<\/div><\/div><\/div>\n<\/div><style>.eplus_styles .ep_toggles_wrapper__71ab825e-e6b8-4cca-a48b-f3e7e36f4800 .ep_toggles_wrapper {\n                \n                grid-template-columns: repeat(1 , 1fr) ;\n            }\n            \n\n        \n\n         \n\n        \n            .eplus_styles .ep_toggles_wrapper__71ab825e-e6b8-4cca-a48b-f3e7e36f4800 .ep_toggles_wrapper:hover {\n                grid-template-columns: repeat(undefined , 1fr) ;\n            }.eplus_styles .ep_toggles_wrapper__71ab825e-e6b8-4cca-a48b-f3e7e36f4800 .wp-block-ep-toggle-item, [data-type='ep\/toggle-item'] {\n                \n                grid-template-columns: 100% ;\n            }.eplus_styles .ep_toggles_wrapper__71ab825e-e6b8-4cca-a48b-f3e7e36f4800 .wp-block-ep-toggle-item, [data-type='ep\/toggle-item'] {\n                \n                justify-content: center;\n            }.eplus_styles .ep_toggles_wrapper__71ab825e-e6b8-4cca-a48b-f3e7e36f4800 .ep_toggles_wrapper {\n                \n                grid-gap: 15px ;\n            }.eplus_styles .ep_toggles_wrapper__71ab825e-e6b8-4cca-a48b-f3e7e36f4800 .ep_toggle_item_wrapper {\n                \n                box-shadow: 1px 1px 5px 0px #332f2f24;\n            }.eplus_styles .ep_toggles_wrapper__71ab825e-e6b8-4cca-a48b-f3e7e36f4800 .ep_toggle_item_title {\n                \n                color: #222222;\nfont-size: 16px ;\n            }\n            \n\n        \n\n         \n\n        \n            .eplus_styles .ep_toggles_wrapper__71ab825e-e6b8-4cca-a48b-f3e7e36f4800 .ep_toggle_item_title:hover {\n                color: #ffffff;\n            }.eplus_styles .ep_toggles_wrapper__71ab825e-e6b8-4cca-a48b-f3e7e36f4800 .ep_ti_open .ep_toggle_item_title {\n                \n                color: #ffffff;\n            }.eplus_styles .ep_toggles_wrapper__71ab825e-e6b8-4cca-a48b-f3e7e36f4800 .ep_toggle_item_title {\n                \n                background-image: linear-gradient(#ffffff, #ffffff);\n            }\n            \n\n        \n\n         \n\n        \n            .eplus_styles .ep_toggles_wrapper__71ab825e-e6b8-4cca-a48b-f3e7e36f4800 .ep_toggle_item_title:hover {\n                background-image: linear-gradient(#007cba, #007cba);\n            }.eplus_styles .ep_toggles_wrapper__71ab825e-e6b8-4cca-a48b-f3e7e36f4800 .ep_ti_open .ep_toggle_item_title {\n                \n                background-image: linear-gradient(#0698e7, #0698e7);\n            }.eplus_styles .ep_toggles_wrapper__71ab825e-e6b8-4cca-a48b-f3e7e36f4800 .ep_toggle_item_title {\n                \n                padding-top: 16px ;\npadding-right: 16px ;\npadding-bottom: 16px ;\npadding-left: 16px ;\n            }.eplus_styles .ep_toggles_wrapper__71ab825e-e6b8-4cca-a48b-f3e7e36f4800 .ep_toggle_item_content {\n                \n                background-image: linear-gradient(#ffffff, #ffffff);\n            }.eplus_styles .ep_toggles_wrapper__71ab825e-e6b8-4cca-a48b-f3e7e36f4800 .ep_toggle_item_content {\n                \n                padding-top: 15px ;\npadding-right: 15px ;\npadding-bottom: 15px ;\npadding-left: 15px ;\n            }<\/style><\/div>\n\n<div style=\"height:120px\" aria-hidden=\"true\" class=\" wp-block-spacer eplus-wrapper\"><\/div>\n","protected":false},"excerpt":{"rendered":"","protected":false},"author":8,"featured_media":0,"parent":0,"menu_order":0,"comment_status":"closed","ping_status":"closed","template":"template-without-hero.php","meta":{"_acf_changed":false,"inline_featured_image":false,"_editorskit_title_hidden":false,"_editorskit_reading_time":0,"_editorskit_is_block_options_detached":false,"_editorskit_block_options_position":"{}","editor_plus_copied_stylings":"{}","footnotes":""},"class_list":["post-86570","page","type-page","status-publish"],"acf":[],"yoast_head":"<!-- This site is optimized with the Yoast SEO Premium plugin v24.5 (Yoast SEO v26.9) - https:\/\/yoast.com\/product\/yoast-seo-premium-wordpress\/ -->\n<title>Gyakran Ism\u00e9telt K\u00e9rd\u00e9sek | Hungary<\/title>\n<meta name=\"robots\" content=\"index, follow, max-snippet:-1, max-image-preview:large, max-video-preview:-1\" \/>\n<link rel=\"canonical\" href=\"https:\/\/www.icscoolenergy.com\/hu\/gyakran-ismetelt-kerdesek\/\" \/>\n<meta property=\"og:locale\" content=\"hu_HU\" \/>\n<meta property=\"og:type\" content=\"article\" \/>\n<meta property=\"og:title\" content=\"Gyakran Ism\u00e9telt K\u00e9rd\u00e9sek\" \/>\n<meta property=\"og:url\" content=\"https:\/\/www.icscoolenergy.com\/hu\/gyakran-ismetelt-kerdesek\/\" \/>\n<meta property=\"og:site_name\" content=\"Hungary\" \/>\n<meta property=\"article:modified_time\" content=\"2024-11-30T12:08:31+00:00\" \/>\n<meta property=\"og:image\" content=\"https:\/\/www.icscoolenergy.com\/wp-content\/uploads\/sites\/10\/2024\/05\/Yoast-Hero-Image.jpg\" \/>\n\t<meta property=\"og:image:width\" content=\"1200\" \/>\n\t<meta property=\"og:image:height\" content=\"675\" \/>\n\t<meta property=\"og:image:type\" content=\"image\/jpeg\" \/>\n<meta name=\"twitter:card\" content=\"summary_large_image\" \/>\n<meta name=\"twitter:label1\" content=\"Est. reading time\" \/>\n\t<meta name=\"twitter:data1\" content=\"2 perc\" \/>\n<script type=\"application\/ld+json\" class=\"yoast-schema-graph\">{\"@context\":\"https:\/\/schema.org\",\"@graph\":[{\"@type\":\"WebPage\",\"@id\":\"https:\/\/www.icscoolenergy.com\/hu\/gyakran-ismetelt-kerdesek\/\",\"url\":\"https:\/\/www.icscoolenergy.com\/hu\/gyakran-ismetelt-kerdesek\/\",\"name\":\"Gyakran Ism\u00e9telt K\u00e9rd\u00e9sek | Hungary\",\"isPartOf\":{\"@id\":\"https:\/\/www.icscoolenergy.com\/hu\/#website\"},\"datePublished\":\"2024-04-18T13:38:25+00:00\",\"dateModified\":\"2024-11-30T12:08:31+00:00\",\"breadcrumb\":{\"@id\":\"https:\/\/www.icscoolenergy.com\/hu\/gyakran-ismetelt-kerdesek\/#breadcrumb\"},\"inLanguage\":\"hu\",\"potentialAction\":[{\"@type\":\"ReadAction\",\"target\":[\"https:\/\/www.icscoolenergy.com\/hu\/gyakran-ismetelt-kerdesek\/\"]}]},{\"@type\":\"BreadcrumbList\",\"@id\":\"https:\/\/www.icscoolenergy.com\/hu\/gyakran-ismetelt-kerdesek\/#breadcrumb\",\"itemListElement\":[{\"@type\":\"ListItem\",\"position\":1,\"name\":\"Home\",\"item\":\"https:\/\/www.icscoolenergy.com\/hu\/\"},{\"@type\":\"ListItem\",\"position\":2,\"name\":\"Gyakran Ism\u00e9telt K\u00e9rd\u00e9sek\"}]},{\"@type\":\"WebSite\",\"@id\":\"https:\/\/www.icscoolenergy.com\/hu\/#website\",\"url\":\"https:\/\/www.icscoolenergy.com\/hu\/\",\"name\":\"ICS Cool Energy\",\"description\":\"The Process Temperature Control Specialists\",\"publisher\":{\"@id\":\"https:\/\/www.icscoolenergy.com\/hu\/#organization\"},\"alternateName\":\"ICS\",\"potentialAction\":[{\"@type\":\"SearchAction\",\"target\":{\"@type\":\"EntryPoint\",\"urlTemplate\":\"https:\/\/www.icscoolenergy.com\/hu\/?s={search_term_string}\"},\"query-input\":{\"@type\":\"PropertyValueSpecification\",\"valueRequired\":true,\"valueName\":\"search_term_string\"}}],\"inLanguage\":\"hu\"},{\"@type\":\"Organization\",\"@id\":\"https:\/\/www.icscoolenergy.com\/hu\/#organization\",\"name\":\"ICS Cool Energy\",\"url\":\"https:\/\/www.icscoolenergy.com\/hu\/\",\"logo\":{\"@type\":\"ImageObject\",\"inLanguage\":\"hu\",\"@id\":\"https:\/\/www.icscoolenergy.com\/hu\/#\/schema\/logo\/image\/\",\"url\":\"https:\/\/www.icscoolenergy.com\/wp-content\/uploads\/sites\/10\/2024\/01\/ics-cool-energy-logo.svg\",\"contentUrl\":\"https:\/\/www.icscoolenergy.com\/wp-content\/uploads\/sites\/10\/2024\/01\/ics-cool-energy-logo.svg\",\"caption\":\"ICS Cool Energy\"},\"image\":{\"@id\":\"https:\/\/www.icscoolenergy.com\/hu\/#\/schema\/logo\/image\/\"},\"sameAs\":[\"https:\/\/www.linkedin.com\/company\/ics-temperature-control\/\",\"https:\/\/www.youtube.com\/@ICSCoolEnergyLtd\"],\"description\":\"ICS Cool Energy is a market leader for process and critical temperature control solutions that keep all types and sizes of businesses and industry running. Our headquarters are situated in Southampton, with offices throughout the UK and Europe, employing over 250 people in the UK alone.\",\"email\":\"info@icscoolenergy.com\",\"telephone\":\"0800 840 4210\",\"legalName\":\"ICS Cool Energy Limited\",\"numberOfEmployees\":{\"@type\":\"QuantitativeValue\",\"minValue\":\"201\",\"maxValue\":\"500\"}}]}<\/script>\n<!-- \/ Yoast SEO Premium plugin. -->","yoast_head_json":{"title":"Gyakran Ism\u00e9telt K\u00e9rd\u00e9sek | Hungary","robots":{"index":"index","follow":"follow","max-snippet":"max-snippet:-1","max-image-preview":"max-image-preview:large","max-video-preview":"max-video-preview:-1"},"canonical":"https:\/\/www.icscoolenergy.com\/hu\/gyakran-ismetelt-kerdesek\/","og_locale":"hu_HU","og_type":"article","og_title":"Gyakran Ism\u00e9telt K\u00e9rd\u00e9sek","og_url":"https:\/\/www.icscoolenergy.com\/hu\/gyakran-ismetelt-kerdesek\/","og_site_name":"Hungary","article_modified_time":"2024-11-30T12:08:31+00:00","og_image":[{"width":1200,"height":675,"url":"https:\/\/www.icscoolenergy.com\/wp-content\/uploads\/sites\/10\/2024\/05\/Yoast-Hero-Image.jpg","type":"image\/jpeg"}],"twitter_card":"summary_large_image","twitter_misc":{"Est. reading time":"2 perc"},"schema":{"@context":"https:\/\/schema.org","@graph":[{"@type":"WebPage","@id":"https:\/\/www.icscoolenergy.com\/hu\/gyakran-ismetelt-kerdesek\/","url":"https:\/\/www.icscoolenergy.com\/hu\/gyakran-ismetelt-kerdesek\/","name":"Gyakran Ism\u00e9telt K\u00e9rd\u00e9sek | Hungary","isPartOf":{"@id":"https:\/\/www.icscoolenergy.com\/hu\/#website"},"datePublished":"2024-04-18T13:38:25+00:00","dateModified":"2024-11-30T12:08:31+00:00","breadcrumb":{"@id":"https:\/\/www.icscoolenergy.com\/hu\/gyakran-ismetelt-kerdesek\/#breadcrumb"},"inLanguage":"hu","potentialAction":[{"@type":"ReadAction","target":["https:\/\/www.icscoolenergy.com\/hu\/gyakran-ismetelt-kerdesek\/"]}]},{"@type":"BreadcrumbList","@id":"https:\/\/www.icscoolenergy.com\/hu\/gyakran-ismetelt-kerdesek\/#breadcrumb","itemListElement":[{"@type":"ListItem","position":1,"name":"Home","item":"https:\/\/www.icscoolenergy.com\/hu\/"},{"@type":"ListItem","position":2,"name":"Gyakran Ism\u00e9telt K\u00e9rd\u00e9sek"}]},{"@type":"WebSite","@id":"https:\/\/www.icscoolenergy.com\/hu\/#website","url":"https:\/\/www.icscoolenergy.com\/hu\/","name":"ICS Cool Energy","description":"The Process Temperature Control Specialists","publisher":{"@id":"https:\/\/www.icscoolenergy.com\/hu\/#organization"},"alternateName":"ICS","potentialAction":[{"@type":"SearchAction","target":{"@type":"EntryPoint","urlTemplate":"https:\/\/www.icscoolenergy.com\/hu\/?s={search_term_string}"},"query-input":{"@type":"PropertyValueSpecification","valueRequired":true,"valueName":"search_term_string"}}],"inLanguage":"hu"},{"@type":"Organization","@id":"https:\/\/www.icscoolenergy.com\/hu\/#organization","name":"ICS Cool Energy","url":"https:\/\/www.icscoolenergy.com\/hu\/","logo":{"@type":"ImageObject","inLanguage":"hu","@id":"https:\/\/www.icscoolenergy.com\/hu\/#\/schema\/logo\/image\/","url":"https:\/\/www.icscoolenergy.com\/wp-content\/uploads\/sites\/10\/2024\/01\/ics-cool-energy-logo.svg","contentUrl":"https:\/\/www.icscoolenergy.com\/wp-content\/uploads\/sites\/10\/2024\/01\/ics-cool-energy-logo.svg","caption":"ICS Cool Energy"},"image":{"@id":"https:\/\/www.icscoolenergy.com\/hu\/#\/schema\/logo\/image\/"},"sameAs":["https:\/\/www.linkedin.com\/company\/ics-temperature-control\/","https:\/\/www.youtube.com\/@ICSCoolEnergyLtd"],"description":"ICS Cool Energy is a market leader for process and critical temperature control solutions that keep all types and sizes of businesses and industry running. Our headquarters are situated in Southampton, with offices throughout the UK and Europe, employing over 250 people in the UK alone.","email":"info@icscoolenergy.com","telephone":"0800 840 4210","legalName":"ICS Cool Energy Limited","numberOfEmployees":{"@type":"QuantitativeValue","minValue":"201","maxValue":"500"}}]}},"_links":{"self":[{"href":"https:\/\/www.icscoolenergy.com\/hu\/wp-json\/wp\/v2\/pages\/86570","targetHints":{"allow":["GET"]}}],"collection":[{"href":"https:\/\/www.icscoolenergy.com\/hu\/wp-json\/wp\/v2\/pages"}],"about":[{"href":"https:\/\/www.icscoolenergy.com\/hu\/wp-json\/wp\/v2\/types\/page"}],"author":[{"embeddable":true,"href":"https:\/\/www.icscoolenergy.com\/hu\/wp-json\/wp\/v2\/users\/8"}],"replies":[{"embeddable":true,"href":"https:\/\/www.icscoolenergy.com\/hu\/wp-json\/wp\/v2\/comments?post=86570"}],"version-history":[{"count":0,"href":"https:\/\/www.icscoolenergy.com\/hu\/wp-json\/wp\/v2\/pages\/86570\/revisions"}],"wp:attachment":[{"href":"https:\/\/www.icscoolenergy.com\/hu\/wp-json\/wp\/v2\/media?parent=86570"}],"curies":[{"name":"wp","href":"https:\/\/api.w.org\/{rel}","templated":true}]}}