 
{"id":86572,"date":"2024-05-22T11:30:10","date_gmt":"2024-05-22T11:30:10","guid":{"rendered":"https:\/\/www.icscoolenergy.com\/hu\/furner-belgium\/"},"modified":"2024-11-30T12:08:43","modified_gmt":"2024-11-30T12:08:43","slug":"furner-belgium","status":"publish","type":"page","link":"https:\/\/www.icscoolenergy.com\/hu\/furner-belgium\/","title":{"rendered":"Furn\u00e9r Belgium"},"content":{"rendered":"<div class=\"xs:pl-12 md:pl-28 pl-28 mb-0 wp-block-cover alignfull is-light eplus-wrapper eplus-styles-uid-f4cc7d\" style=\"margin-top:0;min-height:70vh;aspect-ratio:unset;\"><span aria-hidden=\"true\" class=\"wp-block-cover__background has-background-dim-100 has-background-dim wp-block-cover__gradient-background has-background-gradient\" style=\"background-color:#FFF;background:linear-gradient(145deg,rgb(49,47,95) 0%,rgba(49,46,94,0) 100%)\"><\/span><video class=\"wp-block-cover__video-background intrinsic-ignore\" autoplay muted loop playsinline src=\"https:\/\/www.icscoolenergy.com\/hu\/wp-content\/\/uploads\/2024\/05\/ICS-Cool-Energy-Web-Banner-v3-compressed.mp4\" data-object-fit=\"cover\"><\/video><div class=\"wp-block-cover__inner-container is-layout-flow wp-block-cover-is-layout-flow\">\n<div class=\"xs:w-full sm:w-11\/12 md:w-4\/5 lg:w-3\/4 xl:w-1\/3 mb-0 wp-block-group eplus-wrapper is-layout-flow wp-block-group-is-layout-flow\">\n<h1 class=\"wp-block-heading has-text-align-left has-base-3-color has-text-color has-link-color eplus-wrapper wp-elements-62f830ecdcf9132c0440e5ecb0a24256\"><strong>PROCESTEMPERATUUR SPECIALISTEN IN TEMPERATUURREGELING.<\/strong><\/h1>\n\n\n\n<h3 class=\"wp-block-heading has-white-color has-text-color has-link-color eplus-wrapper wp-elements-fb67c531b48a79de1da8759002773fbe\"><strong>Welkom bij ICS Cool Energy Belgium<\/strong><\/h3>\n\n\n\n<p class=\"has-light-color has-text-color has-link-color eplus-wrapper wp-elements-78c2f6309a5b586029ea5a28a4e63caf\">Uw vertrouwde partner voor energie-effici\u00ebnte en betrouwbare proceskoeling, -verwarming en -koudeopslag met hoge prestaties.<\/p>\n\n\n\n<div class=\"wp-block-buttons eplus-wrapper is-layout-flex wp-block-buttons-is-layout-flex\"><div class=\"is-style-fill wp-block-button eplus-wrapper eplus-styles-uid-7dd987\"><a class=\"wp-block-button__link has-background wp-element-button\" href=\"tel:+32080029110\" style=\"background-color:#ef4138\">+32 (0)800 29110<\/a><\/div><\/div>\n<\/div>\n<\/div><\/div>\n<div class=\"wp-block-group has-white-background-color has-background eplus-wrapper is-layout-constrained wp-container-core-group-is-layout-806bf311 wp-block-group-is-layout-constrained\">\n<div class=\"wp-block-group eplus-wrapper is-layout-flow wp-block-group-is-layout-flow\"><div class=\"md:px-28 xs:px-12 wp-block-columns eplus-wrapper is-layout-flex wp-container-core-columns-is-layout-9d6595d7 wp-block-columns-is-layout-flex eplus-styles-uid-dec383\">\n<div class=\"wp-block-column eplus-wrapper is-layout-flow wp-block-column-is-layout-flow\">\n<div style=\"height:50px\" aria-hidden=\"true\" class=\" wp-block-spacer eplus-wrapper\"><\/div>\n\n\n\n<h2 class=\" wp-block-heading has-text-align-center eplus-wrapper\">T\u00d6BB ONS<\/h2>\n\n\n\n<p class=\" has-text-align-center eplus-wrapper\">ICS Cool Energy is gespecialiseerd in verkoop, verhuur en service van proceskoeling en klimaatbeheersingsoplossingen. Wij zijn werkzaam in diversen industrie\u00ebn zoals onder andere kunststoffen, voedsel, drank, metaalbewerking en HVAC. <\/p>\n<\/div>\n<\/div><\/div>\n\n\n\n<div style=\"height:60px\" aria-hidden=\"true\" class=\" wp-block-spacer eplus-wrapper\"><\/div>\n\n\n\n<div class=\"wp-block-group eplus-wrapper is-layout-flow wp-block-group-is-layout-flow\"><div class=\"items-center md:flex xs:grid wp-block-columns eplus-wrapper is-layout-flex wp-container-core-columns-is-layout-9d6595d7 wp-block-columns-is-layout-flex eplus-styles-uid-4ae0aa\">\n<div class=\"xs:order-2 md:order-2 xs:w-full md:w-6\/12 xs:mb-12 md:mb-0 wp-block-column eplus-wrapper is-layout-flow wp-block-column-is-layout-flow\">\n<figure class=\" wp-block-image size-full is-resized eplus-wrapper\"><img loading=\"lazy\" decoding=\"async\" width=\"720\" height=\"567\" src=\"https:\/\/www.icscoolenergy.com\/hu\/wp-content\/uploads\/sites\/10\/2024\/04\/Project-management.jpg\" alt=\"Teljes k\u00f6r\u0171 projektmenedzsment\" class=\"wp-image-79826\" style=\"width:720px\" srcset=\"https:\/\/www.icscoolenergy.com\/wp-content\/uploads\/sites\/10\/2024\/04\/Project-management.jpg 720w, https:\/\/www.icscoolenergy.com\/wp-content\/uploads\/sites\/10\/2024\/04\/Project-management-300x236.jpg 300w, https:\/\/www.icscoolenergy.com\/wp-content\/uploads\/sites\/10\/2024\/04\/Project-management-50x39.jpg 50w, https:\/\/www.icscoolenergy.com\/wp-content\/uploads\/sites\/10\/2024\/04\/Project-management-600x473.jpg 600w\" sizes=\"auto, (max-width: 720px) 100vw, 720px\" \/><\/figure>\n<\/div>\n\n\n\n<div class=\"xs:order-1 md:order-1 xs:w-full md:w-6\/12 wp-block-column eplus-wrapper is-layout-flow wp-block-column-is-layout-flow\">\n<p class=\" eplus-wrapper\">Door onze technische expertise en adviserende aanpak bieden wij koel-, verwarmings- en klimaatbeheersingsoplossingen die geheel aan uw exacte eisen kunnen voldoen. Door duidelijk inzicht en controle over de prestaties van de installatie reduceert u eenvoudig uw kosten. Een samenwerking op lange termijn, om ervoor te zorgen dat uw machines goed onderhouden zijn en de komende jaren effici\u00ebnt blijven werken, is uiteraard ook een mogelijkheid.  <\/p>\n\n\n\n<p class=\" eplus-wrapper\">Gr\u00e2ce \u00e0 notre expertise en ing\u00e9nierie et notre approche consultative, nous sommes en mesure d&#8217;adapter les solutions de refroidissement, de chauffage et de contr\u00f4le de la temp\u00e9rature \u00e0 vos besoins sp\u00e9cifiques. Vous fournir un contr\u00f4le in\u00e9gal\u00e9 et des co\u00fbts r\u00e9duits. Nous pouvons \u00e9galement travailler avec vous \u00e0 long terme afin de vous assurer que votre \u00e9quipement est bien entretenu et continue de fonctionner efficacement pendant de nombreuses ann\u00e9es \u00e0 venir.  <\/p>\n<\/div>\n<\/div><\/div>\n\n\n\n<div style=\"height:60px\" aria-hidden=\"true\" class=\" wp-block-spacer eplus-wrapper\"><\/div>\n\n\n\n<div class=\"mb-20 wp-block-group eplus-wrapper is-layout-flow wp-block-group-is-layout-flow\"><div class=\"is-not-stacked-on-mobile xs:p-8 sm:p-12 rounded-2xl items-center md:flex xs:grid wp-block-columns has-background eplus-wrapper is-layout-flex wp-container-core-columns-is-layout-9d6595d7 wp-block-columns-is-layout-flex eplus-styles-uid-fbb9bd\" style=\"background-color:#222143\">\n<div class=\"xs:order-2 md:order-1 xs:w-full md:w-6\/12 wp-block-column eplus-wrapper is-layout-flow wp-block-column-is-layout-flow\">\n<h2 class=\"wp-block-heading has-white-color has-text-color has-link-color eplus-wrapper wp-elements-d4bf6b978faeea3deff65c924fde6ddc\">Neem contact met ons op<\/h2>\n\n\n\n<p class=\"has-light-color has-text-color has-link-color eplus-wrapper wp-elements-2eff8fc2d22a3aca11a5f1f40004d940\">Waarom pakt u niet de telefoon en spreekt u met ons vriendelijke en ervaren team? Wij maken het u gemakkelijk: of uw behoefte nu groot, klein, lang of kort is, wij staan klaar om u te helpen. <\/p>\n\n\n\n<div class=\"wp-block-buttons eplus-wrapper is-layout-flex wp-block-buttons-is-layout-flex\"><div class=\"is-style-fill wp-block-button eplus-wrapper eplus-styles-uid-50249b\"><a class=\"wp-block-button__link has-background wp-element-button\" href=\"tel:+32080029110\" style=\"background-color:#ef4138\">+32 (0)800 29110<\/a><\/div><\/div>\n<\/div>\n\n\n\n<div class=\"xs:order-1 md:order-2 xs:w-full md:w-6\/12 wp-block-column eplus-wrapper is-layout-flow wp-block-column-is-layout-flow\">\n<figure class=\"ek-rounded-lg wp-block-image size-full eplus-wrapper\"><img loading=\"lazy\" decoding=\"async\" width=\"2011\" height=\"1342\" src=\"https:\/\/www.icscoolenergy.com\/hu\/wp-content\/\/uploads\/2024\/05\/Chiller-Testing-1.jpg\" alt=\"\" class=\"wp-image-79310\"><\/figure>\n<\/div>\n<\/div><\/div>\n\n\n\n<div style=\"height:60px\" aria-hidden=\"true\" class=\" wp-block-spacer eplus-wrapper\"><\/div>\n<\/div>\n","protected":false},"excerpt":{"rendered":"<p>T\u00d6BB ONS ICS Cool Energy is gespecialiseerd in verkoop, verhuur en service van proceskoeling en klimaatbeheersingsoplossingen. Wij zijn werkzaam in diversen industrie\u00ebn zoals onder andere kunststoffen, voedsel, drank, metaalbewerking en HVAC. Door onze technische expertise en adviserende aanpak bieden wij koel-, verwarmings- en klimaatbeheersingsoplossingen die geheel aan uw exacte eisen kunnen voldoen. Door duidelijk inzicht &#8230; <a title=\"Furn\u00e9r Belgium\" class=\"read-more\" href=\"https:\/\/www.icscoolenergy.com\/hu\/furner-belgium\/\" aria-label=\"More on Furn\u00e9r Belgium\">Read more<\/a><\/p>\n","protected":false},"author":8,"featured_media":0,"parent":0,"menu_order":0,"comment_status":"closed","ping_status":"closed","template":"","meta":{"_acf_changed":false,"inline_featured_image":false,"_editorskit_title_hidden":false,"_editorskit_reading_time":0,"_editorskit_is_block_options_detached":false,"_editorskit_block_options_position":"{}","editor_plus_copied_stylings":"{}","footnotes":""},"class_list":["post-86572","page","type-page","status-publish"],"acf":[],"yoast_head":"<!-- This site is optimized with the Yoast SEO Premium plugin v24.5 (Yoast SEO v26.9) - https:\/\/yoast.com\/product\/yoast-seo-premium-wordpress\/ -->\n<title>Welkom bij ICS Cool Energy Belgium<\/title>\n<meta name=\"description\" content=\"ICS Cool Energy is gespecialiseerd in verkoop, verhuur en service van proceskoeling en klimaatbeheersingsoplossingen. Wij zijn werkzaam in diversen industrie\u00ebn zoals onder andere kunststoffen, voedsel, drank, metaalbewerking en HVAC.\" \/>\n<meta name=\"robots\" content=\"index, follow, max-snippet:-1, max-image-preview:large, max-video-preview:-1\" \/>\n<link rel=\"canonical\" href=\"https:\/\/www.icscoolenergy.com\/hu\/furner-belgium\/\" \/>\n<meta property=\"og:locale\" content=\"hu_HU\" \/>\n<meta property=\"og:type\" content=\"article\" \/>\n<meta property=\"og:title\" content=\"Furn\u00e9r Belgium\" \/>\n<meta property=\"og:description\" content=\"ICS Cool Energy is gespecialiseerd in verkoop, verhuur en service van proceskoeling en klimaatbeheersingsoplossingen. Wij zijn werkzaam in diversen industrie\u00ebn zoals onder andere kunststoffen, voedsel, drank, metaalbewerking en HVAC.\" \/>\n<meta property=\"og:url\" content=\"https:\/\/www.icscoolenergy.com\/hu\/furner-belgium\/\" \/>\n<meta property=\"og:site_name\" content=\"Hungary\" \/>\n<meta property=\"article:modified_time\" content=\"2024-11-30T12:08:43+00:00\" \/>\n<meta property=\"og:image\" content=\"https:\/\/www.icscoolenergy.com\/hu\/wp-content\/uploads\/sites\/10\/2024\/04\/Project-management.jpg\" \/>\n<meta name=\"twitter:card\" content=\"summary_large_image\" \/>\n<meta name=\"twitter:label1\" content=\"Est. reading time\" \/>\n\t<meta name=\"twitter:data1\" content=\"1 perc\" \/>\n<script type=\"application\/ld+json\" class=\"yoast-schema-graph\">{\"@context\":\"https:\/\/schema.org\",\"@graph\":[{\"@type\":\"WebPage\",\"@id\":\"https:\/\/www.icscoolenergy.com\/hu\/furner-belgium\/\",\"url\":\"https:\/\/www.icscoolenergy.com\/hu\/furner-belgium\/\",\"name\":\"Welkom bij ICS Cool Energy Belgium\",\"isPartOf\":{\"@id\":\"https:\/\/www.icscoolenergy.com\/hu\/#website\"},\"primaryImageOfPage\":{\"@id\":\"https:\/\/www.icscoolenergy.com\/hu\/furner-belgium\/#primaryimage\"},\"image\":{\"@id\":\"https:\/\/www.icscoolenergy.com\/hu\/furner-belgium\/#primaryimage\"},\"thumbnailUrl\":\"https:\/\/www.icscoolenergy.com\/hu\/wp-content\/uploads\/sites\/10\/2024\/04\/Project-management.jpg\",\"datePublished\":\"2024-05-22T11:30:10+00:00\",\"dateModified\":\"2024-11-30T12:08:43+00:00\",\"description\":\"ICS Cool Energy is gespecialiseerd in verkoop, verhuur en service van proceskoeling en klimaatbeheersingsoplossingen. Wij zijn werkzaam in diversen industrie\u00ebn zoals onder andere kunststoffen, voedsel, drank, metaalbewerking en HVAC.\",\"breadcrumb\":{\"@id\":\"https:\/\/www.icscoolenergy.com\/hu\/furner-belgium\/#breadcrumb\"},\"inLanguage\":\"hu\",\"potentialAction\":[{\"@type\":\"ReadAction\",\"target\":[\"https:\/\/www.icscoolenergy.com\/hu\/furner-belgium\/\"]}]},{\"@type\":\"ImageObject\",\"inLanguage\":\"hu\",\"@id\":\"https:\/\/www.icscoolenergy.com\/hu\/furner-belgium\/#primaryimage\",\"url\":\"https:\/\/www.icscoolenergy.com\/wp-content\/uploads\/sites\/10\/2024\/04\/Project-management.jpg\",\"contentUrl\":\"https:\/\/www.icscoolenergy.com\/wp-content\/uploads\/sites\/10\/2024\/04\/Project-management.jpg\",\"width\":720,\"height\":567,\"caption\":\"Full project management\"},{\"@type\":\"BreadcrumbList\",\"@id\":\"https:\/\/www.icscoolenergy.com\/hu\/furner-belgium\/#breadcrumb\",\"itemListElement\":[{\"@type\":\"ListItem\",\"position\":1,\"name\":\"Home\",\"item\":\"https:\/\/www.icscoolenergy.com\/hu\/\"},{\"@type\":\"ListItem\",\"position\":2,\"name\":\"Furn\u00e9r Belgium\"}]},{\"@type\":\"WebSite\",\"@id\":\"https:\/\/www.icscoolenergy.com\/hu\/#website\",\"url\":\"https:\/\/www.icscoolenergy.com\/hu\/\",\"name\":\"ICS Cool Energy\",\"description\":\"The Process Temperature Control Specialists\",\"publisher\":{\"@id\":\"https:\/\/www.icscoolenergy.com\/hu\/#organization\"},\"alternateName\":\"ICS\",\"potentialAction\":[{\"@type\":\"SearchAction\",\"target\":{\"@type\":\"EntryPoint\",\"urlTemplate\":\"https:\/\/www.icscoolenergy.com\/hu\/?s={search_term_string}\"},\"query-input\":{\"@type\":\"PropertyValueSpecification\",\"valueRequired\":true,\"valueName\":\"search_term_string\"}}],\"inLanguage\":\"hu\"},{\"@type\":\"Organization\",\"@id\":\"https:\/\/www.icscoolenergy.com\/hu\/#organization\",\"name\":\"ICS Cool Energy\",\"url\":\"https:\/\/www.icscoolenergy.com\/hu\/\",\"logo\":{\"@type\":\"ImageObject\",\"inLanguage\":\"hu\",\"@id\":\"https:\/\/www.icscoolenergy.com\/hu\/#\/schema\/logo\/image\/\",\"url\":\"https:\/\/www.icscoolenergy.com\/wp-content\/uploads\/sites\/10\/2024\/01\/ics-cool-energy-logo.svg\",\"contentUrl\":\"https:\/\/www.icscoolenergy.com\/wp-content\/uploads\/sites\/10\/2024\/01\/ics-cool-energy-logo.svg\",\"caption\":\"ICS Cool Energy\"},\"image\":{\"@id\":\"https:\/\/www.icscoolenergy.com\/hu\/#\/schema\/logo\/image\/\"},\"sameAs\":[\"https:\/\/www.linkedin.com\/company\/ics-temperature-control\/\",\"https:\/\/www.youtube.com\/@ICSCoolEnergyLtd\"],\"description\":\"ICS Cool Energy is a market leader for process and critical temperature control solutions that keep all types and sizes of businesses and industry running. Our headquarters are situated in Southampton, with offices throughout the UK and Europe, employing over 250 people in the UK alone.\",\"email\":\"info@icscoolenergy.com\",\"telephone\":\"0800 840 4210\",\"legalName\":\"ICS Cool Energy Limited\",\"numberOfEmployees\":{\"@type\":\"QuantitativeValue\",\"minValue\":\"201\",\"maxValue\":\"500\"}}]}<\/script>\n<!-- \/ Yoast SEO Premium plugin. -->","yoast_head_json":{"title":"Welkom bij ICS Cool Energy Belgium","description":"ICS Cool Energy is gespecialiseerd in verkoop, verhuur en service van proceskoeling en klimaatbeheersingsoplossingen. Wij zijn werkzaam in diversen industrie\u00ebn zoals onder andere kunststoffen, voedsel, drank, metaalbewerking en HVAC.","robots":{"index":"index","follow":"follow","max-snippet":"max-snippet:-1","max-image-preview":"max-image-preview:large","max-video-preview":"max-video-preview:-1"},"canonical":"https:\/\/www.icscoolenergy.com\/hu\/furner-belgium\/","og_locale":"hu_HU","og_type":"article","og_title":"Furn\u00e9r Belgium","og_description":"ICS Cool Energy is gespecialiseerd in verkoop, verhuur en service van proceskoeling en klimaatbeheersingsoplossingen. Wij zijn werkzaam in diversen industrie\u00ebn zoals onder andere kunststoffen, voedsel, drank, metaalbewerking en HVAC.","og_url":"https:\/\/www.icscoolenergy.com\/hu\/furner-belgium\/","og_site_name":"Hungary","article_modified_time":"2024-11-30T12:08:43+00:00","og_image":[{"url":"https:\/\/www.icscoolenergy.com\/hu\/wp-content\/uploads\/sites\/10\/2024\/04\/Project-management.jpg","type":"","width":"","height":""}],"twitter_card":"summary_large_image","twitter_misc":{"Est. reading time":"1 perc"},"schema":{"@context":"https:\/\/schema.org","@graph":[{"@type":"WebPage","@id":"https:\/\/www.icscoolenergy.com\/hu\/furner-belgium\/","url":"https:\/\/www.icscoolenergy.com\/hu\/furner-belgium\/","name":"Welkom bij ICS Cool Energy Belgium","isPartOf":{"@id":"https:\/\/www.icscoolenergy.com\/hu\/#website"},"primaryImageOfPage":{"@id":"https:\/\/www.icscoolenergy.com\/hu\/furner-belgium\/#primaryimage"},"image":{"@id":"https:\/\/www.icscoolenergy.com\/hu\/furner-belgium\/#primaryimage"},"thumbnailUrl":"https:\/\/www.icscoolenergy.com\/hu\/wp-content\/uploads\/sites\/10\/2024\/04\/Project-management.jpg","datePublished":"2024-05-22T11:30:10+00:00","dateModified":"2024-11-30T12:08:43+00:00","description":"ICS Cool Energy is gespecialiseerd in verkoop, verhuur en service van proceskoeling en klimaatbeheersingsoplossingen. Wij zijn werkzaam in diversen industrie\u00ebn zoals onder andere kunststoffen, voedsel, drank, metaalbewerking en HVAC.","breadcrumb":{"@id":"https:\/\/www.icscoolenergy.com\/hu\/furner-belgium\/#breadcrumb"},"inLanguage":"hu","potentialAction":[{"@type":"ReadAction","target":["https:\/\/www.icscoolenergy.com\/hu\/furner-belgium\/"]}]},{"@type":"ImageObject","inLanguage":"hu","@id":"https:\/\/www.icscoolenergy.com\/hu\/furner-belgium\/#primaryimage","url":"https:\/\/www.icscoolenergy.com\/wp-content\/uploads\/sites\/10\/2024\/04\/Project-management.jpg","contentUrl":"https:\/\/www.icscoolenergy.com\/wp-content\/uploads\/sites\/10\/2024\/04\/Project-management.jpg","width":720,"height":567,"caption":"Full project management"},{"@type":"BreadcrumbList","@id":"https:\/\/www.icscoolenergy.com\/hu\/furner-belgium\/#breadcrumb","itemListElement":[{"@type":"ListItem","position":1,"name":"Home","item":"https:\/\/www.icscoolenergy.com\/hu\/"},{"@type":"ListItem","position":2,"name":"Furn\u00e9r Belgium"}]},{"@type":"WebSite","@id":"https:\/\/www.icscoolenergy.com\/hu\/#website","url":"https:\/\/www.icscoolenergy.com\/hu\/","name":"ICS Cool Energy","description":"The Process Temperature Control Specialists","publisher":{"@id":"https:\/\/www.icscoolenergy.com\/hu\/#organization"},"alternateName":"ICS","potentialAction":[{"@type":"SearchAction","target":{"@type":"EntryPoint","urlTemplate":"https:\/\/www.icscoolenergy.com\/hu\/?s={search_term_string}"},"query-input":{"@type":"PropertyValueSpecification","valueRequired":true,"valueName":"search_term_string"}}],"inLanguage":"hu"},{"@type":"Organization","@id":"https:\/\/www.icscoolenergy.com\/hu\/#organization","name":"ICS Cool Energy","url":"https:\/\/www.icscoolenergy.com\/hu\/","logo":{"@type":"ImageObject","inLanguage":"hu","@id":"https:\/\/www.icscoolenergy.com\/hu\/#\/schema\/logo\/image\/","url":"https:\/\/www.icscoolenergy.com\/wp-content\/uploads\/sites\/10\/2024\/01\/ics-cool-energy-logo.svg","contentUrl":"https:\/\/www.icscoolenergy.com\/wp-content\/uploads\/sites\/10\/2024\/01\/ics-cool-energy-logo.svg","caption":"ICS Cool Energy"},"image":{"@id":"https:\/\/www.icscoolenergy.com\/hu\/#\/schema\/logo\/image\/"},"sameAs":["https:\/\/www.linkedin.com\/company\/ics-temperature-control\/","https:\/\/www.youtube.com\/@ICSCoolEnergyLtd"],"description":"ICS Cool Energy is a market leader for process and critical temperature control solutions that keep all types and sizes of businesses and industry running. Our headquarters are situated in Southampton, with offices throughout the UK and Europe, employing over 250 people in the UK alone.","email":"info@icscoolenergy.com","telephone":"0800 840 4210","legalName":"ICS Cool Energy Limited","numberOfEmployees":{"@type":"QuantitativeValue","minValue":"201","maxValue":"500"}}]}},"_links":{"self":[{"href":"https:\/\/www.icscoolenergy.com\/hu\/wp-json\/wp\/v2\/pages\/86572","targetHints":{"allow":["GET"]}}],"collection":[{"href":"https:\/\/www.icscoolenergy.com\/hu\/wp-json\/wp\/v2\/pages"}],"about":[{"href":"https:\/\/www.icscoolenergy.com\/hu\/wp-json\/wp\/v2\/types\/page"}],"author":[{"embeddable":true,"href":"https:\/\/www.icscoolenergy.com\/hu\/wp-json\/wp\/v2\/users\/8"}],"replies":[{"embeddable":true,"href":"https:\/\/www.icscoolenergy.com\/hu\/wp-json\/wp\/v2\/comments?post=86572"}],"version-history":[{"count":0,"href":"https:\/\/www.icscoolenergy.com\/hu\/wp-json\/wp\/v2\/pages\/86572\/revisions"}],"wp:attachment":[{"href":"https:\/\/www.icscoolenergy.com\/hu\/wp-json\/wp\/v2\/media?parent=86572"}],"curies":[{"name":"wp","href":"https:\/\/api.w.org\/{rel}","templated":true}]}}