 
{"id":86573,"date":"2024-04-24T11:47:22","date_gmt":"2024-04-24T11:47:22","guid":{"rendered":"https:\/\/www.icscoolenergy.com\/hu\/szolgaltatas\/modositasok\/"},"modified":"2024-11-30T12:09:35","modified_gmt":"2024-11-30T12:09:35","slug":"modositasok","status":"publish","type":"page","link":"https:\/\/www.icscoolenergy.com\/hu\/szolgaltatas\/modositasok\/","title":{"rendered":"M\u00f3dos\u00edt\u00e1sok"},"content":{"rendered":"\n<div class=\"mb-8 eplus-wrapper wp-block-group is-layout-flow wp-block-group-is-layout-flow\">\n<div class=\"md:relative eplus-wrapper wp-block-group is-layout-flow wp-block-group-is-layout-flow\">\n<div class=\"eplus-wrapper wp-block-cover\" style=\"min-height:451px;aspect-ratio:unset;\"><span aria-hidden=\"true\" class=\"wp-block-cover__background has-background-dim-0 has-background-dim\"><\/span><img loading=\"lazy\" decoding=\"async\" width=\"1980\" height=\"871\" class=\"wp-block-cover__image-background wp-image-84120\" alt=\"Chiller Modifications\" src=\"https:\/\/www.icscoolenergy.com\/hu\/wp-content\/uploads\/sites\/10\/2024\/04\/Chiller-Modifications-1.jpg\" data-object-fit=\"cover\" srcset=\"https:\/\/www.icscoolenergy.com\/wp-content\/uploads\/sites\/10\/2024\/04\/Chiller-Modifications-1.jpg 1980w, https:\/\/www.icscoolenergy.com\/wp-content\/uploads\/sites\/10\/2024\/04\/Chiller-Modifications-1-300x132.jpg 300w, https:\/\/www.icscoolenergy.com\/wp-content\/uploads\/sites\/10\/2024\/04\/Chiller-Modifications-1-1024x450.jpg 1024w, https:\/\/www.icscoolenergy.com\/wp-content\/uploads\/sites\/10\/2024\/04\/Chiller-Modifications-1-768x338.jpg 768w, https:\/\/www.icscoolenergy.com\/wp-content\/uploads\/sites\/10\/2024\/04\/Chiller-Modifications-1-50x22.jpg 50w, https:\/\/www.icscoolenergy.com\/wp-content\/uploads\/sites\/10\/2024\/04\/Chiller-Modifications-1-1600x704.jpg 1600w, https:\/\/www.icscoolenergy.com\/wp-content\/uploads\/sites\/10\/2024\/04\/Chiller-Modifications-1-1536x676.jpg 1536w, https:\/\/www.icscoolenergy.com\/wp-content\/uploads\/sites\/10\/2024\/04\/Chiller-Modifications-1-600x264.jpg 600w\" sizes=\"auto, (max-width: 1980px) 100vw, 1980px\" \/><div class=\"wp-block-cover__inner-container is-layout-flow wp-block-cover-is-layout-flow\">\n<p class=\" has-text-align-center has-large-font-size eplus-wrapper\"><\/p>\n<\/div><\/div>\n\n\n\n<div class=\"rounded-tr-md sm:w-full md:w-[80%] md:h-fit md:top-[80%] relative md:-mt-[10%] z-[1] md:left-0 eplus-wrapper wp-block-group has-background is-layout-constrained wp-block-group-is-layout-constrained\" style=\"background-color:#eaeaef\">\n<h1 class=\"eplus-wrapper pt-8 wp-block-heading has-text-color has-link-color wp-elements-38b2fdf45a4246fc854a59acdfc6dfd2\" id=\"h-chiller-modifications\" style=\"color:#312f5f\">H\u0170T\u0150 M\u00d3DOS\u00cdT\u00c1SOK<\/h1>\n\n\n\n<p class=\" eplus-wrapper\">B\u00e1rmilyen alkalmaz\u00e1sr\u00f3l legyen is sz\u00f3, h\u00e1zon bel\u00fcli m\u00f3dos\u00edt\u00f3 csapatunkkal optim\u00e1lis megold\u00e1st tervez\u00fcnk \u00e9s \u00e9p\u00edt\u00fcnk az \u00d6n ig\u00e9nyeinek megfelel\u0151en.  <\/p>\n\n\n\n<p class=\" eplus-wrapper\">Az Egyes\u00fclt Kir\u00e1lys\u00e1g vezet\u0151 kritikus- \u00e9s folyamath\u0151m\u00e9rs\u00e9klet-szab\u00e1lyoz\u00f3 szak\u00e9rt\u0151jek\u00e9nt hatalmas tapasztalattal rendelkez\u00fcnk a megfelel\u0151, szem\u00e9lyre szabott megold\u00e1s l\u00e9trehoz\u00e1s\u00e1ban minden kritikus \u00e9s folyamatpiacon \u00e9s alkalmaz\u00e1sban.<\/p>\n\n\n\n<p class=\" eplus-wrapper\">Meg\u00e9rtj\u00fck, hogy egyes folyamatok speci\u00e1lis k\u00f6vetelm\u00e9nyekkel rendelkeznek, amelyek nem mindig teljes\u00edthet\u0151k szabv\u00e1nyos specifik\u00e1ci\u00f3j\u00fa folyad\u00e9kh\u0171t\u0151vel. Teljes m\u00e9rt\u00e9kben meg tudjuk tervezni \u00e9s megrendelni az \u00d6n pontos specifik\u00e1ci\u00f3it, nem csak a rakt\u00e1rban v\u00e9gzett m\u00f3dos\u00edt\u00e1sokkal. Ak\u00e1r speci\u00e1lis anyagokat, ak\u00e1r munkateret, helyet vagy sz\u00e9nl\u00e1bnyomot ig\u00e9nyel az alkalmaz\u00e1sa, r\u00e1nk b\u00edzhatja annak el\u0151\u00e1ll\u00edt\u00e1s\u00e1t.  <\/p>\n\n\n\n<p class=\" eplus-wrapper\">Csapatunk minden egyes h\u0171t\u0151t tesztel a gy\u00e1rban, \u00e9s FAT (gy\u00e1ri \u00e1tv\u00e9teli tesztek szem\u00e9lyesen vagy vide\u00f3n kereszt\u00fcl), teljes kulcsrak\u00e9sz telep\u00edt\u00e9si szolg\u00e1ltat\u00e1sokat, SAT-ot (helysz\u00edni elfogad\u00e1si tesztek) \u00e9s \u00fczembe helyez\u00e9st k\u00edn\u00e1l.<\/p>\n<\/div>\n<\/div>\n\n\n\n<div style=\"height:60px\" aria-hidden=\"true\" class=\"xs:hidden md:block eplus-wrapper wp-block-spacer\"><\/div>\n<\/div>\n\n<div class=\"wp-block-group eplus-wrapper is-layout-flow wp-block-group-is-layout-flow\"><div class=\"items-center md:flex xs:grid wp-block-columns eplus-wrapper is-layout-flex wp-container-core-columns-is-layout-9d6595d7 wp-block-columns-is-layout-flex eplus-styles-uid-afbeaa\">\n<div class=\"xs:order-2 md:order-2 xs:w-full md:w-6\/12 xs:mb-12 md:mb-0 wp-block-column eplus-wrapper is-layout-flow wp-block-column-is-layout-flow\">\n<figure class=\" wp-block-image size-full is-resized eplus-wrapper\"><img loading=\"lazy\" decoding=\"async\" width=\"600\" height=\"458\" src=\"https:\/\/www.icscoolenergy.com\/hu\/wp-content\/uploads\/sites\/10\/2024\/04\/Chiller-Modification-CTAjpg-1.jpg\" alt=\"\" class=\"wp-image-84125\" style=\"width:720px\" srcset=\"https:\/\/www.icscoolenergy.com\/wp-content\/uploads\/sites\/10\/2024\/04\/Chiller-Modification-CTAjpg-1.jpg 600w, https:\/\/www.icscoolenergy.com\/wp-content\/uploads\/sites\/10\/2024\/04\/Chiller-Modification-CTAjpg-1-300x229.jpg 300w, https:\/\/www.icscoolenergy.com\/wp-content\/uploads\/sites\/10\/2024\/04\/Chiller-Modification-CTAjpg-1-50x38.jpg 50w\" sizes=\"auto, (max-width: 600px) 100vw, 600px\" \/><\/figure>\n<\/div>\n\n\n\n<div class=\"xs:order-1 md:order-1 xs:w-full md:w-6\/12 wp-block-column eplus-wrapper is-layout-flow wp-block-column-is-layout-flow\">\n<h3 class=\" wp-block-heading eplus-wrapper\" id=\"h-modifications-include\"><strong>A M\u00d3DOS\u00cdT\u00c1SOK A K\u00d6VETKEZ\u0150K:<\/strong><\/h3>\n\n\n\n<div class=\"wp-block-group eplus-wrapper is-content-justification-left is-nowrap is-layout-flex wp-container-core-group-is-layout-f56a869c wp-block-group-is-layout-flex\">\n<figure class=\" wp-block-image size-large is-resized eplus-wrapper\"><img loading=\"lazy\" decoding=\"async\" width=\"87\" height=\"100\" src=\"https:\/\/www.icscoolenergy.com\/hu\/wp-content\/uploads\/sites\/10\/2024\/04\/Icons-2024_compliance.svg\" alt=\"\" class=\"wp-image-79453\" style=\"width:28px;height:auto\"><\/figure>\n\n\n\n<p class=\" eplus-wrapper\">Szivatty\u00fa (nincs szivatty\u00fa, 3 bar, 5 bar, 3 bar fut\u00e1s\/k\u00e9szenl\u00e9t, 5 bar fut\u00e1s\/k\u00e9szenl\u00e9t)<\/p>\n<\/div>\n\n\n\n<div style=\"height:8px\" aria-hidden=\"true\" class=\" wp-block-spacer eplus-wrapper\"><\/div>\n\n\n\n<div class=\"wp-block-group eplus-wrapper is-content-justification-left is-nowrap is-layout-flex wp-container-core-group-is-layout-f56a869c wp-block-group-is-layout-flex\">\n<figure class=\" wp-block-image size-large is-resized eplus-wrapper\"><img loading=\"lazy\" decoding=\"async\" width=\"87\" height=\"100\" src=\"https:\/\/www.icscoolenergy.com\/hu\/wp-content\/uploads\/sites\/10\/2024\/04\/Icons-2024_compliance.svg\" alt=\"\" class=\"wp-image-79453\" style=\"width:28px;height:auto\"><\/figure>\n\n\n\n<p class=\"has-text-align-left has-text-color has-link-color eplus-wrapper wp-elements-55050f89da2d601ada2fde01f9a8fc2e\" style=\"color:#323130\">K\u00e9zi t\u00f6lt\u0151- \u00e9s szell\u0151z\u0151tart\u00e1ly<\/p>\n<\/div>\n\n\n\n<div style=\"height:8px\" aria-hidden=\"true\" class=\" wp-block-spacer eplus-wrapper\"><\/div>\n\n\n\n<div class=\"wp-block-group eplus-wrapper is-content-justification-left is-nowrap is-layout-flex wp-container-core-group-is-layout-f56a869c wp-block-group-is-layout-flex\">\n<figure class=\" wp-block-image size-large is-resized eplus-wrapper\"><img loading=\"lazy\" decoding=\"async\" width=\"87\" height=\"100\" src=\"https:\/\/www.icscoolenergy.com\/hu\/wp-content\/uploads\/sites\/10\/2024\/04\/Icons-2024_compliance.svg\" alt=\"\" class=\"wp-image-79453\" style=\"width:28px;height:auto\"><\/figure>\n\n\n\n<p class=\"has-text-align-left has-text-color has-link-color eplus-wrapper wp-elements-c49fb81b00f5d8cabe35bdda510ba7d8\" style=\"color:#323130\">K\u00e9zi \/ nyom\u00e1scs\u00f6kkent\u0151 bypass<\/p>\n<\/div>\n\n\n\n<div style=\"height:8px\" aria-hidden=\"true\" class=\" wp-block-spacer eplus-wrapper\"><\/div>\n\n\n\n<div class=\"wp-block-group eplus-wrapper is-content-justification-left is-nowrap is-layout-flex wp-container-core-group-is-layout-f56a869c wp-block-group-is-layout-flex\">\n<figure class=\" wp-block-image size-large is-resized eplus-wrapper\"><img loading=\"lazy\" decoding=\"async\" width=\"87\" height=\"100\" src=\"https:\/\/www.icscoolenergy.com\/hu\/wp-content\/uploads\/sites\/10\/2024\/04\/Icons-2024_compliance.svg\" alt=\"\" class=\"wp-image-79453\" style=\"width:28px;height:auto\"><\/figure>\n\n\n\n<p class=\" eplus-wrapper\">\u00c1rv\u00edzg\u00e1tl\u00f3 h\u00e1ts\u00f3 k\u00e9szlet (m\u00e1gnesszelep \u00e9s visszacsap\u00f3 szelep)<\/p>\n<\/div>\n\n\n\n<div style=\"height:8px\" aria-hidden=\"true\" class=\" wp-block-spacer eplus-wrapper\"><\/div>\n\n\n\n<div class=\"wp-block-group eplus-wrapper is-content-justification-left is-nowrap is-layout-flex wp-container-core-group-is-layout-f56a869c wp-block-group-is-layout-flex\">\n<figure class=\" wp-block-image size-large is-resized eplus-wrapper\"><img loading=\"lazy\" decoding=\"async\" width=\"87\" height=\"100\" src=\"https:\/\/www.icscoolenergy.com\/hu\/wp-content\/uploads\/sites\/10\/2024\/04\/Icons-2024_compliance.svg\" alt=\"\" class=\"wp-image-79453\" style=\"width:28px;height:auto\"><\/figure>\n\n\n\n<p class=\"has-text-align-left has-text-color has-link-color eplus-wrapper wp-elements-efb936bc90b332d821b2eafadc8e509f\" style=\"color:#323130\">A keret sz\u00edne az \u00d6n l\u00e9tes\u00edtm\u00e9nyeihez illik<\/p>\n<\/div>\n\n\n\n<div style=\"height:8px\" aria-hidden=\"true\" class=\" wp-block-spacer eplus-wrapper\"><\/div>\n<\/div>\n<\/div><\/div>\n\n<div style=\"height:80px\" aria-hidden=\"true\" class=\" wp-block-spacer eplus-wrapper\"><\/div>\n","protected":false},"excerpt":{"rendered":"<p>H\u0170T\u0150 M\u00d3DOS\u00cdT\u00c1SOK B\u00e1rmilyen alkalmaz\u00e1sr\u00f3l legyen is sz\u00f3, h\u00e1zon bel\u00fcli m\u00f3dos\u00edt\u00f3 csapatunkkal optim\u00e1lis megold\u00e1st tervez\u00fcnk \u00e9s \u00e9p\u00edt\u00fcnk az \u00d6n ig\u00e9nyeinek megfelel\u0151en. Az Egyes\u00fclt Kir\u00e1lys\u00e1g vezet\u0151 kritikus- \u00e9s folyamath\u0151m\u00e9rs\u00e9klet-szab\u00e1lyoz\u00f3 szak\u00e9rt\u0151jek\u00e9nt hatalmas tapasztalattal rendelkez\u00fcnk a megfelel\u0151, szem\u00e9lyre szabott megold\u00e1s l\u00e9trehoz\u00e1s\u00e1ban minden kritikus \u00e9s folyamatpiacon \u00e9s alkalmaz\u00e1sban. Meg\u00e9rtj\u00fck, hogy egyes folyamatok speci\u00e1lis k\u00f6vetelm\u00e9nyekkel rendelkeznek, amelyek nem mindig teljes\u00edthet\u0151k szabv\u00e1nyos &#8230; <a title=\"M\u00f3dos\u00edt\u00e1sok\" class=\"read-more\" href=\"https:\/\/www.icscoolenergy.com\/hu\/szolgaltatas\/modositasok\/\" aria-label=\"More on M\u00f3dos\u00edt\u00e1sok\">Read more<\/a><\/p>\n","protected":false},"author":8,"featured_media":0,"parent":86355,"menu_order":0,"comment_status":"closed","ping_status":"closed","template":"template-1.php","meta":{"_acf_changed":false,"inline_featured_image":false,"_editorskit_title_hidden":false,"_editorskit_reading_time":0,"_editorskit_is_block_options_detached":false,"_editorskit_block_options_position":"{}","editor_plus_copied_stylings":"{}","footnotes":""},"class_list":["post-86573","page","type-page","status-publish"],"acf":[],"yoast_head":"<!-- This site is optimized with the Yoast SEO Premium plugin v24.5 (Yoast SEO v26.9) - https:\/\/yoast.com\/product\/yoast-seo-premium-wordpress\/ -->\n<title>M\u00f3dos\u00edt\u00e1sok | Hungary<\/title>\n<meta name=\"robots\" content=\"index, follow, max-snippet:-1, max-image-preview:large, max-video-preview:-1\" \/>\n<link rel=\"canonical\" href=\"https:\/\/www.icscoolenergy.com\/hu\/szolgaltatas\/modositasok\/\" \/>\n<meta property=\"og:locale\" content=\"hu_HU\" \/>\n<meta property=\"og:type\" content=\"article\" \/>\n<meta property=\"og:title\" content=\"M\u00f3dos\u00edt\u00e1sok\" \/>\n<meta property=\"og:description\" content=\"H\u0170T\u0150 M\u00d3DOS\u00cdT\u00c1SOK B\u00e1rmilyen alkalmaz\u00e1sr\u00f3l legyen is sz\u00f3, h\u00e1zon bel\u00fcli m\u00f3dos\u00edt\u00f3 csapatunkkal optim\u00e1lis megold\u00e1st tervez\u00fcnk \u00e9s \u00e9p\u00edt\u00fcnk az \u00d6n ig\u00e9nyeinek megfelel\u0151en. Az Egyes\u00fclt Kir\u00e1lys\u00e1g vezet\u0151 kritikus- \u00e9s folyamath\u0151m\u00e9rs\u00e9klet-szab\u00e1lyoz\u00f3 szak\u00e9rt\u0151jek\u00e9nt hatalmas tapasztalattal rendelkez\u00fcnk a megfelel\u0151, szem\u00e9lyre szabott megold\u00e1s l\u00e9trehoz\u00e1s\u00e1ban minden kritikus \u00e9s folyamatpiacon \u00e9s alkalmaz\u00e1sban. Meg\u00e9rtj\u00fck, hogy egyes folyamatok speci\u00e1lis k\u00f6vetelm\u00e9nyekkel rendelkeznek, amelyek nem mindig teljes\u00edthet\u0151k szabv\u00e1nyos ... Read more\" \/>\n<meta property=\"og:url\" content=\"https:\/\/www.icscoolenergy.com\/hu\/szolgaltatas\/modositasok\/\" \/>\n<meta property=\"og:site_name\" content=\"Hungary\" \/>\n<meta property=\"article:modified_time\" content=\"2024-11-30T12:09:35+00:00\" \/>\n<meta property=\"og:image\" content=\"https:\/\/www.icscoolenergy.com\/hu\/wp-content\/uploads\/sites\/10\/2024\/04\/Chiller-Modifications-1.jpg\" \/>\n<meta name=\"twitter:card\" content=\"summary_large_image\" \/>\n<meta name=\"twitter:label1\" content=\"Est. reading time\" \/>\n\t<meta name=\"twitter:data1\" content=\"1 perc\" \/>\n<script type=\"application\/ld+json\" class=\"yoast-schema-graph\">{\"@context\":\"https:\/\/schema.org\",\"@graph\":[{\"@type\":\"WebPage\",\"@id\":\"https:\/\/www.icscoolenergy.com\/hu\/szolgaltatas\/modositasok\/\",\"url\":\"https:\/\/www.icscoolenergy.com\/hu\/szolgaltatas\/modositasok\/\",\"name\":\"M\u00f3dos\u00edt\u00e1sok | Hungary\",\"isPartOf\":{\"@id\":\"https:\/\/www.icscoolenergy.com\/hu\/#website\"},\"primaryImageOfPage\":{\"@id\":\"https:\/\/www.icscoolenergy.com\/hu\/szolgaltatas\/modositasok\/#primaryimage\"},\"image\":{\"@id\":\"https:\/\/www.icscoolenergy.com\/hu\/szolgaltatas\/modositasok\/#primaryimage\"},\"thumbnailUrl\":\"https:\/\/www.icscoolenergy.com\/hu\/wp-content\/uploads\/sites\/10\/2024\/04\/Chiller-Modifications-1.jpg\",\"datePublished\":\"2024-04-24T11:47:22+00:00\",\"dateModified\":\"2024-11-30T12:09:35+00:00\",\"breadcrumb\":{\"@id\":\"https:\/\/www.icscoolenergy.com\/hu\/szolgaltatas\/modositasok\/#breadcrumb\"},\"inLanguage\":\"hu\",\"potentialAction\":[{\"@type\":\"ReadAction\",\"target\":[\"https:\/\/www.icscoolenergy.com\/hu\/szolgaltatas\/modositasok\/\"]}]},{\"@type\":\"ImageObject\",\"inLanguage\":\"hu\",\"@id\":\"https:\/\/www.icscoolenergy.com\/hu\/szolgaltatas\/modositasok\/#primaryimage\",\"url\":\"https:\/\/www.icscoolenergy.com\/wp-content\/uploads\/sites\/10\/2024\/04\/Chiller-Modifications-1.jpg\",\"contentUrl\":\"https:\/\/www.icscoolenergy.com\/wp-content\/uploads\/sites\/10\/2024\/04\/Chiller-Modifications-1.jpg\",\"width\":1980,\"height\":871,\"caption\":\"Chiller Modifications\"},{\"@type\":\"BreadcrumbList\",\"@id\":\"https:\/\/www.icscoolenergy.com\/hu\/szolgaltatas\/modositasok\/#breadcrumb\",\"itemListElement\":[{\"@type\":\"ListItem\",\"position\":1,\"name\":\"Home\",\"item\":\"https:\/\/www.icscoolenergy.com\/hu\/\"},{\"@type\":\"ListItem\",\"position\":2,\"name\":\"Szolg\u00e1ltat\u00e1s\",\"item\":\"https:\/\/www.icscoolenergy.com\/hu\/szolgaltatas\/\"},{\"@type\":\"ListItem\",\"position\":3,\"name\":\"M\u00f3dos\u00edt\u00e1sok\"}]},{\"@type\":\"WebSite\",\"@id\":\"https:\/\/www.icscoolenergy.com\/hu\/#website\",\"url\":\"https:\/\/www.icscoolenergy.com\/hu\/\",\"name\":\"ICS Cool Energy\",\"description\":\"The Process Temperature Control Specialists\",\"publisher\":{\"@id\":\"https:\/\/www.icscoolenergy.com\/hu\/#organization\"},\"alternateName\":\"ICS\",\"potentialAction\":[{\"@type\":\"SearchAction\",\"target\":{\"@type\":\"EntryPoint\",\"urlTemplate\":\"https:\/\/www.icscoolenergy.com\/hu\/?s={search_term_string}\"},\"query-input\":{\"@type\":\"PropertyValueSpecification\",\"valueRequired\":true,\"valueName\":\"search_term_string\"}}],\"inLanguage\":\"hu\"},{\"@type\":\"Organization\",\"@id\":\"https:\/\/www.icscoolenergy.com\/hu\/#organization\",\"name\":\"ICS Cool Energy\",\"url\":\"https:\/\/www.icscoolenergy.com\/hu\/\",\"logo\":{\"@type\":\"ImageObject\",\"inLanguage\":\"hu\",\"@id\":\"https:\/\/www.icscoolenergy.com\/hu\/#\/schema\/logo\/image\/\",\"url\":\"https:\/\/www.icscoolenergy.com\/wp-content\/uploads\/sites\/10\/2024\/01\/ics-cool-energy-logo.svg\",\"contentUrl\":\"https:\/\/www.icscoolenergy.com\/wp-content\/uploads\/sites\/10\/2024\/01\/ics-cool-energy-logo.svg\",\"caption\":\"ICS Cool Energy\"},\"image\":{\"@id\":\"https:\/\/www.icscoolenergy.com\/hu\/#\/schema\/logo\/image\/\"},\"sameAs\":[\"https:\/\/www.linkedin.com\/company\/ics-temperature-control\/\",\"https:\/\/www.youtube.com\/@ICSCoolEnergyLtd\"],\"description\":\"ICS Cool Energy is a market leader for process and critical temperature control solutions that keep all types and sizes of businesses and industry running. Our headquarters are situated in Southampton, with offices throughout the UK and Europe, employing over 250 people in the UK alone.\",\"email\":\"info@icscoolenergy.com\",\"telephone\":\"0800 840 4210\",\"legalName\":\"ICS Cool Energy Limited\",\"numberOfEmployees\":{\"@type\":\"QuantitativeValue\",\"minValue\":\"201\",\"maxValue\":\"500\"}}]}<\/script>\n<!-- \/ Yoast SEO Premium plugin. -->","yoast_head_json":{"title":"M\u00f3dos\u00edt\u00e1sok | Hungary","robots":{"index":"index","follow":"follow","max-snippet":"max-snippet:-1","max-image-preview":"max-image-preview:large","max-video-preview":"max-video-preview:-1"},"canonical":"https:\/\/www.icscoolenergy.com\/hu\/szolgaltatas\/modositasok\/","og_locale":"hu_HU","og_type":"article","og_title":"M\u00f3dos\u00edt\u00e1sok","og_description":"H\u0170T\u0150 M\u00d3DOS\u00cdT\u00c1SOK B\u00e1rmilyen alkalmaz\u00e1sr\u00f3l legyen is sz\u00f3, h\u00e1zon bel\u00fcli m\u00f3dos\u00edt\u00f3 csapatunkkal optim\u00e1lis megold\u00e1st tervez\u00fcnk \u00e9s \u00e9p\u00edt\u00fcnk az \u00d6n ig\u00e9nyeinek megfelel\u0151en. Az Egyes\u00fclt Kir\u00e1lys\u00e1g vezet\u0151 kritikus- \u00e9s folyamath\u0151m\u00e9rs\u00e9klet-szab\u00e1lyoz\u00f3 szak\u00e9rt\u0151jek\u00e9nt hatalmas tapasztalattal rendelkez\u00fcnk a megfelel\u0151, szem\u00e9lyre szabott megold\u00e1s l\u00e9trehoz\u00e1s\u00e1ban minden kritikus \u00e9s folyamatpiacon \u00e9s alkalmaz\u00e1sban. Meg\u00e9rtj\u00fck, hogy egyes folyamatok speci\u00e1lis k\u00f6vetelm\u00e9nyekkel rendelkeznek, amelyek nem mindig teljes\u00edthet\u0151k szabv\u00e1nyos ... Read more","og_url":"https:\/\/www.icscoolenergy.com\/hu\/szolgaltatas\/modositasok\/","og_site_name":"Hungary","article_modified_time":"2024-11-30T12:09:35+00:00","og_image":[{"url":"https:\/\/www.icscoolenergy.com\/hu\/wp-content\/uploads\/sites\/10\/2024\/04\/Chiller-Modifications-1.jpg","type":"","width":"","height":""}],"twitter_card":"summary_large_image","twitter_misc":{"Est. reading time":"1 perc"},"schema":{"@context":"https:\/\/schema.org","@graph":[{"@type":"WebPage","@id":"https:\/\/www.icscoolenergy.com\/hu\/szolgaltatas\/modositasok\/","url":"https:\/\/www.icscoolenergy.com\/hu\/szolgaltatas\/modositasok\/","name":"M\u00f3dos\u00edt\u00e1sok | Hungary","isPartOf":{"@id":"https:\/\/www.icscoolenergy.com\/hu\/#website"},"primaryImageOfPage":{"@id":"https:\/\/www.icscoolenergy.com\/hu\/szolgaltatas\/modositasok\/#primaryimage"},"image":{"@id":"https:\/\/www.icscoolenergy.com\/hu\/szolgaltatas\/modositasok\/#primaryimage"},"thumbnailUrl":"https:\/\/www.icscoolenergy.com\/hu\/wp-content\/uploads\/sites\/10\/2024\/04\/Chiller-Modifications-1.jpg","datePublished":"2024-04-24T11:47:22+00:00","dateModified":"2024-11-30T12:09:35+00:00","breadcrumb":{"@id":"https:\/\/www.icscoolenergy.com\/hu\/szolgaltatas\/modositasok\/#breadcrumb"},"inLanguage":"hu","potentialAction":[{"@type":"ReadAction","target":["https:\/\/www.icscoolenergy.com\/hu\/szolgaltatas\/modositasok\/"]}]},{"@type":"ImageObject","inLanguage":"hu","@id":"https:\/\/www.icscoolenergy.com\/hu\/szolgaltatas\/modositasok\/#primaryimage","url":"https:\/\/www.icscoolenergy.com\/wp-content\/uploads\/sites\/10\/2024\/04\/Chiller-Modifications-1.jpg","contentUrl":"https:\/\/www.icscoolenergy.com\/wp-content\/uploads\/sites\/10\/2024\/04\/Chiller-Modifications-1.jpg","width":1980,"height":871,"caption":"Chiller Modifications"},{"@type":"BreadcrumbList","@id":"https:\/\/www.icscoolenergy.com\/hu\/szolgaltatas\/modositasok\/#breadcrumb","itemListElement":[{"@type":"ListItem","position":1,"name":"Home","item":"https:\/\/www.icscoolenergy.com\/hu\/"},{"@type":"ListItem","position":2,"name":"Szolg\u00e1ltat\u00e1s","item":"https:\/\/www.icscoolenergy.com\/hu\/szolgaltatas\/"},{"@type":"ListItem","position":3,"name":"M\u00f3dos\u00edt\u00e1sok"}]},{"@type":"WebSite","@id":"https:\/\/www.icscoolenergy.com\/hu\/#website","url":"https:\/\/www.icscoolenergy.com\/hu\/","name":"ICS Cool Energy","description":"The Process Temperature Control Specialists","publisher":{"@id":"https:\/\/www.icscoolenergy.com\/hu\/#organization"},"alternateName":"ICS","potentialAction":[{"@type":"SearchAction","target":{"@type":"EntryPoint","urlTemplate":"https:\/\/www.icscoolenergy.com\/hu\/?s={search_term_string}"},"query-input":{"@type":"PropertyValueSpecification","valueRequired":true,"valueName":"search_term_string"}}],"inLanguage":"hu"},{"@type":"Organization","@id":"https:\/\/www.icscoolenergy.com\/hu\/#organization","name":"ICS Cool Energy","url":"https:\/\/www.icscoolenergy.com\/hu\/","logo":{"@type":"ImageObject","inLanguage":"hu","@id":"https:\/\/www.icscoolenergy.com\/hu\/#\/schema\/logo\/image\/","url":"https:\/\/www.icscoolenergy.com\/wp-content\/uploads\/sites\/10\/2024\/01\/ics-cool-energy-logo.svg","contentUrl":"https:\/\/www.icscoolenergy.com\/wp-content\/uploads\/sites\/10\/2024\/01\/ics-cool-energy-logo.svg","caption":"ICS Cool Energy"},"image":{"@id":"https:\/\/www.icscoolenergy.com\/hu\/#\/schema\/logo\/image\/"},"sameAs":["https:\/\/www.linkedin.com\/company\/ics-temperature-control\/","https:\/\/www.youtube.com\/@ICSCoolEnergyLtd"],"description":"ICS Cool Energy is a market leader for process and critical temperature control solutions that keep all types and sizes of businesses and industry running. Our headquarters are situated in Southampton, with offices throughout the UK and Europe, employing over 250 people in the UK alone.","email":"info@icscoolenergy.com","telephone":"0800 840 4210","legalName":"ICS Cool Energy Limited","numberOfEmployees":{"@type":"QuantitativeValue","minValue":"201","maxValue":"500"}}]}},"_links":{"self":[{"href":"https:\/\/www.icscoolenergy.com\/hu\/wp-json\/wp\/v2\/pages\/86573","targetHints":{"allow":["GET"]}}],"collection":[{"href":"https:\/\/www.icscoolenergy.com\/hu\/wp-json\/wp\/v2\/pages"}],"about":[{"href":"https:\/\/www.icscoolenergy.com\/hu\/wp-json\/wp\/v2\/types\/page"}],"author":[{"embeddable":true,"href":"https:\/\/www.icscoolenergy.com\/hu\/wp-json\/wp\/v2\/users\/8"}],"replies":[{"embeddable":true,"href":"https:\/\/www.icscoolenergy.com\/hu\/wp-json\/wp\/v2\/comments?post=86573"}],"version-history":[{"count":0,"href":"https:\/\/www.icscoolenergy.com\/hu\/wp-json\/wp\/v2\/pages\/86573\/revisions"}],"up":[{"embeddable":true,"href":"https:\/\/www.icscoolenergy.com\/hu\/wp-json\/wp\/v2\/pages\/86355"}],"wp:attachment":[{"href":"https:\/\/www.icscoolenergy.com\/hu\/wp-json\/wp\/v2\/media?parent=86573"}],"curies":[{"name":"wp","href":"https:\/\/api.w.org\/{rel}","templated":true}]}}