 
{"id":86587,"date":"2024-05-21T14:33:12","date_gmt":"2024-05-21T14:33:12","guid":{"rendered":"https:\/\/www.icscoolenergy.com\/hu\/furner-ausztria\/"},"modified":"2024-11-30T12:09:36","modified_gmt":"2024-11-30T12:09:36","slug":"furner-ausztria","status":"publish","type":"page","link":"https:\/\/www.icscoolenergy.com\/hu\/furner-ausztria\/","title":{"rendered":"Furn\u00e9r Ausztria"},"content":{"rendered":"<div class=\"xs:pl-12 md:pl-28 pl-28 mb-0 wp-block-cover alignfull is-light eplus-wrapper eplus-styles-uid-f4cc7d\" style=\"margin-top:0;min-height:70vh;aspect-ratio:unset;\"><span aria-hidden=\"true\" class=\"wp-block-cover__background has-background-dim-100 has-background-dim wp-block-cover__gradient-background has-background-gradient\" style=\"background-color:#FFF;background:linear-gradient(145deg,rgb(49,47,95) 0%,rgba(49,46,94,0) 100%)\"><\/span><video class=\"wp-block-cover__video-background intrinsic-ignore\" autoplay muted loop playsinline src=\"https:\/\/www.icscoolenergy.com\/hu\/wp-content\/\/uploads\/2024\/05\/ICS-Cool-Energy-Web-Banner-v3-compressed.mp4\" data-object-fit=\"cover\"><\/video><div class=\"wp-block-cover__inner-container is-layout-flow wp-block-cover-is-layout-flow\">\n<div class=\"xs:w-full sm:w-11\/12 md:w-4\/5 lg:w-3\/4 xl:w-1\/3 mb-0 wp-block-group eplus-wrapper is-layout-flow wp-block-group-is-layout-flow\">\n<h1 class=\"wp-block-heading has-text-align-left has-base-3-color has-text-color has-link-color eplus-wrapper wp-elements-1e123d0cc809341de5535de8d8be2650\"><strong>PROZESS-TEMPERATUR SPEZIALISTEN F\u00dcR TEMPERATURKONTROLLE.<\/strong><\/h1>\n\n\n\n<h3 class=\"wp-block-heading has-white-color has-text-color has-link-color eplus-wrapper wp-elements-563cecfdc7711b34341c600a98996384\"><strong>Willkommen bei ICS Cool Energy<\/strong><\/h3>\n\n\n\n<p class=\"has-text-align-left has-base-3-color has-text-color has-link-color eplus-wrapper wp-elements-1621872c9329f25016c5ef8c8f8b1605\">Ihr zuverl\u00e4ssiger Partner f\u00fcr leistungsstarke, energieeffiziente und zuverl\u00e4ssige Prozessk\u00fchlung, Heizung und K\u00e4ltespeicherung.<\/p>\n\n\n\n<div class=\"wp-block-buttons eplus-wrapper is-layout-flex wp-block-buttons-is-layout-flex\"><div class=\"is-style-fill wp-block-button eplus-wrapper eplus-styles-uid-61d795\"><a class=\"wp-block-button__link has-background wp-element-button\" href=\"tel:+43012368173\" style=\"background-color:#ef4138\">+43 (01) 236 81 73<\/a><\/div><\/div>\n<\/div>\n<\/div><\/div>\n<div class=\"wp-block-group has-white-background-color has-background eplus-wrapper is-layout-constrained wp-container-core-group-is-layout-806bf311 wp-block-group-is-layout-constrained\">\n<div class=\"wp-block-group eplus-wrapper is-layout-flow wp-block-group-is-layout-flow\"><div class=\"md:px-28 xs:px-12 wp-block-columns eplus-wrapper is-layout-flex wp-container-core-columns-is-layout-9d6595d7 wp-block-columns-is-layout-flex eplus-styles-uid-ca2438\">\n<div class=\"wp-block-column eplus-wrapper is-layout-flow wp-block-column-is-layout-flow\">\n<div style=\"height:50px\" aria-hidden=\"true\" class=\" wp-block-spacer eplus-wrapper\"><\/div>\n\n\n\n<h2 class=\" wp-block-heading has-text-align-center eplus-wrapper\">\u00dcBER UNS<\/h2>\n\n\n\n<p class=\" has-text-align-center eplus-wrapper\">Die ICS Cool Energy Group geh\u00f6rt zu den f\u00fchrenden Spezialisten im Bereich industrieller K\u00e4ltetechnik und ist europaweit Marktf\u00fchrer im Verkauf, Vermietung und Service von K\u00e4lte- und Heiztechnik.<\/p>\n<\/div>\n<\/div><\/div>\n\n\n\n<div style=\"height:60px\" aria-hidden=\"true\" class=\" wp-block-spacer eplus-wrapper\"><\/div>\n\n\n\n<div class=\"wp-block-group eplus-wrapper is-layout-flow wp-block-group-is-layout-flow\"><div class=\"items-center md:flex xs:grid wp-block-columns eplus-wrapper is-layout-flex wp-container-core-columns-is-layout-9d6595d7 wp-block-columns-is-layout-flex eplus-styles-uid-bc05b1\">\n<div class=\"xs:order-2 md:order-2 xs:w-full md:w-6\/12 xs:mb-12 md:mb-0 wp-block-column eplus-wrapper is-layout-flow wp-block-column-is-layout-flow\">\n<figure class=\" wp-block-image size-full is-resized eplus-wrapper\"><img loading=\"lazy\" decoding=\"async\" width=\"720\" height=\"567\" src=\"https:\/\/www.icscoolenergy.com\/hu\/wp-content\/uploads\/sites\/10\/2024\/04\/Project-management.jpg\" alt=\"Teljes k\u00f6r\u0171 projektmenedzsment\" class=\"wp-image-79826\" style=\"width:720px\" srcset=\"https:\/\/www.icscoolenergy.com\/wp-content\/uploads\/sites\/10\/2024\/04\/Project-management.jpg 720w, https:\/\/www.icscoolenergy.com\/wp-content\/uploads\/sites\/10\/2024\/04\/Project-management-300x236.jpg 300w, https:\/\/www.icscoolenergy.com\/wp-content\/uploads\/sites\/10\/2024\/04\/Project-management-50x39.jpg 50w, https:\/\/www.icscoolenergy.com\/wp-content\/uploads\/sites\/10\/2024\/04\/Project-management-600x473.jpg 600w\" sizes=\"auto, (max-width: 720px) 100vw, 720px\" \/><\/figure>\n<\/div>\n\n\n\n<div class=\"xs:order-1 md:order-1 xs:w-full md:w-6\/12 wp-block-column eplus-wrapper is-layout-flow wp-block-column-is-layout-flow\">\n<p class=\" eplus-wrapper\">Mit unserer umfassenden technischen Expertise und unserer Beratung sind wir in der Lage, K\u00e4lte-, Klima- und W\u00e4rmel\u00f6sungen genau auf Ihre Anforderungen abzustimmen. Bei der Ger\u00e4teauswahl achten wir stets auf eine hohe Wirtschaftlichkeit und Energieeffizient.   <br><br>Gerne \u00fcbernehmen wir das komplette Projektmanagement, damit Sie eine Sorge weniger haben. Nat\u00fcrlich sind neben einer kurzfristigen Projektdurchf\u00fchrung auch langfristige Zusammenarbeiten f\u00fcr uns m\u00f6glich. Insbesondere durch unsere Serviceleistungen stellen wir so sicher, dass Ihre Anlage immer gut gewartet wird und \u00fcber viele Jahre effizient arbeitet.  <\/p>\n<\/div>\n<\/div><\/div>\n\n\n\n<div style=\"height:60px\" aria-hidden=\"true\" class=\" wp-block-spacer eplus-wrapper\"><\/div>\n\n\n\n<div class=\"mb-20 wp-block-group eplus-wrapper is-layout-flow wp-block-group-is-layout-flow\"><div class=\"is-not-stacked-on-mobile xs:p-8 sm:p-12 rounded-2xl items-center md:flex xs:grid wp-block-columns has-background eplus-wrapper is-layout-flex wp-container-core-columns-is-layout-9d6595d7 wp-block-columns-is-layout-flex eplus-styles-uid-e33969\" style=\"background-color:#222143\">\n<div class=\"xs:order-2 md:order-1 xs:w-full md:w-6\/12 wp-block-column eplus-wrapper is-layout-flow wp-block-column-is-layout-flow\">\n<h2 class=\"wp-block-heading has-white-color has-text-color has-link-color eplus-wrapper wp-elements-3d78aaf4ba029db171dcf17755541a92\">KONTAKT<\/h2>\n\n\n<p class=\" eplus-wrapper eplus-styles-uid-f2a92b\">Mit unserer umfassenden technischen Expertise und unserer Beratung sind wir in der Lage, K\u00e4lte-, Klima- und W\u00e4rmel\u00f6sungen genau auf Ihre Anforderungen abzustimmen.<\/p>\n\n\n<div class=\"wp-block-buttons eplus-wrapper is-layout-flex wp-block-buttons-is-layout-flex\"><div class=\"is-style-fill wp-block-button eplus-wrapper eplus-styles-uid-0a841a\"><a class=\"wp-block-button__link has-background wp-element-button\" href=\"tel:+43012368173\" style=\"background-color:#ef4138\">+43 (01) 236 81 73<\/a><\/div><\/div>\n<\/div>\n\n\n\n<div class=\"xs:order-1 md:order-2 xs:w-full md:w-6\/12 wp-block-column eplus-wrapper is-layout-flow wp-block-column-is-layout-flow\">\n<figure class=\"ek-rounded-lg wp-block-image size-full eplus-wrapper\"><img loading=\"lazy\" decoding=\"async\" width=\"2011\" height=\"1342\" src=\"https:\/\/www.icscoolenergy.com\/hu\/wp-content\/\/uploads\/2024\/05\/Chiller-Testing-1.jpg\" alt=\"\" class=\"wp-image-79310\"><\/figure>\n<\/div>\n<\/div><\/div>\n\n\n\n<div style=\"height:60px\" aria-hidden=\"true\" class=\" wp-block-spacer eplus-wrapper\"><\/div>\n<\/div>\n","protected":false},"excerpt":{"rendered":"<p>\u00dcBER UNS Die ICS Cool Energy Group geh\u00f6rt zu den f\u00fchrenden Spezialisten im Bereich industrieller K\u00e4ltetechnik und ist europaweit Marktf\u00fchrer im Verkauf, Vermietung und Service von K\u00e4lte- und Heiztechnik. Mit unserer umfassenden technischen Expertise und unserer Beratung sind wir in der Lage, K\u00e4lte-, Klima- und W\u00e4rmel\u00f6sungen genau auf Ihre Anforderungen abzustimmen. Bei der Ger\u00e4teauswahl achten &#8230; <a title=\"Furn\u00e9r Ausztria\" class=\"read-more\" href=\"https:\/\/www.icscoolenergy.com\/hu\/furner-ausztria\/\" aria-label=\"More on Furn\u00e9r Ausztria\">Read more<\/a><\/p>\n","protected":false},"author":8,"featured_media":0,"parent":0,"menu_order":0,"comment_status":"closed","ping_status":"closed","template":"","meta":{"_acf_changed":false,"inline_featured_image":false,"_editorskit_title_hidden":false,"_editorskit_reading_time":0,"_editorskit_is_block_options_detached":false,"_editorskit_block_options_position":"{}","editor_plus_copied_stylings":"{}","footnotes":""},"class_list":["post-86587","page","type-page","status-publish"],"acf":[],"yoast_head":"<!-- This site is optimized with the Yoast SEO Premium plugin v24.5 (Yoast SEO v26.9) - https:\/\/yoast.com\/product\/yoast-seo-premium-wordpress\/ -->\n<title>Willkommen bei ICS Cool Energy<\/title>\n<meta name=\"description\" content=\"Die ICS Cool Energy Group geh\u00f6rt zu den f\u00fchrenden Spezialisten im Bereich industrieller K\u00e4ltetechnik und ist europaweit Marktf\u00fchrer im Verkauf, Vermietung und Service von K\u00e4lte- und Heiztechnik.\" \/>\n<meta name=\"robots\" content=\"index, follow, max-snippet:-1, max-image-preview:large, max-video-preview:-1\" \/>\n<link rel=\"canonical\" href=\"https:\/\/www.icscoolenergy.com\/hu\/furner-ausztria\/\" \/>\n<meta property=\"og:locale\" content=\"hu_HU\" \/>\n<meta property=\"og:type\" content=\"article\" \/>\n<meta property=\"og:title\" content=\"Furn\u00e9r Ausztria\" \/>\n<meta property=\"og:description\" content=\"Die ICS Cool Energy Group geh\u00f6rt zu den f\u00fchrenden Spezialisten im Bereich industrieller K\u00e4ltetechnik und ist europaweit Marktf\u00fchrer im Verkauf, Vermietung und Service von K\u00e4lte- und Heiztechnik.\" \/>\n<meta property=\"og:url\" content=\"https:\/\/www.icscoolenergy.com\/hu\/furner-ausztria\/\" \/>\n<meta property=\"og:site_name\" content=\"Hungary\" \/>\n<meta property=\"article:modified_time\" content=\"2024-11-30T12:09:36+00:00\" \/>\n<meta property=\"og:image\" content=\"https:\/\/www.icscoolenergy.com\/hu\/wp-content\/uploads\/sites\/10\/2024\/04\/Project-management.jpg\" \/>\n<meta name=\"twitter:card\" content=\"summary_large_image\" \/>\n<meta name=\"twitter:label1\" content=\"Est. reading time\" \/>\n\t<meta name=\"twitter:data1\" content=\"1 perc\" \/>\n<script type=\"application\/ld+json\" class=\"yoast-schema-graph\">{\"@context\":\"https:\/\/schema.org\",\"@graph\":[{\"@type\":\"WebPage\",\"@id\":\"https:\/\/www.icscoolenergy.com\/hu\/furner-ausztria\/\",\"url\":\"https:\/\/www.icscoolenergy.com\/hu\/furner-ausztria\/\",\"name\":\"Willkommen bei ICS Cool Energy\",\"isPartOf\":{\"@id\":\"https:\/\/www.icscoolenergy.com\/hu\/#website\"},\"primaryImageOfPage\":{\"@id\":\"https:\/\/www.icscoolenergy.com\/hu\/furner-ausztria\/#primaryimage\"},\"image\":{\"@id\":\"https:\/\/www.icscoolenergy.com\/hu\/furner-ausztria\/#primaryimage\"},\"thumbnailUrl\":\"https:\/\/www.icscoolenergy.com\/hu\/wp-content\/uploads\/sites\/10\/2024\/04\/Project-management.jpg\",\"datePublished\":\"2024-05-21T14:33:12+00:00\",\"dateModified\":\"2024-11-30T12:09:36+00:00\",\"description\":\"Die ICS Cool Energy Group geh\u00f6rt zu den f\u00fchrenden Spezialisten im Bereich industrieller K\u00e4ltetechnik und ist europaweit Marktf\u00fchrer im Verkauf, Vermietung und Service von K\u00e4lte- und Heiztechnik.\",\"breadcrumb\":{\"@id\":\"https:\/\/www.icscoolenergy.com\/hu\/furner-ausztria\/#breadcrumb\"},\"inLanguage\":\"hu\",\"potentialAction\":[{\"@type\":\"ReadAction\",\"target\":[\"https:\/\/www.icscoolenergy.com\/hu\/furner-ausztria\/\"]}]},{\"@type\":\"ImageObject\",\"inLanguage\":\"hu\",\"@id\":\"https:\/\/www.icscoolenergy.com\/hu\/furner-ausztria\/#primaryimage\",\"url\":\"https:\/\/www.icscoolenergy.com\/wp-content\/uploads\/sites\/10\/2024\/04\/Project-management.jpg\",\"contentUrl\":\"https:\/\/www.icscoolenergy.com\/wp-content\/uploads\/sites\/10\/2024\/04\/Project-management.jpg\",\"width\":720,\"height\":567,\"caption\":\"Full project management\"},{\"@type\":\"BreadcrumbList\",\"@id\":\"https:\/\/www.icscoolenergy.com\/hu\/furner-ausztria\/#breadcrumb\",\"itemListElement\":[{\"@type\":\"ListItem\",\"position\":1,\"name\":\"Home\",\"item\":\"https:\/\/www.icscoolenergy.com\/hu\/\"},{\"@type\":\"ListItem\",\"position\":2,\"name\":\"Furn\u00e9r Ausztria\"}]},{\"@type\":\"WebSite\",\"@id\":\"https:\/\/www.icscoolenergy.com\/hu\/#website\",\"url\":\"https:\/\/www.icscoolenergy.com\/hu\/\",\"name\":\"ICS Cool Energy\",\"description\":\"The Process Temperature Control Specialists\",\"publisher\":{\"@id\":\"https:\/\/www.icscoolenergy.com\/hu\/#organization\"},\"alternateName\":\"ICS\",\"potentialAction\":[{\"@type\":\"SearchAction\",\"target\":{\"@type\":\"EntryPoint\",\"urlTemplate\":\"https:\/\/www.icscoolenergy.com\/hu\/?s={search_term_string}\"},\"query-input\":{\"@type\":\"PropertyValueSpecification\",\"valueRequired\":true,\"valueName\":\"search_term_string\"}}],\"inLanguage\":\"hu\"},{\"@type\":\"Organization\",\"@id\":\"https:\/\/www.icscoolenergy.com\/hu\/#organization\",\"name\":\"ICS Cool Energy\",\"url\":\"https:\/\/www.icscoolenergy.com\/hu\/\",\"logo\":{\"@type\":\"ImageObject\",\"inLanguage\":\"hu\",\"@id\":\"https:\/\/www.icscoolenergy.com\/hu\/#\/schema\/logo\/image\/\",\"url\":\"https:\/\/www.icscoolenergy.com\/wp-content\/uploads\/sites\/10\/2024\/01\/ics-cool-energy-logo.svg\",\"contentUrl\":\"https:\/\/www.icscoolenergy.com\/wp-content\/uploads\/sites\/10\/2024\/01\/ics-cool-energy-logo.svg\",\"caption\":\"ICS Cool Energy\"},\"image\":{\"@id\":\"https:\/\/www.icscoolenergy.com\/hu\/#\/schema\/logo\/image\/\"},\"sameAs\":[\"https:\/\/www.linkedin.com\/company\/ics-temperature-control\/\",\"https:\/\/www.youtube.com\/@ICSCoolEnergyLtd\"],\"description\":\"ICS Cool Energy is a market leader for process and critical temperature control solutions that keep all types and sizes of businesses and industry running. Our headquarters are situated in Southampton, with offices throughout the UK and Europe, employing over 250 people in the UK alone.\",\"email\":\"info@icscoolenergy.com\",\"telephone\":\"0800 840 4210\",\"legalName\":\"ICS Cool Energy Limited\",\"numberOfEmployees\":{\"@type\":\"QuantitativeValue\",\"minValue\":\"201\",\"maxValue\":\"500\"}}]}<\/script>\n<!-- \/ Yoast SEO Premium plugin. -->","yoast_head_json":{"title":"Willkommen bei ICS Cool Energy","description":"Die ICS Cool Energy Group geh\u00f6rt zu den f\u00fchrenden Spezialisten im Bereich industrieller K\u00e4ltetechnik und ist europaweit Marktf\u00fchrer im Verkauf, Vermietung und Service von K\u00e4lte- und Heiztechnik.","robots":{"index":"index","follow":"follow","max-snippet":"max-snippet:-1","max-image-preview":"max-image-preview:large","max-video-preview":"max-video-preview:-1"},"canonical":"https:\/\/www.icscoolenergy.com\/hu\/furner-ausztria\/","og_locale":"hu_HU","og_type":"article","og_title":"Furn\u00e9r Ausztria","og_description":"Die ICS Cool Energy Group geh\u00f6rt zu den f\u00fchrenden Spezialisten im Bereich industrieller K\u00e4ltetechnik und ist europaweit Marktf\u00fchrer im Verkauf, Vermietung und Service von K\u00e4lte- und Heiztechnik.","og_url":"https:\/\/www.icscoolenergy.com\/hu\/furner-ausztria\/","og_site_name":"Hungary","article_modified_time":"2024-11-30T12:09:36+00:00","og_image":[{"url":"https:\/\/www.icscoolenergy.com\/hu\/wp-content\/uploads\/sites\/10\/2024\/04\/Project-management.jpg","type":"","width":"","height":""}],"twitter_card":"summary_large_image","twitter_misc":{"Est. reading time":"1 perc"},"schema":{"@context":"https:\/\/schema.org","@graph":[{"@type":"WebPage","@id":"https:\/\/www.icscoolenergy.com\/hu\/furner-ausztria\/","url":"https:\/\/www.icscoolenergy.com\/hu\/furner-ausztria\/","name":"Willkommen bei ICS Cool Energy","isPartOf":{"@id":"https:\/\/www.icscoolenergy.com\/hu\/#website"},"primaryImageOfPage":{"@id":"https:\/\/www.icscoolenergy.com\/hu\/furner-ausztria\/#primaryimage"},"image":{"@id":"https:\/\/www.icscoolenergy.com\/hu\/furner-ausztria\/#primaryimage"},"thumbnailUrl":"https:\/\/www.icscoolenergy.com\/hu\/wp-content\/uploads\/sites\/10\/2024\/04\/Project-management.jpg","datePublished":"2024-05-21T14:33:12+00:00","dateModified":"2024-11-30T12:09:36+00:00","description":"Die ICS Cool Energy Group geh\u00f6rt zu den f\u00fchrenden Spezialisten im Bereich industrieller K\u00e4ltetechnik und ist europaweit Marktf\u00fchrer im Verkauf, Vermietung und Service von K\u00e4lte- und Heiztechnik.","breadcrumb":{"@id":"https:\/\/www.icscoolenergy.com\/hu\/furner-ausztria\/#breadcrumb"},"inLanguage":"hu","potentialAction":[{"@type":"ReadAction","target":["https:\/\/www.icscoolenergy.com\/hu\/furner-ausztria\/"]}]},{"@type":"ImageObject","inLanguage":"hu","@id":"https:\/\/www.icscoolenergy.com\/hu\/furner-ausztria\/#primaryimage","url":"https:\/\/www.icscoolenergy.com\/wp-content\/uploads\/sites\/10\/2024\/04\/Project-management.jpg","contentUrl":"https:\/\/www.icscoolenergy.com\/wp-content\/uploads\/sites\/10\/2024\/04\/Project-management.jpg","width":720,"height":567,"caption":"Full project management"},{"@type":"BreadcrumbList","@id":"https:\/\/www.icscoolenergy.com\/hu\/furner-ausztria\/#breadcrumb","itemListElement":[{"@type":"ListItem","position":1,"name":"Home","item":"https:\/\/www.icscoolenergy.com\/hu\/"},{"@type":"ListItem","position":2,"name":"Furn\u00e9r Ausztria"}]},{"@type":"WebSite","@id":"https:\/\/www.icscoolenergy.com\/hu\/#website","url":"https:\/\/www.icscoolenergy.com\/hu\/","name":"ICS Cool Energy","description":"The Process Temperature Control Specialists","publisher":{"@id":"https:\/\/www.icscoolenergy.com\/hu\/#organization"},"alternateName":"ICS","potentialAction":[{"@type":"SearchAction","target":{"@type":"EntryPoint","urlTemplate":"https:\/\/www.icscoolenergy.com\/hu\/?s={search_term_string}"},"query-input":{"@type":"PropertyValueSpecification","valueRequired":true,"valueName":"search_term_string"}}],"inLanguage":"hu"},{"@type":"Organization","@id":"https:\/\/www.icscoolenergy.com\/hu\/#organization","name":"ICS Cool Energy","url":"https:\/\/www.icscoolenergy.com\/hu\/","logo":{"@type":"ImageObject","inLanguage":"hu","@id":"https:\/\/www.icscoolenergy.com\/hu\/#\/schema\/logo\/image\/","url":"https:\/\/www.icscoolenergy.com\/wp-content\/uploads\/sites\/10\/2024\/01\/ics-cool-energy-logo.svg","contentUrl":"https:\/\/www.icscoolenergy.com\/wp-content\/uploads\/sites\/10\/2024\/01\/ics-cool-energy-logo.svg","caption":"ICS Cool Energy"},"image":{"@id":"https:\/\/www.icscoolenergy.com\/hu\/#\/schema\/logo\/image\/"},"sameAs":["https:\/\/www.linkedin.com\/company\/ics-temperature-control\/","https:\/\/www.youtube.com\/@ICSCoolEnergyLtd"],"description":"ICS Cool Energy is a market leader for process and critical temperature control solutions that keep all types and sizes of businesses and industry running. Our headquarters are situated in Southampton, with offices throughout the UK and Europe, employing over 250 people in the UK alone.","email":"info@icscoolenergy.com","telephone":"0800 840 4210","legalName":"ICS Cool Energy Limited","numberOfEmployees":{"@type":"QuantitativeValue","minValue":"201","maxValue":"500"}}]}},"_links":{"self":[{"href":"https:\/\/www.icscoolenergy.com\/hu\/wp-json\/wp\/v2\/pages\/86587","targetHints":{"allow":["GET"]}}],"collection":[{"href":"https:\/\/www.icscoolenergy.com\/hu\/wp-json\/wp\/v2\/pages"}],"about":[{"href":"https:\/\/www.icscoolenergy.com\/hu\/wp-json\/wp\/v2\/types\/page"}],"author":[{"embeddable":true,"href":"https:\/\/www.icscoolenergy.com\/hu\/wp-json\/wp\/v2\/users\/8"}],"replies":[{"embeddable":true,"href":"https:\/\/www.icscoolenergy.com\/hu\/wp-json\/wp\/v2\/comments?post=86587"}],"version-history":[{"count":0,"href":"https:\/\/www.icscoolenergy.com\/hu\/wp-json\/wp\/v2\/pages\/86587\/revisions"}],"wp:attachment":[{"href":"https:\/\/www.icscoolenergy.com\/hu\/wp-json\/wp\/v2\/media?parent=86587"}],"curies":[{"name":"wp","href":"https:\/\/api.w.org\/{rel}","templated":true}]}}