 
{"id":87092,"date":"2024-04-17T10:43:40","date_gmt":"2024-04-17T10:43:40","guid":{"rendered":"https:\/\/www.icscoolenergy.com\/hu\/uncategorized\/folyadekhuto-375\/"},"modified":"2024-04-17T10:43:40","modified_gmt":"2024-04-17T10:43:40","slug":"folyadekhuto-375","status":"publish","type":"product","link":"https:\/\/www.icscoolenergy.com\/hu\/product\/folyadekhuto-375\/","title":{"rendered":"folyad\u00e9kh\u0171t\u0151 375"},"content":{"rendered":"<p>A Chiller 375 a leg\u00fajabb energiatakar\u00e9kos Scroll kompresszorokkal (4) rendelkezik, amelyek sz\u00e9les h\u0151m\u00e9rs\u00e9klet-tartom\u00e1nyt k\u00edn\u00e1lnak -10 \u00b0 C \u00e9s + 20 \u00b0 C k\u00f6z\u00f6tt, a v\u00edz kil\u00e9p\u00e9si h\u0151m\u00e9rs\u00e9klet-szab\u00e1lyoz\u00e1s\u00e1t.<\/p>\n<p>A 375 kW-os h\u0171t\u0151berendez\u00e9s az R410a z\u00e9r\u00f3 \u00f3zonlebont\u00f3 HFC h\u0171t\u0151k\u00f6zeget k\u00edn\u00e1lja, \u00e9s a leg\u00fajabb k\u00f6rnyezetv\u00e9delmi ISO14001 szab\u00e1lyoz\u00e1sok szerint k\u00e9sz\u00fcl, alacsony zajszint\u0171 m\u0171k\u00f6d\u00e9ssel \u00e9s kompakt helyig\u00e9nnyel.<\/p>\n","protected":false},"excerpt":{"rendered":"<p>A Chiller 375 a leg\u00fajabb energiatakar\u00e9kos Scroll kompresszorokkal (4) rendelkezik, amelyek sz\u00e9les h\u0151m\u00e9rs\u00e9klet-tartom\u00e1nyt k\u00edn\u00e1lnak -10 \u00b0 C \u00e9s + 20 \u00b0 C k\u00f6z\u00f6tt, a v\u00edz kil\u00e9p\u00e9si h\u0151m\u00e9rs\u00e9klet-szab\u00e1lyoz\u00e1s\u00e1t. A 375 kW-os h\u0171t\u0151berendez\u00e9s az R410a z\u00e9r\u00f3 \u00f3zonlebont\u00f3 HFC h\u0171t\u0151k\u00f6zeget k\u00edn\u00e1lja, \u00e9s a leg\u00fajabb k\u00f6rnyezetv\u00e9delmi ISO14001 szab\u00e1lyoz\u00e1sok szerint k\u00e9sz\u00fcl, alacsony zajszint\u0171 m\u0171k\u00f6d\u00e9ssel \u00e9s kompakt helyig\u00e9nnyel.<\/p>\n","protected":false},"featured_media":87097,"comment_status":"closed","ping_status":"closed","template":"","meta":{"_acf_changed":false,"inline_featured_image":false,"_editorskit_title_hidden":false,"_editorskit_reading_time":0,"_editorskit_is_block_options_detached":false,"_editorskit_block_options_position":"{}","editor_plus_copied_stylings":"{}"},"product_brand":[],"product_cat":[2055,2054,2058,2045,2053,2052],"product_tag":[2119],"class_list":{"0":"post-87092","1":"product","2":"type-product","3":"status-publish","4":"has-post-thumbnail","6":"product_cat-az-on-folyamathuto-opcioi","7":"product_cat-chiller-berles-london","8":"product_cat-folyamathutes-berlese","9":"product_cat-huto-berles","10":"product_cat-ideiglenes-hutofelszereles-berlese","11":"product_cat-surgossegi-hutofelszereles-berlese","12":"product_tag-huto-berlese","14":"first","15":"instock","16":"shipping-taxable","17":"product-type-simple"},"acf":[],"yoast_head":"<!-- This site is optimized with the Yoast SEO Premium plugin v24.5 (Yoast SEO v26.9) - https:\/\/yoast.com\/product\/yoast-seo-premium-wordpress\/ -->\n<title>folyad\u00e9kh\u0171t\u0151 375 | Hungary<\/title>\n<meta name=\"robots\" content=\"index, follow, max-snippet:-1, max-image-preview:large, max-video-preview:-1\" \/>\n<link rel=\"canonical\" href=\"https:\/\/www.icscoolenergy.com\/hu\/product\/folyadekhuto-375\/\" \/>\n<meta property=\"og:locale\" content=\"hu_HU\" \/>\n<meta property=\"og:type\" content=\"article\" \/>\n<meta property=\"og:title\" content=\"folyad\u00e9kh\u0171t\u0151 375\" \/>\n<meta property=\"og:description\" content=\"A Chiller 375 a leg\u00fajabb energiatakar\u00e9kos Scroll kompresszorokkal (4) rendelkezik, amelyek sz\u00e9les h\u0151m\u00e9rs\u00e9klet-tartom\u00e1nyt k\u00edn\u00e1lnak -10 \u00b0 C \u00e9s + 20 \u00b0 C k\u00f6z\u00f6tt, a v\u00edz kil\u00e9p\u00e9si h\u0151m\u00e9rs\u00e9klet-szab\u00e1lyoz\u00e1s\u00e1t. A 375 kW-os h\u0171t\u0151berendez\u00e9s az R410a z\u00e9r\u00f3 \u00f3zonlebont\u00f3 HFC h\u0171t\u0151k\u00f6zeget k\u00edn\u00e1lja, \u00e9s a leg\u00fajabb k\u00f6rnyezetv\u00e9delmi ISO14001 szab\u00e1lyoz\u00e1sok szerint k\u00e9sz\u00fcl, alacsony zajszint\u0171 m\u0171k\u00f6d\u00e9ssel \u00e9s kompakt helyig\u00e9nnyel.\" \/>\n<meta property=\"og:url\" content=\"https:\/\/www.icscoolenergy.com\/hu\/product\/folyadekhuto-375\/\" \/>\n<meta property=\"og:site_name\" content=\"Hungary\" \/>\n<meta property=\"og:image\" content=\"https:\/\/www.icscoolenergy.com\/wp-content\/uploads\/sites\/10\/2024\/04\/Chiller-375.png\" \/>\n\t<meta property=\"og:image:width\" content=\"560\" \/>\n\t<meta property=\"og:image:height\" content=\"420\" \/>\n\t<meta property=\"og:image:type\" content=\"image\/png\" \/>\n<meta name=\"twitter:card\" content=\"summary_large_image\" \/>\n<script type=\"application\/ld+json\" class=\"yoast-schema-graph\">{\"@context\":\"https:\/\/schema.org\",\"@graph\":[{\"@type\":[\"WebPage\",\"ItemPage\"],\"@id\":\"https:\/\/www.icscoolenergy.com\/hu\/product\/folyadekhuto-375\/\",\"url\":\"https:\/\/www.icscoolenergy.com\/hu\/product\/folyadekhuto-375\/\",\"name\":\"folyad\u00e9kh\u0171t\u0151 375 | Hungary\",\"isPartOf\":{\"@id\":\"https:\/\/www.icscoolenergy.com\/hu\/#website\"},\"primaryImageOfPage\":{\"@id\":\"https:\/\/www.icscoolenergy.com\/hu\/product\/folyadekhuto-375\/#primaryimage\"},\"image\":{\"@id\":\"https:\/\/www.icscoolenergy.com\/hu\/product\/folyadekhuto-375\/#primaryimage\"},\"thumbnailUrl\":\"https:\/\/www.icscoolenergy.com\/wp-content\/uploads\/sites\/10\/2024\/04\/Chiller-375.png\",\"datePublished\":\"2024-04-17T10:43:40+00:00\",\"breadcrumb\":{\"@id\":\"https:\/\/www.icscoolenergy.com\/hu\/product\/folyadekhuto-375\/#breadcrumb\"},\"inLanguage\":\"hu\",\"potentialAction\":[{\"@type\":\"ReadAction\",\"target\":[\"https:\/\/www.icscoolenergy.com\/hu\/product\/folyadekhuto-375\/\"]}]},{\"@type\":\"ImageObject\",\"inLanguage\":\"hu\",\"@id\":\"https:\/\/www.icscoolenergy.com\/hu\/product\/folyadekhuto-375\/#primaryimage\",\"url\":\"https:\/\/www.icscoolenergy.com\/wp-content\/uploads\/sites\/10\/2024\/04\/Chiller-375.png\",\"contentUrl\":\"https:\/\/www.icscoolenergy.com\/wp-content\/uploads\/sites\/10\/2024\/04\/Chiller-375.png\",\"width\":560,\"height\":420},{\"@type\":\"BreadcrumbList\",\"@id\":\"https:\/\/www.icscoolenergy.com\/hu\/product\/folyadekhuto-375\/#breadcrumb\",\"itemListElement\":[{\"@type\":\"ListItem\",\"position\":1,\"name\":\"Home\",\"item\":\"https:\/\/www.icscoolenergy.com\/hu\/\"},{\"@type\":\"ListItem\",\"position\":2,\"name\":\"Bolt\",\"item\":\"https:\/\/www.icscoolenergy.com\/hu\/bolt\/\"},{\"@type\":\"ListItem\",\"position\":3,\"name\":\"folyad\u00e9kh\u0171t\u0151 375\"}]},{\"@type\":\"WebSite\",\"@id\":\"https:\/\/www.icscoolenergy.com\/hu\/#website\",\"url\":\"https:\/\/www.icscoolenergy.com\/hu\/\",\"name\":\"ICS Cool Energy\",\"description\":\"The Process Temperature Control Specialists\",\"publisher\":{\"@id\":\"https:\/\/www.icscoolenergy.com\/hu\/#organization\"},\"alternateName\":\"ICS\",\"potentialAction\":[{\"@type\":\"SearchAction\",\"target\":{\"@type\":\"EntryPoint\",\"urlTemplate\":\"https:\/\/www.icscoolenergy.com\/hu\/?s={search_term_string}\"},\"query-input\":{\"@type\":\"PropertyValueSpecification\",\"valueRequired\":true,\"valueName\":\"search_term_string\"}}],\"inLanguage\":\"hu\"},{\"@type\":\"Organization\",\"@id\":\"https:\/\/www.icscoolenergy.com\/hu\/#organization\",\"name\":\"ICS Cool Energy\",\"url\":\"https:\/\/www.icscoolenergy.com\/hu\/\",\"logo\":{\"@type\":\"ImageObject\",\"inLanguage\":\"hu\",\"@id\":\"https:\/\/www.icscoolenergy.com\/hu\/#\/schema\/logo\/image\/\",\"url\":\"https:\/\/www.icscoolenergy.com\/wp-content\/uploads\/sites\/10\/2024\/01\/ics-cool-energy-logo.svg\",\"contentUrl\":\"https:\/\/www.icscoolenergy.com\/wp-content\/uploads\/sites\/10\/2024\/01\/ics-cool-energy-logo.svg\",\"caption\":\"ICS Cool Energy\"},\"image\":{\"@id\":\"https:\/\/www.icscoolenergy.com\/hu\/#\/schema\/logo\/image\/\"},\"sameAs\":[\"https:\/\/www.linkedin.com\/company\/ics-temperature-control\/\",\"https:\/\/www.youtube.com\/@ICSCoolEnergyLtd\"],\"description\":\"ICS Cool Energy is a market leader for process and critical temperature control solutions that keep all types and sizes of businesses and industry running. Our headquarters are situated in Southampton, with offices throughout the UK and Europe, employing over 250 people in the UK alone.\",\"email\":\"info@icscoolenergy.com\",\"telephone\":\"0800 840 4210\",\"legalName\":\"ICS Cool Energy Limited\",\"numberOfEmployees\":{\"@type\":\"QuantitativeValue\",\"minValue\":\"201\",\"maxValue\":\"500\"}}]}<\/script>\n<!-- \/ Yoast SEO Premium plugin. -->","yoast_head_json":{"title":"folyad\u00e9kh\u0171t\u0151 375 | Hungary","robots":{"index":"index","follow":"follow","max-snippet":"max-snippet:-1","max-image-preview":"max-image-preview:large","max-video-preview":"max-video-preview:-1"},"canonical":"https:\/\/www.icscoolenergy.com\/hu\/product\/folyadekhuto-375\/","og_locale":"hu_HU","og_type":"article","og_title":"folyad\u00e9kh\u0171t\u0151 375","og_description":"A Chiller 375 a leg\u00fajabb energiatakar\u00e9kos Scroll kompresszorokkal (4) rendelkezik, amelyek sz\u00e9les h\u0151m\u00e9rs\u00e9klet-tartom\u00e1nyt k\u00edn\u00e1lnak -10 \u00b0 C \u00e9s + 20 \u00b0 C k\u00f6z\u00f6tt, a v\u00edz kil\u00e9p\u00e9si h\u0151m\u00e9rs\u00e9klet-szab\u00e1lyoz\u00e1s\u00e1t. A 375 kW-os h\u0171t\u0151berendez\u00e9s az R410a z\u00e9r\u00f3 \u00f3zonlebont\u00f3 HFC h\u0171t\u0151k\u00f6zeget k\u00edn\u00e1lja, \u00e9s a leg\u00fajabb k\u00f6rnyezetv\u00e9delmi ISO14001 szab\u00e1lyoz\u00e1sok szerint k\u00e9sz\u00fcl, alacsony zajszint\u0171 m\u0171k\u00f6d\u00e9ssel \u00e9s kompakt helyig\u00e9nnyel.","og_url":"https:\/\/www.icscoolenergy.com\/hu\/product\/folyadekhuto-375\/","og_site_name":"Hungary","og_image":[{"width":560,"height":420,"url":"https:\/\/www.icscoolenergy.com\/wp-content\/uploads\/sites\/10\/2024\/04\/Chiller-375.png","type":"image\/png"}],"twitter_card":"summary_large_image","schema":{"@context":"https:\/\/schema.org","@graph":[{"@type":["WebPage","ItemPage"],"@id":"https:\/\/www.icscoolenergy.com\/hu\/product\/folyadekhuto-375\/","url":"https:\/\/www.icscoolenergy.com\/hu\/product\/folyadekhuto-375\/","name":"folyad\u00e9kh\u0171t\u0151 375 | Hungary","isPartOf":{"@id":"https:\/\/www.icscoolenergy.com\/hu\/#website"},"primaryImageOfPage":{"@id":"https:\/\/www.icscoolenergy.com\/hu\/product\/folyadekhuto-375\/#primaryimage"},"image":{"@id":"https:\/\/www.icscoolenergy.com\/hu\/product\/folyadekhuto-375\/#primaryimage"},"thumbnailUrl":"https:\/\/www.icscoolenergy.com\/wp-content\/uploads\/sites\/10\/2024\/04\/Chiller-375.png","datePublished":"2024-04-17T10:43:40+00:00","breadcrumb":{"@id":"https:\/\/www.icscoolenergy.com\/hu\/product\/folyadekhuto-375\/#breadcrumb"},"inLanguage":"hu","potentialAction":[{"@type":"ReadAction","target":["https:\/\/www.icscoolenergy.com\/hu\/product\/folyadekhuto-375\/"]}]},{"@type":"ImageObject","inLanguage":"hu","@id":"https:\/\/www.icscoolenergy.com\/hu\/product\/folyadekhuto-375\/#primaryimage","url":"https:\/\/www.icscoolenergy.com\/wp-content\/uploads\/sites\/10\/2024\/04\/Chiller-375.png","contentUrl":"https:\/\/www.icscoolenergy.com\/wp-content\/uploads\/sites\/10\/2024\/04\/Chiller-375.png","width":560,"height":420},{"@type":"BreadcrumbList","@id":"https:\/\/www.icscoolenergy.com\/hu\/product\/folyadekhuto-375\/#breadcrumb","itemListElement":[{"@type":"ListItem","position":1,"name":"Home","item":"https:\/\/www.icscoolenergy.com\/hu\/"},{"@type":"ListItem","position":2,"name":"Bolt","item":"https:\/\/www.icscoolenergy.com\/hu\/bolt\/"},{"@type":"ListItem","position":3,"name":"folyad\u00e9kh\u0171t\u0151 375"}]},{"@type":"WebSite","@id":"https:\/\/www.icscoolenergy.com\/hu\/#website","url":"https:\/\/www.icscoolenergy.com\/hu\/","name":"ICS Cool Energy","description":"The Process Temperature Control Specialists","publisher":{"@id":"https:\/\/www.icscoolenergy.com\/hu\/#organization"},"alternateName":"ICS","potentialAction":[{"@type":"SearchAction","target":{"@type":"EntryPoint","urlTemplate":"https:\/\/www.icscoolenergy.com\/hu\/?s={search_term_string}"},"query-input":{"@type":"PropertyValueSpecification","valueRequired":true,"valueName":"search_term_string"}}],"inLanguage":"hu"},{"@type":"Organization","@id":"https:\/\/www.icscoolenergy.com\/hu\/#organization","name":"ICS Cool Energy","url":"https:\/\/www.icscoolenergy.com\/hu\/","logo":{"@type":"ImageObject","inLanguage":"hu","@id":"https:\/\/www.icscoolenergy.com\/hu\/#\/schema\/logo\/image\/","url":"https:\/\/www.icscoolenergy.com\/wp-content\/uploads\/sites\/10\/2024\/01\/ics-cool-energy-logo.svg","contentUrl":"https:\/\/www.icscoolenergy.com\/wp-content\/uploads\/sites\/10\/2024\/01\/ics-cool-energy-logo.svg","caption":"ICS Cool Energy"},"image":{"@id":"https:\/\/www.icscoolenergy.com\/hu\/#\/schema\/logo\/image\/"},"sameAs":["https:\/\/www.linkedin.com\/company\/ics-temperature-control\/","https:\/\/www.youtube.com\/@ICSCoolEnergyLtd"],"description":"ICS Cool Energy is a market leader for process and critical temperature control solutions that keep all types and sizes of businesses and industry running. Our headquarters are situated in Southampton, with offices throughout the UK and Europe, employing over 250 people in the UK alone.","email":"info@icscoolenergy.com","telephone":"0800 840 4210","legalName":"ICS Cool Energy Limited","numberOfEmployees":{"@type":"QuantitativeValue","minValue":"201","maxValue":"500"}}]}},"_links":{"self":[{"href":"https:\/\/www.icscoolenergy.com\/hu\/wp-json\/wp\/v2\/product\/87092","targetHints":{"allow":["GET"]}}],"collection":[{"href":"https:\/\/www.icscoolenergy.com\/hu\/wp-json\/wp\/v2\/product"}],"about":[{"href":"https:\/\/www.icscoolenergy.com\/hu\/wp-json\/wp\/v2\/types\/product"}],"replies":[{"embeddable":true,"href":"https:\/\/www.icscoolenergy.com\/hu\/wp-json\/wp\/v2\/comments?post=87092"}],"wp:featuredmedia":[{"embeddable":true,"href":"https:\/\/www.icscoolenergy.com\/hu\/wp-json\/wp\/v2\/media\/87097"}],"wp:attachment":[{"href":"https:\/\/www.icscoolenergy.com\/hu\/wp-json\/wp\/v2\/media?parent=87092"}],"wp:term":[{"taxonomy":"product_brand","embeddable":true,"href":"https:\/\/www.icscoolenergy.com\/hu\/wp-json\/wp\/v2\/product_brand?post=87092"},{"taxonomy":"product_cat","embeddable":true,"href":"https:\/\/www.icscoolenergy.com\/hu\/wp-json\/wp\/v2\/product_cat?post=87092"},{"taxonomy":"product_tag","embeddable":true,"href":"https:\/\/www.icscoolenergy.com\/hu\/wp-json\/wp\/v2\/product_tag?post=87092"}],"curies":[{"name":"wp","href":"https:\/\/api.w.org\/{rel}","templated":true}]}}