 
{"id":87174,"date":"2024-04-19T14:36:38","date_gmt":"2024-04-19T14:36:38","guid":{"rendered":"https:\/\/www.icscoolenergy.com\/hu\/uncategorized\/i-chiller-folyamat\/"},"modified":"2024-04-19T14:36:38","modified_gmt":"2024-04-19T14:36:38","slug":"i-chiller-folyamat","status":"publish","type":"product","link":"https:\/\/www.icscoolenergy.com\/hu\/product\/i-chiller-folyamat\/","title":{"rendered":"i-Chiller folyamat"},"content":{"rendered":"<p>i-Chiller term\u00e9kcsal\u00e1dunk 7 \u00e9s 259 kW k\u00f6z\u00f6tti kapacit\u00e1ssal rendelkezik, \u00e9s ipar\u00e1gvezet\u0151 folyamath\u0171t\u0151 term\u00e9kcsal\u00e1dunk, amelyet kiz\u00e1r\u00f3lag gy\u00e1rt\u00e1sra terveztek. A piacon kaphat\u00f3 t\u00f6bbi egys\u00e9ggel ellent\u00e9tben az i-Chiller term\u00e9kcsal\u00e1dot az alapokt\u00f3l kezdve a folyamatalkalmaz\u00e1sok szem el\u0151tt tart\u00e1s\u00e1val tervezt\u00e9k. Az egys\u00e9gek alacsony helyig\u00e9ny\u0171ek, \u00e9s \u00fagy tervezt\u00e9k \u0151ket, hogy &#8222;plug and play&#8221; legyenek, hogy biztos\u00edts\u00e1k a kompatibilit\u00e1st a gy\u00e1rt\u00f3sorok sz\u00e9les v\u00e1laszt\u00e9k\u00e1val.<\/p>\n","protected":false},"excerpt":{"rendered":"<p>i-Chiller term\u00e9kcsal\u00e1dunk 7 \u00e9s 259 kW k\u00f6z\u00f6tti kapacit\u00e1ssal rendelkezik, \u00e9s ipar\u00e1gvezet\u0151 folyamath\u0171t\u0151 term\u00e9kcsal\u00e1dunk, amelyet kiz\u00e1r\u00f3lag gy\u00e1rt\u00e1sra terveztek. A piacon kaphat\u00f3 t\u00f6bbi egys\u00e9ggel ellent\u00e9tben az i-Chiller term\u00e9kcsal\u00e1dot az alapokt\u00f3l kezdve a folyamatalkalmaz\u00e1sok szem el\u0151tt tart\u00e1s\u00e1val tervezt\u00e9k. Az egys\u00e9gek alacsony helyig\u00e9ny\u0171ek, \u00e9s \u00fagy tervezt\u00e9k \u0151ket, hogy &#8222;plug and play&#8221; legyenek, hogy biztos\u00edts\u00e1k a kompatibilit\u00e1st a gy\u00e1rt\u00f3sorok sz\u00e9les &#8230; <a title=\"i-Chiller folyamat\" class=\"read-more\" href=\"https:\/\/www.icscoolenergy.com\/hu\/product\/i-chiller-folyamat\/\" aria-label=\"More on i-Chiller folyamat\">Read more<\/a><\/p>\n","protected":false},"featured_media":87182,"comment_status":"closed","ping_status":"closed","template":"","meta":{"_acf_changed":false,"inline_featured_image":false,"_editorskit_title_hidden":false,"_editorskit_reading_time":0,"_editorskit_is_block_options_detached":false,"_editorskit_block_options_position":"{}","editor_plus_copied_stylings":"{}"},"product_brand":[],"product_cat":[2043,2117],"product_tag":[2147,2151,2149,2146,2148,2158,2153,2150,2159,2160,2154,2152,2161,2162,2163,2164,2157,2156,2155],"class_list":{"0":"post-87174","1":"product","2":"type-product","3":"status-publish","4":"has-post-thumbnail","6":"product_cat-technologiai-folyadekhutok","7":"product_cat-vizhuteses-folyadekhutok","8":"product_tag-ic215-hu","9":"product_tag-ic220-hu","10":"product_tag-ic303-hu","11":"product_tag-ic305-hu","12":"product_tag-ic408-hu","13":"product_tag-ic410-hu","14":"product_tag-ic412-hu","15":"product_tag-ic416-hu","16":"product_tag-ic520-hu","17":"product_tag-ic525-hu","18":"product_tag-ic530-hu","19":"product_tag-ic535-hu","20":"product_tag-ic538-hu","21":"product_tag-ic540-hu","22":"product_tag-ic640-hu","23":"product_tag-ic650-hu","24":"product_tag-ic660-hu","25":"product_tag-ic770-hu","26":"product_tag-ic780-hu","28":"first","29":"instock","30":"shipping-taxable","31":"product-type-simple"},"acf":[],"yoast_head":"<!-- This site is optimized with the Yoast SEO Premium plugin v24.5 (Yoast SEO v26.9) - https:\/\/yoast.com\/product\/yoast-seo-premium-wordpress\/ -->\n<title>i-Chiller folyamat | Hungary<\/title>\n<meta name=\"robots\" content=\"index, follow, max-snippet:-1, max-image-preview:large, max-video-preview:-1\" \/>\n<link rel=\"canonical\" href=\"https:\/\/www.icscoolenergy.com\/hu\/product\/i-chiller-folyamat\/\" \/>\n<meta property=\"og:locale\" content=\"hu_HU\" \/>\n<meta property=\"og:type\" content=\"article\" \/>\n<meta property=\"og:title\" content=\"i-Chiller folyamat\" \/>\n<meta property=\"og:description\" content=\"i-Chiller term\u00e9kcsal\u00e1dunk 7 \u00e9s 259 kW k\u00f6z\u00f6tti kapacit\u00e1ssal rendelkezik, \u00e9s ipar\u00e1gvezet\u0151 folyamath\u0171t\u0151 term\u00e9kcsal\u00e1dunk, amelyet kiz\u00e1r\u00f3lag gy\u00e1rt\u00e1sra terveztek. A piacon kaphat\u00f3 t\u00f6bbi egys\u00e9ggel ellent\u00e9tben az i-Chiller term\u00e9kcsal\u00e1dot az alapokt\u00f3l kezdve a folyamatalkalmaz\u00e1sok szem el\u0151tt tart\u00e1s\u00e1val tervezt\u00e9k. Az egys\u00e9gek alacsony helyig\u00e9ny\u0171ek, \u00e9s \u00fagy tervezt\u00e9k \u0151ket, hogy &#8222;plug and play&#8221; legyenek, hogy biztos\u00edts\u00e1k a kompatibilit\u00e1st a gy\u00e1rt\u00f3sorok sz\u00e9les ... Read more\" \/>\n<meta property=\"og:url\" content=\"https:\/\/www.icscoolenergy.com\/hu\/product\/i-chiller-folyamat\/\" \/>\n<meta property=\"og:site_name\" content=\"Hungary\" \/>\n<meta property=\"og:image\" content=\"https:\/\/www.icscoolenergy.com\/wp-content\/uploads\/sites\/10\/2024\/04\/ichiller-process-product-image.png\" \/>\n\t<meta property=\"og:image:width\" content=\"560\" \/>\n\t<meta property=\"og:image:height\" content=\"420\" \/>\n\t<meta property=\"og:image:type\" content=\"image\/png\" \/>\n<meta name=\"twitter:card\" content=\"summary_large_image\" \/>\n<script type=\"application\/ld+json\" class=\"yoast-schema-graph\">{\"@context\":\"https:\/\/schema.org\",\"@graph\":[{\"@type\":[\"WebPage\",\"ItemPage\"],\"@id\":\"https:\/\/www.icscoolenergy.com\/hu\/product\/i-chiller-folyamat\/\",\"url\":\"https:\/\/www.icscoolenergy.com\/hu\/product\/i-chiller-folyamat\/\",\"name\":\"i-Chiller folyamat | Hungary\",\"isPartOf\":{\"@id\":\"https:\/\/www.icscoolenergy.com\/hu\/#website\"},\"primaryImageOfPage\":{\"@id\":\"https:\/\/www.icscoolenergy.com\/hu\/product\/i-chiller-folyamat\/#primaryimage\"},\"image\":{\"@id\":\"https:\/\/www.icscoolenergy.com\/hu\/product\/i-chiller-folyamat\/#primaryimage\"},\"thumbnailUrl\":\"https:\/\/www.icscoolenergy.com\/wp-content\/uploads\/sites\/10\/2024\/04\/ichiller-process-product-image.png\",\"datePublished\":\"2024-04-19T14:36:38+00:00\",\"breadcrumb\":{\"@id\":\"https:\/\/www.icscoolenergy.com\/hu\/product\/i-chiller-folyamat\/#breadcrumb\"},\"inLanguage\":\"hu\",\"potentialAction\":[{\"@type\":\"ReadAction\",\"target\":[\"https:\/\/www.icscoolenergy.com\/hu\/product\/i-chiller-folyamat\/\"]}]},{\"@type\":\"ImageObject\",\"inLanguage\":\"hu\",\"@id\":\"https:\/\/www.icscoolenergy.com\/hu\/product\/i-chiller-folyamat\/#primaryimage\",\"url\":\"https:\/\/www.icscoolenergy.com\/wp-content\/uploads\/sites\/10\/2024\/04\/ichiller-process-product-image.png\",\"contentUrl\":\"https:\/\/www.icscoolenergy.com\/wp-content\/uploads\/sites\/10\/2024\/04\/ichiller-process-product-image.png\",\"width\":560,\"height\":420},{\"@type\":\"BreadcrumbList\",\"@id\":\"https:\/\/www.icscoolenergy.com\/hu\/product\/i-chiller-folyamat\/#breadcrumb\",\"itemListElement\":[{\"@type\":\"ListItem\",\"position\":1,\"name\":\"Home\",\"item\":\"https:\/\/www.icscoolenergy.com\/hu\/\"},{\"@type\":\"ListItem\",\"position\":2,\"name\":\"Bolt\",\"item\":\"https:\/\/www.icscoolenergy.com\/hu\/bolt\/\"},{\"@type\":\"ListItem\",\"position\":3,\"name\":\"i-Chiller folyamat\"}]},{\"@type\":\"WebSite\",\"@id\":\"https:\/\/www.icscoolenergy.com\/hu\/#website\",\"url\":\"https:\/\/www.icscoolenergy.com\/hu\/\",\"name\":\"ICS Cool Energy\",\"description\":\"The Process Temperature Control Specialists\",\"publisher\":{\"@id\":\"https:\/\/www.icscoolenergy.com\/hu\/#organization\"},\"alternateName\":\"ICS\",\"potentialAction\":[{\"@type\":\"SearchAction\",\"target\":{\"@type\":\"EntryPoint\",\"urlTemplate\":\"https:\/\/www.icscoolenergy.com\/hu\/?s={search_term_string}\"},\"query-input\":{\"@type\":\"PropertyValueSpecification\",\"valueRequired\":true,\"valueName\":\"search_term_string\"}}],\"inLanguage\":\"hu\"},{\"@type\":\"Organization\",\"@id\":\"https:\/\/www.icscoolenergy.com\/hu\/#organization\",\"name\":\"ICS Cool Energy\",\"url\":\"https:\/\/www.icscoolenergy.com\/hu\/\",\"logo\":{\"@type\":\"ImageObject\",\"inLanguage\":\"hu\",\"@id\":\"https:\/\/www.icscoolenergy.com\/hu\/#\/schema\/logo\/image\/\",\"url\":\"https:\/\/www.icscoolenergy.com\/wp-content\/uploads\/sites\/10\/2024\/01\/ics-cool-energy-logo.svg\",\"contentUrl\":\"https:\/\/www.icscoolenergy.com\/wp-content\/uploads\/sites\/10\/2024\/01\/ics-cool-energy-logo.svg\",\"caption\":\"ICS Cool Energy\"},\"image\":{\"@id\":\"https:\/\/www.icscoolenergy.com\/hu\/#\/schema\/logo\/image\/\"},\"sameAs\":[\"https:\/\/www.linkedin.com\/company\/ics-temperature-control\/\",\"https:\/\/www.youtube.com\/@ICSCoolEnergyLtd\"],\"description\":\"ICS Cool Energy is a market leader for process and critical temperature control solutions that keep all types and sizes of businesses and industry running. Our headquarters are situated in Southampton, with offices throughout the UK and Europe, employing over 250 people in the UK alone.\",\"email\":\"info@icscoolenergy.com\",\"telephone\":\"0800 840 4210\",\"legalName\":\"ICS Cool Energy Limited\",\"numberOfEmployees\":{\"@type\":\"QuantitativeValue\",\"minValue\":\"201\",\"maxValue\":\"500\"}}]}<\/script>\n<!-- \/ Yoast SEO Premium plugin. -->","yoast_head_json":{"title":"i-Chiller folyamat | Hungary","robots":{"index":"index","follow":"follow","max-snippet":"max-snippet:-1","max-image-preview":"max-image-preview:large","max-video-preview":"max-video-preview:-1"},"canonical":"https:\/\/www.icscoolenergy.com\/hu\/product\/i-chiller-folyamat\/","og_locale":"hu_HU","og_type":"article","og_title":"i-Chiller folyamat","og_description":"i-Chiller term\u00e9kcsal\u00e1dunk 7 \u00e9s 259 kW k\u00f6z\u00f6tti kapacit\u00e1ssal rendelkezik, \u00e9s ipar\u00e1gvezet\u0151 folyamath\u0171t\u0151 term\u00e9kcsal\u00e1dunk, amelyet kiz\u00e1r\u00f3lag gy\u00e1rt\u00e1sra terveztek. A piacon kaphat\u00f3 t\u00f6bbi egys\u00e9ggel ellent\u00e9tben az i-Chiller term\u00e9kcsal\u00e1dot az alapokt\u00f3l kezdve a folyamatalkalmaz\u00e1sok szem el\u0151tt tart\u00e1s\u00e1val tervezt\u00e9k. Az egys\u00e9gek alacsony helyig\u00e9ny\u0171ek, \u00e9s \u00fagy tervezt\u00e9k \u0151ket, hogy &#8222;plug and play&#8221; legyenek, hogy biztos\u00edts\u00e1k a kompatibilit\u00e1st a gy\u00e1rt\u00f3sorok sz\u00e9les ... Read more","og_url":"https:\/\/www.icscoolenergy.com\/hu\/product\/i-chiller-folyamat\/","og_site_name":"Hungary","og_image":[{"width":560,"height":420,"url":"https:\/\/www.icscoolenergy.com\/wp-content\/uploads\/sites\/10\/2024\/04\/ichiller-process-product-image.png","type":"image\/png"}],"twitter_card":"summary_large_image","schema":{"@context":"https:\/\/schema.org","@graph":[{"@type":["WebPage","ItemPage"],"@id":"https:\/\/www.icscoolenergy.com\/hu\/product\/i-chiller-folyamat\/","url":"https:\/\/www.icscoolenergy.com\/hu\/product\/i-chiller-folyamat\/","name":"i-Chiller folyamat | Hungary","isPartOf":{"@id":"https:\/\/www.icscoolenergy.com\/hu\/#website"},"primaryImageOfPage":{"@id":"https:\/\/www.icscoolenergy.com\/hu\/product\/i-chiller-folyamat\/#primaryimage"},"image":{"@id":"https:\/\/www.icscoolenergy.com\/hu\/product\/i-chiller-folyamat\/#primaryimage"},"thumbnailUrl":"https:\/\/www.icscoolenergy.com\/wp-content\/uploads\/sites\/10\/2024\/04\/ichiller-process-product-image.png","datePublished":"2024-04-19T14:36:38+00:00","breadcrumb":{"@id":"https:\/\/www.icscoolenergy.com\/hu\/product\/i-chiller-folyamat\/#breadcrumb"},"inLanguage":"hu","potentialAction":[{"@type":"ReadAction","target":["https:\/\/www.icscoolenergy.com\/hu\/product\/i-chiller-folyamat\/"]}]},{"@type":"ImageObject","inLanguage":"hu","@id":"https:\/\/www.icscoolenergy.com\/hu\/product\/i-chiller-folyamat\/#primaryimage","url":"https:\/\/www.icscoolenergy.com\/wp-content\/uploads\/sites\/10\/2024\/04\/ichiller-process-product-image.png","contentUrl":"https:\/\/www.icscoolenergy.com\/wp-content\/uploads\/sites\/10\/2024\/04\/ichiller-process-product-image.png","width":560,"height":420},{"@type":"BreadcrumbList","@id":"https:\/\/www.icscoolenergy.com\/hu\/product\/i-chiller-folyamat\/#breadcrumb","itemListElement":[{"@type":"ListItem","position":1,"name":"Home","item":"https:\/\/www.icscoolenergy.com\/hu\/"},{"@type":"ListItem","position":2,"name":"Bolt","item":"https:\/\/www.icscoolenergy.com\/hu\/bolt\/"},{"@type":"ListItem","position":3,"name":"i-Chiller folyamat"}]},{"@type":"WebSite","@id":"https:\/\/www.icscoolenergy.com\/hu\/#website","url":"https:\/\/www.icscoolenergy.com\/hu\/","name":"ICS Cool Energy","description":"The Process Temperature Control Specialists","publisher":{"@id":"https:\/\/www.icscoolenergy.com\/hu\/#organization"},"alternateName":"ICS","potentialAction":[{"@type":"SearchAction","target":{"@type":"EntryPoint","urlTemplate":"https:\/\/www.icscoolenergy.com\/hu\/?s={search_term_string}"},"query-input":{"@type":"PropertyValueSpecification","valueRequired":true,"valueName":"search_term_string"}}],"inLanguage":"hu"},{"@type":"Organization","@id":"https:\/\/www.icscoolenergy.com\/hu\/#organization","name":"ICS Cool Energy","url":"https:\/\/www.icscoolenergy.com\/hu\/","logo":{"@type":"ImageObject","inLanguage":"hu","@id":"https:\/\/www.icscoolenergy.com\/hu\/#\/schema\/logo\/image\/","url":"https:\/\/www.icscoolenergy.com\/wp-content\/uploads\/sites\/10\/2024\/01\/ics-cool-energy-logo.svg","contentUrl":"https:\/\/www.icscoolenergy.com\/wp-content\/uploads\/sites\/10\/2024\/01\/ics-cool-energy-logo.svg","caption":"ICS Cool Energy"},"image":{"@id":"https:\/\/www.icscoolenergy.com\/hu\/#\/schema\/logo\/image\/"},"sameAs":["https:\/\/www.linkedin.com\/company\/ics-temperature-control\/","https:\/\/www.youtube.com\/@ICSCoolEnergyLtd"],"description":"ICS Cool Energy is a market leader for process and critical temperature control solutions that keep all types and sizes of businesses and industry running. Our headquarters are situated in Southampton, with offices throughout the UK and Europe, employing over 250 people in the UK alone.","email":"info@icscoolenergy.com","telephone":"0800 840 4210","legalName":"ICS Cool Energy Limited","numberOfEmployees":{"@type":"QuantitativeValue","minValue":"201","maxValue":"500"}}]}},"_links":{"self":[{"href":"https:\/\/www.icscoolenergy.com\/hu\/wp-json\/wp\/v2\/product\/87174","targetHints":{"allow":["GET"]}}],"collection":[{"href":"https:\/\/www.icscoolenergy.com\/hu\/wp-json\/wp\/v2\/product"}],"about":[{"href":"https:\/\/www.icscoolenergy.com\/hu\/wp-json\/wp\/v2\/types\/product"}],"replies":[{"embeddable":true,"href":"https:\/\/www.icscoolenergy.com\/hu\/wp-json\/wp\/v2\/comments?post=87174"}],"wp:featuredmedia":[{"embeddable":true,"href":"https:\/\/www.icscoolenergy.com\/hu\/wp-json\/wp\/v2\/media\/87182"}],"wp:attachment":[{"href":"https:\/\/www.icscoolenergy.com\/hu\/wp-json\/wp\/v2\/media?parent=87174"}],"wp:term":[{"taxonomy":"product_brand","embeddable":true,"href":"https:\/\/www.icscoolenergy.com\/hu\/wp-json\/wp\/v2\/product_brand?post=87174"},{"taxonomy":"product_cat","embeddable":true,"href":"https:\/\/www.icscoolenergy.com\/hu\/wp-json\/wp\/v2\/product_cat?post=87174"},{"taxonomy":"product_tag","embeddable":true,"href":"https:\/\/www.icscoolenergy.com\/hu\/wp-json\/wp\/v2\/product_tag?post=87174"}],"curies":[{"name":"wp","href":"https:\/\/api.w.org\/{rel}","templated":true}]}}