 
{"id":87215,"date":"2024-04-22T08:22:42","date_gmt":"2024-04-22T08:22:42","guid":{"rendered":"https:\/\/www.icscoolenergy.com\/hu\/uncategorized\/elektromos-kazan-24\/"},"modified":"2024-04-22T08:22:42","modified_gmt":"2024-04-22T08:22:42","slug":"elektromos-kazan-24","status":"publish","type":"product","link":"https:\/\/www.icscoolenergy.com\/hu\/product\/elektromos-kazan-24\/","title":{"rendered":"elektromos kaz\u00e1n 24"},"content":{"rendered":"<p>Ez a 24 kW-os <a href=\"\/boiler\/boiler-hire\/electric\/\">elektromos kaz\u00e1negys\u00e9g<\/a> egyedi tervez\u00e9s\u0171, \u00e9s ennek megfelel\u0151en alkalmazkodik a k\u00f6vetelm\u00e9nyekhez. Az Electric Boiler 24 k\u00f6zvetlen\u00fcl csatlakozik a telephely m\u00e1r megl\u00e9v\u0151 f\u0171t\u00e9si rendszer\u00e9hez, ami minim\u00e1lisra cs\u00f6kkenti a be\u00e1ll\u00edt\u00e1si id\u0151t, \u00e9s korl\u00e1tozott megszak\u00edt\u00e1ssal helyre\u00e1ll\u00edtja a h\u0151t. Ezeket a rendszereket sz\u00e1mos alkalmaz\u00e1sban haszn\u00e1lt\u00e1k az \u00e1pol\u00e1si otthonokt\u00f3l az irod\u00e1kig. Tov\u00e1bbi el\u0151ny\u00fck a programozhat\u00f3 esztrichsz\u00e1r\u00edt\u00e1si funkci\u00f3, \u00e9s r\u00f6gz\u00edtett 200 mm-es kerekeken sz\u00e1ll\u00edtj\u00e1k \u0151ket a mobilit\u00e1s el\u0151seg\u00edt\u00e9se \u00e9s a diszkr\u00e9t pozicion\u00e1l\u00e1s \u00e9rdek\u00e9ben. <\/p>\n","protected":false},"excerpt":{"rendered":"<p>Ez a 24 kW-os elektromos kaz\u00e1negys\u00e9g egyedi tervez\u00e9s\u0171, \u00e9s ennek megfelel\u0151en alkalmazkodik a k\u00f6vetelm\u00e9nyekhez. Az Electric Boiler 24 k\u00f6zvetlen\u00fcl csatlakozik a telephely m\u00e1r megl\u00e9v\u0151 f\u0171t\u00e9si rendszer\u00e9hez, ami minim\u00e1lisra cs\u00f6kkenti a be\u00e1ll\u00edt\u00e1si id\u0151t, \u00e9s korl\u00e1tozott megszak\u00edt\u00e1ssal helyre\u00e1ll\u00edtja a h\u0151t. Ezeket a rendszereket sz\u00e1mos alkalmaz\u00e1sban haszn\u00e1lt\u00e1k az \u00e1pol\u00e1si otthonokt\u00f3l az irod\u00e1kig. Tov\u00e1bbi el\u0151ny\u00fck a programozhat\u00f3 esztrichsz\u00e1r\u00edt\u00e1si funkci\u00f3, &#8230; <a title=\"elektromos kaz\u00e1n 24\" class=\"read-more\" href=\"https:\/\/www.icscoolenergy.com\/hu\/product\/elektromos-kazan-24\/\" aria-label=\"More on elektromos kaz\u00e1n 24\">Read more<\/a><\/p>\n","protected":false},"featured_media":87218,"comment_status":"closed","ping_status":"closed","template":"","meta":{"_acf_changed":false,"inline_featured_image":false,"_editorskit_title_hidden":false,"_editorskit_reading_time":0,"_editorskit_is_block_options_detached":false,"_editorskit_block_options_position":"{}","editor_plus_copied_stylings":"{}"},"product_brand":[],"product_cat":[2087,2165,2101,2110,2109,2111,2166,2106,2108],"product_tag":[2113,2114],"class_list":{"0":"post-87215","1":"product","2":"type-product","3":"status-publish","4":"has-post-thumbnail","6":"product_cat-a-kazan-opcioi","7":"product_cat-hordozhato-elektromos-kazan-berlese","8":"product_cat-ideiglenes-kazanberles","9":"product_cat-kazanberles-iskolaknak","10":"product_cat-kazanberles-korhazak-szamara","11":"product_cat-kazanberles-london","12":"product_cat-kazanberles-padlofuteshez","13":"product_cat-kereskedelmi-kazan-berlese","14":"product_cat-veszhelyzeti-kazanberles","15":"product_tag-kazan-hu","16":"product_tag-kazan-berlese","18":"first","19":"instock","20":"shipping-taxable","21":"product-type-simple"},"acf":[],"yoast_head":"<!-- This site is optimized with the Yoast SEO Premium plugin v24.5 (Yoast SEO v26.9) - https:\/\/yoast.com\/product\/yoast-seo-premium-wordpress\/ -->\n<title>elektromos kaz\u00e1n 24 | Hungary<\/title>\n<meta name=\"robots\" content=\"index, follow, max-snippet:-1, max-image-preview:large, max-video-preview:-1\" \/>\n<link rel=\"canonical\" href=\"https:\/\/www.icscoolenergy.com\/hu\/product\/elektromos-kazan-24\/\" \/>\n<meta property=\"og:locale\" content=\"hu_HU\" \/>\n<meta property=\"og:type\" content=\"article\" \/>\n<meta property=\"og:title\" content=\"elektromos kaz\u00e1n 24\" \/>\n<meta property=\"og:description\" content=\"Ez a 24 kW-os elektromos kaz\u00e1negys\u00e9g egyedi tervez\u00e9s\u0171, \u00e9s ennek megfelel\u0151en alkalmazkodik a k\u00f6vetelm\u00e9nyekhez. Az Electric Boiler 24 k\u00f6zvetlen\u00fcl csatlakozik a telephely m\u00e1r megl\u00e9v\u0151 f\u0171t\u00e9si rendszer\u00e9hez, ami minim\u00e1lisra cs\u00f6kkenti a be\u00e1ll\u00edt\u00e1si id\u0151t, \u00e9s korl\u00e1tozott megszak\u00edt\u00e1ssal helyre\u00e1ll\u00edtja a h\u0151t. Ezeket a rendszereket sz\u00e1mos alkalmaz\u00e1sban haszn\u00e1lt\u00e1k az \u00e1pol\u00e1si otthonokt\u00f3l az irod\u00e1kig. Tov\u00e1bbi el\u0151ny\u00fck a programozhat\u00f3 esztrichsz\u00e1r\u00edt\u00e1si funkci\u00f3, ... Read more\" \/>\n<meta property=\"og:url\" content=\"https:\/\/www.icscoolenergy.com\/hu\/product\/elektromos-kazan-24\/\" \/>\n<meta property=\"og:site_name\" content=\"Hungary\" \/>\n<meta property=\"og:image\" content=\"https:\/\/www.icscoolenergy.com\/wp-content\/uploads\/sites\/10\/2024\/04\/Electric-Boiler-24.png\" \/>\n\t<meta property=\"og:image:width\" content=\"560\" \/>\n\t<meta property=\"og:image:height\" content=\"420\" \/>\n\t<meta property=\"og:image:type\" content=\"image\/png\" \/>\n<meta name=\"twitter:card\" content=\"summary_large_image\" \/>\n<meta name=\"twitter:label1\" content=\"Est. reading time\" \/>\n\t<meta name=\"twitter:data1\" content=\"1 perc\" \/>\n<script type=\"application\/ld+json\" class=\"yoast-schema-graph\">{\"@context\":\"https:\/\/schema.org\",\"@graph\":[{\"@type\":[\"WebPage\",\"ItemPage\"],\"@id\":\"https:\/\/www.icscoolenergy.com\/hu\/product\/elektromos-kazan-24\/\",\"url\":\"https:\/\/www.icscoolenergy.com\/hu\/product\/elektromos-kazan-24\/\",\"name\":\"elektromos kaz\u00e1n 24 | Hungary\",\"isPartOf\":{\"@id\":\"https:\/\/www.icscoolenergy.com\/hu\/#website\"},\"primaryImageOfPage\":{\"@id\":\"https:\/\/www.icscoolenergy.com\/hu\/product\/elektromos-kazan-24\/#primaryimage\"},\"image\":{\"@id\":\"https:\/\/www.icscoolenergy.com\/hu\/product\/elektromos-kazan-24\/#primaryimage\"},\"thumbnailUrl\":\"https:\/\/www.icscoolenergy.com\/wp-content\/uploads\/sites\/10\/2024\/04\/Electric-Boiler-24.png\",\"datePublished\":\"2024-04-22T08:22:42+00:00\",\"breadcrumb\":{\"@id\":\"https:\/\/www.icscoolenergy.com\/hu\/product\/elektromos-kazan-24\/#breadcrumb\"},\"inLanguage\":\"hu\",\"potentialAction\":[{\"@type\":\"ReadAction\",\"target\":[\"https:\/\/www.icscoolenergy.com\/hu\/product\/elektromos-kazan-24\/\"]}]},{\"@type\":\"ImageObject\",\"inLanguage\":\"hu\",\"@id\":\"https:\/\/www.icscoolenergy.com\/hu\/product\/elektromos-kazan-24\/#primaryimage\",\"url\":\"https:\/\/www.icscoolenergy.com\/wp-content\/uploads\/sites\/10\/2024\/04\/Electric-Boiler-24.png\",\"contentUrl\":\"https:\/\/www.icscoolenergy.com\/wp-content\/uploads\/sites\/10\/2024\/04\/Electric-Boiler-24.png\",\"width\":560,\"height\":420},{\"@type\":\"BreadcrumbList\",\"@id\":\"https:\/\/www.icscoolenergy.com\/hu\/product\/elektromos-kazan-24\/#breadcrumb\",\"itemListElement\":[{\"@type\":\"ListItem\",\"position\":1,\"name\":\"Home\",\"item\":\"https:\/\/www.icscoolenergy.com\/hu\/\"},{\"@type\":\"ListItem\",\"position\":2,\"name\":\"Bolt\",\"item\":\"https:\/\/www.icscoolenergy.com\/hu\/bolt\/\"},{\"@type\":\"ListItem\",\"position\":3,\"name\":\"elektromos kaz\u00e1n 24\"}]},{\"@type\":\"WebSite\",\"@id\":\"https:\/\/www.icscoolenergy.com\/hu\/#website\",\"url\":\"https:\/\/www.icscoolenergy.com\/hu\/\",\"name\":\"ICS Cool Energy\",\"description\":\"The Process Temperature Control Specialists\",\"publisher\":{\"@id\":\"https:\/\/www.icscoolenergy.com\/hu\/#organization\"},\"alternateName\":\"ICS\",\"potentialAction\":[{\"@type\":\"SearchAction\",\"target\":{\"@type\":\"EntryPoint\",\"urlTemplate\":\"https:\/\/www.icscoolenergy.com\/hu\/?s={search_term_string}\"},\"query-input\":{\"@type\":\"PropertyValueSpecification\",\"valueRequired\":true,\"valueName\":\"search_term_string\"}}],\"inLanguage\":\"hu\"},{\"@type\":\"Organization\",\"@id\":\"https:\/\/www.icscoolenergy.com\/hu\/#organization\",\"name\":\"ICS Cool Energy\",\"url\":\"https:\/\/www.icscoolenergy.com\/hu\/\",\"logo\":{\"@type\":\"ImageObject\",\"inLanguage\":\"hu\",\"@id\":\"https:\/\/www.icscoolenergy.com\/hu\/#\/schema\/logo\/image\/\",\"url\":\"https:\/\/www.icscoolenergy.com\/wp-content\/uploads\/sites\/10\/2024\/01\/ics-cool-energy-logo.svg\",\"contentUrl\":\"https:\/\/www.icscoolenergy.com\/wp-content\/uploads\/sites\/10\/2024\/01\/ics-cool-energy-logo.svg\",\"caption\":\"ICS Cool Energy\"},\"image\":{\"@id\":\"https:\/\/www.icscoolenergy.com\/hu\/#\/schema\/logo\/image\/\"},\"sameAs\":[\"https:\/\/www.linkedin.com\/company\/ics-temperature-control\/\",\"https:\/\/www.youtube.com\/@ICSCoolEnergyLtd\"],\"description\":\"ICS Cool Energy is a market leader for process and critical temperature control solutions that keep all types and sizes of businesses and industry running. Our headquarters are situated in Southampton, with offices throughout the UK and Europe, employing over 250 people in the UK alone.\",\"email\":\"info@icscoolenergy.com\",\"telephone\":\"0800 840 4210\",\"legalName\":\"ICS Cool Energy Limited\",\"numberOfEmployees\":{\"@type\":\"QuantitativeValue\",\"minValue\":\"201\",\"maxValue\":\"500\"}}]}<\/script>\n<!-- \/ Yoast SEO Premium plugin. -->","yoast_head_json":{"title":"elektromos kaz\u00e1n 24 | Hungary","robots":{"index":"index","follow":"follow","max-snippet":"max-snippet:-1","max-image-preview":"max-image-preview:large","max-video-preview":"max-video-preview:-1"},"canonical":"https:\/\/www.icscoolenergy.com\/hu\/product\/elektromos-kazan-24\/","og_locale":"hu_HU","og_type":"article","og_title":"elektromos kaz\u00e1n 24","og_description":"Ez a 24 kW-os elektromos kaz\u00e1negys\u00e9g egyedi tervez\u00e9s\u0171, \u00e9s ennek megfelel\u0151en alkalmazkodik a k\u00f6vetelm\u00e9nyekhez. Az Electric Boiler 24 k\u00f6zvetlen\u00fcl csatlakozik a telephely m\u00e1r megl\u00e9v\u0151 f\u0171t\u00e9si rendszer\u00e9hez, ami minim\u00e1lisra cs\u00f6kkenti a be\u00e1ll\u00edt\u00e1si id\u0151t, \u00e9s korl\u00e1tozott megszak\u00edt\u00e1ssal helyre\u00e1ll\u00edtja a h\u0151t. Ezeket a rendszereket sz\u00e1mos alkalmaz\u00e1sban haszn\u00e1lt\u00e1k az \u00e1pol\u00e1si otthonokt\u00f3l az irod\u00e1kig. Tov\u00e1bbi el\u0151ny\u00fck a programozhat\u00f3 esztrichsz\u00e1r\u00edt\u00e1si funkci\u00f3, ... Read more","og_url":"https:\/\/www.icscoolenergy.com\/hu\/product\/elektromos-kazan-24\/","og_site_name":"Hungary","og_image":[{"width":560,"height":420,"url":"https:\/\/www.icscoolenergy.com\/wp-content\/uploads\/sites\/10\/2024\/04\/Electric-Boiler-24.png","type":"image\/png"}],"twitter_card":"summary_large_image","twitter_misc":{"Est. reading time":"1 perc"},"schema":{"@context":"https:\/\/schema.org","@graph":[{"@type":["WebPage","ItemPage"],"@id":"https:\/\/www.icscoolenergy.com\/hu\/product\/elektromos-kazan-24\/","url":"https:\/\/www.icscoolenergy.com\/hu\/product\/elektromos-kazan-24\/","name":"elektromos kaz\u00e1n 24 | Hungary","isPartOf":{"@id":"https:\/\/www.icscoolenergy.com\/hu\/#website"},"primaryImageOfPage":{"@id":"https:\/\/www.icscoolenergy.com\/hu\/product\/elektromos-kazan-24\/#primaryimage"},"image":{"@id":"https:\/\/www.icscoolenergy.com\/hu\/product\/elektromos-kazan-24\/#primaryimage"},"thumbnailUrl":"https:\/\/www.icscoolenergy.com\/wp-content\/uploads\/sites\/10\/2024\/04\/Electric-Boiler-24.png","datePublished":"2024-04-22T08:22:42+00:00","breadcrumb":{"@id":"https:\/\/www.icscoolenergy.com\/hu\/product\/elektromos-kazan-24\/#breadcrumb"},"inLanguage":"hu","potentialAction":[{"@type":"ReadAction","target":["https:\/\/www.icscoolenergy.com\/hu\/product\/elektromos-kazan-24\/"]}]},{"@type":"ImageObject","inLanguage":"hu","@id":"https:\/\/www.icscoolenergy.com\/hu\/product\/elektromos-kazan-24\/#primaryimage","url":"https:\/\/www.icscoolenergy.com\/wp-content\/uploads\/sites\/10\/2024\/04\/Electric-Boiler-24.png","contentUrl":"https:\/\/www.icscoolenergy.com\/wp-content\/uploads\/sites\/10\/2024\/04\/Electric-Boiler-24.png","width":560,"height":420},{"@type":"BreadcrumbList","@id":"https:\/\/www.icscoolenergy.com\/hu\/product\/elektromos-kazan-24\/#breadcrumb","itemListElement":[{"@type":"ListItem","position":1,"name":"Home","item":"https:\/\/www.icscoolenergy.com\/hu\/"},{"@type":"ListItem","position":2,"name":"Bolt","item":"https:\/\/www.icscoolenergy.com\/hu\/bolt\/"},{"@type":"ListItem","position":3,"name":"elektromos kaz\u00e1n 24"}]},{"@type":"WebSite","@id":"https:\/\/www.icscoolenergy.com\/hu\/#website","url":"https:\/\/www.icscoolenergy.com\/hu\/","name":"ICS Cool Energy","description":"The Process Temperature Control Specialists","publisher":{"@id":"https:\/\/www.icscoolenergy.com\/hu\/#organization"},"alternateName":"ICS","potentialAction":[{"@type":"SearchAction","target":{"@type":"EntryPoint","urlTemplate":"https:\/\/www.icscoolenergy.com\/hu\/?s={search_term_string}"},"query-input":{"@type":"PropertyValueSpecification","valueRequired":true,"valueName":"search_term_string"}}],"inLanguage":"hu"},{"@type":"Organization","@id":"https:\/\/www.icscoolenergy.com\/hu\/#organization","name":"ICS Cool Energy","url":"https:\/\/www.icscoolenergy.com\/hu\/","logo":{"@type":"ImageObject","inLanguage":"hu","@id":"https:\/\/www.icscoolenergy.com\/hu\/#\/schema\/logo\/image\/","url":"https:\/\/www.icscoolenergy.com\/wp-content\/uploads\/sites\/10\/2024\/01\/ics-cool-energy-logo.svg","contentUrl":"https:\/\/www.icscoolenergy.com\/wp-content\/uploads\/sites\/10\/2024\/01\/ics-cool-energy-logo.svg","caption":"ICS Cool Energy"},"image":{"@id":"https:\/\/www.icscoolenergy.com\/hu\/#\/schema\/logo\/image\/"},"sameAs":["https:\/\/www.linkedin.com\/company\/ics-temperature-control\/","https:\/\/www.youtube.com\/@ICSCoolEnergyLtd"],"description":"ICS Cool Energy is a market leader for process and critical temperature control solutions that keep all types and sizes of businesses and industry running. Our headquarters are situated in Southampton, with offices throughout the UK and Europe, employing over 250 people in the UK alone.","email":"info@icscoolenergy.com","telephone":"0800 840 4210","legalName":"ICS Cool Energy Limited","numberOfEmployees":{"@type":"QuantitativeValue","minValue":"201","maxValue":"500"}}]}},"_links":{"self":[{"href":"https:\/\/www.icscoolenergy.com\/hu\/wp-json\/wp\/v2\/product\/87215","targetHints":{"allow":["GET"]}}],"collection":[{"href":"https:\/\/www.icscoolenergy.com\/hu\/wp-json\/wp\/v2\/product"}],"about":[{"href":"https:\/\/www.icscoolenergy.com\/hu\/wp-json\/wp\/v2\/types\/product"}],"replies":[{"embeddable":true,"href":"https:\/\/www.icscoolenergy.com\/hu\/wp-json\/wp\/v2\/comments?post=87215"}],"wp:featuredmedia":[{"embeddable":true,"href":"https:\/\/www.icscoolenergy.com\/hu\/wp-json\/wp\/v2\/media\/87218"}],"wp:attachment":[{"href":"https:\/\/www.icscoolenergy.com\/hu\/wp-json\/wp\/v2\/media?parent=87215"}],"wp:term":[{"taxonomy":"product_brand","embeddable":true,"href":"https:\/\/www.icscoolenergy.com\/hu\/wp-json\/wp\/v2\/product_brand?post=87215"},{"taxonomy":"product_cat","embeddable":true,"href":"https:\/\/www.icscoolenergy.com\/hu\/wp-json\/wp\/v2\/product_cat?post=87215"},{"taxonomy":"product_tag","embeddable":true,"href":"https:\/\/www.icscoolenergy.com\/hu\/wp-json\/wp\/v2\/product_tag?post=87215"}],"curies":[{"name":"wp","href":"https:\/\/api.w.org\/{rel}","templated":true}]}}