 
{"id":84560,"date":"2024-01-04T11:53:44","date_gmt":"2024-01-04T11:53:44","guid":{"rendered":"https:\/\/www.icscoolenergy.com\/it\/soluzioni\/"},"modified":"2025-09-11T09:28:14","modified_gmt":"2025-09-11T09:28:14","slug":"soluzioni","status":"publish","type":"page","link":"https:\/\/www.icscoolenergy.com\/it\/soluzioni\/","title":{"rendered":"Soluzioni"},"content":{"rendered":"\n<div style=\"height:40px\" aria-hidden=\"true\" class=\" wp-block-spacer eplus-wrapper\"><\/div>\n\n\n\n<div class=\"wp-block-group eplus-wrapper is-content-justification-left is-layout-constrained wp-container-core-group-is-layout-8c890d92 wp-block-group-is-layout-constrained\"><h1 class=\" wp-block-heading eplus-wrapper eplus-styles-uid-641ddf\" id=\"h-soluzioni\">SOLUZIONI<\/h1>\n\n\n<p class=\" eplus-wrapper\">Siamo orgogliosi di essere coinvolti in cos\u00ec tanti settori e in cos\u00ec tanti modi diversi. I nostri clienti spaziano dai leader globali alle PMI e ai produttori artigianali. Per noi non esiste un &#8220;cliente tipo&#8221;: ognuno \u00e8 molto diverso dall&#8217;altro.<\/p>\n\n\n\n<p class=\" eplus-wrapper\">Siamo orgogliosi del fatto che i nostri clienti tornino sempre da noi e abbiamo molti rapporti consolidati da 20 anni e pi\u00f9. Ma sappiamo di essere bravi quanto l&#8217;ultimo lavoro, ed \u00e8 proprio per questo che disponiamo di sistemi di controllo della qualit\u00e0 all&#8217;avanguardia nel settore e di investimenti continui nel personale per garantire che siamo sempre al top.<\/p>\n<\/div>\n\n\n\n<div style=\"height:40px\" aria-hidden=\"true\" class=\" wp-block-spacer eplus-wrapper\"><\/div>\n\n\n\n<div class=\"wp-block-group eplus-wrapper is-layout-flow wp-block-group-is-layout-flow\"><div class=\"wp-block-columns eplus-wrapper is-layout-flex wp-container-core-columns-is-layout-9d6595d7 wp-block-columns-is-layout-flex eplus-styles-uid-8addd0\">\n<div class=\"card-hover-grey shadow rounded-md cat-card  wp-block-column has-white-background-color has-background ek-linked-block eplus-wrapper is-layout-flow wp-block-column-is-layout-flow\">\n<div class=\"wp-block-group eplus-wrapper is-layout-constrained wp-block-group-is-layout-constrained\">\n<figure class=\"rounded-t-lg is-style-default h-fit wp-block-image size-full eplus-wrapper\"><img loading=\"lazy\" decoding=\"async\" width=\"550\" height=\"303\" src=\"https:\/\/www.icscoolenergy.com\/it\/wp-content\/uploads\/sites\/5\/2024\/04\/Automotive-Industry-Thumb.jpg\" alt=\"Pollice dell'industria automobilistica\" class=\"wp-image-83838\" style=\"object-fit:cover\" srcset=\"https:\/\/www.icscoolenergy.com\/wp-content\/uploads\/sites\/5\/2024\/04\/Automotive-Industry-Thumb.jpg 550w, https:\/\/www.icscoolenergy.com\/wp-content\/uploads\/sites\/5\/2024\/04\/Automotive-Industry-Thumb-300x165.jpg 300w, https:\/\/www.icscoolenergy.com\/wp-content\/uploads\/sites\/5\/2024\/04\/Automotive-Industry-Thumb-50x28.jpg 50w\" sizes=\"auto, (max-width: 550px) 100vw, 550px\" \/><\/figure>\n\n\n\n<div class=\"px-8 pt-4 pb-8 wp-block-group eplus-wrapper is-layout-constrained wp-block-group-is-layout-constrained\">\n<h5 class=\"wp-block-heading has-text-align-left has-text-color has-link-color eplus-wrapper wp-elements-73d0e4105b244c9ea7b47bf871f3f116\" id=\"h-industrie\" style=\"color:#323130\">Industrie<\/h5>\n\n\n\n<p class=\" eplus-wrapper\">Scopri come aiutiamo un&#8217;ampia variet\u00e0 di industrie con le loro apparecchiature di controllo della temperatura.<\/p>\n\n\n\n<div class=\"w-full wp-block-buttons eplus-wrapper is-content-justification-center is-layout-flex wp-container-core-buttons-is-layout-16018d1d wp-block-buttons-is-layout-flex\"><div class=\"hover-btn-light-blue w-full is-style-outline card-btn  wp-block-button has-custom-width wp-block-button__width-100 eplus-wrapper is-style-outline--1 eplus-styles-uid-95b6e0\"><a class=\"wp-block-button__link has-primary-color has-text-color has-background has-link-color wp-element-button\" style=\"border-radius:100px;background-color:#ffffff00\">Per saperne di pi\u00f9<\/a><\/div><\/div>\n<\/div>\n<\/div>\n<a href=\"\/it\/soluzioni\/per-le-industrie\/\" class=\"editorskit-block-link\" rel=\"\"><\/a><\/div>\n\n\n\n<div class=\"card-hover-grey shadow rounded-md cat-card  wp-block-column has-white-background-color has-background ek-linked-block eplus-wrapper is-layout-flow wp-block-column-is-layout-flow\">\n<div class=\"wp-block-group eplus-wrapper is-layout-constrained wp-block-group-is-layout-constrained\">\n<figure class=\"rounded-t-lg is-style-default h-fit wp-block-image size-full eplus-wrapper\"><img loading=\"lazy\" decoding=\"async\" width=\"550\" height=\"303\" src=\"https:\/\/www.icscoolenergy.com\/it\/wp-content\/uploads\/sites\/5\/2024\/05\/Trade-thumbnail.jpg\" alt=\"\" class=\"wp-image-84255\" style=\"object-fit:cover\" srcset=\"https:\/\/www.icscoolenergy.com\/wp-content\/uploads\/sites\/5\/2024\/05\/Trade-thumbnail.jpg 550w, https:\/\/www.icscoolenergy.com\/wp-content\/uploads\/sites\/5\/2024\/05\/Trade-thumbnail-300x165.jpg 300w, https:\/\/www.icscoolenergy.com\/wp-content\/uploads\/sites\/5\/2024\/05\/Trade-thumbnail-50x28.jpg 50w\" sizes=\"auto, (max-width: 550px) 100vw, 550px\" \/><\/figure>\n\n\n\n<div class=\"px-8 pt-4 pb-8 wp-block-group eplus-wrapper is-layout-constrained wp-block-group-is-layout-constrained\">\n<h5 class=\"wp-block-heading has-text-align-left has-text-color has-link-color eplus-wrapper wp-elements-1dc4ed9dd6e55018de4dab71dc9be19c\" id=\"h-commercio\" style=\"color:#323130\">Commercio<\/h5>\n\n\n\n<p class=\" eplus-wrapper\">La nostra gamma completa di prodotti per il controllo della temperatura di processo \u00e8 pensata per migliorare il tuo portafoglio.<\/p>\n\n\n\n<div class=\"w-full wp-block-buttons eplus-wrapper is-content-justification-center is-layout-flex wp-container-core-buttons-is-layout-16018d1d wp-block-buttons-is-layout-flex\"><div class=\"hover-btn-light-blue w-full is-style-outline card-btn  wp-block-button has-custom-width wp-block-button__width-100 eplus-wrapper is-style-outline--2 eplus-styles-uid-1f83ce\"><a class=\"wp-block-button__link has-primary-color has-text-color has-background has-link-color wp-element-button\" style=\"border-radius:100px;background-color:#ffffff00\">Per saperne di pi\u00f9<\/a><\/div><\/div>\n<\/div>\n<\/div>\n<a href=\"\/it\/soluzioni\/commercio\/\" class=\"editorskit-block-link\" rel=\"\"><\/a><\/div>\n\n\n\n<div class=\"card-hover-grey shadow rounded-md cat-card  wp-block-column has-white-background-color has-background ek-linked-block eplus-wrapper is-layout-flow wp-block-column-is-layout-flow\">\n<div class=\"wp-block-group eplus-wrapper is-layout-constrained wp-block-group-is-layout-constrained\">\n<figure class=\"rounded-t-lg is-style-default h-fit wp-block-image size-full eplus-wrapper\"><img loading=\"lazy\" decoding=\"async\" width=\"550\" height=\"303\" src=\"https:\/\/www.icscoolenergy.com\/it\/wp-content\/uploads\/sites\/5\/2024\/05\/OEMs.jpg\" alt=\"\" class=\"wp-image-84250\" style=\"object-fit:cover\" srcset=\"https:\/\/www.icscoolenergy.com\/wp-content\/uploads\/sites\/5\/2024\/05\/OEMs.jpg 550w, https:\/\/www.icscoolenergy.com\/wp-content\/uploads\/sites\/5\/2024\/05\/OEMs-300x165.jpg 300w, https:\/\/www.icscoolenergy.com\/wp-content\/uploads\/sites\/5\/2024\/05\/OEMs-50x28.jpg 50w\" sizes=\"auto, (max-width: 550px) 100vw, 550px\" \/><\/figure>\n\n\n\n<div class=\"px-8 pt-4 pb-8 wp-block-group eplus-wrapper is-layout-constrained wp-block-group-is-layout-constrained\">\n<h5 class=\"wp-block-heading has-text-align-left has-text-color has-link-color eplus-wrapper wp-elements-de4065c78c0fa9a2cdd65aa893d00a30\" id=\"h-oem\" style=\"color:#323130\">OEM<\/h5>\n\n\n\n<p class=\" eplus-wrapper\">I produttori possono essere certi che i loro prodotti funzionino a temperature ottimali.<\/p>\n\n\n\n<div class=\"w-full wp-block-buttons eplus-wrapper is-content-justification-center is-layout-flex wp-container-core-buttons-is-layout-16018d1d wp-block-buttons-is-layout-flex\"><div class=\"hover-btn-light-blue w-full is-style-outline card-btn  wp-block-button has-custom-width wp-block-button__width-100 eplus-wrapper is-style-outline--3 eplus-styles-uid-933e95\"><a class=\"wp-block-button__link has-primary-color has-text-color has-background has-link-color wp-element-button\" style=\"border-radius:100px;background-color:#ffffff00\">Per saperne di pi\u00f9<\/a><\/div><\/div>\n<\/div>\n<\/div>\n<a href=\"\/it\/soluzioni\/oem\/\" class=\"editorskit-block-link\" rel=\"\"><\/a><\/div>\n\n\n\n<div class=\"card-hover-grey shadow rounded-md cat-card  wp-block-column has-white-background-color has-background ek-linked-block eplus-wrapper is-layout-flow wp-block-column-is-layout-flow\">\n<div class=\"wp-block-group eplus-wrapper is-layout-constrained wp-block-group-is-layout-constrained\">\n<figure class=\"rounded-t-lg is-style-default h-fit wp-block-image size-full eplus-wrapper\"><img loading=\"lazy\" decoding=\"async\" width=\"550\" height=\"303\" src=\"https:\/\/www.icscoolenergy.com\/it\/wp-content\/uploads\/sites\/5\/2024\/05\/Energy-enhancements-thumbnail.jpg\" alt=\"\" class=\"wp-image-84240\" style=\"object-fit:cover\" srcset=\"https:\/\/www.icscoolenergy.com\/wp-content\/uploads\/sites\/5\/2024\/05\/Energy-enhancements-thumbnail.jpg 550w, https:\/\/www.icscoolenergy.com\/wp-content\/uploads\/sites\/5\/2024\/05\/Energy-enhancements-thumbnail-300x165.jpg 300w, https:\/\/www.icscoolenergy.com\/wp-content\/uploads\/sites\/5\/2024\/05\/Energy-enhancements-thumbnail-50x28.jpg 50w\" sizes=\"auto, (max-width: 550px) 100vw, 550px\" \/><\/figure>\n\n\n\n<div class=\"px-8 pt-4 pb-8 wp-block-group eplus-wrapper is-layout-constrained wp-block-group-is-layout-constrained\">\n<h5 class=\"wp-block-heading has-text-align-left has-text-color has-link-color eplus-wrapper wp-elements-0f52b894102ec9cc4af0a49146a0bebc\" id=\"h-miglioramenti-energetici\" style=\"color:#323130\">Miglioramenti energetici<\/h5>\n\n\n\n<p class=\" eplus-wrapper\">Migliora le tue apparecchiature per ridurre i costi energetici, ridurre le emissioni, prolungare la vita dell&#8217;impianto e ridurre il rischio di guasti.<\/p>\n\n\n\n<div class=\"w-full wp-block-buttons eplus-wrapper is-content-justification-center is-layout-flex wp-container-core-buttons-is-layout-16018d1d wp-block-buttons-is-layout-flex\"><div class=\"hover-btn-light-blue w-full is-style-outline card-btn  wp-block-button has-custom-width wp-block-button__width-100 eplus-wrapper is-style-outline--4 eplus-styles-uid-574428\"><a class=\"wp-block-button__link has-primary-color has-text-color has-background has-link-color wp-element-button\" style=\"border-radius:100px;background-color:#ffffff00\">Per saperne di pi\u00f9<\/a><\/div><\/div>\n<\/div>\n<\/div>\n<a href=\"\/it\/soluzioni\/miglioramenti-energetici\/\" class=\"editorskit-block-link\" rel=\"\"><\/a><\/div>\n\n\n\n<div class=\"card-hover-grey shadow rounded-md cat-card  wp-block-column has-white-background-color has-background ek-linked-block eplus-wrapper is-layout-flow wp-block-column-is-layout-flow\">\n<div class=\"wp-block-group eplus-wrapper is-layout-constrained wp-block-group-is-layout-constrained\">\n<figure class=\"rounded-t-lg is-style-default h-fit wp-block-image size-full eplus-wrapper\"><img loading=\"lazy\" decoding=\"async\" width=\"550\" height=\"303\" src=\"https:\/\/www.icscoolenergy.com\/it\/wp-content\/uploads\/sites\/5\/2024\/05\/Flex-CTA-thumbnail.jpg\" alt=\"\" class=\"wp-image-84245\" style=\"object-fit:cover\" srcset=\"https:\/\/www.icscoolenergy.com\/wp-content\/uploads\/sites\/5\/2024\/05\/Flex-CTA-thumbnail.jpg 550w, https:\/\/www.icscoolenergy.com\/wp-content\/uploads\/sites\/5\/2024\/05\/Flex-CTA-thumbnail-300x165.jpg 300w, https:\/\/www.icscoolenergy.com\/wp-content\/uploads\/sites\/5\/2024\/05\/Flex-CTA-thumbnail-50x28.jpg 50w\" sizes=\"auto, (max-width: 550px) 100vw, 550px\" \/><\/figure>\n\n\n\n<div class=\"px-8 pt-4 pb-8 wp-block-group eplus-wrapper is-layout-constrained wp-block-group-is-layout-constrained\">\n<h5 class=\"wp-block-heading has-text-align-left has-text-color has-link-color eplus-wrapper wp-elements-1fb24daad86e7410ef1c58390603a073\" id=\"h-abbonamenti-flex\" style=\"color:#323130\">Abbonamenti Flex<\/h5>\n\n\n\n<p class=\" eplus-wrapper\">La nostra iscrizione Flex ti permette di avere la pi\u00f9 recente tecnologia di raffreddamento senza investimenti di capitale.<\/p>\n\n\n\n<div class=\"w-full wp-block-buttons eplus-wrapper is-content-justification-center is-layout-flex wp-container-core-buttons-is-layout-16018d1d wp-block-buttons-is-layout-flex\"><div class=\"hover-btn-light-blue w-full is-style-outline card-btn  wp-block-button has-custom-width wp-block-button__width-100 eplus-wrapper is-style-outline--5 eplus-styles-uid-91dfb5\"><a class=\"wp-block-button__link has-primary-color has-text-color has-background has-link-color wp-element-button\" style=\"border-radius:100px;background-color:#ffffff00\">Per saperne di pi\u00f9<\/a><\/div><\/div>\n<\/div>\n<\/div>\n<a href=\"\/it\/soluzioni\/iscrizione-flessibile\/\" class=\"editorskit-block-link\" rel=\"\"><\/a><\/div>\n<\/div><\/div>\n\n\n\n<div style=\"height:40px\" aria-hidden=\"true\" class=\" wp-block-spacer eplus-wrapper\"><\/div>\n","protected":false},"excerpt":{"rendered":"<p>SOLUZIONI Siamo orgogliosi di essere coinvolti in cos\u00ec tanti settori e in cos\u00ec tanti modi diversi. I nostri clienti spaziano dai leader globali alle PMI e ai produttori artigianali. Per noi non esiste un &#8220;cliente tipo&#8221;: ognuno \u00e8 molto diverso dall&#8217;altro. Siamo orgogliosi del fatto che i nostri clienti tornino sempre da noi e abbiamo &#8230; <a title=\"Soluzioni\" class=\"read-more\" href=\"https:\/\/www.icscoolenergy.com\/it\/soluzioni\/\" aria-label=\"More on Soluzioni\">Leggi tutto<\/a><\/p>\n","protected":false},"author":1,"featured_media":0,"parent":0,"menu_order":0,"comment_status":"closed","ping_status":"closed","template":"template-1.php","meta":{"_acf_changed":false,"inline_featured_image":false,"_editorskit_title_hidden":false,"_editorskit_reading_time":0,"_editorskit_is_block_options_detached":false,"_editorskit_block_options_position":"{}","editor_plus_copied_stylings":"{}","footnotes":""},"class_list":["post-84560","page","type-page","status-publish"],"acf":[],"yoast_head":"<!-- This site is optimized with the Yoast SEO Premium plugin v24.5 (Yoast SEO v26.9) - https:\/\/yoast.com\/product\/yoast-seo-premium-wordpress\/ -->\n<title>Soluzioni | ICS Cool Energy<\/title>\n<meta name=\"description\" content=\"Disponiamo di soluzioni personalizzate e sistemi di controllo della qualit\u00e0 all\u2019avanguardia per offrire servizi su misura.\" \/>\n<meta name=\"robots\" content=\"index, follow, max-snippet:-1, max-image-preview:large, max-video-preview:-1\" \/>\n<link rel=\"canonical\" href=\"https:\/\/www.icscoolenergy.com\/it\/soluzioni\/\" \/>\n<meta property=\"og:locale\" content=\"it_IT\" \/>\n<meta property=\"og:type\" content=\"article\" \/>\n<meta property=\"og:title\" content=\"Soluzioni\" \/>\n<meta property=\"og:description\" content=\"Disponiamo di soluzioni personalizzate e sistemi di controllo della qualit\u00e0 all\u2019avanguardia per offrire servizi su misura.\" \/>\n<meta property=\"og:url\" content=\"https:\/\/www.icscoolenergy.com\/it\/soluzioni\/\" \/>\n<meta property=\"og:site_name\" content=\"Italian\" \/>\n<meta property=\"article:modified_time\" content=\"2025-09-11T09:28:14+00:00\" \/>\n<meta property=\"og:image\" content=\"https:\/\/www.icscoolenergy.com\/wp-content\/uploads\/sites\/5\/2024\/04\/Automotive-Industry-Thumb.jpg\" \/>\n\t<meta property=\"og:image:width\" content=\"550\" \/>\n\t<meta property=\"og:image:height\" content=\"303\" \/>\n\t<meta property=\"og:image:type\" content=\"image\/jpeg\" \/>\n<meta name=\"twitter:card\" content=\"summary_large_image\" \/>\n<meta name=\"twitter:label1\" content=\"Est. reading time\" \/>\n\t<meta name=\"twitter:data1\" content=\"3 minuti\" \/>\n<script type=\"application\/ld+json\" class=\"yoast-schema-graph\">{\"@context\":\"https:\/\/schema.org\",\"@graph\":[{\"@type\":\"WebPage\",\"@id\":\"https:\/\/www.icscoolenergy.com\/it\/soluzioni\/\",\"url\":\"https:\/\/www.icscoolenergy.com\/it\/soluzioni\/\",\"name\":\"Soluzioni | ICS Cool Energy\",\"isPartOf\":{\"@id\":\"https:\/\/www.icscoolenergy.com\/it\/#website\"},\"primaryImageOfPage\":{\"@id\":\"https:\/\/www.icscoolenergy.com\/it\/soluzioni\/#primaryimage\"},\"image\":{\"@id\":\"https:\/\/www.icscoolenergy.com\/it\/soluzioni\/#primaryimage\"},\"thumbnailUrl\":\"https:\/\/www.icscoolenergy.com\/it\/wp-content\/uploads\/sites\/5\/2024\/04\/Automotive-Industry-Thumb.jpg\",\"datePublished\":\"2024-01-04T11:53:44+00:00\",\"dateModified\":\"2025-09-11T09:28:14+00:00\",\"description\":\"Disponiamo di soluzioni personalizzate e sistemi di controllo della qualit\u00e0 all\u2019avanguardia per offrire servizi su misura.\",\"breadcrumb\":{\"@id\":\"https:\/\/www.icscoolenergy.com\/it\/soluzioni\/#breadcrumb\"},\"inLanguage\":\"it-IT\",\"potentialAction\":[{\"@type\":\"ReadAction\",\"target\":[\"https:\/\/www.icscoolenergy.com\/it\/soluzioni\/\"]}]},{\"@type\":\"ImageObject\",\"inLanguage\":\"it-IT\",\"@id\":\"https:\/\/www.icscoolenergy.com\/it\/soluzioni\/#primaryimage\",\"url\":\"https:\/\/www.icscoolenergy.com\/wp-content\/uploads\/sites\/5\/2024\/04\/Automotive-Industry-Thumb.jpg\",\"contentUrl\":\"https:\/\/www.icscoolenergy.com\/wp-content\/uploads\/sites\/5\/2024\/04\/Automotive-Industry-Thumb.jpg\",\"width\":550,\"height\":303,\"caption\":\"Automotive Industry Thumb\"},{\"@type\":\"BreadcrumbList\",\"@id\":\"https:\/\/www.icscoolenergy.com\/it\/soluzioni\/#breadcrumb\",\"itemListElement\":[{\"@type\":\"ListItem\",\"position\":1,\"name\":\"Home\",\"item\":\"https:\/\/www.icscoolenergy.com\/it\/\"},{\"@type\":\"ListItem\",\"position\":2,\"name\":\"Soluzioni\"}]},{\"@type\":\"WebSite\",\"@id\":\"https:\/\/www.icscoolenergy.com\/it\/#website\",\"url\":\"https:\/\/www.icscoolenergy.com\/it\/\",\"name\":\"ICS Cool Energy\",\"description\":\"The Process Temperature Control Specialists\",\"publisher\":{\"@id\":\"https:\/\/www.icscoolenergy.com\/it\/#organization\"},\"alternateName\":\"ICS Cool Energy\",\"potentialAction\":[{\"@type\":\"SearchAction\",\"target\":{\"@type\":\"EntryPoint\",\"urlTemplate\":\"https:\/\/www.icscoolenergy.com\/it\/?s={search_term_string}\"},\"query-input\":{\"@type\":\"PropertyValueSpecification\",\"valueRequired\":true,\"valueName\":\"search_term_string\"}}],\"inLanguage\":\"it-IT\"},{\"@type\":\"Organization\",\"@id\":\"https:\/\/www.icscoolenergy.com\/it\/#organization\",\"name\":\"ICS Cool Energy\",\"url\":\"https:\/\/www.icscoolenergy.com\/it\/\",\"logo\":{\"@type\":\"ImageObject\",\"inLanguage\":\"it-IT\",\"@id\":\"https:\/\/www.icscoolenergy.com\/it\/#\/schema\/logo\/image\/\",\"url\":\"https:\/\/www.icscoolenergy.com\/wp-content\/uploads\/sites\/5\/2024\/01\/ics-cool-energy-logo.svg\",\"contentUrl\":\"https:\/\/www.icscoolenergy.com\/wp-content\/uploads\/sites\/5\/2024\/01\/ics-cool-energy-logo.svg\",\"caption\":\"ICS Cool Energy\"},\"image\":{\"@id\":\"https:\/\/www.icscoolenergy.com\/it\/#\/schema\/logo\/image\/\"}}]}<\/script>\n<!-- \/ Yoast SEO Premium plugin. -->","yoast_head_json":{"title":"Soluzioni | ICS Cool Energy","description":"Disponiamo di soluzioni personalizzate e sistemi di controllo della qualit\u00e0 all\u2019avanguardia per offrire servizi su misura.","robots":{"index":"index","follow":"follow","max-snippet":"max-snippet:-1","max-image-preview":"max-image-preview:large","max-video-preview":"max-video-preview:-1"},"canonical":"https:\/\/www.icscoolenergy.com\/it\/soluzioni\/","og_locale":"it_IT","og_type":"article","og_title":"Soluzioni","og_description":"Disponiamo di soluzioni personalizzate e sistemi di controllo della qualit\u00e0 all\u2019avanguardia per offrire servizi su misura.","og_url":"https:\/\/www.icscoolenergy.com\/it\/soluzioni\/","og_site_name":"Italian","article_modified_time":"2025-09-11T09:28:14+00:00","og_image":[{"width":550,"height":303,"url":"https:\/\/www.icscoolenergy.com\/wp-content\/uploads\/sites\/5\/2024\/04\/Automotive-Industry-Thumb.jpg","type":"image\/jpeg"}],"twitter_card":"summary_large_image","twitter_misc":{"Est. reading time":"3 minuti"},"schema":{"@context":"https:\/\/schema.org","@graph":[{"@type":"WebPage","@id":"https:\/\/www.icscoolenergy.com\/it\/soluzioni\/","url":"https:\/\/www.icscoolenergy.com\/it\/soluzioni\/","name":"Soluzioni | ICS Cool Energy","isPartOf":{"@id":"https:\/\/www.icscoolenergy.com\/it\/#website"},"primaryImageOfPage":{"@id":"https:\/\/www.icscoolenergy.com\/it\/soluzioni\/#primaryimage"},"image":{"@id":"https:\/\/www.icscoolenergy.com\/it\/soluzioni\/#primaryimage"},"thumbnailUrl":"https:\/\/www.icscoolenergy.com\/it\/wp-content\/uploads\/sites\/5\/2024\/04\/Automotive-Industry-Thumb.jpg","datePublished":"2024-01-04T11:53:44+00:00","dateModified":"2025-09-11T09:28:14+00:00","description":"Disponiamo di soluzioni personalizzate e sistemi di controllo della qualit\u00e0 all\u2019avanguardia per offrire servizi su misura.","breadcrumb":{"@id":"https:\/\/www.icscoolenergy.com\/it\/soluzioni\/#breadcrumb"},"inLanguage":"it-IT","potentialAction":[{"@type":"ReadAction","target":["https:\/\/www.icscoolenergy.com\/it\/soluzioni\/"]}]},{"@type":"ImageObject","inLanguage":"it-IT","@id":"https:\/\/www.icscoolenergy.com\/it\/soluzioni\/#primaryimage","url":"https:\/\/www.icscoolenergy.com\/wp-content\/uploads\/sites\/5\/2024\/04\/Automotive-Industry-Thumb.jpg","contentUrl":"https:\/\/www.icscoolenergy.com\/wp-content\/uploads\/sites\/5\/2024\/04\/Automotive-Industry-Thumb.jpg","width":550,"height":303,"caption":"Automotive Industry Thumb"},{"@type":"BreadcrumbList","@id":"https:\/\/www.icscoolenergy.com\/it\/soluzioni\/#breadcrumb","itemListElement":[{"@type":"ListItem","position":1,"name":"Home","item":"https:\/\/www.icscoolenergy.com\/it\/"},{"@type":"ListItem","position":2,"name":"Soluzioni"}]},{"@type":"WebSite","@id":"https:\/\/www.icscoolenergy.com\/it\/#website","url":"https:\/\/www.icscoolenergy.com\/it\/","name":"ICS Cool Energy","description":"The Process Temperature Control Specialists","publisher":{"@id":"https:\/\/www.icscoolenergy.com\/it\/#organization"},"alternateName":"ICS Cool Energy","potentialAction":[{"@type":"SearchAction","target":{"@type":"EntryPoint","urlTemplate":"https:\/\/www.icscoolenergy.com\/it\/?s={search_term_string}"},"query-input":{"@type":"PropertyValueSpecification","valueRequired":true,"valueName":"search_term_string"}}],"inLanguage":"it-IT"},{"@type":"Organization","@id":"https:\/\/www.icscoolenergy.com\/it\/#organization","name":"ICS Cool Energy","url":"https:\/\/www.icscoolenergy.com\/it\/","logo":{"@type":"ImageObject","inLanguage":"it-IT","@id":"https:\/\/www.icscoolenergy.com\/it\/#\/schema\/logo\/image\/","url":"https:\/\/www.icscoolenergy.com\/wp-content\/uploads\/sites\/5\/2024\/01\/ics-cool-energy-logo.svg","contentUrl":"https:\/\/www.icscoolenergy.com\/wp-content\/uploads\/sites\/5\/2024\/01\/ics-cool-energy-logo.svg","caption":"ICS Cool Energy"},"image":{"@id":"https:\/\/www.icscoolenergy.com\/it\/#\/schema\/logo\/image\/"}}]}},"_links":{"self":[{"href":"https:\/\/www.icscoolenergy.com\/it\/wp-json\/wp\/v2\/pages\/84560","targetHints":{"allow":["GET"]}}],"collection":[{"href":"https:\/\/www.icscoolenergy.com\/it\/wp-json\/wp\/v2\/pages"}],"about":[{"href":"https:\/\/www.icscoolenergy.com\/it\/wp-json\/wp\/v2\/types\/page"}],"author":[{"embeddable":true,"href":"https:\/\/www.icscoolenergy.com\/it\/wp-json\/wp\/v2\/users\/1"}],"replies":[{"embeddable":true,"href":"https:\/\/www.icscoolenergy.com\/it\/wp-json\/wp\/v2\/comments?post=84560"}],"version-history":[{"count":0,"href":"https:\/\/www.icscoolenergy.com\/it\/wp-json\/wp\/v2\/pages\/84560\/revisions"}],"wp:attachment":[{"href":"https:\/\/www.icscoolenergy.com\/it\/wp-json\/wp\/v2\/media?parent=84560"}],"curies":[{"name":"wp","href":"https:\/\/api.w.org\/{rel}","templated":true}]}}