 
{"id":84779,"date":"2024-04-09T13:31:15","date_gmt":"2024-04-09T13:31:15","guid":{"rendered":"https:\/\/www.icscoolenergy.com\/it\/chi-siamo\/la-storia\/"},"modified":"2025-09-22T14:09:21","modified_gmt":"2025-09-22T14:09:21","slug":"la-storia","status":"publish","type":"page","link":"https:\/\/www.icscoolenergy.com\/it\/chi-siamo\/la-storia\/","title":{"rendered":"La storia"},"content":{"rendered":"\n<div class=\"mb-8 eplus-wrapper wp-block-group is-layout-flow wp-block-group-is-layout-flow\">\n<div class=\"md:relative eplus-wrapper wp-block-group is-layout-flow wp-block-group-is-layout-flow\">\n<div class=\"eplus-wrapper wp-block-cover is-light\" style=\"min-height:451px;aspect-ratio:unset;\"><img loading=\"lazy\" decoding=\"async\" width=\"1980\" height=\"990\" class=\"wp-block-cover__image-background wp-image-84318\" alt=\"A brief history\" src=\"https:\/\/www.icscoolenergy.com\/it\/wp-content\/uploads\/sites\/5\/2024\/05\/A-breif-history.jpg\" style=\"object-position:21% 85%\" data-object-fit=\"cover\" data-object-position=\"21% 85%\" srcset=\"https:\/\/www.icscoolenergy.com\/wp-content\/uploads\/sites\/5\/2024\/05\/A-breif-history.jpg 1980w, https:\/\/www.icscoolenergy.com\/wp-content\/uploads\/sites\/5\/2024\/05\/A-breif-history-300x150.jpg 300w, https:\/\/www.icscoolenergy.com\/wp-content\/uploads\/sites\/5\/2024\/05\/A-breif-history-1024x512.jpg 1024w, https:\/\/www.icscoolenergy.com\/wp-content\/uploads\/sites\/5\/2024\/05\/A-breif-history-768x384.jpg 768w, https:\/\/www.icscoolenergy.com\/wp-content\/uploads\/sites\/5\/2024\/05\/A-breif-history-50x25.jpg 50w, https:\/\/www.icscoolenergy.com\/wp-content\/uploads\/sites\/5\/2024\/05\/A-breif-history-1600x800.jpg 1600w, https:\/\/www.icscoolenergy.com\/wp-content\/uploads\/sites\/5\/2024\/05\/A-breif-history-1536x768.jpg 1536w, https:\/\/www.icscoolenergy.com\/wp-content\/uploads\/sites\/5\/2024\/05\/A-breif-history-600x300.jpg 600w\" sizes=\"auto, (max-width: 1980px) 100vw, 1980px\" \/><span aria-hidden=\"true\" class=\"wp-block-cover__background has-background-dim-0 has-background-dim\"><\/span><div class=\"wp-block-cover__inner-container is-layout-flow wp-block-cover-is-layout-flow\">\n<p class=\" has-text-align-center has-large-font-size eplus-wrapper\"><\/p>\n<\/div><\/div>\n\n\n\n<div class=\"rounded-tr-md sm:w-full md:w-[80%] md:h-fit md:top-[80%] relative md:-mt-[10%] z-[1] md:left-0 eplus-wrapper wp-block-group has-background is-layout-constrained wp-block-group-is-layout-constrained\" style=\"background-color:#eaeaef\">\n<h1 class=\"eplus-wrapper pt-8 wp-block-heading has-text-color has-link-color wp-elements-d31bb4190815844d1b25fc53dec8a6bc\" id=\"h-scopri-come-e-nata-l-azienda-leader-nel-controllo-della-temperatura\" style=\"color:#312f5f\">SCOPRI COME \u00c8 NATA L&#8217;AZIENDA LEADER NEL CONTROLLO DELLA TEMPERATURA<\/h1>\n\n\n\n<p class=\" eplus-wrapper\">Da piccoli inizi a leader internazionale della termoregolazione.<\/p>\n<\/div>\n<\/div>\n\n\n\n<div style=\"height:60px\" aria-hidden=\"true\" class=\"xs:hidden md:block eplus-wrapper wp-block-spacer\"><\/div>\n<\/div>\n\n\n\n<div class=\"flex flex-row flex-wrap md:flex-nowrap sm:justify-center sm:items-center wp-block-group eplus-wrapper is-layout-constrained wp-block-group-is-layout-constrained\">\n<div class=\"w-full p-2 m-2 wp-block-group eplus-wrapper is-vertical is-layout-flex wp-container-core-group-is-layout-8cf370e7 wp-block-group-is-layout-flex\">\n<p class=\"has-text-color has-link-color eplus-wrapper wp-elements-da92fb9f233b3f41f8ddbd3ac6458c53\" style=\"color:#323130\">ICS Cool Energy \u00e8 stata fondata nel 1989 come Industrial Cooling Systems con sedi a Bradford e Southampton. L&#8217;espansione \u00e8 proseguita a met\u00e0 degli anni &#8217;90, con l&#8217;apertura di nuovi uffici in tutto il Regno Unito.<\/p>\n\n\n\n<p class=\"has-text-color has-link-color eplus-wrapper wp-elements-35f3c853fb5a0ae2c4b3fb92e92f58f1\" style=\"color:#323130\">Nel 2003 \u00e8 stata fondata Cool Energy, un&#8217;azienda specializzata nel noleggio di impianti termici che nel 2005 si \u00e8 fusa con Industrial Cooling Systems, dando vita a ICS Cool Energy Ltd. ICS Cool Energy si \u00e8 espansa in Germania, Svizzera, Benelux e Francia e ha registrato una crescita del fatturato superiore al 20% CAGR dal 2013 al 2018.  <\/p>\n\n\n\n<p class=\"has-text-color has-link-color eplus-wrapper wp-elements-4d865d34b228f4f855885f0522d7ff6b\" style=\"color:#323130\">Nel gennaio 2018 ICS Cool Energy Ltd \u00e8 stata acquisita da Ingersoll-Rand PLC, leader mondiale nella creazione di ambienti confortevoli, sostenibili ed efficienti.<\/p>\n\n\n\n<p class=\"has-text-color has-link-color eplus-wrapper wp-elements-1e8a88bd5a7c6593ca383bfcaeac2942\" style=\"color:#323130\">Nel 2020, <a href=\"https:\/\/www.tranetechnologies.com\/en\/index.html\">Trane Technologies<\/a> \u00e8 nata dall&#8217;acquisizione di Thermo King da parte di Ingersoll-Rand nel 1997 e di Trane nel 2008. Insieme a un portafoglio diversificato di aziende leader del settore, Trane Technologies punta a creare un futuro sostenibile per il nostro pianeta.<\/p>\n\n\n\n<p class=\"has-text-color has-link-color eplus-wrapper wp-elements-ccb87541e7c8f9bf4d4c0f6a6e9d6fa9\" style=\"color:#323130\">Oggi ICS Cool Energy offre una gamma impareggiabile di soluzioni di controllo della temperatura per processi critici e produttivi, tra cui il noleggio, la vendita di attrezzature, la manutenzione preventiva programmata e l&#8217;assistenza in caso di guasti di emergenza in tutti i settori industriali in Europa.<\/p>\n<\/div>\n<\/div>\n\n\n\n<div style=\"height:43px\" aria-hidden=\"true\" class=\" wp-block-spacer eplus-wrapper\"><\/div>\n\n\n\n<div class=\"flex flex-row flex-wrap md:flex-nowrap sm:justify-center sm:items-center wp-block-group eplus-wrapper is-layout-constrained wp-block-group-is-layout-constrained\">\n<div class=\"w-full p-2 m-2 wp-block-group eplus-wrapper is-vertical is-layout-flex wp-container-core-group-is-layout-8cf370e7 wp-block-group-is-layout-flex\">\n<h2 class=\" wp-block-heading eplus-wrapper\" id=\"h-cronologia-della-storia\">CRONOLOGIA DELLA STORIA<\/h2>\n\n\n\n<div style=\"height:16px\" aria-hidden=\"true\" class=\"wp-block-spacer eplus-wrapper wp-container-content-f9bd05ee\"><\/div>\n\n\n\n<figure class=\" wp-block-image size-large eplus-wrapper\"><img loading=\"lazy\" decoding=\"async\" width=\"1024\" height=\"621\" src=\"https:\/\/www.icscoolenergy.com\/it\/wp-content\/uploads\/sites\/5\/2024\/04\/ICSCE-Timeline2020-1024x621.jpg\" alt=\"\" class=\"wp-image-80464\" srcset=\"https:\/\/www.icscoolenergy.com\/wp-content\/uploads\/sites\/5\/2024\/04\/ICSCE-Timeline2020-1024x621.jpg 1024w, https:\/\/www.icscoolenergy.com\/wp-content\/uploads\/sites\/5\/2024\/04\/ICSCE-Timeline2020-300x182.jpg 300w, https:\/\/www.icscoolenergy.com\/wp-content\/uploads\/sites\/5\/2024\/04\/ICSCE-Timeline2020-768x465.jpg 768w, https:\/\/www.icscoolenergy.com\/wp-content\/uploads\/sites\/5\/2024\/04\/ICSCE-Timeline2020-50x30.jpg 50w, https:\/\/www.icscoolenergy.com\/wp-content\/uploads\/sites\/5\/2024\/04\/ICSCE-Timeline2020-1600x970.jpg 1600w, https:\/\/www.icscoolenergy.com\/wp-content\/uploads\/sites\/5\/2024\/04\/ICSCE-Timeline2020-1536x931.jpg 1536w, https:\/\/www.icscoolenergy.com\/wp-content\/uploads\/sites\/5\/2024\/04\/ICSCE-Timeline2020-600x364.jpg 600w, https:\/\/www.icscoolenergy.com\/wp-content\/uploads\/sites\/5\/2024\/04\/ICSCE-Timeline2020.jpg 1754w\" sizes=\"auto, (max-width: 1024px) 100vw, 1024px\" \/><\/figure>\n<\/div>\n<\/div>\n\n\n\n<div style=\"height:160px\" aria-hidden=\"true\" class=\" wp-block-spacer eplus-wrapper\"><\/div>\n\n\n\n<p class=\" eplus-wrapper\"><\/p>\n","protected":false},"excerpt":{"rendered":"<p>SCOPRI COME \u00c8 NATA L&#8217;AZIENDA LEADER NEL CONTROLLO DELLA TEMPERATURA Da piccoli inizi a leader internazionale della termoregolazione. ICS Cool Energy \u00e8 stata fondata nel 1989 come Industrial Cooling Systems con sedi a Bradford e Southampton. L&#8217;espansione \u00e8 proseguita a met\u00e0 degli anni &#8217;90, con l&#8217;apertura di nuovi uffici in tutto il Regno Unito. Nel &#8230; <a title=\"La storia\" class=\"read-more\" href=\"https:\/\/www.icscoolenergy.com\/it\/chi-siamo\/la-storia\/\" aria-label=\"More on La storia\">Leggi tutto<\/a><\/p>\n","protected":false},"author":1,"featured_media":0,"parent":84553,"menu_order":0,"comment_status":"closed","ping_status":"closed","template":"template-1.php","meta":{"_acf_changed":false,"inline_featured_image":false,"_editorskit_title_hidden":false,"_editorskit_reading_time":0,"_editorskit_is_block_options_detached":false,"_editorskit_block_options_position":"{}","editor_plus_copied_stylings":"{}","footnotes":""},"class_list":["post-84779","page","type-page","status-publish"],"acf":[],"yoast_head":"<!-- This site is optimized with the Yoast SEO Premium plugin v24.5 (Yoast SEO v26.9) - https:\/\/yoast.com\/product\/yoast-seo-premium-wordpress\/ -->\n<title>La storia | ICS Cool Energy<\/title>\n<meta name=\"description\" content=\"La storia: scopri com&#039;\u00e8 nata e come si \u00e8 evoluta l&#039;azienda leader nel controllo della temperatura che offre una gamma impareggiabile di soluzioni.\" \/>\n<meta name=\"robots\" content=\"index, follow, max-snippet:-1, max-image-preview:large, max-video-preview:-1\" \/>\n<link rel=\"canonical\" href=\"https:\/\/www.icscoolenergy.com\/it\/chi-siamo\/la-storia\/\" \/>\n<meta property=\"og:locale\" content=\"it_IT\" \/>\n<meta property=\"og:type\" content=\"article\" \/>\n<meta property=\"og:title\" content=\"La storia\" \/>\n<meta property=\"og:description\" content=\"La storia: scopri com&#039;\u00e8 nata e come si \u00e8 evoluta l&#039;azienda leader nel controllo della temperatura che offre una gamma impareggiabile di soluzioni.\" \/>\n<meta property=\"og:url\" content=\"https:\/\/www.icscoolenergy.com\/it\/chi-siamo\/la-storia\/\" \/>\n<meta property=\"og:site_name\" content=\"Italian\" \/>\n<meta property=\"article:modified_time\" content=\"2025-09-22T14:09:21+00:00\" \/>\n<meta property=\"og:image\" content=\"https:\/\/www.icscoolenergy.com\/wp-content\/uploads\/sites\/5\/2024\/05\/A-breif-history.jpg\" \/>\n\t<meta property=\"og:image:width\" content=\"1980\" \/>\n\t<meta property=\"og:image:height\" content=\"990\" \/>\n\t<meta property=\"og:image:type\" content=\"image\/jpeg\" \/>\n<meta name=\"twitter:card\" content=\"summary_large_image\" \/>\n<meta name=\"twitter:label1\" content=\"Est. reading time\" \/>\n\t<meta name=\"twitter:data1\" content=\"2 minuti\" \/>\n<script type=\"application\/ld+json\" class=\"yoast-schema-graph\">{\"@context\":\"https:\/\/schema.org\",\"@graph\":[{\"@type\":\"WebPage\",\"@id\":\"https:\/\/www.icscoolenergy.com\/it\/chi-siamo\/la-storia\/\",\"url\":\"https:\/\/www.icscoolenergy.com\/it\/chi-siamo\/la-storia\/\",\"name\":\"La storia | ICS Cool Energy\",\"isPartOf\":{\"@id\":\"https:\/\/www.icscoolenergy.com\/it\/#website\"},\"primaryImageOfPage\":{\"@id\":\"https:\/\/www.icscoolenergy.com\/it\/chi-siamo\/la-storia\/#primaryimage\"},\"image\":{\"@id\":\"https:\/\/www.icscoolenergy.com\/it\/chi-siamo\/la-storia\/#primaryimage\"},\"thumbnailUrl\":\"https:\/\/www.icscoolenergy.com\/it\/wp-content\/uploads\/sites\/5\/2024\/05\/A-breif-history.jpg\",\"datePublished\":\"2024-04-09T13:31:15+00:00\",\"dateModified\":\"2025-09-22T14:09:21+00:00\",\"description\":\"La storia: scopri com'\u00e8 nata e come si \u00e8 evoluta l'azienda leader nel controllo della temperatura che offre una gamma impareggiabile di soluzioni.\",\"breadcrumb\":{\"@id\":\"https:\/\/www.icscoolenergy.com\/it\/chi-siamo\/la-storia\/#breadcrumb\"},\"inLanguage\":\"it-IT\",\"potentialAction\":[{\"@type\":\"ReadAction\",\"target\":[\"https:\/\/www.icscoolenergy.com\/it\/chi-siamo\/la-storia\/\"]}]},{\"@type\":\"ImageObject\",\"inLanguage\":\"it-IT\",\"@id\":\"https:\/\/www.icscoolenergy.com\/it\/chi-siamo\/la-storia\/#primaryimage\",\"url\":\"https:\/\/www.icscoolenergy.com\/wp-content\/uploads\/sites\/5\/2024\/05\/A-breif-history.jpg\",\"contentUrl\":\"https:\/\/www.icscoolenergy.com\/wp-content\/uploads\/sites\/5\/2024\/05\/A-breif-history.jpg\",\"width\":1980,\"height\":990,\"caption\":\"A brief history\"},{\"@type\":\"BreadcrumbList\",\"@id\":\"https:\/\/www.icscoolenergy.com\/it\/chi-siamo\/la-storia\/#breadcrumb\",\"itemListElement\":[{\"@type\":\"ListItem\",\"position\":1,\"name\":\"Home\",\"item\":\"https:\/\/www.icscoolenergy.com\/it\/\"},{\"@type\":\"ListItem\",\"position\":2,\"name\":\"Chi siamo\",\"item\":\"https:\/\/www.icscoolenergy.com\/it\/chi-siamo\/\"},{\"@type\":\"ListItem\",\"position\":3,\"name\":\"La storia\"}]},{\"@type\":\"WebSite\",\"@id\":\"https:\/\/www.icscoolenergy.com\/it\/#website\",\"url\":\"https:\/\/www.icscoolenergy.com\/it\/\",\"name\":\"ICS Cool Energy\",\"description\":\"The Process Temperature Control Specialists\",\"publisher\":{\"@id\":\"https:\/\/www.icscoolenergy.com\/it\/#organization\"},\"alternateName\":\"ICS Cool Energy\",\"potentialAction\":[{\"@type\":\"SearchAction\",\"target\":{\"@type\":\"EntryPoint\",\"urlTemplate\":\"https:\/\/www.icscoolenergy.com\/it\/?s={search_term_string}\"},\"query-input\":{\"@type\":\"PropertyValueSpecification\",\"valueRequired\":true,\"valueName\":\"search_term_string\"}}],\"inLanguage\":\"it-IT\"},{\"@type\":\"Organization\",\"@id\":\"https:\/\/www.icscoolenergy.com\/it\/#organization\",\"name\":\"ICS Cool Energy\",\"url\":\"https:\/\/www.icscoolenergy.com\/it\/\",\"logo\":{\"@type\":\"ImageObject\",\"inLanguage\":\"it-IT\",\"@id\":\"https:\/\/www.icscoolenergy.com\/it\/#\/schema\/logo\/image\/\",\"url\":\"https:\/\/www.icscoolenergy.com\/wp-content\/uploads\/sites\/5\/2024\/01\/ics-cool-energy-logo.svg\",\"contentUrl\":\"https:\/\/www.icscoolenergy.com\/wp-content\/uploads\/sites\/5\/2024\/01\/ics-cool-energy-logo.svg\",\"caption\":\"ICS Cool Energy\"},\"image\":{\"@id\":\"https:\/\/www.icscoolenergy.com\/it\/#\/schema\/logo\/image\/\"}}]}<\/script>\n<!-- \/ Yoast SEO Premium plugin. -->","yoast_head_json":{"title":"La storia | ICS Cool Energy","description":"La storia: scopri com'\u00e8 nata e come si \u00e8 evoluta l'azienda leader nel controllo della temperatura che offre una gamma impareggiabile di soluzioni.","robots":{"index":"index","follow":"follow","max-snippet":"max-snippet:-1","max-image-preview":"max-image-preview:large","max-video-preview":"max-video-preview:-1"},"canonical":"https:\/\/www.icscoolenergy.com\/it\/chi-siamo\/la-storia\/","og_locale":"it_IT","og_type":"article","og_title":"La storia","og_description":"La storia: scopri com'\u00e8 nata e come si \u00e8 evoluta l'azienda leader nel controllo della temperatura che offre una gamma impareggiabile di soluzioni.","og_url":"https:\/\/www.icscoolenergy.com\/it\/chi-siamo\/la-storia\/","og_site_name":"Italian","article_modified_time":"2025-09-22T14:09:21+00:00","og_image":[{"width":1980,"height":990,"url":"https:\/\/www.icscoolenergy.com\/wp-content\/uploads\/sites\/5\/2024\/05\/A-breif-history.jpg","type":"image\/jpeg"}],"twitter_card":"summary_large_image","twitter_misc":{"Est. reading time":"2 minuti"},"schema":{"@context":"https:\/\/schema.org","@graph":[{"@type":"WebPage","@id":"https:\/\/www.icscoolenergy.com\/it\/chi-siamo\/la-storia\/","url":"https:\/\/www.icscoolenergy.com\/it\/chi-siamo\/la-storia\/","name":"La storia | ICS Cool Energy","isPartOf":{"@id":"https:\/\/www.icscoolenergy.com\/it\/#website"},"primaryImageOfPage":{"@id":"https:\/\/www.icscoolenergy.com\/it\/chi-siamo\/la-storia\/#primaryimage"},"image":{"@id":"https:\/\/www.icscoolenergy.com\/it\/chi-siamo\/la-storia\/#primaryimage"},"thumbnailUrl":"https:\/\/www.icscoolenergy.com\/it\/wp-content\/uploads\/sites\/5\/2024\/05\/A-breif-history.jpg","datePublished":"2024-04-09T13:31:15+00:00","dateModified":"2025-09-22T14:09:21+00:00","description":"La storia: scopri com'\u00e8 nata e come si \u00e8 evoluta l'azienda leader nel controllo della temperatura che offre una gamma impareggiabile di soluzioni.","breadcrumb":{"@id":"https:\/\/www.icscoolenergy.com\/it\/chi-siamo\/la-storia\/#breadcrumb"},"inLanguage":"it-IT","potentialAction":[{"@type":"ReadAction","target":["https:\/\/www.icscoolenergy.com\/it\/chi-siamo\/la-storia\/"]}]},{"@type":"ImageObject","inLanguage":"it-IT","@id":"https:\/\/www.icscoolenergy.com\/it\/chi-siamo\/la-storia\/#primaryimage","url":"https:\/\/www.icscoolenergy.com\/wp-content\/uploads\/sites\/5\/2024\/05\/A-breif-history.jpg","contentUrl":"https:\/\/www.icscoolenergy.com\/wp-content\/uploads\/sites\/5\/2024\/05\/A-breif-history.jpg","width":1980,"height":990,"caption":"A brief history"},{"@type":"BreadcrumbList","@id":"https:\/\/www.icscoolenergy.com\/it\/chi-siamo\/la-storia\/#breadcrumb","itemListElement":[{"@type":"ListItem","position":1,"name":"Home","item":"https:\/\/www.icscoolenergy.com\/it\/"},{"@type":"ListItem","position":2,"name":"Chi siamo","item":"https:\/\/www.icscoolenergy.com\/it\/chi-siamo\/"},{"@type":"ListItem","position":3,"name":"La storia"}]},{"@type":"WebSite","@id":"https:\/\/www.icscoolenergy.com\/it\/#website","url":"https:\/\/www.icscoolenergy.com\/it\/","name":"ICS Cool Energy","description":"The Process Temperature Control Specialists","publisher":{"@id":"https:\/\/www.icscoolenergy.com\/it\/#organization"},"alternateName":"ICS Cool Energy","potentialAction":[{"@type":"SearchAction","target":{"@type":"EntryPoint","urlTemplate":"https:\/\/www.icscoolenergy.com\/it\/?s={search_term_string}"},"query-input":{"@type":"PropertyValueSpecification","valueRequired":true,"valueName":"search_term_string"}}],"inLanguage":"it-IT"},{"@type":"Organization","@id":"https:\/\/www.icscoolenergy.com\/it\/#organization","name":"ICS Cool Energy","url":"https:\/\/www.icscoolenergy.com\/it\/","logo":{"@type":"ImageObject","inLanguage":"it-IT","@id":"https:\/\/www.icscoolenergy.com\/it\/#\/schema\/logo\/image\/","url":"https:\/\/www.icscoolenergy.com\/wp-content\/uploads\/sites\/5\/2024\/01\/ics-cool-energy-logo.svg","contentUrl":"https:\/\/www.icscoolenergy.com\/wp-content\/uploads\/sites\/5\/2024\/01\/ics-cool-energy-logo.svg","caption":"ICS Cool Energy"},"image":{"@id":"https:\/\/www.icscoolenergy.com\/it\/#\/schema\/logo\/image\/"}}]}},"_links":{"self":[{"href":"https:\/\/www.icscoolenergy.com\/it\/wp-json\/wp\/v2\/pages\/84779","targetHints":{"allow":["GET"]}}],"collection":[{"href":"https:\/\/www.icscoolenergy.com\/it\/wp-json\/wp\/v2\/pages"}],"about":[{"href":"https:\/\/www.icscoolenergy.com\/it\/wp-json\/wp\/v2\/types\/page"}],"author":[{"embeddable":true,"href":"https:\/\/www.icscoolenergy.com\/it\/wp-json\/wp\/v2\/users\/1"}],"replies":[{"embeddable":true,"href":"https:\/\/www.icscoolenergy.com\/it\/wp-json\/wp\/v2\/comments?post=84779"}],"version-history":[{"count":0,"href":"https:\/\/www.icscoolenergy.com\/it\/wp-json\/wp\/v2\/pages\/84779\/revisions"}],"up":[{"embeddable":true,"href":"https:\/\/www.icscoolenergy.com\/it\/wp-json\/wp\/v2\/pages\/84553"}],"wp:attachment":[{"href":"https:\/\/www.icscoolenergy.com\/it\/wp-json\/wp\/v2\/media?parent=84779"}],"curies":[{"name":"wp","href":"https:\/\/api.w.org\/{rel}","templated":true}]}}