 
{"id":84780,"date":"2024-04-10T14:52:07","date_gmt":"2024-04-10T14:52:07","guid":{"rendered":"https:\/\/www.icscoolenergy.com\/it\/chi-siamo\/politiche-ambientali\/"},"modified":"2025-09-24T10:15:30","modified_gmt":"2025-09-24T10:15:30","slug":"politiche-ambientali","status":"publish","type":"page","link":"https:\/\/www.icscoolenergy.com\/it\/chi-siamo\/politiche-ambientali\/","title":{"rendered":"Politiche ambientali"},"content":{"rendered":"\n<div class=\"mb-8 eplus-wrapper wp-block-group is-layout-flow wp-block-group-is-layout-flow\">\n<div class=\"md:relative eplus-wrapper wp-block-group is-layout-flow wp-block-group-is-layout-flow\">\n<div class=\"eplus-wrapper wp-block-cover is-light\" style=\"min-height:451px;aspect-ratio:unset;\"><img loading=\"lazy\" decoding=\"async\" width=\"1980\" height=\"990\" class=\"wp-block-cover__image-background wp-image-84298\" alt=\"Environmental policies\" src=\"https:\/\/www.icscoolenergy.com\/it\/wp-content\/uploads\/sites\/5\/2024\/05\/Environmental-policies-hero.jpg\" data-object-fit=\"cover\" srcset=\"https:\/\/www.icscoolenergy.com\/wp-content\/uploads\/sites\/5\/2024\/05\/Environmental-policies-hero.jpg 1980w, https:\/\/www.icscoolenergy.com\/wp-content\/uploads\/sites\/5\/2024\/05\/Environmental-policies-hero-300x150.jpg 300w, https:\/\/www.icscoolenergy.com\/wp-content\/uploads\/sites\/5\/2024\/05\/Environmental-policies-hero-1024x512.jpg 1024w, https:\/\/www.icscoolenergy.com\/wp-content\/uploads\/sites\/5\/2024\/05\/Environmental-policies-hero-768x384.jpg 768w, https:\/\/www.icscoolenergy.com\/wp-content\/uploads\/sites\/5\/2024\/05\/Environmental-policies-hero-50x25.jpg 50w, https:\/\/www.icscoolenergy.com\/wp-content\/uploads\/sites\/5\/2024\/05\/Environmental-policies-hero-1600x800.jpg 1600w, https:\/\/www.icscoolenergy.com\/wp-content\/uploads\/sites\/5\/2024\/05\/Environmental-policies-hero-1536x768.jpg 1536w, https:\/\/www.icscoolenergy.com\/wp-content\/uploads\/sites\/5\/2024\/05\/Environmental-policies-hero-600x300.jpg 600w\" sizes=\"auto, (max-width: 1980px) 100vw, 1980px\" \/><span aria-hidden=\"true\" class=\"wp-block-cover__background has-background-dim-0 has-background-dim\"><\/span><div class=\"wp-block-cover__inner-container is-layout-flow wp-block-cover-is-layout-flow\">\n<p class=\" has-text-align-center has-large-font-size eplus-wrapper\"><\/p>\n<\/div><\/div>\n\n\n\n<div class=\"rounded-tr-md sm:w-full md:w-[80%] md:h-fit md:top-[80%] relative md:-mt-[10%] z-[1] md:left-0 eplus-wrapper wp-block-group has-background is-layout-constrained wp-block-group-is-layout-constrained\" style=\"background-color:#eaeaef\">\n<h1 class=\"eplus-wrapper pt-8 wp-block-heading has-text-color has-link-color wp-elements-4d8bc297bec1154ca2c96a815393a27f\" id=\"h-politiche-ambientali\" style=\"color:#312f5f\">POLITICHE AMBIENTALI<\/h1>\n\n\n\n<p class=\" eplus-wrapper\">La sostenibilit\u00e0 e la responsabilit\u00e0 ambientale sono al centro della nostra attivit\u00e0 e non solo perch\u00e9 i nostri clienti lo richiedono.<\/p>\n\n\n\n<p class=\" eplus-wrapper\">L&#8217;adesione alle norme ISO9001, 14001 e OHSAS18001 \u00e8 la prova dell&#8217;impegno di ICS Cool Energy.<\/p>\n\n\n\n<div style=\"height:16px\" aria-hidden=\"true\" class=\" wp-block-spacer eplus-wrapper\"><\/div>\n\n\n\n<p class=\" eplus-wrapper\">In termini pratici significa:<\/p>\n\n\n<ul class=\" wp-block-list eplus-wrapper eplus-styles-uid-a01189\">\n<li class=\" eplus-wrapper\">Riduzione e riutilizzo dei materiali<\/li>\n\n\n\n<li class=\" eplus-wrapper\">Recupero e riciclaggio<\/li>\n\n\n\n<li class=\" eplus-wrapper\">Rispetto della legislazione ambientale e utilizzo delle migliori tecniche disponibili per eliminare le aree problematiche con l&#8217;obiettivo di prevenire l&#8217;inquinamento.<\/li>\n<\/ul>\n\n\n<div style=\"height:16px\" aria-hidden=\"true\" class=\" wp-block-spacer eplus-wrapper\"><\/div>\n\n\n\n<p class=\" eplus-wrapper\">Come possiamo farlo?<\/p>\n\n\n\n<p class=\" eplus-wrapper\">Esaminiamo e miglioriamo continuamente il nostro utilizzo di risorse, processi ed emissioni.<\/p>\n<\/div>\n<\/div>\n\n\n\n<div style=\"height:60px\" aria-hidden=\"true\" class=\"xs:hidden md:block eplus-wrapper wp-block-spacer\"><\/div>\n\n\n\n<div style=\"height:51px\" aria-hidden=\"true\" class=\" wp-block-spacer eplus-wrapper\"><\/div>\n<\/div>\n","protected":false},"excerpt":{"rendered":"<p>POLITICHE AMBIENTALI La sostenibilit\u00e0 e la responsabilit\u00e0 ambientale sono al centro della nostra attivit\u00e0 e non solo perch\u00e9 i nostri clienti lo richiedono. L&#8217;adesione alle norme ISO9001, 14001 e OHSAS18001 \u00e8 la prova dell&#8217;impegno di ICS Cool Energy. In termini pratici significa: Come possiamo farlo? Esaminiamo e miglioriamo continuamente il nostro utilizzo di risorse, processi &#8230; <a title=\"Politiche ambientali\" class=\"read-more\" href=\"https:\/\/www.icscoolenergy.com\/it\/chi-siamo\/politiche-ambientali\/\" aria-label=\"More on Politiche ambientali\">Leggi tutto<\/a><\/p>\n","protected":false},"author":1,"featured_media":0,"parent":84553,"menu_order":0,"comment_status":"closed","ping_status":"closed","template":"template-1.php","meta":{"_acf_changed":false,"inline_featured_image":false,"_editorskit_title_hidden":false,"_editorskit_reading_time":0,"_editorskit_is_block_options_detached":false,"_editorskit_block_options_position":"{}","editor_plus_copied_stylings":"{}","footnotes":""},"class_list":["post-84780","page","type-page","status-publish"],"acf":[],"yoast_head":"<!-- This site is optimized with the Yoast SEO Premium plugin v24.5 (Yoast SEO v26.9) - https:\/\/yoast.com\/product\/yoast-seo-premium-wordpress\/ -->\n<title>Politiche ambientali | ICS Cool Energy<\/title>\n<meta name=\"description\" content=\"Le nostre politiche ambientali prevedono la sostenibilit\u00e0 e la responsabilit\u00e0 ambientale con l&#039;adesione alle norme ISO9001, 14001 e OHSAS18001.\" \/>\n<meta name=\"robots\" content=\"index, follow, max-snippet:-1, max-image-preview:large, max-video-preview:-1\" \/>\n<link rel=\"canonical\" href=\"https:\/\/www.icscoolenergy.com\/it\/chi-siamo\/politiche-ambientali\/\" \/>\n<meta property=\"og:locale\" content=\"it_IT\" \/>\n<meta property=\"og:type\" content=\"article\" \/>\n<meta property=\"og:title\" content=\"Politiche ambientali\" \/>\n<meta property=\"og:description\" content=\"Le nostre politiche ambientali prevedono la sostenibilit\u00e0 e la responsabilit\u00e0 ambientale con l&#039;adesione alle norme ISO9001, 14001 e OHSAS18001.\" \/>\n<meta property=\"og:url\" content=\"https:\/\/www.icscoolenergy.com\/it\/chi-siamo\/politiche-ambientali\/\" \/>\n<meta property=\"og:site_name\" content=\"Italian\" \/>\n<meta property=\"article:modified_time\" content=\"2025-09-24T10:15:30+00:00\" \/>\n<meta property=\"og:image\" content=\"https:\/\/www.icscoolenergy.com\/wp-content\/uploads\/sites\/5\/2024\/05\/Environmental-policies-hero.jpg\" \/>\n\t<meta property=\"og:image:width\" content=\"1980\" \/>\n\t<meta property=\"og:image:height\" content=\"990\" \/>\n\t<meta property=\"og:image:type\" content=\"image\/jpeg\" \/>\n<meta name=\"twitter:card\" content=\"summary_large_image\" \/>\n<meta name=\"twitter:label1\" content=\"Est. reading time\" \/>\n\t<meta name=\"twitter:data1\" content=\"1 minuto\" \/>\n<script type=\"application\/ld+json\" class=\"yoast-schema-graph\">{\"@context\":\"https:\/\/schema.org\",\"@graph\":[{\"@type\":\"WebPage\",\"@id\":\"https:\/\/www.icscoolenergy.com\/it\/chi-siamo\/politiche-ambientali\/\",\"url\":\"https:\/\/www.icscoolenergy.com\/it\/chi-siamo\/politiche-ambientali\/\",\"name\":\"Politiche ambientali | ICS Cool Energy\",\"isPartOf\":{\"@id\":\"https:\/\/www.icscoolenergy.com\/it\/#website\"},\"primaryImageOfPage\":{\"@id\":\"https:\/\/www.icscoolenergy.com\/it\/chi-siamo\/politiche-ambientali\/#primaryimage\"},\"image\":{\"@id\":\"https:\/\/www.icscoolenergy.com\/it\/chi-siamo\/politiche-ambientali\/#primaryimage\"},\"thumbnailUrl\":\"https:\/\/www.icscoolenergy.com\/it\/wp-content\/uploads\/sites\/5\/2024\/05\/Environmental-policies-hero.jpg\",\"datePublished\":\"2024-04-10T14:52:07+00:00\",\"dateModified\":\"2025-09-24T10:15:30+00:00\",\"description\":\"Le nostre politiche ambientali prevedono la sostenibilit\u00e0 e la responsabilit\u00e0 ambientale con l'adesione alle norme ISO9001, 14001 e OHSAS18001.\",\"breadcrumb\":{\"@id\":\"https:\/\/www.icscoolenergy.com\/it\/chi-siamo\/politiche-ambientali\/#breadcrumb\"},\"inLanguage\":\"it-IT\",\"potentialAction\":[{\"@type\":\"ReadAction\",\"target\":[\"https:\/\/www.icscoolenergy.com\/it\/chi-siamo\/politiche-ambientali\/\"]}]},{\"@type\":\"ImageObject\",\"inLanguage\":\"it-IT\",\"@id\":\"https:\/\/www.icscoolenergy.com\/it\/chi-siamo\/politiche-ambientali\/#primaryimage\",\"url\":\"https:\/\/www.icscoolenergy.com\/wp-content\/uploads\/sites\/5\/2024\/05\/Environmental-policies-hero.jpg\",\"contentUrl\":\"https:\/\/www.icscoolenergy.com\/wp-content\/uploads\/sites\/5\/2024\/05\/Environmental-policies-hero.jpg\",\"width\":1980,\"height\":990,\"caption\":\"Environmental policies\"},{\"@type\":\"BreadcrumbList\",\"@id\":\"https:\/\/www.icscoolenergy.com\/it\/chi-siamo\/politiche-ambientali\/#breadcrumb\",\"itemListElement\":[{\"@type\":\"ListItem\",\"position\":1,\"name\":\"Home\",\"item\":\"https:\/\/www.icscoolenergy.com\/it\/\"},{\"@type\":\"ListItem\",\"position\":2,\"name\":\"Chi siamo\",\"item\":\"https:\/\/www.icscoolenergy.com\/it\/chi-siamo\/\"},{\"@type\":\"ListItem\",\"position\":3,\"name\":\"Politiche ambientali\"}]},{\"@type\":\"WebSite\",\"@id\":\"https:\/\/www.icscoolenergy.com\/it\/#website\",\"url\":\"https:\/\/www.icscoolenergy.com\/it\/\",\"name\":\"ICS Cool Energy\",\"description\":\"The Process Temperature Control Specialists\",\"publisher\":{\"@id\":\"https:\/\/www.icscoolenergy.com\/it\/#organization\"},\"alternateName\":\"ICS Cool Energy\",\"potentialAction\":[{\"@type\":\"SearchAction\",\"target\":{\"@type\":\"EntryPoint\",\"urlTemplate\":\"https:\/\/www.icscoolenergy.com\/it\/?s={search_term_string}\"},\"query-input\":{\"@type\":\"PropertyValueSpecification\",\"valueRequired\":true,\"valueName\":\"search_term_string\"}}],\"inLanguage\":\"it-IT\"},{\"@type\":\"Organization\",\"@id\":\"https:\/\/www.icscoolenergy.com\/it\/#organization\",\"name\":\"ICS Cool Energy\",\"url\":\"https:\/\/www.icscoolenergy.com\/it\/\",\"logo\":{\"@type\":\"ImageObject\",\"inLanguage\":\"it-IT\",\"@id\":\"https:\/\/www.icscoolenergy.com\/it\/#\/schema\/logo\/image\/\",\"url\":\"https:\/\/www.icscoolenergy.com\/wp-content\/uploads\/sites\/5\/2024\/01\/ics-cool-energy-logo.svg\",\"contentUrl\":\"https:\/\/www.icscoolenergy.com\/wp-content\/uploads\/sites\/5\/2024\/01\/ics-cool-energy-logo.svg\",\"caption\":\"ICS Cool Energy\"},\"image\":{\"@id\":\"https:\/\/www.icscoolenergy.com\/it\/#\/schema\/logo\/image\/\"}}]}<\/script>\n<!-- \/ Yoast SEO Premium plugin. -->","yoast_head_json":{"title":"Politiche ambientali | ICS Cool Energy","description":"Le nostre politiche ambientali prevedono la sostenibilit\u00e0 e la responsabilit\u00e0 ambientale con l'adesione alle norme ISO9001, 14001 e OHSAS18001.","robots":{"index":"index","follow":"follow","max-snippet":"max-snippet:-1","max-image-preview":"max-image-preview:large","max-video-preview":"max-video-preview:-1"},"canonical":"https:\/\/www.icscoolenergy.com\/it\/chi-siamo\/politiche-ambientali\/","og_locale":"it_IT","og_type":"article","og_title":"Politiche ambientali","og_description":"Le nostre politiche ambientali prevedono la sostenibilit\u00e0 e la responsabilit\u00e0 ambientale con l'adesione alle norme ISO9001, 14001 e OHSAS18001.","og_url":"https:\/\/www.icscoolenergy.com\/it\/chi-siamo\/politiche-ambientali\/","og_site_name":"Italian","article_modified_time":"2025-09-24T10:15:30+00:00","og_image":[{"width":1980,"height":990,"url":"https:\/\/www.icscoolenergy.com\/wp-content\/uploads\/sites\/5\/2024\/05\/Environmental-policies-hero.jpg","type":"image\/jpeg"}],"twitter_card":"summary_large_image","twitter_misc":{"Est. reading time":"1 minuto"},"schema":{"@context":"https:\/\/schema.org","@graph":[{"@type":"WebPage","@id":"https:\/\/www.icscoolenergy.com\/it\/chi-siamo\/politiche-ambientali\/","url":"https:\/\/www.icscoolenergy.com\/it\/chi-siamo\/politiche-ambientali\/","name":"Politiche ambientali | ICS Cool Energy","isPartOf":{"@id":"https:\/\/www.icscoolenergy.com\/it\/#website"},"primaryImageOfPage":{"@id":"https:\/\/www.icscoolenergy.com\/it\/chi-siamo\/politiche-ambientali\/#primaryimage"},"image":{"@id":"https:\/\/www.icscoolenergy.com\/it\/chi-siamo\/politiche-ambientali\/#primaryimage"},"thumbnailUrl":"https:\/\/www.icscoolenergy.com\/it\/wp-content\/uploads\/sites\/5\/2024\/05\/Environmental-policies-hero.jpg","datePublished":"2024-04-10T14:52:07+00:00","dateModified":"2025-09-24T10:15:30+00:00","description":"Le nostre politiche ambientali prevedono la sostenibilit\u00e0 e la responsabilit\u00e0 ambientale con l'adesione alle norme ISO9001, 14001 e OHSAS18001.","breadcrumb":{"@id":"https:\/\/www.icscoolenergy.com\/it\/chi-siamo\/politiche-ambientali\/#breadcrumb"},"inLanguage":"it-IT","potentialAction":[{"@type":"ReadAction","target":["https:\/\/www.icscoolenergy.com\/it\/chi-siamo\/politiche-ambientali\/"]}]},{"@type":"ImageObject","inLanguage":"it-IT","@id":"https:\/\/www.icscoolenergy.com\/it\/chi-siamo\/politiche-ambientali\/#primaryimage","url":"https:\/\/www.icscoolenergy.com\/wp-content\/uploads\/sites\/5\/2024\/05\/Environmental-policies-hero.jpg","contentUrl":"https:\/\/www.icscoolenergy.com\/wp-content\/uploads\/sites\/5\/2024\/05\/Environmental-policies-hero.jpg","width":1980,"height":990,"caption":"Environmental policies"},{"@type":"BreadcrumbList","@id":"https:\/\/www.icscoolenergy.com\/it\/chi-siamo\/politiche-ambientali\/#breadcrumb","itemListElement":[{"@type":"ListItem","position":1,"name":"Home","item":"https:\/\/www.icscoolenergy.com\/it\/"},{"@type":"ListItem","position":2,"name":"Chi siamo","item":"https:\/\/www.icscoolenergy.com\/it\/chi-siamo\/"},{"@type":"ListItem","position":3,"name":"Politiche ambientali"}]},{"@type":"WebSite","@id":"https:\/\/www.icscoolenergy.com\/it\/#website","url":"https:\/\/www.icscoolenergy.com\/it\/","name":"ICS Cool Energy","description":"The Process Temperature Control Specialists","publisher":{"@id":"https:\/\/www.icscoolenergy.com\/it\/#organization"},"alternateName":"ICS Cool Energy","potentialAction":[{"@type":"SearchAction","target":{"@type":"EntryPoint","urlTemplate":"https:\/\/www.icscoolenergy.com\/it\/?s={search_term_string}"},"query-input":{"@type":"PropertyValueSpecification","valueRequired":true,"valueName":"search_term_string"}}],"inLanguage":"it-IT"},{"@type":"Organization","@id":"https:\/\/www.icscoolenergy.com\/it\/#organization","name":"ICS Cool Energy","url":"https:\/\/www.icscoolenergy.com\/it\/","logo":{"@type":"ImageObject","inLanguage":"it-IT","@id":"https:\/\/www.icscoolenergy.com\/it\/#\/schema\/logo\/image\/","url":"https:\/\/www.icscoolenergy.com\/wp-content\/uploads\/sites\/5\/2024\/01\/ics-cool-energy-logo.svg","contentUrl":"https:\/\/www.icscoolenergy.com\/wp-content\/uploads\/sites\/5\/2024\/01\/ics-cool-energy-logo.svg","caption":"ICS Cool Energy"},"image":{"@id":"https:\/\/www.icscoolenergy.com\/it\/#\/schema\/logo\/image\/"}}]}},"_links":{"self":[{"href":"https:\/\/www.icscoolenergy.com\/it\/wp-json\/wp\/v2\/pages\/84780","targetHints":{"allow":["GET"]}}],"collection":[{"href":"https:\/\/www.icscoolenergy.com\/it\/wp-json\/wp\/v2\/pages"}],"about":[{"href":"https:\/\/www.icscoolenergy.com\/it\/wp-json\/wp\/v2\/types\/page"}],"author":[{"embeddable":true,"href":"https:\/\/www.icscoolenergy.com\/it\/wp-json\/wp\/v2\/users\/1"}],"replies":[{"embeddable":true,"href":"https:\/\/www.icscoolenergy.com\/it\/wp-json\/wp\/v2\/comments?post=84780"}],"version-history":[{"count":0,"href":"https:\/\/www.icscoolenergy.com\/it\/wp-json\/wp\/v2\/pages\/84780\/revisions"}],"up":[{"embeddable":true,"href":"https:\/\/www.icscoolenergy.com\/it\/wp-json\/wp\/v2\/pages\/84553"}],"wp:attachment":[{"href":"https:\/\/www.icscoolenergy.com\/it\/wp-json\/wp\/v2\/media?parent=84780"}],"curies":[{"name":"wp","href":"https:\/\/api.w.org\/{rel}","templated":true}]}}