 
{"id":84782,"date":"2024-04-09T14:34:29","date_gmt":"2024-04-09T14:34:29","guid":{"rendered":"https:\/\/www.icscoolenergy.com\/it\/chi-siamo\/termini-e-condizioni\/"},"modified":"2025-09-24T10:18:33","modified_gmt":"2025-09-24T10:18:33","slug":"termini-e-condizioni","status":"publish","type":"page","link":"https:\/\/www.icscoolenergy.com\/it\/chi-siamo\/termini-e-condizioni\/","title":{"rendered":"Termini e condizioni"},"content":{"rendered":"\n<div class=\"mb-8 eplus-wrapper wp-block-group is-layout-flow wp-block-group-is-layout-flow\">\n<div style=\"height:43px\" aria-hidden=\"true\" class=\"xs:hidden md:block eplus-wrapper wp-block-spacer\"><\/div>\n<\/div>\n\n\n\n<div class=\"flex flex-row flex-wrap md:flex-nowrap sm:justify-center sm:items-center wp-block-group eplus-wrapper is-layout-constrained wp-block-group-is-layout-constrained\">\n<div class=\"w-full p-2 m-2 wp-block-group eplus-wrapper is-vertical is-layout-flex wp-container-core-group-is-layout-8cf370e7 wp-block-group-is-layout-flex\">\n<h1 class=\" wp-block-heading eplus-wrapper\" id=\"h-termini-e-condizioni-di-utilizzo-del-sito-web\">TERMINI E CONDIZIONI DI UTILIZZO DEL SITO WEB<\/h1>\n\n\n\n<div style=\"height:8px\" aria-hidden=\"true\" class=\"wp-block-spacer eplus-wrapper wp-container-content-7d115344\"><\/div>\n\n\n\n<p class=\"has-text-color has-link-color eplus-wrapper wp-elements-cde606107e9b9e28b0029642d4113dc3\" style=\"color:#323130\">Benvenuto nel sito web di ICS Cool Energy.<\/p>\n\n\n\n<p class=\"has-text-color has-link-color eplus-wrapper wp-elements-139153f8185917e0f0e0dfd6e5093d6f\" style=\"color:#323130\">Se continui a navigare e a utilizzare questo sito web, accetti di rispettare e di essere vincolato dai seguenti termini e condizioni d&#8217;uso, che insieme alla nostra politica sulla privacy regolano il rapporto di ICS Cool Energy con te in relazione a questo sito web. Se non sei d&#8217;accordo con una qualsiasi parte di questi termini e condizioni, ti invitiamo a non utilizzare il nostro sito web.<\/p>\n\n\n\n<p class=\"has-text-color has-link-color eplus-wrapper wp-elements-d6c5621c25bc242db776b1711819a2eb\" style=\"color:#323130\">Il termine &#8216;ICS Cool Energy&#8217; o &#8216;noi&#8217; si riferisce al proprietario del sito web la cui sede legale \u00e8 ICS House, Stephenson Road, Calmore Industrial Estate, Totton, Southampton SO40 3SA. Il nostro numero di registrazione aziendale \u00e8 05509182. Il termine &#8220;tu&#8221; si riferisce all&#8217;utente o al visitatore del nostro sito web.<\/p>\n\n\n\n<p class=\"has-text-color has-link-color eplus-wrapper wp-elements-54a78e647fe5665ffcf950103acf9672\" style=\"color:#323130\">L&#8217;utilizzo di questo sito web \u00e8 soggetto alle seguenti condizioni d&#8217;uso:<\/p>\n\n\n<ul class=\" wp-block-list eplus-wrapper eplus-styles-uid-40dd2d\"><li class=\" eplus-wrapper eplus-styles-uid-d57e6b\">Il contenuto delle pagine di questo sito web \u00e8 destinato esclusivamente all&#8217;uso e all&#8217;informazione generale. \u00c8 soggetta a modifiche senza preavviso.<\/li>\n\n<li class=\" eplus-wrapper eplus-styles-uid-d57e6b\">Questo sito web utilizza i cookie per monitorare le preferenze di navigazione. Se l&#8217;utente consente l&#8217;utilizzo dei cookie, le informazioni personali possono essere memorizzate da noi per essere utilizzate.<\/li>\n\n<li class=\" eplus-wrapper eplus-styles-uid-d57e6b\">Non forniamo alcuna garanzia in merito all&#8217;accuratezza, alla tempestivit\u00e0, alle prestazioni, alla completezza o all&#8217;idoneit\u00e0 delle informazioni e dei materiali presenti o offerti su questo sito web per qualsiasi scopo particolare. L&#8217;utente riconosce che tali informazioni e materiali possono contenere imprecisioni o errori e noi escludiamo espressamente la responsabilit\u00e0 per tali imprecisioni o errori nella misura massima consentita dalla legge.<\/li>\n\n<li class=\" eplus-wrapper eplus-styles-uid-d57e6b\">L&#8217;utilizzo da parte dell&#8217;utente di qualsiasi informazione o materiale presente su questo sito web \u00e8 interamente a suo rischio e pericolo, per il quale non saremo responsabili. Sar\u00e0 responsabilit\u00e0 dell&#8217;utente assicurarsi che i prodotti, i servizi o le informazioni disponibili attraverso questo sito web soddisfino le sue specifiche esigenze.<\/li>\n\n<li class=\" eplus-wrapper eplus-styles-uid-d57e6b\">Questo sito web contiene materiale di nostra propriet\u00e0 o concesso in licenza. Questo materiale include, ma non solo, il design, il layout, l&#8217;aspetto e la grafica. La riproduzione \u00e8 vietata se non in conformit\u00e0 con l&#8217;avviso di copyright, che fa parte di questi termini e condizioni.<\/li>\n\n<li class=\" eplus-wrapper eplus-styles-uid-d57e6b\">Tutti i marchi riprodotti in questo sito web che non sono di propriet\u00e0 o concessi in licenza all&#8217;operatore sono riconosciuti sul sito web.<\/li>\n\n<li class=\" eplus-wrapper eplus-styles-uid-d57e6b\">L&#8217;uso non autorizzato di questo sito web pu\u00f2 dar luogo a una richiesta di risarcimento danni e\/o costituire un reato penale.<\/li>\n\n<li class=\" eplus-wrapper eplus-styles-uid-d57e6b\">Di tanto in tanto questo sito web pu\u00f2 contenere anche link ad altri siti web. Questi link sono forniti per comodit\u00e0 e per fornire ulteriori informazioni. Non significa che approviamo i siti web. Non siamo responsabili del contenuto dei siti web collegati.<\/li>\n\n<li class=\" eplus-wrapper eplus-styles-uid-d57e6b\">L&#8217;uso di questo sito web e qualsiasi controversia derivante da tale uso del sito web \u00e8 soggetto alle leggi di Inghilterra, Irlanda del Nord, Scozia e Galles.<\/li><\/ul><\/div>\n<\/div>\n\n\n\n<div style=\"height:60px\" aria-hidden=\"true\" class=\" wp-block-spacer eplus-wrapper\"><\/div>\n\n\n\n<div class=\"px-0 pt-12 pb-8 wp-block-group eplus-wrapper is-layout-flow wp-block-group-is-layout-flow\"><div class=\"p-0 is-not-stacked-on-mbile has-background rounded-2xl items-center lg:flex xs:grid wp-block-columns eplus-wrapper is-layout-flex wp-container-core-columns-is-layout-9d6595d7 wp-block-columns-is-layout-flex eplus-styles-uid-dd52c2\" style=\"background-color:#eaeaef\">\n<div class=\"wp-block-column eplus-wrapper is-layout-flow wp-block-column-is-layout-flow\">\n<h2 class=\"mb-12 wp-block-heading has-text-align-left eplus-wrapper\" id=\"h-termini-e-condizioni-download\">TERMINI E CONDIZIONI &#8211; DOWNLOAD<\/h2>\n\n\n\n<div class=\"gap-x-8 md:grid md:grid-rows-auto md:auto md:grid-cols-2 xs:block justify-between wp-block-group eplus-wrapper is-layout-flow wp-block-group-is-layout-flow\"><div class=\"download_div flex justify-between w-full py-6 sm:px-10 xs:px-6  rounded wp-block-file has-white-background-color has-background eplus-wrapper eplus-styles-uid-87c690\"><a id=\"wp-block-file--media-114be661-f6b3-4620-ab0b-d3a626bd490a\" href=\"https:\/\/www.icscoolenergy.com\/it\/wp-content\/uploads\/sites\/5\/2024\/04\/Terms-Conditions-for-Goods-Services-017-formatted-for-CRM.pdf\" target=\"_blank\" rel=\"noreferrer noopener\"><strong>Termini e condizioni per beni e servizi<\/strong><br>PDF<\/a><a href=\"https:\/\/www.icscoolenergy.com\/it\/wp-content\/uploads\/sites\/5\/2024\/04\/Terms-Conditions-for-Goods-Services-017-formatted-for-CRM.pdf\" class=\"wp-block-file__button wp-element-button\" download aria-describedby=\"wp-block-file--media-114be661-f6b3-4620-ab0b-d3a626bd490a\"><img decoding=\"async\" class=\"wp-image-79903\" style=\"width: 26px\" src=\"https:\/\/icsdevelopment.wpenginepowered.com\/wp-content\/uploads\/sites\/5\/2024\/03\/Group.svg\" alt=\"\"><span class=\"eplus-icon\"><span data-style=\"{\" style=\"border-radius:0px\" class=\"eplus-icon\"><\/span><\/span> <\/a><\/div>\n\n<div class=\"download_div flex justify-between w-full py-6 sm:px-10 xs:px-6  rounded wp-block-file has-white-background-color has-background eplus-wrapper eplus-styles-uid-87c690\"><a id=\"wp-block-file--media-114be661-f6b3-4620-ab0b-d3a626bd490a\" href=\"https:\/\/www.icscoolenergy.com\/it\/wp-content\/uploads\/sites\/5\/2024\/04\/UK-ICS-Cool-Energy-Hire-TCs-2022-11.pdf\" target=\"_blank\" rel=\"noreferrer noopener\"><strong>Termini e condizioni di noleggio<\/strong><br>PDF<\/a><a href=\"https:\/\/www.icscoolenergy.com\/it\/wp-content\/uploads\/sites\/5\/2024\/04\/UK-ICS-Cool-Energy-Hire-TCs-2022-11.pdf\" class=\"wp-block-file__button wp-element-button\" download aria-describedby=\"wp-block-file--media-114be661-f6b3-4620-ab0b-d3a626bd490a\"><img decoding=\"async\" class=\"wp-image-79903\" style=\"width: 26px\" src=\"https:\/\/icsdevelopment.wpenginepowered.com\/wp-content\/uploads\/sites\/5\/2024\/03\/Group.svg\" alt=\"\"><span class=\"eplus-icon\"><span data-style=\"{\" style=\"border-radius:0px\" class=\"eplus-icon\"><\/span><\/span> <\/a><\/div>\n\n<div class=\"download_div flex justify-between w-full py-6 sm:px-10 xs:px-6  rounded wp-block-file has-white-background-color has-background eplus-wrapper eplus-styles-uid-87c690\"><a id=\"wp-block-file--media-114be661-f6b3-4620-ab0b-d3a626bd490a\" href=\"https:\/\/www.icscoolenergy.com\/it\/wp-content\/uploads\/sites\/5\/2024\/04\/Terms-and-Conditions-for-Purchase-of-Goods-and-Services-1.pdf\" target=\"_blank\" rel=\"noreferrer noopener\"><strong>T&amp;C per l&#8217;acquisto di beni e servizi<\/strong><br>PDF<\/a><a href=\"https:\/\/www.icscoolenergy.com\/it\/wp-content\/uploads\/sites\/5\/2024\/04\/Terms-and-Conditions-for-Purchase-of-Goods-and-Services-1.pdf\" class=\"wp-block-file__button wp-element-button\" download aria-describedby=\"wp-block-file--media-114be661-f6b3-4620-ab0b-d3a626bd490a\"><img decoding=\"async\" class=\"wp-image-79903\" style=\"width: 26px\" src=\"https:\/\/icsdevelopment.wpenginepowered.com\/wp-content\/uploads\/sites\/5\/2024\/03\/Group.svg\" alt=\"\"><span class=\"eplus-icon\"><span data-style=\"{\" style=\"border-radius:0px\" class=\"eplus-icon\"><\/span><\/span> <\/a><\/div><\/div>\n<\/div>\n<\/div><\/div>\n\n\n\n<div style=\"height:120px\" aria-hidden=\"true\" class=\" wp-block-spacer eplus-wrapper\"><\/div>\n","protected":false},"excerpt":{"rendered":"<p>TERMINI E CONDIZIONI DI UTILIZZO DEL SITO WEB Benvenuto nel sito web di ICS Cool Energy. Se continui a navigare e a utilizzare questo sito web, accetti di rispettare e di essere vincolato dai seguenti termini e condizioni d&#8217;uso, che insieme alla nostra politica sulla privacy regolano il rapporto di ICS Cool Energy con te &#8230; <a title=\"Termini e condizioni\" class=\"read-more\" href=\"https:\/\/www.icscoolenergy.com\/it\/chi-siamo\/termini-e-condizioni\/\" aria-label=\"More on Termini e condizioni\">Leggi tutto<\/a><\/p>\n","protected":false},"author":1,"featured_media":0,"parent":84553,"menu_order":0,"comment_status":"closed","ping_status":"closed","template":"template-1.php","meta":{"_acf_changed":false,"inline_featured_image":false,"_editorskit_title_hidden":false,"_editorskit_reading_time":0,"_editorskit_is_block_options_detached":false,"_editorskit_block_options_position":"{}","editor_plus_copied_stylings":"{}","footnotes":""},"class_list":["post-84782","page","type-page","status-publish"],"acf":[],"yoast_head":"<!-- This site is optimized with the Yoast SEO Premium plugin v24.5 (Yoast SEO v26.9) - https:\/\/yoast.com\/product\/yoast-seo-premium-wordpress\/ -->\n<title>Termini e condizioni | ICS Cool Energy<\/title>\n<meta name=\"description\" content=\"Scopri i nostri termini e condizioni d\u2019uso, che insieme alla politica sulla privacy regolano il rapporto di ICS Cool Energy con gli utenti del sito web.\" \/>\n<meta name=\"robots\" content=\"index, follow, max-snippet:-1, max-image-preview:large, max-video-preview:-1\" \/>\n<link rel=\"canonical\" href=\"https:\/\/www.icscoolenergy.com\/it\/chi-siamo\/termini-e-condizioni\/\" \/>\n<meta property=\"og:locale\" content=\"it_IT\" \/>\n<meta property=\"og:type\" content=\"article\" \/>\n<meta property=\"og:title\" content=\"Termini e condizioni\" \/>\n<meta property=\"og:description\" content=\"Scopri i nostri termini e condizioni d\u2019uso, che insieme alla politica sulla privacy regolano il rapporto di ICS Cool Energy con gli utenti del sito web.\" \/>\n<meta property=\"og:url\" content=\"https:\/\/www.icscoolenergy.com\/it\/chi-siamo\/termini-e-condizioni\/\" \/>\n<meta property=\"og:site_name\" content=\"Italian\" \/>\n<meta property=\"article:modified_time\" content=\"2025-09-24T10:18:33+00:00\" \/>\n<meta property=\"og:image\" content=\"https:\/\/www.icscoolenergy.com\/wp-content\/uploads\/sites\/5\/2024\/04\/Automotive-Temperature-Control.jpg\" \/>\n\t<meta property=\"og:image:width\" content=\"2500\" \/>\n\t<meta property=\"og:image:height\" content=\"1250\" \/>\n\t<meta property=\"og:image:type\" content=\"image\/jpeg\" \/>\n<meta name=\"twitter:card\" content=\"summary_large_image\" \/>\n<meta name=\"twitter:label1\" content=\"Est. reading time\" \/>\n\t<meta name=\"twitter:data1\" content=\"4 minuti\" \/>\n<script type=\"application\/ld+json\" class=\"yoast-schema-graph\">{\"@context\":\"https:\/\/schema.org\",\"@graph\":[{\"@type\":\"WebPage\",\"@id\":\"https:\/\/www.icscoolenergy.com\/it\/chi-siamo\/termini-e-condizioni\/\",\"url\":\"https:\/\/www.icscoolenergy.com\/it\/chi-siamo\/termini-e-condizioni\/\",\"name\":\"Termini e condizioni | ICS Cool Energy\",\"isPartOf\":{\"@id\":\"https:\/\/www.icscoolenergy.com\/it\/#website\"},\"primaryImageOfPage\":{\"@id\":\"https:\/\/www.icscoolenergy.com\/it\/chi-siamo\/termini-e-condizioni\/#primaryimage\"},\"image\":{\"@id\":\"https:\/\/www.icscoolenergy.com\/it\/chi-siamo\/termini-e-condizioni\/#primaryimage\"},\"thumbnailUrl\":\"https:\/\/icsdevelopment.wpenginepowered.com\/wp-content\/uploads\/sites\/5\/2024\/03\/Group.svg\",\"datePublished\":\"2024-04-09T14:34:29+00:00\",\"dateModified\":\"2025-09-24T10:18:33+00:00\",\"description\":\"Scopri i nostri termini e condizioni d\u2019uso, che insieme alla politica sulla privacy regolano il rapporto di ICS Cool Energy con gli utenti del sito web.\",\"breadcrumb\":{\"@id\":\"https:\/\/www.icscoolenergy.com\/it\/chi-siamo\/termini-e-condizioni\/#breadcrumb\"},\"inLanguage\":\"it-IT\",\"potentialAction\":[{\"@type\":\"ReadAction\",\"target\":[\"https:\/\/www.icscoolenergy.com\/it\/chi-siamo\/termini-e-condizioni\/\"]}]},{\"@type\":\"ImageObject\",\"inLanguage\":\"it-IT\",\"@id\":\"https:\/\/www.icscoolenergy.com\/it\/chi-siamo\/termini-e-condizioni\/#primaryimage\",\"url\":\"https:\/\/icsdevelopment.wpenginepowered.com\/wp-content\/uploads\/sites\/5\/2024\/03\/Group.svg\",\"contentUrl\":\"https:\/\/icsdevelopment.wpenginepowered.com\/wp-content\/uploads\/sites\/5\/2024\/03\/Group.svg\"},{\"@type\":\"BreadcrumbList\",\"@id\":\"https:\/\/www.icscoolenergy.com\/it\/chi-siamo\/termini-e-condizioni\/#breadcrumb\",\"itemListElement\":[{\"@type\":\"ListItem\",\"position\":1,\"name\":\"Home\",\"item\":\"https:\/\/www.icscoolenergy.com\/it\/\"},{\"@type\":\"ListItem\",\"position\":2,\"name\":\"Chi siamo\",\"item\":\"https:\/\/www.icscoolenergy.com\/it\/chi-siamo\/\"},{\"@type\":\"ListItem\",\"position\":3,\"name\":\"Termini e condizioni\"}]},{\"@type\":\"WebSite\",\"@id\":\"https:\/\/www.icscoolenergy.com\/it\/#website\",\"url\":\"https:\/\/www.icscoolenergy.com\/it\/\",\"name\":\"ICS Cool Energy\",\"description\":\"The Process Temperature Control Specialists\",\"publisher\":{\"@id\":\"https:\/\/www.icscoolenergy.com\/it\/#organization\"},\"alternateName\":\"ICS Cool Energy\",\"potentialAction\":[{\"@type\":\"SearchAction\",\"target\":{\"@type\":\"EntryPoint\",\"urlTemplate\":\"https:\/\/www.icscoolenergy.com\/it\/?s={search_term_string}\"},\"query-input\":{\"@type\":\"PropertyValueSpecification\",\"valueRequired\":true,\"valueName\":\"search_term_string\"}}],\"inLanguage\":\"it-IT\"},{\"@type\":\"Organization\",\"@id\":\"https:\/\/www.icscoolenergy.com\/it\/#organization\",\"name\":\"ICS Cool Energy\",\"url\":\"https:\/\/www.icscoolenergy.com\/it\/\",\"logo\":{\"@type\":\"ImageObject\",\"inLanguage\":\"it-IT\",\"@id\":\"https:\/\/www.icscoolenergy.com\/it\/#\/schema\/logo\/image\/\",\"url\":\"https:\/\/www.icscoolenergy.com\/wp-content\/uploads\/sites\/5\/2024\/01\/ics-cool-energy-logo.svg\",\"contentUrl\":\"https:\/\/www.icscoolenergy.com\/wp-content\/uploads\/sites\/5\/2024\/01\/ics-cool-energy-logo.svg\",\"caption\":\"ICS Cool Energy\"},\"image\":{\"@id\":\"https:\/\/www.icscoolenergy.com\/it\/#\/schema\/logo\/image\/\"}}]}<\/script>\n<!-- \/ Yoast SEO Premium plugin. -->","yoast_head_json":{"title":"Termini e condizioni | ICS Cool Energy","description":"Scopri i nostri termini e condizioni d\u2019uso, che insieme alla politica sulla privacy regolano il rapporto di ICS Cool Energy con gli utenti del sito web.","robots":{"index":"index","follow":"follow","max-snippet":"max-snippet:-1","max-image-preview":"max-image-preview:large","max-video-preview":"max-video-preview:-1"},"canonical":"https:\/\/www.icscoolenergy.com\/it\/chi-siamo\/termini-e-condizioni\/","og_locale":"it_IT","og_type":"article","og_title":"Termini e condizioni","og_description":"Scopri i nostri termini e condizioni d\u2019uso, che insieme alla politica sulla privacy regolano il rapporto di ICS Cool Energy con gli utenti del sito web.","og_url":"https:\/\/www.icscoolenergy.com\/it\/chi-siamo\/termini-e-condizioni\/","og_site_name":"Italian","article_modified_time":"2025-09-24T10:18:33+00:00","og_image":[{"width":2500,"height":1250,"url":"https:\/\/www.icscoolenergy.com\/wp-content\/uploads\/sites\/5\/2024\/04\/Automotive-Temperature-Control.jpg","type":"image\/jpeg"}],"twitter_card":"summary_large_image","twitter_misc":{"Est. reading time":"4 minuti"},"schema":{"@context":"https:\/\/schema.org","@graph":[{"@type":"WebPage","@id":"https:\/\/www.icscoolenergy.com\/it\/chi-siamo\/termini-e-condizioni\/","url":"https:\/\/www.icscoolenergy.com\/it\/chi-siamo\/termini-e-condizioni\/","name":"Termini e condizioni | ICS Cool Energy","isPartOf":{"@id":"https:\/\/www.icscoolenergy.com\/it\/#website"},"primaryImageOfPage":{"@id":"https:\/\/www.icscoolenergy.com\/it\/chi-siamo\/termini-e-condizioni\/#primaryimage"},"image":{"@id":"https:\/\/www.icscoolenergy.com\/it\/chi-siamo\/termini-e-condizioni\/#primaryimage"},"thumbnailUrl":"https:\/\/icsdevelopment.wpenginepowered.com\/wp-content\/uploads\/sites\/5\/2024\/03\/Group.svg","datePublished":"2024-04-09T14:34:29+00:00","dateModified":"2025-09-24T10:18:33+00:00","description":"Scopri i nostri termini e condizioni d\u2019uso, che insieme alla politica sulla privacy regolano il rapporto di ICS Cool Energy con gli utenti del sito web.","breadcrumb":{"@id":"https:\/\/www.icscoolenergy.com\/it\/chi-siamo\/termini-e-condizioni\/#breadcrumb"},"inLanguage":"it-IT","potentialAction":[{"@type":"ReadAction","target":["https:\/\/www.icscoolenergy.com\/it\/chi-siamo\/termini-e-condizioni\/"]}]},{"@type":"ImageObject","inLanguage":"it-IT","@id":"https:\/\/www.icscoolenergy.com\/it\/chi-siamo\/termini-e-condizioni\/#primaryimage","url":"https:\/\/icsdevelopment.wpenginepowered.com\/wp-content\/uploads\/sites\/5\/2024\/03\/Group.svg","contentUrl":"https:\/\/icsdevelopment.wpenginepowered.com\/wp-content\/uploads\/sites\/5\/2024\/03\/Group.svg"},{"@type":"BreadcrumbList","@id":"https:\/\/www.icscoolenergy.com\/it\/chi-siamo\/termini-e-condizioni\/#breadcrumb","itemListElement":[{"@type":"ListItem","position":1,"name":"Home","item":"https:\/\/www.icscoolenergy.com\/it\/"},{"@type":"ListItem","position":2,"name":"Chi siamo","item":"https:\/\/www.icscoolenergy.com\/it\/chi-siamo\/"},{"@type":"ListItem","position":3,"name":"Termini e condizioni"}]},{"@type":"WebSite","@id":"https:\/\/www.icscoolenergy.com\/it\/#website","url":"https:\/\/www.icscoolenergy.com\/it\/","name":"ICS Cool Energy","description":"The Process Temperature Control Specialists","publisher":{"@id":"https:\/\/www.icscoolenergy.com\/it\/#organization"},"alternateName":"ICS Cool Energy","potentialAction":[{"@type":"SearchAction","target":{"@type":"EntryPoint","urlTemplate":"https:\/\/www.icscoolenergy.com\/it\/?s={search_term_string}"},"query-input":{"@type":"PropertyValueSpecification","valueRequired":true,"valueName":"search_term_string"}}],"inLanguage":"it-IT"},{"@type":"Organization","@id":"https:\/\/www.icscoolenergy.com\/it\/#organization","name":"ICS Cool Energy","url":"https:\/\/www.icscoolenergy.com\/it\/","logo":{"@type":"ImageObject","inLanguage":"it-IT","@id":"https:\/\/www.icscoolenergy.com\/it\/#\/schema\/logo\/image\/","url":"https:\/\/www.icscoolenergy.com\/wp-content\/uploads\/sites\/5\/2024\/01\/ics-cool-energy-logo.svg","contentUrl":"https:\/\/www.icscoolenergy.com\/wp-content\/uploads\/sites\/5\/2024\/01\/ics-cool-energy-logo.svg","caption":"ICS Cool Energy"},"image":{"@id":"https:\/\/www.icscoolenergy.com\/it\/#\/schema\/logo\/image\/"}}]}},"_links":{"self":[{"href":"https:\/\/www.icscoolenergy.com\/it\/wp-json\/wp\/v2\/pages\/84782","targetHints":{"allow":["GET"]}}],"collection":[{"href":"https:\/\/www.icscoolenergy.com\/it\/wp-json\/wp\/v2\/pages"}],"about":[{"href":"https:\/\/www.icscoolenergy.com\/it\/wp-json\/wp\/v2\/types\/page"}],"author":[{"embeddable":true,"href":"https:\/\/www.icscoolenergy.com\/it\/wp-json\/wp\/v2\/users\/1"}],"replies":[{"embeddable":true,"href":"https:\/\/www.icscoolenergy.com\/it\/wp-json\/wp\/v2\/comments?post=84782"}],"version-history":[{"count":0,"href":"https:\/\/www.icscoolenergy.com\/it\/wp-json\/wp\/v2\/pages\/84782\/revisions"}],"up":[{"embeddable":true,"href":"https:\/\/www.icscoolenergy.com\/it\/wp-json\/wp\/v2\/pages\/84553"}],"wp:attachment":[{"href":"https:\/\/www.icscoolenergy.com\/it\/wp-json\/wp\/v2\/media?parent=84782"}],"curies":[{"name":"wp","href":"https:\/\/api.w.org\/{rel}","templated":true}]}}